{"id":48347,"date":"2023-01-12T14:33:25","date_gmt":"2023-01-12T14:33:25","guid":{"rendered":"https:\/\/www.itape.com\/product\/airspace-g4-es\/"},"modified":"2023-05-08T12:03:47","modified_gmt":"2023-05-08T12:03:47","slug":"airspace-g4-es","status":"publish","type":"product","link":"https:\/\/www.itape.com\/es\/product\/airspace-g4-es\/","title":{"rendered":"AirSpace G4"},"content":{"rendered":"<div class=\"prose\">Our unique, custom pillow delivery system integrated within existing work stations takes cost out of the packaging process, improving labor and helping to ensure pillows are always available, delivered to where they can most conveniently be used.<\/div>\n","protected":false},"excerpt":{"rendered":"<p>El Polyair AirSpace G4 Inflatable Air Pillow System ofrece flexibilidad y rendimiento. La m\u00e1quina G4 es ligera y est\u00e1 dise\u00f1ada para ajustarse a los entornos de embalaje m\u00e1s exigentes. El G4 produce almohadillas de aire en diferentes tama\u00f1os y grosores de pel\u00edcula, a fin de aportar la versatilidad necesaria en el mercado actual. Dispone de una pantalla t\u00e1ctil de control f\u00e1cil de usar y un sistema ergon\u00f3mico de carga de pel\u00edculas, lo que facilita enormemente la configuraci\u00f3n y las operaciones.<\/p>\n","protected":false},"featured_media":52928,"comment_status":"closed","ping_status":"closed","template":"","meta":{"_acf_changed":false},"product_brand":[],"product_cat":[7367,7842,7887],"product_tag":[8193,7461],"associated_application":[7201,7206,7205,7202,7231,7239,7221,7285,7345,7210,7292,7283,7268,7264,7203,7212,7209,7216],"class_list":{"0":"post-48347","1":"product","2":"type-product","3":"status-publish","4":"has-post-thumbnail","6":"product_cat-protective-packaging-es","7":"product_cat-embalaje-de-proteccion-es","8":"product_cat-embalaje-de-proteccion-sistemas-inflables-es","9":"product_tag-airspace-es","10":"product_tag-inflatable-systems-es","11":"associated_application-aeroespacial-es","12":"associated_application-comercio-electronico-es","13":"associated_application-consumidor-es","14":"associated_application-dispositivos-es","15":"associated_application-embalajegeneral-es-dispositivos-es","16":"associated_application-embalajegeneral-es-mercado-de-recambios-de-automocion-es","17":"associated_application-embalajegeneral-es","18":"associated_application-embalajegeneral-es-procesamiento-de-alimentos-es","19":"associated_application-embalajegeneral-es-transporte-es","20":"associated_application-fabricacion-general-es","21":"associated_application-marcado-es-fabricacion-general-es","22":"associated_application-marcado-es","23":"associated_application-material-de-relleno-imprimible-es","24":"associated_application-material-de-relleno-inflable-es","25":"associated_application-mercado-de-recambios-de-automocion-es","26":"associated_application-mudanzas-y-almacenamiento-es","27":"associated_application-procesamiento-de-alimentos-es","28":"associated_application-transporte-es","30":"first","31":"instock","32":"product-type-simple"},"acf":[],"yoast_head":"<!-- This site is optimized with the Yoast SEO Premium plugin v24.1 (Yoast SEO v27.0) - https:\/\/yoast.com\/product\/yoast-seo-premium-wordpress\/ -->\n<title>AirSpace G4 - IPG<\/title>\n<meta name=\"robots\" content=\"index, follow, max-snippet:-1, max-image-preview:large, max-video-preview:-1\" \/>\n<link rel=\"canonical\" href=\"https:\/\/www.itape.com\/es\/product\/airspace-g4-es\/\" \/>\n<meta property=\"og:locale\" content=\"es_ES\" \/>\n<meta property=\"og:type\" content=\"article\" \/>\n<meta property=\"og:title\" content=\"AirSpace G4\" \/>\n<meta property=\"og:description\" content=\"El Polyair AirSpace G4 Inflatable Air Pillow System ofrece flexibilidad y rendimiento. La m\u00e1quina G4 es ligera y est\u00e1 dise\u00f1ada para ajustarse a los entornos de embalaje m\u00e1s exigentes. El G4 produce almohadillas de aire en diferentes tama\u00f1os y grosores de pel\u00edcula, a fin de aportar la versatilidad necesaria en el mercado actual. Dispone de una pantalla t\u00e1ctil de control f\u00e1cil de usar y un sistema ergon\u00f3mico de carga de pel\u00edculas, lo que facilita enormemente la configuraci\u00f3n y las operaciones.\" \/>\n<meta property=\"og:url\" content=\"https:\/\/www.itape.com\/es\/product\/airspace-g4-es\/\" \/>\n<meta property=\"og:site_name\" content=\"IPG\" \/>\n<meta property=\"article:publisher\" content=\"https:\/\/www.facebook.com\/intertape\" \/>\n<meta property=\"article:modified_time\" content=\"2023-05-08T12:03:47+00:00\" \/>\n<meta name=\"twitter:card\" content=\"summary_large_image\" \/>\n<meta name=\"twitter:image\" content=\"https:\/\/www.itape.com\/wp-content\/uploads\/2023\/01\/AirSpaceG4_high.jpg\" \/>\n<meta name=\"twitter:site\" content=\"@IPGtape\" \/>\n<meta name=\"twitter:label1\" content=\"Price\" \/>\n\t<meta name=\"twitter:data1\" content=\"\" \/>\n\t<meta name=\"twitter:label2\" content=\"Availability\" \/>\n\t<meta name=\"twitter:data2\" content=\"In stock\" \/>\n<script type=\"application\/ld+json\" class=\"yoast-schema-graph\">{\"@context\":\"https:\/\/schema.org\",\"@graph\":[{\"@type\":\"WebPage\",\"@id\":\"https:\/\/www.itape.com\/es\/product\/airspace-g4-es\/\",\"url\":\"https:\/\/www.itape.com\/es\/product\/airspace-g4-es\/\",\"name\":\"AirSpace G4 - IPG\",\"isPartOf\":{\"@id\":\"https:\/\/www.itape.com\/#website\"},\"primaryImageOfPage\":{\"@id\":\"https:\/\/www.itape.com\/es\/product\/airspace-g4-es\/#primaryimage\"},\"image\":{\"@id\":\"https:\/\/www.itape.com\/es\/product\/airspace-g4-es\/#primaryimage\"},\"thumbnailUrl\":\"https:\/\/www.itape.com\/wp-content\/uploads\/2023\/01\/AirSpaceG4_high.jpg\",\"datePublished\":\"2023-01-12T14:33:25+00:00\",\"dateModified\":\"2023-05-08T12:03:47+00:00\",\"breadcrumb\":{\"@id\":\"https:\/\/www.itape.com\/es\/product\/airspace-g4-es\/#breadcrumb\"},\"inLanguage\":\"es\",\"potentialAction\":[{\"@type\":\"ReadAction\",\"target\":[\"https:\/\/www.itape.com\/es\/product\/airspace-g4-es\/\"]}]},{\"@type\":\"ImageObject\",\"inLanguage\":\"es\",\"@id\":\"https:\/\/www.itape.com\/es\/product\/airspace-g4-es\/#primaryimage\",\"url\":\"https:\/\/www.itape.com\/wp-content\/uploads\/2023\/01\/AirSpaceG4_high.jpg\",\"contentUrl\":\"https:\/\/www.itape.com\/wp-content\/uploads\/2023\/01\/AirSpaceG4_high.jpg\",\"width\":2400,\"height\":2400,\"caption\":\"G4-Airspace_Machine\"},{\"@type\":\"BreadcrumbList\",\"@id\":\"https:\/\/www.itape.com\/es\/product\/airspace-g4-es\/#breadcrumb\",\"itemListElement\":[{\"@type\":\"ListItem\",\"position\":1,\"name\":\"Home\",\"item\":\"https:\/\/www.itape.com\/es\/\"},{\"@type\":\"ListItem\",\"position\":2,\"name\":\"Products\",\"item\":\"https:\/\/www.itape.com\/products\/\"},{\"@type\":\"ListItem\",\"position\":3,\"name\":\"AirSpace G4\"}]},{\"@type\":\"WebSite\",\"@id\":\"https:\/\/www.itape.com\/#website\",\"url\":\"https:\/\/www.itape.com\/\",\"name\":\"IPG\",\"description\":\"Global Leader in Packaging and Protective Solutions\",\"publisher\":{\"@id\":\"https:\/\/www.itape.com\/#organization\"},\"potentialAction\":[{\"@type\":\"SearchAction\",\"target\":{\"@type\":\"EntryPoint\",\"urlTemplate\":\"https:\/\/www.itape.com\/?s={search_term_string}\"},\"query-input\":{\"@type\":\"PropertyValueSpecification\",\"valueRequired\":true,\"valueName\":\"search_term_string\"}}],\"inLanguage\":\"es\"},{\"@type\":\"Organization\",\"@id\":\"https:\/\/www.itape.com\/#organization\",\"name\":\"IPG\",\"url\":\"https:\/\/www.itape.com\/\",\"logo\":{\"@type\":\"ImageObject\",\"inLanguage\":\"es\",\"@id\":\"https:\/\/www.itape.com\/#\/schema\/logo\/image\/\",\"url\":\"https:\/\/www.itape.com\/wp-content\/uploads\/2024\/06\/IPG-logo-2.png\",\"contentUrl\":\"https:\/\/www.itape.com\/wp-content\/uploads\/2024\/06\/IPG-logo-2.png\",\"width\":60,\"height\":60,\"caption\":\"IPG\"},\"image\":{\"@id\":\"https:\/\/www.itape.com\/#\/schema\/logo\/image\/\"},\"sameAs\":[\"https:\/\/www.facebook.com\/intertape\",\"https:\/\/x.com\/IPGtape\",\"https:\/\/www.linkedin.com\/company\/intertape-polymer-group\",\"https:\/\/www.instagram.com\/ipgtape\",\"https:\/\/www.youtube.com\/user\/IPGtape\"]}]}<\/script>\n<meta property=\"product:price:currency\" content=\"USD\" \/>\n<meta property=\"og:availability\" content=\"instock\" \/>\n<meta property=\"product:availability\" content=\"instock\" \/>\n<meta property=\"product:retailer_item_id\" content=\"eb9b1fc9fceb\" \/>\n<meta property=\"product:condition\" content=\"new\" \/>\n<!-- \/ Yoast SEO Premium plugin. -->","yoast_head_json":{"title":"AirSpace G4 - IPG","robots":{"index":"index","follow":"follow","max-snippet":"max-snippet:-1","max-image-preview":"max-image-preview:large","max-video-preview":"max-video-preview:-1"},"canonical":"https:\/\/www.itape.com\/es\/product\/airspace-g4-es\/","og_locale":"es_ES","og_type":"article","og_title":"AirSpace G4","og_description":"El Polyair AirSpace G4 Inflatable Air Pillow System ofrece flexibilidad y rendimiento. La m\u00e1quina G4 es ligera y est\u00e1 dise\u00f1ada para ajustarse a los entornos de embalaje m\u00e1s exigentes. El G4 produce almohadillas de aire en diferentes tama\u00f1os y grosores de pel\u00edcula, a fin de aportar la versatilidad necesaria en el mercado actual. Dispone de una pantalla t\u00e1ctil de control f\u00e1cil de usar y un sistema ergon\u00f3mico de carga de pel\u00edculas, lo que facilita enormemente la configuraci\u00f3n y las operaciones.","og_url":"https:\/\/www.itape.com\/es\/product\/airspace-g4-es\/","og_site_name":"IPG","article_publisher":"https:\/\/www.facebook.com\/intertape","article_modified_time":"2023-05-08T12:03:47+00:00","twitter_card":"summary_large_image","twitter_image":"https:\/\/www.itape.com\/wp-content\/uploads\/2023\/01\/AirSpaceG4_high.jpg","twitter_site":"@IPGtape","twitter_misc":{"Price":"","Availability":"In stock"},"schema":{"@context":"https:\/\/schema.org","@graph":[{"@type":"WebPage","@id":"https:\/\/www.itape.com\/es\/product\/airspace-g4-es\/","url":"https:\/\/www.itape.com\/es\/product\/airspace-g4-es\/","name":"AirSpace G4 - IPG","isPartOf":{"@id":"https:\/\/www.itape.com\/#website"},"primaryImageOfPage":{"@id":"https:\/\/www.itape.com\/es\/product\/airspace-g4-es\/#primaryimage"},"image":{"@id":"https:\/\/www.itape.com\/es\/product\/airspace-g4-es\/#primaryimage"},"thumbnailUrl":"https:\/\/www.itape.com\/wp-content\/uploads\/2023\/01\/AirSpaceG4_high.jpg","datePublished":"2023-01-12T14:33:25+00:00","dateModified":"2023-05-08T12:03:47+00:00","breadcrumb":{"@id":"https:\/\/www.itape.com\/es\/product\/airspace-g4-es\/#breadcrumb"},"inLanguage":"es","potentialAction":[{"@type":"ReadAction","target":["https:\/\/www.itape.com\/es\/product\/airspace-g4-es\/"]}]},{"@type":"ImageObject","inLanguage":"es","@id":"https:\/\/www.itape.com\/es\/product\/airspace-g4-es\/#primaryimage","url":"https:\/\/www.itape.com\/wp-content\/uploads\/2023\/01\/AirSpaceG4_high.jpg","contentUrl":"https:\/\/www.itape.com\/wp-content\/uploads\/2023\/01\/AirSpaceG4_high.jpg","width":2400,"height":2400,"caption":"G4-Airspace_Machine"},{"@type":"BreadcrumbList","@id":"https:\/\/www.itape.com\/es\/product\/airspace-g4-es\/#breadcrumb","itemListElement":[{"@type":"ListItem","position":1,"name":"Home","item":"https:\/\/www.itape.com\/es\/"},{"@type":"ListItem","position":2,"name":"Products","item":"https:\/\/www.itape.com\/products\/"},{"@type":"ListItem","position":3,"name":"AirSpace G4"}]},{"@type":"WebSite","@id":"https:\/\/www.itape.com\/#website","url":"https:\/\/www.itape.com\/","name":"IPG","description":"Global Leader in Packaging and Protective Solutions","publisher":{"@id":"https:\/\/www.itape.com\/#organization"},"potentialAction":[{"@type":"SearchAction","target":{"@type":"EntryPoint","urlTemplate":"https:\/\/www.itape.com\/?s={search_term_string}"},"query-input":{"@type":"PropertyValueSpecification","valueRequired":true,"valueName":"search_term_string"}}],"inLanguage":"es"},{"@type":"Organization","@id":"https:\/\/www.itape.com\/#organization","name":"IPG","url":"https:\/\/www.itape.com\/","logo":{"@type":"ImageObject","inLanguage":"es","@id":"https:\/\/www.itape.com\/#\/schema\/logo\/image\/","url":"https:\/\/www.itape.com\/wp-content\/uploads\/2024\/06\/IPG-logo-2.png","contentUrl":"https:\/\/www.itape.com\/wp-content\/uploads\/2024\/06\/IPG-logo-2.png","width":60,"height":60,"caption":"IPG"},"image":{"@id":"https:\/\/www.itape.com\/#\/schema\/logo\/image\/"},"sameAs":["https:\/\/www.facebook.com\/intertape","https:\/\/x.com\/IPGtape","https:\/\/www.linkedin.com\/company\/intertape-polymer-group","https:\/\/www.instagram.com\/ipgtape","https:\/\/www.youtube.com\/user\/IPGtape"]}]},"product_price_currency":"USD","og_availability":"instock","product_availability":"instock","product_retailer_item_id":"eb9b1fc9fceb","product_condition":"new"},"parsely":{"version":"1.1.0","canonical_url":"https:\/\/itape.com\/es\/product\/airspace-g4-es\/","smart_links":{"inbound":0,"outbound":0},"traffic_boost_suggestions_count":0,"meta":{"@context":"https:\/\/schema.org","@type":"WebPage","headline":"AirSpace G4","url":"https:\/\/www.itape.com\/es\/product\/airspace-g4-es\/","mainEntityOfPage":{"@type":"WebPage","@id":"https:\/\/www.itape.com\/es\/product\/airspace-g4-es\/"},"thumbnailUrl":"https:\/\/www.itape.com\/wp-content\/uploads\/2023\/01\/AirSpaceG4_high.jpg?w=150&h=150&crop=1","image":{"@type":"ImageObject","url":"https:\/\/www.itape.com\/wp-content\/uploads\/2023\/01\/AirSpaceG4_high.jpg"},"articleSection":"Sin categorizar","author":[{"@type":"Person","name":"IPG"}],"creator":["IPG"],"publisher":{"@type":"Organization","name":"IPG","logo":"https:\/\/www.itape.com\/wp-content\/uploads\/2023\/03\/IPG-logo-2.png"},"keywords":[],"dateCreated":"2023-01-12T14:33:25Z","datePublished":"2023-01-12T14:33:25Z","dateModified":"2023-05-08T12:03:47Z"},"rendered":"<meta name=\"parsely-title\" content=\"AirSpace G4\" \/>\n<meta name=\"parsely-link\" content=\"https:\/\/www.itape.com\/es\/product\/airspace-g4-es\/\" \/>\n<meta name=\"parsely-type\" content=\"index\" \/>\n<meta name=\"parsely-image-url\" content=\"https:\/\/www.itape.com\/wp-content\/uploads\/2023\/01\/AirSpaceG4_high.jpg?w=150&amp;h=150&amp;crop=1\" \/>\n<meta name=\"parsely-pub-date\" content=\"2023-01-12T14:33:25Z\" \/>\n<meta name=\"parsely-section\" content=\"Sin categorizar\" \/>\n<meta name=\"parsely-author\" content=\"IPG\" \/>","tracker_url":"https:\/\/cdn.parsely.com\/keys\/itape.com\/p.js"},"jetpack_sharing_enabled":true,"_links":{"self":[{"href":"https:\/\/www.itape.com\/es\/wp-json\/wp\/v2\/product\/48347","targetHints":{"allow":["GET"]}}],"collection":[{"href":"https:\/\/www.itape.com\/es\/wp-json\/wp\/v2\/product"}],"about":[{"href":"https:\/\/www.itape.com\/es\/wp-json\/wp\/v2\/types\/product"}],"replies":[{"embeddable":true,"href":"https:\/\/www.itape.com\/es\/wp-json\/wp\/v2\/comments?post=48347"}],"wp:featuredmedia":[{"embeddable":true,"href":"https:\/\/www.itape.com\/es\/wp-json\/wp\/v2\/media\/52928"}],"wp:attachment":[{"href":"https:\/\/www.itape.com\/es\/wp-json\/wp\/v2\/media?parent=48347"}],"wp:term":[{"taxonomy":"product_brand","embeddable":true,"href":"https:\/\/www.itape.com\/es\/wp-json\/wp\/v2\/product_brand?post=48347"},{"taxonomy":"product_cat","embeddable":true,"href":"https:\/\/www.itape.com\/es\/wp-json\/wp\/v2\/product_cat?post=48347"},{"taxonomy":"product_tag","embeddable":true,"href":"https:\/\/www.itape.com\/es\/wp-json\/wp\/v2\/product_tag?post=48347"},{"taxonomy":"associated_application","embeddable":true,"href":"https:\/\/www.itape.com\/es\/wp-json\/wp\/v2\/associated_application?post=48347"}],"curies":[{"name":"wp","href":"https:\/\/api.w.org\/{rel}","templated":true}]}}