{"id":48396,"date":"2023-01-12T14:33:55","date_gmt":"2023-01-12T14:33:55","guid":{"rendered":"https:\/\/www.itape.com\/product\/rubber-tape-es-2\/"},"modified":"2023-04-27T17:01:28","modified_gmt":"2023-04-27T17:01:28","slug":"rubber-tape-es-2","status":"publish","type":"product","link":"https:\/\/www.itape.com\/es\/product\/rubber-tape-es-2\/","title":{"rendered":"Rubber Tape"},"content":{"rendered":"","protected":false},"excerpt":{"rendered":"<p>Cinta de caucho de 30 mm autoamalgamante y con aislamiento el\u00e9ctrico de bajo voltaje. Certificaci\u00f3n UL para su uso como aislante principal para aplicaciones que no superen los 600 voltios. Se adapta f\u00e1cilmente a formas y superficies irregulares para instalaciones estables el\u00e9ctricamente y sin huecos. Compatible con todos los aislantes de cable extruidos. Resistente al agua, aceites, \u00e1cidos, productos qu\u00edmicos alcalinos y otro tipo de qu\u00edmicos corrosivos.<\/p>\n","protected":false},"featured_media":57905,"comment_status":"closed","ping_status":"closed","template":"","meta":{"_acf_changed":false},"product_brand":[],"product_cat":[7355,7853,7872,7840,8030,7508,7853,7872,7837,7853],"product_tag":[8054,7468,7469,7469],"associated_application":[7245,7330,7213,7205,7901,7204,7252,7330,7254,7319,7248],"class_list":{"0":"post-48396","1":"product","2":"type-product","3":"status-publish","4":"has-post-thumbnail","6":"product_cat-electrical-tape-es","7":"product_cat-building-and-construction-products-cinta-electronica-electrica-es","8":"product_cat-industrial-tapes-cinta-electronica-electrica-es","9":"product_cat-industrial-tapes-es","10":"product_cat-retail-specialty-construction-hvac-es","11":"product_cat-electrical-insulation-es","14":"product_cat-building-and-construction-products-es","16":"product_tag-applications-electriques-es","17":"product_tag-building-construction-es","18":"product_tag-electrical-es","20":"associated_application-aislamiento-electrico-es","21":"associated_application-edificios-y-construccion-es","22":"associated_application-climatizacion-es","23":"associated_application-consumidor-es","24":"associated_application-descontaminacion-restauracion","25":"associated_application-edificios-construccion-es","26":"associated_application-edificios-construccion-es-consumidor-es","28":"associated_application-electrico-es","29":"associated_application-refrigeracion-electrico-es","30":"associated_application-soluciones-generales-para-emplazamientos-de-construccion-es","32":"first","33":"instock","34":"product-type-simple"},"acf":[],"yoast_head":"<!-- This site is optimized with the Yoast SEO Premium plugin v24.1 (Yoast SEO v27.0) - https:\/\/yoast.com\/product\/yoast-seo-premium-wordpress\/ -->\n<title>Rubber Tape - IPG<\/title>\n<meta name=\"robots\" content=\"index, follow, max-snippet:-1, max-image-preview:large, max-video-preview:-1\" \/>\n<link rel=\"canonical\" href=\"https:\/\/www.itape.com\/product\/rubber-tape-2\/\" \/>\n<meta property=\"og:locale\" content=\"es_ES\" \/>\n<meta property=\"og:type\" content=\"article\" \/>\n<meta property=\"og:title\" content=\"Rubber Tape\" \/>\n<meta property=\"og:description\" content=\"Cinta de caucho de 30 mm autoamalgamante y con aislamiento el\u00e9ctrico de bajo voltaje. Certificaci\u00f3n UL para su uso como aislante principal para aplicaciones que no superen los 600 voltios. Se adapta f\u00e1cilmente a formas y superficies irregulares para instalaciones estables el\u00e9ctricamente y sin huecos. Compatible con todos los aislantes de cable extruidos. Resistente al agua, aceites, \u00e1cidos, productos qu\u00edmicos alcalinos y otro tipo de qu\u00edmicos corrosivos.\" \/>\n<meta property=\"og:url\" content=\"https:\/\/www.itape.com\/product\/rubber-tape-2\/\" \/>\n<meta property=\"og:site_name\" content=\"IPG\" \/>\n<meta property=\"article:publisher\" content=\"https:\/\/www.facebook.com\/intertape\" \/>\n<meta property=\"article:modified_time\" content=\"2023-04-27T17:01:28+00:00\" \/>\n<meta name=\"twitter:card\" content=\"summary_large_image\" \/>\n<meta name=\"twitter:image\" content=\"https:\/\/www.itape.com\/wp-content\/uploads\/2023\/10\/rubber-tape_5517-2025.jpg\" \/>\n<meta name=\"twitter:site\" content=\"@IPGtape\" \/>\n<meta name=\"twitter:label1\" content=\"Price\" \/>\n\t<meta name=\"twitter:data1\" content=\"\" \/>\n\t<meta name=\"twitter:label2\" content=\"Availability\" \/>\n\t<meta name=\"twitter:data2\" content=\"In stock\" \/>\n<script type=\"application\/ld+json\" class=\"yoast-schema-graph\">{\"@context\":\"https:\/\/schema.org\",\"@graph\":[{\"@type\":\"WebPage\",\"@id\":\"https:\/\/www.itape.com\/product\/rubber-tape-2\/\",\"url\":\"https:\/\/www.itape.com\/product\/rubber-tape-2\/\",\"name\":\"Rubber Tape - IPG\",\"isPartOf\":{\"@id\":\"https:\/\/www.itape.com\/#website\"},\"primaryImageOfPage\":{\"@id\":\"https:\/\/www.itape.com\/product\/rubber-tape-2\/#primaryimage\"},\"image\":{\"@id\":\"https:\/\/www.itape.com\/product\/rubber-tape-2\/#primaryimage\"},\"thumbnailUrl\":\"https:\/\/www.itape.com\/wp-content\/uploads\/2023\/10\/rubber-tape_5517-2025.jpg\",\"datePublished\":\"2023-01-12T14:33:55+00:00\",\"dateModified\":\"2023-04-27T17:01:28+00:00\",\"breadcrumb\":{\"@id\":\"https:\/\/www.itape.com\/product\/rubber-tape-2\/#breadcrumb\"},\"inLanguage\":\"es\",\"potentialAction\":[{\"@type\":\"ReadAction\",\"target\":[\"https:\/\/www.itape.com\/product\/rubber-tape-2\/\"]}]},{\"@type\":\"ImageObject\",\"inLanguage\":\"es\",\"@id\":\"https:\/\/www.itape.com\/product\/rubber-tape-2\/#primaryimage\",\"url\":\"https:\/\/www.itape.com\/wp-content\/uploads\/2023\/10\/rubber-tape_5517-2025.jpg\",\"contentUrl\":\"https:\/\/www.itape.com\/wp-content\/uploads\/2023\/10\/rubber-tape_5517-2025.jpg\",\"width\":2400,\"height\":2400,\"caption\":\"5517_RubberTape\"},{\"@type\":\"BreadcrumbList\",\"@id\":\"https:\/\/www.itape.com\/product\/rubber-tape-2\/#breadcrumb\",\"itemListElement\":[{\"@type\":\"ListItem\",\"position\":1,\"name\":\"Home\",\"item\":\"https:\/\/www.itape.com\/es\/\"},{\"@type\":\"ListItem\",\"position\":2,\"name\":\"Products\",\"item\":\"https:\/\/www.itape.com\/products\/\"},{\"@type\":\"ListItem\",\"position\":3,\"name\":\"Rubber Tape\"}]},{\"@type\":\"WebSite\",\"@id\":\"https:\/\/www.itape.com\/#website\",\"url\":\"https:\/\/www.itape.com\/\",\"name\":\"IPG\",\"description\":\"Global Leader in Packaging and Protective Solutions\",\"publisher\":{\"@id\":\"https:\/\/www.itape.com\/#organization\"},\"potentialAction\":[{\"@type\":\"SearchAction\",\"target\":{\"@type\":\"EntryPoint\",\"urlTemplate\":\"https:\/\/www.itape.com\/?s={search_term_string}\"},\"query-input\":{\"@type\":\"PropertyValueSpecification\",\"valueRequired\":true,\"valueName\":\"search_term_string\"}}],\"inLanguage\":\"es\"},{\"@type\":\"Organization\",\"@id\":\"https:\/\/www.itape.com\/#organization\",\"name\":\"IPG\",\"url\":\"https:\/\/www.itape.com\/\",\"logo\":{\"@type\":\"ImageObject\",\"inLanguage\":\"es\",\"@id\":\"https:\/\/www.itape.com\/#\/schema\/logo\/image\/\",\"url\":\"https:\/\/www.itape.com\/wp-content\/uploads\/2024\/06\/IPG-logo-2.png\",\"contentUrl\":\"https:\/\/www.itape.com\/wp-content\/uploads\/2024\/06\/IPG-logo-2.png\",\"width\":60,\"height\":60,\"caption\":\"IPG\"},\"image\":{\"@id\":\"https:\/\/www.itape.com\/#\/schema\/logo\/image\/\"},\"sameAs\":[\"https:\/\/www.facebook.com\/intertape\",\"https:\/\/x.com\/IPGtape\",\"https:\/\/www.linkedin.com\/company\/intertape-polymer-group\",\"https:\/\/www.instagram.com\/ipgtape\",\"https:\/\/www.youtube.com\/user\/IPGtape\"]}]}<\/script>\n<meta property=\"product:price:currency\" content=\"USD\" \/>\n<meta property=\"og:availability\" content=\"instock\" \/>\n<meta property=\"product:availability\" content=\"instock\" \/>\n<meta property=\"product:retailer_item_id\" content=\"98da44e2c05f\" \/>\n<meta property=\"product:condition\" content=\"new\" \/>\n<!-- \/ Yoast SEO Premium plugin. -->","yoast_head_json":{"title":"Rubber Tape - IPG","robots":{"index":"index","follow":"follow","max-snippet":"max-snippet:-1","max-image-preview":"max-image-preview:large","max-video-preview":"max-video-preview:-1"},"canonical":"https:\/\/www.itape.com\/product\/rubber-tape-2\/","og_locale":"es_ES","og_type":"article","og_title":"Rubber Tape","og_description":"Cinta de caucho de 30 mm autoamalgamante y con aislamiento el\u00e9ctrico de bajo voltaje. Certificaci\u00f3n UL para su uso como aislante principal para aplicaciones que no superen los 600 voltios. Se adapta f\u00e1cilmente a formas y superficies irregulares para instalaciones estables el\u00e9ctricamente y sin huecos. Compatible con todos los aislantes de cable extruidos. Resistente al agua, aceites, \u00e1cidos, productos qu\u00edmicos alcalinos y otro tipo de qu\u00edmicos corrosivos.","og_url":"https:\/\/www.itape.com\/product\/rubber-tape-2\/","og_site_name":"IPG","article_publisher":"https:\/\/www.facebook.com\/intertape","article_modified_time":"2023-04-27T17:01:28+00:00","twitter_card":"summary_large_image","twitter_image":"https:\/\/www.itape.com\/wp-content\/uploads\/2023\/10\/rubber-tape_5517-2025.jpg","twitter_site":"@IPGtape","twitter_misc":{"Price":"","Availability":"In stock"},"schema":{"@context":"https:\/\/schema.org","@graph":[{"@type":"WebPage","@id":"https:\/\/www.itape.com\/product\/rubber-tape-2\/","url":"https:\/\/www.itape.com\/product\/rubber-tape-2\/","name":"Rubber Tape - IPG","isPartOf":{"@id":"https:\/\/www.itape.com\/#website"},"primaryImageOfPage":{"@id":"https:\/\/www.itape.com\/product\/rubber-tape-2\/#primaryimage"},"image":{"@id":"https:\/\/www.itape.com\/product\/rubber-tape-2\/#primaryimage"},"thumbnailUrl":"https:\/\/www.itape.com\/wp-content\/uploads\/2023\/10\/rubber-tape_5517-2025.jpg","datePublished":"2023-01-12T14:33:55+00:00","dateModified":"2023-04-27T17:01:28+00:00","breadcrumb":{"@id":"https:\/\/www.itape.com\/product\/rubber-tape-2\/#breadcrumb"},"inLanguage":"es","potentialAction":[{"@type":"ReadAction","target":["https:\/\/www.itape.com\/product\/rubber-tape-2\/"]}]},{"@type":"ImageObject","inLanguage":"es","@id":"https:\/\/www.itape.com\/product\/rubber-tape-2\/#primaryimage","url":"https:\/\/www.itape.com\/wp-content\/uploads\/2023\/10\/rubber-tape_5517-2025.jpg","contentUrl":"https:\/\/www.itape.com\/wp-content\/uploads\/2023\/10\/rubber-tape_5517-2025.jpg","width":2400,"height":2400,"caption":"5517_RubberTape"},{"@type":"BreadcrumbList","@id":"https:\/\/www.itape.com\/product\/rubber-tape-2\/#breadcrumb","itemListElement":[{"@type":"ListItem","position":1,"name":"Home","item":"https:\/\/www.itape.com\/es\/"},{"@type":"ListItem","position":2,"name":"Products","item":"https:\/\/www.itape.com\/products\/"},{"@type":"ListItem","position":3,"name":"Rubber Tape"}]},{"@type":"WebSite","@id":"https:\/\/www.itape.com\/#website","url":"https:\/\/www.itape.com\/","name":"IPG","description":"Global Leader in Packaging and Protective Solutions","publisher":{"@id":"https:\/\/www.itape.com\/#organization"},"potentialAction":[{"@type":"SearchAction","target":{"@type":"EntryPoint","urlTemplate":"https:\/\/www.itape.com\/?s={search_term_string}"},"query-input":{"@type":"PropertyValueSpecification","valueRequired":true,"valueName":"search_term_string"}}],"inLanguage":"es"},{"@type":"Organization","@id":"https:\/\/www.itape.com\/#organization","name":"IPG","url":"https:\/\/www.itape.com\/","logo":{"@type":"ImageObject","inLanguage":"es","@id":"https:\/\/www.itape.com\/#\/schema\/logo\/image\/","url":"https:\/\/www.itape.com\/wp-content\/uploads\/2024\/06\/IPG-logo-2.png","contentUrl":"https:\/\/www.itape.com\/wp-content\/uploads\/2024\/06\/IPG-logo-2.png","width":60,"height":60,"caption":"IPG"},"image":{"@id":"https:\/\/www.itape.com\/#\/schema\/logo\/image\/"},"sameAs":["https:\/\/www.facebook.com\/intertape","https:\/\/x.com\/IPGtape","https:\/\/www.linkedin.com\/company\/intertape-polymer-group","https:\/\/www.instagram.com\/ipgtape","https:\/\/www.youtube.com\/user\/IPGtape"]}]},"product_price_currency":"USD","og_availability":"instock","product_availability":"instock","product_retailer_item_id":"98da44e2c05f","product_condition":"new"},"parsely":{"version":"1.1.0","canonical_url":"https:\/\/itape.com\/es\/product\/rubber-tape-es-2\/","smart_links":{"inbound":0,"outbound":0},"traffic_boost_suggestions_count":0,"meta":{"@context":"https:\/\/schema.org","@type":"WebPage","headline":"Rubber Tape","url":"https:\/\/www.itape.com\/es\/product\/rubber-tape-es-2\/","mainEntityOfPage":{"@type":"WebPage","@id":"https:\/\/www.itape.com\/es\/product\/rubber-tape-es-2\/"},"thumbnailUrl":"https:\/\/www.itape.com\/wp-content\/uploads\/2023\/10\/rubber-tape_5517-2025.jpg?w=150&h=150&crop=1","image":{"@type":"ImageObject","url":"https:\/\/www.itape.com\/wp-content\/uploads\/2023\/10\/rubber-tape_5517-2025.jpg"},"articleSection":"Sin categorizar","author":[{"@type":"Person","name":"IPG"}],"creator":["IPG"],"publisher":{"@type":"Organization","name":"IPG","logo":"https:\/\/www.itape.com\/wp-content\/uploads\/2023\/03\/IPG-logo-2.png"},"keywords":[],"dateCreated":"2023-01-12T14:33:55Z","datePublished":"2023-01-12T14:33:55Z","dateModified":"2023-04-27T17:01:28Z"},"rendered":"<meta name=\"parsely-title\" content=\"Rubber Tape\" \/>\n<meta name=\"parsely-link\" content=\"https:\/\/www.itape.com\/es\/product\/rubber-tape-es-2\/\" \/>\n<meta name=\"parsely-type\" content=\"index\" \/>\n<meta name=\"parsely-image-url\" content=\"https:\/\/www.itape.com\/wp-content\/uploads\/2023\/10\/rubber-tape_5517-2025.jpg?w=150&amp;h=150&amp;crop=1\" \/>\n<meta name=\"parsely-pub-date\" content=\"2023-01-12T14:33:55Z\" \/>\n<meta name=\"parsely-section\" content=\"Sin categorizar\" \/>\n<meta name=\"parsely-author\" content=\"IPG\" \/>","tracker_url":"https:\/\/cdn.parsely.com\/keys\/itape.com\/p.js"},"jetpack_sharing_enabled":true,"_links":{"self":[{"href":"https:\/\/www.itape.com\/es\/wp-json\/wp\/v2\/product\/48396","targetHints":{"allow":["GET"]}}],"collection":[{"href":"https:\/\/www.itape.com\/es\/wp-json\/wp\/v2\/product"}],"about":[{"href":"https:\/\/www.itape.com\/es\/wp-json\/wp\/v2\/types\/product"}],"replies":[{"embeddable":true,"href":"https:\/\/www.itape.com\/es\/wp-json\/wp\/v2\/comments?post=48396"}],"wp:featuredmedia":[{"embeddable":true,"href":"https:\/\/www.itape.com\/es\/wp-json\/wp\/v2\/media\/57905"}],"wp:attachment":[{"href":"https:\/\/www.itape.com\/es\/wp-json\/wp\/v2\/media?parent=48396"}],"wp:term":[{"taxonomy":"product_brand","embeddable":true,"href":"https:\/\/www.itape.com\/es\/wp-json\/wp\/v2\/product_brand?post=48396"},{"taxonomy":"product_cat","embeddable":true,"href":"https:\/\/www.itape.com\/es\/wp-json\/wp\/v2\/product_cat?post=48396"},{"taxonomy":"product_tag","embeddable":true,"href":"https:\/\/www.itape.com\/es\/wp-json\/wp\/v2\/product_tag?post=48396"},{"taxonomy":"associated_application","embeddable":true,"href":"https:\/\/www.itape.com\/es\/wp-json\/wp\/v2\/associated_application?post=48396"}],"curies":[{"name":"wp","href":"https:\/\/api.w.org\/{rel}","templated":true}]}}