{"id":48405,"date":"2023-01-12T14:34:01","date_gmt":"2023-01-12T14:34:01","guid":{"rendered":"https:\/\/www.itape.com\/product\/iron-grip-duct-tape-10yd-es\/"},"modified":"2023-04-27T17:15:10","modified_gmt":"2023-04-27T17:15:10","slug":"iron-grip-duct-tape-10yd-es","status":"publish","type":"product","link":"https:\/\/www.itape.com\/es\/product\/iron-grip-duct-tape-10yd-es\/","title":{"rendered":"Iron Grip Duct Tape 10yd"},"content":{"rendered":"<div class=\"prose\">Erm\u00f6glicht eine einfache Abgabe von der Rolle f\u00fcr die tempor\u00e4re Reparatur von Zugangsl\u00f6chern f\u00fcr Versorgungsleitungen, das Verkleben von Luftkan\u00e4len und eine Vielzahl von anspruchsvollen Anwendungen, die eine hohe Festigkeit und Haftung erfordern.<\/div>\n","protected":false},"excerpt":{"rendered":"<p>La cinta americana de 17\u00a0mm Iron Grip\u2122 de calidad superior es una cinta de tela revestida de polietileno (PE) con un potente adhesivo de caucho natural sensible a la presi\u00f3n que se adhiere bien a diversas superficies bajo una gran variedad de condiciones t\u00e9rmicas. Se aplica f\u00e1cilmente para tapar provisionalmente huecos en accesos y conductos, y se emplea tambi\u00e9n en otras aplicaciones exigentes que requieren fuerza y gran adhesi\u00f3n.<\/p>\n","protected":false},"featured_media":59666,"comment_status":"closed","ping_status":"closed","template":"","meta":{"_acf_changed":false},"product_brand":[],"product_cat":[7871,8036,7840],"product_tag":[8099,8099],"associated_application":[7201,7213,7205,7204,7210,7203,7212,7214,7249,7216],"class_list":{"0":"post-48405","1":"product","2":"type-product","3":"status-publish","4":"has-post-thumbnail","6":"product_cat-industrial-tapes-retail-duct-tape-es","7":"product_cat-retail-specialty-duct-es","8":"product_cat-industrial-tapes-es","9":"product_tag-duct-tape-es","11":"associated_application-aeroespacial-es","12":"associated_application-climatizacion-es","13":"associated_application-consumidor-es","14":"associated_application-edificios-construccion-es","15":"associated_application-fabricacion-general-es","16":"associated_application-mercado-de-recambios-de-automocion-es","17":"associated_application-mudanzas-y-almacenamiento-es","18":"associated_application-naval-compuestos-es","19":"associated_application-sellado-de-conductos-de-climatizacion-es","20":"associated_application-transporte-es","22":"first","23":"instock","24":"product-type-simple"},"acf":[],"yoast_head":"<!-- This site is optimized with the Yoast SEO Premium plugin v24.1 (Yoast SEO v27.0) - https:\/\/yoast.com\/product\/yoast-seo-premium-wordpress\/ -->\n<title>Iron Grip Duct Tape 10yd - IPG<\/title>\n<meta name=\"robots\" content=\"index, follow, max-snippet:-1, max-image-preview:large, max-video-preview:-1\" \/>\n<link rel=\"canonical\" href=\"https:\/\/www.itape.com\/es\/product\/iron-grip-duct-tape-10yd-es\/\" \/>\n<meta property=\"og:locale\" content=\"es_ES\" \/>\n<meta property=\"og:type\" content=\"article\" \/>\n<meta property=\"og:title\" content=\"Iron Grip Duct Tape 10yd\" \/>\n<meta property=\"og:description\" content=\"La cinta americana de 17\u00a0mm Iron Grip\u2122 de calidad superior es una cinta de tela revestida de polietileno (PE) con un potente adhesivo de caucho natural sensible a la presi\u00f3n que se adhiere bien a diversas superficies bajo una gran variedad de condiciones t\u00e9rmicas. Se aplica f\u00e1cilmente para tapar provisionalmente huecos en accesos y conductos, y se emplea tambi\u00e9n en otras aplicaciones exigentes que requieren fuerza y gran adhesi\u00f3n.\" \/>\n<meta property=\"og:url\" content=\"https:\/\/www.itape.com\/es\/product\/iron-grip-duct-tape-10yd-es\/\" \/>\n<meta property=\"og:site_name\" content=\"IPG\" \/>\n<meta property=\"article:publisher\" content=\"https:\/\/www.facebook.com\/intertape\" \/>\n<meta property=\"article:modified_time\" content=\"2023-04-27T17:15:10+00:00\" \/>\n<meta property=\"og:image\" content=\"https:\/\/www.itape.com\/wp-content\/uploads\/2023\/01\/IronGrip10yd-99584_High.jpg\" \/>\n\t<meta property=\"og:image:width\" content=\"2400\" \/>\n\t<meta property=\"og:image:height\" content=\"2400\" \/>\n\t<meta property=\"og:image:type\" content=\"image\/jpeg\" \/>\n<meta name=\"twitter:card\" content=\"summary_large_image\" \/>\n<meta name=\"twitter:site\" content=\"@IPGtape\" \/>\n<meta name=\"twitter:label1\" content=\"Price\" \/>\n\t<meta name=\"twitter:data1\" content=\"\" \/>\n\t<meta name=\"twitter:label2\" content=\"Availability\" \/>\n\t<meta name=\"twitter:data2\" content=\"In stock\" \/>\n<script type=\"application\/ld+json\" class=\"yoast-schema-graph\">{\"@context\":\"https:\/\/schema.org\",\"@graph\":[{\"@type\":\"WebPage\",\"@id\":\"https:\/\/www.itape.com\/es\/product\/iron-grip-duct-tape-10yd-es\/\",\"url\":\"https:\/\/www.itape.com\/es\/product\/iron-grip-duct-tape-10yd-es\/\",\"name\":\"Iron Grip Duct Tape 10yd - IPG\",\"isPartOf\":{\"@id\":\"https:\/\/www.itape.com\/#website\"},\"primaryImageOfPage\":{\"@id\":\"https:\/\/www.itape.com\/es\/product\/iron-grip-duct-tape-10yd-es\/#primaryimage\"},\"image\":{\"@id\":\"https:\/\/www.itape.com\/es\/product\/iron-grip-duct-tape-10yd-es\/#primaryimage\"},\"thumbnailUrl\":\"https:\/\/www.itape.com\/wp-content\/uploads\/2023\/01\/IronGrip10yd-99584_High.jpg\",\"datePublished\":\"2023-01-12T14:34:01+00:00\",\"dateModified\":\"2023-04-27T17:15:10+00:00\",\"breadcrumb\":{\"@id\":\"https:\/\/www.itape.com\/es\/product\/iron-grip-duct-tape-10yd-es\/#breadcrumb\"},\"inLanguage\":\"es\",\"potentialAction\":[{\"@type\":\"ReadAction\",\"target\":[\"https:\/\/www.itape.com\/es\/product\/iron-grip-duct-tape-10yd-es\/\"]}]},{\"@type\":\"ImageObject\",\"inLanguage\":\"es\",\"@id\":\"https:\/\/www.itape.com\/es\/product\/iron-grip-duct-tape-10yd-es\/#primaryimage\",\"url\":\"https:\/\/www.itape.com\/wp-content\/uploads\/2023\/01\/IronGrip10yd-99584_High.jpg\",\"contentUrl\":\"https:\/\/www.itape.com\/wp-content\/uploads\/2023\/01\/IronGrip10yd-99584_High.jpg\",\"width\":2400,\"height\":2400,\"caption\":\"AC617_Cloth\/DuctTape\"},{\"@type\":\"BreadcrumbList\",\"@id\":\"https:\/\/www.itape.com\/es\/product\/iron-grip-duct-tape-10yd-es\/#breadcrumb\",\"itemListElement\":[{\"@type\":\"ListItem\",\"position\":1,\"name\":\"Home\",\"item\":\"https:\/\/www.itape.com\/es\/\"},{\"@type\":\"ListItem\",\"position\":2,\"name\":\"Products\",\"item\":\"https:\/\/www.itape.com\/products\/\"},{\"@type\":\"ListItem\",\"position\":3,\"name\":\"Iron Grip Duct Tape 10yd\"}]},{\"@type\":\"WebSite\",\"@id\":\"https:\/\/www.itape.com\/#website\",\"url\":\"https:\/\/www.itape.com\/\",\"name\":\"IPG\",\"description\":\"Global Leader in Packaging and Protective Solutions\",\"publisher\":{\"@id\":\"https:\/\/www.itape.com\/#organization\"},\"potentialAction\":[{\"@type\":\"SearchAction\",\"target\":{\"@type\":\"EntryPoint\",\"urlTemplate\":\"https:\/\/www.itape.com\/?s={search_term_string}\"},\"query-input\":{\"@type\":\"PropertyValueSpecification\",\"valueRequired\":true,\"valueName\":\"search_term_string\"}}],\"inLanguage\":\"es\"},{\"@type\":\"Organization\",\"@id\":\"https:\/\/www.itape.com\/#organization\",\"name\":\"IPG\",\"url\":\"https:\/\/www.itape.com\/\",\"logo\":{\"@type\":\"ImageObject\",\"inLanguage\":\"es\",\"@id\":\"https:\/\/www.itape.com\/#\/schema\/logo\/image\/\",\"url\":\"https:\/\/www.itape.com\/wp-content\/uploads\/2024\/06\/IPG-logo-2.png\",\"contentUrl\":\"https:\/\/www.itape.com\/wp-content\/uploads\/2024\/06\/IPG-logo-2.png\",\"width\":60,\"height\":60,\"caption\":\"IPG\"},\"image\":{\"@id\":\"https:\/\/www.itape.com\/#\/schema\/logo\/image\/\"},\"sameAs\":[\"https:\/\/www.facebook.com\/intertape\",\"https:\/\/x.com\/IPGtape\",\"https:\/\/www.linkedin.com\/company\/intertape-polymer-group\",\"https:\/\/www.instagram.com\/ipgtape\",\"https:\/\/www.youtube.com\/user\/IPGtape\"]}]}<\/script>\n<meta property=\"product:price:currency\" content=\"USD\" \/>\n<meta property=\"og:availability\" content=\"instock\" \/>\n<meta property=\"product:availability\" content=\"instock\" \/>\n<meta property=\"product:retailer_item_id\" content=\"a5f2c8f93d0a\" \/>\n<meta property=\"product:condition\" content=\"new\" \/>\n<!-- \/ Yoast SEO Premium plugin. -->","yoast_head_json":{"title":"Iron Grip Duct Tape 10yd - IPG","robots":{"index":"index","follow":"follow","max-snippet":"max-snippet:-1","max-image-preview":"max-image-preview:large","max-video-preview":"max-video-preview:-1"},"canonical":"https:\/\/www.itape.com\/es\/product\/iron-grip-duct-tape-10yd-es\/","og_locale":"es_ES","og_type":"article","og_title":"Iron Grip Duct Tape 10yd","og_description":"La cinta americana de 17\u00a0mm Iron Grip\u2122 de calidad superior es una cinta de tela revestida de polietileno (PE) con un potente adhesivo de caucho natural sensible a la presi\u00f3n que se adhiere bien a diversas superficies bajo una gran variedad de condiciones t\u00e9rmicas. Se aplica f\u00e1cilmente para tapar provisionalmente huecos en accesos y conductos, y se emplea tambi\u00e9n en otras aplicaciones exigentes que requieren fuerza y gran adhesi\u00f3n.","og_url":"https:\/\/www.itape.com\/es\/product\/iron-grip-duct-tape-10yd-es\/","og_site_name":"IPG","article_publisher":"https:\/\/www.facebook.com\/intertape","article_modified_time":"2023-04-27T17:15:10+00:00","og_image":[{"width":2400,"height":2400,"url":"https:\/\/www.itape.com\/wp-content\/uploads\/2023\/01\/IronGrip10yd-99584_High.jpg","type":"image\/jpeg"}],"twitter_card":"summary_large_image","twitter_site":"@IPGtape","twitter_misc":{"Price":"","Availability":"In stock"},"schema":{"@context":"https:\/\/schema.org","@graph":[{"@type":"WebPage","@id":"https:\/\/www.itape.com\/es\/product\/iron-grip-duct-tape-10yd-es\/","url":"https:\/\/www.itape.com\/es\/product\/iron-grip-duct-tape-10yd-es\/","name":"Iron Grip Duct Tape 10yd - IPG","isPartOf":{"@id":"https:\/\/www.itape.com\/#website"},"primaryImageOfPage":{"@id":"https:\/\/www.itape.com\/es\/product\/iron-grip-duct-tape-10yd-es\/#primaryimage"},"image":{"@id":"https:\/\/www.itape.com\/es\/product\/iron-grip-duct-tape-10yd-es\/#primaryimage"},"thumbnailUrl":"https:\/\/www.itape.com\/wp-content\/uploads\/2023\/01\/IronGrip10yd-99584_High.jpg","datePublished":"2023-01-12T14:34:01+00:00","dateModified":"2023-04-27T17:15:10+00:00","breadcrumb":{"@id":"https:\/\/www.itape.com\/es\/product\/iron-grip-duct-tape-10yd-es\/#breadcrumb"},"inLanguage":"es","potentialAction":[{"@type":"ReadAction","target":["https:\/\/www.itape.com\/es\/product\/iron-grip-duct-tape-10yd-es\/"]}]},{"@type":"ImageObject","inLanguage":"es","@id":"https:\/\/www.itape.com\/es\/product\/iron-grip-duct-tape-10yd-es\/#primaryimage","url":"https:\/\/www.itape.com\/wp-content\/uploads\/2023\/01\/IronGrip10yd-99584_High.jpg","contentUrl":"https:\/\/www.itape.com\/wp-content\/uploads\/2023\/01\/IronGrip10yd-99584_High.jpg","width":2400,"height":2400,"caption":"AC617_Cloth\/DuctTape"},{"@type":"BreadcrumbList","@id":"https:\/\/www.itape.com\/es\/product\/iron-grip-duct-tape-10yd-es\/#breadcrumb","itemListElement":[{"@type":"ListItem","position":1,"name":"Home","item":"https:\/\/www.itape.com\/es\/"},{"@type":"ListItem","position":2,"name":"Products","item":"https:\/\/www.itape.com\/products\/"},{"@type":"ListItem","position":3,"name":"Iron Grip Duct Tape 10yd"}]},{"@type":"WebSite","@id":"https:\/\/www.itape.com\/#website","url":"https:\/\/www.itape.com\/","name":"IPG","description":"Global Leader in Packaging and Protective Solutions","publisher":{"@id":"https:\/\/www.itape.com\/#organization"},"potentialAction":[{"@type":"SearchAction","target":{"@type":"EntryPoint","urlTemplate":"https:\/\/www.itape.com\/?s={search_term_string}"},"query-input":{"@type":"PropertyValueSpecification","valueRequired":true,"valueName":"search_term_string"}}],"inLanguage":"es"},{"@type":"Organization","@id":"https:\/\/www.itape.com\/#organization","name":"IPG","url":"https:\/\/www.itape.com\/","logo":{"@type":"ImageObject","inLanguage":"es","@id":"https:\/\/www.itape.com\/#\/schema\/logo\/image\/","url":"https:\/\/www.itape.com\/wp-content\/uploads\/2024\/06\/IPG-logo-2.png","contentUrl":"https:\/\/www.itape.com\/wp-content\/uploads\/2024\/06\/IPG-logo-2.png","width":60,"height":60,"caption":"IPG"},"image":{"@id":"https:\/\/www.itape.com\/#\/schema\/logo\/image\/"},"sameAs":["https:\/\/www.facebook.com\/intertape","https:\/\/x.com\/IPGtape","https:\/\/www.linkedin.com\/company\/intertape-polymer-group","https:\/\/www.instagram.com\/ipgtape","https:\/\/www.youtube.com\/user\/IPGtape"]}]},"product_price_currency":"USD","og_availability":"instock","product_availability":"instock","product_retailer_item_id":"a5f2c8f93d0a","product_condition":"new"},"parsely":{"version":"1.1.0","canonical_url":"https:\/\/itape.com\/es\/product\/iron-grip-duct-tape-10yd-es\/","smart_links":{"inbound":0,"outbound":0},"traffic_boost_suggestions_count":0,"meta":{"@context":"https:\/\/schema.org","@type":"WebPage","headline":"Iron Grip Duct Tape 10yd","url":"https:\/\/www.itape.com\/es\/product\/iron-grip-duct-tape-10yd-es\/","mainEntityOfPage":{"@type":"WebPage","@id":"https:\/\/www.itape.com\/es\/product\/iron-grip-duct-tape-10yd-es\/"},"thumbnailUrl":"https:\/\/www.itape.com\/wp-content\/uploads\/2023\/01\/IronGrip10yd-99584_High.jpg?w=150&h=150&crop=1","image":{"@type":"ImageObject","url":"https:\/\/www.itape.com\/wp-content\/uploads\/2023\/01\/IronGrip10yd-99584_High.jpg"},"articleSection":"Sin categorizar","author":[{"@type":"Person","name":"IPG"}],"creator":["IPG"],"publisher":{"@type":"Organization","name":"IPG","logo":"https:\/\/www.itape.com\/wp-content\/uploads\/2023\/03\/IPG-logo-2.png"},"keywords":[],"dateCreated":"2023-01-12T14:34:01Z","datePublished":"2023-01-12T14:34:01Z","dateModified":"2023-04-27T17:15:10Z"},"rendered":"<meta name=\"parsely-title\" content=\"Iron Grip Duct Tape 10yd\" \/>\n<meta name=\"parsely-link\" content=\"https:\/\/www.itape.com\/es\/product\/iron-grip-duct-tape-10yd-es\/\" \/>\n<meta name=\"parsely-type\" content=\"index\" \/>\n<meta name=\"parsely-image-url\" content=\"https:\/\/www.itape.com\/wp-content\/uploads\/2023\/01\/IronGrip10yd-99584_High.jpg?w=150&amp;h=150&amp;crop=1\" \/>\n<meta name=\"parsely-pub-date\" content=\"2023-01-12T14:34:01Z\" \/>\n<meta name=\"parsely-section\" content=\"Sin categorizar\" \/>\n<meta name=\"parsely-author\" content=\"IPG\" \/>","tracker_url":"https:\/\/cdn.parsely.com\/keys\/itape.com\/p.js"},"jetpack_sharing_enabled":true,"_links":{"self":[{"href":"https:\/\/www.itape.com\/es\/wp-json\/wp\/v2\/product\/48405","targetHints":{"allow":["GET"]}}],"collection":[{"href":"https:\/\/www.itape.com\/es\/wp-json\/wp\/v2\/product"}],"about":[{"href":"https:\/\/www.itape.com\/es\/wp-json\/wp\/v2\/types\/product"}],"replies":[{"embeddable":true,"href":"https:\/\/www.itape.com\/es\/wp-json\/wp\/v2\/comments?post=48405"}],"wp:featuredmedia":[{"embeddable":true,"href":"https:\/\/www.itape.com\/es\/wp-json\/wp\/v2\/media\/59666"}],"wp:attachment":[{"href":"https:\/\/www.itape.com\/es\/wp-json\/wp\/v2\/media?parent=48405"}],"wp:term":[{"taxonomy":"product_brand","embeddable":true,"href":"https:\/\/www.itape.com\/es\/wp-json\/wp\/v2\/product_brand?post=48405"},{"taxonomy":"product_cat","embeddable":true,"href":"https:\/\/www.itape.com\/es\/wp-json\/wp\/v2\/product_cat?post=48405"},{"taxonomy":"product_tag","embeddable":true,"href":"https:\/\/www.itape.com\/es\/wp-json\/wp\/v2\/product_tag?post=48405"},{"taxonomy":"associated_application","embeddable":true,"href":"https:\/\/www.itape.com\/es\/wp-json\/wp\/v2\/associated_application?post=48405"}],"curies":[{"name":"wp","href":"https:\/\/api.w.org\/{rel}","templated":true}]}}