{"id":48423,"date":"2023-01-12T14:34:07","date_gmt":"2023-01-12T14:34:07","guid":{"rendered":"https:\/\/www.itape.com\/product\/premium-strapping-tape-es\/"},"modified":"2023-04-27T17:51:47","modified_gmt":"2023-04-27T17:51:47","slug":"premium-strapping-tape-es","status":"publish","type":"product","link":"https:\/\/www.itape.com\/es\/product\/premium-strapping-tape-es\/","title":{"rendered":"Premium Strapping Tape"},"content":{"rendered":"<div class=\"prose\">Cinta de encintado de calidad superior<\/p>\n<p>Pel\u00edcula de polipropileno reforzada con fibra de vidrio combinada con un potente adhesivo sin disolventes sensible a la presi\u00f3n que ofrece una fuerza adhesiva extraordinaria en cartones texturizados y una fijaci\u00f3n excepcional. Dise\u00f1ada para la mayor\u00eda de las aplicaciones de embalaje, paletizado y unificaci\u00f3n.<\/p><\/div>\n","protected":false},"excerpt":{"rendered":"<p>Pel\u00edcula de polipropileno reforzada con fibra de vidrio combinada con un potente adhesivo sin disolventes sensible a la presi\u00f3n que ofrece una fuerza adhesiva extraordinaria en cartones texturizados y una fijaci\u00f3n excepcional. Dise\u00f1ada para la mayor\u00eda de las aplicaciones de embalaje, paletizado y unificaci\u00f3n.<\/p>\n","protected":false},"featured_media":62183,"comment_status":"closed","ping_status":"closed","template":"","meta":{"_acf_changed":false},"product_brand":[],"product_cat":[8039],"product_tag":[7471],"associated_application":[7255,7257,7248],"class_list":{"0":"post-48423","1":"product","2":"type-product","3":"status-publish","4":"has-post-thumbnail","6":"product_cat-retail-specialty-packaging-es","7":"product_tag-packaging-es","8":"associated_application-departamento-de-correo-expedicion-es","9":"associated_application-selladodepaquetes-es","10":"associated_application-soluciones-generales-para-emplazamientos-de-construccion-es","12":"first","13":"instock","14":"product-type-simple"},"acf":[],"yoast_head":"<!-- This site is optimized with the Yoast SEO Premium plugin v24.1 (Yoast SEO v27.0) - https:\/\/yoast.com\/product\/yoast-seo-premium-wordpress\/ -->\n<title>Premium Strapping Tape - IPG<\/title>\n<meta name=\"robots\" content=\"index, follow, max-snippet:-1, max-image-preview:large, max-video-preview:-1\" \/>\n<link rel=\"canonical\" href=\"https:\/\/www.itape.com\/es\/product\/premium-strapping-tape-es\/\" \/>\n<meta property=\"og:locale\" content=\"es_ES\" \/>\n<meta property=\"og:type\" content=\"article\" \/>\n<meta property=\"og:title\" content=\"Premium Strapping Tape\" \/>\n<meta property=\"og:description\" content=\"Pel\u00edcula de polipropileno reforzada con fibra de vidrio combinada con un potente adhesivo sin disolventes sensible a la presi\u00f3n que ofrece una fuerza adhesiva extraordinaria en cartones texturizados y una fijaci\u00f3n excepcional. Dise\u00f1ada para la mayor\u00eda de las aplicaciones de embalaje, paletizado y unificaci\u00f3n.\" \/>\n<meta property=\"og:url\" content=\"https:\/\/www.itape.com\/es\/product\/premium-strapping-tape-es\/\" \/>\n<meta property=\"og:site_name\" content=\"IPG\" \/>\n<meta property=\"article:publisher\" content=\"https:\/\/www.facebook.com\/intertape\" \/>\n<meta property=\"article:modified_time\" content=\"2023-04-27T17:51:47+00:00\" \/>\n<meta property=\"og:image\" content=\"https:\/\/www.itape.com\/wp-content\/uploads\/2023\/01\/PremiumStrappingTape.jpg\" \/>\n\t<meta property=\"og:image:width\" content=\"2904\" \/>\n\t<meta property=\"og:image:height\" content=\"2904\" \/>\n\t<meta property=\"og:image:type\" content=\"image\/jpeg\" \/>\n<meta name=\"twitter:card\" content=\"summary_large_image\" \/>\n<meta name=\"twitter:site\" content=\"@IPGtape\" \/>\n<meta name=\"twitter:label1\" content=\"Price\" \/>\n\t<meta name=\"twitter:data1\" content=\"\" \/>\n\t<meta name=\"twitter:label2\" content=\"Availability\" \/>\n\t<meta name=\"twitter:data2\" content=\"In stock\" \/>\n<script type=\"application\/ld+json\" class=\"yoast-schema-graph\">{\"@context\":\"https:\/\/schema.org\",\"@graph\":[{\"@type\":\"WebPage\",\"@id\":\"https:\/\/www.itape.com\/es\/product\/premium-strapping-tape-es\/\",\"url\":\"https:\/\/www.itape.com\/es\/product\/premium-strapping-tape-es\/\",\"name\":\"Premium Strapping Tape - IPG\",\"isPartOf\":{\"@id\":\"https:\/\/www.itape.com\/#website\"},\"primaryImageOfPage\":{\"@id\":\"https:\/\/www.itape.com\/es\/product\/premium-strapping-tape-es\/#primaryimage\"},\"image\":{\"@id\":\"https:\/\/www.itape.com\/es\/product\/premium-strapping-tape-es\/#primaryimage\"},\"thumbnailUrl\":\"https:\/\/www.itape.com\/wp-content\/uploads\/2023\/01\/PremiumStrappingTape.jpg\",\"datePublished\":\"2023-01-12T14:34:07+00:00\",\"dateModified\":\"2023-04-27T17:51:47+00:00\",\"breadcrumb\":{\"@id\":\"https:\/\/www.itape.com\/es\/product\/premium-strapping-tape-es\/#breadcrumb\"},\"inLanguage\":\"es\",\"potentialAction\":[{\"@type\":\"ReadAction\",\"target\":[\"https:\/\/www.itape.com\/es\/product\/premium-strapping-tape-es\/\"]}]},{\"@type\":\"ImageObject\",\"inLanguage\":\"es\",\"@id\":\"https:\/\/www.itape.com\/es\/product\/premium-strapping-tape-es\/#primaryimage\",\"url\":\"https:\/\/www.itape.com\/wp-content\/uploads\/2023\/01\/PremiumStrappingTape.jpg\",\"contentUrl\":\"https:\/\/www.itape.com\/wp-content\/uploads\/2023\/01\/PremiumStrappingTape.jpg\",\"width\":2904,\"height\":2904,\"caption\":\"Consumer Premium Strapping Tape\"},{\"@type\":\"BreadcrumbList\",\"@id\":\"https:\/\/www.itape.com\/es\/product\/premium-strapping-tape-es\/#breadcrumb\",\"itemListElement\":[{\"@type\":\"ListItem\",\"position\":1,\"name\":\"Home\",\"item\":\"https:\/\/www.itape.com\/es\/\"},{\"@type\":\"ListItem\",\"position\":2,\"name\":\"Products\",\"item\":\"https:\/\/www.itape.com\/products\/\"},{\"@type\":\"ListItem\",\"position\":3,\"name\":\"Premium Strapping Tape\"}]},{\"@type\":\"WebSite\",\"@id\":\"https:\/\/www.itape.com\/#website\",\"url\":\"https:\/\/www.itape.com\/\",\"name\":\"IPG\",\"description\":\"Global Leader in Packaging and Protective Solutions\",\"publisher\":{\"@id\":\"https:\/\/www.itape.com\/#organization\"},\"potentialAction\":[{\"@type\":\"SearchAction\",\"target\":{\"@type\":\"EntryPoint\",\"urlTemplate\":\"https:\/\/www.itape.com\/?s={search_term_string}\"},\"query-input\":{\"@type\":\"PropertyValueSpecification\",\"valueRequired\":true,\"valueName\":\"search_term_string\"}}],\"inLanguage\":\"es\"},{\"@type\":\"Organization\",\"@id\":\"https:\/\/www.itape.com\/#organization\",\"name\":\"IPG\",\"url\":\"https:\/\/www.itape.com\/\",\"logo\":{\"@type\":\"ImageObject\",\"inLanguage\":\"es\",\"@id\":\"https:\/\/www.itape.com\/#\/schema\/logo\/image\/\",\"url\":\"https:\/\/www.itape.com\/wp-content\/uploads\/2024\/06\/IPG-logo-2.png\",\"contentUrl\":\"https:\/\/www.itape.com\/wp-content\/uploads\/2024\/06\/IPG-logo-2.png\",\"width\":60,\"height\":60,\"caption\":\"IPG\"},\"image\":{\"@id\":\"https:\/\/www.itape.com\/#\/schema\/logo\/image\/\"},\"sameAs\":[\"https:\/\/www.facebook.com\/intertape\",\"https:\/\/x.com\/IPGtape\",\"https:\/\/www.linkedin.com\/company\/intertape-polymer-group\",\"https:\/\/www.instagram.com\/ipgtape\",\"https:\/\/www.youtube.com\/user\/IPGtape\"]}]}<\/script>\n<meta property=\"product:price:currency\" content=\"USD\" \/>\n<meta property=\"og:availability\" content=\"instock\" \/>\n<meta property=\"product:availability\" content=\"instock\" \/>\n<meta property=\"product:retailer_item_id\" content=\"b32013c43ab9\" \/>\n<meta property=\"product:condition\" content=\"new\" \/>\n<!-- \/ Yoast SEO Premium plugin. -->","yoast_head_json":{"title":"Premium Strapping Tape - IPG","robots":{"index":"index","follow":"follow","max-snippet":"max-snippet:-1","max-image-preview":"max-image-preview:large","max-video-preview":"max-video-preview:-1"},"canonical":"https:\/\/www.itape.com\/es\/product\/premium-strapping-tape-es\/","og_locale":"es_ES","og_type":"article","og_title":"Premium Strapping Tape","og_description":"Pel\u00edcula de polipropileno reforzada con fibra de vidrio combinada con un potente adhesivo sin disolventes sensible a la presi\u00f3n que ofrece una fuerza adhesiva extraordinaria en cartones texturizados y una fijaci\u00f3n excepcional. Dise\u00f1ada para la mayor\u00eda de las aplicaciones de embalaje, paletizado y unificaci\u00f3n.","og_url":"https:\/\/www.itape.com\/es\/product\/premium-strapping-tape-es\/","og_site_name":"IPG","article_publisher":"https:\/\/www.facebook.com\/intertape","article_modified_time":"2023-04-27T17:51:47+00:00","og_image":[{"width":2904,"height":2904,"url":"https:\/\/www.itape.com\/wp-content\/uploads\/2023\/01\/PremiumStrappingTape.jpg","type":"image\/jpeg"}],"twitter_card":"summary_large_image","twitter_site":"@IPGtape","twitter_misc":{"Price":"","Availability":"In stock"},"schema":{"@context":"https:\/\/schema.org","@graph":[{"@type":"WebPage","@id":"https:\/\/www.itape.com\/es\/product\/premium-strapping-tape-es\/","url":"https:\/\/www.itape.com\/es\/product\/premium-strapping-tape-es\/","name":"Premium Strapping Tape - IPG","isPartOf":{"@id":"https:\/\/www.itape.com\/#website"},"primaryImageOfPage":{"@id":"https:\/\/www.itape.com\/es\/product\/premium-strapping-tape-es\/#primaryimage"},"image":{"@id":"https:\/\/www.itape.com\/es\/product\/premium-strapping-tape-es\/#primaryimage"},"thumbnailUrl":"https:\/\/www.itape.com\/wp-content\/uploads\/2023\/01\/PremiumStrappingTape.jpg","datePublished":"2023-01-12T14:34:07+00:00","dateModified":"2023-04-27T17:51:47+00:00","breadcrumb":{"@id":"https:\/\/www.itape.com\/es\/product\/premium-strapping-tape-es\/#breadcrumb"},"inLanguage":"es","potentialAction":[{"@type":"ReadAction","target":["https:\/\/www.itape.com\/es\/product\/premium-strapping-tape-es\/"]}]},{"@type":"ImageObject","inLanguage":"es","@id":"https:\/\/www.itape.com\/es\/product\/premium-strapping-tape-es\/#primaryimage","url":"https:\/\/www.itape.com\/wp-content\/uploads\/2023\/01\/PremiumStrappingTape.jpg","contentUrl":"https:\/\/www.itape.com\/wp-content\/uploads\/2023\/01\/PremiumStrappingTape.jpg","width":2904,"height":2904,"caption":"Consumer Premium Strapping Tape"},{"@type":"BreadcrumbList","@id":"https:\/\/www.itape.com\/es\/product\/premium-strapping-tape-es\/#breadcrumb","itemListElement":[{"@type":"ListItem","position":1,"name":"Home","item":"https:\/\/www.itape.com\/es\/"},{"@type":"ListItem","position":2,"name":"Products","item":"https:\/\/www.itape.com\/products\/"},{"@type":"ListItem","position":3,"name":"Premium Strapping Tape"}]},{"@type":"WebSite","@id":"https:\/\/www.itape.com\/#website","url":"https:\/\/www.itape.com\/","name":"IPG","description":"Global Leader in Packaging and Protective Solutions","publisher":{"@id":"https:\/\/www.itape.com\/#organization"},"potentialAction":[{"@type":"SearchAction","target":{"@type":"EntryPoint","urlTemplate":"https:\/\/www.itape.com\/?s={search_term_string}"},"query-input":{"@type":"PropertyValueSpecification","valueRequired":true,"valueName":"search_term_string"}}],"inLanguage":"es"},{"@type":"Organization","@id":"https:\/\/www.itape.com\/#organization","name":"IPG","url":"https:\/\/www.itape.com\/","logo":{"@type":"ImageObject","inLanguage":"es","@id":"https:\/\/www.itape.com\/#\/schema\/logo\/image\/","url":"https:\/\/www.itape.com\/wp-content\/uploads\/2024\/06\/IPG-logo-2.png","contentUrl":"https:\/\/www.itape.com\/wp-content\/uploads\/2024\/06\/IPG-logo-2.png","width":60,"height":60,"caption":"IPG"},"image":{"@id":"https:\/\/www.itape.com\/#\/schema\/logo\/image\/"},"sameAs":["https:\/\/www.facebook.com\/intertape","https:\/\/x.com\/IPGtape","https:\/\/www.linkedin.com\/company\/intertape-polymer-group","https:\/\/www.instagram.com\/ipgtape","https:\/\/www.youtube.com\/user\/IPGtape"]}]},"product_price_currency":"USD","og_availability":"instock","product_availability":"instock","product_retailer_item_id":"b32013c43ab9","product_condition":"new"},"parsely":{"version":"1.1.0","canonical_url":"https:\/\/itape.com\/es\/product\/premium-strapping-tape-es\/","smart_links":{"inbound":0,"outbound":0},"traffic_boost_suggestions_count":0,"meta":{"@context":"https:\/\/schema.org","@type":"WebPage","headline":"Premium Strapping Tape","url":"https:\/\/www.itape.com\/es\/product\/premium-strapping-tape-es\/","mainEntityOfPage":{"@type":"WebPage","@id":"https:\/\/www.itape.com\/es\/product\/premium-strapping-tape-es\/"},"thumbnailUrl":"https:\/\/www.itape.com\/wp-content\/uploads\/2023\/01\/PremiumStrappingTape.jpg?w=150&h=150&crop=1","image":{"@type":"ImageObject","url":"https:\/\/www.itape.com\/wp-content\/uploads\/2023\/01\/PremiumStrappingTape.jpg"},"articleSection":"Sin categorizar","author":[{"@type":"Person","name":"IPG"}],"creator":["IPG"],"publisher":{"@type":"Organization","name":"IPG","logo":"https:\/\/www.itape.com\/wp-content\/uploads\/2023\/03\/IPG-logo-2.png"},"keywords":[],"dateCreated":"2023-01-12T14:34:07Z","datePublished":"2023-01-12T14:34:07Z","dateModified":"2023-04-27T17:51:47Z"},"rendered":"<meta name=\"parsely-title\" content=\"Premium Strapping Tape\" \/>\n<meta name=\"parsely-link\" content=\"https:\/\/www.itape.com\/es\/product\/premium-strapping-tape-es\/\" \/>\n<meta name=\"parsely-type\" content=\"index\" \/>\n<meta name=\"parsely-image-url\" content=\"https:\/\/www.itape.com\/wp-content\/uploads\/2023\/01\/PremiumStrappingTape.jpg?w=150&amp;h=150&amp;crop=1\" \/>\n<meta name=\"parsely-pub-date\" content=\"2023-01-12T14:34:07Z\" \/>\n<meta name=\"parsely-section\" content=\"Sin categorizar\" \/>\n<meta name=\"parsely-author\" content=\"IPG\" \/>","tracker_url":"https:\/\/cdn.parsely.com\/keys\/itape.com\/p.js"},"jetpack_sharing_enabled":true,"_links":{"self":[{"href":"https:\/\/www.itape.com\/es\/wp-json\/wp\/v2\/product\/48423","targetHints":{"allow":["GET"]}}],"collection":[{"href":"https:\/\/www.itape.com\/es\/wp-json\/wp\/v2\/product"}],"about":[{"href":"https:\/\/www.itape.com\/es\/wp-json\/wp\/v2\/types\/product"}],"replies":[{"embeddable":true,"href":"https:\/\/www.itape.com\/es\/wp-json\/wp\/v2\/comments?post=48423"}],"wp:featuredmedia":[{"embeddable":true,"href":"https:\/\/www.itape.com\/es\/wp-json\/wp\/v2\/media\/62183"}],"wp:attachment":[{"href":"https:\/\/www.itape.com\/es\/wp-json\/wp\/v2\/media?parent=48423"}],"wp:term":[{"taxonomy":"product_brand","embeddable":true,"href":"https:\/\/www.itape.com\/es\/wp-json\/wp\/v2\/product_brand?post=48423"},{"taxonomy":"product_cat","embeddable":true,"href":"https:\/\/www.itape.com\/es\/wp-json\/wp\/v2\/product_cat?post=48423"},{"taxonomy":"product_tag","embeddable":true,"href":"https:\/\/www.itape.com\/es\/wp-json\/wp\/v2\/product_tag?post=48423"},{"taxonomy":"associated_application","embeddable":true,"href":"https:\/\/www.itape.com\/es\/wp-json\/wp\/v2\/associated_application?post=48423"}],"curies":[{"name":"wp","href":"https:\/\/api.w.org\/{rel}","templated":true}]}}