{"id":48572,"date":"2023-01-12T14:35:46","date_gmt":"2023-01-12T14:35:46","guid":{"rendered":"https:\/\/www.itape.com\/product\/bp755es-wat-dispenser-es-3\/"},"modified":"2023-10-30T17:18:37","modified_gmt":"2023-10-30T17:18:37","slug":"bp755es-wat-dispenser-es-3","status":"publish","type":"product","link":"https:\/\/www.itape.com\/es\/product\/bp755es-wat-dispenser-es-3\/","title":{"rendered":"BP755eS WAT Dispenser"},"content":{"rendered":"<div class=\"prose\">Better Pack 755eS y 755eM son superiores en entornos de embalaje exigentes y r\u00e1pidos, especialmente cuando se trata de precintar cajas en tama\u00f1os aleatorios. <\/div>\n","protected":false},"excerpt":{"rendered":"<p>La familia 755eS se ha dise\u00f1ado para 115\u00a0V y la 755eM para 220\u00a0V. Los veinte botones t\u00e1ctiles de programaci\u00f3n ofrecen flexibilidad de operaci\u00f3n con tan solo un toque para poder gestionar con rapidez diferentes tama\u00f1os de cajas. Dado que los dispensadores admiten cintas de hasta 10,2\u00a0cm (4&#8243;) de ancho, resultan particularmente pr\u00e1cticos para aplicaciones que requieren un refuerzo adicional, como los env\u00edos de art\u00edculos de gran tama\u00f1o y peso.<\/p>\n","protected":false},"featured_media":51964,"comment_status":"closed","ping_status":"closed","template":"","meta":{"_acf_changed":false},"product_brand":[],"product_cat":[7836,7668,7851,7864,7898,7844,7348,7838],"product_tag":[7384],"associated_application":[7201,7206,7202,7239,7231,7221,7285,7345,7210,7203,7262,7209,7216],"class_list":{"0":"post-48572","1":"product","2":"type-product","3":"status-publish","4":"has-post-thumbnail","6":"product_cat-automated-equipment-es-2","7":"product_cat-automated-packaging-es","8":"product_cat-automated-equipment-water-activated-tape-dispensers-es","9":"product_cat-carton-sealing-products-dispensadores-de-cinta-activada-por-agua-es","10":"product_cat-sustainable-packaging-dispensadores-de-cinta-activada-por-agua-es","11":"product_cat-sustainable-packaging-es","12":"product_cat-carton-sealing-machines-es","13":"product_cat-carton-sealing-products-es","14":"product_tag-wat-dispensers-es","15":"associated_application-aeroespacial-es","16":"associated_application-comercio-electronico-es","17":"associated_application-dispositivos-es","18":"associated_application-embalajegeneral-es-mercado-de-recambios-de-automocion-es","19":"associated_application-embalajegeneral-es-dispositivos-es","20":"associated_application-embalajegeneral-es","21":"associated_application-embalajegeneral-es-procesamiento-de-alimentos-es","22":"associated_application-embalajegeneral-es-transporte-es","23":"associated_application-fabricacion-general-es","24":"associated_application-mercado-de-recambios-de-automocion-es","25":"associated_application-precintado-dispensadores-de-cinta-activada-por-agua-es","26":"associated_application-procesamiento-de-alimentos-es","27":"associated_application-transporte-es","29":"first","30":"instock","31":"product-type-simple"},"acf":[],"yoast_head":"<!-- This site is optimized with the Yoast SEO Premium plugin v24.1 (Yoast SEO v27.0) - https:\/\/yoast.com\/product\/yoast-seo-premium-wordpress\/ -->\n<title>BP755eS WAT Dispenser - IPG<\/title>\n<meta name=\"robots\" content=\"index, follow, max-snippet:-1, max-image-preview:large, max-video-preview:-1\" \/>\n<link rel=\"canonical\" href=\"https:\/\/www.itape.com\/es\/product\/bp755es-wat-dispenser-es-3\/\" \/>\n<meta property=\"og:locale\" content=\"es_ES\" \/>\n<meta property=\"og:type\" content=\"article\" \/>\n<meta property=\"og:title\" content=\"BP755eS WAT Dispenser\" \/>\n<meta property=\"og:description\" content=\"La familia 755eS se ha dise\u00f1ado para 115\u00a0V y la 755eM para 220\u00a0V. Los veinte botones t\u00e1ctiles de programaci\u00f3n ofrecen flexibilidad de operaci\u00f3n con tan solo un toque para poder gestionar con rapidez diferentes tama\u00f1os de cajas. Dado que los dispensadores admiten cintas de hasta 10,2\u00a0cm (4&quot;) de ancho, resultan particularmente pr\u00e1cticos para aplicaciones que requieren un refuerzo adicional, como los env\u00edos de art\u00edculos de gran tama\u00f1o y peso.\" \/>\n<meta property=\"og:url\" content=\"https:\/\/www.itape.com\/es\/product\/bp755es-wat-dispenser-es-3\/\" \/>\n<meta property=\"og:site_name\" content=\"IPG\" \/>\n<meta property=\"article:publisher\" content=\"https:\/\/www.facebook.com\/intertape\" \/>\n<meta property=\"article:modified_time\" content=\"2023-10-30T17:18:37+00:00\" \/>\n<meta property=\"og:image\" content=\"https:\/\/www.itape.com\/wp-content\/uploads\/2023\/01\/BP755E_high.jpg\" \/>\n\t<meta property=\"og:image:width\" content=\"2400\" \/>\n\t<meta property=\"og:image:height\" content=\"2400\" \/>\n\t<meta property=\"og:image:type\" content=\"image\/jpeg\" \/>\n<meta name=\"twitter:card\" content=\"summary_large_image\" \/>\n<meta name=\"twitter:site\" content=\"@IPGtape\" \/>\n<meta name=\"twitter:label1\" content=\"Price\" \/>\n\t<meta name=\"twitter:data1\" content=\"\" \/>\n\t<meta name=\"twitter:label2\" content=\"Availability\" \/>\n\t<meta name=\"twitter:data2\" content=\"In stock\" \/>\n<script type=\"application\/ld+json\" class=\"yoast-schema-graph\">{\"@context\":\"https:\/\/schema.org\",\"@graph\":[{\"@type\":\"WebPage\",\"@id\":\"https:\/\/www.itape.com\/es\/product\/bp755es-wat-dispenser-es-3\/\",\"url\":\"https:\/\/www.itape.com\/es\/product\/bp755es-wat-dispenser-es-3\/\",\"name\":\"BP755eS WAT Dispenser - IPG\",\"isPartOf\":{\"@id\":\"https:\/\/www.itape.com\/#website\"},\"primaryImageOfPage\":{\"@id\":\"https:\/\/www.itape.com\/es\/product\/bp755es-wat-dispenser-es-3\/#primaryimage\"},\"image\":{\"@id\":\"https:\/\/www.itape.com\/es\/product\/bp755es-wat-dispenser-es-3\/#primaryimage\"},\"thumbnailUrl\":\"https:\/\/www.itape.com\/wp-content\/uploads\/2023\/01\/BP755E_high.jpg\",\"datePublished\":\"2023-01-12T14:35:46+00:00\",\"dateModified\":\"2023-10-30T17:18:37+00:00\",\"breadcrumb\":{\"@id\":\"https:\/\/www.itape.com\/es\/product\/bp755es-wat-dispenser-es-3\/#breadcrumb\"},\"inLanguage\":\"es\",\"potentialAction\":[{\"@type\":\"ReadAction\",\"target\":[\"https:\/\/www.itape.com\/es\/product\/bp755es-wat-dispenser-es-3\/\"]}]},{\"@type\":\"ImageObject\",\"inLanguage\":\"es\",\"@id\":\"https:\/\/www.itape.com\/es\/product\/bp755es-wat-dispenser-es-3\/#primaryimage\",\"url\":\"https:\/\/www.itape.com\/wp-content\/uploads\/2023\/01\/BP755E_high.jpg\",\"contentUrl\":\"https:\/\/www.itape.com\/wp-content\/uploads\/2023\/01\/BP755E_high.jpg\",\"width\":2400,\"height\":2400,\"caption\":\"BP755E_Machine\"},{\"@type\":\"BreadcrumbList\",\"@id\":\"https:\/\/www.itape.com\/es\/product\/bp755es-wat-dispenser-es-3\/#breadcrumb\",\"itemListElement\":[{\"@type\":\"ListItem\",\"position\":1,\"name\":\"Home\",\"item\":\"https:\/\/www.itape.com\/es\/\"},{\"@type\":\"ListItem\",\"position\":2,\"name\":\"Products\",\"item\":\"https:\/\/www.itape.com\/products\/\"},{\"@type\":\"ListItem\",\"position\":3,\"name\":\"BP755eS WAT Dispenser\"}]},{\"@type\":\"WebSite\",\"@id\":\"https:\/\/www.itape.com\/#website\",\"url\":\"https:\/\/www.itape.com\/\",\"name\":\"IPG\",\"description\":\"Global Leader in Packaging and Protective Solutions\",\"publisher\":{\"@id\":\"https:\/\/www.itape.com\/#organization\"},\"potentialAction\":[{\"@type\":\"SearchAction\",\"target\":{\"@type\":\"EntryPoint\",\"urlTemplate\":\"https:\/\/www.itape.com\/?s={search_term_string}\"},\"query-input\":{\"@type\":\"PropertyValueSpecification\",\"valueRequired\":true,\"valueName\":\"search_term_string\"}}],\"inLanguage\":\"es\"},{\"@type\":\"Organization\",\"@id\":\"https:\/\/www.itape.com\/#organization\",\"name\":\"IPG\",\"url\":\"https:\/\/www.itape.com\/\",\"logo\":{\"@type\":\"ImageObject\",\"inLanguage\":\"es\",\"@id\":\"https:\/\/www.itape.com\/#\/schema\/logo\/image\/\",\"url\":\"https:\/\/www.itape.com\/wp-content\/uploads\/2024\/06\/IPG-logo-2.png\",\"contentUrl\":\"https:\/\/www.itape.com\/wp-content\/uploads\/2024\/06\/IPG-logo-2.png\",\"width\":60,\"height\":60,\"caption\":\"IPG\"},\"image\":{\"@id\":\"https:\/\/www.itape.com\/#\/schema\/logo\/image\/\"},\"sameAs\":[\"https:\/\/www.facebook.com\/intertape\",\"https:\/\/x.com\/IPGtape\",\"https:\/\/www.linkedin.com\/company\/intertape-polymer-group\",\"https:\/\/www.instagram.com\/ipgtape\",\"https:\/\/www.youtube.com\/user\/IPGtape\"]}]}<\/script>\n<meta property=\"product:price:currency\" content=\"USD\" \/>\n<meta property=\"og:availability\" content=\"instock\" \/>\n<meta property=\"product:availability\" content=\"instock\" \/>\n<meta property=\"product:retailer_item_id\" content=\"1f7f4c8ae217\" \/>\n<meta property=\"product:condition\" content=\"new\" \/>\n<!-- \/ Yoast SEO Premium plugin. -->","yoast_head_json":{"title":"BP755eS WAT Dispenser - IPG","robots":{"index":"index","follow":"follow","max-snippet":"max-snippet:-1","max-image-preview":"max-image-preview:large","max-video-preview":"max-video-preview:-1"},"canonical":"https:\/\/www.itape.com\/es\/product\/bp755es-wat-dispenser-es-3\/","og_locale":"es_ES","og_type":"article","og_title":"BP755eS WAT Dispenser","og_description":"La familia 755eS se ha dise\u00f1ado para 115\u00a0V y la 755eM para 220\u00a0V. Los veinte botones t\u00e1ctiles de programaci\u00f3n ofrecen flexibilidad de operaci\u00f3n con tan solo un toque para poder gestionar con rapidez diferentes tama\u00f1os de cajas. Dado que los dispensadores admiten cintas de hasta 10,2\u00a0cm (4\") de ancho, resultan particularmente pr\u00e1cticos para aplicaciones que requieren un refuerzo adicional, como los env\u00edos de art\u00edculos de gran tama\u00f1o y peso.","og_url":"https:\/\/www.itape.com\/es\/product\/bp755es-wat-dispenser-es-3\/","og_site_name":"IPG","article_publisher":"https:\/\/www.facebook.com\/intertape","article_modified_time":"2023-10-30T17:18:37+00:00","og_image":[{"width":2400,"height":2400,"url":"https:\/\/www.itape.com\/wp-content\/uploads\/2023\/01\/BP755E_high.jpg","type":"image\/jpeg"}],"twitter_card":"summary_large_image","twitter_site":"@IPGtape","twitter_misc":{"Price":"","Availability":"In stock"},"schema":{"@context":"https:\/\/schema.org","@graph":[{"@type":"WebPage","@id":"https:\/\/www.itape.com\/es\/product\/bp755es-wat-dispenser-es-3\/","url":"https:\/\/www.itape.com\/es\/product\/bp755es-wat-dispenser-es-3\/","name":"BP755eS WAT Dispenser - IPG","isPartOf":{"@id":"https:\/\/www.itape.com\/#website"},"primaryImageOfPage":{"@id":"https:\/\/www.itape.com\/es\/product\/bp755es-wat-dispenser-es-3\/#primaryimage"},"image":{"@id":"https:\/\/www.itape.com\/es\/product\/bp755es-wat-dispenser-es-3\/#primaryimage"},"thumbnailUrl":"https:\/\/www.itape.com\/wp-content\/uploads\/2023\/01\/BP755E_high.jpg","datePublished":"2023-01-12T14:35:46+00:00","dateModified":"2023-10-30T17:18:37+00:00","breadcrumb":{"@id":"https:\/\/www.itape.com\/es\/product\/bp755es-wat-dispenser-es-3\/#breadcrumb"},"inLanguage":"es","potentialAction":[{"@type":"ReadAction","target":["https:\/\/www.itape.com\/es\/product\/bp755es-wat-dispenser-es-3\/"]}]},{"@type":"ImageObject","inLanguage":"es","@id":"https:\/\/www.itape.com\/es\/product\/bp755es-wat-dispenser-es-3\/#primaryimage","url":"https:\/\/www.itape.com\/wp-content\/uploads\/2023\/01\/BP755E_high.jpg","contentUrl":"https:\/\/www.itape.com\/wp-content\/uploads\/2023\/01\/BP755E_high.jpg","width":2400,"height":2400,"caption":"BP755E_Machine"},{"@type":"BreadcrumbList","@id":"https:\/\/www.itape.com\/es\/product\/bp755es-wat-dispenser-es-3\/#breadcrumb","itemListElement":[{"@type":"ListItem","position":1,"name":"Home","item":"https:\/\/www.itape.com\/es\/"},{"@type":"ListItem","position":2,"name":"Products","item":"https:\/\/www.itape.com\/products\/"},{"@type":"ListItem","position":3,"name":"BP755eS WAT Dispenser"}]},{"@type":"WebSite","@id":"https:\/\/www.itape.com\/#website","url":"https:\/\/www.itape.com\/","name":"IPG","description":"Global Leader in Packaging and Protective Solutions","publisher":{"@id":"https:\/\/www.itape.com\/#organization"},"potentialAction":[{"@type":"SearchAction","target":{"@type":"EntryPoint","urlTemplate":"https:\/\/www.itape.com\/?s={search_term_string}"},"query-input":{"@type":"PropertyValueSpecification","valueRequired":true,"valueName":"search_term_string"}}],"inLanguage":"es"},{"@type":"Organization","@id":"https:\/\/www.itape.com\/#organization","name":"IPG","url":"https:\/\/www.itape.com\/","logo":{"@type":"ImageObject","inLanguage":"es","@id":"https:\/\/www.itape.com\/#\/schema\/logo\/image\/","url":"https:\/\/www.itape.com\/wp-content\/uploads\/2024\/06\/IPG-logo-2.png","contentUrl":"https:\/\/www.itape.com\/wp-content\/uploads\/2024\/06\/IPG-logo-2.png","width":60,"height":60,"caption":"IPG"},"image":{"@id":"https:\/\/www.itape.com\/#\/schema\/logo\/image\/"},"sameAs":["https:\/\/www.facebook.com\/intertape","https:\/\/x.com\/IPGtape","https:\/\/www.linkedin.com\/company\/intertape-polymer-group","https:\/\/www.instagram.com\/ipgtape","https:\/\/www.youtube.com\/user\/IPGtape"]}]},"product_price_currency":"USD","og_availability":"instock","product_availability":"instock","product_retailer_item_id":"1f7f4c8ae217","product_condition":"new"},"parsely":{"version":"1.1.0","canonical_url":"https:\/\/itape.com\/es\/product\/bp755es-wat-dispenser-es-3\/","smart_links":{"inbound":0,"outbound":0},"traffic_boost_suggestions_count":0,"meta":{"@context":"https:\/\/schema.org","@type":"WebPage","headline":"BP755eS WAT Dispenser","url":"https:\/\/www.itape.com\/es\/product\/bp755es-wat-dispenser-es-3\/","mainEntityOfPage":{"@type":"WebPage","@id":"https:\/\/www.itape.com\/es\/product\/bp755es-wat-dispenser-es-3\/"},"thumbnailUrl":"https:\/\/www.itape.com\/wp-content\/uploads\/2023\/01\/BP755E_high.jpg?w=150&h=150&crop=1","image":{"@type":"ImageObject","url":"https:\/\/www.itape.com\/wp-content\/uploads\/2023\/01\/BP755E_high.jpg"},"articleSection":"Sin categorizar","author":[{"@type":"Person","name":"IPG"}],"creator":["IPG"],"publisher":{"@type":"Organization","name":"IPG","logo":"https:\/\/www.itape.com\/wp-content\/uploads\/2023\/03\/IPG-logo-2.png"},"keywords":[],"dateCreated":"2023-01-12T14:35:46Z","datePublished":"2023-01-12T14:35:46Z","dateModified":"2023-10-30T17:18:37Z"},"rendered":"<meta name=\"parsely-title\" content=\"BP755eS WAT Dispenser\" \/>\n<meta name=\"parsely-link\" content=\"https:\/\/www.itape.com\/es\/product\/bp755es-wat-dispenser-es-3\/\" \/>\n<meta name=\"parsely-type\" content=\"index\" \/>\n<meta name=\"parsely-image-url\" content=\"https:\/\/www.itape.com\/wp-content\/uploads\/2023\/01\/BP755E_high.jpg?w=150&amp;h=150&amp;crop=1\" \/>\n<meta name=\"parsely-pub-date\" content=\"2023-01-12T14:35:46Z\" \/>\n<meta name=\"parsely-section\" content=\"Sin categorizar\" \/>\n<meta name=\"parsely-author\" content=\"IPG\" \/>","tracker_url":"https:\/\/cdn.parsely.com\/keys\/itape.com\/p.js"},"jetpack_sharing_enabled":true,"_links":{"self":[{"href":"https:\/\/www.itape.com\/es\/wp-json\/wp\/v2\/product\/48572","targetHints":{"allow":["GET"]}}],"collection":[{"href":"https:\/\/www.itape.com\/es\/wp-json\/wp\/v2\/product"}],"about":[{"href":"https:\/\/www.itape.com\/es\/wp-json\/wp\/v2\/types\/product"}],"replies":[{"embeddable":true,"href":"https:\/\/www.itape.com\/es\/wp-json\/wp\/v2\/comments?post=48572"}],"wp:featuredmedia":[{"embeddable":true,"href":"https:\/\/www.itape.com\/es\/wp-json\/wp\/v2\/media\/51964"}],"wp:attachment":[{"href":"https:\/\/www.itape.com\/es\/wp-json\/wp\/v2\/media?parent=48572"}],"wp:term":[{"taxonomy":"product_brand","embeddable":true,"href":"https:\/\/www.itape.com\/es\/wp-json\/wp\/v2\/product_brand?post=48572"},{"taxonomy":"product_cat","embeddable":true,"href":"https:\/\/www.itape.com\/es\/wp-json\/wp\/v2\/product_cat?post=48572"},{"taxonomy":"product_tag","embeddable":true,"href":"https:\/\/www.itape.com\/es\/wp-json\/wp\/v2\/product_tag?post=48572"},{"taxonomy":"associated_application","embeddable":true,"href":"https:\/\/www.itape.com\/es\/wp-json\/wp\/v2\/associated_application?post=48572"}],"curies":[{"name":"wp","href":"https:\/\/api.w.org\/{rel}","templated":true}]}}