{"id":57466,"date":"2023-01-12T14:34:24","date_gmt":"2023-01-12T14:34:24","guid":{"rendered":"https:\/\/www.itape.com\/product\/palisade-sa-ht\/"},"modified":"2023-07-25T14:28:13","modified_gmt":"2023-07-25T14:28:13","slug":"palisade-sa-ht","status":"publish","type":"product","link":"https:\/\/www.itape.com\/es\/product\/palisade-sa-ht\/","title":{"rendered":"Palisade SA-HT"},"content":{"rendered":"<div class=\"prose\">PALISADE SA-HT is a high temperature stable (250\u00b0F) self-adhered underlayment for steep slope applications and provides full roof deck waterproof protection. PALISADE SA-HT is engineered to provide the most advanced all weather high traction walking surface in the marketplace featuring STRONGHOLD\u2122 a patented top surface featuring a unique pattern of polymer dots and a grip enhanced back side coating.<\/div>\n","protected":false},"excerpt":{"rendered":"<p>PALISADE SA-HT es un recubrimiento autoadhesivo estable a altas temperaturas (250\u00a0\u00b0F) para aplicaciones en pendientes pronunciadas y proporciona una protecci\u00f3n impermeable completa de terrazas en azoteas. PALISADE SA-HT est\u00e1 dise\u00f1ado para proporcionar la superficie de alta tracci\u00f3n m\u00e1s avanzada del mercado para caminar en cualquier condici\u00f3n meteorol\u00f3gica, con STRONGHOLD\u2122, una superficie superior patentada con un patr\u00f3n \u00fanico de puntos de pol\u00edmero y un revestimiento posterior que mejora el agarre.<\/p>\n","protected":false},"featured_media":61206,"comment_status":"closed","ping_status":"closed","template":"","meta":{"_acf_changed":false},"product_brand":[],"product_cat":[7839,7837,7858],"product_tag":[7928],"associated_application":[7204,7243],"class_list":{"0":"post-57466","1":"product","2":"type-product","3":"status-publish","4":"has-post-thumbnail","6":"product_cat-engineered-coated-products-es","7":"product_cat-building-and-construction-products-es","8":"product_cat-building-and-construction-products-recubrimiento-para-techos-es","9":"product_tag-new-stylegroup-es","10":"associated_application-edificios-construccion-es","11":"associated_application-humedad-del-aire-gestion-del-vapor-es","13":"first","14":"instock","15":"product-type-simple"},"acf":[],"yoast_head":"<!-- This site is optimized with the Yoast SEO Premium plugin v24.1 (Yoast SEO v27.0) - https:\/\/yoast.com\/product\/yoast-seo-premium-wordpress\/ -->\n<title>Palisade SA-HT - IPG<\/title>\n<meta name=\"description\" content=\"Ensure reliable sealing and bonding with Palisade SA-HT adhesive by Itape. Inquire today and discover a high-tack and heat-resistant solution for your demanding industrial applications.\" \/>\n<meta name=\"robots\" content=\"index, follow, max-snippet:-1, max-image-preview:large, max-video-preview:-1\" \/>\n<link rel=\"canonical\" href=\"https:\/\/www.itape.com\/product\/palisade-sa-ht\/\" \/>\n<meta property=\"og:locale\" content=\"es_ES\" \/>\n<meta property=\"og:type\" content=\"article\" \/>\n<meta property=\"og:title\" content=\"Palisade SA-HT\" \/>\n<meta property=\"og:description\" content=\"Ensure reliable sealing and bonding with Palisade SA-HT adhesive by Itape. Inquire today and discover a high-tack and heat-resistant solution for your demanding industrial applications.\" \/>\n<meta property=\"og:url\" content=\"https:\/\/www.itape.com\/product\/palisade-sa-ht\/\" \/>\n<meta property=\"og:site_name\" content=\"IPG\" \/>\n<meta property=\"article:publisher\" content=\"https:\/\/www.facebook.com\/intertape\" \/>\n<meta property=\"article:modified_time\" content=\"2023-07-25T14:28:13+00:00\" \/>\n<meta property=\"og:image\" content=\"https:\/\/www.itape.com\/wp-content\/uploads\/2023\/10\/palisade-sa-ht_high.jpg\" \/>\n\t<meta property=\"og:image:width\" content=\"2400\" \/>\n\t<meta property=\"og:image:height\" content=\"2400\" \/>\n\t<meta property=\"og:image:type\" content=\"image\/jpeg\" \/>\n<meta name=\"twitter:card\" content=\"summary_large_image\" \/>\n<meta name=\"twitter:site\" content=\"@IPGtape\" \/>\n<meta name=\"twitter:label1\" content=\"Price\" \/>\n\t<meta name=\"twitter:data1\" content=\"\" \/>\n\t<meta name=\"twitter:label2\" content=\"Availability\" \/>\n\t<meta name=\"twitter:data2\" content=\"In stock\" \/>\n<script type=\"application\/ld+json\" class=\"yoast-schema-graph\">{\"@context\":\"https:\/\/schema.org\",\"@graph\":[{\"@type\":\"WebPage\",\"@id\":\"https:\/\/www.itape.com\/product\/palisade-sa-ht\/\",\"url\":\"https:\/\/www.itape.com\/product\/palisade-sa-ht\/\",\"name\":\"Palisade SA-HT - IPG\",\"isPartOf\":{\"@id\":\"https:\/\/www.itape.com\/#website\"},\"primaryImageOfPage\":{\"@id\":\"https:\/\/www.itape.com\/product\/palisade-sa-ht\/#primaryimage\"},\"image\":{\"@id\":\"https:\/\/www.itape.com\/product\/palisade-sa-ht\/#primaryimage\"},\"thumbnailUrl\":\"https:\/\/www.itape.com\/wp-content\/uploads\/2023\/10\/palisade-sa-ht_high.jpg\",\"datePublished\":\"2023-01-12T14:34:24+00:00\",\"dateModified\":\"2023-07-25T14:28:13+00:00\",\"description\":\"Ensure reliable sealing and bonding with Palisade SA-HT adhesive by Itape. Inquire today and discover a high-tack and heat-resistant solution for your demanding industrial applications.\",\"breadcrumb\":{\"@id\":\"https:\/\/www.itape.com\/product\/palisade-sa-ht\/#breadcrumb\"},\"inLanguage\":\"es\",\"potentialAction\":[{\"@type\":\"ReadAction\",\"target\":[\"https:\/\/www.itape.com\/product\/palisade-sa-ht\/\"]}]},{\"@type\":\"ImageObject\",\"inLanguage\":\"es\",\"@id\":\"https:\/\/www.itape.com\/product\/palisade-sa-ht\/#primaryimage\",\"url\":\"https:\/\/www.itape.com\/wp-content\/uploads\/2023\/10\/palisade-sa-ht_high.jpg\",\"contentUrl\":\"https:\/\/www.itape.com\/wp-content\/uploads\/2023\/10\/palisade-sa-ht_high.jpg\",\"width\":2400,\"height\":2400,\"caption\":\"IPG Palisade SA-HT Roofing Underlayment\"},{\"@type\":\"BreadcrumbList\",\"@id\":\"https:\/\/www.itape.com\/product\/palisade-sa-ht\/#breadcrumb\",\"itemListElement\":[{\"@type\":\"ListItem\",\"position\":1,\"name\":\"Home\",\"item\":\"https:\/\/www.itape.com\/es\/\"},{\"@type\":\"ListItem\",\"position\":2,\"name\":\"Products\",\"item\":\"https:\/\/www.itape.com\/products\/\"},{\"@type\":\"ListItem\",\"position\":3,\"name\":\"Palisade SA-HT\"}]},{\"@type\":\"WebSite\",\"@id\":\"https:\/\/www.itape.com\/#website\",\"url\":\"https:\/\/www.itape.com\/\",\"name\":\"IPG\",\"description\":\"Global Leader in Packaging and Protective Solutions\",\"publisher\":{\"@id\":\"https:\/\/www.itape.com\/#organization\"},\"potentialAction\":[{\"@type\":\"SearchAction\",\"target\":{\"@type\":\"EntryPoint\",\"urlTemplate\":\"https:\/\/www.itape.com\/?s={search_term_string}\"},\"query-input\":{\"@type\":\"PropertyValueSpecification\",\"valueRequired\":true,\"valueName\":\"search_term_string\"}}],\"inLanguage\":\"es\"},{\"@type\":\"Organization\",\"@id\":\"https:\/\/www.itape.com\/#organization\",\"name\":\"IPG\",\"url\":\"https:\/\/www.itape.com\/\",\"logo\":{\"@type\":\"ImageObject\",\"inLanguage\":\"es\",\"@id\":\"https:\/\/www.itape.com\/#\/schema\/logo\/image\/\",\"url\":\"https:\/\/www.itape.com\/wp-content\/uploads\/2024\/06\/IPG-logo-2.png\",\"contentUrl\":\"https:\/\/www.itape.com\/wp-content\/uploads\/2024\/06\/IPG-logo-2.png\",\"width\":60,\"height\":60,\"caption\":\"IPG\"},\"image\":{\"@id\":\"https:\/\/www.itape.com\/#\/schema\/logo\/image\/\"},\"sameAs\":[\"https:\/\/www.facebook.com\/intertape\",\"https:\/\/x.com\/IPGtape\",\"https:\/\/www.linkedin.com\/company\/intertape-polymer-group\",\"https:\/\/www.instagram.com\/ipgtape\",\"https:\/\/www.youtube.com\/user\/IPGtape\"]}]}<\/script>\n<meta property=\"product:price:currency\" content=\"USD\" \/>\n<meta property=\"og:availability\" content=\"instock\" \/>\n<meta property=\"product:availability\" content=\"instock\" \/>\n<meta property=\"product:retailer_item_id\" content=\"10e58a07123b\" \/>\n<meta property=\"product:condition\" content=\"new\" \/>\n<!-- \/ Yoast SEO Premium plugin. -->","yoast_head_json":{"title":"Palisade SA-HT - IPG","description":"Ensure reliable sealing and bonding with Palisade SA-HT adhesive by Itape. Inquire today and discover a high-tack and heat-resistant solution for your demanding industrial applications.","robots":{"index":"index","follow":"follow","max-snippet":"max-snippet:-1","max-image-preview":"max-image-preview:large","max-video-preview":"max-video-preview:-1"},"canonical":"https:\/\/www.itape.com\/product\/palisade-sa-ht\/","og_locale":"es_ES","og_type":"article","og_title":"Palisade SA-HT","og_description":"Ensure reliable sealing and bonding with Palisade SA-HT adhesive by Itape. Inquire today and discover a high-tack and heat-resistant solution for your demanding industrial applications.","og_url":"https:\/\/www.itape.com\/product\/palisade-sa-ht\/","og_site_name":"IPG","article_publisher":"https:\/\/www.facebook.com\/intertape","article_modified_time":"2023-07-25T14:28:13+00:00","og_image":[{"width":2400,"height":2400,"url":"https:\/\/www.itape.com\/wp-content\/uploads\/2023\/10\/palisade-sa-ht_high.jpg","type":"image\/jpeg"}],"twitter_card":"summary_large_image","twitter_site":"@IPGtape","twitter_misc":{"Price":"","Availability":"In stock"},"schema":{"@context":"https:\/\/schema.org","@graph":[{"@type":"WebPage","@id":"https:\/\/www.itape.com\/product\/palisade-sa-ht\/","url":"https:\/\/www.itape.com\/product\/palisade-sa-ht\/","name":"Palisade SA-HT - IPG","isPartOf":{"@id":"https:\/\/www.itape.com\/#website"},"primaryImageOfPage":{"@id":"https:\/\/www.itape.com\/product\/palisade-sa-ht\/#primaryimage"},"image":{"@id":"https:\/\/www.itape.com\/product\/palisade-sa-ht\/#primaryimage"},"thumbnailUrl":"https:\/\/www.itape.com\/wp-content\/uploads\/2023\/10\/palisade-sa-ht_high.jpg","datePublished":"2023-01-12T14:34:24+00:00","dateModified":"2023-07-25T14:28:13+00:00","description":"Ensure reliable sealing and bonding with Palisade SA-HT adhesive by Itape. Inquire today and discover a high-tack and heat-resistant solution for your demanding industrial applications.","breadcrumb":{"@id":"https:\/\/www.itape.com\/product\/palisade-sa-ht\/#breadcrumb"},"inLanguage":"es","potentialAction":[{"@type":"ReadAction","target":["https:\/\/www.itape.com\/product\/palisade-sa-ht\/"]}]},{"@type":"ImageObject","inLanguage":"es","@id":"https:\/\/www.itape.com\/product\/palisade-sa-ht\/#primaryimage","url":"https:\/\/www.itape.com\/wp-content\/uploads\/2023\/10\/palisade-sa-ht_high.jpg","contentUrl":"https:\/\/www.itape.com\/wp-content\/uploads\/2023\/10\/palisade-sa-ht_high.jpg","width":2400,"height":2400,"caption":"IPG Palisade SA-HT Roofing Underlayment"},{"@type":"BreadcrumbList","@id":"https:\/\/www.itape.com\/product\/palisade-sa-ht\/#breadcrumb","itemListElement":[{"@type":"ListItem","position":1,"name":"Home","item":"https:\/\/www.itape.com\/es\/"},{"@type":"ListItem","position":2,"name":"Products","item":"https:\/\/www.itape.com\/products\/"},{"@type":"ListItem","position":3,"name":"Palisade SA-HT"}]},{"@type":"WebSite","@id":"https:\/\/www.itape.com\/#website","url":"https:\/\/www.itape.com\/","name":"IPG","description":"Global Leader in Packaging and Protective Solutions","publisher":{"@id":"https:\/\/www.itape.com\/#organization"},"potentialAction":[{"@type":"SearchAction","target":{"@type":"EntryPoint","urlTemplate":"https:\/\/www.itape.com\/?s={search_term_string}"},"query-input":{"@type":"PropertyValueSpecification","valueRequired":true,"valueName":"search_term_string"}}],"inLanguage":"es"},{"@type":"Organization","@id":"https:\/\/www.itape.com\/#organization","name":"IPG","url":"https:\/\/www.itape.com\/","logo":{"@type":"ImageObject","inLanguage":"es","@id":"https:\/\/www.itape.com\/#\/schema\/logo\/image\/","url":"https:\/\/www.itape.com\/wp-content\/uploads\/2024\/06\/IPG-logo-2.png","contentUrl":"https:\/\/www.itape.com\/wp-content\/uploads\/2024\/06\/IPG-logo-2.png","width":60,"height":60,"caption":"IPG"},"image":{"@id":"https:\/\/www.itape.com\/#\/schema\/logo\/image\/"},"sameAs":["https:\/\/www.facebook.com\/intertape","https:\/\/x.com\/IPGtape","https:\/\/www.linkedin.com\/company\/intertape-polymer-group","https:\/\/www.instagram.com\/ipgtape","https:\/\/www.youtube.com\/user\/IPGtape"]}]},"product_price_currency":"USD","og_availability":"instock","product_availability":"instock","product_retailer_item_id":"10e58a07123b","product_condition":"new"},"parsely":{"version":"1.1.0","canonical_url":"https:\/\/itape.com\/es\/product\/palisade-sa-ht\/","smart_links":{"inbound":0,"outbound":0},"traffic_boost_suggestions_count":0,"meta":{"@context":"https:\/\/schema.org","@type":"WebPage","headline":"Palisade SA-HT","url":"https:\/\/www.itape.com\/es\/product\/palisade-sa-ht\/","mainEntityOfPage":{"@type":"WebPage","@id":"https:\/\/www.itape.com\/es\/product\/palisade-sa-ht\/"},"thumbnailUrl":"https:\/\/www.itape.com\/wp-content\/uploads\/2023\/10\/palisade-sa-ht_high.jpg?w=150&h=150&crop=1","image":{"@type":"ImageObject","url":"https:\/\/www.itape.com\/wp-content\/uploads\/2023\/10\/palisade-sa-ht_high.jpg"},"articleSection":"Sin categorizar","author":[{"@type":"Person","name":"IPG"}],"creator":["IPG"],"publisher":{"@type":"Organization","name":"IPG","logo":"https:\/\/www.itape.com\/wp-content\/uploads\/2023\/03\/IPG-logo-2.png"},"keywords":[],"dateCreated":"2023-01-12T14:34:24Z","datePublished":"2023-01-12T14:34:24Z","dateModified":"2023-07-25T14:28:13Z"},"rendered":"<meta name=\"parsely-title\" content=\"Palisade SA-HT\" \/>\n<meta name=\"parsely-link\" content=\"https:\/\/www.itape.com\/es\/product\/palisade-sa-ht\/\" \/>\n<meta name=\"parsely-type\" content=\"index\" \/>\n<meta name=\"parsely-image-url\" content=\"https:\/\/www.itape.com\/wp-content\/uploads\/2023\/10\/palisade-sa-ht_high.jpg?w=150&amp;h=150&amp;crop=1\" \/>\n<meta name=\"parsely-pub-date\" content=\"2023-01-12T14:34:24Z\" \/>\n<meta name=\"parsely-section\" content=\"Sin categorizar\" \/>\n<meta name=\"parsely-author\" content=\"IPG\" \/>","tracker_url":"https:\/\/cdn.parsely.com\/keys\/itape.com\/p.js"},"jetpack_sharing_enabled":true,"_links":{"self":[{"href":"https:\/\/www.itape.com\/es\/wp-json\/wp\/v2\/product\/57466","targetHints":{"allow":["GET"]}}],"collection":[{"href":"https:\/\/www.itape.com\/es\/wp-json\/wp\/v2\/product"}],"about":[{"href":"https:\/\/www.itape.com\/es\/wp-json\/wp\/v2\/types\/product"}],"replies":[{"embeddable":true,"href":"https:\/\/www.itape.com\/es\/wp-json\/wp\/v2\/comments?post=57466"}],"wp:featuredmedia":[{"embeddable":true,"href":"https:\/\/www.itape.com\/es\/wp-json\/wp\/v2\/media\/61206"}],"wp:attachment":[{"href":"https:\/\/www.itape.com\/es\/wp-json\/wp\/v2\/media?parent=57466"}],"wp:term":[{"taxonomy":"product_brand","embeddable":true,"href":"https:\/\/www.itape.com\/es\/wp-json\/wp\/v2\/product_brand?post=57466"},{"taxonomy":"product_cat","embeddable":true,"href":"https:\/\/www.itape.com\/es\/wp-json\/wp\/v2\/product_cat?post=57466"},{"taxonomy":"product_tag","embeddable":true,"href":"https:\/\/www.itape.com\/es\/wp-json\/wp\/v2\/product_tag?post=57466"},{"taxonomy":"associated_application","embeddable":true,"href":"https:\/\/www.itape.com\/es\/wp-json\/wp\/v2\/associated_application?post=57466"}],"curies":[{"name":"wp","href":"https:\/\/api.w.org\/{rel}","templated":true}]}}