{"id":57471,"date":"2023-01-12T14:34:24","date_gmt":"2023-01-12T14:34:24","guid":{"rendered":"https:\/\/www.itape.com\/product\/palisade-synthetic-underlayment\/"},"modified":"2023-07-25T14:34:23","modified_gmt":"2023-07-25T14:34:23","slug":"palisade-synthetic-underlayment","status":"publish","type":"product","link":"https:\/\/www.itape.com\/es\/product\/palisade-synthetic-underlayment\/","title":{"rendered":"Palisade Synthetic Underlayment"},"content":{"rendered":"","protected":false},"excerpt":{"rendered":"<p>PALISADE es un recubrimiento sint\u00e9tico de cuatro capas de primera calidad para techos con pendientes pronunciadas. PALISADE SA-HT est\u00e1 dise\u00f1ado para proporcionar la superficie de alta tracci\u00f3n m\u00e1s avanzada del mercado para caminar en cualquier condici\u00f3n meteorol\u00f3gica, con STRONGHOLD Skid Resistant Technology, una superficie superior patentada con un patr\u00f3n \u00fanico de puntos de pol\u00edmero y un revestimiento posterior que mejora el agarre.<\/p>\n","protected":false},"featured_media":53189,"comment_status":"closed","ping_status":"closed","template":"","meta":{"_acf_changed":false},"product_brand":[],"product_cat":[7839,7837,7858],"product_tag":[7928],"associated_application":[7204,7243],"class_list":{"0":"post-57471","1":"product","2":"type-product","3":"status-publish","4":"has-post-thumbnail","6":"product_cat-engineered-coated-products-es","7":"product_cat-building-and-construction-products-es","8":"product_cat-building-and-construction-products-recubrimiento-para-techos-es","9":"product_tag-new-stylegroup-es","10":"associated_application-edificios-construccion-es","11":"associated_application-humedad-del-aire-gestion-del-vapor-es","13":"first","14":"instock","15":"product-type-simple"},"acf":[],"yoast_head":"<!-- This site is optimized with the Yoast SEO Premium plugin v24.1 (Yoast SEO v27.0) - https:\/\/yoast.com\/product\/yoast-seo-premium-wordpress\/ -->\n<title>Palisade Synthetic Underlayment - IPG<\/title>\n<meta name=\"description\" content=\"Protect your roofing with Palisade Synthetic Underlayment by Itape. Inquire today and experience a high-performance and durable solution for safeguarding your property from moisture and harsh weather conditions.\" \/>\n<meta name=\"robots\" content=\"index, follow, max-snippet:-1, max-image-preview:large, max-video-preview:-1\" \/>\n<link rel=\"canonical\" href=\"https:\/\/www.itape.com\/product\/palisade-synthetic-underlayment\/\" \/>\n<meta property=\"og:locale\" content=\"es_ES\" \/>\n<meta property=\"og:type\" content=\"article\" \/>\n<meta property=\"og:title\" content=\"Palisade Synthetic Underlayment\" \/>\n<meta property=\"og:description\" content=\"Protect your roofing with Palisade Synthetic Underlayment by Itape. Inquire today and experience a high-performance and durable solution for safeguarding your property from moisture and harsh weather conditions.\" \/>\n<meta property=\"og:url\" content=\"https:\/\/www.itape.com\/product\/palisade-synthetic-underlayment\/\" \/>\n<meta property=\"og:site_name\" content=\"IPG\" \/>\n<meta property=\"article:publisher\" content=\"https:\/\/www.facebook.com\/intertape\" \/>\n<meta property=\"article:modified_time\" content=\"2023-07-25T14:34:23+00:00\" \/>\n<meta name=\"twitter:card\" content=\"summary_large_image\" \/>\n<meta name=\"twitter:image\" content=\"https:\/\/www.itape.com\/wp-content\/uploads\/2023\/10\/palisade-blue_high.jpg\" \/>\n<meta name=\"twitter:site\" content=\"@IPGtape\" \/>\n<meta name=\"twitter:label1\" content=\"Price\" \/>\n\t<meta name=\"twitter:data1\" content=\"\" \/>\n\t<meta name=\"twitter:label2\" content=\"Availability\" \/>\n\t<meta name=\"twitter:data2\" content=\"In stock\" \/>\n<script type=\"application\/ld+json\" class=\"yoast-schema-graph\">{\"@context\":\"https:\/\/schema.org\",\"@graph\":[{\"@type\":\"WebPage\",\"@id\":\"https:\/\/www.itape.com\/product\/palisade-synthetic-underlayment\/\",\"url\":\"https:\/\/www.itape.com\/product\/palisade-synthetic-underlayment\/\",\"name\":\"Palisade Synthetic Underlayment - IPG\",\"isPartOf\":{\"@id\":\"https:\/\/www.itape.com\/#website\"},\"primaryImageOfPage\":{\"@id\":\"https:\/\/www.itape.com\/product\/palisade-synthetic-underlayment\/#primaryimage\"},\"image\":{\"@id\":\"https:\/\/www.itape.com\/product\/palisade-synthetic-underlayment\/#primaryimage\"},\"thumbnailUrl\":\"https:\/\/www.itape.com\/wp-content\/uploads\/2023\/10\/palisade-blue_high.jpg\",\"datePublished\":\"2023-01-12T14:34:24+00:00\",\"dateModified\":\"2023-07-25T14:34:23+00:00\",\"description\":\"Protect your roofing with Palisade Synthetic Underlayment by Itape. Inquire today and experience a high-performance and durable solution for safeguarding your property from moisture and harsh weather conditions.\",\"breadcrumb\":{\"@id\":\"https:\/\/www.itape.com\/product\/palisade-synthetic-underlayment\/#breadcrumb\"},\"inLanguage\":\"es\",\"potentialAction\":[{\"@type\":\"ReadAction\",\"target\":[\"https:\/\/www.itape.com\/product\/palisade-synthetic-underlayment\/\"]}]},{\"@type\":\"ImageObject\",\"inLanguage\":\"es\",\"@id\":\"https:\/\/www.itape.com\/product\/palisade-synthetic-underlayment\/#primaryimage\",\"url\":\"https:\/\/www.itape.com\/wp-content\/uploads\/2023\/10\/palisade-blue_high.jpg\",\"contentUrl\":\"https:\/\/www.itape.com\/wp-content\/uploads\/2023\/10\/palisade-blue_high.jpg\",\"width\":2400,\"height\":2400,\"caption\":\"PALISADE_UNDERLAYMENT\"},{\"@type\":\"BreadcrumbList\",\"@id\":\"https:\/\/www.itape.com\/product\/palisade-synthetic-underlayment\/#breadcrumb\",\"itemListElement\":[{\"@type\":\"ListItem\",\"position\":1,\"name\":\"Home\",\"item\":\"https:\/\/www.itape.com\/es\/\"},{\"@type\":\"ListItem\",\"position\":2,\"name\":\"Products\",\"item\":\"https:\/\/www.itape.com\/products\/\"},{\"@type\":\"ListItem\",\"position\":3,\"name\":\"Palisade Synthetic Underlayment\"}]},{\"@type\":\"WebSite\",\"@id\":\"https:\/\/www.itape.com\/#website\",\"url\":\"https:\/\/www.itape.com\/\",\"name\":\"IPG\",\"description\":\"Global Leader in Packaging and Protective Solutions\",\"publisher\":{\"@id\":\"https:\/\/www.itape.com\/#organization\"},\"potentialAction\":[{\"@type\":\"SearchAction\",\"target\":{\"@type\":\"EntryPoint\",\"urlTemplate\":\"https:\/\/www.itape.com\/?s={search_term_string}\"},\"query-input\":{\"@type\":\"PropertyValueSpecification\",\"valueRequired\":true,\"valueName\":\"search_term_string\"}}],\"inLanguage\":\"es\"},{\"@type\":\"Organization\",\"@id\":\"https:\/\/www.itape.com\/#organization\",\"name\":\"IPG\",\"url\":\"https:\/\/www.itape.com\/\",\"logo\":{\"@type\":\"ImageObject\",\"inLanguage\":\"es\",\"@id\":\"https:\/\/www.itape.com\/#\/schema\/logo\/image\/\",\"url\":\"https:\/\/www.itape.com\/wp-content\/uploads\/2024\/06\/IPG-logo-2.png\",\"contentUrl\":\"https:\/\/www.itape.com\/wp-content\/uploads\/2024\/06\/IPG-logo-2.png\",\"width\":60,\"height\":60,\"caption\":\"IPG\"},\"image\":{\"@id\":\"https:\/\/www.itape.com\/#\/schema\/logo\/image\/\"},\"sameAs\":[\"https:\/\/www.facebook.com\/intertape\",\"https:\/\/x.com\/IPGtape\",\"https:\/\/www.linkedin.com\/company\/intertape-polymer-group\",\"https:\/\/www.instagram.com\/ipgtape\",\"https:\/\/www.youtube.com\/user\/IPGtape\"]}]}<\/script>\n<meta property=\"product:price:currency\" content=\"USD\" \/>\n<meta property=\"og:availability\" content=\"instock\" \/>\n<meta property=\"product:availability\" content=\"instock\" \/>\n<meta property=\"product:retailer_item_id\" content=\"f7b1d44bcf9d\" \/>\n<meta property=\"product:condition\" content=\"new\" \/>\n<!-- \/ Yoast SEO Premium plugin. -->","yoast_head_json":{"title":"Palisade Synthetic Underlayment - IPG","description":"Protect your roofing with Palisade Synthetic Underlayment by Itape. Inquire today and experience a high-performance and durable solution for safeguarding your property from moisture and harsh weather conditions.","robots":{"index":"index","follow":"follow","max-snippet":"max-snippet:-1","max-image-preview":"max-image-preview:large","max-video-preview":"max-video-preview:-1"},"canonical":"https:\/\/www.itape.com\/product\/palisade-synthetic-underlayment\/","og_locale":"es_ES","og_type":"article","og_title":"Palisade Synthetic Underlayment","og_description":"Protect your roofing with Palisade Synthetic Underlayment by Itape. Inquire today and experience a high-performance and durable solution for safeguarding your property from moisture and harsh weather conditions.","og_url":"https:\/\/www.itape.com\/product\/palisade-synthetic-underlayment\/","og_site_name":"IPG","article_publisher":"https:\/\/www.facebook.com\/intertape","article_modified_time":"2023-07-25T14:34:23+00:00","twitter_card":"summary_large_image","twitter_image":"https:\/\/www.itape.com\/wp-content\/uploads\/2023\/10\/palisade-blue_high.jpg","twitter_site":"@IPGtape","twitter_misc":{"Price":"","Availability":"In stock"},"schema":{"@context":"https:\/\/schema.org","@graph":[{"@type":"WebPage","@id":"https:\/\/www.itape.com\/product\/palisade-synthetic-underlayment\/","url":"https:\/\/www.itape.com\/product\/palisade-synthetic-underlayment\/","name":"Palisade Synthetic Underlayment - IPG","isPartOf":{"@id":"https:\/\/www.itape.com\/#website"},"primaryImageOfPage":{"@id":"https:\/\/www.itape.com\/product\/palisade-synthetic-underlayment\/#primaryimage"},"image":{"@id":"https:\/\/www.itape.com\/product\/palisade-synthetic-underlayment\/#primaryimage"},"thumbnailUrl":"https:\/\/www.itape.com\/wp-content\/uploads\/2023\/10\/palisade-blue_high.jpg","datePublished":"2023-01-12T14:34:24+00:00","dateModified":"2023-07-25T14:34:23+00:00","description":"Protect your roofing with Palisade Synthetic Underlayment by Itape. Inquire today and experience a high-performance and durable solution for safeguarding your property from moisture and harsh weather conditions.","breadcrumb":{"@id":"https:\/\/www.itape.com\/product\/palisade-synthetic-underlayment\/#breadcrumb"},"inLanguage":"es","potentialAction":[{"@type":"ReadAction","target":["https:\/\/www.itape.com\/product\/palisade-synthetic-underlayment\/"]}]},{"@type":"ImageObject","inLanguage":"es","@id":"https:\/\/www.itape.com\/product\/palisade-synthetic-underlayment\/#primaryimage","url":"https:\/\/www.itape.com\/wp-content\/uploads\/2023\/10\/palisade-blue_high.jpg","contentUrl":"https:\/\/www.itape.com\/wp-content\/uploads\/2023\/10\/palisade-blue_high.jpg","width":2400,"height":2400,"caption":"PALISADE_UNDERLAYMENT"},{"@type":"BreadcrumbList","@id":"https:\/\/www.itape.com\/product\/palisade-synthetic-underlayment\/#breadcrumb","itemListElement":[{"@type":"ListItem","position":1,"name":"Home","item":"https:\/\/www.itape.com\/es\/"},{"@type":"ListItem","position":2,"name":"Products","item":"https:\/\/www.itape.com\/products\/"},{"@type":"ListItem","position":3,"name":"Palisade Synthetic Underlayment"}]},{"@type":"WebSite","@id":"https:\/\/www.itape.com\/#website","url":"https:\/\/www.itape.com\/","name":"IPG","description":"Global Leader in Packaging and Protective Solutions","publisher":{"@id":"https:\/\/www.itape.com\/#organization"},"potentialAction":[{"@type":"SearchAction","target":{"@type":"EntryPoint","urlTemplate":"https:\/\/www.itape.com\/?s={search_term_string}"},"query-input":{"@type":"PropertyValueSpecification","valueRequired":true,"valueName":"search_term_string"}}],"inLanguage":"es"},{"@type":"Organization","@id":"https:\/\/www.itape.com\/#organization","name":"IPG","url":"https:\/\/www.itape.com\/","logo":{"@type":"ImageObject","inLanguage":"es","@id":"https:\/\/www.itape.com\/#\/schema\/logo\/image\/","url":"https:\/\/www.itape.com\/wp-content\/uploads\/2024\/06\/IPG-logo-2.png","contentUrl":"https:\/\/www.itape.com\/wp-content\/uploads\/2024\/06\/IPG-logo-2.png","width":60,"height":60,"caption":"IPG"},"image":{"@id":"https:\/\/www.itape.com\/#\/schema\/logo\/image\/"},"sameAs":["https:\/\/www.facebook.com\/intertape","https:\/\/x.com\/IPGtape","https:\/\/www.linkedin.com\/company\/intertape-polymer-group","https:\/\/www.instagram.com\/ipgtape","https:\/\/www.youtube.com\/user\/IPGtape"]}]},"product_price_currency":"USD","og_availability":"instock","product_availability":"instock","product_retailer_item_id":"f7b1d44bcf9d","product_condition":"new"},"parsely":{"version":"1.1.0","canonical_url":"https:\/\/itape.com\/es\/product\/palisade-synthetic-underlayment\/","smart_links":{"inbound":0,"outbound":0},"traffic_boost_suggestions_count":0,"meta":{"@context":"https:\/\/schema.org","@type":"WebPage","headline":"Palisade Synthetic Underlayment","url":"https:\/\/www.itape.com\/es\/product\/palisade-synthetic-underlayment\/","mainEntityOfPage":{"@type":"WebPage","@id":"https:\/\/www.itape.com\/es\/product\/palisade-synthetic-underlayment\/"},"thumbnailUrl":"https:\/\/www.itape.com\/wp-content\/uploads\/2023\/10\/palisade-blue_high.jpg?w=150&h=150&crop=1","image":{"@type":"ImageObject","url":"https:\/\/www.itape.com\/wp-content\/uploads\/2023\/10\/palisade-blue_high.jpg"},"articleSection":"Sin categorizar","author":[{"@type":"Person","name":"IPG"}],"creator":["IPG"],"publisher":{"@type":"Organization","name":"IPG","logo":"https:\/\/www.itape.com\/wp-content\/uploads\/2023\/03\/IPG-logo-2.png"},"keywords":[],"dateCreated":"2023-01-12T14:34:24Z","datePublished":"2023-01-12T14:34:24Z","dateModified":"2023-07-25T14:34:23Z"},"rendered":"<meta name=\"parsely-title\" content=\"Palisade Synthetic Underlayment\" \/>\n<meta name=\"parsely-link\" content=\"https:\/\/www.itape.com\/es\/product\/palisade-synthetic-underlayment\/\" \/>\n<meta name=\"parsely-type\" content=\"index\" \/>\n<meta name=\"parsely-image-url\" content=\"https:\/\/www.itape.com\/wp-content\/uploads\/2023\/10\/palisade-blue_high.jpg?w=150&amp;h=150&amp;crop=1\" \/>\n<meta name=\"parsely-pub-date\" content=\"2023-01-12T14:34:24Z\" \/>\n<meta name=\"parsely-section\" content=\"Sin categorizar\" \/>\n<meta name=\"parsely-author\" content=\"IPG\" \/>","tracker_url":"https:\/\/cdn.parsely.com\/keys\/itape.com\/p.js"},"jetpack_sharing_enabled":true,"_links":{"self":[{"href":"https:\/\/www.itape.com\/es\/wp-json\/wp\/v2\/product\/57471","targetHints":{"allow":["GET"]}}],"collection":[{"href":"https:\/\/www.itape.com\/es\/wp-json\/wp\/v2\/product"}],"about":[{"href":"https:\/\/www.itape.com\/es\/wp-json\/wp\/v2\/types\/product"}],"replies":[{"embeddable":true,"href":"https:\/\/www.itape.com\/es\/wp-json\/wp\/v2\/comments?post=57471"}],"wp:featuredmedia":[{"embeddable":true,"href":"https:\/\/www.itape.com\/es\/wp-json\/wp\/v2\/media\/53189"}],"wp:attachment":[{"href":"https:\/\/www.itape.com\/es\/wp-json\/wp\/v2\/media?parent=57471"}],"wp:term":[{"taxonomy":"product_brand","embeddable":true,"href":"https:\/\/www.itape.com\/es\/wp-json\/wp\/v2\/product_brand?post=57471"},{"taxonomy":"product_cat","embeddable":true,"href":"https:\/\/www.itape.com\/es\/wp-json\/wp\/v2\/product_cat?post=57471"},{"taxonomy":"product_tag","embeddable":true,"href":"https:\/\/www.itape.com\/es\/wp-json\/wp\/v2\/product_tag?post=57471"},{"taxonomy":"associated_application","embeddable":true,"href":"https:\/\/www.itape.com\/es\/wp-json\/wp\/v2\/associated_application?post=57471"}],"curies":[{"name":"wp","href":"https:\/\/api.w.org\/{rel}","templated":true}]}}