{"id":60315,"date":"2023-01-12T14:34:53","date_gmt":"2023-01-12T14:34:53","guid":{"rendered":"https:\/\/www.itape.com\/product\/333-filler\/"},"modified":"2023-04-25T18:04:23","modified_gmt":"2023-04-25T18:04:23","slug":"333-filler","status":"publish","type":"product","link":"https:\/\/www.itape.com\/es\/product\/333-filler\/","title":{"rendered":"333 FILLER"},"content":{"rendered":"<div class=\"prose\">Dise\u00f1ado para ser utilizado con cintas de estarcido. En superficies pulidas, se recomienda aplicar una capa ligera. ** Para obtener los mejores resultados, complete el trabajo el mismo d\u00eda o dentro de un plazo m\u00e1ximo de (24) horas, de lo contrario, la limpieza puede ser dif\u00edcil.<\/div>\n","protected":false},"excerpt":{"rendered":"<p>El relleno de plantillas 333 est\u00e1 especialmente formulado para trabajar con todos los adhesivos de los productos de plantillas &#8216;Anchor&#8217; de IPG para crear una mejor sujeci\u00f3n al sustrato durante la aplicaci\u00f3n del chorro de arena. Esta sujeci\u00f3n adicional ayuda a que los dise\u00f1os peque\u00f1os e intrincados se mantengan adheridos al sustrato y evita que se levanten cuando se aplica la presi\u00f3n del chorro de arena.<\/p>\n","protected":false},"featured_media":53919,"comment_status":"closed","ping_status":"closed","template":"","meta":{"_acf_changed":false},"product_brand":[],"product_cat":[7840,8060],"product_tag":[8012],"associated_application":[7210],"class_list":{"0":"post-60315","1":"product","2":"type-product","3":"status-publish","4":"has-post-thumbnail","6":"product_cat-industrial-tapes-es","7":"product_cat-industrial-tapes-stencil-es","8":"product_tag-stencil-filler-es-2","9":"associated_application-fabricacion-general-es","11":"first","12":"instock","13":"product-type-simple"},"acf":[],"yoast_head":"<!-- This site is optimized with the Yoast SEO Premium plugin v24.1 (Yoast SEO v27.0) - https:\/\/yoast.com\/product\/yoast-seo-premium-wordpress\/ -->\n<title>333 FILLER - IPG<\/title>\n<meta name=\"robots\" content=\"index, follow, max-snippet:-1, max-image-preview:large, max-video-preview:-1\" \/>\n<link rel=\"canonical\" href=\"https:\/\/www.itape.com\/es\/product\/333-filler\/\" \/>\n<meta property=\"og:locale\" content=\"es_ES\" \/>\n<meta property=\"og:type\" content=\"article\" \/>\n<meta property=\"og:title\" content=\"333 FILLER\" \/>\n<meta property=\"og:description\" content=\"El relleno de plantillas 333 est\u00e1 especialmente formulado para trabajar con todos los adhesivos de los productos de plantillas &#039;Anchor&#039; de IPG para crear una mejor sujeci\u00f3n al sustrato durante la aplicaci\u00f3n del chorro de arena. Esta sujeci\u00f3n adicional ayuda a que los dise\u00f1os peque\u00f1os e intrincados se mantengan adheridos al sustrato y evita que se levanten cuando se aplica la presi\u00f3n del chorro de arena.\" \/>\n<meta property=\"og:url\" content=\"https:\/\/www.itape.com\/es\/product\/333-filler\/\" \/>\n<meta property=\"og:site_name\" content=\"IPG\" \/>\n<meta property=\"article:publisher\" content=\"https:\/\/www.facebook.com\/intertape\" \/>\n<meta property=\"article:modified_time\" content=\"2023-04-25T18:04:23+00:00\" \/>\n<meta property=\"og:image\" content=\"https:\/\/www.itape.com\/wp-content\/uploads\/2023\/01\/333_FILLER_high.jpg\" \/>\n\t<meta property=\"og:image:width\" content=\"2400\" \/>\n\t<meta property=\"og:image:height\" content=\"2400\" \/>\n\t<meta property=\"og:image:type\" content=\"image\/jpeg\" \/>\n<meta name=\"twitter:card\" content=\"summary_large_image\" \/>\n<meta name=\"twitter:site\" content=\"@IPGtape\" \/>\n<meta name=\"twitter:label1\" content=\"Price\" \/>\n\t<meta name=\"twitter:data1\" content=\"\" \/>\n\t<meta name=\"twitter:label2\" content=\"Availability\" \/>\n\t<meta name=\"twitter:data2\" content=\"In stock\" \/>\n<script type=\"application\/ld+json\" class=\"yoast-schema-graph\">{\"@context\":\"https:\/\/schema.org\",\"@graph\":[{\"@type\":\"WebPage\",\"@id\":\"https:\/\/www.itape.com\/es\/product\/333-filler\/\",\"url\":\"https:\/\/www.itape.com\/es\/product\/333-filler\/\",\"name\":\"333 FILLER - IPG\",\"isPartOf\":{\"@id\":\"https:\/\/www.itape.com\/#website\"},\"primaryImageOfPage\":{\"@id\":\"https:\/\/www.itape.com\/es\/product\/333-filler\/#primaryimage\"},\"image\":{\"@id\":\"https:\/\/www.itape.com\/es\/product\/333-filler\/#primaryimage\"},\"thumbnailUrl\":\"https:\/\/www.itape.com\/wp-content\/uploads\/2023\/01\/333_FILLER_high.jpg\",\"datePublished\":\"2023-01-12T14:34:53+00:00\",\"dateModified\":\"2023-04-25T18:04:23+00:00\",\"breadcrumb\":{\"@id\":\"https:\/\/www.itape.com\/es\/product\/333-filler\/#breadcrumb\"},\"inLanguage\":\"es\",\"potentialAction\":[{\"@type\":\"ReadAction\",\"target\":[\"https:\/\/www.itape.com\/es\/product\/333-filler\/\"]}]},{\"@type\":\"ImageObject\",\"inLanguage\":\"es\",\"@id\":\"https:\/\/www.itape.com\/es\/product\/333-filler\/#primaryimage\",\"url\":\"https:\/\/www.itape.com\/wp-content\/uploads\/2023\/01\/333_FILLER_high.jpg\",\"contentUrl\":\"https:\/\/www.itape.com\/wp-content\/uploads\/2023\/01\/333_FILLER_high.jpg\",\"width\":2400,\"height\":2400,\"caption\":\"333 FILLER_Stencil\"},{\"@type\":\"BreadcrumbList\",\"@id\":\"https:\/\/www.itape.com\/es\/product\/333-filler\/#breadcrumb\",\"itemListElement\":[{\"@type\":\"ListItem\",\"position\":1,\"name\":\"Home\",\"item\":\"https:\/\/www.itape.com\/es\/\"},{\"@type\":\"ListItem\",\"position\":2,\"name\":\"Products\",\"item\":\"https:\/\/www.itape.com\/products\/\"},{\"@type\":\"ListItem\",\"position\":3,\"name\":\"333 FILLER\"}]},{\"@type\":\"WebSite\",\"@id\":\"https:\/\/www.itape.com\/#website\",\"url\":\"https:\/\/www.itape.com\/\",\"name\":\"IPG\",\"description\":\"Global Leader in Packaging and Protective Solutions\",\"publisher\":{\"@id\":\"https:\/\/www.itape.com\/#organization\"},\"potentialAction\":[{\"@type\":\"SearchAction\",\"target\":{\"@type\":\"EntryPoint\",\"urlTemplate\":\"https:\/\/www.itape.com\/?s={search_term_string}\"},\"query-input\":{\"@type\":\"PropertyValueSpecification\",\"valueRequired\":true,\"valueName\":\"search_term_string\"}}],\"inLanguage\":\"es\"},{\"@type\":\"Organization\",\"@id\":\"https:\/\/www.itape.com\/#organization\",\"name\":\"IPG\",\"url\":\"https:\/\/www.itape.com\/\",\"logo\":{\"@type\":\"ImageObject\",\"inLanguage\":\"es\",\"@id\":\"https:\/\/www.itape.com\/#\/schema\/logo\/image\/\",\"url\":\"https:\/\/www.itape.com\/wp-content\/uploads\/2024\/06\/IPG-logo-2.png\",\"contentUrl\":\"https:\/\/www.itape.com\/wp-content\/uploads\/2024\/06\/IPG-logo-2.png\",\"width\":60,\"height\":60,\"caption\":\"IPG\"},\"image\":{\"@id\":\"https:\/\/www.itape.com\/#\/schema\/logo\/image\/\"},\"sameAs\":[\"https:\/\/www.facebook.com\/intertape\",\"https:\/\/x.com\/IPGtape\",\"https:\/\/www.linkedin.com\/company\/intertape-polymer-group\",\"https:\/\/www.instagram.com\/ipgtape\",\"https:\/\/www.youtube.com\/user\/IPGtape\"]}]}<\/script>\n<meta property=\"product:price:currency\" content=\"USD\" \/>\n<meta property=\"og:availability\" content=\"instock\" \/>\n<meta property=\"product:availability\" content=\"instock\" \/>\n<meta property=\"product:retailer_item_id\" content=\"ede61d6adffd\" \/>\n<meta property=\"product:condition\" content=\"new\" \/>\n<!-- \/ Yoast SEO Premium plugin. -->","yoast_head_json":{"title":"333 FILLER - IPG","robots":{"index":"index","follow":"follow","max-snippet":"max-snippet:-1","max-image-preview":"max-image-preview:large","max-video-preview":"max-video-preview:-1"},"canonical":"https:\/\/www.itape.com\/es\/product\/333-filler\/","og_locale":"es_ES","og_type":"article","og_title":"333 FILLER","og_description":"El relleno de plantillas 333 est\u00e1 especialmente formulado para trabajar con todos los adhesivos de los productos de plantillas 'Anchor' de IPG para crear una mejor sujeci\u00f3n al sustrato durante la aplicaci\u00f3n del chorro de arena. Esta sujeci\u00f3n adicional ayuda a que los dise\u00f1os peque\u00f1os e intrincados se mantengan adheridos al sustrato y evita que se levanten cuando se aplica la presi\u00f3n del chorro de arena.","og_url":"https:\/\/www.itape.com\/es\/product\/333-filler\/","og_site_name":"IPG","article_publisher":"https:\/\/www.facebook.com\/intertape","article_modified_time":"2023-04-25T18:04:23+00:00","og_image":[{"width":2400,"height":2400,"url":"https:\/\/www.itape.com\/wp-content\/uploads\/2023\/01\/333_FILLER_high.jpg","type":"image\/jpeg"}],"twitter_card":"summary_large_image","twitter_site":"@IPGtape","twitter_misc":{"Price":"","Availability":"In stock"},"schema":{"@context":"https:\/\/schema.org","@graph":[{"@type":"WebPage","@id":"https:\/\/www.itape.com\/es\/product\/333-filler\/","url":"https:\/\/www.itape.com\/es\/product\/333-filler\/","name":"333 FILLER - IPG","isPartOf":{"@id":"https:\/\/www.itape.com\/#website"},"primaryImageOfPage":{"@id":"https:\/\/www.itape.com\/es\/product\/333-filler\/#primaryimage"},"image":{"@id":"https:\/\/www.itape.com\/es\/product\/333-filler\/#primaryimage"},"thumbnailUrl":"https:\/\/www.itape.com\/wp-content\/uploads\/2023\/01\/333_FILLER_high.jpg","datePublished":"2023-01-12T14:34:53+00:00","dateModified":"2023-04-25T18:04:23+00:00","breadcrumb":{"@id":"https:\/\/www.itape.com\/es\/product\/333-filler\/#breadcrumb"},"inLanguage":"es","potentialAction":[{"@type":"ReadAction","target":["https:\/\/www.itape.com\/es\/product\/333-filler\/"]}]},{"@type":"ImageObject","inLanguage":"es","@id":"https:\/\/www.itape.com\/es\/product\/333-filler\/#primaryimage","url":"https:\/\/www.itape.com\/wp-content\/uploads\/2023\/01\/333_FILLER_high.jpg","contentUrl":"https:\/\/www.itape.com\/wp-content\/uploads\/2023\/01\/333_FILLER_high.jpg","width":2400,"height":2400,"caption":"333 FILLER_Stencil"},{"@type":"BreadcrumbList","@id":"https:\/\/www.itape.com\/es\/product\/333-filler\/#breadcrumb","itemListElement":[{"@type":"ListItem","position":1,"name":"Home","item":"https:\/\/www.itape.com\/es\/"},{"@type":"ListItem","position":2,"name":"Products","item":"https:\/\/www.itape.com\/products\/"},{"@type":"ListItem","position":3,"name":"333 FILLER"}]},{"@type":"WebSite","@id":"https:\/\/www.itape.com\/#website","url":"https:\/\/www.itape.com\/","name":"IPG","description":"Global Leader in Packaging and Protective Solutions","publisher":{"@id":"https:\/\/www.itape.com\/#organization"},"potentialAction":[{"@type":"SearchAction","target":{"@type":"EntryPoint","urlTemplate":"https:\/\/www.itape.com\/?s={search_term_string}"},"query-input":{"@type":"PropertyValueSpecification","valueRequired":true,"valueName":"search_term_string"}}],"inLanguage":"es"},{"@type":"Organization","@id":"https:\/\/www.itape.com\/#organization","name":"IPG","url":"https:\/\/www.itape.com\/","logo":{"@type":"ImageObject","inLanguage":"es","@id":"https:\/\/www.itape.com\/#\/schema\/logo\/image\/","url":"https:\/\/www.itape.com\/wp-content\/uploads\/2024\/06\/IPG-logo-2.png","contentUrl":"https:\/\/www.itape.com\/wp-content\/uploads\/2024\/06\/IPG-logo-2.png","width":60,"height":60,"caption":"IPG"},"image":{"@id":"https:\/\/www.itape.com\/#\/schema\/logo\/image\/"},"sameAs":["https:\/\/www.facebook.com\/intertape","https:\/\/x.com\/IPGtape","https:\/\/www.linkedin.com\/company\/intertape-polymer-group","https:\/\/www.instagram.com\/ipgtape","https:\/\/www.youtube.com\/user\/IPGtape"]}]},"product_price_currency":"USD","og_availability":"instock","product_availability":"instock","product_retailer_item_id":"ede61d6adffd","product_condition":"new"},"parsely":{"version":"1.1.0","canonical_url":"https:\/\/itape.com\/es\/product\/333-filler\/","smart_links":{"inbound":0,"outbound":0},"traffic_boost_suggestions_count":0,"meta":{"@context":"https:\/\/schema.org","@type":"WebPage","headline":"333 FILLER","url":"https:\/\/www.itape.com\/es\/product\/333-filler\/","mainEntityOfPage":{"@type":"WebPage","@id":"https:\/\/www.itape.com\/es\/product\/333-filler\/"},"thumbnailUrl":"https:\/\/www.itape.com\/wp-content\/uploads\/2023\/01\/333_FILLER_high.jpg?w=150&h=150&crop=1","image":{"@type":"ImageObject","url":"https:\/\/www.itape.com\/wp-content\/uploads\/2023\/01\/333_FILLER_high.jpg"},"articleSection":"Sin categorizar","author":[{"@type":"Person","name":"IPG"}],"creator":["IPG"],"publisher":{"@type":"Organization","name":"IPG","logo":"https:\/\/www.itape.com\/wp-content\/uploads\/2023\/03\/IPG-logo-2.png"},"keywords":[],"dateCreated":"2023-01-12T14:34:53Z","datePublished":"2023-01-12T14:34:53Z","dateModified":"2023-04-25T18:04:23Z"},"rendered":"<meta name=\"parsely-title\" content=\"333 FILLER\" \/>\n<meta name=\"parsely-link\" content=\"https:\/\/www.itape.com\/es\/product\/333-filler\/\" \/>\n<meta name=\"parsely-type\" content=\"index\" \/>\n<meta name=\"parsely-image-url\" content=\"https:\/\/www.itape.com\/wp-content\/uploads\/2023\/01\/333_FILLER_high.jpg?w=150&amp;h=150&amp;crop=1\" \/>\n<meta name=\"parsely-pub-date\" content=\"2023-01-12T14:34:53Z\" \/>\n<meta name=\"parsely-section\" content=\"Sin categorizar\" \/>\n<meta name=\"parsely-author\" content=\"IPG\" \/>","tracker_url":"https:\/\/cdn.parsely.com\/keys\/itape.com\/p.js"},"jetpack_sharing_enabled":true,"_links":{"self":[{"href":"https:\/\/www.itape.com\/es\/wp-json\/wp\/v2\/product\/60315","targetHints":{"allow":["GET"]}}],"collection":[{"href":"https:\/\/www.itape.com\/es\/wp-json\/wp\/v2\/product"}],"about":[{"href":"https:\/\/www.itape.com\/es\/wp-json\/wp\/v2\/types\/product"}],"replies":[{"embeddable":true,"href":"https:\/\/www.itape.com\/es\/wp-json\/wp\/v2\/comments?post=60315"}],"wp:featuredmedia":[{"embeddable":true,"href":"https:\/\/www.itape.com\/es\/wp-json\/wp\/v2\/media\/53919"}],"wp:attachment":[{"href":"https:\/\/www.itape.com\/es\/wp-json\/wp\/v2\/media?parent=60315"}],"wp:term":[{"taxonomy":"product_brand","embeddable":true,"href":"https:\/\/www.itape.com\/es\/wp-json\/wp\/v2\/product_brand?post=60315"},{"taxonomy":"product_cat","embeddable":true,"href":"https:\/\/www.itape.com\/es\/wp-json\/wp\/v2\/product_cat?post=60315"},{"taxonomy":"product_tag","embeddable":true,"href":"https:\/\/www.itape.com\/es\/wp-json\/wp\/v2\/product_tag?post=60315"},{"taxonomy":"associated_application","embeddable":true,"href":"https:\/\/www.itape.com\/es\/wp-json\/wp\/v2\/associated_application?post=60315"}],"curies":[{"name":"wp","href":"https:\/\/api.w.org\/{rel}","templated":true}]}}