{"id":60756,"date":"2023-01-12T14:34:53","date_gmt":"2023-01-12T14:34:53","guid":{"rendered":"https:\/\/www.itape.com\/product\/790yt\/"},"modified":"2023-05-07T21:48:35","modified_gmt":"2023-05-07T21:48:35","slug":"790yt","status":"publish","type":"product","link":"https:\/\/www.itape.com\/es\/product\/790yt\/","title":{"rendered":"790YT"},"content":{"rendered":"<div class=\"prose\">Talla de granito o m\u00e1rmol mediante chorro de medios con proceso \u00fanico o doble<\/div>\n","protected":false},"excerpt":{"rendered":"<p>Anchor Gold Stencil es un adhesivo de alta calidad, duradero, recubierto con plantillas de fijaci\u00f3n media avanzada a base de caucho y sensible a la presi\u00f3n, y presenta una tira de PET transparente a modo de protecci\u00f3n. Tiene un patr\u00f3n de perforado de media pulgada (1,3 cm) en el centro para engranajes IBM\u00ae. Los orificios para el rodillo de alimentaci\u00f3n se perforan en la tira y en el caucho. El forro de poli\u00e9ster especialmente tratado conserva los dise\u00f1os de corte durante la transferencia del plotter a la piedra.<\/p>\n","protected":false},"featured_media":53931,"comment_status":"closed","ping_status":"closed","template":"","meta":{"_acf_changed":false},"product_brand":[],"product_cat":[7840,8060],"product_tag":[8065],"associated_application":[7210],"class_list":{"0":"post-60756","1":"product","2":"type-product","3":"status-publish","4":"has-post-thumbnail","6":"product_cat-industrial-tapes-es","7":"product_cat-industrial-tapes-stencil-es","8":"product_tag-monument-es-2","9":"associated_application-fabricacion-general-es","11":"first","12":"instock","13":"product-type-simple"},"acf":[],"yoast_head":"<!-- This site is optimized with the Yoast SEO Premium plugin v24.1 (Yoast SEO v27.0) - https:\/\/yoast.com\/product\/yoast-seo-premium-wordpress\/ -->\n<title>790YT - IPG<\/title>\n<meta name=\"robots\" content=\"index, follow, max-snippet:-1, max-image-preview:large, max-video-preview:-1\" \/>\n<link rel=\"canonical\" href=\"https:\/\/www.itape.com\/es\/product\/790yt\/\" \/>\n<meta property=\"og:locale\" content=\"es_ES\" \/>\n<meta property=\"og:type\" content=\"article\" \/>\n<meta property=\"og:title\" content=\"790YT\" \/>\n<meta property=\"og:description\" content=\"Anchor Gold Stencil es un adhesivo de alta calidad, duradero, recubierto con plantillas de fijaci\u00f3n media avanzada a base de caucho y sensible a la presi\u00f3n, y presenta una tira de PET transparente a modo de protecci\u00f3n. Tiene un patr\u00f3n de perforado de media pulgada (1,3 cm) en el centro para engranajes IBM\u00ae. Los orificios para el rodillo de alimentaci\u00f3n se perforan en la tira y en el caucho. El forro de poli\u00e9ster especialmente tratado conserva los dise\u00f1os de corte durante la transferencia del plotter a la piedra.\" \/>\n<meta property=\"og:url\" content=\"https:\/\/www.itape.com\/es\/product\/790yt\/\" \/>\n<meta property=\"og:site_name\" content=\"IPG\" \/>\n<meta property=\"article:publisher\" content=\"https:\/\/www.facebook.com\/intertape\" \/>\n<meta property=\"article:modified_time\" content=\"2023-05-07T21:48:35+00:00\" \/>\n<meta property=\"og:image\" content=\"https:\/\/www.itape.com\/wp-content\/uploads\/2023\/01\/790YT_high.jpg\" \/>\n\t<meta property=\"og:image:width\" content=\"2400\" \/>\n\t<meta property=\"og:image:height\" content=\"2400\" \/>\n\t<meta property=\"og:image:type\" content=\"image\/jpeg\" \/>\n<meta name=\"twitter:card\" content=\"summary_large_image\" \/>\n<meta name=\"twitter:site\" content=\"@IPGtape\" \/>\n<meta name=\"twitter:label1\" content=\"Price\" \/>\n\t<meta name=\"twitter:data1\" content=\"\" \/>\n\t<meta name=\"twitter:label2\" content=\"Availability\" \/>\n\t<meta name=\"twitter:data2\" content=\"In stock\" \/>\n<script type=\"application\/ld+json\" class=\"yoast-schema-graph\">{\"@context\":\"https:\/\/schema.org\",\"@graph\":[{\"@type\":\"WebPage\",\"@id\":\"https:\/\/www.itape.com\/es\/product\/790yt\/\",\"url\":\"https:\/\/www.itape.com\/es\/product\/790yt\/\",\"name\":\"790YT - IPG\",\"isPartOf\":{\"@id\":\"https:\/\/www.itape.com\/#website\"},\"primaryImageOfPage\":{\"@id\":\"https:\/\/www.itape.com\/es\/product\/790yt\/#primaryimage\"},\"image\":{\"@id\":\"https:\/\/www.itape.com\/es\/product\/790yt\/#primaryimage\"},\"thumbnailUrl\":\"https:\/\/www.itape.com\/wp-content\/uploads\/2023\/01\/790YT_high.jpg\",\"datePublished\":\"2023-01-12T14:34:53+00:00\",\"dateModified\":\"2023-05-07T21:48:35+00:00\",\"breadcrumb\":{\"@id\":\"https:\/\/www.itape.com\/es\/product\/790yt\/#breadcrumb\"},\"inLanguage\":\"es\",\"potentialAction\":[{\"@type\":\"ReadAction\",\"target\":[\"https:\/\/www.itape.com\/es\/product\/790yt\/\"]}]},{\"@type\":\"ImageObject\",\"inLanguage\":\"es\",\"@id\":\"https:\/\/www.itape.com\/es\/product\/790yt\/#primaryimage\",\"url\":\"https:\/\/www.itape.com\/wp-content\/uploads\/2023\/01\/790YT_high.jpg\",\"contentUrl\":\"https:\/\/www.itape.com\/wp-content\/uploads\/2023\/01\/790YT_high.jpg\",\"width\":2400,\"height\":2400,\"caption\":\"790YT_Stencil\"},{\"@type\":\"BreadcrumbList\",\"@id\":\"https:\/\/www.itape.com\/es\/product\/790yt\/#breadcrumb\",\"itemListElement\":[{\"@type\":\"ListItem\",\"position\":1,\"name\":\"Home\",\"item\":\"https:\/\/www.itape.com\/es\/\"},{\"@type\":\"ListItem\",\"position\":2,\"name\":\"Products\",\"item\":\"https:\/\/www.itape.com\/products\/\"},{\"@type\":\"ListItem\",\"position\":3,\"name\":\"790YT\"}]},{\"@type\":\"WebSite\",\"@id\":\"https:\/\/www.itape.com\/#website\",\"url\":\"https:\/\/www.itape.com\/\",\"name\":\"IPG\",\"description\":\"Global Leader in Packaging and Protective Solutions\",\"publisher\":{\"@id\":\"https:\/\/www.itape.com\/#organization\"},\"potentialAction\":[{\"@type\":\"SearchAction\",\"target\":{\"@type\":\"EntryPoint\",\"urlTemplate\":\"https:\/\/www.itape.com\/?s={search_term_string}\"},\"query-input\":{\"@type\":\"PropertyValueSpecification\",\"valueRequired\":true,\"valueName\":\"search_term_string\"}}],\"inLanguage\":\"es\"},{\"@type\":\"Organization\",\"@id\":\"https:\/\/www.itape.com\/#organization\",\"name\":\"IPG\",\"url\":\"https:\/\/www.itape.com\/\",\"logo\":{\"@type\":\"ImageObject\",\"inLanguage\":\"es\",\"@id\":\"https:\/\/www.itape.com\/#\/schema\/logo\/image\/\",\"url\":\"https:\/\/www.itape.com\/wp-content\/uploads\/2024\/06\/IPG-logo-2.png\",\"contentUrl\":\"https:\/\/www.itape.com\/wp-content\/uploads\/2024\/06\/IPG-logo-2.png\",\"width\":60,\"height\":60,\"caption\":\"IPG\"},\"image\":{\"@id\":\"https:\/\/www.itape.com\/#\/schema\/logo\/image\/\"},\"sameAs\":[\"https:\/\/www.facebook.com\/intertape\",\"https:\/\/x.com\/IPGtape\",\"https:\/\/www.linkedin.com\/company\/intertape-polymer-group\",\"https:\/\/www.instagram.com\/ipgtape\",\"https:\/\/www.youtube.com\/user\/IPGtape\"]}]}<\/script>\n<meta property=\"product:price:currency\" content=\"USD\" \/>\n<meta property=\"og:availability\" content=\"instock\" \/>\n<meta property=\"product:availability\" content=\"instock\" \/>\n<meta property=\"product:retailer_item_id\" content=\"4badd2251294\" \/>\n<meta property=\"product:condition\" content=\"new\" \/>\n<!-- \/ Yoast SEO Premium plugin. -->","yoast_head_json":{"title":"790YT - IPG","robots":{"index":"index","follow":"follow","max-snippet":"max-snippet:-1","max-image-preview":"max-image-preview:large","max-video-preview":"max-video-preview:-1"},"canonical":"https:\/\/www.itape.com\/es\/product\/790yt\/","og_locale":"es_ES","og_type":"article","og_title":"790YT","og_description":"Anchor Gold Stencil es un adhesivo de alta calidad, duradero, recubierto con plantillas de fijaci\u00f3n media avanzada a base de caucho y sensible a la presi\u00f3n, y presenta una tira de PET transparente a modo de protecci\u00f3n. Tiene un patr\u00f3n de perforado de media pulgada (1,3 cm) en el centro para engranajes IBM\u00ae. Los orificios para el rodillo de alimentaci\u00f3n se perforan en la tira y en el caucho. El forro de poli\u00e9ster especialmente tratado conserva los dise\u00f1os de corte durante la transferencia del plotter a la piedra.","og_url":"https:\/\/www.itape.com\/es\/product\/790yt\/","og_site_name":"IPG","article_publisher":"https:\/\/www.facebook.com\/intertape","article_modified_time":"2023-05-07T21:48:35+00:00","og_image":[{"width":2400,"height":2400,"url":"https:\/\/www.itape.com\/wp-content\/uploads\/2023\/01\/790YT_high.jpg","type":"image\/jpeg"}],"twitter_card":"summary_large_image","twitter_site":"@IPGtape","twitter_misc":{"Price":"","Availability":"In stock"},"schema":{"@context":"https:\/\/schema.org","@graph":[{"@type":"WebPage","@id":"https:\/\/www.itape.com\/es\/product\/790yt\/","url":"https:\/\/www.itape.com\/es\/product\/790yt\/","name":"790YT - IPG","isPartOf":{"@id":"https:\/\/www.itape.com\/#website"},"primaryImageOfPage":{"@id":"https:\/\/www.itape.com\/es\/product\/790yt\/#primaryimage"},"image":{"@id":"https:\/\/www.itape.com\/es\/product\/790yt\/#primaryimage"},"thumbnailUrl":"https:\/\/www.itape.com\/wp-content\/uploads\/2023\/01\/790YT_high.jpg","datePublished":"2023-01-12T14:34:53+00:00","dateModified":"2023-05-07T21:48:35+00:00","breadcrumb":{"@id":"https:\/\/www.itape.com\/es\/product\/790yt\/#breadcrumb"},"inLanguage":"es","potentialAction":[{"@type":"ReadAction","target":["https:\/\/www.itape.com\/es\/product\/790yt\/"]}]},{"@type":"ImageObject","inLanguage":"es","@id":"https:\/\/www.itape.com\/es\/product\/790yt\/#primaryimage","url":"https:\/\/www.itape.com\/wp-content\/uploads\/2023\/01\/790YT_high.jpg","contentUrl":"https:\/\/www.itape.com\/wp-content\/uploads\/2023\/01\/790YT_high.jpg","width":2400,"height":2400,"caption":"790YT_Stencil"},{"@type":"BreadcrumbList","@id":"https:\/\/www.itape.com\/es\/product\/790yt\/#breadcrumb","itemListElement":[{"@type":"ListItem","position":1,"name":"Home","item":"https:\/\/www.itape.com\/es\/"},{"@type":"ListItem","position":2,"name":"Products","item":"https:\/\/www.itape.com\/products\/"},{"@type":"ListItem","position":3,"name":"790YT"}]},{"@type":"WebSite","@id":"https:\/\/www.itape.com\/#website","url":"https:\/\/www.itape.com\/","name":"IPG","description":"Global Leader in Packaging and Protective Solutions","publisher":{"@id":"https:\/\/www.itape.com\/#organization"},"potentialAction":[{"@type":"SearchAction","target":{"@type":"EntryPoint","urlTemplate":"https:\/\/www.itape.com\/?s={search_term_string}"},"query-input":{"@type":"PropertyValueSpecification","valueRequired":true,"valueName":"search_term_string"}}],"inLanguage":"es"},{"@type":"Organization","@id":"https:\/\/www.itape.com\/#organization","name":"IPG","url":"https:\/\/www.itape.com\/","logo":{"@type":"ImageObject","inLanguage":"es","@id":"https:\/\/www.itape.com\/#\/schema\/logo\/image\/","url":"https:\/\/www.itape.com\/wp-content\/uploads\/2024\/06\/IPG-logo-2.png","contentUrl":"https:\/\/www.itape.com\/wp-content\/uploads\/2024\/06\/IPG-logo-2.png","width":60,"height":60,"caption":"IPG"},"image":{"@id":"https:\/\/www.itape.com\/#\/schema\/logo\/image\/"},"sameAs":["https:\/\/www.facebook.com\/intertape","https:\/\/x.com\/IPGtape","https:\/\/www.linkedin.com\/company\/intertape-polymer-group","https:\/\/www.instagram.com\/ipgtape","https:\/\/www.youtube.com\/user\/IPGtape"]}]},"product_price_currency":"USD","og_availability":"instock","product_availability":"instock","product_retailer_item_id":"4badd2251294","product_condition":"new"},"parsely":{"version":"1.1.0","canonical_url":"https:\/\/itape.com\/es\/product\/790yt\/","smart_links":{"inbound":0,"outbound":0},"traffic_boost_suggestions_count":0,"meta":{"@context":"https:\/\/schema.org","@type":"WebPage","headline":"790YT","url":"https:\/\/www.itape.com\/es\/product\/790yt\/","mainEntityOfPage":{"@type":"WebPage","@id":"https:\/\/www.itape.com\/es\/product\/790yt\/"},"thumbnailUrl":"https:\/\/www.itape.com\/wp-content\/uploads\/2023\/01\/790YT_high.jpg?w=150&h=150&crop=1","image":{"@type":"ImageObject","url":"https:\/\/www.itape.com\/wp-content\/uploads\/2023\/01\/790YT_high.jpg"},"articleSection":"Sin categorizar","author":[{"@type":"Person","name":"IPG"}],"creator":["IPG"],"publisher":{"@type":"Organization","name":"IPG","logo":"https:\/\/www.itape.com\/wp-content\/uploads\/2023\/03\/IPG-logo-2.png"},"keywords":[],"dateCreated":"2023-01-12T14:34:53Z","datePublished":"2023-01-12T14:34:53Z","dateModified":"2023-05-07T21:48:35Z"},"rendered":"<meta name=\"parsely-title\" content=\"790YT\" \/>\n<meta name=\"parsely-link\" content=\"https:\/\/www.itape.com\/es\/product\/790yt\/\" \/>\n<meta name=\"parsely-type\" content=\"index\" \/>\n<meta name=\"parsely-image-url\" content=\"https:\/\/www.itape.com\/wp-content\/uploads\/2023\/01\/790YT_high.jpg?w=150&amp;h=150&amp;crop=1\" \/>\n<meta name=\"parsely-pub-date\" content=\"2023-01-12T14:34:53Z\" \/>\n<meta name=\"parsely-section\" content=\"Sin categorizar\" \/>\n<meta name=\"parsely-author\" content=\"IPG\" \/>","tracker_url":"https:\/\/cdn.parsely.com\/keys\/itape.com\/p.js"},"jetpack_sharing_enabled":true,"_links":{"self":[{"href":"https:\/\/www.itape.com\/es\/wp-json\/wp\/v2\/product\/60756","targetHints":{"allow":["GET"]}}],"collection":[{"href":"https:\/\/www.itape.com\/es\/wp-json\/wp\/v2\/product"}],"about":[{"href":"https:\/\/www.itape.com\/es\/wp-json\/wp\/v2\/types\/product"}],"replies":[{"embeddable":true,"href":"https:\/\/www.itape.com\/es\/wp-json\/wp\/v2\/comments?post=60756"}],"wp:featuredmedia":[{"embeddable":true,"href":"https:\/\/www.itape.com\/es\/wp-json\/wp\/v2\/media\/53931"}],"wp:attachment":[{"href":"https:\/\/www.itape.com\/es\/wp-json\/wp\/v2\/media?parent=60756"}],"wp:term":[{"taxonomy":"product_brand","embeddable":true,"href":"https:\/\/www.itape.com\/es\/wp-json\/wp\/v2\/product_brand?post=60756"},{"taxonomy":"product_cat","embeddable":true,"href":"https:\/\/www.itape.com\/es\/wp-json\/wp\/v2\/product_cat?post=60756"},{"taxonomy":"product_tag","embeddable":true,"href":"https:\/\/www.itape.com\/es\/wp-json\/wp\/v2\/product_tag?post=60756"},{"taxonomy":"associated_application","embeddable":true,"href":"https:\/\/www.itape.com\/es\/wp-json\/wp\/v2\/associated_application?post=60756"}],"curies":[{"name":"wp","href":"https:\/\/api.w.org\/{rel}","templated":true}]}}