{"id":61842,"date":"2023-01-12T14:30:24","date_gmt":"2023-01-12T14:30:24","guid":{"rendered":"https:\/\/www.itape.com\/product\/curby-mini-taper\/"},"modified":"2023-10-30T17:23:49","modified_gmt":"2023-10-30T17:23:49","slug":"curby-mini-taper","status":"publish","type":"product","link":"https:\/\/www.itape.com\/es\/product\/curby-mini-taper\/","title":{"rendered":"Curby Mini-Taper"},"content":{"rendered":"<div class=\"prose\">La Curby Mini-Taper permite a empresas de cualquier tama\u00f1o disfrutar de las ventajas del precintado de cajas con la cinta activada por agua: seguridad, resistencia y embalaje profesional.<\/div>\n","protected":false},"excerpt":{"rendered":"<p>Dispensadora de cinta activada por agua manual, elegante y ligera que ocupa poco espacio. Pesa solo 2,7 kg y resulta perfecta para una oficina peque\u00f1a u oficina dom\u00e9stica, tiendas minoristas y entornos con un volumen reducido de env\u00edos y un espacio de trabajo limitado. Esta dispensadora resulta econ\u00f3mica y f\u00e1cil de utilizar y la cinta es f\u00e1cil de cargar. Combinada con cinta activada por agua reciclable en contenedores de reciclaje comunes, la Mini-Taper forma parte de la l\u00ednea de soluciones de embalaje \u00abCurby\u00bb de IPG.<\/p>\n","protected":false},"featured_media":51203,"comment_status":"closed","ping_status":"closed","template":"","meta":{"_acf_changed":false},"product_brand":[],"product_cat":[7836,7668,7352,7851,7864,7898,7844,8112,7348,7838],"product_tag":[8093,7384],"associated_application":[7206,7205,7255,7257,7262,7257],"class_list":{"0":"post-61842","1":"product","2":"type-product","3":"status-publish","4":"has-post-thumbnail","6":"product_cat-automated-equipment-es-2","7":"product_cat-automated-packaging-es","8":"product_cat-curby-curbside-recyclable-es","9":"product_cat-automated-equipment-water-activated-tape-dispensers-es","10":"product_cat-carton-sealing-products-dispensadores-de-cinta-activada-por-agua-es","11":"product_cat-sustainable-packaging-dispensadores-de-cinta-activada-por-agua-es","12":"product_cat-sustainable-packaging-es","13":"product_cat-consumer-sustainable-packaging-es","14":"product_cat-carton-sealing-machines-es","15":"product_cat-carton-sealing-products-es","16":"product_tag-curby-product-es","17":"product_tag-wat-dispensers-es","18":"associated_application-comercio-electronico-es","19":"associated_application-consumidor-es","20":"associated_application-departamento-de-correo-expedicion-es","21":"associated_application-selladodepaquetes-es","22":"associated_application-precintado-dispensadores-de-cinta-activada-por-agua-es","25":"first","26":"instock","27":"product-type-simple"},"acf":[],"yoast_head":"<!-- This site is optimized with the Yoast SEO Premium plugin v24.1 (Yoast SEO v27.0) - https:\/\/yoast.com\/product\/yoast-seo-premium-wordpress\/ -->\n<title>Curby Mini-Taper - IPG<\/title>\n<meta name=\"robots\" content=\"index, follow, max-snippet:-1, max-image-preview:large, max-video-preview:-1\" \/>\n<link rel=\"canonical\" href=\"https:\/\/www.itape.com\/es\/product\/curby-mini-taper\/\" \/>\n<meta property=\"og:locale\" content=\"es_ES\" \/>\n<meta property=\"og:type\" content=\"article\" \/>\n<meta property=\"og:title\" content=\"Curby Mini-Taper\" \/>\n<meta property=\"og:description\" content=\"Dispensadora de cinta activada por agua manual, elegante y ligera que ocupa poco espacio. Pesa solo 2,7 kg y resulta perfecta para una oficina peque\u00f1a u oficina dom\u00e9stica, tiendas minoristas y entornos con un volumen reducido de env\u00edos y un espacio de trabajo limitado. Esta dispensadora resulta econ\u00f3mica y f\u00e1cil de utilizar y la cinta es f\u00e1cil de cargar. Combinada con cinta activada por agua reciclable en contenedores de reciclaje comunes, la Mini-Taper forma parte de la l\u00ednea de soluciones de embalaje &quot;Curby&quot; de IPG.\" \/>\n<meta property=\"og:url\" content=\"https:\/\/www.itape.com\/es\/product\/curby-mini-taper\/\" \/>\n<meta property=\"og:site_name\" content=\"IPG\" \/>\n<meta property=\"article:publisher\" content=\"https:\/\/www.facebook.com\/intertape\" \/>\n<meta property=\"article:modified_time\" content=\"2023-10-30T17:23:49+00:00\" \/>\n<meta property=\"og:image\" content=\"https:\/\/www.itape.com\/wp-content\/uploads\/2023\/01\/CurbyMiniTaper_high.jpg\" \/>\n\t<meta property=\"og:image:width\" content=\"2400\" \/>\n\t<meta property=\"og:image:height\" content=\"2400\" \/>\n\t<meta property=\"og:image:type\" content=\"image\/jpeg\" \/>\n<meta name=\"twitter:card\" content=\"summary_large_image\" \/>\n<meta name=\"twitter:site\" content=\"@IPGtape\" \/>\n<meta name=\"twitter:label1\" content=\"Price\" \/>\n\t<meta name=\"twitter:data1\" content=\"\" \/>\n\t<meta name=\"twitter:label2\" content=\"Availability\" \/>\n\t<meta name=\"twitter:data2\" content=\"In stock\" \/>\n<script type=\"application\/ld+json\" class=\"yoast-schema-graph\">{\"@context\":\"https:\/\/schema.org\",\"@graph\":[{\"@type\":\"WebPage\",\"@id\":\"https:\/\/www.itape.com\/es\/product\/curby-mini-taper\/\",\"url\":\"https:\/\/www.itape.com\/es\/product\/curby-mini-taper\/\",\"name\":\"Curby Mini-Taper - IPG\",\"isPartOf\":{\"@id\":\"https:\/\/www.itape.com\/#website\"},\"primaryImageOfPage\":{\"@id\":\"https:\/\/www.itape.com\/es\/product\/curby-mini-taper\/#primaryimage\"},\"image\":{\"@id\":\"https:\/\/www.itape.com\/es\/product\/curby-mini-taper\/#primaryimage\"},\"thumbnailUrl\":\"https:\/\/www.itape.com\/wp-content\/uploads\/2023\/01\/CurbyMiniTaper_high.jpg\",\"datePublished\":\"2023-01-12T14:30:24+00:00\",\"dateModified\":\"2023-10-30T17:23:49+00:00\",\"breadcrumb\":{\"@id\":\"https:\/\/www.itape.com\/es\/product\/curby-mini-taper\/#breadcrumb\"},\"inLanguage\":\"es\",\"potentialAction\":[{\"@type\":\"ReadAction\",\"target\":[\"https:\/\/www.itape.com\/es\/product\/curby-mini-taper\/\"]}]},{\"@type\":\"ImageObject\",\"inLanguage\":\"es\",\"@id\":\"https:\/\/www.itape.com\/es\/product\/curby-mini-taper\/#primaryimage\",\"url\":\"https:\/\/www.itape.com\/wp-content\/uploads\/2023\/01\/CurbyMiniTaper_high.jpg\",\"contentUrl\":\"https:\/\/www.itape.com\/wp-content\/uploads\/2023\/01\/CurbyMiniTaper_high.jpg\",\"width\":2400,\"height\":2400,\"caption\":\"BP222_Machine\"},{\"@type\":\"BreadcrumbList\",\"@id\":\"https:\/\/www.itape.com\/es\/product\/curby-mini-taper\/#breadcrumb\",\"itemListElement\":[{\"@type\":\"ListItem\",\"position\":1,\"name\":\"Home\",\"item\":\"https:\/\/www.itape.com\/es\/\"},{\"@type\":\"ListItem\",\"position\":2,\"name\":\"Products\",\"item\":\"https:\/\/www.itape.com\/products\/\"},{\"@type\":\"ListItem\",\"position\":3,\"name\":\"Curby Mini-Taper\"}]},{\"@type\":\"WebSite\",\"@id\":\"https:\/\/www.itape.com\/#website\",\"url\":\"https:\/\/www.itape.com\/\",\"name\":\"IPG\",\"description\":\"Global Leader in Packaging and Protective Solutions\",\"publisher\":{\"@id\":\"https:\/\/www.itape.com\/#organization\"},\"potentialAction\":[{\"@type\":\"SearchAction\",\"target\":{\"@type\":\"EntryPoint\",\"urlTemplate\":\"https:\/\/www.itape.com\/?s={search_term_string}\"},\"query-input\":{\"@type\":\"PropertyValueSpecification\",\"valueRequired\":true,\"valueName\":\"search_term_string\"}}],\"inLanguage\":\"es\"},{\"@type\":\"Organization\",\"@id\":\"https:\/\/www.itape.com\/#organization\",\"name\":\"IPG\",\"url\":\"https:\/\/www.itape.com\/\",\"logo\":{\"@type\":\"ImageObject\",\"inLanguage\":\"es\",\"@id\":\"https:\/\/www.itape.com\/#\/schema\/logo\/image\/\",\"url\":\"https:\/\/www.itape.com\/wp-content\/uploads\/2024\/06\/IPG-logo-2.png\",\"contentUrl\":\"https:\/\/www.itape.com\/wp-content\/uploads\/2024\/06\/IPG-logo-2.png\",\"width\":60,\"height\":60,\"caption\":\"IPG\"},\"image\":{\"@id\":\"https:\/\/www.itape.com\/#\/schema\/logo\/image\/\"},\"sameAs\":[\"https:\/\/www.facebook.com\/intertape\",\"https:\/\/x.com\/IPGtape\",\"https:\/\/www.linkedin.com\/company\/intertape-polymer-group\",\"https:\/\/www.instagram.com\/ipgtape\",\"https:\/\/www.youtube.com\/user\/IPGtape\"]}]}<\/script>\n<meta property=\"product:price:currency\" content=\"USD\" \/>\n<meta property=\"og:availability\" content=\"instock\" \/>\n<meta property=\"product:availability\" content=\"instock\" \/>\n<meta property=\"product:retailer_item_id\" content=\"adf956e06808\" \/>\n<meta property=\"product:condition\" content=\"new\" \/>\n<!-- \/ Yoast SEO Premium plugin. -->","yoast_head_json":{"title":"Curby Mini-Taper - IPG","robots":{"index":"index","follow":"follow","max-snippet":"max-snippet:-1","max-image-preview":"max-image-preview:large","max-video-preview":"max-video-preview:-1"},"canonical":"https:\/\/www.itape.com\/es\/product\/curby-mini-taper\/","og_locale":"es_ES","og_type":"article","og_title":"Curby Mini-Taper","og_description":"Dispensadora de cinta activada por agua manual, elegante y ligera que ocupa poco espacio. Pesa solo 2,7 kg y resulta perfecta para una oficina peque\u00f1a u oficina dom\u00e9stica, tiendas minoristas y entornos con un volumen reducido de env\u00edos y un espacio de trabajo limitado. Esta dispensadora resulta econ\u00f3mica y f\u00e1cil de utilizar y la cinta es f\u00e1cil de cargar. Combinada con cinta activada por agua reciclable en contenedores de reciclaje comunes, la Mini-Taper forma parte de la l\u00ednea de soluciones de embalaje \"Curby\" de IPG.","og_url":"https:\/\/www.itape.com\/es\/product\/curby-mini-taper\/","og_site_name":"IPG","article_publisher":"https:\/\/www.facebook.com\/intertape","article_modified_time":"2023-10-30T17:23:49+00:00","og_image":[{"width":2400,"height":2400,"url":"https:\/\/www.itape.com\/wp-content\/uploads\/2023\/01\/CurbyMiniTaper_high.jpg","type":"image\/jpeg"}],"twitter_card":"summary_large_image","twitter_site":"@IPGtape","twitter_misc":{"Price":"","Availability":"In stock"},"schema":{"@context":"https:\/\/schema.org","@graph":[{"@type":"WebPage","@id":"https:\/\/www.itape.com\/es\/product\/curby-mini-taper\/","url":"https:\/\/www.itape.com\/es\/product\/curby-mini-taper\/","name":"Curby Mini-Taper - IPG","isPartOf":{"@id":"https:\/\/www.itape.com\/#website"},"primaryImageOfPage":{"@id":"https:\/\/www.itape.com\/es\/product\/curby-mini-taper\/#primaryimage"},"image":{"@id":"https:\/\/www.itape.com\/es\/product\/curby-mini-taper\/#primaryimage"},"thumbnailUrl":"https:\/\/www.itape.com\/wp-content\/uploads\/2023\/01\/CurbyMiniTaper_high.jpg","datePublished":"2023-01-12T14:30:24+00:00","dateModified":"2023-10-30T17:23:49+00:00","breadcrumb":{"@id":"https:\/\/www.itape.com\/es\/product\/curby-mini-taper\/#breadcrumb"},"inLanguage":"es","potentialAction":[{"@type":"ReadAction","target":["https:\/\/www.itape.com\/es\/product\/curby-mini-taper\/"]}]},{"@type":"ImageObject","inLanguage":"es","@id":"https:\/\/www.itape.com\/es\/product\/curby-mini-taper\/#primaryimage","url":"https:\/\/www.itape.com\/wp-content\/uploads\/2023\/01\/CurbyMiniTaper_high.jpg","contentUrl":"https:\/\/www.itape.com\/wp-content\/uploads\/2023\/01\/CurbyMiniTaper_high.jpg","width":2400,"height":2400,"caption":"BP222_Machine"},{"@type":"BreadcrumbList","@id":"https:\/\/www.itape.com\/es\/product\/curby-mini-taper\/#breadcrumb","itemListElement":[{"@type":"ListItem","position":1,"name":"Home","item":"https:\/\/www.itape.com\/es\/"},{"@type":"ListItem","position":2,"name":"Products","item":"https:\/\/www.itape.com\/products\/"},{"@type":"ListItem","position":3,"name":"Curby Mini-Taper"}]},{"@type":"WebSite","@id":"https:\/\/www.itape.com\/#website","url":"https:\/\/www.itape.com\/","name":"IPG","description":"Global Leader in Packaging and Protective Solutions","publisher":{"@id":"https:\/\/www.itape.com\/#organization"},"potentialAction":[{"@type":"SearchAction","target":{"@type":"EntryPoint","urlTemplate":"https:\/\/www.itape.com\/?s={search_term_string}"},"query-input":{"@type":"PropertyValueSpecification","valueRequired":true,"valueName":"search_term_string"}}],"inLanguage":"es"},{"@type":"Organization","@id":"https:\/\/www.itape.com\/#organization","name":"IPG","url":"https:\/\/www.itape.com\/","logo":{"@type":"ImageObject","inLanguage":"es","@id":"https:\/\/www.itape.com\/#\/schema\/logo\/image\/","url":"https:\/\/www.itape.com\/wp-content\/uploads\/2024\/06\/IPG-logo-2.png","contentUrl":"https:\/\/www.itape.com\/wp-content\/uploads\/2024\/06\/IPG-logo-2.png","width":60,"height":60,"caption":"IPG"},"image":{"@id":"https:\/\/www.itape.com\/#\/schema\/logo\/image\/"},"sameAs":["https:\/\/www.facebook.com\/intertape","https:\/\/x.com\/IPGtape","https:\/\/www.linkedin.com\/company\/intertape-polymer-group","https:\/\/www.instagram.com\/ipgtape","https:\/\/www.youtube.com\/user\/IPGtape"]}]},"product_price_currency":"USD","og_availability":"instock","product_availability":"instock","product_retailer_item_id":"adf956e06808","product_condition":"new"},"parsely":{"version":"1.1.0","canonical_url":"https:\/\/itape.com\/es\/product\/curby-mini-taper\/","smart_links":{"inbound":0,"outbound":0},"traffic_boost_suggestions_count":0,"meta":{"@context":"https:\/\/schema.org","@type":"WebPage","headline":"Curby Mini-Taper","url":"https:\/\/www.itape.com\/es\/product\/curby-mini-taper\/","mainEntityOfPage":{"@type":"WebPage","@id":"https:\/\/www.itape.com\/es\/product\/curby-mini-taper\/"},"thumbnailUrl":"https:\/\/www.itape.com\/wp-content\/uploads\/2023\/01\/CurbyMiniTaper_high.jpg?w=150&h=150&crop=1","image":{"@type":"ImageObject","url":"https:\/\/www.itape.com\/wp-content\/uploads\/2023\/01\/CurbyMiniTaper_high.jpg"},"articleSection":"Sin categorizar","author":[{"@type":"Person","name":"IPG"}],"creator":["IPG"],"publisher":{"@type":"Organization","name":"IPG","logo":"https:\/\/www.itape.com\/wp-content\/uploads\/2023\/03\/IPG-logo-2.png"},"keywords":[],"dateCreated":"2023-01-12T14:30:24Z","datePublished":"2023-01-12T14:30:24Z","dateModified":"2023-10-30T17:23:49Z"},"rendered":"<meta name=\"parsely-title\" content=\"Curby Mini-Taper\" \/>\n<meta name=\"parsely-link\" content=\"https:\/\/www.itape.com\/es\/product\/curby-mini-taper\/\" \/>\n<meta name=\"parsely-type\" content=\"index\" \/>\n<meta name=\"parsely-image-url\" content=\"https:\/\/www.itape.com\/wp-content\/uploads\/2023\/01\/CurbyMiniTaper_high.jpg?w=150&amp;h=150&amp;crop=1\" \/>\n<meta name=\"parsely-pub-date\" content=\"2023-01-12T14:30:24Z\" \/>\n<meta name=\"parsely-section\" content=\"Sin categorizar\" \/>\n<meta name=\"parsely-author\" content=\"IPG\" \/>","tracker_url":"https:\/\/cdn.parsely.com\/keys\/itape.com\/p.js"},"jetpack_sharing_enabled":true,"_links":{"self":[{"href":"https:\/\/www.itape.com\/es\/wp-json\/wp\/v2\/product\/61842","targetHints":{"allow":["GET"]}}],"collection":[{"href":"https:\/\/www.itape.com\/es\/wp-json\/wp\/v2\/product"}],"about":[{"href":"https:\/\/www.itape.com\/es\/wp-json\/wp\/v2\/types\/product"}],"replies":[{"embeddable":true,"href":"https:\/\/www.itape.com\/es\/wp-json\/wp\/v2\/comments?post=61842"}],"wp:featuredmedia":[{"embeddable":true,"href":"https:\/\/www.itape.com\/es\/wp-json\/wp\/v2\/media\/51203"}],"wp:attachment":[{"href":"https:\/\/www.itape.com\/es\/wp-json\/wp\/v2\/media?parent=61842"}],"wp:term":[{"taxonomy":"product_brand","embeddable":true,"href":"https:\/\/www.itape.com\/es\/wp-json\/wp\/v2\/product_brand?post=61842"},{"taxonomy":"product_cat","embeddable":true,"href":"https:\/\/www.itape.com\/es\/wp-json\/wp\/v2\/product_cat?post=61842"},{"taxonomy":"product_tag","embeddable":true,"href":"https:\/\/www.itape.com\/es\/wp-json\/wp\/v2\/product_tag?post=61842"},{"taxonomy":"associated_application","embeddable":true,"href":"https:\/\/www.itape.com\/es\/wp-json\/wp\/v2\/associated_application?post=61842"}],"curies":[{"name":"wp","href":"https:\/\/api.w.org\/{rel}","templated":true}]}}