{"id":49732,"date":"2023-02-03T20:50:34","date_gmt":"2023-02-03T20:50:34","guid":{"rendered":"https:\/\/www.itape.com\/tester-la-traduction-pour-le-service-lionbridge\/"},"modified":"2023-02-06T18:58:30","modified_gmt":"2023-02-06T18:58:30","slug":"tester-la-traduction-pour-le-service-lionbridge","status":"publish","type":"page","link":"https:\/\/www.itape.com\/fr\/tester-la-traduction-pour-le-service-lionbridge\/","title":{"rendered":"Tester la traduction pour le service Lionbridge"},"content":{"rendered":"<span class=\"prose block px-4 mb-4 wp-core-block-paragraph\">\n<p><strong>Intertape Polymer Group Inc.<\/strong>\u00a0est une entreprise de produits et de syst\u00e8mes d&#8217;emballage bas\u00e9e \u00e0\u00a0<a href=\"https:\/\/en.wikipedia.org\/wiki\/Montreal\">Montr\u00e9al<\/a>\u00a0et\u00a0<a href=\"https:\/\/en.wikipedia.org\/wiki\/Sarasota,_Florida\">Sarasota, Floride<\/a>, avec 34\u00a0sites,\u00a022\u00a0sites de fabrication en Am\u00e9rique du Nord\u00a0et un en Europe, et 4\u00a0200\u00a0employ\u00e9s. Les produits comprennent du\u00a0<a href=\"https:\/\/en.wikipedia.org\/wiki\/Adhesive_tape\">ruban<\/a>\u00a0\u00e0 base de papier et de film sensible \u00e0 la pression et activ\u00e9 par l&rsquo;eau pour sceller les bo\u00eetes et r\u00e9parer la plomberie. Intertape est le deuxi\u00e8me producteur de bandes en Am\u00e9rique du Nord derri\u00e8re\u00a0<a href=\"https:\/\/en.wikipedia.org\/wiki\/3M\">3M<\/a>, et sa part de march\u00e9 pour la plupart des produits est de 20\u00a0\u00e0 30\u00a0%. Environ 80\u00a0% des ventes ont \u00e9t\u00e9 r\u00e9alis\u00e9es aux \u00c9tats-Unis en\u00a02015, dont 10\u00a0% au\u00a0<a href=\"https:\/\/en.wikipedia.org\/wiki\/Canada\">Canada<\/a>\u00a0et au\u00a0<a href=\"https:\/\/en.wikipedia.org\/wiki\/Mexico\">Mexique<\/a>.<\/p>\n<\/span>","protected":false},"excerpt":{"rendered":"<p>Intertape Polymer Group Inc.\u00a0est une entreprise de produits et de syst\u00e8mes d&#8217;emballage bas\u00e9e \u00e0\u00a0Montr\u00e9al\u00a0et\u00a0Sarasota, Floride, avec 34\u00a0sites,\u00a022\u00a0sites de fabrication en Am\u00e9rique du Nord\u00a0et un en Europe, et 4\u00a0200\u00a0employ\u00e9s. Les produits comprennent du\u00a0ruban\u00a0\u00e0 base de papier et de film sensible \u00e0 la pression et activ\u00e9 par l&rsquo;eau pour sceller les bo\u00eetes et r\u00e9parer la plomberie. Intertape<a class=\"excerpt-more-tag\" href=\"https:\/\/www.itape.com\/fr\/tester-la-traduction-pour-le-service-lionbridge\/\">Read more&#8230;<\/a><\/p>\n","protected":false},"author":11,"featured_media":0,"parent":0,"menu_order":0,"comment_status":"closed","ping_status":"closed","template":"","meta":{"_acf_changed":false,"footnotes":""},"class_list":["post-49732","page","type-page","status-publish","hentry"],"acf":[],"yoast_head":"<!-- This site is optimized with the Yoast SEO Premium plugin v24.1 (Yoast SEO v27.3) - https:\/\/yoast.com\/product\/yoast-seo-premium-wordpress\/ -->\n<title>Tester la traduction pour le service Lionbridge - IPG<\/title>\n<meta name=\"robots\" content=\"index, follow, max-snippet:-1, max-image-preview:large, max-video-preview:-1\" \/>\n<link rel=\"canonical\" href=\"https:\/\/www.itape.com\/fr\/tester-la-traduction-pour-le-service-lionbridge\/\" \/>\n<meta property=\"og:locale\" content=\"fr_FR\" \/>\n<meta property=\"og:type\" content=\"article\" \/>\n<meta property=\"og:title\" content=\"Tester la traduction pour le service Lionbridge\" \/>\n<meta property=\"og:description\" content=\"Intertape Polymer Group Inc.\u00a0est une entreprise de produits et de syst\u00e8mes d&#8217;emballage bas\u00e9e \u00e0\u00a0Montr\u00e9al\u00a0et\u00a0Sarasota, Floride, avec 34\u00a0sites,\u00a022\u00a0sites de fabrication en Am\u00e9rique du Nord\u00a0et un en Europe, et 4\u00a0200\u00a0employ\u00e9s. Les produits comprennent du\u00a0ruban\u00a0\u00e0 base de papier et de film sensible \u00e0 la pression et activ\u00e9 par l&rsquo;eau pour sceller les bo\u00eetes et r\u00e9parer la plomberie. IntertapeRead more...\" \/>\n<meta property=\"og:url\" content=\"https:\/\/www.itape.com\/fr\/tester-la-traduction-pour-le-service-lionbridge\/\" \/>\n<meta property=\"og:site_name\" content=\"IPG\" \/>\n<meta property=\"article:publisher\" content=\"https:\/\/www.facebook.com\/intertape\" \/>\n<meta property=\"article:modified_time\" content=\"2023-02-06T18:58:30+00:00\" \/>\n<meta name=\"twitter:card\" content=\"summary_large_image\" \/>\n<meta name=\"twitter:site\" content=\"@IPGtape\" \/>\n<meta name=\"twitter:label1\" content=\"Est. reading time\" \/>\n\t<meta name=\"twitter:data1\" content=\"1 minute\" \/>\n<script type=\"application\/ld+json\" class=\"yoast-schema-graph\">{\"@context\":\"https:\\\/\\\/schema.org\",\"@graph\":[{\"@type\":\"WebPage\",\"@id\":\"https:\\\/\\\/www.itape.com\\\/fr\\\/tester-la-traduction-pour-le-service-lionbridge\\\/\",\"url\":\"https:\\\/\\\/www.itape.com\\\/fr\\\/tester-la-traduction-pour-le-service-lionbridge\\\/\",\"name\":\"Tester la traduction pour le service Lionbridge - IPG\",\"isPartOf\":{\"@id\":\"https:\\\/\\\/www.itape.com\\\/#website\"},\"datePublished\":\"2023-02-03T20:50:34+00:00\",\"dateModified\":\"2023-02-06T18:58:30+00:00\",\"breadcrumb\":{\"@id\":\"https:\\\/\\\/www.itape.com\\\/fr\\\/tester-la-traduction-pour-le-service-lionbridge\\\/#breadcrumb\"},\"inLanguage\":\"fr-FR\",\"potentialAction\":[{\"@type\":\"ReadAction\",\"target\":[\"https:\\\/\\\/www.itape.com\\\/fr\\\/tester-la-traduction-pour-le-service-lionbridge\\\/\"]}]},{\"@type\":\"BreadcrumbList\",\"@id\":\"https:\\\/\\\/www.itape.com\\\/fr\\\/tester-la-traduction-pour-le-service-lionbridge\\\/#breadcrumb\",\"itemListElement\":[{\"@type\":\"ListItem\",\"position\":1,\"name\":\"Home\",\"item\":\"https:\\\/\\\/www.itape.com\\\/fr\\\/\"},{\"@type\":\"ListItem\",\"position\":2,\"name\":\"Tester la traduction pour le service Lionbridge\"}]},{\"@type\":\"WebSite\",\"@id\":\"https:\\\/\\\/www.itape.com\\\/#website\",\"url\":\"https:\\\/\\\/www.itape.com\\\/\",\"name\":\"IPG\",\"description\":\"Global Leader in Packaging and Protective Solutions\",\"publisher\":{\"@id\":\"https:\\\/\\\/www.itape.com\\\/#organization\"},\"potentialAction\":[{\"@type\":\"SearchAction\",\"target\":{\"@type\":\"EntryPoint\",\"urlTemplate\":\"https:\\\/\\\/www.itape.com\\\/?s={search_term_string}\"},\"query-input\":{\"@type\":\"PropertyValueSpecification\",\"valueRequired\":true,\"valueName\":\"search_term_string\"}}],\"inLanguage\":\"fr-FR\"},{\"@type\":\"Organization\",\"@id\":\"https:\\\/\\\/www.itape.com\\\/#organization\",\"name\":\"IPG\",\"url\":\"https:\\\/\\\/www.itape.com\\\/\",\"logo\":{\"@type\":\"ImageObject\",\"inLanguage\":\"fr-FR\",\"@id\":\"https:\\\/\\\/www.itape.com\\\/#\\\/schema\\\/logo\\\/image\\\/\",\"url\":\"https:\\\/\\\/www.itape.com\\\/wp-content\\\/uploads\\\/2024\\\/06\\\/IPG-logo-2.png\",\"contentUrl\":\"https:\\\/\\\/www.itape.com\\\/wp-content\\\/uploads\\\/2024\\\/06\\\/IPG-logo-2.png\",\"width\":60,\"height\":60,\"caption\":\"IPG\"},\"image\":{\"@id\":\"https:\\\/\\\/www.itape.com\\\/#\\\/schema\\\/logo\\\/image\\\/\"},\"sameAs\":[\"https:\\\/\\\/www.facebook.com\\\/intertape\",\"https:\\\/\\\/x.com\\\/IPGtape\",\"https:\\\/\\\/www.linkedin.com\\\/company\\\/intertape-polymer-group\",\"https:\\\/\\\/www.instagram.com\\\/ipgtape\",\"https:\\\/\\\/www.youtube.com\\\/user\\\/IPGtape\"]}]}<\/script>\n<!-- \/ Yoast SEO Premium plugin. -->","yoast_head_json":{"title":"Tester la traduction pour le service Lionbridge - IPG","robots":{"index":"index","follow":"follow","max-snippet":"max-snippet:-1","max-image-preview":"max-image-preview:large","max-video-preview":"max-video-preview:-1"},"canonical":"https:\/\/www.itape.com\/fr\/tester-la-traduction-pour-le-service-lionbridge\/","og_locale":"fr_FR","og_type":"article","og_title":"Tester la traduction pour le service Lionbridge","og_description":"Intertape Polymer Group Inc.\u00a0est une entreprise de produits et de syst\u00e8mes d&#8217;emballage bas\u00e9e \u00e0\u00a0Montr\u00e9al\u00a0et\u00a0Sarasota, Floride, avec 34\u00a0sites,\u00a022\u00a0sites de fabrication en Am\u00e9rique du Nord\u00a0et un en Europe, et 4\u00a0200\u00a0employ\u00e9s. Les produits comprennent du\u00a0ruban\u00a0\u00e0 base de papier et de film sensible \u00e0 la pression et activ\u00e9 par l&rsquo;eau pour sceller les bo\u00eetes et r\u00e9parer la plomberie. IntertapeRead more...","og_url":"https:\/\/www.itape.com\/fr\/tester-la-traduction-pour-le-service-lionbridge\/","og_site_name":"IPG","article_publisher":"https:\/\/www.facebook.com\/intertape","article_modified_time":"2023-02-06T18:58:30+00:00","twitter_card":"summary_large_image","twitter_site":"@IPGtape","twitter_misc":{"Est. reading time":"1 minute"},"schema":{"@context":"https:\/\/schema.org","@graph":[{"@type":"WebPage","@id":"https:\/\/www.itape.com\/fr\/tester-la-traduction-pour-le-service-lionbridge\/","url":"https:\/\/www.itape.com\/fr\/tester-la-traduction-pour-le-service-lionbridge\/","name":"Tester la traduction pour le service Lionbridge - IPG","isPartOf":{"@id":"https:\/\/www.itape.com\/#website"},"datePublished":"2023-02-03T20:50:34+00:00","dateModified":"2023-02-06T18:58:30+00:00","breadcrumb":{"@id":"https:\/\/www.itape.com\/fr\/tester-la-traduction-pour-le-service-lionbridge\/#breadcrumb"},"inLanguage":"fr-FR","potentialAction":[{"@type":"ReadAction","target":["https:\/\/www.itape.com\/fr\/tester-la-traduction-pour-le-service-lionbridge\/"]}]},{"@type":"BreadcrumbList","@id":"https:\/\/www.itape.com\/fr\/tester-la-traduction-pour-le-service-lionbridge\/#breadcrumb","itemListElement":[{"@type":"ListItem","position":1,"name":"Home","item":"https:\/\/www.itape.com\/fr\/"},{"@type":"ListItem","position":2,"name":"Tester la traduction pour le service Lionbridge"}]},{"@type":"WebSite","@id":"https:\/\/www.itape.com\/#website","url":"https:\/\/www.itape.com\/","name":"IPG","description":"Global Leader in Packaging and Protective Solutions","publisher":{"@id":"https:\/\/www.itape.com\/#organization"},"potentialAction":[{"@type":"SearchAction","target":{"@type":"EntryPoint","urlTemplate":"https:\/\/www.itape.com\/?s={search_term_string}"},"query-input":{"@type":"PropertyValueSpecification","valueRequired":true,"valueName":"search_term_string"}}],"inLanguage":"fr-FR"},{"@type":"Organization","@id":"https:\/\/www.itape.com\/#organization","name":"IPG","url":"https:\/\/www.itape.com\/","logo":{"@type":"ImageObject","inLanguage":"fr-FR","@id":"https:\/\/www.itape.com\/#\/schema\/logo\/image\/","url":"https:\/\/www.itape.com\/wp-content\/uploads\/2024\/06\/IPG-logo-2.png","contentUrl":"https:\/\/www.itape.com\/wp-content\/uploads\/2024\/06\/IPG-logo-2.png","width":60,"height":60,"caption":"IPG"},"image":{"@id":"https:\/\/www.itape.com\/#\/schema\/logo\/image\/"},"sameAs":["https:\/\/www.facebook.com\/intertape","https:\/\/x.com\/IPGtape","https:\/\/www.linkedin.com\/company\/intertape-polymer-group","https:\/\/www.instagram.com\/ipgtape","https:\/\/www.youtube.com\/user\/IPGtape"]}]}},"parsely":{"version":"1.1.0","canonical_url":"https:\/\/itape.com\/fr\/tester-la-traduction-pour-le-service-lionbridge\/","smart_links":{"inbound":0,"outbound":0},"traffic_boost_suggestions_count":0,"meta":{"@context":"https:\/\/schema.org","@type":"WebPage","headline":"Tester la traduction pour le service Lionbridge","url":"https:\/\/www.itape.com\/fr\/tester-la-traduction-pour-le-service-lionbridge\/","mainEntityOfPage":{"@type":"WebPage","@id":"https:\/\/www.itape.com\/fr\/tester-la-traduction-pour-le-service-lionbridge\/"},"thumbnailUrl":"","image":{"@type":"ImageObject","url":""},"articleSection":"Non classifi\u00e9(e)","author":[{"@type":"Person","name":"jackie"}],"creator":["jackie"],"publisher":{"@type":"Organization","name":"IPG","logo":"https:\/\/www.itape.com\/wp-content\/uploads\/2023\/03\/IPG-logo-2.png"},"keywords":[],"dateCreated":"2023-02-03T20:50:34Z","datePublished":"2023-02-03T20:50:34Z","dateModified":"2023-02-06T18:58:30Z"},"rendered":"<meta name=\"parsely-title\" content=\"Tester la traduction pour le service Lionbridge\" \/>\n<meta name=\"parsely-link\" content=\"https:\/\/www.itape.com\/fr\/tester-la-traduction-pour-le-service-lionbridge\/\" \/>\n<meta name=\"parsely-type\" content=\"index\" \/>\n<meta name=\"parsely-pub-date\" content=\"2023-02-03T20:50:34Z\" \/>\n<meta name=\"parsely-section\" content=\"Non classifi\u00e9(e)\" \/>\n<meta name=\"parsely-author\" content=\"jackie\" \/>","tracker_url":"https:\/\/cdn.parsely.com\/keys\/itape.com\/p.js"},"jetpack_sharing_enabled":true,"_links":{"self":[{"href":"https:\/\/www.itape.com\/fr\/wp-json\/wp\/v2\/pages\/49732","targetHints":{"allow":["GET"]}}],"collection":[{"href":"https:\/\/www.itape.com\/fr\/wp-json\/wp\/v2\/pages"}],"about":[{"href":"https:\/\/www.itape.com\/fr\/wp-json\/wp\/v2\/types\/page"}],"author":[{"embeddable":true,"href":"https:\/\/www.itape.com\/fr\/wp-json\/wp\/v2\/users\/11"}],"replies":[{"embeddable":true,"href":"https:\/\/www.itape.com\/fr\/wp-json\/wp\/v2\/comments?post=49732"}],"version-history":[{"count":1,"href":"https:\/\/www.itape.com\/fr\/wp-json\/wp\/v2\/pages\/49732\/revisions"}],"predecessor-version":[{"id":49733,"href":"https:\/\/www.itape.com\/fr\/wp-json\/wp\/v2\/pages\/49732\/revisions\/49733"}],"wp:attachment":[{"href":"https:\/\/www.itape.com\/fr\/wp-json\/wp\/v2\/media?parent=49732"}],"curies":[{"name":"wp","href":"https:\/\/api.w.org\/{rel}","templated":true}]}}