{"id":46864,"date":"2023-01-12T14:30:00","date_gmt":"2023-01-12T14:30:00","guid":{"rendered":"https:\/\/www.itape.com\/product\/usa-2024-sb-fr\/"},"modified":"2023-10-31T13:29:02","modified_gmt":"2023-10-31T13:29:02","slug":"usa-2024-sb","status":"publish","type":"product","link":"https:\/\/www.itape.com\/fr\/product\/usa-2024-sb\/","title":{"rendered":"USA 2024-SB"},"content":{"rendered":"<div class=\"prose\">Les fermeuses de la s\u00e9rie Interpack USA (semi-automatique mono-format) sont des machines r\u00e9glables, aliment\u00e9es par l&rsquo;op\u00e9rateur, con\u00e7ues pour traiter des bo\u00eetes de style cartons \u00e0 rabats de m\u00eame taille.<\/div>\n","protected":false},"excerpt":{"rendered":"<p>Fermeuse mono-format semi-automatique \u00e0 entra\u00eenement par courroie lat\u00e9rale \u2022 L&rsquo;entra\u00eenement par courroie lat\u00e9rale traite une plus large gamme de bo\u00eetes \u2022 Les courroies lat\u00e9rales capturent la bo\u00eete entre deux courroies en mouvement, r\u00e9duisant les forces exerc\u00e9es sur la bo\u00eete \u2022 Ensemble sup\u00e9rieur flottant pour traiter les d\u00e9bordements compressibles \u2022 Les t\u00eates de pose de ruban d\u00e9cal\u00e9es permettent le traitement de bo\u00eetes d&rsquo;une hauteur de 50\u00a0mm \u2022 La poign\u00e9e \u00e0 verrouillage unique bloque l&rsquo;ensemble sup\u00e9rieur sur les deux colonnes \u2022 Les deux motor\u00e9ducteurs 1\/3 HP traitent les bo\u00eetes plus lourdes 24h\/24 7j\/7<\/p>\n","protected":false},"featured_media":55842,"comment_status":"closed","ping_status":"closed","template":"","meta":{"_acf_changed":false},"product_brand":[],"product_cat":[7698,7666,6148,7710],"product_tag":[8094],"associated_application":[6052,5997,6097,6060,6087,6001,6090,6080,6000],"class_list":{"0":"post-46864","1":"product","2":"type-product","3":"status-publish","4":"has-post-thumbnail","6":"product_cat-automated-equipment-fr-2","7":"product_cat-automated-packaging-fr","8":"product_cat-carton-sealing-machines-fr","9":"product_cat-automated-equipment-scellage-des-cartons-semi-automatique-mono-format-fr","10":"product_tag-uniform-semi-automatic-fr-2","11":"associated_application-automatisation-de-scellage-des-cartons-fr","12":"associated_application-commerce-en-ligne-fr","13":"associated_application-inviolabilite-fr-processus-general-de-fabrication-fr","14":"associated_application-inviolabilite-fr","15":"associated_application-inviolabilite-fr-transformation-alimentaire-fr","16":"associated_application-processus-general-de-fabrication-fr","17":"associated_application-promotion-des-marques-fr-processus-general-de-fabrication-fr","18":"associated_application-promotion-des-marques-fr","19":"associated_application-transformation-alimentaire-fr","21":"first","22":"instock","23":"product-type-simple"},"acf":[],"yoast_head":"<!-- This site is optimized with the Yoast SEO Premium plugin v24.1 (Yoast SEO v27.0) - https:\/\/yoast.com\/product\/yoast-seo-premium-wordpress\/ -->\n<title>USA 2024-SB - IPG<\/title>\n<meta name=\"description\" content=\"USA 2024-SB (Uniform Semi-Automatic) case sealers are adjustable, operator fed machines that process same-sized RSC (Regular Slotted Carton) style cases.\" \/>\n<meta name=\"robots\" content=\"index, follow, max-snippet:-1, max-image-preview:large, max-video-preview:-1\" \/>\n<link rel=\"canonical\" href=\"https:\/\/www.itape.com\/fr\/product\/usa-2024-sb\/\" \/>\n<meta property=\"og:locale\" content=\"fr_FR\" \/>\n<meta property=\"og:type\" content=\"article\" \/>\n<meta property=\"og:title\" content=\"USA 2024-SB\" \/>\n<meta property=\"og:description\" content=\"USA 2024-SB (Uniform Semi-Automatic) case sealers are adjustable, operator fed machines that process same-sized RSC (Regular Slotted Carton) style cases.\" \/>\n<meta property=\"og:url\" content=\"https:\/\/www.itape.com\/fr\/product\/usa-2024-sb\/\" \/>\n<meta property=\"og:site_name\" content=\"IPG\" \/>\n<meta property=\"article:publisher\" content=\"https:\/\/www.facebook.com\/intertape\" \/>\n<meta property=\"article:modified_time\" content=\"2023-10-31T13:29:02+00:00\" \/>\n<meta property=\"og:image\" content=\"https:\/\/www.itape.com\/wp-content\/uploads\/2023\/01\/USA2024SB_High.jpg\" \/>\n\t<meta property=\"og:image:width\" content=\"2400\" \/>\n\t<meta property=\"og:image:height\" content=\"2400\" \/>\n\t<meta property=\"og:image:type\" content=\"image\/jpeg\" \/>\n<meta name=\"twitter:card\" content=\"summary_large_image\" \/>\n<meta name=\"twitter:site\" content=\"@IPGtape\" \/>\n<meta name=\"twitter:label1\" content=\"Price\" \/>\n\t<meta name=\"twitter:data1\" content=\"\" \/>\n\t<meta name=\"twitter:label2\" content=\"Availability\" \/>\n\t<meta name=\"twitter:data2\" content=\"In stock\" \/>\n<script type=\"application\/ld+json\" class=\"yoast-schema-graph\">{\"@context\":\"https:\/\/schema.org\",\"@graph\":[{\"@type\":\"WebPage\",\"@id\":\"https:\/\/www.itape.com\/fr\/product\/usa-2024-sb\/\",\"url\":\"https:\/\/www.itape.com\/fr\/product\/usa-2024-sb\/\",\"name\":\"USA 2024-SB - IPG\",\"isPartOf\":{\"@id\":\"https:\/\/www.itape.com\/#website\"},\"primaryImageOfPage\":{\"@id\":\"https:\/\/www.itape.com\/fr\/product\/usa-2024-sb\/#primaryimage\"},\"image\":{\"@id\":\"https:\/\/www.itape.com\/fr\/product\/usa-2024-sb\/#primaryimage\"},\"thumbnailUrl\":\"https:\/\/www.itape.com\/wp-content\/uploads\/2023\/01\/USA2024SB_High.jpg\",\"datePublished\":\"2023-01-12T14:30:00+00:00\",\"dateModified\":\"2023-10-31T13:29:02+00:00\",\"description\":\"USA 2024-SB (Uniform Semi-Automatic) case sealers are adjustable, operator fed machines that process same-sized RSC (Regular Slotted Carton) style cases.\",\"breadcrumb\":{\"@id\":\"https:\/\/www.itape.com\/fr\/product\/usa-2024-sb\/#breadcrumb\"},\"inLanguage\":\"fr-FR\",\"potentialAction\":[{\"@type\":\"ReadAction\",\"target\":[\"https:\/\/www.itape.com\/fr\/product\/usa-2024-sb\/\"]}]},{\"@type\":\"ImageObject\",\"inLanguage\":\"fr-FR\",\"@id\":\"https:\/\/www.itape.com\/fr\/product\/usa-2024-sb\/#primaryimage\",\"url\":\"https:\/\/www.itape.com\/wp-content\/uploads\/2023\/01\/USA2024SB_High.jpg\",\"contentUrl\":\"https:\/\/www.itape.com\/wp-content\/uploads\/2023\/01\/USA2024SB_High.jpg\",\"width\":2400,\"height\":2400,\"caption\":\"USA2024-SB_PressSensCartonSealingMachine\"},{\"@type\":\"BreadcrumbList\",\"@id\":\"https:\/\/www.itape.com\/fr\/product\/usa-2024-sb\/#breadcrumb\",\"itemListElement\":[{\"@type\":\"ListItem\",\"position\":1,\"name\":\"Home\",\"item\":\"https:\/\/www.itape.com\/fr\/\"},{\"@type\":\"ListItem\",\"position\":2,\"name\":\"Products\",\"item\":\"https:\/\/www.itape.com\/products\/\"},{\"@type\":\"ListItem\",\"position\":3,\"name\":\"USA 2024-SB\"}]},{\"@type\":\"WebSite\",\"@id\":\"https:\/\/www.itape.com\/#website\",\"url\":\"https:\/\/www.itape.com\/\",\"name\":\"IPG\",\"description\":\"Global Leader in Packaging and Protective Solutions\",\"publisher\":{\"@id\":\"https:\/\/www.itape.com\/#organization\"},\"potentialAction\":[{\"@type\":\"SearchAction\",\"target\":{\"@type\":\"EntryPoint\",\"urlTemplate\":\"https:\/\/www.itape.com\/?s={search_term_string}\"},\"query-input\":{\"@type\":\"PropertyValueSpecification\",\"valueRequired\":true,\"valueName\":\"search_term_string\"}}],\"inLanguage\":\"fr-FR\"},{\"@type\":\"Organization\",\"@id\":\"https:\/\/www.itape.com\/#organization\",\"name\":\"IPG\",\"url\":\"https:\/\/www.itape.com\/\",\"logo\":{\"@type\":\"ImageObject\",\"inLanguage\":\"fr-FR\",\"@id\":\"https:\/\/www.itape.com\/#\/schema\/logo\/image\/\",\"url\":\"https:\/\/www.itape.com\/wp-content\/uploads\/2024\/06\/IPG-logo-2.png\",\"contentUrl\":\"https:\/\/www.itape.com\/wp-content\/uploads\/2024\/06\/IPG-logo-2.png\",\"width\":60,\"height\":60,\"caption\":\"IPG\"},\"image\":{\"@id\":\"https:\/\/www.itape.com\/#\/schema\/logo\/image\/\"},\"sameAs\":[\"https:\/\/www.facebook.com\/intertape\",\"https:\/\/x.com\/IPGtape\",\"https:\/\/www.linkedin.com\/company\/intertape-polymer-group\",\"https:\/\/www.instagram.com\/ipgtape\",\"https:\/\/www.youtube.com\/user\/IPGtape\"]}]}<\/script>\n<meta property=\"product:price:currency\" content=\"USD\" \/>\n<meta property=\"og:availability\" content=\"instock\" \/>\n<meta property=\"product:availability\" content=\"instock\" \/>\n<meta property=\"product:retailer_item_id\" content=\"ba2f930d9c5a\" \/>\n<meta property=\"product:condition\" content=\"new\" \/>\n<!-- \/ Yoast SEO Premium plugin. -->","yoast_head_json":{"title":"USA 2024-SB - IPG","description":"USA 2024-SB (Uniform Semi-Automatic) case sealers are adjustable, operator fed machines that process same-sized RSC (Regular Slotted Carton) style cases.","robots":{"index":"index","follow":"follow","max-snippet":"max-snippet:-1","max-image-preview":"max-image-preview:large","max-video-preview":"max-video-preview:-1"},"canonical":"https:\/\/www.itape.com\/fr\/product\/usa-2024-sb\/","og_locale":"fr_FR","og_type":"article","og_title":"USA 2024-SB","og_description":"USA 2024-SB (Uniform Semi-Automatic) case sealers are adjustable, operator fed machines that process same-sized RSC (Regular Slotted Carton) style cases.","og_url":"https:\/\/www.itape.com\/fr\/product\/usa-2024-sb\/","og_site_name":"IPG","article_publisher":"https:\/\/www.facebook.com\/intertape","article_modified_time":"2023-10-31T13:29:02+00:00","og_image":[{"width":2400,"height":2400,"url":"https:\/\/www.itape.com\/wp-content\/uploads\/2023\/01\/USA2024SB_High.jpg","type":"image\/jpeg"}],"twitter_card":"summary_large_image","twitter_site":"@IPGtape","twitter_misc":{"Price":"","Availability":"In stock"},"schema":{"@context":"https:\/\/schema.org","@graph":[{"@type":"WebPage","@id":"https:\/\/www.itape.com\/fr\/product\/usa-2024-sb\/","url":"https:\/\/www.itape.com\/fr\/product\/usa-2024-sb\/","name":"USA 2024-SB - IPG","isPartOf":{"@id":"https:\/\/www.itape.com\/#website"},"primaryImageOfPage":{"@id":"https:\/\/www.itape.com\/fr\/product\/usa-2024-sb\/#primaryimage"},"image":{"@id":"https:\/\/www.itape.com\/fr\/product\/usa-2024-sb\/#primaryimage"},"thumbnailUrl":"https:\/\/www.itape.com\/wp-content\/uploads\/2023\/01\/USA2024SB_High.jpg","datePublished":"2023-01-12T14:30:00+00:00","dateModified":"2023-10-31T13:29:02+00:00","description":"USA 2024-SB (Uniform Semi-Automatic) case sealers are adjustable, operator fed machines that process same-sized RSC (Regular Slotted Carton) style cases.","breadcrumb":{"@id":"https:\/\/www.itape.com\/fr\/product\/usa-2024-sb\/#breadcrumb"},"inLanguage":"fr-FR","potentialAction":[{"@type":"ReadAction","target":["https:\/\/www.itape.com\/fr\/product\/usa-2024-sb\/"]}]},{"@type":"ImageObject","inLanguage":"fr-FR","@id":"https:\/\/www.itape.com\/fr\/product\/usa-2024-sb\/#primaryimage","url":"https:\/\/www.itape.com\/wp-content\/uploads\/2023\/01\/USA2024SB_High.jpg","contentUrl":"https:\/\/www.itape.com\/wp-content\/uploads\/2023\/01\/USA2024SB_High.jpg","width":2400,"height":2400,"caption":"USA2024-SB_PressSensCartonSealingMachine"},{"@type":"BreadcrumbList","@id":"https:\/\/www.itape.com\/fr\/product\/usa-2024-sb\/#breadcrumb","itemListElement":[{"@type":"ListItem","position":1,"name":"Home","item":"https:\/\/www.itape.com\/fr\/"},{"@type":"ListItem","position":2,"name":"Products","item":"https:\/\/www.itape.com\/products\/"},{"@type":"ListItem","position":3,"name":"USA 2024-SB"}]},{"@type":"WebSite","@id":"https:\/\/www.itape.com\/#website","url":"https:\/\/www.itape.com\/","name":"IPG","description":"Global Leader in Packaging and Protective Solutions","publisher":{"@id":"https:\/\/www.itape.com\/#organization"},"potentialAction":[{"@type":"SearchAction","target":{"@type":"EntryPoint","urlTemplate":"https:\/\/www.itape.com\/?s={search_term_string}"},"query-input":{"@type":"PropertyValueSpecification","valueRequired":true,"valueName":"search_term_string"}}],"inLanguage":"fr-FR"},{"@type":"Organization","@id":"https:\/\/www.itape.com\/#organization","name":"IPG","url":"https:\/\/www.itape.com\/","logo":{"@type":"ImageObject","inLanguage":"fr-FR","@id":"https:\/\/www.itape.com\/#\/schema\/logo\/image\/","url":"https:\/\/www.itape.com\/wp-content\/uploads\/2024\/06\/IPG-logo-2.png","contentUrl":"https:\/\/www.itape.com\/wp-content\/uploads\/2024\/06\/IPG-logo-2.png","width":60,"height":60,"caption":"IPG"},"image":{"@id":"https:\/\/www.itape.com\/#\/schema\/logo\/image\/"},"sameAs":["https:\/\/www.facebook.com\/intertape","https:\/\/x.com\/IPGtape","https:\/\/www.linkedin.com\/company\/intertape-polymer-group","https:\/\/www.instagram.com\/ipgtape","https:\/\/www.youtube.com\/user\/IPGtape"]}]},"product_price_currency":"USD","og_availability":"instock","product_availability":"instock","product_retailer_item_id":"ba2f930d9c5a","product_condition":"new"},"parsely":{"version":"1.1.0","canonical_url":"https:\/\/itape.com\/fr\/product\/usa-2024-sb\/","smart_links":{"inbound":0,"outbound":0},"traffic_boost_suggestions_count":0,"meta":{"@context":"https:\/\/schema.org","@type":"WebPage","headline":"USA 2024-SB","url":"https:\/\/www.itape.com\/fr\/product\/usa-2024-sb\/","mainEntityOfPage":{"@type":"WebPage","@id":"https:\/\/www.itape.com\/fr\/product\/usa-2024-sb\/"},"thumbnailUrl":"https:\/\/www.itape.com\/wp-content\/uploads\/2023\/01\/USA2024SB_High.jpg?w=150&h=150&crop=1","image":{"@type":"ImageObject","url":"https:\/\/www.itape.com\/wp-content\/uploads\/2023\/01\/USA2024SB_High.jpg"},"articleSection":"Non classifi\u00e9(e)","author":[{"@type":"Person","name":"IPG"}],"creator":["IPG"],"publisher":{"@type":"Organization","name":"IPG","logo":"https:\/\/www.itape.com\/wp-content\/uploads\/2023\/03\/IPG-logo-2.png"},"keywords":[],"dateCreated":"2023-01-12T14:30:00Z","datePublished":"2023-01-12T14:30:00Z","dateModified":"2023-10-31T13:29:02Z"},"rendered":"<meta name=\"parsely-title\" content=\"USA 2024-SB\" \/>\n<meta name=\"parsely-link\" content=\"https:\/\/www.itape.com\/fr\/product\/usa-2024-sb\/\" \/>\n<meta name=\"parsely-type\" content=\"index\" \/>\n<meta name=\"parsely-image-url\" content=\"https:\/\/www.itape.com\/wp-content\/uploads\/2023\/01\/USA2024SB_High.jpg?w=150&amp;h=150&amp;crop=1\" \/>\n<meta name=\"parsely-pub-date\" content=\"2023-01-12T14:30:00Z\" \/>\n<meta name=\"parsely-section\" content=\"Non classifi\u00e9(e)\" \/>\n<meta name=\"parsely-author\" content=\"IPG\" \/>","tracker_url":"https:\/\/cdn.parsely.com\/keys\/itape.com\/p.js"},"jetpack_sharing_enabled":true,"_links":{"self":[{"href":"https:\/\/www.itape.com\/fr\/wp-json\/wp\/v2\/product\/46864","targetHints":{"allow":["GET"]}}],"collection":[{"href":"https:\/\/www.itape.com\/fr\/wp-json\/wp\/v2\/product"}],"about":[{"href":"https:\/\/www.itape.com\/fr\/wp-json\/wp\/v2\/types\/product"}],"replies":[{"embeddable":true,"href":"https:\/\/www.itape.com\/fr\/wp-json\/wp\/v2\/comments?post=46864"}],"wp:featuredmedia":[{"embeddable":true,"href":"https:\/\/www.itape.com\/fr\/wp-json\/wp\/v2\/media\/55842"}],"wp:attachment":[{"href":"https:\/\/www.itape.com\/fr\/wp-json\/wp\/v2\/media?parent=46864"}],"wp:term":[{"taxonomy":"product_brand","embeddable":true,"href":"https:\/\/www.itape.com\/fr\/wp-json\/wp\/v2\/product_brand?post=46864"},{"taxonomy":"product_cat","embeddable":true,"href":"https:\/\/www.itape.com\/fr\/wp-json\/wp\/v2\/product_cat?post=46864"},{"taxonomy":"product_tag","embeddable":true,"href":"https:\/\/www.itape.com\/fr\/wp-json\/wp\/v2\/product_tag?post=46864"},{"taxonomy":"associated_application","embeddable":true,"href":"https:\/\/www.itape.com\/fr\/wp-json\/wp\/v2\/associated_application?post=46864"}],"curies":[{"name":"wp","href":"https:\/\/api.w.org\/{rel}","templated":true}]}}