{"id":46866,"date":"2023-01-12T14:30:00","date_gmt":"2023-01-12T14:30:00","guid":{"rendered":"https:\/\/www.itape.com\/product\/usa-2024-sb-tth-fr\/"},"modified":"2023-10-31T17:31:01","modified_gmt":"2023-10-31T17:31:01","slug":"usa-2024-sb-tth","status":"publish","type":"product","link":"https:\/\/www.itape.com\/fr\/product\/usa-2024-sb-tth\/","title":{"rendered":"USA 2024-SB TTH"},"content":{"rendered":"<div class=\"prose\">Les fermeuses de la s\u00e9rie Interpack USA (semi-automatique mono-format) sont des machines r\u00e9glables, aliment\u00e9es par l&rsquo;op\u00e9rateur, con\u00e7ues pour traiter des bo\u00eetes de style cartons \u00e0 rabats de m\u00eame taille.<\/div>\n","protected":false},"excerpt":{"rendered":"<p>Fermeuse de cartons semi-automatique mono-format \u00e0 double t\u00eate de pose de ruban \u2022 Doubles t\u00eates de pose de ruban sup\u00e9rieures pour les cartons avec un important \u00e9cart au joint \u2022 Appliquez deux couches de ruban adh\u00e9sif sur le haut des rabats pour une s\u00e9curit\u00e9 accrue \u2022 T\u00eates de pose de ruban sup\u00e9rieures, simples ou doubles, ajustables \u00e0 l&rsquo;horizontal \u2022 Appliquez le ruban de mani\u00e8re d\u00e9centr\u00e9e sur les rabats chevauchants ou sur la patte rentrante<\/p>\n","protected":false},"featured_media":55838,"comment_status":"closed","ping_status":"closed","template":"","meta":{"_acf_changed":false},"product_brand":[],"product_cat":[7698,7666,6148,7710],"product_tag":[8094],"associated_application":[5997,6001,6000],"class_list":{"0":"post-46866","1":"product","2":"type-product","3":"status-publish","4":"has-post-thumbnail","6":"product_cat-automated-equipment-fr-2","7":"product_cat-automated-packaging-fr","8":"product_cat-carton-sealing-machines-fr","9":"product_cat-automated-equipment-scellage-des-cartons-semi-automatique-mono-format-fr","10":"product_tag-uniform-semi-automatic-fr-2","11":"associated_application-commerce-en-ligne-fr","12":"associated_application-processus-general-de-fabrication-fr","13":"associated_application-transformation-alimentaire-fr","15":"first","16":"instock","17":"product-type-simple"},"acf":[],"yoast_head":"<!-- This site is optimized with the Yoast SEO Premium plugin v24.1 (Yoast SEO v27.0) - https:\/\/yoast.com\/product\/yoast-seo-premium-wordpress\/ -->\n<title>USA 2024-SB TTH - IPG<\/title>\n<meta name=\"description\" content=\"Interpack\u2019s USA 2024-SB TTH (Uniform Semi-Automatic) case sealers are adjustable, operator fed machines that process same-sized RSC (Regular Slotted Carton) style cases.\" \/>\n<meta name=\"robots\" content=\"index, follow, max-snippet:-1, max-image-preview:large, max-video-preview:-1\" \/>\n<link rel=\"canonical\" href=\"https:\/\/www.itape.com\/fr\/product\/usa-2024-sb-tth\/\" \/>\n<meta property=\"og:locale\" content=\"fr_FR\" \/>\n<meta property=\"og:type\" content=\"article\" \/>\n<meta property=\"og:title\" content=\"USA 2024-SB TTH\" \/>\n<meta property=\"og:description\" content=\"Interpack\u2019s USA 2024-SB TTH (Uniform Semi-Automatic) case sealers are adjustable, operator fed machines that process same-sized RSC (Regular Slotted Carton) style cases.\" \/>\n<meta property=\"og:url\" content=\"https:\/\/www.itape.com\/fr\/product\/usa-2024-sb-tth\/\" \/>\n<meta property=\"og:site_name\" content=\"IPG\" \/>\n<meta property=\"article:publisher\" content=\"https:\/\/www.facebook.com\/intertape\" \/>\n<meta property=\"article:modified_time\" content=\"2023-10-31T17:31:01+00:00\" \/>\n<meta property=\"og:image\" content=\"https:\/\/www.itape.com\/wp-content\/uploads\/2023\/01\/USA2024SBTTH_High.jpg\" \/>\n\t<meta property=\"og:image:width\" content=\"2400\" \/>\n\t<meta property=\"og:image:height\" content=\"2400\" \/>\n\t<meta property=\"og:image:type\" content=\"image\/jpeg\" \/>\n<meta name=\"twitter:card\" content=\"summary_large_image\" \/>\n<meta name=\"twitter:site\" content=\"@IPGtape\" \/>\n<meta name=\"twitter:label1\" content=\"Price\" \/>\n\t<meta name=\"twitter:data1\" content=\"\" \/>\n\t<meta name=\"twitter:label2\" content=\"Availability\" \/>\n\t<meta name=\"twitter:data2\" content=\"In stock\" \/>\n<script type=\"application\/ld+json\" class=\"yoast-schema-graph\">{\"@context\":\"https:\/\/schema.org\",\"@graph\":[{\"@type\":\"WebPage\",\"@id\":\"https:\/\/www.itape.com\/fr\/product\/usa-2024-sb-tth\/\",\"url\":\"https:\/\/www.itape.com\/fr\/product\/usa-2024-sb-tth\/\",\"name\":\"USA 2024-SB TTH - IPG\",\"isPartOf\":{\"@id\":\"https:\/\/www.itape.com\/#website\"},\"primaryImageOfPage\":{\"@id\":\"https:\/\/www.itape.com\/fr\/product\/usa-2024-sb-tth\/#primaryimage\"},\"image\":{\"@id\":\"https:\/\/www.itape.com\/fr\/product\/usa-2024-sb-tth\/#primaryimage\"},\"thumbnailUrl\":\"https:\/\/www.itape.com\/wp-content\/uploads\/2023\/01\/USA2024SBTTH_High.jpg\",\"datePublished\":\"2023-01-12T14:30:00+00:00\",\"dateModified\":\"2023-10-31T17:31:01+00:00\",\"description\":\"Interpack\u2019s USA 2024-SB TTH (Uniform Semi-Automatic) case sealers are adjustable, operator fed machines that process same-sized RSC (Regular Slotted Carton) style cases.\",\"breadcrumb\":{\"@id\":\"https:\/\/www.itape.com\/fr\/product\/usa-2024-sb-tth\/#breadcrumb\"},\"inLanguage\":\"fr-FR\",\"potentialAction\":[{\"@type\":\"ReadAction\",\"target\":[\"https:\/\/www.itape.com\/fr\/product\/usa-2024-sb-tth\/\"]}]},{\"@type\":\"ImageObject\",\"inLanguage\":\"fr-FR\",\"@id\":\"https:\/\/www.itape.com\/fr\/product\/usa-2024-sb-tth\/#primaryimage\",\"url\":\"https:\/\/www.itape.com\/wp-content\/uploads\/2023\/01\/USA2024SBTTH_High.jpg\",\"contentUrl\":\"https:\/\/www.itape.com\/wp-content\/uploads\/2023\/01\/USA2024SBTTH_High.jpg\",\"width\":2400,\"height\":2400,\"caption\":\"USA2024-SB-TTH_PressSensCartonSealingMachine\"},{\"@type\":\"BreadcrumbList\",\"@id\":\"https:\/\/www.itape.com\/fr\/product\/usa-2024-sb-tth\/#breadcrumb\",\"itemListElement\":[{\"@type\":\"ListItem\",\"position\":1,\"name\":\"Home\",\"item\":\"https:\/\/www.itape.com\/fr\/\"},{\"@type\":\"ListItem\",\"position\":2,\"name\":\"Products\",\"item\":\"https:\/\/www.itape.com\/products\/\"},{\"@type\":\"ListItem\",\"position\":3,\"name\":\"USA 2024-SB TTH\"}]},{\"@type\":\"WebSite\",\"@id\":\"https:\/\/www.itape.com\/#website\",\"url\":\"https:\/\/www.itape.com\/\",\"name\":\"IPG\",\"description\":\"Global Leader in Packaging and Protective Solutions\",\"publisher\":{\"@id\":\"https:\/\/www.itape.com\/#organization\"},\"potentialAction\":[{\"@type\":\"SearchAction\",\"target\":{\"@type\":\"EntryPoint\",\"urlTemplate\":\"https:\/\/www.itape.com\/?s={search_term_string}\"},\"query-input\":{\"@type\":\"PropertyValueSpecification\",\"valueRequired\":true,\"valueName\":\"search_term_string\"}}],\"inLanguage\":\"fr-FR\"},{\"@type\":\"Organization\",\"@id\":\"https:\/\/www.itape.com\/#organization\",\"name\":\"IPG\",\"url\":\"https:\/\/www.itape.com\/\",\"logo\":{\"@type\":\"ImageObject\",\"inLanguage\":\"fr-FR\",\"@id\":\"https:\/\/www.itape.com\/#\/schema\/logo\/image\/\",\"url\":\"https:\/\/www.itape.com\/wp-content\/uploads\/2024\/06\/IPG-logo-2.png\",\"contentUrl\":\"https:\/\/www.itape.com\/wp-content\/uploads\/2024\/06\/IPG-logo-2.png\",\"width\":60,\"height\":60,\"caption\":\"IPG\"},\"image\":{\"@id\":\"https:\/\/www.itape.com\/#\/schema\/logo\/image\/\"},\"sameAs\":[\"https:\/\/www.facebook.com\/intertape\",\"https:\/\/x.com\/IPGtape\",\"https:\/\/www.linkedin.com\/company\/intertape-polymer-group\",\"https:\/\/www.instagram.com\/ipgtape\",\"https:\/\/www.youtube.com\/user\/IPGtape\"]}]}<\/script>\n<meta property=\"product:price:currency\" content=\"USD\" \/>\n<meta property=\"og:availability\" content=\"instock\" \/>\n<meta property=\"product:availability\" content=\"instock\" \/>\n<meta property=\"product:retailer_item_id\" content=\"18fc68f1eeaa\" \/>\n<meta property=\"product:condition\" content=\"new\" \/>\n<!-- \/ Yoast SEO Premium plugin. -->","yoast_head_json":{"title":"USA 2024-SB TTH - IPG","description":"Interpack\u2019s USA 2024-SB TTH (Uniform Semi-Automatic) case sealers are adjustable, operator fed machines that process same-sized RSC (Regular Slotted Carton) style cases.","robots":{"index":"index","follow":"follow","max-snippet":"max-snippet:-1","max-image-preview":"max-image-preview:large","max-video-preview":"max-video-preview:-1"},"canonical":"https:\/\/www.itape.com\/fr\/product\/usa-2024-sb-tth\/","og_locale":"fr_FR","og_type":"article","og_title":"USA 2024-SB TTH","og_description":"Interpack\u2019s USA 2024-SB TTH (Uniform Semi-Automatic) case sealers are adjustable, operator fed machines that process same-sized RSC (Regular Slotted Carton) style cases.","og_url":"https:\/\/www.itape.com\/fr\/product\/usa-2024-sb-tth\/","og_site_name":"IPG","article_publisher":"https:\/\/www.facebook.com\/intertape","article_modified_time":"2023-10-31T17:31:01+00:00","og_image":[{"width":2400,"height":2400,"url":"https:\/\/www.itape.com\/wp-content\/uploads\/2023\/01\/USA2024SBTTH_High.jpg","type":"image\/jpeg"}],"twitter_card":"summary_large_image","twitter_site":"@IPGtape","twitter_misc":{"Price":"","Availability":"In stock"},"schema":{"@context":"https:\/\/schema.org","@graph":[{"@type":"WebPage","@id":"https:\/\/www.itape.com\/fr\/product\/usa-2024-sb-tth\/","url":"https:\/\/www.itape.com\/fr\/product\/usa-2024-sb-tth\/","name":"USA 2024-SB TTH - IPG","isPartOf":{"@id":"https:\/\/www.itape.com\/#website"},"primaryImageOfPage":{"@id":"https:\/\/www.itape.com\/fr\/product\/usa-2024-sb-tth\/#primaryimage"},"image":{"@id":"https:\/\/www.itape.com\/fr\/product\/usa-2024-sb-tth\/#primaryimage"},"thumbnailUrl":"https:\/\/www.itape.com\/wp-content\/uploads\/2023\/01\/USA2024SBTTH_High.jpg","datePublished":"2023-01-12T14:30:00+00:00","dateModified":"2023-10-31T17:31:01+00:00","description":"Interpack\u2019s USA 2024-SB TTH (Uniform Semi-Automatic) case sealers are adjustable, operator fed machines that process same-sized RSC (Regular Slotted Carton) style cases.","breadcrumb":{"@id":"https:\/\/www.itape.com\/fr\/product\/usa-2024-sb-tth\/#breadcrumb"},"inLanguage":"fr-FR","potentialAction":[{"@type":"ReadAction","target":["https:\/\/www.itape.com\/fr\/product\/usa-2024-sb-tth\/"]}]},{"@type":"ImageObject","inLanguage":"fr-FR","@id":"https:\/\/www.itape.com\/fr\/product\/usa-2024-sb-tth\/#primaryimage","url":"https:\/\/www.itape.com\/wp-content\/uploads\/2023\/01\/USA2024SBTTH_High.jpg","contentUrl":"https:\/\/www.itape.com\/wp-content\/uploads\/2023\/01\/USA2024SBTTH_High.jpg","width":2400,"height":2400,"caption":"USA2024-SB-TTH_PressSensCartonSealingMachine"},{"@type":"BreadcrumbList","@id":"https:\/\/www.itape.com\/fr\/product\/usa-2024-sb-tth\/#breadcrumb","itemListElement":[{"@type":"ListItem","position":1,"name":"Home","item":"https:\/\/www.itape.com\/fr\/"},{"@type":"ListItem","position":2,"name":"Products","item":"https:\/\/www.itape.com\/products\/"},{"@type":"ListItem","position":3,"name":"USA 2024-SB TTH"}]},{"@type":"WebSite","@id":"https:\/\/www.itape.com\/#website","url":"https:\/\/www.itape.com\/","name":"IPG","description":"Global Leader in Packaging and Protective Solutions","publisher":{"@id":"https:\/\/www.itape.com\/#organization"},"potentialAction":[{"@type":"SearchAction","target":{"@type":"EntryPoint","urlTemplate":"https:\/\/www.itape.com\/?s={search_term_string}"},"query-input":{"@type":"PropertyValueSpecification","valueRequired":true,"valueName":"search_term_string"}}],"inLanguage":"fr-FR"},{"@type":"Organization","@id":"https:\/\/www.itape.com\/#organization","name":"IPG","url":"https:\/\/www.itape.com\/","logo":{"@type":"ImageObject","inLanguage":"fr-FR","@id":"https:\/\/www.itape.com\/#\/schema\/logo\/image\/","url":"https:\/\/www.itape.com\/wp-content\/uploads\/2024\/06\/IPG-logo-2.png","contentUrl":"https:\/\/www.itape.com\/wp-content\/uploads\/2024\/06\/IPG-logo-2.png","width":60,"height":60,"caption":"IPG"},"image":{"@id":"https:\/\/www.itape.com\/#\/schema\/logo\/image\/"},"sameAs":["https:\/\/www.facebook.com\/intertape","https:\/\/x.com\/IPGtape","https:\/\/www.linkedin.com\/company\/intertape-polymer-group","https:\/\/www.instagram.com\/ipgtape","https:\/\/www.youtube.com\/user\/IPGtape"]}]},"product_price_currency":"USD","og_availability":"instock","product_availability":"instock","product_retailer_item_id":"18fc68f1eeaa","product_condition":"new"},"parsely":{"version":"1.1.0","canonical_url":"https:\/\/itape.com\/fr\/product\/usa-2024-sb-tth\/","smart_links":{"inbound":0,"outbound":0},"traffic_boost_suggestions_count":0,"meta":{"@context":"https:\/\/schema.org","@type":"WebPage","headline":"USA 2024-SB TTH","url":"https:\/\/www.itape.com\/fr\/product\/usa-2024-sb-tth\/","mainEntityOfPage":{"@type":"WebPage","@id":"https:\/\/www.itape.com\/fr\/product\/usa-2024-sb-tth\/"},"thumbnailUrl":"https:\/\/www.itape.com\/wp-content\/uploads\/2023\/01\/USA2024SBTTH_High.jpg?w=150&h=150&crop=1","image":{"@type":"ImageObject","url":"https:\/\/www.itape.com\/wp-content\/uploads\/2023\/01\/USA2024SBTTH_High.jpg"},"articleSection":"Non classifi\u00e9(e)","author":[{"@type":"Person","name":"IPG"}],"creator":["IPG"],"publisher":{"@type":"Organization","name":"IPG","logo":"https:\/\/www.itape.com\/wp-content\/uploads\/2023\/03\/IPG-logo-2.png"},"keywords":[],"dateCreated":"2023-01-12T14:30:00Z","datePublished":"2023-01-12T14:30:00Z","dateModified":"2023-10-31T17:31:01Z"},"rendered":"<meta name=\"parsely-title\" content=\"USA 2024-SB TTH\" \/>\n<meta name=\"parsely-link\" content=\"https:\/\/www.itape.com\/fr\/product\/usa-2024-sb-tth\/\" \/>\n<meta name=\"parsely-type\" content=\"index\" \/>\n<meta name=\"parsely-image-url\" content=\"https:\/\/www.itape.com\/wp-content\/uploads\/2023\/01\/USA2024SBTTH_High.jpg?w=150&amp;h=150&amp;crop=1\" \/>\n<meta name=\"parsely-pub-date\" content=\"2023-01-12T14:30:00Z\" \/>\n<meta name=\"parsely-section\" content=\"Non classifi\u00e9(e)\" \/>\n<meta name=\"parsely-author\" content=\"IPG\" \/>","tracker_url":"https:\/\/cdn.parsely.com\/keys\/itape.com\/p.js"},"jetpack_sharing_enabled":true,"_links":{"self":[{"href":"https:\/\/www.itape.com\/fr\/wp-json\/wp\/v2\/product\/46866","targetHints":{"allow":["GET"]}}],"collection":[{"href":"https:\/\/www.itape.com\/fr\/wp-json\/wp\/v2\/product"}],"about":[{"href":"https:\/\/www.itape.com\/fr\/wp-json\/wp\/v2\/types\/product"}],"replies":[{"embeddable":true,"href":"https:\/\/www.itape.com\/fr\/wp-json\/wp\/v2\/comments?post=46866"}],"wp:featuredmedia":[{"embeddable":true,"href":"https:\/\/www.itape.com\/fr\/wp-json\/wp\/v2\/media\/55838"}],"wp:attachment":[{"href":"https:\/\/www.itape.com\/fr\/wp-json\/wp\/v2\/media?parent=46866"}],"wp:term":[{"taxonomy":"product_brand","embeddable":true,"href":"https:\/\/www.itape.com\/fr\/wp-json\/wp\/v2\/product_brand?post=46866"},{"taxonomy":"product_cat","embeddable":true,"href":"https:\/\/www.itape.com\/fr\/wp-json\/wp\/v2\/product_cat?post=46866"},{"taxonomy":"product_tag","embeddable":true,"href":"https:\/\/www.itape.com\/fr\/wp-json\/wp\/v2\/product_tag?post=46866"},{"taxonomy":"associated_application","embeddable":true,"href":"https:\/\/www.itape.com\/fr\/wp-json\/wp\/v2\/associated_application?post=46866"}],"curies":[{"name":"wp","href":"https:\/\/api.w.org\/{rel}","templated":true}]}}