{"id":46880,"date":"2023-01-12T14:30:12","date_gmt":"2023-01-12T14:30:12","guid":{"rendered":"https:\/\/www.itape.com\/product\/ua-262024-sb-fr\/"},"modified":"2023-10-30T18:11:46","modified_gmt":"2023-10-30T18:11:46","slug":"ua-262024-sb","status":"publish","type":"product","link":"https:\/\/www.itape.com\/fr\/product\/ua-262024-sb\/","title":{"rendered":"UA 262024-SB"},"content":{"rendered":"<div class=\"prose\">Fermeuse mono-format automatique \u00e0 entra\u00eenement par courroie lat\u00e9rale \u2022 Le cadre compact 1625\u00a0mm r\u00e9duit l&rsquo;encombrement au sol \u2022 Plage de fonctionnement totale par rapport aux produits concurrents \u2022 Contr\u00f4l\u00e9e par API\u00a0; ne n\u00e9cessite aucun ajustement manuel pour le r\u00e9glage de la longueur de la bo\u00eete \u2022 Boucliers de verrouillage de s\u00e9curit\u00e9 et porte d&rsquo;indexation en s\u00e9rie sur le c\u00f4t\u00e9 op\u00e9rateur \u2022 Ensemble sup\u00e9rieur flottant pour traiter les d\u00e9bordements compressibles \u2022 La poign\u00e9e de verrouillage unique bloque l&rsquo;ensemble sup\u00e9rieur sur les deux colonnes\u2022 Motor\u00e9ducteurs HP 1\/3 pour traiter les bo\u00eetes plus lourdes<\/div>\n","protected":false},"excerpt":{"rendered":"<p>Interpack\u2019s UA Series Case Sealers are adjustable, operator free machines that process same sized RSC style cases. These machines are required when production flow rates exceed manual processing or when automatic case packing is utilized. The UA 262024- SB offers upgraded side belt drive and processes the widest range of cases.<\/p>\n","protected":false},"featured_media":54983,"comment_status":"closed","ping_status":"closed","template":"","meta":{"_acf_changed":false},"product_brand":[],"product_cat":[7698,7666,6148,7709],"product_tag":[8198],"associated_application":[6052,5997,6001,6000],"class_list":{"0":"post-46880","1":"product","2":"type-product","3":"status-publish","4":"has-post-thumbnail","6":"product_cat-automated-equipment-fr-2","7":"product_cat-automated-packaging-fr","8":"product_cat-carton-sealing-machines-fr","9":"product_cat-automated-equipment-scellage-des-cartons-automatique-mono-format-fr","10":"product_tag-uniform-automatic-2-fr","11":"associated_application-automatisation-de-scellage-des-cartons-fr","12":"associated_application-commerce-en-ligne-fr","13":"associated_application-processus-general-de-fabrication-fr","14":"associated_application-transformation-alimentaire-fr","16":"first","17":"instock","18":"product-type-simple"},"acf":[],"yoast_head":"<!-- This site is optimized with the Yoast SEO Premium plugin v24.1 (Yoast SEO v27.0) - https:\/\/yoast.com\/product\/yoast-seo-premium-wordpress\/ -->\n<title>UA 262024-SB | Case Sealing Machine | IPG<\/title>\n<meta name=\"description\" content=\"Streamline your packaging operations with the UA 262024-SB Case sealing machine from IPG. Enjoy efficient case sealing, reliable performance, and enhanced productivity.\" \/>\n<meta name=\"robots\" content=\"index, follow, max-snippet:-1, max-image-preview:large, max-video-preview:-1\" \/>\n<link rel=\"canonical\" href=\"https:\/\/www.itape.com\/fr\/product\/ua-262024-sb\/\" \/>\n<meta property=\"og:locale\" content=\"fr_FR\" \/>\n<meta property=\"og:type\" content=\"article\" \/>\n<meta property=\"og:title\" content=\"UA 262024-SB\" \/>\n<meta property=\"og:description\" content=\"Streamline your packaging operations with the UA 262024-SB Case sealing machine from IPG. Enjoy efficient case sealing, reliable performance, and enhanced productivity.\" \/>\n<meta property=\"og:url\" content=\"https:\/\/www.itape.com\/fr\/product\/ua-262024-sb\/\" \/>\n<meta property=\"og:site_name\" content=\"IPG\" \/>\n<meta property=\"article:publisher\" content=\"https:\/\/www.facebook.com\/intertape\" \/>\n<meta property=\"article:modified_time\" content=\"2023-10-30T18:11:46+00:00\" \/>\n<meta property=\"og:image\" content=\"https:\/\/www.itape.com\/wp-content\/uploads\/2023\/01\/UA-262024-SB.jpg\" \/>\n\t<meta property=\"og:image:width\" content=\"2400\" \/>\n\t<meta property=\"og:image:height\" content=\"2400\" \/>\n\t<meta property=\"og:image:type\" content=\"image\/jpeg\" \/>\n<meta name=\"twitter:card\" content=\"summary_large_image\" \/>\n<meta name=\"twitter:site\" content=\"@IPGtape\" \/>\n<meta name=\"twitter:label1\" content=\"Price\" \/>\n\t<meta name=\"twitter:data1\" content=\"\" \/>\n\t<meta name=\"twitter:label2\" content=\"Availability\" \/>\n\t<meta name=\"twitter:data2\" content=\"In stock\" \/>\n<script type=\"application\/ld+json\" class=\"yoast-schema-graph\">{\"@context\":\"https:\/\/schema.org\",\"@graph\":[{\"@type\":\"WebPage\",\"@id\":\"https:\/\/www.itape.com\/fr\/product\/ua-262024-sb\/\",\"url\":\"https:\/\/www.itape.com\/fr\/product\/ua-262024-sb\/\",\"name\":\"UA 262024-SB | Case Sealing Machine | IPG\",\"isPartOf\":{\"@id\":\"https:\/\/www.itape.com\/#website\"},\"primaryImageOfPage\":{\"@id\":\"https:\/\/www.itape.com\/fr\/product\/ua-262024-sb\/#primaryimage\"},\"image\":{\"@id\":\"https:\/\/www.itape.com\/fr\/product\/ua-262024-sb\/#primaryimage\"},\"thumbnailUrl\":\"https:\/\/www.itape.com\/wp-content\/uploads\/2023\/01\/UA-262024-SB.jpg\",\"datePublished\":\"2023-01-12T14:30:12+00:00\",\"dateModified\":\"2023-10-30T18:11:46+00:00\",\"description\":\"Streamline your packaging operations with the UA 262024-SB Case sealing machine from IPG. Enjoy efficient case sealing, reliable performance, and enhanced productivity.\",\"breadcrumb\":{\"@id\":\"https:\/\/www.itape.com\/fr\/product\/ua-262024-sb\/#breadcrumb\"},\"inLanguage\":\"fr-FR\",\"potentialAction\":[{\"@type\":\"ReadAction\",\"target\":[\"https:\/\/www.itape.com\/fr\/product\/ua-262024-sb\/\"]}]},{\"@type\":\"ImageObject\",\"inLanguage\":\"fr-FR\",\"@id\":\"https:\/\/www.itape.com\/fr\/product\/ua-262024-sb\/#primaryimage\",\"url\":\"https:\/\/www.itape.com\/wp-content\/uploads\/2023\/01\/UA-262024-SB.jpg\",\"contentUrl\":\"https:\/\/www.itape.com\/wp-content\/uploads\/2023\/01\/UA-262024-SB.jpg\",\"width\":2400,\"height\":2400,\"caption\":\"UA 262024-SB Case Sealer\"},{\"@type\":\"BreadcrumbList\",\"@id\":\"https:\/\/www.itape.com\/fr\/product\/ua-262024-sb\/#breadcrumb\",\"itemListElement\":[{\"@type\":\"ListItem\",\"position\":1,\"name\":\"Home\",\"item\":\"https:\/\/www.itape.com\/fr\/\"},{\"@type\":\"ListItem\",\"position\":2,\"name\":\"Products\",\"item\":\"https:\/\/www.itape.com\/products\/\"},{\"@type\":\"ListItem\",\"position\":3,\"name\":\"UA 262024-SB\"}]},{\"@type\":\"WebSite\",\"@id\":\"https:\/\/www.itape.com\/#website\",\"url\":\"https:\/\/www.itape.com\/\",\"name\":\"IPG\",\"description\":\"Global Leader in Packaging and Protective Solutions\",\"publisher\":{\"@id\":\"https:\/\/www.itape.com\/#organization\"},\"potentialAction\":[{\"@type\":\"SearchAction\",\"target\":{\"@type\":\"EntryPoint\",\"urlTemplate\":\"https:\/\/www.itape.com\/?s={search_term_string}\"},\"query-input\":{\"@type\":\"PropertyValueSpecification\",\"valueRequired\":true,\"valueName\":\"search_term_string\"}}],\"inLanguage\":\"fr-FR\"},{\"@type\":\"Organization\",\"@id\":\"https:\/\/www.itape.com\/#organization\",\"name\":\"IPG\",\"url\":\"https:\/\/www.itape.com\/\",\"logo\":{\"@type\":\"ImageObject\",\"inLanguage\":\"fr-FR\",\"@id\":\"https:\/\/www.itape.com\/#\/schema\/logo\/image\/\",\"url\":\"https:\/\/www.itape.com\/wp-content\/uploads\/2024\/06\/IPG-logo-2.png\",\"contentUrl\":\"https:\/\/www.itape.com\/wp-content\/uploads\/2024\/06\/IPG-logo-2.png\",\"width\":60,\"height\":60,\"caption\":\"IPG\"},\"image\":{\"@id\":\"https:\/\/www.itape.com\/#\/schema\/logo\/image\/\"},\"sameAs\":[\"https:\/\/www.facebook.com\/intertape\",\"https:\/\/x.com\/IPGtape\",\"https:\/\/www.linkedin.com\/company\/intertape-polymer-group\",\"https:\/\/www.instagram.com\/ipgtape\",\"https:\/\/www.youtube.com\/user\/IPGtape\"]}]}<\/script>\n<meta property=\"product:price:currency\" content=\"USD\" \/>\n<meta property=\"og:availability\" content=\"instock\" \/>\n<meta property=\"product:availability\" content=\"instock\" \/>\n<meta property=\"product:retailer_item_id\" content=\"39b28ed3e979\" \/>\n<meta property=\"product:condition\" content=\"new\" \/>\n<!-- \/ Yoast SEO Premium plugin. -->","yoast_head_json":{"title":"UA 262024-SB | Case Sealing Machine | IPG","description":"Streamline your packaging operations with the UA 262024-SB Case sealing machine from IPG. Enjoy efficient case sealing, reliable performance, and enhanced productivity.","robots":{"index":"index","follow":"follow","max-snippet":"max-snippet:-1","max-image-preview":"max-image-preview:large","max-video-preview":"max-video-preview:-1"},"canonical":"https:\/\/www.itape.com\/fr\/product\/ua-262024-sb\/","og_locale":"fr_FR","og_type":"article","og_title":"UA 262024-SB","og_description":"Streamline your packaging operations with the UA 262024-SB Case sealing machine from IPG. Enjoy efficient case sealing, reliable performance, and enhanced productivity.","og_url":"https:\/\/www.itape.com\/fr\/product\/ua-262024-sb\/","og_site_name":"IPG","article_publisher":"https:\/\/www.facebook.com\/intertape","article_modified_time":"2023-10-30T18:11:46+00:00","og_image":[{"width":2400,"height":2400,"url":"https:\/\/www.itape.com\/wp-content\/uploads\/2023\/01\/UA-262024-SB.jpg","type":"image\/jpeg"}],"twitter_card":"summary_large_image","twitter_site":"@IPGtape","twitter_misc":{"Price":"","Availability":"In stock"},"schema":{"@context":"https:\/\/schema.org","@graph":[{"@type":"WebPage","@id":"https:\/\/www.itape.com\/fr\/product\/ua-262024-sb\/","url":"https:\/\/www.itape.com\/fr\/product\/ua-262024-sb\/","name":"UA 262024-SB | Case Sealing Machine | IPG","isPartOf":{"@id":"https:\/\/www.itape.com\/#website"},"primaryImageOfPage":{"@id":"https:\/\/www.itape.com\/fr\/product\/ua-262024-sb\/#primaryimage"},"image":{"@id":"https:\/\/www.itape.com\/fr\/product\/ua-262024-sb\/#primaryimage"},"thumbnailUrl":"https:\/\/www.itape.com\/wp-content\/uploads\/2023\/01\/UA-262024-SB.jpg","datePublished":"2023-01-12T14:30:12+00:00","dateModified":"2023-10-30T18:11:46+00:00","description":"Streamline your packaging operations with the UA 262024-SB Case sealing machine from IPG. Enjoy efficient case sealing, reliable performance, and enhanced productivity.","breadcrumb":{"@id":"https:\/\/www.itape.com\/fr\/product\/ua-262024-sb\/#breadcrumb"},"inLanguage":"fr-FR","potentialAction":[{"@type":"ReadAction","target":["https:\/\/www.itape.com\/fr\/product\/ua-262024-sb\/"]}]},{"@type":"ImageObject","inLanguage":"fr-FR","@id":"https:\/\/www.itape.com\/fr\/product\/ua-262024-sb\/#primaryimage","url":"https:\/\/www.itape.com\/wp-content\/uploads\/2023\/01\/UA-262024-SB.jpg","contentUrl":"https:\/\/www.itape.com\/wp-content\/uploads\/2023\/01\/UA-262024-SB.jpg","width":2400,"height":2400,"caption":"UA 262024-SB Case Sealer"},{"@type":"BreadcrumbList","@id":"https:\/\/www.itape.com\/fr\/product\/ua-262024-sb\/#breadcrumb","itemListElement":[{"@type":"ListItem","position":1,"name":"Home","item":"https:\/\/www.itape.com\/fr\/"},{"@type":"ListItem","position":2,"name":"Products","item":"https:\/\/www.itape.com\/products\/"},{"@type":"ListItem","position":3,"name":"UA 262024-SB"}]},{"@type":"WebSite","@id":"https:\/\/www.itape.com\/#website","url":"https:\/\/www.itape.com\/","name":"IPG","description":"Global Leader in Packaging and Protective Solutions","publisher":{"@id":"https:\/\/www.itape.com\/#organization"},"potentialAction":[{"@type":"SearchAction","target":{"@type":"EntryPoint","urlTemplate":"https:\/\/www.itape.com\/?s={search_term_string}"},"query-input":{"@type":"PropertyValueSpecification","valueRequired":true,"valueName":"search_term_string"}}],"inLanguage":"fr-FR"},{"@type":"Organization","@id":"https:\/\/www.itape.com\/#organization","name":"IPG","url":"https:\/\/www.itape.com\/","logo":{"@type":"ImageObject","inLanguage":"fr-FR","@id":"https:\/\/www.itape.com\/#\/schema\/logo\/image\/","url":"https:\/\/www.itape.com\/wp-content\/uploads\/2024\/06\/IPG-logo-2.png","contentUrl":"https:\/\/www.itape.com\/wp-content\/uploads\/2024\/06\/IPG-logo-2.png","width":60,"height":60,"caption":"IPG"},"image":{"@id":"https:\/\/www.itape.com\/#\/schema\/logo\/image\/"},"sameAs":["https:\/\/www.facebook.com\/intertape","https:\/\/x.com\/IPGtape","https:\/\/www.linkedin.com\/company\/intertape-polymer-group","https:\/\/www.instagram.com\/ipgtape","https:\/\/www.youtube.com\/user\/IPGtape"]}]},"product_price_currency":"USD","og_availability":"instock","product_availability":"instock","product_retailer_item_id":"39b28ed3e979","product_condition":"new"},"parsely":{"version":"1.1.0","canonical_url":"https:\/\/itape.com\/fr\/product\/ua-262024-sb\/","smart_links":{"inbound":0,"outbound":0},"traffic_boost_suggestions_count":0,"meta":{"@context":"https:\/\/schema.org","@type":"WebPage","headline":"UA 262024-SB","url":"https:\/\/www.itape.com\/fr\/product\/ua-262024-sb\/","mainEntityOfPage":{"@type":"WebPage","@id":"https:\/\/www.itape.com\/fr\/product\/ua-262024-sb\/"},"thumbnailUrl":"https:\/\/www.itape.com\/wp-content\/uploads\/2023\/01\/UA-262024-SB.jpg?w=150&h=150&crop=1","image":{"@type":"ImageObject","url":"https:\/\/www.itape.com\/wp-content\/uploads\/2023\/01\/UA-262024-SB.jpg"},"articleSection":"Non classifi\u00e9(e)","author":[{"@type":"Person","name":"IPG"}],"creator":["IPG"],"publisher":{"@type":"Organization","name":"IPG","logo":"https:\/\/www.itape.com\/wp-content\/uploads\/2023\/03\/IPG-logo-2.png"},"keywords":[],"dateCreated":"2023-01-12T14:30:12Z","datePublished":"2023-01-12T14:30:12Z","dateModified":"2023-10-30T18:11:46Z"},"rendered":"<meta name=\"parsely-title\" content=\"UA 262024-SB\" \/>\n<meta name=\"parsely-link\" content=\"https:\/\/www.itape.com\/fr\/product\/ua-262024-sb\/\" \/>\n<meta name=\"parsely-type\" content=\"index\" \/>\n<meta name=\"parsely-image-url\" content=\"https:\/\/www.itape.com\/wp-content\/uploads\/2023\/01\/UA-262024-SB.jpg?w=150&amp;h=150&amp;crop=1\" \/>\n<meta name=\"parsely-pub-date\" content=\"2023-01-12T14:30:12Z\" \/>\n<meta name=\"parsely-section\" content=\"Non classifi\u00e9(e)\" \/>\n<meta name=\"parsely-author\" content=\"IPG\" \/>","tracker_url":"https:\/\/cdn.parsely.com\/keys\/itape.com\/p.js"},"jetpack_sharing_enabled":true,"_links":{"self":[{"href":"https:\/\/www.itape.com\/fr\/wp-json\/wp\/v2\/product\/46880","targetHints":{"allow":["GET"]}}],"collection":[{"href":"https:\/\/www.itape.com\/fr\/wp-json\/wp\/v2\/product"}],"about":[{"href":"https:\/\/www.itape.com\/fr\/wp-json\/wp\/v2\/types\/product"}],"replies":[{"embeddable":true,"href":"https:\/\/www.itape.com\/fr\/wp-json\/wp\/v2\/comments?post=46880"}],"wp:featuredmedia":[{"embeddable":true,"href":"https:\/\/www.itape.com\/fr\/wp-json\/wp\/v2\/media\/54983"}],"wp:attachment":[{"href":"https:\/\/www.itape.com\/fr\/wp-json\/wp\/v2\/media?parent=46880"}],"wp:term":[{"taxonomy":"product_brand","embeddable":true,"href":"https:\/\/www.itape.com\/fr\/wp-json\/wp\/v2\/product_brand?post=46880"},{"taxonomy":"product_cat","embeddable":true,"href":"https:\/\/www.itape.com\/fr\/wp-json\/wp\/v2\/product_cat?post=46880"},{"taxonomy":"product_tag","embeddable":true,"href":"https:\/\/www.itape.com\/fr\/wp-json\/wp\/v2\/product_tag?post=46880"},{"taxonomy":"associated_application","embeddable":true,"href":"https:\/\/www.itape.com\/fr\/wp-json\/wp\/v2\/associated_application?post=46880"}],"curies":[{"name":"wp","href":"https:\/\/api.w.org\/{rel}","templated":true}]}}