{"id":46906,"date":"2023-01-12T14:30:24","date_gmt":"2023-01-12T14:30:24","guid":{"rendered":"https:\/\/www.itape.com\/product\/291-fr\/"},"modified":"2023-05-15T18:43:57","modified_gmt":"2023-05-15T18:43:57","slug":"291-fr","status":"publish","type":"product","link":"https:\/\/www.itape.com\/fr\/product\/291-fr\/","title":{"rendered":"291"},"content":{"rendered":"","protected":false},"excerpt":{"rendered":"<p>Ruban adh\u00e9sif d&#8217;emballage en acrylique de premi\u00e8re qualit\u00e9 2,5\u00a0mils\u00a0: le ruban adh\u00e9sif d&#8217;emballage en BOPP durable fournit une excellente transparence, une haute r\u00e9sistance au cisaillement afin d&rsquo;\u00e9viter le \u00ab\u00a0marquage\u00a0\u00bb, une performance de collage rapide optimale et un d\u00e9roulage contr\u00f4l\u00e9. Emballage de bo\u00eetes lourdes et autres emballages soumis \u00e0 une exposition \u00e0 des dangers et contraintes d&rsquo;exp\u00e9dition plus rudes.<\/p>\n","protected":false},"featured_media":54150,"comment_status":"closed","ping_status":"closed","template":"","meta":{"_acf_changed":false},"product_brand":[],"product_cat":[8268,7700,7706,7721],"product_tag":[8262,6187],"associated_application":[5993,6052,5997,6003,5992,6060,6087,6097,5994,6001,6090,6080,6058,7687,6007,6000,6085],"class_list":{"0":"post-46906","1":"product","2":"type-product","3":"status-publish","4":"has-post-thumbnail","6":"product_cat-cradle-to-cradle-products-fr","7":"product_cat-carton-sealing-products-fr","8":"product_cat-sustainable-packaging-fr","9":"product_cat-carton-sealing-products-ruban-adhesif-demballage-en-acrylique-fr","10":"product_tag-cradle-to-cradle-certified-fr","11":"product_tag-premium-fr","12":"associated_application-appareil-fr","13":"associated_application-automatisation-de-scellage-des-cartons-fr","14":"associated_application-commerce-en-ligne-fr","15":"associated_application-demenagement-et-stockage-fr","16":"associated_application-industrie-aerospatiale-fr","17":"associated_application-inviolabilite-fr","18":"associated_application-inviolabilite-fr-transformation-alimentaire-fr","19":"associated_application-inviolabilite-fr-processus-general-de-fabrication-fr","20":"associated_application-marche-des-pieces-automobiles-fr","21":"associated_application-processus-general-de-fabrication-fr","22":"associated_application-promotion-des-marques-fr-processus-general-de-fabrication-fr","23":"associated_application-promotion-des-marques-fr","24":"associated_application-ruban-imprimable-fr","25":"associated_application-rubans-demballage","26":"associated_application-secteur-du-transport-fr","27":"associated_application-transformation-alimentaire-fr","28":"associated_application-transport-et-stockage-refrigeres-fr","30":"first","31":"instock","32":"product-type-simple"},"acf":[],"yoast_head":"<!-- This site is optimized with the Yoast SEO Premium plugin v24.1 (Yoast SEO v27.0) - https:\/\/yoast.com\/product\/yoast-seo-premium-wordpress\/ -->\n<title>291 - IPG<\/title>\n<meta name=\"robots\" content=\"index, follow, max-snippet:-1, max-image-preview:large, max-video-preview:-1\" \/>\n<link rel=\"canonical\" href=\"https:\/\/www.itape.com\/fr\/product\/291-fr\/\" \/>\n<meta property=\"og:locale\" content=\"fr_FR\" \/>\n<meta property=\"og:type\" content=\"article\" \/>\n<meta property=\"og:title\" content=\"291\" \/>\n<meta property=\"og:description\" content=\"Ruban adh\u00e9sif d&#039;emballage en acrylique de premi\u00e8re qualit\u00e9 2,5\u00a0mils\u00a0: le ruban adh\u00e9sif d&#039;emballage en BOPP durable fournit une excellente transparence, une haute r\u00e9sistance au cisaillement afin d&#039;\u00e9viter le \u00ab\u00a0marquage\u00a0\u00bb, une performance de collage rapide optimale et un d\u00e9roulage contr\u00f4l\u00e9. Emballage de bo\u00eetes lourdes et autres emballages soumis \u00e0 une exposition \u00e0 des dangers et contraintes d&#039;exp\u00e9dition plus rudes.\" \/>\n<meta property=\"og:url\" content=\"https:\/\/www.itape.com\/fr\/product\/291-fr\/\" \/>\n<meta property=\"og:site_name\" content=\"IPG\" \/>\n<meta property=\"article:publisher\" content=\"https:\/\/www.facebook.com\/intertape\" \/>\n<meta property=\"article:modified_time\" content=\"2023-05-15T18:43:57+00:00\" \/>\n<meta property=\"og:image\" content=\"https:\/\/www.itape.com\/wp-content\/uploads\/2023\/10\/291-shadow-48x55-1500.jpg\" \/>\n\t<meta property=\"og:image:width\" content=\"2400\" \/>\n\t<meta property=\"og:image:height\" content=\"2400\" \/>\n\t<meta property=\"og:image:type\" content=\"image\/jpeg\" \/>\n<meta name=\"twitter:card\" content=\"summary_large_image\" \/>\n<meta name=\"twitter:site\" content=\"@IPGtape\" \/>\n<meta name=\"twitter:label1\" content=\"Price\" \/>\n\t<meta name=\"twitter:data1\" content=\"\" \/>\n\t<meta name=\"twitter:label2\" content=\"Availability\" \/>\n\t<meta name=\"twitter:data2\" content=\"In stock\" \/>\n<script type=\"application\/ld+json\" class=\"yoast-schema-graph\">{\"@context\":\"https:\/\/schema.org\",\"@graph\":[{\"@type\":\"WebPage\",\"@id\":\"https:\/\/www.itape.com\/fr\/product\/291-fr\/\",\"url\":\"https:\/\/www.itape.com\/fr\/product\/291-fr\/\",\"name\":\"291 - IPG\",\"isPartOf\":{\"@id\":\"https:\/\/www.itape.com\/#website\"},\"primaryImageOfPage\":{\"@id\":\"https:\/\/www.itape.com\/fr\/product\/291-fr\/#primaryimage\"},\"image\":{\"@id\":\"https:\/\/www.itape.com\/fr\/product\/291-fr\/#primaryimage\"},\"thumbnailUrl\":\"https:\/\/www.itape.com\/wp-content\/uploads\/2023\/10\/291-shadow-48x55-1500.jpg\",\"datePublished\":\"2023-01-12T14:30:24+00:00\",\"dateModified\":\"2023-05-15T18:43:57+00:00\",\"breadcrumb\":{\"@id\":\"https:\/\/www.itape.com\/fr\/product\/291-fr\/#breadcrumb\"},\"inLanguage\":\"fr-FR\",\"potentialAction\":[{\"@type\":\"ReadAction\",\"target\":[\"https:\/\/www.itape.com\/fr\/product\/291-fr\/\"]}]},{\"@type\":\"ImageObject\",\"inLanguage\":\"fr-FR\",\"@id\":\"https:\/\/www.itape.com\/fr\/product\/291-fr\/#primaryimage\",\"url\":\"https:\/\/www.itape.com\/wp-content\/uploads\/2023\/10\/291-shadow-48x55-1500.jpg\",\"contentUrl\":\"https:\/\/www.itape.com\/wp-content\/uploads\/2023\/10\/291-shadow-48x55-1500.jpg\",\"width\":2400,\"height\":2400,\"caption\":\"291_CartonSealingTape\"},{\"@type\":\"BreadcrumbList\",\"@id\":\"https:\/\/www.itape.com\/fr\/product\/291-fr\/#breadcrumb\",\"itemListElement\":[{\"@type\":\"ListItem\",\"position\":1,\"name\":\"Home\",\"item\":\"https:\/\/www.itape.com\/fr\/\"},{\"@type\":\"ListItem\",\"position\":2,\"name\":\"Products\",\"item\":\"https:\/\/www.itape.com\/products\/\"},{\"@type\":\"ListItem\",\"position\":3,\"name\":\"291\"}]},{\"@type\":\"WebSite\",\"@id\":\"https:\/\/www.itape.com\/#website\",\"url\":\"https:\/\/www.itape.com\/\",\"name\":\"IPG\",\"description\":\"Global Leader in Packaging and Protective Solutions\",\"publisher\":{\"@id\":\"https:\/\/www.itape.com\/#organization\"},\"potentialAction\":[{\"@type\":\"SearchAction\",\"target\":{\"@type\":\"EntryPoint\",\"urlTemplate\":\"https:\/\/www.itape.com\/?s={search_term_string}\"},\"query-input\":{\"@type\":\"PropertyValueSpecification\",\"valueRequired\":true,\"valueName\":\"search_term_string\"}}],\"inLanguage\":\"fr-FR\"},{\"@type\":\"Organization\",\"@id\":\"https:\/\/www.itape.com\/#organization\",\"name\":\"IPG\",\"url\":\"https:\/\/www.itape.com\/\",\"logo\":{\"@type\":\"ImageObject\",\"inLanguage\":\"fr-FR\",\"@id\":\"https:\/\/www.itape.com\/#\/schema\/logo\/image\/\",\"url\":\"https:\/\/www.itape.com\/wp-content\/uploads\/2024\/06\/IPG-logo-2.png\",\"contentUrl\":\"https:\/\/www.itape.com\/wp-content\/uploads\/2024\/06\/IPG-logo-2.png\",\"width\":60,\"height\":60,\"caption\":\"IPG\"},\"image\":{\"@id\":\"https:\/\/www.itape.com\/#\/schema\/logo\/image\/\"},\"sameAs\":[\"https:\/\/www.facebook.com\/intertape\",\"https:\/\/x.com\/IPGtape\",\"https:\/\/www.linkedin.com\/company\/intertape-polymer-group\",\"https:\/\/www.instagram.com\/ipgtape\",\"https:\/\/www.youtube.com\/user\/IPGtape\"]}]}<\/script>\n<meta property=\"product:price:currency\" content=\"USD\" \/>\n<meta property=\"og:availability\" content=\"instock\" \/>\n<meta property=\"product:availability\" content=\"instock\" \/>\n<meta property=\"product:retailer_item_id\" content=\"b42f4fb76376\" \/>\n<meta property=\"product:condition\" content=\"new\" \/>\n<!-- \/ Yoast SEO Premium plugin. -->","yoast_head_json":{"title":"291 - IPG","robots":{"index":"index","follow":"follow","max-snippet":"max-snippet:-1","max-image-preview":"max-image-preview:large","max-video-preview":"max-video-preview:-1"},"canonical":"https:\/\/www.itape.com\/fr\/product\/291-fr\/","og_locale":"fr_FR","og_type":"article","og_title":"291","og_description":"Ruban adh\u00e9sif d'emballage en acrylique de premi\u00e8re qualit\u00e9 2,5\u00a0mils\u00a0: le ruban adh\u00e9sif d'emballage en BOPP durable fournit une excellente transparence, une haute r\u00e9sistance au cisaillement afin d'\u00e9viter le \u00ab\u00a0marquage\u00a0\u00bb, une performance de collage rapide optimale et un d\u00e9roulage contr\u00f4l\u00e9. Emballage de bo\u00eetes lourdes et autres emballages soumis \u00e0 une exposition \u00e0 des dangers et contraintes d'exp\u00e9dition plus rudes.","og_url":"https:\/\/www.itape.com\/fr\/product\/291-fr\/","og_site_name":"IPG","article_publisher":"https:\/\/www.facebook.com\/intertape","article_modified_time":"2023-05-15T18:43:57+00:00","og_image":[{"width":2400,"height":2400,"url":"https:\/\/www.itape.com\/wp-content\/uploads\/2023\/10\/291-shadow-48x55-1500.jpg","type":"image\/jpeg"}],"twitter_card":"summary_large_image","twitter_site":"@IPGtape","twitter_misc":{"Price":"","Availability":"In stock"},"schema":{"@context":"https:\/\/schema.org","@graph":[{"@type":"WebPage","@id":"https:\/\/www.itape.com\/fr\/product\/291-fr\/","url":"https:\/\/www.itape.com\/fr\/product\/291-fr\/","name":"291 - IPG","isPartOf":{"@id":"https:\/\/www.itape.com\/#website"},"primaryImageOfPage":{"@id":"https:\/\/www.itape.com\/fr\/product\/291-fr\/#primaryimage"},"image":{"@id":"https:\/\/www.itape.com\/fr\/product\/291-fr\/#primaryimage"},"thumbnailUrl":"https:\/\/www.itape.com\/wp-content\/uploads\/2023\/10\/291-shadow-48x55-1500.jpg","datePublished":"2023-01-12T14:30:24+00:00","dateModified":"2023-05-15T18:43:57+00:00","breadcrumb":{"@id":"https:\/\/www.itape.com\/fr\/product\/291-fr\/#breadcrumb"},"inLanguage":"fr-FR","potentialAction":[{"@type":"ReadAction","target":["https:\/\/www.itape.com\/fr\/product\/291-fr\/"]}]},{"@type":"ImageObject","inLanguage":"fr-FR","@id":"https:\/\/www.itape.com\/fr\/product\/291-fr\/#primaryimage","url":"https:\/\/www.itape.com\/wp-content\/uploads\/2023\/10\/291-shadow-48x55-1500.jpg","contentUrl":"https:\/\/www.itape.com\/wp-content\/uploads\/2023\/10\/291-shadow-48x55-1500.jpg","width":2400,"height":2400,"caption":"291_CartonSealingTape"},{"@type":"BreadcrumbList","@id":"https:\/\/www.itape.com\/fr\/product\/291-fr\/#breadcrumb","itemListElement":[{"@type":"ListItem","position":1,"name":"Home","item":"https:\/\/www.itape.com\/fr\/"},{"@type":"ListItem","position":2,"name":"Products","item":"https:\/\/www.itape.com\/products\/"},{"@type":"ListItem","position":3,"name":"291"}]},{"@type":"WebSite","@id":"https:\/\/www.itape.com\/#website","url":"https:\/\/www.itape.com\/","name":"IPG","description":"Global Leader in Packaging and Protective Solutions","publisher":{"@id":"https:\/\/www.itape.com\/#organization"},"potentialAction":[{"@type":"SearchAction","target":{"@type":"EntryPoint","urlTemplate":"https:\/\/www.itape.com\/?s={search_term_string}"},"query-input":{"@type":"PropertyValueSpecification","valueRequired":true,"valueName":"search_term_string"}}],"inLanguage":"fr-FR"},{"@type":"Organization","@id":"https:\/\/www.itape.com\/#organization","name":"IPG","url":"https:\/\/www.itape.com\/","logo":{"@type":"ImageObject","inLanguage":"fr-FR","@id":"https:\/\/www.itape.com\/#\/schema\/logo\/image\/","url":"https:\/\/www.itape.com\/wp-content\/uploads\/2024\/06\/IPG-logo-2.png","contentUrl":"https:\/\/www.itape.com\/wp-content\/uploads\/2024\/06\/IPG-logo-2.png","width":60,"height":60,"caption":"IPG"},"image":{"@id":"https:\/\/www.itape.com\/#\/schema\/logo\/image\/"},"sameAs":["https:\/\/www.facebook.com\/intertape","https:\/\/x.com\/IPGtape","https:\/\/www.linkedin.com\/company\/intertape-polymer-group","https:\/\/www.instagram.com\/ipgtape","https:\/\/www.youtube.com\/user\/IPGtape"]}]},"product_price_currency":"USD","og_availability":"instock","product_availability":"instock","product_retailer_item_id":"b42f4fb76376","product_condition":"new"},"parsely":{"version":"1.1.0","canonical_url":"https:\/\/itape.com\/fr\/product\/291-fr\/","smart_links":{"inbound":0,"outbound":0},"traffic_boost_suggestions_count":0,"meta":{"@context":"https:\/\/schema.org","@type":"WebPage","headline":"291","url":"https:\/\/www.itape.com\/fr\/product\/291-fr\/","mainEntityOfPage":{"@type":"WebPage","@id":"https:\/\/www.itape.com\/fr\/product\/291-fr\/"},"thumbnailUrl":"https:\/\/www.itape.com\/wp-content\/uploads\/2023\/10\/291-shadow-48x55-1500.jpg?w=150&h=150&crop=1","image":{"@type":"ImageObject","url":"https:\/\/www.itape.com\/wp-content\/uploads\/2023\/10\/291-shadow-48x55-1500.jpg"},"articleSection":"Non classifi\u00e9(e)","author":[{"@type":"Person","name":"IPG"}],"creator":["IPG"],"publisher":{"@type":"Organization","name":"IPG","logo":"https:\/\/www.itape.com\/wp-content\/uploads\/2023\/03\/IPG-logo-2.png"},"keywords":[],"dateCreated":"2023-01-12T14:30:24Z","datePublished":"2023-01-12T14:30:24Z","dateModified":"2023-05-15T18:43:57Z"},"rendered":"<meta name=\"parsely-title\" content=\"291\" \/>\n<meta name=\"parsely-link\" content=\"https:\/\/www.itape.com\/fr\/product\/291-fr\/\" \/>\n<meta name=\"parsely-type\" content=\"index\" \/>\n<meta name=\"parsely-image-url\" content=\"https:\/\/www.itape.com\/wp-content\/uploads\/2023\/10\/291-shadow-48x55-1500.jpg?w=150&amp;h=150&amp;crop=1\" \/>\n<meta name=\"parsely-pub-date\" content=\"2023-01-12T14:30:24Z\" \/>\n<meta name=\"parsely-section\" content=\"Non classifi\u00e9(e)\" \/>\n<meta name=\"parsely-author\" content=\"IPG\" \/>","tracker_url":"https:\/\/cdn.parsely.com\/keys\/itape.com\/p.js"},"jetpack_sharing_enabled":true,"_links":{"self":[{"href":"https:\/\/www.itape.com\/fr\/wp-json\/wp\/v2\/product\/46906","targetHints":{"allow":["GET"]}}],"collection":[{"href":"https:\/\/www.itape.com\/fr\/wp-json\/wp\/v2\/product"}],"about":[{"href":"https:\/\/www.itape.com\/fr\/wp-json\/wp\/v2\/types\/product"}],"replies":[{"embeddable":true,"href":"https:\/\/www.itape.com\/fr\/wp-json\/wp\/v2\/comments?post=46906"}],"wp:featuredmedia":[{"embeddable":true,"href":"https:\/\/www.itape.com\/fr\/wp-json\/wp\/v2\/media\/54150"}],"wp:attachment":[{"href":"https:\/\/www.itape.com\/fr\/wp-json\/wp\/v2\/media?parent=46906"}],"wp:term":[{"taxonomy":"product_brand","embeddable":true,"href":"https:\/\/www.itape.com\/fr\/wp-json\/wp\/v2\/product_brand?post=46906"},{"taxonomy":"product_cat","embeddable":true,"href":"https:\/\/www.itape.com\/fr\/wp-json\/wp\/v2\/product_cat?post=46906"},{"taxonomy":"product_tag","embeddable":true,"href":"https:\/\/www.itape.com\/fr\/wp-json\/wp\/v2\/product_tag?post=46906"},{"taxonomy":"associated_application","embeddable":true,"href":"https:\/\/www.itape.com\/fr\/wp-json\/wp\/v2\/associated_application?post=46906"}],"curies":[{"name":"wp","href":"https:\/\/api.w.org\/{rel}","templated":true}]}}