{"id":46915,"date":"2023-01-12T14:30:30","date_gmt":"2023-01-12T14:30:30","guid":{"rendered":"https:\/\/www.itape.com\/product\/6151qt-fr\/"},"modified":"2023-04-10T15:00:18","modified_gmt":"2023-04-10T15:00:18","slug":"6151qt-fr","status":"publish","type":"product","link":"https:\/\/www.itape.com\/fr\/product\/6151qt-fr\/","title":{"rendered":"6151QT"},"content":{"rendered":"","protected":false},"excerpt":{"rendered":"<p>Ruban adh\u00e9sif d&#8217;emballage thermofusible basse temp\u00e9rature 1,7\u00a0mil\u00a0: ruban adh\u00e9sif d&#8217;emballage en BOPP avec colle thermofusible auto-adh\u00e9sive de conception sp\u00e9ciale. Offre un scellement s\u00fbr et esth\u00e9tique dans des environnements froids et humides. Pour les poids l\u00e9gers \u00e0 moyens, les scellements manuels de bo\u00eetes \u00e0 temp\u00e9rature ambiante ainsi que l&#8217;emballage d&rsquo;aliments r\u00e9frig\u00e9r\u00e9s et les applications de traitement et de d\u00e9placement\/stockage.<\/p>\n","protected":false},"featured_media":57724,"comment_status":"closed","ping_status":"closed","template":"","meta":{"_acf_changed":false},"product_brand":[],"product_cat":[8268,7700,7706,7722],"product_tag":[8262,6185],"associated_application":[5993,5999,6052,5995,5997,6003,5992,5994,6001,7687,6007,6000,6085],"class_list":{"0":"post-46915","1":"product","2":"type-product","3":"status-publish","4":"has-post-thumbnail","6":"product_cat-cradle-to-cradle-products-fr","7":"product_cat-carton-sealing-products-fr","8":"product_cat-sustainable-packaging-fr","9":"product_cat-carton-sealing-products-ruban-adhesif-demballage-thermofusible-fr","10":"product_tag-cradle-to-cradle-certified-fr","11":"product_tag-utility-fr","12":"associated_application-appareil-fr","13":"associated_application-assainissement-et-restauration-fr","14":"associated_application-automatisation-de-scellage-des-cartons-fr","15":"associated_application-batiment-et-construction-fr","16":"associated_application-commerce-en-ligne-fr","17":"associated_application-demenagement-et-stockage-fr","18":"associated_application-industrie-aerospatiale-fr","19":"associated_application-marche-des-pieces-automobiles-fr","20":"associated_application-processus-general-de-fabrication-fr","21":"associated_application-rubans-demballage","22":"associated_application-secteur-du-transport-fr","23":"associated_application-transformation-alimentaire-fr","24":"associated_application-transport-et-stockage-refrigeres-fr","26":"first","27":"instock","28":"product-type-simple"},"acf":[],"yoast_head":"<!-- This site is optimized with the Yoast SEO Premium plugin v24.1 (Yoast SEO v27.0) - https:\/\/yoast.com\/product\/yoast-seo-premium-wordpress\/ -->\n<title>6151QT - IPG<\/title>\n<meta name=\"robots\" content=\"index, follow, max-snippet:-1, max-image-preview:large, max-video-preview:-1\" \/>\n<link rel=\"canonical\" href=\"https:\/\/www.itape.com\/fr\/product\/6151qt-fr\/\" \/>\n<meta property=\"og:locale\" content=\"fr_FR\" \/>\n<meta property=\"og:type\" content=\"article\" \/>\n<meta property=\"og:title\" content=\"6151QT\" \/>\n<meta property=\"og:description\" content=\"Ruban adh\u00e9sif d&#039;emballage thermofusible basse temp\u00e9rature 1,7\u00a0mil\u00a0: ruban adh\u00e9sif d&#039;emballage en BOPP avec colle thermofusible auto-adh\u00e9sive de conception sp\u00e9ciale. Offre un scellement s\u00fbr et esth\u00e9tique dans des environnements froids et humides. Pour les poids l\u00e9gers \u00e0 moyens, les scellements manuels de bo\u00eetes \u00e0 temp\u00e9rature ambiante ainsi que l&#039;emballage d&#039;aliments r\u00e9frig\u00e9r\u00e9s et les applications de traitement et de d\u00e9placement\/stockage.\" \/>\n<meta property=\"og:url\" content=\"https:\/\/www.itape.com\/fr\/product\/6151qt-fr\/\" \/>\n<meta property=\"og:site_name\" content=\"IPG\" \/>\n<meta property=\"article:publisher\" content=\"https:\/\/www.facebook.com\/intertape\" \/>\n<meta property=\"article:modified_time\" content=\"2023-04-10T15:00:18+00:00\" \/>\n<meta property=\"og:image\" content=\"https:\/\/www.itape.com\/wp-content\/uploads\/2023\/10\/6151QT-Shadow-48x100-1500.jpg\" \/>\n\t<meta property=\"og:image:width\" content=\"2400\" \/>\n\t<meta property=\"og:image:height\" content=\"2400\" \/>\n\t<meta property=\"og:image:type\" content=\"image\/jpeg\" \/>\n<meta name=\"twitter:card\" content=\"summary_large_image\" \/>\n<meta name=\"twitter:site\" content=\"@IPGtape\" \/>\n<meta name=\"twitter:label1\" content=\"Price\" \/>\n\t<meta name=\"twitter:data1\" content=\"\" \/>\n\t<meta name=\"twitter:label2\" content=\"Availability\" \/>\n\t<meta name=\"twitter:data2\" content=\"In stock\" \/>\n<script type=\"application\/ld+json\" class=\"yoast-schema-graph\">{\"@context\":\"https:\/\/schema.org\",\"@graph\":[{\"@type\":\"WebPage\",\"@id\":\"https:\/\/www.itape.com\/fr\/product\/6151qt-fr\/\",\"url\":\"https:\/\/www.itape.com\/fr\/product\/6151qt-fr\/\",\"name\":\"6151QT - IPG\",\"isPartOf\":{\"@id\":\"https:\/\/www.itape.com\/#website\"},\"primaryImageOfPage\":{\"@id\":\"https:\/\/www.itape.com\/fr\/product\/6151qt-fr\/#primaryimage\"},\"image\":{\"@id\":\"https:\/\/www.itape.com\/fr\/product\/6151qt-fr\/#primaryimage\"},\"thumbnailUrl\":\"https:\/\/www.itape.com\/wp-content\/uploads\/2023\/10\/6151QT-Shadow-48x100-1500.jpg\",\"datePublished\":\"2023-01-12T14:30:30+00:00\",\"dateModified\":\"2023-04-10T15:00:18+00:00\",\"breadcrumb\":{\"@id\":\"https:\/\/www.itape.com\/fr\/product\/6151qt-fr\/#breadcrumb\"},\"inLanguage\":\"fr-FR\",\"potentialAction\":[{\"@type\":\"ReadAction\",\"target\":[\"https:\/\/www.itape.com\/fr\/product\/6151qt-fr\/\"]}]},{\"@type\":\"ImageObject\",\"inLanguage\":\"fr-FR\",\"@id\":\"https:\/\/www.itape.com\/fr\/product\/6151qt-fr\/#primaryimage\",\"url\":\"https:\/\/www.itape.com\/wp-content\/uploads\/2023\/10\/6151QT-Shadow-48x100-1500.jpg\",\"contentUrl\":\"https:\/\/www.itape.com\/wp-content\/uploads\/2023\/10\/6151QT-Shadow-48x100-1500.jpg\",\"width\":2400,\"height\":2400,\"caption\":\"6151QT_HotMeltCartonSealingTape hand roll\"},{\"@type\":\"BreadcrumbList\",\"@id\":\"https:\/\/www.itape.com\/fr\/product\/6151qt-fr\/#breadcrumb\",\"itemListElement\":[{\"@type\":\"ListItem\",\"position\":1,\"name\":\"Home\",\"item\":\"https:\/\/www.itape.com\/fr\/\"},{\"@type\":\"ListItem\",\"position\":2,\"name\":\"Products\",\"item\":\"https:\/\/www.itape.com\/products\/\"},{\"@type\":\"ListItem\",\"position\":3,\"name\":\"6151QT\"}]},{\"@type\":\"WebSite\",\"@id\":\"https:\/\/www.itape.com\/#website\",\"url\":\"https:\/\/www.itape.com\/\",\"name\":\"IPG\",\"description\":\"Global Leader in Packaging and Protective Solutions\",\"publisher\":{\"@id\":\"https:\/\/www.itape.com\/#organization\"},\"potentialAction\":[{\"@type\":\"SearchAction\",\"target\":{\"@type\":\"EntryPoint\",\"urlTemplate\":\"https:\/\/www.itape.com\/?s={search_term_string}\"},\"query-input\":{\"@type\":\"PropertyValueSpecification\",\"valueRequired\":true,\"valueName\":\"search_term_string\"}}],\"inLanguage\":\"fr-FR\"},{\"@type\":\"Organization\",\"@id\":\"https:\/\/www.itape.com\/#organization\",\"name\":\"IPG\",\"url\":\"https:\/\/www.itape.com\/\",\"logo\":{\"@type\":\"ImageObject\",\"inLanguage\":\"fr-FR\",\"@id\":\"https:\/\/www.itape.com\/#\/schema\/logo\/image\/\",\"url\":\"https:\/\/www.itape.com\/wp-content\/uploads\/2024\/06\/IPG-logo-2.png\",\"contentUrl\":\"https:\/\/www.itape.com\/wp-content\/uploads\/2024\/06\/IPG-logo-2.png\",\"width\":60,\"height\":60,\"caption\":\"IPG\"},\"image\":{\"@id\":\"https:\/\/www.itape.com\/#\/schema\/logo\/image\/\"},\"sameAs\":[\"https:\/\/www.facebook.com\/intertape\",\"https:\/\/x.com\/IPGtape\",\"https:\/\/www.linkedin.com\/company\/intertape-polymer-group\",\"https:\/\/www.instagram.com\/ipgtape\",\"https:\/\/www.youtube.com\/user\/IPGtape\"]}]}<\/script>\n<meta property=\"product:price:currency\" content=\"USD\" \/>\n<meta property=\"og:availability\" content=\"instock\" \/>\n<meta property=\"product:availability\" content=\"instock\" \/>\n<meta property=\"product:retailer_item_id\" content=\"cf17adea7f4b\" \/>\n<meta property=\"product:condition\" content=\"new\" \/>\n<!-- \/ Yoast SEO Premium plugin. -->","yoast_head_json":{"title":"6151QT - IPG","robots":{"index":"index","follow":"follow","max-snippet":"max-snippet:-1","max-image-preview":"max-image-preview:large","max-video-preview":"max-video-preview:-1"},"canonical":"https:\/\/www.itape.com\/fr\/product\/6151qt-fr\/","og_locale":"fr_FR","og_type":"article","og_title":"6151QT","og_description":"Ruban adh\u00e9sif d'emballage thermofusible basse temp\u00e9rature 1,7\u00a0mil\u00a0: ruban adh\u00e9sif d'emballage en BOPP avec colle thermofusible auto-adh\u00e9sive de conception sp\u00e9ciale. Offre un scellement s\u00fbr et esth\u00e9tique dans des environnements froids et humides. Pour les poids l\u00e9gers \u00e0 moyens, les scellements manuels de bo\u00eetes \u00e0 temp\u00e9rature ambiante ainsi que l'emballage d'aliments r\u00e9frig\u00e9r\u00e9s et les applications de traitement et de d\u00e9placement\/stockage.","og_url":"https:\/\/www.itape.com\/fr\/product\/6151qt-fr\/","og_site_name":"IPG","article_publisher":"https:\/\/www.facebook.com\/intertape","article_modified_time":"2023-04-10T15:00:18+00:00","og_image":[{"width":2400,"height":2400,"url":"https:\/\/www.itape.com\/wp-content\/uploads\/2023\/10\/6151QT-Shadow-48x100-1500.jpg","type":"image\/jpeg"}],"twitter_card":"summary_large_image","twitter_site":"@IPGtape","twitter_misc":{"Price":"","Availability":"In stock"},"schema":{"@context":"https:\/\/schema.org","@graph":[{"@type":"WebPage","@id":"https:\/\/www.itape.com\/fr\/product\/6151qt-fr\/","url":"https:\/\/www.itape.com\/fr\/product\/6151qt-fr\/","name":"6151QT - IPG","isPartOf":{"@id":"https:\/\/www.itape.com\/#website"},"primaryImageOfPage":{"@id":"https:\/\/www.itape.com\/fr\/product\/6151qt-fr\/#primaryimage"},"image":{"@id":"https:\/\/www.itape.com\/fr\/product\/6151qt-fr\/#primaryimage"},"thumbnailUrl":"https:\/\/www.itape.com\/wp-content\/uploads\/2023\/10\/6151QT-Shadow-48x100-1500.jpg","datePublished":"2023-01-12T14:30:30+00:00","dateModified":"2023-04-10T15:00:18+00:00","breadcrumb":{"@id":"https:\/\/www.itape.com\/fr\/product\/6151qt-fr\/#breadcrumb"},"inLanguage":"fr-FR","potentialAction":[{"@type":"ReadAction","target":["https:\/\/www.itape.com\/fr\/product\/6151qt-fr\/"]}]},{"@type":"ImageObject","inLanguage":"fr-FR","@id":"https:\/\/www.itape.com\/fr\/product\/6151qt-fr\/#primaryimage","url":"https:\/\/www.itape.com\/wp-content\/uploads\/2023\/10\/6151QT-Shadow-48x100-1500.jpg","contentUrl":"https:\/\/www.itape.com\/wp-content\/uploads\/2023\/10\/6151QT-Shadow-48x100-1500.jpg","width":2400,"height":2400,"caption":"6151QT_HotMeltCartonSealingTape hand roll"},{"@type":"BreadcrumbList","@id":"https:\/\/www.itape.com\/fr\/product\/6151qt-fr\/#breadcrumb","itemListElement":[{"@type":"ListItem","position":1,"name":"Home","item":"https:\/\/www.itape.com\/fr\/"},{"@type":"ListItem","position":2,"name":"Products","item":"https:\/\/www.itape.com\/products\/"},{"@type":"ListItem","position":3,"name":"6151QT"}]},{"@type":"WebSite","@id":"https:\/\/www.itape.com\/#website","url":"https:\/\/www.itape.com\/","name":"IPG","description":"Global Leader in Packaging and Protective Solutions","publisher":{"@id":"https:\/\/www.itape.com\/#organization"},"potentialAction":[{"@type":"SearchAction","target":{"@type":"EntryPoint","urlTemplate":"https:\/\/www.itape.com\/?s={search_term_string}"},"query-input":{"@type":"PropertyValueSpecification","valueRequired":true,"valueName":"search_term_string"}}],"inLanguage":"fr-FR"},{"@type":"Organization","@id":"https:\/\/www.itape.com\/#organization","name":"IPG","url":"https:\/\/www.itape.com\/","logo":{"@type":"ImageObject","inLanguage":"fr-FR","@id":"https:\/\/www.itape.com\/#\/schema\/logo\/image\/","url":"https:\/\/www.itape.com\/wp-content\/uploads\/2024\/06\/IPG-logo-2.png","contentUrl":"https:\/\/www.itape.com\/wp-content\/uploads\/2024\/06\/IPG-logo-2.png","width":60,"height":60,"caption":"IPG"},"image":{"@id":"https:\/\/www.itape.com\/#\/schema\/logo\/image\/"},"sameAs":["https:\/\/www.facebook.com\/intertape","https:\/\/x.com\/IPGtape","https:\/\/www.linkedin.com\/company\/intertape-polymer-group","https:\/\/www.instagram.com\/ipgtape","https:\/\/www.youtube.com\/user\/IPGtape"]}]},"product_price_currency":"USD","og_availability":"instock","product_availability":"instock","product_retailer_item_id":"cf17adea7f4b","product_condition":"new"},"parsely":{"version":"1.1.0","canonical_url":"https:\/\/itape.com\/fr\/product\/6151qt-fr\/","smart_links":{"inbound":0,"outbound":0},"traffic_boost_suggestions_count":0,"meta":{"@context":"https:\/\/schema.org","@type":"WebPage","headline":"6151QT","url":"https:\/\/www.itape.com\/fr\/product\/6151qt-fr\/","mainEntityOfPage":{"@type":"WebPage","@id":"https:\/\/www.itape.com\/fr\/product\/6151qt-fr\/"},"thumbnailUrl":"https:\/\/www.itape.com\/wp-content\/uploads\/2023\/10\/6151QT-Shadow-48x100-1500.jpg?w=150&h=150&crop=1","image":{"@type":"ImageObject","url":"https:\/\/www.itape.com\/wp-content\/uploads\/2023\/10\/6151QT-Shadow-48x100-1500.jpg"},"articleSection":"Non classifi\u00e9(e)","author":[{"@type":"Person","name":"IPG"}],"creator":["IPG"],"publisher":{"@type":"Organization","name":"IPG","logo":"https:\/\/www.itape.com\/wp-content\/uploads\/2023\/03\/IPG-logo-2.png"},"keywords":[],"dateCreated":"2023-01-12T14:30:30Z","datePublished":"2023-01-12T14:30:30Z","dateModified":"2023-04-10T15:00:18Z"},"rendered":"<meta name=\"parsely-title\" content=\"6151QT\" \/>\n<meta name=\"parsely-link\" content=\"https:\/\/www.itape.com\/fr\/product\/6151qt-fr\/\" \/>\n<meta name=\"parsely-type\" content=\"index\" \/>\n<meta name=\"parsely-image-url\" content=\"https:\/\/www.itape.com\/wp-content\/uploads\/2023\/10\/6151QT-Shadow-48x100-1500.jpg?w=150&amp;h=150&amp;crop=1\" \/>\n<meta name=\"parsely-pub-date\" content=\"2023-01-12T14:30:30Z\" \/>\n<meta name=\"parsely-section\" content=\"Non classifi\u00e9(e)\" \/>\n<meta name=\"parsely-author\" content=\"IPG\" \/>","tracker_url":"https:\/\/cdn.parsely.com\/keys\/itape.com\/p.js"},"jetpack_sharing_enabled":true,"_links":{"self":[{"href":"https:\/\/www.itape.com\/fr\/wp-json\/wp\/v2\/product\/46915","targetHints":{"allow":["GET"]}}],"collection":[{"href":"https:\/\/www.itape.com\/fr\/wp-json\/wp\/v2\/product"}],"about":[{"href":"https:\/\/www.itape.com\/fr\/wp-json\/wp\/v2\/types\/product"}],"replies":[{"embeddable":true,"href":"https:\/\/www.itape.com\/fr\/wp-json\/wp\/v2\/comments?post=46915"}],"wp:featuredmedia":[{"embeddable":true,"href":"https:\/\/www.itape.com\/fr\/wp-json\/wp\/v2\/media\/57724"}],"wp:attachment":[{"href":"https:\/\/www.itape.com\/fr\/wp-json\/wp\/v2\/media?parent=46915"}],"wp:term":[{"taxonomy":"product_brand","embeddable":true,"href":"https:\/\/www.itape.com\/fr\/wp-json\/wp\/v2\/product_brand?post=46915"},{"taxonomy":"product_cat","embeddable":true,"href":"https:\/\/www.itape.com\/fr\/wp-json\/wp\/v2\/product_cat?post=46915"},{"taxonomy":"product_tag","embeddable":true,"href":"https:\/\/www.itape.com\/fr\/wp-json\/wp\/v2\/product_tag?post=46915"},{"taxonomy":"associated_application","embeddable":true,"href":"https:\/\/www.itape.com\/fr\/wp-json\/wp\/v2\/associated_application?post=46915"}],"curies":[{"name":"wp","href":"https:\/\/api.w.org\/{rel}","templated":true}]}}