{"id":46920,"date":"2023-01-12T14:30:36","date_gmt":"2023-01-12T14:30:36","guid":{"rendered":"https:\/\/www.itape.com\/product\/8100-fr\/"},"modified":"2023-04-10T14:15:50","modified_gmt":"2023-04-10T14:15:50","slug":"8100-fr","status":"publish","type":"product","link":"https:\/\/www.itape.com\/fr\/product\/8100-fr\/","title":{"rendered":"8100"},"content":{"rendered":"","protected":false},"excerpt":{"rendered":"<p>Ruban adh\u00e9sif d&#8217;emballage thermofusible de calibre moyen 2,2\u00a0mils\u00a0: ruban adh\u00e9sif d&#8217;emballage en BOPP thermofusible sp\u00e9cialement fabriqu\u00e9 avec la colle thermofusible auto-adh\u00e9sive Corru-Grip\u2122 pour une fermeture optimale des bo\u00eetes en carton ondul\u00e9 recycl\u00e9 et dans un environnement d&rsquo;application \u00e0 2\u00a0\u00b0C. Performances de traitement excellentes que l&rsquo;application soit manuelle ou automatique. Les propri\u00e9t\u00e9s de collage optimales, la force de maintien, la r\u00e9sistance \u00e0 la traction et le d\u00e9roulage facile garantissent des scellages solides et fiables d&rsquo;un grand nombre de bo\u00eetes en carton ondul\u00e9 ou doublure, y compris le carton ondul\u00e9 recycl\u00e9. Pour les poids moyens \u00e0 lourds.<\/p>\n","protected":false},"featured_media":53753,"comment_status":"closed","ping_status":"closed","template":"","meta":{"_acf_changed":false},"product_brand":[],"product_cat":[8268,7700,7706,7722],"product_tag":[8262,6186],"associated_application":[7547,5993,5999,6052,5995,5997,6003,6001,5992,6060,6087,6097,5994,6022,6030,6012,6145,6083,6001,6090,6080,6058,7687,7547,6007,6039,7547,6000,6085],"class_list":{"0":"post-46920","1":"product","2":"type-product","3":"status-publish","4":"has-post-thumbnail","6":"product_cat-cradle-to-cradle-products-fr","7":"product_cat-carton-sealing-products-fr","8":"product_cat-sustainable-packaging-fr","9":"product_cat-carton-sealing-products-ruban-adhesif-demballage-thermofusible-fr","10":"product_tag-cradle-to-cradle-certified-fr","11":"product_tag-medium-fr","12":"associated_application-storage-fr","13":"associated_application-appareil-fr","14":"associated_application-assainissement-et-restauration-fr","15":"associated_application-automatisation-de-scellage-des-cartons-fr","16":"associated_application-batiment-et-construction-fr","17":"associated_application-commerce-en-ligne-fr","18":"associated_application-demenagement-et-stockage-fr","19":"associated_application-processus-general-de-fabrication-fr","20":"associated_application-industrie-aerospatiale-fr","21":"associated_application-inviolabilite-fr","22":"associated_application-inviolabilite-fr-transformation-alimentaire-fr","23":"associated_application-inviolabilite-fr-processus-general-de-fabrication-fr","24":"associated_application-marche-des-pieces-automobiles-fr","25":"associated_application-processus-general-demballage-fr-appareil-fr","26":"associated_application-processus-general-demballage-marche-des-pieces-automobiles-fr","27":"associated_application-processus-general-demballage-aeropatiale","28":"associated_application-processus-general-demballage-fr-secteur-du-transport-fr","29":"associated_application-processus-general-demballage-fr-transformation-alimentaire-fr","31":"associated_application-promotion-des-marques-fr-processus-general-de-fabrication-fr","32":"associated_application-promotion-des-marques-fr","33":"associated_application-ruban-imprimable-fr","34":"associated_application-rubans-demballage","36":"associated_application-secteur-du-transport-fr","37":"associated_application-solutions-generales-pour-le-site-de-construction-fr","39":"associated_application-transformation-alimentaire-fr","40":"associated_application-transport-et-stockage-refrigeres-fr","42":"first","43":"instock","44":"product-type-simple"},"acf":[],"yoast_head":"<!-- This site is optimized with the Yoast SEO Premium plugin v24.1 (Yoast SEO v27.0) - https:\/\/yoast.com\/product\/yoast-seo-premium-wordpress\/ -->\n<title>8100 - IPG<\/title>\n<meta name=\"robots\" content=\"index, follow, max-snippet:-1, max-image-preview:large, max-video-preview:-1\" \/>\n<link rel=\"canonical\" href=\"https:\/\/www.itape.com\/product\/8100\/\" \/>\n<meta property=\"og:locale\" content=\"fr_FR\" \/>\n<meta property=\"og:type\" content=\"article\" \/>\n<meta property=\"og:title\" content=\"8100\" \/>\n<meta property=\"og:description\" content=\"Ruban adh\u00e9sif d&#039;emballage thermofusible de calibre moyen 2,2\u00a0mils\u00a0: ruban adh\u00e9sif d&#039;emballage en BOPP thermofusible sp\u00e9cialement fabriqu\u00e9 avec la colle thermofusible auto-adh\u00e9sive Corru-Grip\u2122 pour une fermeture optimale des bo\u00eetes en carton ondul\u00e9 recycl\u00e9 et dans un environnement d&#039;application \u00e0 2\u00a0\u00b0C. Performances de traitement excellentes que l&#039;application soit manuelle ou automatique. Les propri\u00e9t\u00e9s de collage optimales, la force de maintien, la r\u00e9sistance \u00e0 la traction et le d\u00e9roulage facile garantissent des scellages solides et fiables d&#039;un grand nombre de bo\u00eetes en carton ondul\u00e9 ou doublure, y compris le carton ondul\u00e9 recycl\u00e9. Pour les poids moyens \u00e0 lourds.\" \/>\n<meta property=\"og:url\" content=\"https:\/\/www.itape.com\/product\/8100\/\" \/>\n<meta property=\"og:site_name\" content=\"IPG\" \/>\n<meta property=\"article:publisher\" content=\"https:\/\/www.facebook.com\/intertape\" \/>\n<meta property=\"article:modified_time\" content=\"2023-04-10T14:15:50+00:00\" \/>\n<meta property=\"og:image\" content=\"https:\/\/www.itape.com\/wp-content\/uploads\/2023\/10\/8100-Shadow-48x100-1500.jpg\" \/>\n\t<meta property=\"og:image:width\" content=\"2400\" \/>\n\t<meta property=\"og:image:height\" content=\"2400\" \/>\n\t<meta property=\"og:image:type\" content=\"image\/jpeg\" \/>\n<meta name=\"twitter:card\" content=\"summary_large_image\" \/>\n<meta name=\"twitter:site\" content=\"@IPGtape\" \/>\n<meta name=\"twitter:label1\" content=\"Price\" \/>\n\t<meta name=\"twitter:data1\" content=\"\" \/>\n\t<meta name=\"twitter:label2\" content=\"Availability\" \/>\n\t<meta name=\"twitter:data2\" content=\"In stock\" \/>\n<script type=\"application\/ld+json\" class=\"yoast-schema-graph\">{\"@context\":\"https:\/\/schema.org\",\"@graph\":[{\"@type\":\"WebPage\",\"@id\":\"https:\/\/www.itape.com\/product\/8100\/\",\"url\":\"https:\/\/www.itape.com\/product\/8100\/\",\"name\":\"8100 - IPG\",\"isPartOf\":{\"@id\":\"https:\/\/www.itape.com\/#website\"},\"primaryImageOfPage\":{\"@id\":\"https:\/\/www.itape.com\/product\/8100\/#primaryimage\"},\"image\":{\"@id\":\"https:\/\/www.itape.com\/product\/8100\/#primaryimage\"},\"thumbnailUrl\":\"https:\/\/www.itape.com\/wp-content\/uploads\/2023\/10\/8100-Shadow-48x100-1500.jpg\",\"datePublished\":\"2023-01-12T14:30:36+00:00\",\"dateModified\":\"2023-04-10T14:15:50+00:00\",\"breadcrumb\":{\"@id\":\"https:\/\/www.itape.com\/product\/8100\/#breadcrumb\"},\"inLanguage\":\"fr-FR\",\"potentialAction\":[{\"@type\":\"ReadAction\",\"target\":[\"https:\/\/www.itape.com\/product\/8100\/\"]}]},{\"@type\":\"ImageObject\",\"inLanguage\":\"fr-FR\",\"@id\":\"https:\/\/www.itape.com\/product\/8100\/#primaryimage\",\"url\":\"https:\/\/www.itape.com\/wp-content\/uploads\/2023\/10\/8100-Shadow-48x100-1500.jpg\",\"contentUrl\":\"https:\/\/www.itape.com\/wp-content\/uploads\/2023\/10\/8100-Shadow-48x100-1500.jpg\",\"width\":2400,\"height\":2400,\"caption\":\"8100_CartonSealingTape\"},{\"@type\":\"BreadcrumbList\",\"@id\":\"https:\/\/www.itape.com\/product\/8100\/#breadcrumb\",\"itemListElement\":[{\"@type\":\"ListItem\",\"position\":1,\"name\":\"Home\",\"item\":\"https:\/\/www.itape.com\/fr\/\"},{\"@type\":\"ListItem\",\"position\":2,\"name\":\"Products\",\"item\":\"https:\/\/www.itape.com\/products\/\"},{\"@type\":\"ListItem\",\"position\":3,\"name\":\"8100\"}]},{\"@type\":\"WebSite\",\"@id\":\"https:\/\/www.itape.com\/#website\",\"url\":\"https:\/\/www.itape.com\/\",\"name\":\"IPG\",\"description\":\"Global Leader in Packaging and Protective Solutions\",\"publisher\":{\"@id\":\"https:\/\/www.itape.com\/#organization\"},\"potentialAction\":[{\"@type\":\"SearchAction\",\"target\":{\"@type\":\"EntryPoint\",\"urlTemplate\":\"https:\/\/www.itape.com\/?s={search_term_string}\"},\"query-input\":{\"@type\":\"PropertyValueSpecification\",\"valueRequired\":true,\"valueName\":\"search_term_string\"}}],\"inLanguage\":\"fr-FR\"},{\"@type\":\"Organization\",\"@id\":\"https:\/\/www.itape.com\/#organization\",\"name\":\"IPG\",\"url\":\"https:\/\/www.itape.com\/\",\"logo\":{\"@type\":\"ImageObject\",\"inLanguage\":\"fr-FR\",\"@id\":\"https:\/\/www.itape.com\/#\/schema\/logo\/image\/\",\"url\":\"https:\/\/www.itape.com\/wp-content\/uploads\/2024\/06\/IPG-logo-2.png\",\"contentUrl\":\"https:\/\/www.itape.com\/wp-content\/uploads\/2024\/06\/IPG-logo-2.png\",\"width\":60,\"height\":60,\"caption\":\"IPG\"},\"image\":{\"@id\":\"https:\/\/www.itape.com\/#\/schema\/logo\/image\/\"},\"sameAs\":[\"https:\/\/www.facebook.com\/intertape\",\"https:\/\/x.com\/IPGtape\",\"https:\/\/www.linkedin.com\/company\/intertape-polymer-group\",\"https:\/\/www.instagram.com\/ipgtape\",\"https:\/\/www.youtube.com\/user\/IPGtape\"]}]}<\/script>\n<meta property=\"product:price:currency\" content=\"USD\" \/>\n<meta property=\"og:availability\" content=\"instock\" \/>\n<meta property=\"product:availability\" content=\"instock\" \/>\n<meta property=\"product:retailer_item_id\" content=\"e05b14cd1a59\" \/>\n<meta property=\"product:condition\" content=\"new\" \/>\n<!-- \/ Yoast SEO Premium plugin. -->","yoast_head_json":{"title":"8100 - IPG","robots":{"index":"index","follow":"follow","max-snippet":"max-snippet:-1","max-image-preview":"max-image-preview:large","max-video-preview":"max-video-preview:-1"},"canonical":"https:\/\/www.itape.com\/product\/8100\/","og_locale":"fr_FR","og_type":"article","og_title":"8100","og_description":"Ruban adh\u00e9sif d'emballage thermofusible de calibre moyen 2,2\u00a0mils\u00a0: ruban adh\u00e9sif d'emballage en BOPP thermofusible sp\u00e9cialement fabriqu\u00e9 avec la colle thermofusible auto-adh\u00e9sive Corru-Grip\u2122 pour une fermeture optimale des bo\u00eetes en carton ondul\u00e9 recycl\u00e9 et dans un environnement d'application \u00e0 2\u00a0\u00b0C. Performances de traitement excellentes que l'application soit manuelle ou automatique. Les propri\u00e9t\u00e9s de collage optimales, la force de maintien, la r\u00e9sistance \u00e0 la traction et le d\u00e9roulage facile garantissent des scellages solides et fiables d'un grand nombre de bo\u00eetes en carton ondul\u00e9 ou doublure, y compris le carton ondul\u00e9 recycl\u00e9. Pour les poids moyens \u00e0 lourds.","og_url":"https:\/\/www.itape.com\/product\/8100\/","og_site_name":"IPG","article_publisher":"https:\/\/www.facebook.com\/intertape","article_modified_time":"2023-04-10T14:15:50+00:00","og_image":[{"width":2400,"height":2400,"url":"https:\/\/www.itape.com\/wp-content\/uploads\/2023\/10\/8100-Shadow-48x100-1500.jpg","type":"image\/jpeg"}],"twitter_card":"summary_large_image","twitter_site":"@IPGtape","twitter_misc":{"Price":"","Availability":"In stock"},"schema":{"@context":"https:\/\/schema.org","@graph":[{"@type":"WebPage","@id":"https:\/\/www.itape.com\/product\/8100\/","url":"https:\/\/www.itape.com\/product\/8100\/","name":"8100 - IPG","isPartOf":{"@id":"https:\/\/www.itape.com\/#website"},"primaryImageOfPage":{"@id":"https:\/\/www.itape.com\/product\/8100\/#primaryimage"},"image":{"@id":"https:\/\/www.itape.com\/product\/8100\/#primaryimage"},"thumbnailUrl":"https:\/\/www.itape.com\/wp-content\/uploads\/2023\/10\/8100-Shadow-48x100-1500.jpg","datePublished":"2023-01-12T14:30:36+00:00","dateModified":"2023-04-10T14:15:50+00:00","breadcrumb":{"@id":"https:\/\/www.itape.com\/product\/8100\/#breadcrumb"},"inLanguage":"fr-FR","potentialAction":[{"@type":"ReadAction","target":["https:\/\/www.itape.com\/product\/8100\/"]}]},{"@type":"ImageObject","inLanguage":"fr-FR","@id":"https:\/\/www.itape.com\/product\/8100\/#primaryimage","url":"https:\/\/www.itape.com\/wp-content\/uploads\/2023\/10\/8100-Shadow-48x100-1500.jpg","contentUrl":"https:\/\/www.itape.com\/wp-content\/uploads\/2023\/10\/8100-Shadow-48x100-1500.jpg","width":2400,"height":2400,"caption":"8100_CartonSealingTape"},{"@type":"BreadcrumbList","@id":"https:\/\/www.itape.com\/product\/8100\/#breadcrumb","itemListElement":[{"@type":"ListItem","position":1,"name":"Home","item":"https:\/\/www.itape.com\/fr\/"},{"@type":"ListItem","position":2,"name":"Products","item":"https:\/\/www.itape.com\/products\/"},{"@type":"ListItem","position":3,"name":"8100"}]},{"@type":"WebSite","@id":"https:\/\/www.itape.com\/#website","url":"https:\/\/www.itape.com\/","name":"IPG","description":"Global Leader in Packaging and Protective Solutions","publisher":{"@id":"https:\/\/www.itape.com\/#organization"},"potentialAction":[{"@type":"SearchAction","target":{"@type":"EntryPoint","urlTemplate":"https:\/\/www.itape.com\/?s={search_term_string}"},"query-input":{"@type":"PropertyValueSpecification","valueRequired":true,"valueName":"search_term_string"}}],"inLanguage":"fr-FR"},{"@type":"Organization","@id":"https:\/\/www.itape.com\/#organization","name":"IPG","url":"https:\/\/www.itape.com\/","logo":{"@type":"ImageObject","inLanguage":"fr-FR","@id":"https:\/\/www.itape.com\/#\/schema\/logo\/image\/","url":"https:\/\/www.itape.com\/wp-content\/uploads\/2024\/06\/IPG-logo-2.png","contentUrl":"https:\/\/www.itape.com\/wp-content\/uploads\/2024\/06\/IPG-logo-2.png","width":60,"height":60,"caption":"IPG"},"image":{"@id":"https:\/\/www.itape.com\/#\/schema\/logo\/image\/"},"sameAs":["https:\/\/www.facebook.com\/intertape","https:\/\/x.com\/IPGtape","https:\/\/www.linkedin.com\/company\/intertape-polymer-group","https:\/\/www.instagram.com\/ipgtape","https:\/\/www.youtube.com\/user\/IPGtape"]}]},"product_price_currency":"USD","og_availability":"instock","product_availability":"instock","product_retailer_item_id":"e05b14cd1a59","product_condition":"new"},"parsely":{"version":"1.1.0","canonical_url":"https:\/\/itape.com\/fr\/product\/8100-fr\/","smart_links":{"inbound":0,"outbound":0},"traffic_boost_suggestions_count":0,"meta":{"@context":"https:\/\/schema.org","@type":"WebPage","headline":"8100","url":"https:\/\/www.itape.com\/fr\/product\/8100-fr\/","mainEntityOfPage":{"@type":"WebPage","@id":"https:\/\/www.itape.com\/fr\/product\/8100-fr\/"},"thumbnailUrl":"https:\/\/www.itape.com\/wp-content\/uploads\/2023\/10\/8100-Shadow-48x100-1500.jpg?w=150&h=150&crop=1","image":{"@type":"ImageObject","url":"https:\/\/www.itape.com\/wp-content\/uploads\/2023\/10\/8100-Shadow-48x100-1500.jpg"},"articleSection":"Non classifi\u00e9(e)","author":[{"@type":"Person","name":"IPG"}],"creator":["IPG"],"publisher":{"@type":"Organization","name":"IPG","logo":"https:\/\/www.itape.com\/wp-content\/uploads\/2023\/03\/IPG-logo-2.png"},"keywords":[],"dateCreated":"2023-01-12T14:30:36Z","datePublished":"2023-01-12T14:30:36Z","dateModified":"2023-04-10T14:15:50Z"},"rendered":"<meta name=\"parsely-title\" content=\"8100\" \/>\n<meta name=\"parsely-link\" content=\"https:\/\/www.itape.com\/fr\/product\/8100-fr\/\" \/>\n<meta name=\"parsely-type\" content=\"index\" \/>\n<meta name=\"parsely-image-url\" content=\"https:\/\/www.itape.com\/wp-content\/uploads\/2023\/10\/8100-Shadow-48x100-1500.jpg?w=150&amp;h=150&amp;crop=1\" \/>\n<meta name=\"parsely-pub-date\" content=\"2023-01-12T14:30:36Z\" \/>\n<meta name=\"parsely-section\" content=\"Non classifi\u00e9(e)\" \/>\n<meta name=\"parsely-author\" content=\"IPG\" \/>","tracker_url":"https:\/\/cdn.parsely.com\/keys\/itape.com\/p.js"},"jetpack_sharing_enabled":true,"_links":{"self":[{"href":"https:\/\/www.itape.com\/fr\/wp-json\/wp\/v2\/product\/46920","targetHints":{"allow":["GET"]}}],"collection":[{"href":"https:\/\/www.itape.com\/fr\/wp-json\/wp\/v2\/product"}],"about":[{"href":"https:\/\/www.itape.com\/fr\/wp-json\/wp\/v2\/types\/product"}],"replies":[{"embeddable":true,"href":"https:\/\/www.itape.com\/fr\/wp-json\/wp\/v2\/comments?post=46920"}],"wp:featuredmedia":[{"embeddable":true,"href":"https:\/\/www.itape.com\/fr\/wp-json\/wp\/v2\/media\/53753"}],"wp:attachment":[{"href":"https:\/\/www.itape.com\/fr\/wp-json\/wp\/v2\/media?parent=46920"}],"wp:term":[{"taxonomy":"product_brand","embeddable":true,"href":"https:\/\/www.itape.com\/fr\/wp-json\/wp\/v2\/product_brand?post=46920"},{"taxonomy":"product_cat","embeddable":true,"href":"https:\/\/www.itape.com\/fr\/wp-json\/wp\/v2\/product_cat?post=46920"},{"taxonomy":"product_tag","embeddable":true,"href":"https:\/\/www.itape.com\/fr\/wp-json\/wp\/v2\/product_tag?post=46920"},{"taxonomy":"associated_application","embeddable":true,"href":"https:\/\/www.itape.com\/fr\/wp-json\/wp\/v2\/associated_application?post=46920"}],"curies":[{"name":"wp","href":"https:\/\/api.w.org\/{rel}","templated":true}]}}