{"id":46927,"date":"2023-01-12T14:30:42","date_gmt":"2023-01-12T14:30:42","guid":{"rendered":"https:\/\/www.itape.com\/product\/520-fr\/"},"modified":"2023-04-21T21:27:39","modified_gmt":"2023-04-21T21:27:39","slug":"520-fr","status":"publish","type":"product","link":"https:\/\/www.itape.com\/fr\/product\/520-fr\/","title":{"rendered":"520"},"content":{"rendered":"","protected":false},"excerpt":{"rendered":"<p>Ruban adh\u00e9sif d&#8217;emballage en caoutchouc naturel de premi\u00e8re qualit\u00e9 2,8\u00a0mils\u00a0: le ruban adh\u00e9sif d&#8217;emballage BOPP (polypropyl\u00e8ne biaxialement orient\u00e9) cr\u00e9\u00e9e un collage rapide positif sur les applications \u00ab\u00a0probl\u00e9matiques\u00a0\u00bb telles que les cartons pratiquement int\u00e9gralement recycl\u00e9s, les cartons rugueux ou ultra lisses, les couvertures avec beaucoup d&rsquo;encre, les environnements poussi\u00e9reux et\/ou sales, les conditions humides et les temp\u00e9ratures extr\u00eames.<\/p>\n","protected":false},"featured_media":58177,"comment_status":"closed","ping_status":"closed","template":"","meta":{"_acf_changed":false},"product_brand":[],"product_cat":[7700,6149,7723],"product_tag":[6187],"associated_application":[6052,5997,6022,6030,6012,6145,6083,7687,6085],"class_list":{"0":"post-46927","1":"product","2":"type-product","3":"status-publish","4":"has-post-thumbnail","6":"product_cat-carton-sealing-products-fr","7":"product_cat-carton-sealing-tape-acrylic-fr","8":"product_cat-carton-sealing-products-ruban-adhesif-demballage-en-caoutchouc-naturel-fr","9":"product_tag-premium-fr","10":"associated_application-automatisation-de-scellage-des-cartons-fr","11":"associated_application-commerce-en-ligne-fr","12":"associated_application-processus-general-demballage-fr-appareil-fr","13":"associated_application-processus-general-demballage-marche-des-pieces-automobiles-fr","14":"associated_application-processus-general-demballage-aeropatiale","15":"associated_application-processus-general-demballage-fr-secteur-du-transport-fr","16":"associated_application-processus-general-demballage-fr-transformation-alimentaire-fr","17":"associated_application-rubans-demballage","18":"associated_application-transport-et-stockage-refrigeres-fr","20":"first","21":"instock","22":"product-type-simple"},"acf":[],"yoast_head":"<!-- This site is optimized with the Yoast SEO Premium plugin v24.1 (Yoast SEO v27.0) - https:\/\/yoast.com\/product\/yoast-seo-premium-wordpress\/ -->\n<title>520 - IPG<\/title>\n<meta name=\"robots\" content=\"index, follow, max-snippet:-1, max-image-preview:large, max-video-preview:-1\" \/>\n<link rel=\"canonical\" href=\"https:\/\/www.itape.com\/product\/520\/\" \/>\n<meta property=\"og:locale\" content=\"fr_FR\" \/>\n<meta property=\"og:type\" content=\"article\" \/>\n<meta property=\"og:title\" content=\"520\" \/>\n<meta property=\"og:description\" content=\"Ruban adh\u00e9sif d&#039;emballage en caoutchouc naturel de premi\u00e8re qualit\u00e9 2,8\u00a0mils\u00a0: le ruban adh\u00e9sif d&#039;emballage BOPP (polypropyl\u00e8ne biaxialement orient\u00e9) cr\u00e9\u00e9e un collage rapide positif sur les applications \u00ab\u00a0probl\u00e9matiques\u00a0\u00bb telles que les cartons pratiquement int\u00e9gralement recycl\u00e9s, les cartons rugueux ou ultra lisses, les couvertures avec beaucoup d&#039;encre, les environnements poussi\u00e9reux et\/ou sales, les conditions humides et les temp\u00e9ratures extr\u00eames.\" \/>\n<meta property=\"og:url\" content=\"https:\/\/www.itape.com\/product\/520\/\" \/>\n<meta property=\"og:site_name\" content=\"IPG\" \/>\n<meta property=\"article:publisher\" content=\"https:\/\/www.facebook.com\/intertape\" \/>\n<meta property=\"article:modified_time\" content=\"2023-04-21T21:27:39+00:00\" \/>\n<meta property=\"og:image\" content=\"https:\/\/www.itape.com\/wp-content\/uploads\/2023\/10\/520-shadow-48x100-1500.jpg\" \/>\n\t<meta property=\"og:image:width\" content=\"2400\" \/>\n\t<meta property=\"og:image:height\" content=\"2400\" \/>\n\t<meta property=\"og:image:type\" content=\"image\/jpeg\" \/>\n<meta name=\"twitter:card\" content=\"summary_large_image\" \/>\n<meta name=\"twitter:site\" content=\"@IPGtape\" \/>\n<meta name=\"twitter:label1\" content=\"Price\" \/>\n\t<meta name=\"twitter:data1\" content=\"\" \/>\n\t<meta name=\"twitter:label2\" content=\"Availability\" \/>\n\t<meta name=\"twitter:data2\" content=\"In stock\" \/>\n<script type=\"application\/ld+json\" class=\"yoast-schema-graph\">{\"@context\":\"https:\/\/schema.org\",\"@graph\":[{\"@type\":\"WebPage\",\"@id\":\"https:\/\/www.itape.com\/product\/520\/\",\"url\":\"https:\/\/www.itape.com\/product\/520\/\",\"name\":\"520 - IPG\",\"isPartOf\":{\"@id\":\"https:\/\/www.itape.com\/#website\"},\"primaryImageOfPage\":{\"@id\":\"https:\/\/www.itape.com\/product\/520\/#primaryimage\"},\"image\":{\"@id\":\"https:\/\/www.itape.com\/product\/520\/#primaryimage\"},\"thumbnailUrl\":\"https:\/\/www.itape.com\/wp-content\/uploads\/2023\/10\/520-shadow-48x100-1500.jpg\",\"datePublished\":\"2023-01-12T14:30:42+00:00\",\"dateModified\":\"2023-04-21T21:27:39+00:00\",\"breadcrumb\":{\"@id\":\"https:\/\/www.itape.com\/product\/520\/#breadcrumb\"},\"inLanguage\":\"fr-FR\",\"potentialAction\":[{\"@type\":\"ReadAction\",\"target\":[\"https:\/\/www.itape.com\/product\/520\/\"]}]},{\"@type\":\"ImageObject\",\"inLanguage\":\"fr-FR\",\"@id\":\"https:\/\/www.itape.com\/product\/520\/#primaryimage\",\"url\":\"https:\/\/www.itape.com\/wp-content\/uploads\/2023\/10\/520-shadow-48x100-1500.jpg\",\"contentUrl\":\"https:\/\/www.itape.com\/wp-content\/uploads\/2023\/10\/520-shadow-48x100-1500.jpg\",\"width\":2400,\"height\":2400,\"caption\":\"520_Carton Sealing Tape\"},{\"@type\":\"BreadcrumbList\",\"@id\":\"https:\/\/www.itape.com\/product\/520\/#breadcrumb\",\"itemListElement\":[{\"@type\":\"ListItem\",\"position\":1,\"name\":\"Home\",\"item\":\"https:\/\/www.itape.com\/fr\/\"},{\"@type\":\"ListItem\",\"position\":2,\"name\":\"Products\",\"item\":\"https:\/\/www.itape.com\/products\/\"},{\"@type\":\"ListItem\",\"position\":3,\"name\":\"520\"}]},{\"@type\":\"WebSite\",\"@id\":\"https:\/\/www.itape.com\/#website\",\"url\":\"https:\/\/www.itape.com\/\",\"name\":\"IPG\",\"description\":\"Global Leader in Packaging and Protective Solutions\",\"publisher\":{\"@id\":\"https:\/\/www.itape.com\/#organization\"},\"potentialAction\":[{\"@type\":\"SearchAction\",\"target\":{\"@type\":\"EntryPoint\",\"urlTemplate\":\"https:\/\/www.itape.com\/?s={search_term_string}\"},\"query-input\":{\"@type\":\"PropertyValueSpecification\",\"valueRequired\":true,\"valueName\":\"search_term_string\"}}],\"inLanguage\":\"fr-FR\"},{\"@type\":\"Organization\",\"@id\":\"https:\/\/www.itape.com\/#organization\",\"name\":\"IPG\",\"url\":\"https:\/\/www.itape.com\/\",\"logo\":{\"@type\":\"ImageObject\",\"inLanguage\":\"fr-FR\",\"@id\":\"https:\/\/www.itape.com\/#\/schema\/logo\/image\/\",\"url\":\"https:\/\/www.itape.com\/wp-content\/uploads\/2024\/06\/IPG-logo-2.png\",\"contentUrl\":\"https:\/\/www.itape.com\/wp-content\/uploads\/2024\/06\/IPG-logo-2.png\",\"width\":60,\"height\":60,\"caption\":\"IPG\"},\"image\":{\"@id\":\"https:\/\/www.itape.com\/#\/schema\/logo\/image\/\"},\"sameAs\":[\"https:\/\/www.facebook.com\/intertape\",\"https:\/\/x.com\/IPGtape\",\"https:\/\/www.linkedin.com\/company\/intertape-polymer-group\",\"https:\/\/www.instagram.com\/ipgtape\",\"https:\/\/www.youtube.com\/user\/IPGtape\"]}]}<\/script>\n<meta property=\"product:price:currency\" content=\"USD\" \/>\n<meta property=\"og:availability\" content=\"instock\" \/>\n<meta property=\"product:availability\" content=\"instock\" \/>\n<meta property=\"product:retailer_item_id\" content=\"9b3f7311963e\" \/>\n<meta property=\"product:condition\" content=\"new\" \/>\n<!-- \/ Yoast SEO Premium plugin. -->","yoast_head_json":{"title":"520 - IPG","robots":{"index":"index","follow":"follow","max-snippet":"max-snippet:-1","max-image-preview":"max-image-preview:large","max-video-preview":"max-video-preview:-1"},"canonical":"https:\/\/www.itape.com\/product\/520\/","og_locale":"fr_FR","og_type":"article","og_title":"520","og_description":"Ruban adh\u00e9sif d'emballage en caoutchouc naturel de premi\u00e8re qualit\u00e9 2,8\u00a0mils\u00a0: le ruban adh\u00e9sif d'emballage BOPP (polypropyl\u00e8ne biaxialement orient\u00e9) cr\u00e9\u00e9e un collage rapide positif sur les applications \u00ab\u00a0probl\u00e9matiques\u00a0\u00bb telles que les cartons pratiquement int\u00e9gralement recycl\u00e9s, les cartons rugueux ou ultra lisses, les couvertures avec beaucoup d'encre, les environnements poussi\u00e9reux et\/ou sales, les conditions humides et les temp\u00e9ratures extr\u00eames.","og_url":"https:\/\/www.itape.com\/product\/520\/","og_site_name":"IPG","article_publisher":"https:\/\/www.facebook.com\/intertape","article_modified_time":"2023-04-21T21:27:39+00:00","og_image":[{"width":2400,"height":2400,"url":"https:\/\/www.itape.com\/wp-content\/uploads\/2023\/10\/520-shadow-48x100-1500.jpg","type":"image\/jpeg"}],"twitter_card":"summary_large_image","twitter_site":"@IPGtape","twitter_misc":{"Price":"","Availability":"In stock"},"schema":{"@context":"https:\/\/schema.org","@graph":[{"@type":"WebPage","@id":"https:\/\/www.itape.com\/product\/520\/","url":"https:\/\/www.itape.com\/product\/520\/","name":"520 - IPG","isPartOf":{"@id":"https:\/\/www.itape.com\/#website"},"primaryImageOfPage":{"@id":"https:\/\/www.itape.com\/product\/520\/#primaryimage"},"image":{"@id":"https:\/\/www.itape.com\/product\/520\/#primaryimage"},"thumbnailUrl":"https:\/\/www.itape.com\/wp-content\/uploads\/2023\/10\/520-shadow-48x100-1500.jpg","datePublished":"2023-01-12T14:30:42+00:00","dateModified":"2023-04-21T21:27:39+00:00","breadcrumb":{"@id":"https:\/\/www.itape.com\/product\/520\/#breadcrumb"},"inLanguage":"fr-FR","potentialAction":[{"@type":"ReadAction","target":["https:\/\/www.itape.com\/product\/520\/"]}]},{"@type":"ImageObject","inLanguage":"fr-FR","@id":"https:\/\/www.itape.com\/product\/520\/#primaryimage","url":"https:\/\/www.itape.com\/wp-content\/uploads\/2023\/10\/520-shadow-48x100-1500.jpg","contentUrl":"https:\/\/www.itape.com\/wp-content\/uploads\/2023\/10\/520-shadow-48x100-1500.jpg","width":2400,"height":2400,"caption":"520_Carton Sealing Tape"},{"@type":"BreadcrumbList","@id":"https:\/\/www.itape.com\/product\/520\/#breadcrumb","itemListElement":[{"@type":"ListItem","position":1,"name":"Home","item":"https:\/\/www.itape.com\/fr\/"},{"@type":"ListItem","position":2,"name":"Products","item":"https:\/\/www.itape.com\/products\/"},{"@type":"ListItem","position":3,"name":"520"}]},{"@type":"WebSite","@id":"https:\/\/www.itape.com\/#website","url":"https:\/\/www.itape.com\/","name":"IPG","description":"Global Leader in Packaging and Protective Solutions","publisher":{"@id":"https:\/\/www.itape.com\/#organization"},"potentialAction":[{"@type":"SearchAction","target":{"@type":"EntryPoint","urlTemplate":"https:\/\/www.itape.com\/?s={search_term_string}"},"query-input":{"@type":"PropertyValueSpecification","valueRequired":true,"valueName":"search_term_string"}}],"inLanguage":"fr-FR"},{"@type":"Organization","@id":"https:\/\/www.itape.com\/#organization","name":"IPG","url":"https:\/\/www.itape.com\/","logo":{"@type":"ImageObject","inLanguage":"fr-FR","@id":"https:\/\/www.itape.com\/#\/schema\/logo\/image\/","url":"https:\/\/www.itape.com\/wp-content\/uploads\/2024\/06\/IPG-logo-2.png","contentUrl":"https:\/\/www.itape.com\/wp-content\/uploads\/2024\/06\/IPG-logo-2.png","width":60,"height":60,"caption":"IPG"},"image":{"@id":"https:\/\/www.itape.com\/#\/schema\/logo\/image\/"},"sameAs":["https:\/\/www.facebook.com\/intertape","https:\/\/x.com\/IPGtape","https:\/\/www.linkedin.com\/company\/intertape-polymer-group","https:\/\/www.instagram.com\/ipgtape","https:\/\/www.youtube.com\/user\/IPGtape"]}]},"product_price_currency":"USD","og_availability":"instock","product_availability":"instock","product_retailer_item_id":"9b3f7311963e","product_condition":"new"},"parsely":{"version":"1.1.0","canonical_url":"https:\/\/itape.com\/fr\/product\/520-fr\/","smart_links":{"inbound":0,"outbound":0},"traffic_boost_suggestions_count":0,"meta":{"@context":"https:\/\/schema.org","@type":"WebPage","headline":"520","url":"https:\/\/www.itape.com\/fr\/product\/520-fr\/","mainEntityOfPage":{"@type":"WebPage","@id":"https:\/\/www.itape.com\/fr\/product\/520-fr\/"},"thumbnailUrl":"https:\/\/www.itape.com\/wp-content\/uploads\/2023\/10\/520-shadow-48x100-1500.jpg?w=150&h=150&crop=1","image":{"@type":"ImageObject","url":"https:\/\/www.itape.com\/wp-content\/uploads\/2023\/10\/520-shadow-48x100-1500.jpg"},"articleSection":"Non classifi\u00e9(e)","author":[{"@type":"Person","name":"IPG"}],"creator":["IPG"],"publisher":{"@type":"Organization","name":"IPG","logo":"https:\/\/www.itape.com\/wp-content\/uploads\/2023\/03\/IPG-logo-2.png"},"keywords":[],"dateCreated":"2023-01-12T14:30:42Z","datePublished":"2023-01-12T14:30:42Z","dateModified":"2023-04-21T21:27:39Z"},"rendered":"<meta name=\"parsely-title\" content=\"520\" \/>\n<meta name=\"parsely-link\" content=\"https:\/\/www.itape.com\/fr\/product\/520-fr\/\" \/>\n<meta name=\"parsely-type\" content=\"index\" \/>\n<meta name=\"parsely-image-url\" content=\"https:\/\/www.itape.com\/wp-content\/uploads\/2023\/10\/520-shadow-48x100-1500.jpg?w=150&amp;h=150&amp;crop=1\" \/>\n<meta name=\"parsely-pub-date\" content=\"2023-01-12T14:30:42Z\" \/>\n<meta name=\"parsely-section\" content=\"Non classifi\u00e9(e)\" \/>\n<meta name=\"parsely-author\" content=\"IPG\" \/>","tracker_url":"https:\/\/cdn.parsely.com\/keys\/itape.com\/p.js"},"jetpack_sharing_enabled":true,"_links":{"self":[{"href":"https:\/\/www.itape.com\/fr\/wp-json\/wp\/v2\/product\/46927","targetHints":{"allow":["GET"]}}],"collection":[{"href":"https:\/\/www.itape.com\/fr\/wp-json\/wp\/v2\/product"}],"about":[{"href":"https:\/\/www.itape.com\/fr\/wp-json\/wp\/v2\/types\/product"}],"replies":[{"embeddable":true,"href":"https:\/\/www.itape.com\/fr\/wp-json\/wp\/v2\/comments?post=46927"}],"wp:featuredmedia":[{"embeddable":true,"href":"https:\/\/www.itape.com\/fr\/wp-json\/wp\/v2\/media\/58177"}],"wp:attachment":[{"href":"https:\/\/www.itape.com\/fr\/wp-json\/wp\/v2\/media?parent=46927"}],"wp:term":[{"taxonomy":"product_brand","embeddable":true,"href":"https:\/\/www.itape.com\/fr\/wp-json\/wp\/v2\/product_brand?post=46927"},{"taxonomy":"product_cat","embeddable":true,"href":"https:\/\/www.itape.com\/fr\/wp-json\/wp\/v2\/product_cat?post=46927"},{"taxonomy":"product_tag","embeddable":true,"href":"https:\/\/www.itape.com\/fr\/wp-json\/wp\/v2\/product_tag?post=46927"},{"taxonomy":"associated_application","embeddable":true,"href":"https:\/\/www.itape.com\/fr\/wp-json\/wp\/v2\/associated_application?post=46927"}],"curies":[{"name":"wp","href":"https:\/\/api.w.org\/{rel}","templated":true}]}}