{"id":46941,"date":"2023-01-12T14:30:47","date_gmt":"2023-01-12T14:30:47","guid":{"rendered":"https:\/\/www.itape.com\/product\/curby-fragile-wrap-white-fr\/"},"modified":"2023-05-02T14:23:43","modified_gmt":"2023-05-02T14:23:43","slug":"curby-fragile-wrap-white","status":"publish","type":"product","link":"https:\/\/www.itape.com\/fr\/product\/curby-fragile-wrap-white\/","title":{"rendered":"Curby Fragile Wrap &#8211; White"},"content":{"rendered":"<div class=\"prose\">Le Curby Fragile Wrap permet d&#8217;emballer et de prot\u00e9ger les articles de verrerie, les cosm\u00e9tiques, les pi\u00e8ces \u00e9lectroniques et tous les objets fragiles.<\/div>\n","protected":false},"excerpt":{"rendered":"<div class=\"woocommerce-product-details__short-description\">\n<div class=\"prose\">\n<div class=\"woocommerce-product-details__short-description\">\n<div class=\"prose\">Le Curby Fragile Wrap est un mat\u00e9riau de capitonnage innovant en attente de brevet qui d\u00e9passe les taux de protection des emballages fragiles traditionnels. Curby Fragile Wrap pr\u00e9sente une faible empreinte et am\u00e9liore l\u2019efficacit\u00e9 op\u00e9rationnelle et d\u2019emballage globale sans n\u00e9cessiter d\u2019automatisation.<\/div>\n<\/div>\n<div class=\"contact-us-button-container\"><\/div>\n<\/div>\n<\/div>\n<div class=\"contact-us-button-container\"><\/div>\n","protected":false},"featured_media":60809,"comment_status":"closed","ping_status":"closed","template":"","meta":{"_acf_changed":false},"product_brand":[],"product_cat":[6167,6152,7746,7755,7706],"product_tag":[6263],"associated_application":[6054,5997,6003,6057,6108,6007],"class_list":{"0":"post-46941","1":"product","2":"type-product","3":"status-publish","4":"has-post-thumbnail","6":"product_cat-protective-packaging-fr","7":"product_cat-curby-curbside-recyclable-fr","8":"product_cat-conditionnement-protecteur-le-curby-fragile-wrap-fr","9":"product_cat-sustainable-packaging-le-curby-fragile-wrap-fr","10":"product_cat-sustainable-packaging-fr","11":"product_tag-curby-fragile-wrap-fr","12":"associated_application-capitonnage-fr","13":"associated_application-commerce-en-ligne-fr","14":"associated_application-demenagement-et-stockage-fr","15":"associated_application-remplissage-de-vide-papier-fr","16":"associated_application-renfort-et-capitonnage-fr","17":"associated_application-secteur-du-transport-fr","19":"first","20":"instock","21":"product-type-simple"},"acf":[],"yoast_head":"<!-- This site is optimized with the Yoast SEO Premium plugin v24.1 (Yoast SEO v27.0) - https:\/\/yoast.com\/product\/yoast-seo-premium-wordpress\/ -->\n<title>Curby Fragile Wrap - White - IPG<\/title>\n<meta name=\"description\" content=\"Curby Fragile Wrap White is space saving, sustainable, and results in increased customer satisfaction and retention.\" \/>\n<meta name=\"robots\" content=\"index, follow, max-snippet:-1, max-image-preview:large, max-video-preview:-1\" \/>\n<link rel=\"canonical\" href=\"https:\/\/www.itape.com\/fr\/product\/curby-fragile-wrap-white\/\" \/>\n<meta property=\"og:locale\" content=\"fr_FR\" \/>\n<meta property=\"og:type\" content=\"article\" \/>\n<meta property=\"og:title\" content=\"Curby Fragile Wrap - White\" \/>\n<meta property=\"og:description\" content=\"Curby Fragile Wrap White is space saving, sustainable, and results in increased customer satisfaction and retention.\" \/>\n<meta property=\"og:url\" content=\"https:\/\/www.itape.com\/fr\/product\/curby-fragile-wrap-white\/\" \/>\n<meta property=\"og:site_name\" content=\"IPG\" \/>\n<meta property=\"article:publisher\" content=\"https:\/\/www.facebook.com\/intertape\" \/>\n<meta property=\"article:modified_time\" content=\"2023-05-02T14:23:43+00:00\" \/>\n<meta property=\"og:image\" content=\"https:\/\/www.itape.com\/wp-content\/uploads\/2023\/01\/CurbyFragileWrap_White_High.jpg\" \/>\n\t<meta property=\"og:image:width\" content=\"2400\" \/>\n\t<meta property=\"og:image:height\" content=\"2400\" \/>\n\t<meta property=\"og:image:type\" content=\"image\/jpeg\" \/>\n<meta name=\"twitter:card\" content=\"summary_large_image\" \/>\n<meta name=\"twitter:site\" content=\"@IPGtape\" \/>\n<meta name=\"twitter:label1\" content=\"Price\" \/>\n\t<meta name=\"twitter:data1\" content=\"\" \/>\n\t<meta name=\"twitter:label2\" content=\"Availability\" \/>\n\t<meta name=\"twitter:data2\" content=\"In stock\" \/>\n<script type=\"application\/ld+json\" class=\"yoast-schema-graph\">{\"@context\":\"https:\/\/schema.org\",\"@graph\":[{\"@type\":\"WebPage\",\"@id\":\"https:\/\/www.itape.com\/fr\/product\/curby-fragile-wrap-white\/\",\"url\":\"https:\/\/www.itape.com\/fr\/product\/curby-fragile-wrap-white\/\",\"name\":\"Curby Fragile Wrap - White - IPG\",\"isPartOf\":{\"@id\":\"https:\/\/www.itape.com\/#website\"},\"primaryImageOfPage\":{\"@id\":\"https:\/\/www.itape.com\/fr\/product\/curby-fragile-wrap-white\/#primaryimage\"},\"image\":{\"@id\":\"https:\/\/www.itape.com\/fr\/product\/curby-fragile-wrap-white\/#primaryimage\"},\"thumbnailUrl\":\"https:\/\/www.itape.com\/wp-content\/uploads\/2023\/01\/CurbyFragileWrap_White_High.jpg\",\"datePublished\":\"2023-01-12T14:30:47+00:00\",\"dateModified\":\"2023-05-02T14:23:43+00:00\",\"description\":\"Curby Fragile Wrap White is space saving, sustainable, and results in increased customer satisfaction and retention.\",\"breadcrumb\":{\"@id\":\"https:\/\/www.itape.com\/fr\/product\/curby-fragile-wrap-white\/#breadcrumb\"},\"inLanguage\":\"fr-FR\",\"potentialAction\":[{\"@type\":\"ReadAction\",\"target\":[\"https:\/\/www.itape.com\/fr\/product\/curby-fragile-wrap-white\/\"]}]},{\"@type\":\"ImageObject\",\"inLanguage\":\"fr-FR\",\"@id\":\"https:\/\/www.itape.com\/fr\/product\/curby-fragile-wrap-white\/#primaryimage\",\"url\":\"https:\/\/www.itape.com\/wp-content\/uploads\/2023\/01\/CurbyFragileWrap_White_High.jpg\",\"contentUrl\":\"https:\/\/www.itape.com\/wp-content\/uploads\/2023\/01\/CurbyFragileWrap_White_High.jpg\",\"width\":2400,\"height\":2400,\"caption\":\"CurbyFragileWrap_White\"},{\"@type\":\"BreadcrumbList\",\"@id\":\"https:\/\/www.itape.com\/fr\/product\/curby-fragile-wrap-white\/#breadcrumb\",\"itemListElement\":[{\"@type\":\"ListItem\",\"position\":1,\"name\":\"Home\",\"item\":\"https:\/\/www.itape.com\/fr\/\"},{\"@type\":\"ListItem\",\"position\":2,\"name\":\"Products\",\"item\":\"https:\/\/www.itape.com\/products\/\"},{\"@type\":\"ListItem\",\"position\":3,\"name\":\"Curby Fragile Wrap &#8211; White\"}]},{\"@type\":\"WebSite\",\"@id\":\"https:\/\/www.itape.com\/#website\",\"url\":\"https:\/\/www.itape.com\/\",\"name\":\"IPG\",\"description\":\"Global Leader in Packaging and Protective Solutions\",\"publisher\":{\"@id\":\"https:\/\/www.itape.com\/#organization\"},\"potentialAction\":[{\"@type\":\"SearchAction\",\"target\":{\"@type\":\"EntryPoint\",\"urlTemplate\":\"https:\/\/www.itape.com\/?s={search_term_string}\"},\"query-input\":{\"@type\":\"PropertyValueSpecification\",\"valueRequired\":true,\"valueName\":\"search_term_string\"}}],\"inLanguage\":\"fr-FR\"},{\"@type\":\"Organization\",\"@id\":\"https:\/\/www.itape.com\/#organization\",\"name\":\"IPG\",\"url\":\"https:\/\/www.itape.com\/\",\"logo\":{\"@type\":\"ImageObject\",\"inLanguage\":\"fr-FR\",\"@id\":\"https:\/\/www.itape.com\/#\/schema\/logo\/image\/\",\"url\":\"https:\/\/www.itape.com\/wp-content\/uploads\/2024\/06\/IPG-logo-2.png\",\"contentUrl\":\"https:\/\/www.itape.com\/wp-content\/uploads\/2024\/06\/IPG-logo-2.png\",\"width\":60,\"height\":60,\"caption\":\"IPG\"},\"image\":{\"@id\":\"https:\/\/www.itape.com\/#\/schema\/logo\/image\/\"},\"sameAs\":[\"https:\/\/www.facebook.com\/intertape\",\"https:\/\/x.com\/IPGtape\",\"https:\/\/www.linkedin.com\/company\/intertape-polymer-group\",\"https:\/\/www.instagram.com\/ipgtape\",\"https:\/\/www.youtube.com\/user\/IPGtape\"]}]}<\/script>\n<meta property=\"product:price:currency\" content=\"USD\" \/>\n<meta property=\"og:availability\" content=\"instock\" \/>\n<meta property=\"product:availability\" content=\"instock\" \/>\n<meta property=\"product:retailer_item_id\" content=\"393e28b1b091\" \/>\n<meta property=\"product:condition\" content=\"new\" \/>\n<!-- \/ Yoast SEO Premium plugin. -->","yoast_head_json":{"title":"Curby Fragile Wrap - White - IPG","description":"Curby Fragile Wrap White is space saving, sustainable, and results in increased customer satisfaction and retention.","robots":{"index":"index","follow":"follow","max-snippet":"max-snippet:-1","max-image-preview":"max-image-preview:large","max-video-preview":"max-video-preview:-1"},"canonical":"https:\/\/www.itape.com\/fr\/product\/curby-fragile-wrap-white\/","og_locale":"fr_FR","og_type":"article","og_title":"Curby Fragile Wrap - White","og_description":"Curby Fragile Wrap White is space saving, sustainable, and results in increased customer satisfaction and retention.","og_url":"https:\/\/www.itape.com\/fr\/product\/curby-fragile-wrap-white\/","og_site_name":"IPG","article_publisher":"https:\/\/www.facebook.com\/intertape","article_modified_time":"2023-05-02T14:23:43+00:00","og_image":[{"width":2400,"height":2400,"url":"https:\/\/www.itape.com\/wp-content\/uploads\/2023\/01\/CurbyFragileWrap_White_High.jpg","type":"image\/jpeg"}],"twitter_card":"summary_large_image","twitter_site":"@IPGtape","twitter_misc":{"Price":"","Availability":"In stock"},"schema":{"@context":"https:\/\/schema.org","@graph":[{"@type":"WebPage","@id":"https:\/\/www.itape.com\/fr\/product\/curby-fragile-wrap-white\/","url":"https:\/\/www.itape.com\/fr\/product\/curby-fragile-wrap-white\/","name":"Curby Fragile Wrap - White - IPG","isPartOf":{"@id":"https:\/\/www.itape.com\/#website"},"primaryImageOfPage":{"@id":"https:\/\/www.itape.com\/fr\/product\/curby-fragile-wrap-white\/#primaryimage"},"image":{"@id":"https:\/\/www.itape.com\/fr\/product\/curby-fragile-wrap-white\/#primaryimage"},"thumbnailUrl":"https:\/\/www.itape.com\/wp-content\/uploads\/2023\/01\/CurbyFragileWrap_White_High.jpg","datePublished":"2023-01-12T14:30:47+00:00","dateModified":"2023-05-02T14:23:43+00:00","description":"Curby Fragile Wrap White is space saving, sustainable, and results in increased customer satisfaction and retention.","breadcrumb":{"@id":"https:\/\/www.itape.com\/fr\/product\/curby-fragile-wrap-white\/#breadcrumb"},"inLanguage":"fr-FR","potentialAction":[{"@type":"ReadAction","target":["https:\/\/www.itape.com\/fr\/product\/curby-fragile-wrap-white\/"]}]},{"@type":"ImageObject","inLanguage":"fr-FR","@id":"https:\/\/www.itape.com\/fr\/product\/curby-fragile-wrap-white\/#primaryimage","url":"https:\/\/www.itape.com\/wp-content\/uploads\/2023\/01\/CurbyFragileWrap_White_High.jpg","contentUrl":"https:\/\/www.itape.com\/wp-content\/uploads\/2023\/01\/CurbyFragileWrap_White_High.jpg","width":2400,"height":2400,"caption":"CurbyFragileWrap_White"},{"@type":"BreadcrumbList","@id":"https:\/\/www.itape.com\/fr\/product\/curby-fragile-wrap-white\/#breadcrumb","itemListElement":[{"@type":"ListItem","position":1,"name":"Home","item":"https:\/\/www.itape.com\/fr\/"},{"@type":"ListItem","position":2,"name":"Products","item":"https:\/\/www.itape.com\/products\/"},{"@type":"ListItem","position":3,"name":"Curby Fragile Wrap &#8211; White"}]},{"@type":"WebSite","@id":"https:\/\/www.itape.com\/#website","url":"https:\/\/www.itape.com\/","name":"IPG","description":"Global Leader in Packaging and Protective Solutions","publisher":{"@id":"https:\/\/www.itape.com\/#organization"},"potentialAction":[{"@type":"SearchAction","target":{"@type":"EntryPoint","urlTemplate":"https:\/\/www.itape.com\/?s={search_term_string}"},"query-input":{"@type":"PropertyValueSpecification","valueRequired":true,"valueName":"search_term_string"}}],"inLanguage":"fr-FR"},{"@type":"Organization","@id":"https:\/\/www.itape.com\/#organization","name":"IPG","url":"https:\/\/www.itape.com\/","logo":{"@type":"ImageObject","inLanguage":"fr-FR","@id":"https:\/\/www.itape.com\/#\/schema\/logo\/image\/","url":"https:\/\/www.itape.com\/wp-content\/uploads\/2024\/06\/IPG-logo-2.png","contentUrl":"https:\/\/www.itape.com\/wp-content\/uploads\/2024\/06\/IPG-logo-2.png","width":60,"height":60,"caption":"IPG"},"image":{"@id":"https:\/\/www.itape.com\/#\/schema\/logo\/image\/"},"sameAs":["https:\/\/www.facebook.com\/intertape","https:\/\/x.com\/IPGtape","https:\/\/www.linkedin.com\/company\/intertape-polymer-group","https:\/\/www.instagram.com\/ipgtape","https:\/\/www.youtube.com\/user\/IPGtape"]}]},"product_price_currency":"USD","og_availability":"instock","product_availability":"instock","product_retailer_item_id":"393e28b1b091","product_condition":"new"},"parsely":{"version":"1.1.0","canonical_url":"https:\/\/itape.com\/fr\/product\/curby-fragile-wrap-white\/","smart_links":{"inbound":0,"outbound":0},"traffic_boost_suggestions_count":0,"meta":{"@context":"https:\/\/schema.org","@type":"WebPage","headline":"Curby Fragile Wrap &#8211; White","url":"https:\/\/www.itape.com\/fr\/product\/curby-fragile-wrap-white\/","mainEntityOfPage":{"@type":"WebPage","@id":"https:\/\/www.itape.com\/fr\/product\/curby-fragile-wrap-white\/"},"thumbnailUrl":"https:\/\/www.itape.com\/wp-content\/uploads\/2023\/01\/CurbyFragileWrap_White_High.jpg?w=150&h=150&crop=1","image":{"@type":"ImageObject","url":"https:\/\/www.itape.com\/wp-content\/uploads\/2023\/01\/CurbyFragileWrap_White_High.jpg"},"articleSection":"Non classifi\u00e9(e)","author":[{"@type":"Person","name":"IPG"}],"creator":["IPG"],"publisher":{"@type":"Organization","name":"IPG","logo":"https:\/\/www.itape.com\/wp-content\/uploads\/2023\/03\/IPG-logo-2.png"},"keywords":[],"dateCreated":"2023-01-12T14:30:47Z","datePublished":"2023-01-12T14:30:47Z","dateModified":"2023-05-02T14:23:43Z"},"rendered":"<meta name=\"parsely-title\" content=\"Curby Fragile Wrap &#8211; White\" \/>\n<meta name=\"parsely-link\" content=\"https:\/\/www.itape.com\/fr\/product\/curby-fragile-wrap-white\/\" \/>\n<meta name=\"parsely-type\" content=\"index\" \/>\n<meta name=\"parsely-image-url\" content=\"https:\/\/www.itape.com\/wp-content\/uploads\/2023\/01\/CurbyFragileWrap_White_High.jpg?w=150&amp;h=150&amp;crop=1\" \/>\n<meta name=\"parsely-pub-date\" content=\"2023-01-12T14:30:47Z\" \/>\n<meta name=\"parsely-section\" content=\"Non classifi\u00e9(e)\" \/>\n<meta name=\"parsely-author\" content=\"IPG\" \/>","tracker_url":"https:\/\/cdn.parsely.com\/keys\/itape.com\/p.js"},"jetpack_sharing_enabled":true,"_links":{"self":[{"href":"https:\/\/www.itape.com\/fr\/wp-json\/wp\/v2\/product\/46941","targetHints":{"allow":["GET"]}}],"collection":[{"href":"https:\/\/www.itape.com\/fr\/wp-json\/wp\/v2\/product"}],"about":[{"href":"https:\/\/www.itape.com\/fr\/wp-json\/wp\/v2\/types\/product"}],"replies":[{"embeddable":true,"href":"https:\/\/www.itape.com\/fr\/wp-json\/wp\/v2\/comments?post=46941"}],"wp:featuredmedia":[{"embeddable":true,"href":"https:\/\/www.itape.com\/fr\/wp-json\/wp\/v2\/media\/60809"}],"wp:attachment":[{"href":"https:\/\/www.itape.com\/fr\/wp-json\/wp\/v2\/media?parent=46941"}],"wp:term":[{"taxonomy":"product_brand","embeddable":true,"href":"https:\/\/www.itape.com\/fr\/wp-json\/wp\/v2\/product_brand?post=46941"},{"taxonomy":"product_cat","embeddable":true,"href":"https:\/\/www.itape.com\/fr\/wp-json\/wp\/v2\/product_cat?post=46941"},{"taxonomy":"product_tag","embeddable":true,"href":"https:\/\/www.itape.com\/fr\/wp-json\/wp\/v2\/product_tag?post=46941"},{"taxonomy":"associated_application","embeddable":true,"href":"https:\/\/www.itape.com\/fr\/wp-json\/wp\/v2\/associated_application?post=46941"}],"curies":[{"name":"wp","href":"https:\/\/api.w.org\/{rel}","templated":true}]}}