{"id":46944,"date":"2023-01-12T14:30:47","date_gmt":"2023-01-12T14:30:47","guid":{"rendered":"https:\/\/www.itape.com\/product\/curby-mailer-fr\/"},"modified":"2023-05-26T14:40:44","modified_gmt":"2023-05-26T14:40:44","slug":"curby-mailer","status":"publish","type":"product","link":"https:\/\/www.itape.com\/fr\/product\/curby-mailer\/","title":{"rendered":"Curby Mailer"},"content":{"rendered":"<div class=\"prose\">Your ideal solution for shipping e-commerce products securely.<\/div>\n","protected":false},"excerpt":{"rendered":"<p>Toute derni\u00e8re enveloppe isotherme la plus innovante du march\u00e9, Curby Mailer est doubl\u00e9e de papier HexcelWrap\u2122 de forme hexagonale qui offre des avantages importants par rapport aux mat\u00e9riaux d&#8217;emballage classiques.<\/p>\n","protected":false},"featured_media":51312,"comment_status":"closed","ping_status":"closed","template":"","meta":{"_acf_changed":false},"product_brand":[],"product_cat":[8268,6152,7757,8110,6164,7749,7706],"product_tag":[8262,8092,8092,7931,6250],"associated_application":[5997,7671],"class_list":{"0":"post-46944","1":"product","2":"type-product","3":"status-publish","4":"has-post-thumbnail","6":"product_cat-cradle-to-cradle-products-fr","7":"product_cat-curby-curbside-recyclable-fr","8":"product_cat-sustainable-packaging-curby-mailers-fr","9":"product_cat-consumer-sustainable-packaging-fr","10":"product_cat-mailers-fr","11":"product_cat-conditionnement-protecteur-enveloppes-fr","12":"product_cat-sustainable-packaging-fr","13":"product_tag-cradle-to-cradle-certified-fr","14":"product_tag-curby-product-fr","16":"product_tag-curby-products","17":"product_tag-curby-mailers-fr","18":"associated_application-commerce-en-ligne-fr","19":"associated_application-mailers-fr","21":"first","22":"instock","23":"product-type-simple"},"acf":[],"yoast_head":"<!-- This site is optimized with the Yoast SEO Premium plugin v24.1 (Yoast SEO v27.0) - https:\/\/yoast.com\/product\/yoast-seo-premium-wordpress\/ -->\n<title>Curby Mailer - IPG<\/title>\n<meta name=\"robots\" content=\"index, follow, max-snippet:-1, max-image-preview:large, max-video-preview:-1\" \/>\n<link rel=\"canonical\" href=\"https:\/\/www.itape.com\/fr\/product\/curby-mailer\/\" \/>\n<meta property=\"og:locale\" content=\"fr_FR\" \/>\n<meta property=\"og:type\" content=\"article\" \/>\n<meta property=\"og:title\" content=\"Curby Mailer\" \/>\n<meta property=\"og:description\" content=\"Toute derni\u00e8re enveloppe isotherme la plus innovante du march\u00e9, Curby Mailer est doubl\u00e9e de papier HexcelWrap\u2122 de forme hexagonale qui offre des avantages importants par rapport aux mat\u00e9riaux d&#039;emballage classiques.\" \/>\n<meta property=\"og:url\" content=\"https:\/\/www.itape.com\/fr\/product\/curby-mailer\/\" \/>\n<meta property=\"og:site_name\" content=\"IPG\" \/>\n<meta property=\"article:publisher\" content=\"https:\/\/www.facebook.com\/intertape\" \/>\n<meta property=\"article:modified_time\" content=\"2023-05-26T14:40:44+00:00\" \/>\n<meta property=\"og:image\" content=\"https:\/\/www.itape.com\/wp-content\/uploads\/2023\/01\/CURBY_MAILER_high.jpg\" \/>\n\t<meta property=\"og:image:width\" content=\"2400\" \/>\n\t<meta property=\"og:image:height\" content=\"2400\" \/>\n\t<meta property=\"og:image:type\" content=\"image\/jpeg\" \/>\n<meta name=\"twitter:card\" content=\"summary_large_image\" \/>\n<meta name=\"twitter:site\" content=\"@IPGtape\" \/>\n<meta name=\"twitter:label1\" content=\"Price\" \/>\n\t<meta name=\"twitter:data1\" content=\"\" \/>\n\t<meta name=\"twitter:label2\" content=\"Availability\" \/>\n\t<meta name=\"twitter:data2\" content=\"In stock\" \/>\n<script type=\"application\/ld+json\" class=\"yoast-schema-graph\">{\"@context\":\"https:\/\/schema.org\",\"@graph\":[{\"@type\":\"WebPage\",\"@id\":\"https:\/\/www.itape.com\/fr\/product\/curby-mailer\/\",\"url\":\"https:\/\/www.itape.com\/fr\/product\/curby-mailer\/\",\"name\":\"Curby Mailer - IPG\",\"isPartOf\":{\"@id\":\"https:\/\/www.itape.com\/#website\"},\"primaryImageOfPage\":{\"@id\":\"https:\/\/www.itape.com\/fr\/product\/curby-mailer\/#primaryimage\"},\"image\":{\"@id\":\"https:\/\/www.itape.com\/fr\/product\/curby-mailer\/#primaryimage\"},\"thumbnailUrl\":\"https:\/\/www.itape.com\/wp-content\/uploads\/2023\/01\/CURBY_MAILER_high.jpg\",\"datePublished\":\"2023-01-12T14:30:47+00:00\",\"dateModified\":\"2023-05-26T14:40:44+00:00\",\"breadcrumb\":{\"@id\":\"https:\/\/www.itape.com\/fr\/product\/curby-mailer\/#breadcrumb\"},\"inLanguage\":\"fr-FR\",\"potentialAction\":[{\"@type\":\"ReadAction\",\"target\":[\"https:\/\/www.itape.com\/fr\/product\/curby-mailer\/\"]}]},{\"@type\":\"ImageObject\",\"inLanguage\":\"fr-FR\",\"@id\":\"https:\/\/www.itape.com\/fr\/product\/curby-mailer\/#primaryimage\",\"url\":\"https:\/\/www.itape.com\/wp-content\/uploads\/2023\/01\/CURBY_MAILER_high.jpg\",\"contentUrl\":\"https:\/\/www.itape.com\/wp-content\/uploads\/2023\/01\/CURBY_MAILER_high.jpg\",\"width\":2400,\"height\":2400,\"caption\":\"CURBY_MAILER\"},{\"@type\":\"BreadcrumbList\",\"@id\":\"https:\/\/www.itape.com\/fr\/product\/curby-mailer\/#breadcrumb\",\"itemListElement\":[{\"@type\":\"ListItem\",\"position\":1,\"name\":\"Home\",\"item\":\"https:\/\/www.itape.com\/fr\/\"},{\"@type\":\"ListItem\",\"position\":2,\"name\":\"Products\",\"item\":\"https:\/\/www.itape.com\/products\/\"},{\"@type\":\"ListItem\",\"position\":3,\"name\":\"Curby Mailer\"}]},{\"@type\":\"WebSite\",\"@id\":\"https:\/\/www.itape.com\/#website\",\"url\":\"https:\/\/www.itape.com\/\",\"name\":\"IPG\",\"description\":\"Global Leader in Packaging and Protective Solutions\",\"publisher\":{\"@id\":\"https:\/\/www.itape.com\/#organization\"},\"potentialAction\":[{\"@type\":\"SearchAction\",\"target\":{\"@type\":\"EntryPoint\",\"urlTemplate\":\"https:\/\/www.itape.com\/?s={search_term_string}\"},\"query-input\":{\"@type\":\"PropertyValueSpecification\",\"valueRequired\":true,\"valueName\":\"search_term_string\"}}],\"inLanguage\":\"fr-FR\"},{\"@type\":\"Organization\",\"@id\":\"https:\/\/www.itape.com\/#organization\",\"name\":\"IPG\",\"url\":\"https:\/\/www.itape.com\/\",\"logo\":{\"@type\":\"ImageObject\",\"inLanguage\":\"fr-FR\",\"@id\":\"https:\/\/www.itape.com\/#\/schema\/logo\/image\/\",\"url\":\"https:\/\/www.itape.com\/wp-content\/uploads\/2024\/06\/IPG-logo-2.png\",\"contentUrl\":\"https:\/\/www.itape.com\/wp-content\/uploads\/2024\/06\/IPG-logo-2.png\",\"width\":60,\"height\":60,\"caption\":\"IPG\"},\"image\":{\"@id\":\"https:\/\/www.itape.com\/#\/schema\/logo\/image\/\"},\"sameAs\":[\"https:\/\/www.facebook.com\/intertape\",\"https:\/\/x.com\/IPGtape\",\"https:\/\/www.linkedin.com\/company\/intertape-polymer-group\",\"https:\/\/www.instagram.com\/ipgtape\",\"https:\/\/www.youtube.com\/user\/IPGtape\"]}]}<\/script>\n<meta property=\"product:price:currency\" content=\"USD\" \/>\n<meta property=\"og:availability\" content=\"instock\" \/>\n<meta property=\"product:availability\" content=\"instock\" \/>\n<meta property=\"product:retailer_item_id\" content=\"9663b0ae1d40\" \/>\n<meta property=\"product:condition\" content=\"new\" \/>\n<!-- \/ Yoast SEO Premium plugin. -->","yoast_head_json":{"title":"Curby Mailer - IPG","robots":{"index":"index","follow":"follow","max-snippet":"max-snippet:-1","max-image-preview":"max-image-preview:large","max-video-preview":"max-video-preview:-1"},"canonical":"https:\/\/www.itape.com\/fr\/product\/curby-mailer\/","og_locale":"fr_FR","og_type":"article","og_title":"Curby Mailer","og_description":"Toute derni\u00e8re enveloppe isotherme la plus innovante du march\u00e9, Curby Mailer est doubl\u00e9e de papier HexcelWrap\u2122 de forme hexagonale qui offre des avantages importants par rapport aux mat\u00e9riaux d'emballage classiques.","og_url":"https:\/\/www.itape.com\/fr\/product\/curby-mailer\/","og_site_name":"IPG","article_publisher":"https:\/\/www.facebook.com\/intertape","article_modified_time":"2023-05-26T14:40:44+00:00","og_image":[{"width":2400,"height":2400,"url":"https:\/\/www.itape.com\/wp-content\/uploads\/2023\/01\/CURBY_MAILER_high.jpg","type":"image\/jpeg"}],"twitter_card":"summary_large_image","twitter_site":"@IPGtape","twitter_misc":{"Price":"","Availability":"In stock"},"schema":{"@context":"https:\/\/schema.org","@graph":[{"@type":"WebPage","@id":"https:\/\/www.itape.com\/fr\/product\/curby-mailer\/","url":"https:\/\/www.itape.com\/fr\/product\/curby-mailer\/","name":"Curby Mailer - IPG","isPartOf":{"@id":"https:\/\/www.itape.com\/#website"},"primaryImageOfPage":{"@id":"https:\/\/www.itape.com\/fr\/product\/curby-mailer\/#primaryimage"},"image":{"@id":"https:\/\/www.itape.com\/fr\/product\/curby-mailer\/#primaryimage"},"thumbnailUrl":"https:\/\/www.itape.com\/wp-content\/uploads\/2023\/01\/CURBY_MAILER_high.jpg","datePublished":"2023-01-12T14:30:47+00:00","dateModified":"2023-05-26T14:40:44+00:00","breadcrumb":{"@id":"https:\/\/www.itape.com\/fr\/product\/curby-mailer\/#breadcrumb"},"inLanguage":"fr-FR","potentialAction":[{"@type":"ReadAction","target":["https:\/\/www.itape.com\/fr\/product\/curby-mailer\/"]}]},{"@type":"ImageObject","inLanguage":"fr-FR","@id":"https:\/\/www.itape.com\/fr\/product\/curby-mailer\/#primaryimage","url":"https:\/\/www.itape.com\/wp-content\/uploads\/2023\/01\/CURBY_MAILER_high.jpg","contentUrl":"https:\/\/www.itape.com\/wp-content\/uploads\/2023\/01\/CURBY_MAILER_high.jpg","width":2400,"height":2400,"caption":"CURBY_MAILER"},{"@type":"BreadcrumbList","@id":"https:\/\/www.itape.com\/fr\/product\/curby-mailer\/#breadcrumb","itemListElement":[{"@type":"ListItem","position":1,"name":"Home","item":"https:\/\/www.itape.com\/fr\/"},{"@type":"ListItem","position":2,"name":"Products","item":"https:\/\/www.itape.com\/products\/"},{"@type":"ListItem","position":3,"name":"Curby Mailer"}]},{"@type":"WebSite","@id":"https:\/\/www.itape.com\/#website","url":"https:\/\/www.itape.com\/","name":"IPG","description":"Global Leader in Packaging and Protective Solutions","publisher":{"@id":"https:\/\/www.itape.com\/#organization"},"potentialAction":[{"@type":"SearchAction","target":{"@type":"EntryPoint","urlTemplate":"https:\/\/www.itape.com\/?s={search_term_string}"},"query-input":{"@type":"PropertyValueSpecification","valueRequired":true,"valueName":"search_term_string"}}],"inLanguage":"fr-FR"},{"@type":"Organization","@id":"https:\/\/www.itape.com\/#organization","name":"IPG","url":"https:\/\/www.itape.com\/","logo":{"@type":"ImageObject","inLanguage":"fr-FR","@id":"https:\/\/www.itape.com\/#\/schema\/logo\/image\/","url":"https:\/\/www.itape.com\/wp-content\/uploads\/2024\/06\/IPG-logo-2.png","contentUrl":"https:\/\/www.itape.com\/wp-content\/uploads\/2024\/06\/IPG-logo-2.png","width":60,"height":60,"caption":"IPG"},"image":{"@id":"https:\/\/www.itape.com\/#\/schema\/logo\/image\/"},"sameAs":["https:\/\/www.facebook.com\/intertape","https:\/\/x.com\/IPGtape","https:\/\/www.linkedin.com\/company\/intertape-polymer-group","https:\/\/www.instagram.com\/ipgtape","https:\/\/www.youtube.com\/user\/IPGtape"]}]},"product_price_currency":"USD","og_availability":"instock","product_availability":"instock","product_retailer_item_id":"9663b0ae1d40","product_condition":"new"},"parsely":{"version":"1.1.0","canonical_url":"https:\/\/itape.com\/fr\/product\/curby-mailer\/","smart_links":{"inbound":0,"outbound":0},"traffic_boost_suggestions_count":0,"meta":{"@context":"https:\/\/schema.org","@type":"WebPage","headline":"Curby Mailer","url":"https:\/\/www.itape.com\/fr\/product\/curby-mailer\/","mainEntityOfPage":{"@type":"WebPage","@id":"https:\/\/www.itape.com\/fr\/product\/curby-mailer\/"},"thumbnailUrl":"https:\/\/www.itape.com\/wp-content\/uploads\/2023\/01\/CURBY_MAILER_high.jpg?w=150&h=150&crop=1","image":{"@type":"ImageObject","url":"https:\/\/www.itape.com\/wp-content\/uploads\/2023\/01\/CURBY_MAILER_high.jpg"},"articleSection":"Non classifi\u00e9(e)","author":[{"@type":"Person","name":"IPG"}],"creator":["IPG"],"publisher":{"@type":"Organization","name":"IPG","logo":"https:\/\/www.itape.com\/wp-content\/uploads\/2023\/03\/IPG-logo-2.png"},"keywords":[],"dateCreated":"2023-01-12T14:30:47Z","datePublished":"2023-01-12T14:30:47Z","dateModified":"2023-05-26T14:40:44Z"},"rendered":"<meta name=\"parsely-title\" content=\"Curby Mailer\" \/>\n<meta name=\"parsely-link\" content=\"https:\/\/www.itape.com\/fr\/product\/curby-mailer\/\" \/>\n<meta name=\"parsely-type\" content=\"index\" \/>\n<meta name=\"parsely-image-url\" content=\"https:\/\/www.itape.com\/wp-content\/uploads\/2023\/01\/CURBY_MAILER_high.jpg?w=150&amp;h=150&amp;crop=1\" \/>\n<meta name=\"parsely-pub-date\" content=\"2023-01-12T14:30:47Z\" \/>\n<meta name=\"parsely-section\" content=\"Non classifi\u00e9(e)\" \/>\n<meta name=\"parsely-author\" content=\"IPG\" \/>","tracker_url":"https:\/\/cdn.parsely.com\/keys\/itape.com\/p.js"},"jetpack_sharing_enabled":true,"_links":{"self":[{"href":"https:\/\/www.itape.com\/fr\/wp-json\/wp\/v2\/product\/46944","targetHints":{"allow":["GET"]}}],"collection":[{"href":"https:\/\/www.itape.com\/fr\/wp-json\/wp\/v2\/product"}],"about":[{"href":"https:\/\/www.itape.com\/fr\/wp-json\/wp\/v2\/types\/product"}],"replies":[{"embeddable":true,"href":"https:\/\/www.itape.com\/fr\/wp-json\/wp\/v2\/comments?post=46944"}],"wp:featuredmedia":[{"embeddable":true,"href":"https:\/\/www.itape.com\/fr\/wp-json\/wp\/v2\/media\/51312"}],"wp:attachment":[{"href":"https:\/\/www.itape.com\/fr\/wp-json\/wp\/v2\/media?parent=46944"}],"wp:term":[{"taxonomy":"product_brand","embeddable":true,"href":"https:\/\/www.itape.com\/fr\/wp-json\/wp\/v2\/product_brand?post=46944"},{"taxonomy":"product_cat","embeddable":true,"href":"https:\/\/www.itape.com\/fr\/wp-json\/wp\/v2\/product_cat?post=46944"},{"taxonomy":"product_tag","embeddable":true,"href":"https:\/\/www.itape.com\/fr\/wp-json\/wp\/v2\/product_tag?post=46944"},{"taxonomy":"associated_application","embeddable":true,"href":"https:\/\/www.itape.com\/fr\/wp-json\/wp\/v2\/associated_application?post=46944"}],"curies":[{"name":"wp","href":"https:\/\/api.w.org\/{rel}","templated":true}]}}