{"id":46959,"date":"2023-01-12T14:30:59","date_gmt":"2023-01-12T14:30:59","guid":{"rendered":"https:\/\/www.itape.com\/product\/591-fr\/"},"modified":"2023-04-17T21:56:47","modified_gmt":"2023-04-17T21:56:47","slug":"591-fr","status":"publish","type":"product","link":"https:\/\/www.itape.com\/fr\/product\/591-fr\/","title":{"rendered":"591"},"content":{"rendered":"","protected":false},"excerpt":{"rendered":"<p>CID AA-180C, UU-T-91E Ruban de papier blanchi 7,0\u00a0mils de haute qualit\u00e9 enduit sur les deux faces d&rsquo;une colle en caoutchouc naturel\/r\u00e9sine naturelle \u00e0 forte r\u00e9sistance au cisaillement sur une doublure en papier cr\u00eape facile \u00e0 retirer. Le 591 est devenu la norme pour la r\u00e9paration des poign\u00e9es de club de golf. Il est \u00e9galement id\u00e9al pour le montage photographique, l&rsquo;installation de tapis et la fabrication de textile.<\/p>\n","protected":false},"featured_media":63803,"comment_status":"closed","ping_status":"closed","template":"","meta":{"_acf_changed":false},"product_brand":[],"product_cat":[6153,7732,7702],"product_tag":[6205],"associated_application":[5993,5995,6018,6010,6089,5996,5992,6004,6005,5994,6001,6007],"class_list":{"0":"post-46959","1":"product","2":"type-product","3":"status-publish","4":"has-post-thumbnail","6":"product_cat-double-coated-tape-fr","7":"product_cat-industrial-tapes-ruban-double-face-fr","8":"product_cat-industrial-tapes-fr","9":"product_tag-double-sided-paper-tapes-fr","10":"associated_application-appareil-fr","11":"associated_application-batiment-et-construction-fr","12":"associated_application-certification-du-gouvernement-et-de-larmee-fr","13":"associated_application-collage-de-composites-fr","14":"associated_application-collage-montage-processus-general-de-fabrication-fr","15":"associated_application-de-consommation-fr","16":"associated_application-industrie-aerospatiale-fr","17":"associated_application-industrie-du-cvc-fr","18":"associated_application-industrie-maritime-et-des-composites-fr","19":"associated_application-marche-des-pieces-automobiles-fr","20":"associated_application-processus-general-de-fabrication-fr","21":"associated_application-secteur-du-transport-fr","23":"first","24":"instock","25":"product-type-simple"},"acf":[],"yoast_head":"<!-- This site is optimized with the Yoast SEO Premium plugin v24.1 (Yoast SEO v27.0) - https:\/\/yoast.com\/product\/yoast-seo-premium-wordpress\/ -->\n<title>591 - IPG<\/title>\n<meta name=\"robots\" content=\"index, follow, max-snippet:-1, max-image-preview:large, max-video-preview:-1\" \/>\n<link rel=\"canonical\" href=\"https:\/\/www.itape.com\/fr\/product\/591-fr\/\" \/>\n<meta property=\"og:locale\" content=\"fr_FR\" \/>\n<meta property=\"og:type\" content=\"article\" \/>\n<meta property=\"og:title\" content=\"591\" \/>\n<meta property=\"og:description\" content=\"CID AA-180C, UU-T-91E Ruban de papier blanchi 7,0\u00a0mils de haute qualit\u00e9 enduit sur les deux faces d&#039;une colle en caoutchouc naturel\/r\u00e9sine naturelle \u00e0 forte r\u00e9sistance au cisaillement sur une doublure en papier cr\u00eape facile \u00e0 retirer. Le 591 est devenu la norme pour la r\u00e9paration des poign\u00e9es de club de golf. Il est \u00e9galement id\u00e9al pour le montage photographique, l&#039;installation de tapis et la fabrication de textile.\" \/>\n<meta property=\"og:url\" content=\"https:\/\/www.itape.com\/fr\/product\/591-fr\/\" \/>\n<meta property=\"og:site_name\" content=\"IPG\" \/>\n<meta property=\"article:publisher\" content=\"https:\/\/www.facebook.com\/intertape\" \/>\n<meta property=\"article:modified_time\" content=\"2023-04-17T21:56:47+00:00\" \/>\n<meta property=\"og:image\" content=\"https:\/\/www.itape.com\/wp-content\/uploads\/2023\/01\/591_high.jpg\" \/>\n\t<meta property=\"og:image:width\" content=\"2400\" \/>\n\t<meta property=\"og:image:height\" content=\"2400\" \/>\n\t<meta property=\"og:image:type\" content=\"image\/jpeg\" \/>\n<meta name=\"twitter:card\" content=\"summary_large_image\" \/>\n<meta name=\"twitter:site\" content=\"@IPGtape\" \/>\n<meta name=\"twitter:label1\" content=\"Price\" \/>\n\t<meta name=\"twitter:data1\" content=\"\" \/>\n\t<meta name=\"twitter:label2\" content=\"Availability\" \/>\n\t<meta name=\"twitter:data2\" content=\"In stock\" \/>\n<script type=\"application\/ld+json\" class=\"yoast-schema-graph\">{\"@context\":\"https:\/\/schema.org\",\"@graph\":[{\"@type\":\"WebPage\",\"@id\":\"https:\/\/www.itape.com\/fr\/product\/591-fr\/\",\"url\":\"https:\/\/www.itape.com\/fr\/product\/591-fr\/\",\"name\":\"591 - IPG\",\"isPartOf\":{\"@id\":\"https:\/\/www.itape.com\/#website\"},\"primaryImageOfPage\":{\"@id\":\"https:\/\/www.itape.com\/fr\/product\/591-fr\/#primaryimage\"},\"image\":{\"@id\":\"https:\/\/www.itape.com\/fr\/product\/591-fr\/#primaryimage\"},\"thumbnailUrl\":\"https:\/\/www.itape.com\/wp-content\/uploads\/2023\/01\/DC_591_592_597.jpg\",\"datePublished\":\"2023-01-12T14:30:59+00:00\",\"dateModified\":\"2023-04-17T21:56:47+00:00\",\"breadcrumb\":{\"@id\":\"https:\/\/www.itape.com\/fr\/product\/591-fr\/#breadcrumb\"},\"inLanguage\":\"fr-FR\",\"potentialAction\":[{\"@type\":\"ReadAction\",\"target\":[\"https:\/\/www.itape.com\/fr\/product\/591-fr\/\"]}]},{\"@type\":\"ImageObject\",\"inLanguage\":\"fr-FR\",\"@id\":\"https:\/\/www.itape.com\/fr\/product\/591-fr\/#primaryimage\",\"url\":\"https:\/\/www.itape.com\/wp-content\/uploads\/2023\/01\/DC_591_592_597.jpg\",\"contentUrl\":\"https:\/\/www.itape.com\/wp-content\/uploads\/2023\/01\/DC_591_592_597.jpg\",\"width\":2400,\"height\":2400,\"caption\":\"Double-Sided Tape\"},{\"@type\":\"BreadcrumbList\",\"@id\":\"https:\/\/www.itape.com\/fr\/product\/591-fr\/#breadcrumb\",\"itemListElement\":[{\"@type\":\"ListItem\",\"position\":1,\"name\":\"Home\",\"item\":\"https:\/\/www.itape.com\/fr\/\"},{\"@type\":\"ListItem\",\"position\":2,\"name\":\"Products\",\"item\":\"https:\/\/www.itape.com\/products\/\"},{\"@type\":\"ListItem\",\"position\":3,\"name\":\"591\"}]},{\"@type\":\"WebSite\",\"@id\":\"https:\/\/www.itape.com\/#website\",\"url\":\"https:\/\/www.itape.com\/\",\"name\":\"IPG\",\"description\":\"Global Leader in Packaging and Protective Solutions\",\"publisher\":{\"@id\":\"https:\/\/www.itape.com\/#organization\"},\"potentialAction\":[{\"@type\":\"SearchAction\",\"target\":{\"@type\":\"EntryPoint\",\"urlTemplate\":\"https:\/\/www.itape.com\/?s={search_term_string}\"},\"query-input\":{\"@type\":\"PropertyValueSpecification\",\"valueRequired\":true,\"valueName\":\"search_term_string\"}}],\"inLanguage\":\"fr-FR\"},{\"@type\":\"Organization\",\"@id\":\"https:\/\/www.itape.com\/#organization\",\"name\":\"IPG\",\"url\":\"https:\/\/www.itape.com\/\",\"logo\":{\"@type\":\"ImageObject\",\"inLanguage\":\"fr-FR\",\"@id\":\"https:\/\/www.itape.com\/#\/schema\/logo\/image\/\",\"url\":\"https:\/\/www.itape.com\/wp-content\/uploads\/2024\/06\/IPG-logo-2.png\",\"contentUrl\":\"https:\/\/www.itape.com\/wp-content\/uploads\/2024\/06\/IPG-logo-2.png\",\"width\":60,\"height\":60,\"caption\":\"IPG\"},\"image\":{\"@id\":\"https:\/\/www.itape.com\/#\/schema\/logo\/image\/\"},\"sameAs\":[\"https:\/\/www.facebook.com\/intertape\",\"https:\/\/x.com\/IPGtape\",\"https:\/\/www.linkedin.com\/company\/intertape-polymer-group\",\"https:\/\/www.instagram.com\/ipgtape\",\"https:\/\/www.youtube.com\/user\/IPGtape\"]}]}<\/script>\n<meta property=\"product:price:currency\" content=\"USD\" \/>\n<meta property=\"og:availability\" content=\"instock\" \/>\n<meta property=\"product:availability\" content=\"instock\" \/>\n<meta property=\"product:retailer_item_id\" content=\"fb0593aaa010\" \/>\n<meta property=\"product:condition\" content=\"new\" \/>\n<!-- \/ Yoast SEO Premium plugin. -->","yoast_head_json":{"title":"591 - IPG","robots":{"index":"index","follow":"follow","max-snippet":"max-snippet:-1","max-image-preview":"max-image-preview:large","max-video-preview":"max-video-preview:-1"},"canonical":"https:\/\/www.itape.com\/fr\/product\/591-fr\/","og_locale":"fr_FR","og_type":"article","og_title":"591","og_description":"CID AA-180C, UU-T-91E Ruban de papier blanchi 7,0\u00a0mils de haute qualit\u00e9 enduit sur les deux faces d'une colle en caoutchouc naturel\/r\u00e9sine naturelle \u00e0 forte r\u00e9sistance au cisaillement sur une doublure en papier cr\u00eape facile \u00e0 retirer. Le 591 est devenu la norme pour la r\u00e9paration des poign\u00e9es de club de golf. Il est \u00e9galement id\u00e9al pour le montage photographique, l'installation de tapis et la fabrication de textile.","og_url":"https:\/\/www.itape.com\/fr\/product\/591-fr\/","og_site_name":"IPG","article_publisher":"https:\/\/www.facebook.com\/intertape","article_modified_time":"2023-04-17T21:56:47+00:00","og_image":[{"width":2400,"height":2400,"url":"https:\/\/www.itape.com\/wp-content\/uploads\/2023\/01\/591_high.jpg","type":"image\/jpeg"}],"twitter_card":"summary_large_image","twitter_site":"@IPGtape","twitter_misc":{"Price":"","Availability":"In stock"},"schema":{"@context":"https:\/\/schema.org","@graph":[{"@type":"WebPage","@id":"https:\/\/www.itape.com\/fr\/product\/591-fr\/","url":"https:\/\/www.itape.com\/fr\/product\/591-fr\/","name":"591 - IPG","isPartOf":{"@id":"https:\/\/www.itape.com\/#website"},"primaryImageOfPage":{"@id":"https:\/\/www.itape.com\/fr\/product\/591-fr\/#primaryimage"},"image":{"@id":"https:\/\/www.itape.com\/fr\/product\/591-fr\/#primaryimage"},"thumbnailUrl":"https:\/\/www.itape.com\/wp-content\/uploads\/2023\/01\/DC_591_592_597.jpg","datePublished":"2023-01-12T14:30:59+00:00","dateModified":"2023-04-17T21:56:47+00:00","breadcrumb":{"@id":"https:\/\/www.itape.com\/fr\/product\/591-fr\/#breadcrumb"},"inLanguage":"fr-FR","potentialAction":[{"@type":"ReadAction","target":["https:\/\/www.itape.com\/fr\/product\/591-fr\/"]}]},{"@type":"ImageObject","inLanguage":"fr-FR","@id":"https:\/\/www.itape.com\/fr\/product\/591-fr\/#primaryimage","url":"https:\/\/www.itape.com\/wp-content\/uploads\/2023\/01\/DC_591_592_597.jpg","contentUrl":"https:\/\/www.itape.com\/wp-content\/uploads\/2023\/01\/DC_591_592_597.jpg","width":2400,"height":2400,"caption":"Double-Sided Tape"},{"@type":"BreadcrumbList","@id":"https:\/\/www.itape.com\/fr\/product\/591-fr\/#breadcrumb","itemListElement":[{"@type":"ListItem","position":1,"name":"Home","item":"https:\/\/www.itape.com\/fr\/"},{"@type":"ListItem","position":2,"name":"Products","item":"https:\/\/www.itape.com\/products\/"},{"@type":"ListItem","position":3,"name":"591"}]},{"@type":"WebSite","@id":"https:\/\/www.itape.com\/#website","url":"https:\/\/www.itape.com\/","name":"IPG","description":"Global Leader in Packaging and Protective Solutions","publisher":{"@id":"https:\/\/www.itape.com\/#organization"},"potentialAction":[{"@type":"SearchAction","target":{"@type":"EntryPoint","urlTemplate":"https:\/\/www.itape.com\/?s={search_term_string}"},"query-input":{"@type":"PropertyValueSpecification","valueRequired":true,"valueName":"search_term_string"}}],"inLanguage":"fr-FR"},{"@type":"Organization","@id":"https:\/\/www.itape.com\/#organization","name":"IPG","url":"https:\/\/www.itape.com\/","logo":{"@type":"ImageObject","inLanguage":"fr-FR","@id":"https:\/\/www.itape.com\/#\/schema\/logo\/image\/","url":"https:\/\/www.itape.com\/wp-content\/uploads\/2024\/06\/IPG-logo-2.png","contentUrl":"https:\/\/www.itape.com\/wp-content\/uploads\/2024\/06\/IPG-logo-2.png","width":60,"height":60,"caption":"IPG"},"image":{"@id":"https:\/\/www.itape.com\/#\/schema\/logo\/image\/"},"sameAs":["https:\/\/www.facebook.com\/intertape","https:\/\/x.com\/IPGtape","https:\/\/www.linkedin.com\/company\/intertape-polymer-group","https:\/\/www.instagram.com\/ipgtape","https:\/\/www.youtube.com\/user\/IPGtape"]}]},"product_price_currency":"USD","og_availability":"instock","product_availability":"instock","product_retailer_item_id":"fb0593aaa010","product_condition":"new"},"parsely":{"version":"1.1.0","canonical_url":"https:\/\/itape.com\/fr\/product\/591-fr\/","smart_links":{"inbound":0,"outbound":0},"traffic_boost_suggestions_count":0,"meta":{"@context":"https:\/\/schema.org","@type":"WebPage","headline":"591","url":"https:\/\/www.itape.com\/fr\/product\/591-fr\/","mainEntityOfPage":{"@type":"WebPage","@id":"https:\/\/www.itape.com\/fr\/product\/591-fr\/"},"thumbnailUrl":"https:\/\/www.itape.com\/wp-content\/uploads\/2023\/01\/DC_591_592_597.jpg?w=150&h=150&crop=1","image":{"@type":"ImageObject","url":"https:\/\/www.itape.com\/wp-content\/uploads\/2023\/01\/DC_591_592_597.jpg"},"articleSection":"Non classifi\u00e9(e)","author":[{"@type":"Person","name":"IPG"}],"creator":["IPG"],"publisher":{"@type":"Organization","name":"IPG","logo":"https:\/\/www.itape.com\/wp-content\/uploads\/2023\/03\/IPG-logo-2.png"},"keywords":[],"dateCreated":"2023-01-12T14:30:59Z","datePublished":"2023-01-12T14:30:59Z","dateModified":"2023-04-17T21:56:47Z"},"rendered":"<meta name=\"parsely-title\" content=\"591\" \/>\n<meta name=\"parsely-link\" content=\"https:\/\/www.itape.com\/fr\/product\/591-fr\/\" \/>\n<meta name=\"parsely-type\" content=\"index\" \/>\n<meta name=\"parsely-image-url\" content=\"https:\/\/www.itape.com\/wp-content\/uploads\/2023\/01\/DC_591_592_597.jpg?w=150&amp;h=150&amp;crop=1\" \/>\n<meta name=\"parsely-pub-date\" content=\"2023-01-12T14:30:59Z\" \/>\n<meta name=\"parsely-section\" content=\"Non classifi\u00e9(e)\" \/>\n<meta name=\"parsely-author\" content=\"IPG\" \/>","tracker_url":"https:\/\/cdn.parsely.com\/keys\/itape.com\/p.js"},"jetpack_sharing_enabled":true,"_links":{"self":[{"href":"https:\/\/www.itape.com\/fr\/wp-json\/wp\/v2\/product\/46959","targetHints":{"allow":["GET"]}}],"collection":[{"href":"https:\/\/www.itape.com\/fr\/wp-json\/wp\/v2\/product"}],"about":[{"href":"https:\/\/www.itape.com\/fr\/wp-json\/wp\/v2\/types\/product"}],"replies":[{"embeddable":true,"href":"https:\/\/www.itape.com\/fr\/wp-json\/wp\/v2\/comments?post=46959"}],"wp:featuredmedia":[{"embeddable":true,"href":"https:\/\/www.itape.com\/fr\/wp-json\/wp\/v2\/media\/63803"}],"wp:attachment":[{"href":"https:\/\/www.itape.com\/fr\/wp-json\/wp\/v2\/media?parent=46959"}],"wp:term":[{"taxonomy":"product_brand","embeddable":true,"href":"https:\/\/www.itape.com\/fr\/wp-json\/wp\/v2\/product_brand?post=46959"},{"taxonomy":"product_cat","embeddable":true,"href":"https:\/\/www.itape.com\/fr\/wp-json\/wp\/v2\/product_cat?post=46959"},{"taxonomy":"product_tag","embeddable":true,"href":"https:\/\/www.itape.com\/fr\/wp-json\/wp\/v2\/product_tag?post=46959"},{"taxonomy":"associated_application","embeddable":true,"href":"https:\/\/www.itape.com\/fr\/wp-json\/wp\/v2\/associated_application?post=46959"}],"curies":[{"name":"wp","href":"https:\/\/api.w.org\/{rel}","templated":true}]}}