{"id":46976,"date":"2023-01-12T14:31:05","date_gmt":"2023-01-12T14:31:05","guid":{"rendered":"https:\/\/www.itape.com\/product\/ar29c-fr\/"},"modified":"2023-04-19T20:42:19","modified_gmt":"2023-04-19T20:42:19","slug":"ar29c-fr","status":"publish","type":"product","link":"https:\/\/www.itape.com\/fr\/product\/ar29c-fr\/","title":{"rendered":"AR29C"},"content":{"rendered":"<div class=\"prose\">Pour la lamination de la plupart des mat\u00e9riaux souples tels que la mousse, l&rsquo;\u00e9ponge, le caoutchouc, etc. Convient pour le montage de plaques signal\u00e9tiques et d&#8217;emblemes et de nombreuses applications n\u00e9cessitant la jonction de deux surfaces.<\/div>\n","protected":false},"excerpt":{"rendered":"<p>film en polyester (PET) 0,5\u00a0mil enduit sur les deux faces de colle en acrylique auto-adh\u00e9sive. Une face (la face expos\u00e9e) pr\u00e9sente une adh\u00e9sion sup\u00e9rieure et une bonne accroche initiale permettant un collage imm\u00e9diat\/permanent sur un grand nombre de surfaces (y compris les surfaces irr\u00e9guli\u00e8res et poreuses). La face ferm\u00e9e (doublure) offre une accroche inf\u00e9rieure pour le repositionnement sur la plupart des surfaces. Comporte une doublure en kraft facile \u00e0 retirer 76# (blanc).<\/p>\n","protected":false},"featured_media":59659,"comment_status":"closed","ping_status":"closed","template":"","meta":{"_acf_changed":false},"product_brand":[],"product_cat":[6153,7732,7702],"product_tag":[6206],"associated_application":[5993,5995,5996,5992,6004,6005,5994,6001,6007,6011],"class_list":{"0":"post-46976","1":"product","2":"type-product","3":"status-publish","4":"has-post-thumbnail","6":"product_cat-double-coated-tape-fr","7":"product_cat-industrial-tapes-ruban-double-face-fr","8":"product_cat-industrial-tapes-fr","9":"product_tag-double-sided-film-tapes-fr","10":"associated_application-appareil-fr","11":"associated_application-batiment-et-construction-fr","12":"associated_application-de-consommation-fr","13":"associated_application-industrie-aerospatiale-fr","14":"associated_application-industrie-du-cvc-fr","15":"associated_application-industrie-maritime-et-des-composites-fr","16":"associated_application-marche-des-pieces-automobiles-fr","17":"associated_application-processus-general-de-fabrication-fr","18":"associated_application-secteur-du-transport-fr","19":"associated_application-secteur-electrique-et-electronique-fr-industrie-aerospatiale-fr","21":"first","22":"instock","23":"product-type-simple"},"acf":[],"yoast_head":"<!-- This site is optimized with the Yoast SEO Premium plugin v24.1 (Yoast SEO v27.0) - https:\/\/yoast.com\/product\/yoast-seo-premium-wordpress\/ -->\n<title>AR29C - IPG<\/title>\n<meta name=\"robots\" content=\"index, follow, max-snippet:-1, max-image-preview:large, max-video-preview:-1\" \/>\n<link rel=\"canonical\" href=\"https:\/\/www.itape.com\/fr\/product\/ar29c-fr\/\" \/>\n<meta property=\"og:locale\" content=\"fr_FR\" \/>\n<meta property=\"og:type\" content=\"article\" \/>\n<meta property=\"og:title\" content=\"AR29C\" \/>\n<meta property=\"og:description\" content=\"film en polyester (PET) 0,5\u00a0mil enduit sur les deux faces de colle en acrylique auto-adh\u00e9sive. Une face (la face expos\u00e9e) pr\u00e9sente une adh\u00e9sion sup\u00e9rieure et une bonne accroche initiale permettant un collage imm\u00e9diat\/permanent sur un grand nombre de surfaces (y compris les surfaces irr\u00e9guli\u00e8res et poreuses). La face ferm\u00e9e (doublure) offre une accroche inf\u00e9rieure pour le repositionnement sur la plupart des surfaces. Comporte une doublure en kraft facile \u00e0 retirer 76# (blanc).\" \/>\n<meta property=\"og:url\" content=\"https:\/\/www.itape.com\/fr\/product\/ar29c-fr\/\" \/>\n<meta property=\"og:site_name\" content=\"IPG\" \/>\n<meta property=\"article:publisher\" content=\"https:\/\/www.facebook.com\/intertape\" \/>\n<meta property=\"article:modified_time\" content=\"2023-04-19T20:42:19+00:00\" \/>\n<meta property=\"og:image\" content=\"https:\/\/www.itape.com\/wp-content\/uploads\/2023\/01\/AR29C_high.jpg\" \/>\n\t<meta property=\"og:image:width\" content=\"2400\" \/>\n\t<meta property=\"og:image:height\" content=\"2400\" \/>\n\t<meta property=\"og:image:type\" content=\"image\/jpeg\" \/>\n<meta name=\"twitter:card\" content=\"summary_large_image\" \/>\n<meta name=\"twitter:site\" content=\"@IPGtape\" \/>\n<meta name=\"twitter:label1\" content=\"Price\" \/>\n\t<meta name=\"twitter:data1\" content=\"\" \/>\n\t<meta name=\"twitter:label2\" content=\"Availability\" \/>\n\t<meta name=\"twitter:data2\" content=\"In stock\" \/>\n<script type=\"application\/ld+json\" class=\"yoast-schema-graph\">{\"@context\":\"https:\/\/schema.org\",\"@graph\":[{\"@type\":\"WebPage\",\"@id\":\"https:\/\/www.itape.com\/fr\/product\/ar29c-fr\/\",\"url\":\"https:\/\/www.itape.com\/fr\/product\/ar29c-fr\/\",\"name\":\"AR29C - IPG\",\"isPartOf\":{\"@id\":\"https:\/\/www.itape.com\/#website\"},\"primaryImageOfPage\":{\"@id\":\"https:\/\/www.itape.com\/fr\/product\/ar29c-fr\/#primaryimage\"},\"image\":{\"@id\":\"https:\/\/www.itape.com\/fr\/product\/ar29c-fr\/#primaryimage\"},\"thumbnailUrl\":\"https:\/\/www.itape.com\/wp-content\/uploads\/2023\/01\/AR29C_high.jpg\",\"datePublished\":\"2023-01-12T14:31:05+00:00\",\"dateModified\":\"2023-04-19T20:42:19+00:00\",\"breadcrumb\":{\"@id\":\"https:\/\/www.itape.com\/fr\/product\/ar29c-fr\/#breadcrumb\"},\"inLanguage\":\"fr-FR\",\"potentialAction\":[{\"@type\":\"ReadAction\",\"target\":[\"https:\/\/www.itape.com\/fr\/product\/ar29c-fr\/\"]}]},{\"@type\":\"ImageObject\",\"inLanguage\":\"fr-FR\",\"@id\":\"https:\/\/www.itape.com\/fr\/product\/ar29c-fr\/#primaryimage\",\"url\":\"https:\/\/www.itape.com\/wp-content\/uploads\/2023\/01\/AR29C_high.jpg\",\"contentUrl\":\"https:\/\/www.itape.com\/wp-content\/uploads\/2023\/01\/AR29C_high.jpg\",\"width\":2400,\"height\":2400,\"caption\":\"AR29C_DoubleCoatedTape\"},{\"@type\":\"BreadcrumbList\",\"@id\":\"https:\/\/www.itape.com\/fr\/product\/ar29c-fr\/#breadcrumb\",\"itemListElement\":[{\"@type\":\"ListItem\",\"position\":1,\"name\":\"Home\",\"item\":\"https:\/\/www.itape.com\/fr\/\"},{\"@type\":\"ListItem\",\"position\":2,\"name\":\"Products\",\"item\":\"https:\/\/www.itape.com\/products\/\"},{\"@type\":\"ListItem\",\"position\":3,\"name\":\"AR29C\"}]},{\"@type\":\"WebSite\",\"@id\":\"https:\/\/www.itape.com\/#website\",\"url\":\"https:\/\/www.itape.com\/\",\"name\":\"IPG\",\"description\":\"Global Leader in Packaging and Protective Solutions\",\"publisher\":{\"@id\":\"https:\/\/www.itape.com\/#organization\"},\"potentialAction\":[{\"@type\":\"SearchAction\",\"target\":{\"@type\":\"EntryPoint\",\"urlTemplate\":\"https:\/\/www.itape.com\/?s={search_term_string}\"},\"query-input\":{\"@type\":\"PropertyValueSpecification\",\"valueRequired\":true,\"valueName\":\"search_term_string\"}}],\"inLanguage\":\"fr-FR\"},{\"@type\":\"Organization\",\"@id\":\"https:\/\/www.itape.com\/#organization\",\"name\":\"IPG\",\"url\":\"https:\/\/www.itape.com\/\",\"logo\":{\"@type\":\"ImageObject\",\"inLanguage\":\"fr-FR\",\"@id\":\"https:\/\/www.itape.com\/#\/schema\/logo\/image\/\",\"url\":\"https:\/\/www.itape.com\/wp-content\/uploads\/2024\/06\/IPG-logo-2.png\",\"contentUrl\":\"https:\/\/www.itape.com\/wp-content\/uploads\/2024\/06\/IPG-logo-2.png\",\"width\":60,\"height\":60,\"caption\":\"IPG\"},\"image\":{\"@id\":\"https:\/\/www.itape.com\/#\/schema\/logo\/image\/\"},\"sameAs\":[\"https:\/\/www.facebook.com\/intertape\",\"https:\/\/x.com\/IPGtape\",\"https:\/\/www.linkedin.com\/company\/intertape-polymer-group\",\"https:\/\/www.instagram.com\/ipgtape\",\"https:\/\/www.youtube.com\/user\/IPGtape\"]}]}<\/script>\n<meta property=\"product:price:currency\" content=\"USD\" \/>\n<meta property=\"og:availability\" content=\"instock\" \/>\n<meta property=\"product:availability\" content=\"instock\" \/>\n<meta property=\"product:retailer_item_id\" content=\"ef97483c4591\" \/>\n<meta property=\"product:condition\" content=\"new\" \/>\n<!-- \/ Yoast SEO Premium plugin. -->","yoast_head_json":{"title":"AR29C - IPG","robots":{"index":"index","follow":"follow","max-snippet":"max-snippet:-1","max-image-preview":"max-image-preview:large","max-video-preview":"max-video-preview:-1"},"canonical":"https:\/\/www.itape.com\/fr\/product\/ar29c-fr\/","og_locale":"fr_FR","og_type":"article","og_title":"AR29C","og_description":"film en polyester (PET) 0,5\u00a0mil enduit sur les deux faces de colle en acrylique auto-adh\u00e9sive. Une face (la face expos\u00e9e) pr\u00e9sente une adh\u00e9sion sup\u00e9rieure et une bonne accroche initiale permettant un collage imm\u00e9diat\/permanent sur un grand nombre de surfaces (y compris les surfaces irr\u00e9guli\u00e8res et poreuses). La face ferm\u00e9e (doublure) offre une accroche inf\u00e9rieure pour le repositionnement sur la plupart des surfaces. Comporte une doublure en kraft facile \u00e0 retirer 76# (blanc).","og_url":"https:\/\/www.itape.com\/fr\/product\/ar29c-fr\/","og_site_name":"IPG","article_publisher":"https:\/\/www.facebook.com\/intertape","article_modified_time":"2023-04-19T20:42:19+00:00","og_image":[{"width":2400,"height":2400,"url":"https:\/\/www.itape.com\/wp-content\/uploads\/2023\/01\/AR29C_high.jpg","type":"image\/jpeg"}],"twitter_card":"summary_large_image","twitter_site":"@IPGtape","twitter_misc":{"Price":"","Availability":"In stock"},"schema":{"@context":"https:\/\/schema.org","@graph":[{"@type":"WebPage","@id":"https:\/\/www.itape.com\/fr\/product\/ar29c-fr\/","url":"https:\/\/www.itape.com\/fr\/product\/ar29c-fr\/","name":"AR29C - IPG","isPartOf":{"@id":"https:\/\/www.itape.com\/#website"},"primaryImageOfPage":{"@id":"https:\/\/www.itape.com\/fr\/product\/ar29c-fr\/#primaryimage"},"image":{"@id":"https:\/\/www.itape.com\/fr\/product\/ar29c-fr\/#primaryimage"},"thumbnailUrl":"https:\/\/www.itape.com\/wp-content\/uploads\/2023\/01\/AR29C_high.jpg","datePublished":"2023-01-12T14:31:05+00:00","dateModified":"2023-04-19T20:42:19+00:00","breadcrumb":{"@id":"https:\/\/www.itape.com\/fr\/product\/ar29c-fr\/#breadcrumb"},"inLanguage":"fr-FR","potentialAction":[{"@type":"ReadAction","target":["https:\/\/www.itape.com\/fr\/product\/ar29c-fr\/"]}]},{"@type":"ImageObject","inLanguage":"fr-FR","@id":"https:\/\/www.itape.com\/fr\/product\/ar29c-fr\/#primaryimage","url":"https:\/\/www.itape.com\/wp-content\/uploads\/2023\/01\/AR29C_high.jpg","contentUrl":"https:\/\/www.itape.com\/wp-content\/uploads\/2023\/01\/AR29C_high.jpg","width":2400,"height":2400,"caption":"AR29C_DoubleCoatedTape"},{"@type":"BreadcrumbList","@id":"https:\/\/www.itape.com\/fr\/product\/ar29c-fr\/#breadcrumb","itemListElement":[{"@type":"ListItem","position":1,"name":"Home","item":"https:\/\/www.itape.com\/fr\/"},{"@type":"ListItem","position":2,"name":"Products","item":"https:\/\/www.itape.com\/products\/"},{"@type":"ListItem","position":3,"name":"AR29C"}]},{"@type":"WebSite","@id":"https:\/\/www.itape.com\/#website","url":"https:\/\/www.itape.com\/","name":"IPG","description":"Global Leader in Packaging and Protective Solutions","publisher":{"@id":"https:\/\/www.itape.com\/#organization"},"potentialAction":[{"@type":"SearchAction","target":{"@type":"EntryPoint","urlTemplate":"https:\/\/www.itape.com\/?s={search_term_string}"},"query-input":{"@type":"PropertyValueSpecification","valueRequired":true,"valueName":"search_term_string"}}],"inLanguage":"fr-FR"},{"@type":"Organization","@id":"https:\/\/www.itape.com\/#organization","name":"IPG","url":"https:\/\/www.itape.com\/","logo":{"@type":"ImageObject","inLanguage":"fr-FR","@id":"https:\/\/www.itape.com\/#\/schema\/logo\/image\/","url":"https:\/\/www.itape.com\/wp-content\/uploads\/2024\/06\/IPG-logo-2.png","contentUrl":"https:\/\/www.itape.com\/wp-content\/uploads\/2024\/06\/IPG-logo-2.png","width":60,"height":60,"caption":"IPG"},"image":{"@id":"https:\/\/www.itape.com\/#\/schema\/logo\/image\/"},"sameAs":["https:\/\/www.facebook.com\/intertape","https:\/\/x.com\/IPGtape","https:\/\/www.linkedin.com\/company\/intertape-polymer-group","https:\/\/www.instagram.com\/ipgtape","https:\/\/www.youtube.com\/user\/IPGtape"]}]},"product_price_currency":"USD","og_availability":"instock","product_availability":"instock","product_retailer_item_id":"ef97483c4591","product_condition":"new"},"parsely":{"version":"1.1.0","canonical_url":"https:\/\/itape.com\/fr\/product\/ar29c-fr\/","smart_links":{"inbound":0,"outbound":0},"traffic_boost_suggestions_count":0,"meta":{"@context":"https:\/\/schema.org","@type":"WebPage","headline":"AR29C","url":"https:\/\/www.itape.com\/fr\/product\/ar29c-fr\/","mainEntityOfPage":{"@type":"WebPage","@id":"https:\/\/www.itape.com\/fr\/product\/ar29c-fr\/"},"thumbnailUrl":"https:\/\/www.itape.com\/wp-content\/uploads\/2023\/01\/AR29C_high.jpg?w=150&h=150&crop=1","image":{"@type":"ImageObject","url":"https:\/\/www.itape.com\/wp-content\/uploads\/2023\/01\/AR29C_high.jpg"},"articleSection":"Non classifi\u00e9(e)","author":[{"@type":"Person","name":"IPG"}],"creator":["IPG"],"publisher":{"@type":"Organization","name":"IPG","logo":"https:\/\/www.itape.com\/wp-content\/uploads\/2023\/03\/IPG-logo-2.png"},"keywords":[],"dateCreated":"2023-01-12T14:31:05Z","datePublished":"2023-01-12T14:31:05Z","dateModified":"2023-04-19T20:42:19Z"},"rendered":"<meta name=\"parsely-title\" content=\"AR29C\" \/>\n<meta name=\"parsely-link\" content=\"https:\/\/www.itape.com\/fr\/product\/ar29c-fr\/\" \/>\n<meta name=\"parsely-type\" content=\"index\" \/>\n<meta name=\"parsely-image-url\" content=\"https:\/\/www.itape.com\/wp-content\/uploads\/2023\/01\/AR29C_high.jpg?w=150&amp;h=150&amp;crop=1\" \/>\n<meta name=\"parsely-pub-date\" content=\"2023-01-12T14:31:05Z\" \/>\n<meta name=\"parsely-section\" content=\"Non classifi\u00e9(e)\" \/>\n<meta name=\"parsely-author\" content=\"IPG\" \/>","tracker_url":"https:\/\/cdn.parsely.com\/keys\/itape.com\/p.js"},"jetpack_sharing_enabled":true,"_links":{"self":[{"href":"https:\/\/www.itape.com\/fr\/wp-json\/wp\/v2\/product\/46976","targetHints":{"allow":["GET"]}}],"collection":[{"href":"https:\/\/www.itape.com\/fr\/wp-json\/wp\/v2\/product"}],"about":[{"href":"https:\/\/www.itape.com\/fr\/wp-json\/wp\/v2\/types\/product"}],"replies":[{"embeddable":true,"href":"https:\/\/www.itape.com\/fr\/wp-json\/wp\/v2\/comments?post=46976"}],"wp:featuredmedia":[{"embeddable":true,"href":"https:\/\/www.itape.com\/fr\/wp-json\/wp\/v2\/media\/59659"}],"wp:attachment":[{"href":"https:\/\/www.itape.com\/fr\/wp-json\/wp\/v2\/media?parent=46976"}],"wp:term":[{"taxonomy":"product_brand","embeddable":true,"href":"https:\/\/www.itape.com\/fr\/wp-json\/wp\/v2\/product_brand?post=46976"},{"taxonomy":"product_cat","embeddable":true,"href":"https:\/\/www.itape.com\/fr\/wp-json\/wp\/v2\/product_cat?post=46976"},{"taxonomy":"product_tag","embeddable":true,"href":"https:\/\/www.itape.com\/fr\/wp-json\/wp\/v2\/product_tag?post=46976"},{"taxonomy":"associated_application","embeddable":true,"href":"https:\/\/www.itape.com\/fr\/wp-json\/wp\/v2\/associated_application?post=46976"}],"curies":[{"name":"wp","href":"https:\/\/api.w.org\/{rel}","templated":true}]}}