{"id":46984,"date":"2023-01-12T14:31:11","date_gmt":"2023-01-12T14:31:11","guid":{"rendered":"https:\/\/www.itape.com\/product\/r2215-fr\/"},"modified":"2023-04-11T14:08:18","modified_gmt":"2023-04-11T14:08:18","slug":"r2215-fr","status":"publish","type":"product","link":"https:\/\/www.itape.com\/fr\/product\/r2215-fr\/","title":{"rendered":"R2215"},"content":{"rendered":"","protected":false},"excerpt":{"rendered":"<p>Ruban en mousse double-face Cactus\u00ae R2215\u00a0: mousse \u00e0 cellules ferm\u00e9es en poly\u00e9thyl\u00e8ne haute densit\u00e9 r\u00e9ticul\u00e9 enduite sur les deux faces d&rsquo;une colle auto-adh\u00e9sive en caoutchouc \u00e0 collage permanent prot\u00e9g\u00e9e par une doublure de papier cristal 60# 3\u00a0mils facile \u00e0 retirer (blanc). L&rsquo;adh\u00e9rence permet un collage permanent sur une grande vari\u00e9t\u00e9 de surfaces irr\u00e9guli\u00e8res. APPLICATION\u00a0: montage int\u00e9rieur et fixation de plaques d&rsquo;identification, de panneaux, de plaques, de point d&rsquo;achat, de miroirs et d&#8217;embl\u00e8mes, etc. Montage et fixation int\u00e9rieurs g\u00e9n\u00e9raux. Pour le collage et la r\u00e9paration d&rsquo;articles en plastique (p. ex. vaisselle, accessoires de salle de bain, etc.).<\/p>\n","protected":false},"featured_media":52330,"comment_status":"closed","ping_status":"closed","template":"","meta":{"_acf_changed":false},"product_brand":[],"product_cat":[7732,6153,7702],"product_tag":[6207],"associated_application":[5993,7675,5995,6089,6020,6027,6089,6004,5992,6004,6005,5994,6115,6001,6114,6007,6011,6039,6089],"class_list":{"0":"post-46984","1":"product","2":"type-product","3":"status-publish","4":"has-post-thumbnail","6":"product_cat-industrial-tapes-ruban-double-face-fr","7":"product_cat-double-coated-tape-fr","8":"product_cat-industrial-tapes-fr","9":"product_tag-double-sided-foam-tapes-fr","10":"associated_application-appareil-fr","11":"associated_application-assemblage-montage-congelateur","12":"associated_application-batiment-et-construction-fr","13":"associated_application-collage-montage-processus-general-de-fabrication-fr","14":"associated_application-collage-montage-fr","15":"associated_application-collage-montage-fr-marche-des-pieces-automobiles-fr","17":"associated_application-industrie-du-cvc-fr","18":"associated_application-industrie-aerospatiale-fr","20":"associated_application-industrie-maritime-et-des-composites-fr","21":"associated_application-marche-des-pieces-automobiles-fr","22":"associated_application-oem-fabrication-fr","23":"associated_application-processus-general-de-fabrication-fr","24":"associated_application-secteur-de-lisolation-fr","25":"associated_application-secteur-du-transport-fr","26":"associated_application-secteur-electrique-et-electronique-fr-industrie-aerospatiale-fr","27":"associated_application-solutions-generales-pour-le-site-de-construction-fr","30":"first","31":"instock","32":"product-type-simple"},"acf":[],"yoast_head":"<!-- This site is optimized with the Yoast SEO Premium plugin v24.1 (Yoast SEO v27.0) - https:\/\/yoast.com\/product\/yoast-seo-premium-wordpress\/ -->\n<title>R2215 - IPG<\/title>\n<meta name=\"robots\" content=\"index, follow, max-snippet:-1, max-image-preview:large, max-video-preview:-1\" \/>\n<link rel=\"canonical\" href=\"https:\/\/www.itape.com\/fr\/product\/r2215-fr\/\" \/>\n<meta property=\"og:locale\" content=\"fr_FR\" \/>\n<meta property=\"og:type\" content=\"article\" \/>\n<meta property=\"og:title\" content=\"R2215\" \/>\n<meta property=\"og:description\" content=\"Ruban en mousse double-face Cactus\u00ae R2215\u00a0: mousse \u00e0 cellules ferm\u00e9es en poly\u00e9thyl\u00e8ne haute densit\u00e9 r\u00e9ticul\u00e9 enduite sur les deux faces d&#039;une colle auto-adh\u00e9sive en caoutchouc \u00e0 collage permanent prot\u00e9g\u00e9e par une doublure de papier cristal 60# 3\u00a0mils facile \u00e0 retirer (blanc). L&#039;adh\u00e9rence permet un collage permanent sur une grande vari\u00e9t\u00e9 de surfaces irr\u00e9guli\u00e8res. APPLICATION\u00a0: montage int\u00e9rieur et fixation de plaques d&#039;identification, de panneaux, de plaques, de point d&#039;achat, de miroirs et d&#039;embl\u00e8mes, etc. Montage et fixation int\u00e9rieurs g\u00e9n\u00e9raux. Pour le collage et la r\u00e9paration d&#039;articles en plastique (p. ex. vaisselle, accessoires de salle de bain, etc.).\" \/>\n<meta property=\"og:url\" content=\"https:\/\/www.itape.com\/fr\/product\/r2215-fr\/\" \/>\n<meta property=\"og:site_name\" content=\"IPG\" \/>\n<meta property=\"article:publisher\" content=\"https:\/\/www.facebook.com\/intertape\" \/>\n<meta property=\"article:modified_time\" content=\"2023-04-11T14:08:18+00:00\" \/>\n<meta property=\"og:image\" content=\"https:\/\/www.itape.com\/wp-content\/uploads\/2023\/01\/R2215_high.jpg\" \/>\n\t<meta property=\"og:image:width\" content=\"2400\" \/>\n\t<meta property=\"og:image:height\" content=\"2400\" \/>\n\t<meta property=\"og:image:type\" content=\"image\/jpeg\" \/>\n<meta name=\"twitter:card\" content=\"summary_large_image\" \/>\n<meta name=\"twitter:site\" content=\"@IPGtape\" \/>\n<meta name=\"twitter:label1\" content=\"Price\" \/>\n\t<meta name=\"twitter:data1\" content=\"\" \/>\n\t<meta name=\"twitter:label2\" content=\"Availability\" \/>\n\t<meta name=\"twitter:data2\" content=\"In stock\" \/>\n<script type=\"application\/ld+json\" class=\"yoast-schema-graph\">{\"@context\":\"https:\/\/schema.org\",\"@graph\":[{\"@type\":\"WebPage\",\"@id\":\"https:\/\/www.itape.com\/fr\/product\/r2215-fr\/\",\"url\":\"https:\/\/www.itape.com\/fr\/product\/r2215-fr\/\",\"name\":\"R2215 - IPG\",\"isPartOf\":{\"@id\":\"https:\/\/www.itape.com\/#website\"},\"primaryImageOfPage\":{\"@id\":\"https:\/\/www.itape.com\/fr\/product\/r2215-fr\/#primaryimage\"},\"image\":{\"@id\":\"https:\/\/www.itape.com\/fr\/product\/r2215-fr\/#primaryimage\"},\"thumbnailUrl\":\"https:\/\/www.itape.com\/wp-content\/uploads\/2023\/01\/R2215_high.jpg\",\"datePublished\":\"2023-01-12T14:31:11+00:00\",\"dateModified\":\"2023-04-11T14:08:18+00:00\",\"breadcrumb\":{\"@id\":\"https:\/\/www.itape.com\/fr\/product\/r2215-fr\/#breadcrumb\"},\"inLanguage\":\"fr-FR\",\"potentialAction\":[{\"@type\":\"ReadAction\",\"target\":[\"https:\/\/www.itape.com\/fr\/product\/r2215-fr\/\"]}]},{\"@type\":\"ImageObject\",\"inLanguage\":\"fr-FR\",\"@id\":\"https:\/\/www.itape.com\/fr\/product\/r2215-fr\/#primaryimage\",\"url\":\"https:\/\/www.itape.com\/wp-content\/uploads\/2023\/01\/R2215_high.jpg\",\"contentUrl\":\"https:\/\/www.itape.com\/wp-content\/uploads\/2023\/01\/R2215_high.jpg\",\"width\":2400,\"height\":2400,\"caption\":\"R2215__DoubleCoated\"},{\"@type\":\"BreadcrumbList\",\"@id\":\"https:\/\/www.itape.com\/fr\/product\/r2215-fr\/#breadcrumb\",\"itemListElement\":[{\"@type\":\"ListItem\",\"position\":1,\"name\":\"Home\",\"item\":\"https:\/\/www.itape.com\/fr\/\"},{\"@type\":\"ListItem\",\"position\":2,\"name\":\"Products\",\"item\":\"https:\/\/www.itape.com\/products\/\"},{\"@type\":\"ListItem\",\"position\":3,\"name\":\"R2215\"}]},{\"@type\":\"WebSite\",\"@id\":\"https:\/\/www.itape.com\/#website\",\"url\":\"https:\/\/www.itape.com\/\",\"name\":\"IPG\",\"description\":\"Global Leader in Packaging and Protective Solutions\",\"publisher\":{\"@id\":\"https:\/\/www.itape.com\/#organization\"},\"potentialAction\":[{\"@type\":\"SearchAction\",\"target\":{\"@type\":\"EntryPoint\",\"urlTemplate\":\"https:\/\/www.itape.com\/?s={search_term_string}\"},\"query-input\":{\"@type\":\"PropertyValueSpecification\",\"valueRequired\":true,\"valueName\":\"search_term_string\"}}],\"inLanguage\":\"fr-FR\"},{\"@type\":\"Organization\",\"@id\":\"https:\/\/www.itape.com\/#organization\",\"name\":\"IPG\",\"url\":\"https:\/\/www.itape.com\/\",\"logo\":{\"@type\":\"ImageObject\",\"inLanguage\":\"fr-FR\",\"@id\":\"https:\/\/www.itape.com\/#\/schema\/logo\/image\/\",\"url\":\"https:\/\/www.itape.com\/wp-content\/uploads\/2024\/06\/IPG-logo-2.png\",\"contentUrl\":\"https:\/\/www.itape.com\/wp-content\/uploads\/2024\/06\/IPG-logo-2.png\",\"width\":60,\"height\":60,\"caption\":\"IPG\"},\"image\":{\"@id\":\"https:\/\/www.itape.com\/#\/schema\/logo\/image\/\"},\"sameAs\":[\"https:\/\/www.facebook.com\/intertape\",\"https:\/\/x.com\/IPGtape\",\"https:\/\/www.linkedin.com\/company\/intertape-polymer-group\",\"https:\/\/www.instagram.com\/ipgtape\",\"https:\/\/www.youtube.com\/user\/IPGtape\"]}]}<\/script>\n<meta property=\"product:price:currency\" content=\"USD\" \/>\n<meta property=\"og:availability\" content=\"instock\" \/>\n<meta property=\"product:availability\" content=\"instock\" \/>\n<meta property=\"product:retailer_item_id\" content=\"382244e2b6e2\" \/>\n<meta property=\"product:condition\" content=\"new\" \/>\n<!-- \/ Yoast SEO Premium plugin. -->","yoast_head_json":{"title":"R2215 - IPG","robots":{"index":"index","follow":"follow","max-snippet":"max-snippet:-1","max-image-preview":"max-image-preview:large","max-video-preview":"max-video-preview:-1"},"canonical":"https:\/\/www.itape.com\/fr\/product\/r2215-fr\/","og_locale":"fr_FR","og_type":"article","og_title":"R2215","og_description":"Ruban en mousse double-face Cactus\u00ae R2215\u00a0: mousse \u00e0 cellules ferm\u00e9es en poly\u00e9thyl\u00e8ne haute densit\u00e9 r\u00e9ticul\u00e9 enduite sur les deux faces d'une colle auto-adh\u00e9sive en caoutchouc \u00e0 collage permanent prot\u00e9g\u00e9e par une doublure de papier cristal 60# 3\u00a0mils facile \u00e0 retirer (blanc). L'adh\u00e9rence permet un collage permanent sur une grande vari\u00e9t\u00e9 de surfaces irr\u00e9guli\u00e8res. APPLICATION\u00a0: montage int\u00e9rieur et fixation de plaques d'identification, de panneaux, de plaques, de point d'achat, de miroirs et d'embl\u00e8mes, etc. Montage et fixation int\u00e9rieurs g\u00e9n\u00e9raux. Pour le collage et la r\u00e9paration d'articles en plastique (p. ex. vaisselle, accessoires de salle de bain, etc.).","og_url":"https:\/\/www.itape.com\/fr\/product\/r2215-fr\/","og_site_name":"IPG","article_publisher":"https:\/\/www.facebook.com\/intertape","article_modified_time":"2023-04-11T14:08:18+00:00","og_image":[{"width":2400,"height":2400,"url":"https:\/\/www.itape.com\/wp-content\/uploads\/2023\/01\/R2215_high.jpg","type":"image\/jpeg"}],"twitter_card":"summary_large_image","twitter_site":"@IPGtape","twitter_misc":{"Price":"","Availability":"In stock"},"schema":{"@context":"https:\/\/schema.org","@graph":[{"@type":"WebPage","@id":"https:\/\/www.itape.com\/fr\/product\/r2215-fr\/","url":"https:\/\/www.itape.com\/fr\/product\/r2215-fr\/","name":"R2215 - IPG","isPartOf":{"@id":"https:\/\/www.itape.com\/#website"},"primaryImageOfPage":{"@id":"https:\/\/www.itape.com\/fr\/product\/r2215-fr\/#primaryimage"},"image":{"@id":"https:\/\/www.itape.com\/fr\/product\/r2215-fr\/#primaryimage"},"thumbnailUrl":"https:\/\/www.itape.com\/wp-content\/uploads\/2023\/01\/R2215_high.jpg","datePublished":"2023-01-12T14:31:11+00:00","dateModified":"2023-04-11T14:08:18+00:00","breadcrumb":{"@id":"https:\/\/www.itape.com\/fr\/product\/r2215-fr\/#breadcrumb"},"inLanguage":"fr-FR","potentialAction":[{"@type":"ReadAction","target":["https:\/\/www.itape.com\/fr\/product\/r2215-fr\/"]}]},{"@type":"ImageObject","inLanguage":"fr-FR","@id":"https:\/\/www.itape.com\/fr\/product\/r2215-fr\/#primaryimage","url":"https:\/\/www.itape.com\/wp-content\/uploads\/2023\/01\/R2215_high.jpg","contentUrl":"https:\/\/www.itape.com\/wp-content\/uploads\/2023\/01\/R2215_high.jpg","width":2400,"height":2400,"caption":"R2215__DoubleCoated"},{"@type":"BreadcrumbList","@id":"https:\/\/www.itape.com\/fr\/product\/r2215-fr\/#breadcrumb","itemListElement":[{"@type":"ListItem","position":1,"name":"Home","item":"https:\/\/www.itape.com\/fr\/"},{"@type":"ListItem","position":2,"name":"Products","item":"https:\/\/www.itape.com\/products\/"},{"@type":"ListItem","position":3,"name":"R2215"}]},{"@type":"WebSite","@id":"https:\/\/www.itape.com\/#website","url":"https:\/\/www.itape.com\/","name":"IPG","description":"Global Leader in Packaging and Protective Solutions","publisher":{"@id":"https:\/\/www.itape.com\/#organization"},"potentialAction":[{"@type":"SearchAction","target":{"@type":"EntryPoint","urlTemplate":"https:\/\/www.itape.com\/?s={search_term_string}"},"query-input":{"@type":"PropertyValueSpecification","valueRequired":true,"valueName":"search_term_string"}}],"inLanguage":"fr-FR"},{"@type":"Organization","@id":"https:\/\/www.itape.com\/#organization","name":"IPG","url":"https:\/\/www.itape.com\/","logo":{"@type":"ImageObject","inLanguage":"fr-FR","@id":"https:\/\/www.itape.com\/#\/schema\/logo\/image\/","url":"https:\/\/www.itape.com\/wp-content\/uploads\/2024\/06\/IPG-logo-2.png","contentUrl":"https:\/\/www.itape.com\/wp-content\/uploads\/2024\/06\/IPG-logo-2.png","width":60,"height":60,"caption":"IPG"},"image":{"@id":"https:\/\/www.itape.com\/#\/schema\/logo\/image\/"},"sameAs":["https:\/\/www.facebook.com\/intertape","https:\/\/x.com\/IPGtape","https:\/\/www.linkedin.com\/company\/intertape-polymer-group","https:\/\/www.instagram.com\/ipgtape","https:\/\/www.youtube.com\/user\/IPGtape"]}]},"product_price_currency":"USD","og_availability":"instock","product_availability":"instock","product_retailer_item_id":"382244e2b6e2","product_condition":"new"},"parsely":{"version":"1.1.0","canonical_url":"https:\/\/itape.com\/fr\/product\/r2215-fr\/","smart_links":{"inbound":0,"outbound":0},"traffic_boost_suggestions_count":0,"meta":{"@context":"https:\/\/schema.org","@type":"WebPage","headline":"R2215","url":"https:\/\/www.itape.com\/fr\/product\/r2215-fr\/","mainEntityOfPage":{"@type":"WebPage","@id":"https:\/\/www.itape.com\/fr\/product\/r2215-fr\/"},"thumbnailUrl":"https:\/\/www.itape.com\/wp-content\/uploads\/2023\/01\/R2215_high.jpg?w=150&h=150&crop=1","image":{"@type":"ImageObject","url":"https:\/\/www.itape.com\/wp-content\/uploads\/2023\/01\/R2215_high.jpg"},"articleSection":"Non classifi\u00e9(e)","author":[{"@type":"Person","name":"IPG"}],"creator":["IPG"],"publisher":{"@type":"Organization","name":"IPG","logo":"https:\/\/www.itape.com\/wp-content\/uploads\/2023\/03\/IPG-logo-2.png"},"keywords":[],"dateCreated":"2023-01-12T14:31:11Z","datePublished":"2023-01-12T14:31:11Z","dateModified":"2023-04-11T14:08:18Z"},"rendered":"<meta name=\"parsely-title\" content=\"R2215\" \/>\n<meta name=\"parsely-link\" content=\"https:\/\/www.itape.com\/fr\/product\/r2215-fr\/\" \/>\n<meta name=\"parsely-type\" content=\"index\" \/>\n<meta name=\"parsely-image-url\" content=\"https:\/\/www.itape.com\/wp-content\/uploads\/2023\/01\/R2215_high.jpg?w=150&amp;h=150&amp;crop=1\" \/>\n<meta name=\"parsely-pub-date\" content=\"2023-01-12T14:31:11Z\" \/>\n<meta name=\"parsely-section\" content=\"Non classifi\u00e9(e)\" \/>\n<meta name=\"parsely-author\" content=\"IPG\" \/>","tracker_url":"https:\/\/cdn.parsely.com\/keys\/itape.com\/p.js"},"jetpack_sharing_enabled":true,"_links":{"self":[{"href":"https:\/\/www.itape.com\/fr\/wp-json\/wp\/v2\/product\/46984","targetHints":{"allow":["GET"]}}],"collection":[{"href":"https:\/\/www.itape.com\/fr\/wp-json\/wp\/v2\/product"}],"about":[{"href":"https:\/\/www.itape.com\/fr\/wp-json\/wp\/v2\/types\/product"}],"replies":[{"embeddable":true,"href":"https:\/\/www.itape.com\/fr\/wp-json\/wp\/v2\/comments?post=46984"}],"wp:featuredmedia":[{"embeddable":true,"href":"https:\/\/www.itape.com\/fr\/wp-json\/wp\/v2\/media\/52330"}],"wp:attachment":[{"href":"https:\/\/www.itape.com\/fr\/wp-json\/wp\/v2\/media?parent=46984"}],"wp:term":[{"taxonomy":"product_brand","embeddable":true,"href":"https:\/\/www.itape.com\/fr\/wp-json\/wp\/v2\/product_brand?post=46984"},{"taxonomy":"product_cat","embeddable":true,"href":"https:\/\/www.itape.com\/fr\/wp-json\/wp\/v2\/product_cat?post=46984"},{"taxonomy":"product_tag","embeddable":true,"href":"https:\/\/www.itape.com\/fr\/wp-json\/wp\/v2\/product_tag?post=46984"},{"taxonomy":"associated_application","embeddable":true,"href":"https:\/\/www.itape.com\/fr\/wp-json\/wp\/v2\/associated_application?post=46984"}],"curies":[{"name":"wp","href":"https:\/\/api.w.org\/{rel}","templated":true}]}}