{"id":46995,"date":"2023-01-12T14:31:16","date_gmt":"2023-01-12T14:31:16","guid":{"rendered":"https:\/\/www.itape.com\/product\/g488b-g488w-fr\/"},"modified":"2023-01-12T15:14:11","modified_gmt":"2023-01-12T15:14:11","slug":"g488b-g488w-fr","status":"publish","type":"product","link":"https:\/\/www.itape.com\/fr\/product\/g488b-g488w-fr\/","title":{"rendered":"G488B-G488W"},"content":{"rendered":"<div class=\"prose\">G488B-G488W<\/p>\n<p>Ruban pour vitrage Cactus\u00ae\u00a0: poly\u00e9thyl\u00e8ne haute densit\u00e9 (4\u00a0PCF) r\u00e9ticul\u00e9, mousse \u00e0 alv\u00e9oles ferm\u00e9es enduite sur les deux faces (double face) avec de la colle en acrylique auto-adh\u00e9sive pour collage permanent prot\u00e9g\u00e9 par un film PE 4\u00a0mils facile \u00e0 retirer (bleu clair). Le mat\u00e9riau en mousse flexible est efficace pour le colmatage, tr\u00e8s r\u00e9sistant \u00e0 l&rsquo;eau, aux produits chimiques, aux UV et \u00e0 diff\u00e9rentes temp\u00e9ratures. L&rsquo;adh\u00e9rence permet un collage permanent sur une grande vari\u00e9t\u00e9 de surfaces irr\u00e9guli\u00e8res. Certifi\u00e9 AAMA pour les utilisations sur des vitrages. Disponible en noir ou en blanc.<\/p><\/div>\n","protected":false},"excerpt":{"rendered":"<p>Ruban pour vitrage Cactus\u00ae\u00a0: poly\u00e9thyl\u00e8ne haute densit\u00e9 (4\u00a0PCF) r\u00e9ticul\u00e9, mousse \u00e0 alv\u00e9oles ferm\u00e9es enduite sur les deux faces (double face) avec de la colle en acrylique auto-adh\u00e9sive pour collage permanent prot\u00e9g\u00e9 par un film PE 4\u00a0mils facile \u00e0 retirer (bleu clair). Le mat\u00e9riau en mousse flexible est efficace pour le colmatage, tr\u00e8s r\u00e9sistant \u00e0 l&rsquo;eau, aux produits chimiques, aux UV et \u00e0 diff\u00e9rentes temp\u00e9ratures. L&rsquo;adh\u00e9rence permet un collage permanent sur une grande vari\u00e9t\u00e9 de surfaces irr\u00e9guli\u00e8res. Certifi\u00e9 AAMA pour les utilisations sur des vitrages. Disponible en noir ou en blanc.<\/p>\n","protected":false},"featured_media":63836,"comment_status":"closed","ping_status":"closed","template":"","meta":{"_acf_changed":false},"product_brand":[],"product_cat":[6153,7732,7702],"product_tag":[6207],"associated_application":[5993,5995,6020,5996,6037,5992,6004,6005,5994,6001,6007,6011,6039],"class_list":{"0":"post-46995","1":"product","2":"type-product","3":"status-publish","4":"has-post-thumbnail","6":"product_cat-double-coated-tape-fr","7":"product_cat-industrial-tapes-ruban-double-face-fr","8":"product_cat-industrial-tapes-fr","9":"product_tag-double-sided-foam-tapes-fr","10":"associated_application-appareil-fr","11":"associated_application-batiment-et-construction-fr","12":"associated_application-collage-montage-fr","13":"associated_application-de-consommation-fr","14":"associated_application-fenetrage-fr","15":"associated_application-industrie-aerospatiale-fr","16":"associated_application-industrie-du-cvc-fr","17":"associated_application-industrie-maritime-et-des-composites-fr","18":"associated_application-marche-des-pieces-automobiles-fr","19":"associated_application-processus-general-de-fabrication-fr","20":"associated_application-secteur-du-transport-fr","21":"associated_application-secteur-electrique-et-electronique-fr-industrie-aerospatiale-fr","22":"associated_application-solutions-generales-pour-le-site-de-construction-fr","24":"first","25":"instock","26":"product-type-simple"},"acf":[],"yoast_head":"<!-- This site is optimized with the Yoast SEO Premium plugin v24.1 (Yoast SEO v27.0) - https:\/\/yoast.com\/product\/yoast-seo-premium-wordpress\/ -->\n<title>G488B-G488W - IPG<\/title>\n<meta name=\"robots\" content=\"index, follow, max-snippet:-1, max-image-preview:large, max-video-preview:-1\" \/>\n<link rel=\"canonical\" href=\"https:\/\/www.itape.com\/fr\/product\/g488b-g488w-fr\/\" \/>\n<meta property=\"og:locale\" content=\"fr_FR\" \/>\n<meta property=\"og:type\" content=\"article\" \/>\n<meta property=\"og:title\" content=\"G488B-G488W\" \/>\n<meta property=\"og:description\" content=\"Ruban pour vitrage Cactus\u00ae\u00a0: poly\u00e9thyl\u00e8ne haute densit\u00e9 (4\u00a0PCF) r\u00e9ticul\u00e9, mousse \u00e0 alv\u00e9oles ferm\u00e9es enduite sur les deux faces (double face) avec de la colle en acrylique auto-adh\u00e9sive pour collage permanent prot\u00e9g\u00e9 par un film PE 4\u00a0mils facile \u00e0 retirer (bleu clair). Le mat\u00e9riau en mousse flexible est efficace pour le colmatage, tr\u00e8s r\u00e9sistant \u00e0 l&#039;eau, aux produits chimiques, aux UV et \u00e0 diff\u00e9rentes temp\u00e9ratures. L&#039;adh\u00e9rence permet un collage permanent sur une grande vari\u00e9t\u00e9 de surfaces irr\u00e9guli\u00e8res. Certifi\u00e9 AAMA pour les utilisations sur des vitrages. Disponible en noir ou en blanc.\" \/>\n<meta property=\"og:url\" content=\"https:\/\/www.itape.com\/fr\/product\/g488b-g488w-fr\/\" \/>\n<meta property=\"og:site_name\" content=\"IPG\" \/>\n<meta property=\"article:publisher\" content=\"https:\/\/www.facebook.com\/intertape\" \/>\n<meta property=\"article:modified_time\" content=\"2023-01-12T15:14:11+00:00\" \/>\n<meta property=\"og:image\" content=\"https:\/\/www.itape.com\/wp-content\/uploads\/2023\/01\/G488B_high.webp\" \/>\n\t<meta property=\"og:image:width\" content=\"2400\" \/>\n\t<meta property=\"og:image:height\" content=\"2400\" \/>\n\t<meta property=\"og:image:type\" content=\"image\/webp\" \/>\n<meta name=\"twitter:card\" content=\"summary_large_image\" \/>\n<meta name=\"twitter:site\" content=\"@IPGtape\" \/>\n<meta name=\"twitter:label1\" content=\"Price\" \/>\n\t<meta name=\"twitter:data1\" content=\"\" \/>\n\t<meta name=\"twitter:label2\" content=\"Availability\" \/>\n\t<meta name=\"twitter:data2\" content=\"In stock\" \/>\n<script type=\"application\/ld+json\" class=\"yoast-schema-graph\">{\"@context\":\"https:\/\/schema.org\",\"@graph\":[{\"@type\":\"WebPage\",\"@id\":\"https:\/\/www.itape.com\/fr\/product\/g488b-g488w-fr\/\",\"url\":\"https:\/\/www.itape.com\/fr\/product\/g488b-g488w-fr\/\",\"name\":\"G488B-G488W - IPG\",\"isPartOf\":{\"@id\":\"https:\/\/www.itape.com\/#website\"},\"primaryImageOfPage\":{\"@id\":\"https:\/\/www.itape.com\/fr\/product\/g488b-g488w-fr\/#primaryimage\"},\"image\":{\"@id\":\"https:\/\/www.itape.com\/fr\/product\/g488b-g488w-fr\/#primaryimage\"},\"thumbnailUrl\":\"https:\/\/www.itape.com\/wp-content\/uploads\/2023\/01\/G488B_high.webp\",\"datePublished\":\"2023-01-12T14:31:16+00:00\",\"dateModified\":\"2023-01-12T15:14:11+00:00\",\"breadcrumb\":{\"@id\":\"https:\/\/www.itape.com\/fr\/product\/g488b-g488w-fr\/#breadcrumb\"},\"inLanguage\":\"fr-FR\",\"potentialAction\":[{\"@type\":\"ReadAction\",\"target\":[\"https:\/\/www.itape.com\/fr\/product\/g488b-g488w-fr\/\"]}]},{\"@type\":\"ImageObject\",\"inLanguage\":\"fr-FR\",\"@id\":\"https:\/\/www.itape.com\/fr\/product\/g488b-g488w-fr\/#primaryimage\",\"url\":\"https:\/\/www.itape.com\/wp-content\/uploads\/2023\/01\/G488B_high.webp\",\"contentUrl\":\"https:\/\/www.itape.com\/wp-content\/uploads\/2023\/01\/G488B_high.webp\",\"width\":2400,\"height\":2400,\"caption\":\"G488B-G488W\"},{\"@type\":\"BreadcrumbList\",\"@id\":\"https:\/\/www.itape.com\/fr\/product\/g488b-g488w-fr\/#breadcrumb\",\"itemListElement\":[{\"@type\":\"ListItem\",\"position\":1,\"name\":\"Home\",\"item\":\"https:\/\/www.itape.com\/fr\/\"},{\"@type\":\"ListItem\",\"position\":2,\"name\":\"Products\",\"item\":\"https:\/\/www.itape.com\/products\/\"},{\"@type\":\"ListItem\",\"position\":3,\"name\":\"G488B-G488W\"}]},{\"@type\":\"WebSite\",\"@id\":\"https:\/\/www.itape.com\/#website\",\"url\":\"https:\/\/www.itape.com\/\",\"name\":\"IPG\",\"description\":\"Global Leader in Packaging and Protective Solutions\",\"publisher\":{\"@id\":\"https:\/\/www.itape.com\/#organization\"},\"potentialAction\":[{\"@type\":\"SearchAction\",\"target\":{\"@type\":\"EntryPoint\",\"urlTemplate\":\"https:\/\/www.itape.com\/?s={search_term_string}\"},\"query-input\":{\"@type\":\"PropertyValueSpecification\",\"valueRequired\":true,\"valueName\":\"search_term_string\"}}],\"inLanguage\":\"fr-FR\"},{\"@type\":\"Organization\",\"@id\":\"https:\/\/www.itape.com\/#organization\",\"name\":\"IPG\",\"url\":\"https:\/\/www.itape.com\/\",\"logo\":{\"@type\":\"ImageObject\",\"inLanguage\":\"fr-FR\",\"@id\":\"https:\/\/www.itape.com\/#\/schema\/logo\/image\/\",\"url\":\"https:\/\/www.itape.com\/wp-content\/uploads\/2024\/06\/IPG-logo-2.png\",\"contentUrl\":\"https:\/\/www.itape.com\/wp-content\/uploads\/2024\/06\/IPG-logo-2.png\",\"width\":60,\"height\":60,\"caption\":\"IPG\"},\"image\":{\"@id\":\"https:\/\/www.itape.com\/#\/schema\/logo\/image\/\"},\"sameAs\":[\"https:\/\/www.facebook.com\/intertape\",\"https:\/\/x.com\/IPGtape\",\"https:\/\/www.linkedin.com\/company\/intertape-polymer-group\",\"https:\/\/www.instagram.com\/ipgtape\",\"https:\/\/www.youtube.com\/user\/IPGtape\"]}]}<\/script>\n<meta property=\"product:price:currency\" content=\"USD\" \/>\n<meta property=\"og:availability\" content=\"instock\" \/>\n<meta property=\"product:availability\" content=\"instock\" \/>\n<meta property=\"product:retailer_item_id\" content=\"c1f41b9917c8\" \/>\n<meta property=\"product:condition\" content=\"new\" \/>\n<!-- \/ Yoast SEO Premium plugin. -->","yoast_head_json":{"title":"G488B-G488W - IPG","robots":{"index":"index","follow":"follow","max-snippet":"max-snippet:-1","max-image-preview":"max-image-preview:large","max-video-preview":"max-video-preview:-1"},"canonical":"https:\/\/www.itape.com\/fr\/product\/g488b-g488w-fr\/","og_locale":"fr_FR","og_type":"article","og_title":"G488B-G488W","og_description":"Ruban pour vitrage Cactus\u00ae\u00a0: poly\u00e9thyl\u00e8ne haute densit\u00e9 (4\u00a0PCF) r\u00e9ticul\u00e9, mousse \u00e0 alv\u00e9oles ferm\u00e9es enduite sur les deux faces (double face) avec de la colle en acrylique auto-adh\u00e9sive pour collage permanent prot\u00e9g\u00e9 par un film PE 4\u00a0mils facile \u00e0 retirer (bleu clair). Le mat\u00e9riau en mousse flexible est efficace pour le colmatage, tr\u00e8s r\u00e9sistant \u00e0 l'eau, aux produits chimiques, aux UV et \u00e0 diff\u00e9rentes temp\u00e9ratures. L'adh\u00e9rence permet un collage permanent sur une grande vari\u00e9t\u00e9 de surfaces irr\u00e9guli\u00e8res. Certifi\u00e9 AAMA pour les utilisations sur des vitrages. Disponible en noir ou en blanc.","og_url":"https:\/\/www.itape.com\/fr\/product\/g488b-g488w-fr\/","og_site_name":"IPG","article_publisher":"https:\/\/www.facebook.com\/intertape","article_modified_time":"2023-01-12T15:14:11+00:00","og_image":[{"width":2400,"height":2400,"url":"https:\/\/www.itape.com\/wp-content\/uploads\/2023\/01\/G488B_high.webp","type":"image\/webp"}],"twitter_card":"summary_large_image","twitter_site":"@IPGtape","twitter_misc":{"Price":"","Availability":"In stock"},"schema":{"@context":"https:\/\/schema.org","@graph":[{"@type":"WebPage","@id":"https:\/\/www.itape.com\/fr\/product\/g488b-g488w-fr\/","url":"https:\/\/www.itape.com\/fr\/product\/g488b-g488w-fr\/","name":"G488B-G488W - IPG","isPartOf":{"@id":"https:\/\/www.itape.com\/#website"},"primaryImageOfPage":{"@id":"https:\/\/www.itape.com\/fr\/product\/g488b-g488w-fr\/#primaryimage"},"image":{"@id":"https:\/\/www.itape.com\/fr\/product\/g488b-g488w-fr\/#primaryimage"},"thumbnailUrl":"https:\/\/www.itape.com\/wp-content\/uploads\/2023\/01\/G488B_high.webp","datePublished":"2023-01-12T14:31:16+00:00","dateModified":"2023-01-12T15:14:11+00:00","breadcrumb":{"@id":"https:\/\/www.itape.com\/fr\/product\/g488b-g488w-fr\/#breadcrumb"},"inLanguage":"fr-FR","potentialAction":[{"@type":"ReadAction","target":["https:\/\/www.itape.com\/fr\/product\/g488b-g488w-fr\/"]}]},{"@type":"ImageObject","inLanguage":"fr-FR","@id":"https:\/\/www.itape.com\/fr\/product\/g488b-g488w-fr\/#primaryimage","url":"https:\/\/www.itape.com\/wp-content\/uploads\/2023\/01\/G488B_high.webp","contentUrl":"https:\/\/www.itape.com\/wp-content\/uploads\/2023\/01\/G488B_high.webp","width":2400,"height":2400,"caption":"G488B-G488W"},{"@type":"BreadcrumbList","@id":"https:\/\/www.itape.com\/fr\/product\/g488b-g488w-fr\/#breadcrumb","itemListElement":[{"@type":"ListItem","position":1,"name":"Home","item":"https:\/\/www.itape.com\/fr\/"},{"@type":"ListItem","position":2,"name":"Products","item":"https:\/\/www.itape.com\/products\/"},{"@type":"ListItem","position":3,"name":"G488B-G488W"}]},{"@type":"WebSite","@id":"https:\/\/www.itape.com\/#website","url":"https:\/\/www.itape.com\/","name":"IPG","description":"Global Leader in Packaging and Protective Solutions","publisher":{"@id":"https:\/\/www.itape.com\/#organization"},"potentialAction":[{"@type":"SearchAction","target":{"@type":"EntryPoint","urlTemplate":"https:\/\/www.itape.com\/?s={search_term_string}"},"query-input":{"@type":"PropertyValueSpecification","valueRequired":true,"valueName":"search_term_string"}}],"inLanguage":"fr-FR"},{"@type":"Organization","@id":"https:\/\/www.itape.com\/#organization","name":"IPG","url":"https:\/\/www.itape.com\/","logo":{"@type":"ImageObject","inLanguage":"fr-FR","@id":"https:\/\/www.itape.com\/#\/schema\/logo\/image\/","url":"https:\/\/www.itape.com\/wp-content\/uploads\/2024\/06\/IPG-logo-2.png","contentUrl":"https:\/\/www.itape.com\/wp-content\/uploads\/2024\/06\/IPG-logo-2.png","width":60,"height":60,"caption":"IPG"},"image":{"@id":"https:\/\/www.itape.com\/#\/schema\/logo\/image\/"},"sameAs":["https:\/\/www.facebook.com\/intertape","https:\/\/x.com\/IPGtape","https:\/\/www.linkedin.com\/company\/intertape-polymer-group","https:\/\/www.instagram.com\/ipgtape","https:\/\/www.youtube.com\/user\/IPGtape"]}]},"product_price_currency":"USD","og_availability":"instock","product_availability":"instock","product_retailer_item_id":"c1f41b9917c8","product_condition":"new"},"parsely":{"version":"1.1.0","canonical_url":"https:\/\/itape.com\/fr\/product\/g488b-g488w-fr\/","smart_links":{"inbound":0,"outbound":0},"traffic_boost_suggestions_count":0,"meta":{"@context":"https:\/\/schema.org","@type":"WebPage","headline":"G488B-G488W","url":"https:\/\/www.itape.com\/fr\/product\/g488b-g488w-fr\/","mainEntityOfPage":{"@type":"WebPage","@id":"https:\/\/www.itape.com\/fr\/product\/g488b-g488w-fr\/"},"thumbnailUrl":"https:\/\/www.itape.com\/wp-content\/uploads\/2023\/01\/G488B_high.webp?w=150&h=150&crop=1","image":{"@type":"ImageObject","url":"https:\/\/www.itape.com\/wp-content\/uploads\/2023\/01\/G488B_high.webp"},"articleSection":"Non classifi\u00e9(e)","author":[{"@type":"Person","name":"IPG"}],"creator":["IPG"],"publisher":{"@type":"Organization","name":"IPG","logo":"https:\/\/www.itape.com\/wp-content\/uploads\/2023\/03\/IPG-logo-2.png"},"keywords":[],"dateCreated":"2023-01-12T14:31:16Z","datePublished":"2023-01-12T14:31:16Z","dateModified":"2023-01-12T15:14:11Z"},"rendered":"<meta name=\"parsely-title\" content=\"G488B-G488W\" \/>\n<meta name=\"parsely-link\" content=\"https:\/\/www.itape.com\/fr\/product\/g488b-g488w-fr\/\" \/>\n<meta name=\"parsely-type\" content=\"index\" \/>\n<meta name=\"parsely-image-url\" content=\"https:\/\/www.itape.com\/wp-content\/uploads\/2023\/01\/G488B_high.webp?w=150&amp;h=150&amp;crop=1\" \/>\n<meta name=\"parsely-pub-date\" content=\"2023-01-12T14:31:16Z\" \/>\n<meta name=\"parsely-section\" content=\"Non classifi\u00e9(e)\" \/>\n<meta name=\"parsely-author\" content=\"IPG\" \/>","tracker_url":"https:\/\/cdn.parsely.com\/keys\/itape.com\/p.js"},"jetpack_sharing_enabled":true,"_links":{"self":[{"href":"https:\/\/www.itape.com\/fr\/wp-json\/wp\/v2\/product\/46995","targetHints":{"allow":["GET"]}}],"collection":[{"href":"https:\/\/www.itape.com\/fr\/wp-json\/wp\/v2\/product"}],"about":[{"href":"https:\/\/www.itape.com\/fr\/wp-json\/wp\/v2\/types\/product"}],"replies":[{"embeddable":true,"href":"https:\/\/www.itape.com\/fr\/wp-json\/wp\/v2\/comments?post=46995"}],"wp:featuredmedia":[{"embeddable":true,"href":"https:\/\/www.itape.com\/fr\/wp-json\/wp\/v2\/media\/63836"}],"wp:attachment":[{"href":"https:\/\/www.itape.com\/fr\/wp-json\/wp\/v2\/media?parent=46995"}],"wp:term":[{"taxonomy":"product_brand","embeddable":true,"href":"https:\/\/www.itape.com\/fr\/wp-json\/wp\/v2\/product_brand?post=46995"},{"taxonomy":"product_cat","embeddable":true,"href":"https:\/\/www.itape.com\/fr\/wp-json\/wp\/v2\/product_cat?post=46995"},{"taxonomy":"product_tag","embeddable":true,"href":"https:\/\/www.itape.com\/fr\/wp-json\/wp\/v2\/product_tag?post=46995"},{"taxonomy":"associated_application","embeddable":true,"href":"https:\/\/www.itape.com\/fr\/wp-json\/wp\/v2\/associated_application?post=46995"}],"curies":[{"name":"wp","href":"https:\/\/api.w.org\/{rel}","templated":true}]}}