{"id":47008,"date":"2023-01-12T14:31:28","date_gmt":"2023-01-12T14:31:28","guid":{"rendered":"https:\/\/www.itape.com\/product\/ac36-fr\/"},"modified":"2023-05-18T19:02:45","modified_gmt":"2023-05-18T19:02:45","slug":"ac36-fr","status":"publish","type":"product","link":"https:\/\/www.itape.com\/fr\/product\/ac36-fr\/","title":{"rendered":"AC36"},"content":{"rendered":"","protected":false},"excerpt":{"rendered":"<p>Ruban toil\u00e9 imperm\u00e9able de choix des entrepreneurs principaux\u00a0! Ruban de tissu enduit de poly\u00e9thyl\u00e8ne 11\u00a0mils pourvu d&rsquo;une colle en caoutchouc naturel auto-adh\u00e9sive puissante con\u00e7ue pour fournir une r\u00e9sistance au cisaillement exceptionnelle. Pour les applications exigeantes telles que le CVC, la r\u00e9sistance aux intemp\u00e9ries, l&rsquo;extermination, les raccordements de tuyaux flexibles et les besoins en maintenance g\u00e9n\u00e9rale. Disponible en argent, noir et sarcelle.<\/p>\n","protected":false},"featured_media":53323,"comment_status":"closed","ping_status":"closed","template":"","meta":{"_acf_changed":false},"product_brand":[],"product_cat":[7699,7714,7740,7702],"product_tag":[8097,6186],"associated_application":[5999,5995,6016,5997,6118,6113,6003,7546,6040,6119,6000,5992,6004,6005,7546,5994,6115,6001,7544,7544,6114,6116,6007,6117,6092,7545,7545,6000,7546],"class_list":{"0":"post-47008","1":"product","2":"type-product","3":"status-publish","4":"has-post-thumbnail","6":"product_cat-building-and-construction-products-fr","7":"product_cat-building-and-construction-products-ruban-toile-impermeable-fr","8":"product_cat-industrial-tapes-ruban-toile-impermeable-fr","9":"product_cat-industrial-tapes-fr","10":"product_tag-duct-tape-fr","11":"product_tag-medium-fr","12":"associated_application-assainissement-et-restauration-fr","13":"associated_application-batiment-et-construction-fr","14":"associated_application-boeing-fr","15":"associated_application-commerce-en-ligne-fr","16":"associated_application-conduit-rigide-fr","17":"associated_application-conduit-souple-fr","18":"associated_application-demenagement-et-stockage-fr","19":"associated_application-duct-fr-assainissement-et-restauration-fr","20":"associated_application-etancheite-du-conduit-du-cvc-fr","21":"associated_application-feuilles-metalliques-fr","22":"associated_application-transformation-alimentaire-fr","23":"associated_application-industrie-aerospatiale-fr","24":"associated_application-industrie-du-cvc-fr","25":"associated_application-industrie-maritime-et-des-composites-fr","27":"associated_application-marche-des-pieces-automobiles-fr","28":"associated_application-oem-fabrication-fr","29":"associated_application-processus-general-de-fabrication-fr","30":"associated_application-abatement-fr-assainissement-et-restauration-fr","32":"associated_application-secteur-de-lisolation-fr","33":"associated_application-secteur-de-la-plomberie-fr","34":"associated_application-secteur-du-transport-fr","35":"associated_application-secteur-electrique-et-de-la-refrigeration-fr","36":"associated_application-secteur-de-lentretien-de-la-reparation-et-de-lexploitationmro-fr","37":"associated_application-containment-solutions-fr-assainissement-et-restauration-fr","42":"first","43":"instock","44":"product-type-simple"},"acf":[],"yoast_head":"<!-- This site is optimized with the Yoast SEO Premium plugin v24.1 (Yoast SEO v27.0) - https:\/\/yoast.com\/product\/yoast-seo-premium-wordpress\/ -->\n<title>AC36 - IPG<\/title>\n<meta name=\"robots\" content=\"index, follow, max-snippet:-1, max-image-preview:large, max-video-preview:-1\" \/>\n<link rel=\"canonical\" href=\"https:\/\/www.itape.com\/product\/ac36\/\" \/>\n<meta property=\"og:locale\" content=\"fr_FR\" \/>\n<meta property=\"og:type\" content=\"article\" \/>\n<meta property=\"og:title\" content=\"AC36\" \/>\n<meta property=\"og:description\" content=\"Ruban toil\u00e9 imperm\u00e9able de choix des entrepreneurs principaux\u00a0! Ruban de tissu enduit de poly\u00e9thyl\u00e8ne 11\u00a0mils pourvu d&#039;une colle en caoutchouc naturel auto-adh\u00e9sive puissante con\u00e7ue pour fournir une r\u00e9sistance au cisaillement exceptionnelle. Pour les applications exigeantes telles que le CVC, la r\u00e9sistance aux intemp\u00e9ries, l&#039;extermination, les raccordements de tuyaux flexibles et les besoins en maintenance g\u00e9n\u00e9rale. Disponible en argent, noir et sarcelle.\" \/>\n<meta property=\"og:url\" content=\"https:\/\/www.itape.com\/product\/ac36\/\" \/>\n<meta property=\"og:site_name\" content=\"IPG\" \/>\n<meta property=\"article:publisher\" content=\"https:\/\/www.facebook.com\/intertape\" \/>\n<meta property=\"article:modified_time\" content=\"2023-05-18T19:02:45+00:00\" \/>\n<meta property=\"og:image\" content=\"https:\/\/www.itape.com\/wp-content\/uploads\/product-image\/ac36-slv-48mmx54.8m-shadow.jpg\" \/>\n\t<meta property=\"og:image:width\" content=\"2400\" \/>\n\t<meta property=\"og:image:height\" content=\"2400\" \/>\n\t<meta property=\"og:image:type\" content=\"image\/jpeg\" \/>\n<meta name=\"twitter:card\" content=\"summary_large_image\" \/>\n<meta name=\"twitter:site\" content=\"@IPGtape\" \/>\n<meta name=\"twitter:label1\" content=\"Price\" \/>\n\t<meta name=\"twitter:data1\" content=\"\" \/>\n\t<meta name=\"twitter:label2\" content=\"Availability\" \/>\n\t<meta name=\"twitter:data2\" content=\"In stock\" \/>\n<script type=\"application\/ld+json\" class=\"yoast-schema-graph\">{\"@context\":\"https:\/\/schema.org\",\"@graph\":[{\"@type\":\"WebPage\",\"@id\":\"https:\/\/www.itape.com\/product\/ac36\/\",\"url\":\"https:\/\/www.itape.com\/product\/ac36\/\",\"name\":\"AC36 - IPG\",\"isPartOf\":{\"@id\":\"https:\/\/www.itape.com\/#website\"},\"primaryImageOfPage\":{\"@id\":\"https:\/\/www.itape.com\/product\/ac36\/#primaryimage\"},\"image\":{\"@id\":\"https:\/\/www.itape.com\/product\/ac36\/#primaryimage\"},\"thumbnailUrl\":\"https:\/\/www.itape.com\/wp-content\/uploads\/product-image\/ac36-slv-48mmx54.8m-shadow.jpg\",\"datePublished\":\"2023-01-12T14:31:28+00:00\",\"dateModified\":\"2023-05-18T19:02:45+00:00\",\"breadcrumb\":{\"@id\":\"https:\/\/www.itape.com\/product\/ac36\/#breadcrumb\"},\"inLanguage\":\"fr-FR\",\"potentialAction\":[{\"@type\":\"ReadAction\",\"target\":[\"https:\/\/www.itape.com\/product\/ac36\/\"]}]},{\"@type\":\"ImageObject\",\"inLanguage\":\"fr-FR\",\"@id\":\"https:\/\/www.itape.com\/product\/ac36\/#primaryimage\",\"url\":\"https:\/\/www.itape.com\/wp-content\/uploads\/product-image\/ac36-slv-48mmx54.8m-shadow.jpg\",\"contentUrl\":\"https:\/\/www.itape.com\/wp-content\/uploads\/product-image\/ac36-slv-48mmx54.8m-shadow.jpg\",\"width\":2400,\"height\":2400,\"caption\":\"AC36_Duct\"},{\"@type\":\"BreadcrumbList\",\"@id\":\"https:\/\/www.itape.com\/product\/ac36\/#breadcrumb\",\"itemListElement\":[{\"@type\":\"ListItem\",\"position\":1,\"name\":\"Home\",\"item\":\"https:\/\/www.itape.com\/fr\/\"},{\"@type\":\"ListItem\",\"position\":2,\"name\":\"Products\",\"item\":\"https:\/\/www.itape.com\/products\/\"},{\"@type\":\"ListItem\",\"position\":3,\"name\":\"AC36\"}]},{\"@type\":\"WebSite\",\"@id\":\"https:\/\/www.itape.com\/#website\",\"url\":\"https:\/\/www.itape.com\/\",\"name\":\"IPG\",\"description\":\"Global Leader in Packaging and Protective Solutions\",\"publisher\":{\"@id\":\"https:\/\/www.itape.com\/#organization\"},\"potentialAction\":[{\"@type\":\"SearchAction\",\"target\":{\"@type\":\"EntryPoint\",\"urlTemplate\":\"https:\/\/www.itape.com\/?s={search_term_string}\"},\"query-input\":{\"@type\":\"PropertyValueSpecification\",\"valueRequired\":true,\"valueName\":\"search_term_string\"}}],\"inLanguage\":\"fr-FR\"},{\"@type\":\"Organization\",\"@id\":\"https:\/\/www.itape.com\/#organization\",\"name\":\"IPG\",\"url\":\"https:\/\/www.itape.com\/\",\"logo\":{\"@type\":\"ImageObject\",\"inLanguage\":\"fr-FR\",\"@id\":\"https:\/\/www.itape.com\/#\/schema\/logo\/image\/\",\"url\":\"https:\/\/www.itape.com\/wp-content\/uploads\/2024\/06\/IPG-logo-2.png\",\"contentUrl\":\"https:\/\/www.itape.com\/wp-content\/uploads\/2024\/06\/IPG-logo-2.png\",\"width\":60,\"height\":60,\"caption\":\"IPG\"},\"image\":{\"@id\":\"https:\/\/www.itape.com\/#\/schema\/logo\/image\/\"},\"sameAs\":[\"https:\/\/www.facebook.com\/intertape\",\"https:\/\/x.com\/IPGtape\",\"https:\/\/www.linkedin.com\/company\/intertape-polymer-group\",\"https:\/\/www.instagram.com\/ipgtape\",\"https:\/\/www.youtube.com\/user\/IPGtape\"]}]}<\/script>\n<meta property=\"product:price:currency\" content=\"USD\" \/>\n<meta property=\"og:availability\" content=\"instock\" \/>\n<meta property=\"product:availability\" content=\"instock\" \/>\n<meta property=\"product:retailer_item_id\" content=\"1ebe62a98cc7\" \/>\n<meta property=\"product:condition\" content=\"new\" \/>\n<!-- \/ Yoast SEO Premium plugin. -->","yoast_head_json":{"title":"AC36 - IPG","robots":{"index":"index","follow":"follow","max-snippet":"max-snippet:-1","max-image-preview":"max-image-preview:large","max-video-preview":"max-video-preview:-1"},"canonical":"https:\/\/www.itape.com\/product\/ac36\/","og_locale":"fr_FR","og_type":"article","og_title":"AC36","og_description":"Ruban toil\u00e9 imperm\u00e9able de choix des entrepreneurs principaux\u00a0! Ruban de tissu enduit de poly\u00e9thyl\u00e8ne 11\u00a0mils pourvu d'une colle en caoutchouc naturel auto-adh\u00e9sive puissante con\u00e7ue pour fournir une r\u00e9sistance au cisaillement exceptionnelle. Pour les applications exigeantes telles que le CVC, la r\u00e9sistance aux intemp\u00e9ries, l'extermination, les raccordements de tuyaux flexibles et les besoins en maintenance g\u00e9n\u00e9rale. Disponible en argent, noir et sarcelle.","og_url":"https:\/\/www.itape.com\/product\/ac36\/","og_site_name":"IPG","article_publisher":"https:\/\/www.facebook.com\/intertape","article_modified_time":"2023-05-18T19:02:45+00:00","og_image":[{"width":2400,"height":2400,"url":"https:\/\/www.itape.com\/wp-content\/uploads\/product-image\/ac36-slv-48mmx54.8m-shadow.jpg","type":"image\/jpeg"}],"twitter_card":"summary_large_image","twitter_site":"@IPGtape","twitter_misc":{"Price":"","Availability":"In stock"},"schema":{"@context":"https:\/\/schema.org","@graph":[{"@type":"WebPage","@id":"https:\/\/www.itape.com\/product\/ac36\/","url":"https:\/\/www.itape.com\/product\/ac36\/","name":"AC36 - IPG","isPartOf":{"@id":"https:\/\/www.itape.com\/#website"},"primaryImageOfPage":{"@id":"https:\/\/www.itape.com\/product\/ac36\/#primaryimage"},"image":{"@id":"https:\/\/www.itape.com\/product\/ac36\/#primaryimage"},"thumbnailUrl":"https:\/\/www.itape.com\/wp-content\/uploads\/product-image\/ac36-slv-48mmx54.8m-shadow.jpg","datePublished":"2023-01-12T14:31:28+00:00","dateModified":"2023-05-18T19:02:45+00:00","breadcrumb":{"@id":"https:\/\/www.itape.com\/product\/ac36\/#breadcrumb"},"inLanguage":"fr-FR","potentialAction":[{"@type":"ReadAction","target":["https:\/\/www.itape.com\/product\/ac36\/"]}]},{"@type":"ImageObject","inLanguage":"fr-FR","@id":"https:\/\/www.itape.com\/product\/ac36\/#primaryimage","url":"https:\/\/www.itape.com\/wp-content\/uploads\/product-image\/ac36-slv-48mmx54.8m-shadow.jpg","contentUrl":"https:\/\/www.itape.com\/wp-content\/uploads\/product-image\/ac36-slv-48mmx54.8m-shadow.jpg","width":2400,"height":2400,"caption":"AC36_Duct"},{"@type":"BreadcrumbList","@id":"https:\/\/www.itape.com\/product\/ac36\/#breadcrumb","itemListElement":[{"@type":"ListItem","position":1,"name":"Home","item":"https:\/\/www.itape.com\/fr\/"},{"@type":"ListItem","position":2,"name":"Products","item":"https:\/\/www.itape.com\/products\/"},{"@type":"ListItem","position":3,"name":"AC36"}]},{"@type":"WebSite","@id":"https:\/\/www.itape.com\/#website","url":"https:\/\/www.itape.com\/","name":"IPG","description":"Global Leader in Packaging and Protective Solutions","publisher":{"@id":"https:\/\/www.itape.com\/#organization"},"potentialAction":[{"@type":"SearchAction","target":{"@type":"EntryPoint","urlTemplate":"https:\/\/www.itape.com\/?s={search_term_string}"},"query-input":{"@type":"PropertyValueSpecification","valueRequired":true,"valueName":"search_term_string"}}],"inLanguage":"fr-FR"},{"@type":"Organization","@id":"https:\/\/www.itape.com\/#organization","name":"IPG","url":"https:\/\/www.itape.com\/","logo":{"@type":"ImageObject","inLanguage":"fr-FR","@id":"https:\/\/www.itape.com\/#\/schema\/logo\/image\/","url":"https:\/\/www.itape.com\/wp-content\/uploads\/2024\/06\/IPG-logo-2.png","contentUrl":"https:\/\/www.itape.com\/wp-content\/uploads\/2024\/06\/IPG-logo-2.png","width":60,"height":60,"caption":"IPG"},"image":{"@id":"https:\/\/www.itape.com\/#\/schema\/logo\/image\/"},"sameAs":["https:\/\/www.facebook.com\/intertape","https:\/\/x.com\/IPGtape","https:\/\/www.linkedin.com\/company\/intertape-polymer-group","https:\/\/www.instagram.com\/ipgtape","https:\/\/www.youtube.com\/user\/IPGtape"]}]},"product_price_currency":"USD","og_availability":"instock","product_availability":"instock","product_retailer_item_id":"1ebe62a98cc7","product_condition":"new"},"parsely":{"version":"1.1.0","canonical_url":"https:\/\/itape.com\/fr\/product\/ac36-fr\/","smart_links":{"inbound":0,"outbound":0},"traffic_boost_suggestions_count":0,"meta":{"@context":"https:\/\/schema.org","@type":"WebPage","headline":"AC36","url":"https:\/\/www.itape.com\/fr\/product\/ac36-fr\/","mainEntityOfPage":{"@type":"WebPage","@id":"https:\/\/www.itape.com\/fr\/product\/ac36-fr\/"},"thumbnailUrl":"https:\/\/www.itape.com\/wp-content\/uploads\/product-image\/ac36-slv-48mmx54.8m-shadow.jpg?w=150&h=150&crop=1","image":{"@type":"ImageObject","url":"https:\/\/www.itape.com\/wp-content\/uploads\/product-image\/ac36-slv-48mmx54.8m-shadow.jpg"},"articleSection":"Non classifi\u00e9(e)","author":[{"@type":"Person","name":"IPG"}],"creator":["IPG"],"publisher":{"@type":"Organization","name":"IPG","logo":"https:\/\/www.itape.com\/wp-content\/uploads\/2023\/03\/IPG-logo-2.png"},"keywords":[],"dateCreated":"2023-01-12T14:31:28Z","datePublished":"2023-01-12T14:31:28Z","dateModified":"2023-05-18T19:02:45Z"},"rendered":"<meta name=\"parsely-title\" content=\"AC36\" \/>\n<meta name=\"parsely-link\" content=\"https:\/\/www.itape.com\/fr\/product\/ac36-fr\/\" \/>\n<meta name=\"parsely-type\" content=\"index\" \/>\n<meta name=\"parsely-image-url\" content=\"https:\/\/www.itape.com\/wp-content\/uploads\/product-image\/ac36-slv-48mmx54.8m-shadow.jpg?w=150&amp;h=150&amp;crop=1\" \/>\n<meta name=\"parsely-pub-date\" content=\"2023-01-12T14:31:28Z\" \/>\n<meta name=\"parsely-section\" content=\"Non classifi\u00e9(e)\" \/>\n<meta name=\"parsely-author\" content=\"IPG\" \/>","tracker_url":"https:\/\/cdn.parsely.com\/keys\/itape.com\/p.js"},"jetpack_sharing_enabled":true,"_links":{"self":[{"href":"https:\/\/www.itape.com\/fr\/wp-json\/wp\/v2\/product\/47008","targetHints":{"allow":["GET"]}}],"collection":[{"href":"https:\/\/www.itape.com\/fr\/wp-json\/wp\/v2\/product"}],"about":[{"href":"https:\/\/www.itape.com\/fr\/wp-json\/wp\/v2\/types\/product"}],"replies":[{"embeddable":true,"href":"https:\/\/www.itape.com\/fr\/wp-json\/wp\/v2\/comments?post=47008"}],"wp:featuredmedia":[{"embeddable":true,"href":"https:\/\/www.itape.com\/fr\/wp-json\/wp\/v2\/media\/53323"}],"wp:attachment":[{"href":"https:\/\/www.itape.com\/fr\/wp-json\/wp\/v2\/media?parent=47008"}],"wp:term":[{"taxonomy":"product_brand","embeddable":true,"href":"https:\/\/www.itape.com\/fr\/wp-json\/wp\/v2\/product_brand?post=47008"},{"taxonomy":"product_cat","embeddable":true,"href":"https:\/\/www.itape.com\/fr\/wp-json\/wp\/v2\/product_cat?post=47008"},{"taxonomy":"product_tag","embeddable":true,"href":"https:\/\/www.itape.com\/fr\/wp-json\/wp\/v2\/product_tag?post=47008"},{"taxonomy":"associated_application","embeddable":true,"href":"https:\/\/www.itape.com\/fr\/wp-json\/wp\/v2\/associated_application?post=47008"}],"curies":[{"name":"wp","href":"https:\/\/api.w.org\/{rel}","templated":true}]}}