{"id":47012,"date":"2023-01-12T14:31:28","date_gmt":"2023-01-12T14:31:28","guid":{"rendered":"https:\/\/www.itape.com\/product\/ac47-fr\/"},"modified":"2023-05-18T19:11:15","modified_gmt":"2023-05-18T19:11:15","slug":"ac47-fr","status":"publish","type":"product","link":"https:\/\/www.itape.com\/fr\/product\/ac47-fr\/","title":{"rendered":"AC47"},"content":{"rendered":"","protected":false},"excerpt":{"rendered":"<p>UL-723, ASTM E84 Ruban en tissu enduit de poly\u00e9thyl\u00e8ne (PE) 12\u00a0mils avec une colle auto-adh\u00e9sive en caoutchouc naturel puissante pour une meilleure adh\u00e9rence et r\u00e9sistance au cisaillement. Id\u00e9al pour l&rsquo;\u00e9limination de l&rsquo;amiante\/du plomb\/de la fibre de verre, les exterminateurs, le masquage de stuc, le masque de trame de soie, le pl\u00e2trage, l&rsquo;\u00e9tanch\u00e9ification temporaire, la fixation, le raccordement de joint et la maintenance g\u00e9n\u00e9rale. R\u00e9sistant aux UV pendant plus d&rsquo;une semaine.<\/p>\n","protected":false},"featured_media":53578,"comment_status":"closed","ping_status":"closed","template":"","meta":{"_acf_changed":false},"product_brand":[],"product_cat":[7699,7714,7740,7702],"product_tag":[8097,6187],"associated_application":[5999,5995,5997,6003,7546,6000,5992,6004,6005,7546,5994,6014,6041,6001,7544,7544,6095,6007,6092,7545,7545,6000,7546],"class_list":{"0":"post-47012","1":"product","2":"type-product","3":"status-publish","4":"has-post-thumbnail","6":"product_cat-building-and-construction-products-fr","7":"product_cat-building-and-construction-products-ruban-toile-impermeable-fr","8":"product_cat-industrial-tapes-ruban-toile-impermeable-fr","9":"product_cat-industrial-tapes-fr","10":"product_tag-duct-tape-fr","11":"product_tag-premium-fr","12":"associated_application-assainissement-et-restauration-fr","13":"associated_application-batiment-et-construction-fr","14":"associated_application-commerce-en-ligne-fr","15":"associated_application-demenagement-et-stockage-fr","16":"associated_application-duct-fr-assainissement-et-restauration-fr","17":"associated_application-transformation-alimentaire-fr","18":"associated_application-industrie-aerospatiale-fr","19":"associated_application-industrie-du-cvc-fr","20":"associated_application-industrie-maritime-et-des-composites-fr","22":"associated_application-marche-des-pieces-automobiles-fr","23":"associated_application-media-blast-fr","24":"associated_application-peinture-et-masquage-de-stucco-fr","25":"associated_application-processus-general-de-fabrication-fr","26":"associated_application-abatement-fr-assainissement-et-restauration-fr","28":"associated_application-reparation-fr","29":"associated_application-secteur-du-transport-fr","30":"associated_application-secteur-de-lentretien-de-la-reparation-et-de-lexploitationmro-fr","31":"associated_application-containment-solutions-fr-assainissement-et-restauration-fr","36":"first","37":"instock","38":"product-type-simple"},"acf":[],"yoast_head":"<!-- This site is optimized with the Yoast SEO Premium plugin v24.1 (Yoast SEO v27.0) - https:\/\/yoast.com\/product\/yoast-seo-premium-wordpress\/ -->\n<title>AC47 - IPG<\/title>\n<meta name=\"robots\" content=\"index, follow, max-snippet:-1, max-image-preview:large, max-video-preview:-1\" \/>\n<link rel=\"canonical\" href=\"https:\/\/www.itape.com\/product\/ac47\/\" \/>\n<meta property=\"og:locale\" content=\"fr_FR\" \/>\n<meta property=\"og:type\" content=\"article\" \/>\n<meta property=\"og:title\" content=\"AC47\" \/>\n<meta property=\"og:description\" content=\"UL-723, ASTM E84 Ruban en tissu enduit de poly\u00e9thyl\u00e8ne (PE) 12\u00a0mils avec une colle auto-adh\u00e9sive en caoutchouc naturel puissante pour une meilleure adh\u00e9rence et r\u00e9sistance au cisaillement. Id\u00e9al pour l&#039;\u00e9limination de l&#039;amiante\/du plomb\/de la fibre de verre, les exterminateurs, le masquage de stuc, le masque de trame de soie, le pl\u00e2trage, l&#039;\u00e9tanch\u00e9ification temporaire, la fixation, le raccordement de joint et la maintenance g\u00e9n\u00e9rale. R\u00e9sistant aux UV pendant plus d&#039;une semaine.\" \/>\n<meta property=\"og:url\" content=\"https:\/\/www.itape.com\/product\/ac47\/\" \/>\n<meta property=\"og:site_name\" content=\"IPG\" \/>\n<meta property=\"article:publisher\" content=\"https:\/\/www.facebook.com\/intertape\" \/>\n<meta property=\"article:modified_time\" content=\"2023-05-18T19:11:15+00:00\" \/>\n<meta name=\"twitter:card\" content=\"summary_large_image\" \/>\n<meta name=\"twitter:image\" content=\"https:\/\/www.itape.com\/wp-content\/uploads\/product-image\/ac47-red-48mmx54.8m-shadow.jpg\" \/>\n<meta name=\"twitter:site\" content=\"@IPGtape\" \/>\n<meta name=\"twitter:label1\" content=\"Price\" \/>\n\t<meta name=\"twitter:data1\" content=\"\" \/>\n\t<meta name=\"twitter:label2\" content=\"Availability\" \/>\n\t<meta name=\"twitter:data2\" content=\"In stock\" \/>\n<script type=\"application\/ld+json\" class=\"yoast-schema-graph\">{\"@context\":\"https:\/\/schema.org\",\"@graph\":[{\"@type\":\"WebPage\",\"@id\":\"https:\/\/www.itape.com\/product\/ac47\/\",\"url\":\"https:\/\/www.itape.com\/product\/ac47\/\",\"name\":\"AC47 - IPG\",\"isPartOf\":{\"@id\":\"https:\/\/www.itape.com\/#website\"},\"primaryImageOfPage\":{\"@id\":\"https:\/\/www.itape.com\/product\/ac47\/#primaryimage\"},\"image\":{\"@id\":\"https:\/\/www.itape.com\/product\/ac47\/#primaryimage\"},\"thumbnailUrl\":\"https:\/\/www.itape.com\/wp-content\/uploads\/product-image\/ac47-red-48mmx54.8m-shadow.jpg\",\"datePublished\":\"2023-01-12T14:31:28+00:00\",\"dateModified\":\"2023-05-18T19:11:15+00:00\",\"breadcrumb\":{\"@id\":\"https:\/\/www.itape.com\/product\/ac47\/#breadcrumb\"},\"inLanguage\":\"fr-FR\",\"potentialAction\":[{\"@type\":\"ReadAction\",\"target\":[\"https:\/\/www.itape.com\/product\/ac47\/\"]}]},{\"@type\":\"ImageObject\",\"inLanguage\":\"fr-FR\",\"@id\":\"https:\/\/www.itape.com\/product\/ac47\/#primaryimage\",\"url\":\"https:\/\/www.itape.com\/wp-content\/uploads\/product-image\/ac47-red-48mmx54.8m-shadow.jpg\",\"contentUrl\":\"https:\/\/www.itape.com\/wp-content\/uploads\/product-image\/ac47-red-48mmx54.8m-shadow.jpg\",\"width\":3011,\"height\":3011,\"caption\":\"AC47COLORS_Duct\"},{\"@type\":\"BreadcrumbList\",\"@id\":\"https:\/\/www.itape.com\/product\/ac47\/#breadcrumb\",\"itemListElement\":[{\"@type\":\"ListItem\",\"position\":1,\"name\":\"Home\",\"item\":\"https:\/\/www.itape.com\/fr\/\"},{\"@type\":\"ListItem\",\"position\":2,\"name\":\"Products\",\"item\":\"https:\/\/www.itape.com\/products\/\"},{\"@type\":\"ListItem\",\"position\":3,\"name\":\"AC47\"}]},{\"@type\":\"WebSite\",\"@id\":\"https:\/\/www.itape.com\/#website\",\"url\":\"https:\/\/www.itape.com\/\",\"name\":\"IPG\",\"description\":\"Global Leader in Packaging and Protective Solutions\",\"publisher\":{\"@id\":\"https:\/\/www.itape.com\/#organization\"},\"potentialAction\":[{\"@type\":\"SearchAction\",\"target\":{\"@type\":\"EntryPoint\",\"urlTemplate\":\"https:\/\/www.itape.com\/?s={search_term_string}\"},\"query-input\":{\"@type\":\"PropertyValueSpecification\",\"valueRequired\":true,\"valueName\":\"search_term_string\"}}],\"inLanguage\":\"fr-FR\"},{\"@type\":\"Organization\",\"@id\":\"https:\/\/www.itape.com\/#organization\",\"name\":\"IPG\",\"url\":\"https:\/\/www.itape.com\/\",\"logo\":{\"@type\":\"ImageObject\",\"inLanguage\":\"fr-FR\",\"@id\":\"https:\/\/www.itape.com\/#\/schema\/logo\/image\/\",\"url\":\"https:\/\/www.itape.com\/wp-content\/uploads\/2024\/06\/IPG-logo-2.png\",\"contentUrl\":\"https:\/\/www.itape.com\/wp-content\/uploads\/2024\/06\/IPG-logo-2.png\",\"width\":60,\"height\":60,\"caption\":\"IPG\"},\"image\":{\"@id\":\"https:\/\/www.itape.com\/#\/schema\/logo\/image\/\"},\"sameAs\":[\"https:\/\/www.facebook.com\/intertape\",\"https:\/\/x.com\/IPGtape\",\"https:\/\/www.linkedin.com\/company\/intertape-polymer-group\",\"https:\/\/www.instagram.com\/ipgtape\",\"https:\/\/www.youtube.com\/user\/IPGtape\"]}]}<\/script>\n<meta property=\"product:price:currency\" content=\"USD\" \/>\n<meta property=\"og:availability\" content=\"instock\" \/>\n<meta property=\"product:availability\" content=\"instock\" \/>\n<meta property=\"product:retailer_item_id\" content=\"51642895ff0c\" \/>\n<meta property=\"product:condition\" content=\"new\" \/>\n<!-- \/ Yoast SEO Premium plugin. -->","yoast_head_json":{"title":"AC47 - IPG","robots":{"index":"index","follow":"follow","max-snippet":"max-snippet:-1","max-image-preview":"max-image-preview:large","max-video-preview":"max-video-preview:-1"},"canonical":"https:\/\/www.itape.com\/product\/ac47\/","og_locale":"fr_FR","og_type":"article","og_title":"AC47","og_description":"UL-723, ASTM E84 Ruban en tissu enduit de poly\u00e9thyl\u00e8ne (PE) 12\u00a0mils avec une colle auto-adh\u00e9sive en caoutchouc naturel puissante pour une meilleure adh\u00e9rence et r\u00e9sistance au cisaillement. Id\u00e9al pour l'\u00e9limination de l'amiante\/du plomb\/de la fibre de verre, les exterminateurs, le masquage de stuc, le masque de trame de soie, le pl\u00e2trage, l'\u00e9tanch\u00e9ification temporaire, la fixation, le raccordement de joint et la maintenance g\u00e9n\u00e9rale. R\u00e9sistant aux UV pendant plus d'une semaine.","og_url":"https:\/\/www.itape.com\/product\/ac47\/","og_site_name":"IPG","article_publisher":"https:\/\/www.facebook.com\/intertape","article_modified_time":"2023-05-18T19:11:15+00:00","twitter_card":"summary_large_image","twitter_image":"https:\/\/www.itape.com\/wp-content\/uploads\/product-image\/ac47-red-48mmx54.8m-shadow.jpg","twitter_site":"@IPGtape","twitter_misc":{"Price":"","Availability":"In stock"},"schema":{"@context":"https:\/\/schema.org","@graph":[{"@type":"WebPage","@id":"https:\/\/www.itape.com\/product\/ac47\/","url":"https:\/\/www.itape.com\/product\/ac47\/","name":"AC47 - IPG","isPartOf":{"@id":"https:\/\/www.itape.com\/#website"},"primaryImageOfPage":{"@id":"https:\/\/www.itape.com\/product\/ac47\/#primaryimage"},"image":{"@id":"https:\/\/www.itape.com\/product\/ac47\/#primaryimage"},"thumbnailUrl":"https:\/\/www.itape.com\/wp-content\/uploads\/product-image\/ac47-red-48mmx54.8m-shadow.jpg","datePublished":"2023-01-12T14:31:28+00:00","dateModified":"2023-05-18T19:11:15+00:00","breadcrumb":{"@id":"https:\/\/www.itape.com\/product\/ac47\/#breadcrumb"},"inLanguage":"fr-FR","potentialAction":[{"@type":"ReadAction","target":["https:\/\/www.itape.com\/product\/ac47\/"]}]},{"@type":"ImageObject","inLanguage":"fr-FR","@id":"https:\/\/www.itape.com\/product\/ac47\/#primaryimage","url":"https:\/\/www.itape.com\/wp-content\/uploads\/product-image\/ac47-red-48mmx54.8m-shadow.jpg","contentUrl":"https:\/\/www.itape.com\/wp-content\/uploads\/product-image\/ac47-red-48mmx54.8m-shadow.jpg","width":3011,"height":3011,"caption":"AC47COLORS_Duct"},{"@type":"BreadcrumbList","@id":"https:\/\/www.itape.com\/product\/ac47\/#breadcrumb","itemListElement":[{"@type":"ListItem","position":1,"name":"Home","item":"https:\/\/www.itape.com\/fr\/"},{"@type":"ListItem","position":2,"name":"Products","item":"https:\/\/www.itape.com\/products\/"},{"@type":"ListItem","position":3,"name":"AC47"}]},{"@type":"WebSite","@id":"https:\/\/www.itape.com\/#website","url":"https:\/\/www.itape.com\/","name":"IPG","description":"Global Leader in Packaging and Protective Solutions","publisher":{"@id":"https:\/\/www.itape.com\/#organization"},"potentialAction":[{"@type":"SearchAction","target":{"@type":"EntryPoint","urlTemplate":"https:\/\/www.itape.com\/?s={search_term_string}"},"query-input":{"@type":"PropertyValueSpecification","valueRequired":true,"valueName":"search_term_string"}}],"inLanguage":"fr-FR"},{"@type":"Organization","@id":"https:\/\/www.itape.com\/#organization","name":"IPG","url":"https:\/\/www.itape.com\/","logo":{"@type":"ImageObject","inLanguage":"fr-FR","@id":"https:\/\/www.itape.com\/#\/schema\/logo\/image\/","url":"https:\/\/www.itape.com\/wp-content\/uploads\/2024\/06\/IPG-logo-2.png","contentUrl":"https:\/\/www.itape.com\/wp-content\/uploads\/2024\/06\/IPG-logo-2.png","width":60,"height":60,"caption":"IPG"},"image":{"@id":"https:\/\/www.itape.com\/#\/schema\/logo\/image\/"},"sameAs":["https:\/\/www.facebook.com\/intertape","https:\/\/x.com\/IPGtape","https:\/\/www.linkedin.com\/company\/intertape-polymer-group","https:\/\/www.instagram.com\/ipgtape","https:\/\/www.youtube.com\/user\/IPGtape"]}]},"product_price_currency":"USD","og_availability":"instock","product_availability":"instock","product_retailer_item_id":"51642895ff0c","product_condition":"new"},"parsely":{"version":"1.1.0","canonical_url":"https:\/\/itape.com\/fr\/product\/ac47-fr\/","smart_links":{"inbound":0,"outbound":0},"traffic_boost_suggestions_count":0,"meta":{"@context":"https:\/\/schema.org","@type":"WebPage","headline":"AC47","url":"https:\/\/www.itape.com\/fr\/product\/ac47-fr\/","mainEntityOfPage":{"@type":"WebPage","@id":"https:\/\/www.itape.com\/fr\/product\/ac47-fr\/"},"thumbnailUrl":"https:\/\/www.itape.com\/wp-content\/uploads\/product-image\/ac47-red-48mmx54.8m-shadow.jpg?w=150&h=150&crop=1","image":{"@type":"ImageObject","url":"https:\/\/www.itape.com\/wp-content\/uploads\/product-image\/ac47-red-48mmx54.8m-shadow.jpg"},"articleSection":"Non classifi\u00e9(e)","author":[{"@type":"Person","name":"IPG"}],"creator":["IPG"],"publisher":{"@type":"Organization","name":"IPG","logo":"https:\/\/www.itape.com\/wp-content\/uploads\/2023\/03\/IPG-logo-2.png"},"keywords":[],"dateCreated":"2023-01-12T14:31:28Z","datePublished":"2023-01-12T14:31:28Z","dateModified":"2023-05-18T19:11:15Z"},"rendered":"<meta name=\"parsely-title\" content=\"AC47\" \/>\n<meta name=\"parsely-link\" content=\"https:\/\/www.itape.com\/fr\/product\/ac47-fr\/\" \/>\n<meta name=\"parsely-type\" content=\"index\" \/>\n<meta name=\"parsely-image-url\" content=\"https:\/\/www.itape.com\/wp-content\/uploads\/product-image\/ac47-red-48mmx54.8m-shadow.jpg?w=150&amp;h=150&amp;crop=1\" \/>\n<meta name=\"parsely-pub-date\" content=\"2023-01-12T14:31:28Z\" \/>\n<meta name=\"parsely-section\" content=\"Non classifi\u00e9(e)\" \/>\n<meta name=\"parsely-author\" content=\"IPG\" \/>","tracker_url":"https:\/\/cdn.parsely.com\/keys\/itape.com\/p.js"},"jetpack_sharing_enabled":true,"_links":{"self":[{"href":"https:\/\/www.itape.com\/fr\/wp-json\/wp\/v2\/product\/47012","targetHints":{"allow":["GET"]}}],"collection":[{"href":"https:\/\/www.itape.com\/fr\/wp-json\/wp\/v2\/product"}],"about":[{"href":"https:\/\/www.itape.com\/fr\/wp-json\/wp\/v2\/types\/product"}],"replies":[{"embeddable":true,"href":"https:\/\/www.itape.com\/fr\/wp-json\/wp\/v2\/comments?post=47012"}],"wp:featuredmedia":[{"embeddable":true,"href":"https:\/\/www.itape.com\/fr\/wp-json\/wp\/v2\/media\/53578"}],"wp:attachment":[{"href":"https:\/\/www.itape.com\/fr\/wp-json\/wp\/v2\/media?parent=47012"}],"wp:term":[{"taxonomy":"product_brand","embeddable":true,"href":"https:\/\/www.itape.com\/fr\/wp-json\/wp\/v2\/product_brand?post=47012"},{"taxonomy":"product_cat","embeddable":true,"href":"https:\/\/www.itape.com\/fr\/wp-json\/wp\/v2\/product_cat?post=47012"},{"taxonomy":"product_tag","embeddable":true,"href":"https:\/\/www.itape.com\/fr\/wp-json\/wp\/v2\/product_tag?post=47012"},{"taxonomy":"associated_application","embeddable":true,"href":"https:\/\/www.itape.com\/fr\/wp-json\/wp\/v2\/associated_application?post=47012"}],"curies":[{"name":"wp","href":"https:\/\/api.w.org\/{rel}","templated":true}]}}