{"id":47014,"date":"2023-01-12T14:31:28","date_gmt":"2023-01-12T14:31:28","guid":{"rendered":"https:\/\/www.itape.com\/product\/ac617-fr\/"},"modified":"2023-05-18T19:13:10","modified_gmt":"2023-05-18T19:13:10","slug":"ac617-fr","status":"publish","type":"product","link":"https:\/\/www.itape.com\/fr\/product\/ac617-fr\/","title":{"rendered":"AC617"},"content":{"rendered":"","protected":false},"excerpt":{"rendered":"<p>Ruban toil\u00e9 imperm\u00e9able \u00ab\u00a0plateau de fond\u00a0\u00bb de premi\u00e8re qualit\u00e9 17\u00a0mils con\u00e7u pour r\u00e9pondre aux applications exigeantes. Pour le rapi\u00e9\u00e7age temporaire des orifices d&rsquo;acc\u00e8s, le bandage des conduits et un grand nombre d&rsquo;applications exigeantes \u00e0 fortes sollicitations n\u00e9cessitant une r\u00e9sistance et une adh\u00e9rence \u00e9lev\u00e9es. Test\u00e9 en conformit\u00e9 avec l&rsquo;UL-723.<\/p>\n","protected":false},"featured_media":53285,"comment_status":"closed","ping_status":"closed","template":"","meta":{"_acf_changed":false},"product_brand":[],"product_cat":[7699,7714,7740,7702],"product_tag":[8097,6187],"associated_application":[5992,5999,5995,5997,6003,5992,6004,6005,5994,6115,6001,6095,6007,6092,6000],"class_list":{"0":"post-47014","1":"product","2":"type-product","3":"status-publish","4":"has-post-thumbnail","6":"product_cat-building-and-construction-products-fr","7":"product_cat-building-and-construction-products-ruban-toile-impermeable-fr","8":"product_cat-industrial-tapes-ruban-toile-impermeable-fr","9":"product_cat-industrial-tapes-fr","10":"product_tag-duct-tape-fr","11":"product_tag-premium-fr","12":"associated_application-industrie-aerospatiale-fr","13":"associated_application-assainissement-et-restauration-fr","14":"associated_application-batiment-et-construction-fr","15":"associated_application-commerce-en-ligne-fr","16":"associated_application-demenagement-et-stockage-fr","18":"associated_application-industrie-du-cvc-fr","19":"associated_application-industrie-maritime-et-des-composites-fr","20":"associated_application-marche-des-pieces-automobiles-fr","21":"associated_application-oem-fabrication-fr","22":"associated_application-processus-general-de-fabrication-fr","23":"associated_application-reparation-fr","24":"associated_application-secteur-du-transport-fr","25":"associated_application-secteur-de-lentretien-de-la-reparation-et-de-lexploitationmro-fr","26":"associated_application-transformation-alimentaire-fr","28":"first","29":"instock","30":"product-type-simple"},"acf":[],"yoast_head":"<!-- This site is optimized with the Yoast SEO Premium plugin v24.1 (Yoast SEO v27.0) - https:\/\/yoast.com\/product\/yoast-seo-premium-wordpress\/ -->\n<title>AC617 - IPG<\/title>\n<meta name=\"robots\" content=\"index, follow, max-snippet:-1, max-image-preview:large, max-video-preview:-1\" \/>\n<link rel=\"canonical\" href=\"https:\/\/www.itape.com\/product\/ac617\/\" \/>\n<meta property=\"og:locale\" content=\"fr_FR\" \/>\n<meta property=\"og:type\" content=\"article\" \/>\n<meta property=\"og:title\" content=\"AC617\" \/>\n<meta property=\"og:description\" content=\"Ruban toil\u00e9 imperm\u00e9able \u00ab\u00a0plateau de fond\u00a0\u00bb de premi\u00e8re qualit\u00e9 17\u00a0mils con\u00e7u pour r\u00e9pondre aux applications exigeantes. Pour le rapi\u00e9\u00e7age temporaire des orifices d&#039;acc\u00e8s, le bandage des conduits et un grand nombre d&#039;applications exigeantes \u00e0 fortes sollicitations n\u00e9cessitant une r\u00e9sistance et une adh\u00e9rence \u00e9lev\u00e9es. Test\u00e9 en conformit\u00e9 avec l&#039;UL-723.\" \/>\n<meta property=\"og:url\" content=\"https:\/\/www.itape.com\/product\/ac617\/\" \/>\n<meta property=\"og:site_name\" content=\"IPG\" \/>\n<meta property=\"article:publisher\" content=\"https:\/\/www.facebook.com\/intertape\" \/>\n<meta property=\"article:modified_time\" content=\"2023-05-18T19:13:10+00:00\" \/>\n<meta property=\"og:image\" content=\"https:\/\/www.itape.com\/wp-content\/uploads\/ac617-blk-48mmx32m-shadow.jpg\" \/>\n\t<meta property=\"og:image:width\" content=\"2400\" \/>\n\t<meta property=\"og:image:height\" content=\"2400\" \/>\n\t<meta property=\"og:image:type\" content=\"image\/jpeg\" \/>\n<meta name=\"twitter:card\" content=\"summary_large_image\" \/>\n<meta name=\"twitter:site\" content=\"@IPGtape\" \/>\n<meta name=\"twitter:label1\" content=\"Price\" \/>\n\t<meta name=\"twitter:data1\" content=\"\" \/>\n\t<meta name=\"twitter:label2\" content=\"Availability\" \/>\n\t<meta name=\"twitter:data2\" content=\"In stock\" \/>\n<script type=\"application\/ld+json\" class=\"yoast-schema-graph\">{\"@context\":\"https:\/\/schema.org\",\"@graph\":[{\"@type\":\"WebPage\",\"@id\":\"https:\/\/www.itape.com\/product\/ac617\/\",\"url\":\"https:\/\/www.itape.com\/product\/ac617\/\",\"name\":\"AC617 - IPG\",\"isPartOf\":{\"@id\":\"https:\/\/www.itape.com\/#website\"},\"primaryImageOfPage\":{\"@id\":\"https:\/\/www.itape.com\/product\/ac617\/#primaryimage\"},\"image\":{\"@id\":\"https:\/\/www.itape.com\/product\/ac617\/#primaryimage\"},\"thumbnailUrl\":\"https:\/\/www.itape.com\/wp-content\/uploads\/ac617-blk-48mmx32m-shadow.jpg\",\"datePublished\":\"2023-01-12T14:31:28+00:00\",\"dateModified\":\"2023-05-18T19:13:10+00:00\",\"breadcrumb\":{\"@id\":\"https:\/\/www.itape.com\/product\/ac617\/#breadcrumb\"},\"inLanguage\":\"fr-FR\",\"potentialAction\":[{\"@type\":\"ReadAction\",\"target\":[\"https:\/\/www.itape.com\/product\/ac617\/\"]}]},{\"@type\":\"ImageObject\",\"inLanguage\":\"fr-FR\",\"@id\":\"https:\/\/www.itape.com\/product\/ac617\/#primaryimage\",\"url\":\"https:\/\/www.itape.com\/wp-content\/uploads\/ac617-blk-48mmx32m-shadow.jpg\",\"contentUrl\":\"https:\/\/www.itape.com\/wp-content\/uploads\/ac617-blk-48mmx32m-shadow.jpg\",\"width\":2400,\"height\":2400,\"caption\":\"AC617_Duct\"},{\"@type\":\"BreadcrumbList\",\"@id\":\"https:\/\/www.itape.com\/product\/ac617\/#breadcrumb\",\"itemListElement\":[{\"@type\":\"ListItem\",\"position\":1,\"name\":\"Home\",\"item\":\"https:\/\/www.itape.com\/fr\/\"},{\"@type\":\"ListItem\",\"position\":2,\"name\":\"Products\",\"item\":\"https:\/\/www.itape.com\/products\/\"},{\"@type\":\"ListItem\",\"position\":3,\"name\":\"AC617\"}]},{\"@type\":\"WebSite\",\"@id\":\"https:\/\/www.itape.com\/#website\",\"url\":\"https:\/\/www.itape.com\/\",\"name\":\"IPG\",\"description\":\"Global Leader in Packaging and Protective Solutions\",\"publisher\":{\"@id\":\"https:\/\/www.itape.com\/#organization\"},\"potentialAction\":[{\"@type\":\"SearchAction\",\"target\":{\"@type\":\"EntryPoint\",\"urlTemplate\":\"https:\/\/www.itape.com\/?s={search_term_string}\"},\"query-input\":{\"@type\":\"PropertyValueSpecification\",\"valueRequired\":true,\"valueName\":\"search_term_string\"}}],\"inLanguage\":\"fr-FR\"},{\"@type\":\"Organization\",\"@id\":\"https:\/\/www.itape.com\/#organization\",\"name\":\"IPG\",\"url\":\"https:\/\/www.itape.com\/\",\"logo\":{\"@type\":\"ImageObject\",\"inLanguage\":\"fr-FR\",\"@id\":\"https:\/\/www.itape.com\/#\/schema\/logo\/image\/\",\"url\":\"https:\/\/www.itape.com\/wp-content\/uploads\/2024\/06\/IPG-logo-2.png\",\"contentUrl\":\"https:\/\/www.itape.com\/wp-content\/uploads\/2024\/06\/IPG-logo-2.png\",\"width\":60,\"height\":60,\"caption\":\"IPG\"},\"image\":{\"@id\":\"https:\/\/www.itape.com\/#\/schema\/logo\/image\/\"},\"sameAs\":[\"https:\/\/www.facebook.com\/intertape\",\"https:\/\/x.com\/IPGtape\",\"https:\/\/www.linkedin.com\/company\/intertape-polymer-group\",\"https:\/\/www.instagram.com\/ipgtape\",\"https:\/\/www.youtube.com\/user\/IPGtape\"]}]}<\/script>\n<meta property=\"product:price:currency\" content=\"USD\" \/>\n<meta property=\"og:availability\" content=\"instock\" \/>\n<meta property=\"product:availability\" content=\"instock\" \/>\n<meta property=\"product:retailer_item_id\" content=\"a79833f03929\" \/>\n<meta property=\"product:condition\" content=\"new\" \/>\n<!-- \/ Yoast SEO Premium plugin. -->","yoast_head_json":{"title":"AC617 - IPG","robots":{"index":"index","follow":"follow","max-snippet":"max-snippet:-1","max-image-preview":"max-image-preview:large","max-video-preview":"max-video-preview:-1"},"canonical":"https:\/\/www.itape.com\/product\/ac617\/","og_locale":"fr_FR","og_type":"article","og_title":"AC617","og_description":"Ruban toil\u00e9 imperm\u00e9able \u00ab\u00a0plateau de fond\u00a0\u00bb de premi\u00e8re qualit\u00e9 17\u00a0mils con\u00e7u pour r\u00e9pondre aux applications exigeantes. Pour le rapi\u00e9\u00e7age temporaire des orifices d'acc\u00e8s, le bandage des conduits et un grand nombre d'applications exigeantes \u00e0 fortes sollicitations n\u00e9cessitant une r\u00e9sistance et une adh\u00e9rence \u00e9lev\u00e9es. Test\u00e9 en conformit\u00e9 avec l'UL-723.","og_url":"https:\/\/www.itape.com\/product\/ac617\/","og_site_name":"IPG","article_publisher":"https:\/\/www.facebook.com\/intertape","article_modified_time":"2023-05-18T19:13:10+00:00","og_image":[{"width":2400,"height":2400,"url":"https:\/\/www.itape.com\/wp-content\/uploads\/ac617-blk-48mmx32m-shadow.jpg","type":"image\/jpeg"}],"twitter_card":"summary_large_image","twitter_site":"@IPGtape","twitter_misc":{"Price":"","Availability":"In stock"},"schema":{"@context":"https:\/\/schema.org","@graph":[{"@type":"WebPage","@id":"https:\/\/www.itape.com\/product\/ac617\/","url":"https:\/\/www.itape.com\/product\/ac617\/","name":"AC617 - IPG","isPartOf":{"@id":"https:\/\/www.itape.com\/#website"},"primaryImageOfPage":{"@id":"https:\/\/www.itape.com\/product\/ac617\/#primaryimage"},"image":{"@id":"https:\/\/www.itape.com\/product\/ac617\/#primaryimage"},"thumbnailUrl":"https:\/\/www.itape.com\/wp-content\/uploads\/ac617-blk-48mmx32m-shadow.jpg","datePublished":"2023-01-12T14:31:28+00:00","dateModified":"2023-05-18T19:13:10+00:00","breadcrumb":{"@id":"https:\/\/www.itape.com\/product\/ac617\/#breadcrumb"},"inLanguage":"fr-FR","potentialAction":[{"@type":"ReadAction","target":["https:\/\/www.itape.com\/product\/ac617\/"]}]},{"@type":"ImageObject","inLanguage":"fr-FR","@id":"https:\/\/www.itape.com\/product\/ac617\/#primaryimage","url":"https:\/\/www.itape.com\/wp-content\/uploads\/ac617-blk-48mmx32m-shadow.jpg","contentUrl":"https:\/\/www.itape.com\/wp-content\/uploads\/ac617-blk-48mmx32m-shadow.jpg","width":2400,"height":2400,"caption":"AC617_Duct"},{"@type":"BreadcrumbList","@id":"https:\/\/www.itape.com\/product\/ac617\/#breadcrumb","itemListElement":[{"@type":"ListItem","position":1,"name":"Home","item":"https:\/\/www.itape.com\/fr\/"},{"@type":"ListItem","position":2,"name":"Products","item":"https:\/\/www.itape.com\/products\/"},{"@type":"ListItem","position":3,"name":"AC617"}]},{"@type":"WebSite","@id":"https:\/\/www.itape.com\/#website","url":"https:\/\/www.itape.com\/","name":"IPG","description":"Global Leader in Packaging and Protective Solutions","publisher":{"@id":"https:\/\/www.itape.com\/#organization"},"potentialAction":[{"@type":"SearchAction","target":{"@type":"EntryPoint","urlTemplate":"https:\/\/www.itape.com\/?s={search_term_string}"},"query-input":{"@type":"PropertyValueSpecification","valueRequired":true,"valueName":"search_term_string"}}],"inLanguage":"fr-FR"},{"@type":"Organization","@id":"https:\/\/www.itape.com\/#organization","name":"IPG","url":"https:\/\/www.itape.com\/","logo":{"@type":"ImageObject","inLanguage":"fr-FR","@id":"https:\/\/www.itape.com\/#\/schema\/logo\/image\/","url":"https:\/\/www.itape.com\/wp-content\/uploads\/2024\/06\/IPG-logo-2.png","contentUrl":"https:\/\/www.itape.com\/wp-content\/uploads\/2024\/06\/IPG-logo-2.png","width":60,"height":60,"caption":"IPG"},"image":{"@id":"https:\/\/www.itape.com\/#\/schema\/logo\/image\/"},"sameAs":["https:\/\/www.facebook.com\/intertape","https:\/\/x.com\/IPGtape","https:\/\/www.linkedin.com\/company\/intertape-polymer-group","https:\/\/www.instagram.com\/ipgtape","https:\/\/www.youtube.com\/user\/IPGtape"]}]},"product_price_currency":"USD","og_availability":"instock","product_availability":"instock","product_retailer_item_id":"a79833f03929","product_condition":"new"},"parsely":{"version":"1.1.0","canonical_url":"https:\/\/itape.com\/fr\/product\/ac617-fr\/","smart_links":{"inbound":0,"outbound":0},"traffic_boost_suggestions_count":0,"meta":{"@context":"https:\/\/schema.org","@type":"WebPage","headline":"AC617","url":"https:\/\/www.itape.com\/fr\/product\/ac617-fr\/","mainEntityOfPage":{"@type":"WebPage","@id":"https:\/\/www.itape.com\/fr\/product\/ac617-fr\/"},"thumbnailUrl":"https:\/\/www.itape.com\/wp-content\/uploads\/ac617-blk-48mmx32m-shadow.jpg?w=150&h=150&crop=1","image":{"@type":"ImageObject","url":"https:\/\/www.itape.com\/wp-content\/uploads\/ac617-blk-48mmx32m-shadow.jpg"},"articleSection":"Non classifi\u00e9(e)","author":[{"@type":"Person","name":"IPG"}],"creator":["IPG"],"publisher":{"@type":"Organization","name":"IPG","logo":"https:\/\/www.itape.com\/wp-content\/uploads\/2023\/03\/IPG-logo-2.png"},"keywords":[],"dateCreated":"2023-01-12T14:31:28Z","datePublished":"2023-01-12T14:31:28Z","dateModified":"2023-05-18T19:13:10Z"},"rendered":"<meta name=\"parsely-title\" content=\"AC617\" \/>\n<meta name=\"parsely-link\" content=\"https:\/\/www.itape.com\/fr\/product\/ac617-fr\/\" \/>\n<meta name=\"parsely-type\" content=\"index\" \/>\n<meta name=\"parsely-image-url\" content=\"https:\/\/www.itape.com\/wp-content\/uploads\/ac617-blk-48mmx32m-shadow.jpg?w=150&amp;h=150&amp;crop=1\" \/>\n<meta name=\"parsely-pub-date\" content=\"2023-01-12T14:31:28Z\" \/>\n<meta name=\"parsely-section\" content=\"Non classifi\u00e9(e)\" \/>\n<meta name=\"parsely-author\" content=\"IPG\" \/>","tracker_url":"https:\/\/cdn.parsely.com\/keys\/itape.com\/p.js"},"jetpack_sharing_enabled":true,"_links":{"self":[{"href":"https:\/\/www.itape.com\/fr\/wp-json\/wp\/v2\/product\/47014","targetHints":{"allow":["GET"]}}],"collection":[{"href":"https:\/\/www.itape.com\/fr\/wp-json\/wp\/v2\/product"}],"about":[{"href":"https:\/\/www.itape.com\/fr\/wp-json\/wp\/v2\/types\/product"}],"replies":[{"embeddable":true,"href":"https:\/\/www.itape.com\/fr\/wp-json\/wp\/v2\/comments?post=47014"}],"wp:featuredmedia":[{"embeddable":true,"href":"https:\/\/www.itape.com\/fr\/wp-json\/wp\/v2\/media\/53285"}],"wp:attachment":[{"href":"https:\/\/www.itape.com\/fr\/wp-json\/wp\/v2\/media?parent=47014"}],"wp:term":[{"taxonomy":"product_brand","embeddable":true,"href":"https:\/\/www.itape.com\/fr\/wp-json\/wp\/v2\/product_brand?post=47014"},{"taxonomy":"product_cat","embeddable":true,"href":"https:\/\/www.itape.com\/fr\/wp-json\/wp\/v2\/product_cat?post=47014"},{"taxonomy":"product_tag","embeddable":true,"href":"https:\/\/www.itape.com\/fr\/wp-json\/wp\/v2\/product_tag?post=47014"},{"taxonomy":"associated_application","embeddable":true,"href":"https:\/\/www.itape.com\/fr\/wp-json\/wp\/v2\/associated_application?post=47014"}],"curies":[{"name":"wp","href":"https:\/\/api.w.org\/{rel}","templated":true}]}}