{"id":47016,"date":"2023-01-12T14:31:28","date_gmt":"2023-01-12T14:31:28","guid":{"rendered":"https:\/\/www.itape.com\/product\/ac74-carpet-tape-fr-2\/"},"modified":"2023-06-27T19:14:14","modified_gmt":"2023-06-27T19:14:14","slug":"ac74-carpet-tape-fr-2","status":"publish","type":"product","link":"https:\/\/www.itape.com\/fr\/product\/ac74-carpet-tape-fr-2\/","title":{"rendered":"AC74 Carpet Tape"},"content":{"rendered":"","protected":false},"excerpt":{"rendered":"<p>Ruban de tissu double face\u00a0: ruban tiss\u00e9 enduit sur les deux faces de colle en caoutchouc auto-adh\u00e9sive qui fournit une adh\u00e9rence mod\u00e9r\u00e9e et une bonne accroche initiale \u00e0 un grand nombre de surfaces (y compris les surfaces irr\u00e9guli\u00e8res et poreuses). La colle est formul\u00e9e pour un retrait propre avec peu de r\u00e9sidus de la plupart des surfaces. Comporte un liner en film PE facile \u00e0 retirer (blanc). Pour le montage temporaire, le raccordement, le maintien et le positionnement, la fabrication et la gravure (maintien temporaire) et toute application n\u00e9cessitant l&rsquo;assemblage de deux surfaces.<\/p>\n","protected":false},"featured_media":53129,"comment_status":"closed","ping_status":"closed","template":"","meta":{"_acf_changed":false},"product_brand":[],"product_cat":[7699,6153,7732,7740,7702],"product_tag":[8129,6204],"associated_application":[5999,5995,5997,6003,5992,6004,6005,5994,6001,6095,6007,6000],"class_list":{"0":"post-47016","1":"product","2":"type-product","3":"status-publish","4":"has-post-thumbnail","6":"product_cat-building-and-construction-products-fr","7":"product_cat-double-coated-tape-fr","8":"product_cat-industrial-tapes-ruban-double-face-fr","9":"product_cat-industrial-tapes-ruban-toile-impermeable-fr","10":"product_cat-industrial-tapes-fr","11":"product_tag-double-sided-cloth-tapes-fr-2","12":"product_tag-double-sided-tissue-tapes-fr","13":"associated_application-assainissement-et-restauration-fr","14":"associated_application-batiment-et-construction-fr","15":"associated_application-commerce-en-ligne-fr","16":"associated_application-demenagement-et-stockage-fr","17":"associated_application-industrie-aerospatiale-fr","18":"associated_application-industrie-du-cvc-fr","19":"associated_application-industrie-maritime-et-des-composites-fr","20":"associated_application-marche-des-pieces-automobiles-fr","21":"associated_application-processus-general-de-fabrication-fr","22":"associated_application-reparation-fr","23":"associated_application-secteur-du-transport-fr","24":"associated_application-transformation-alimentaire-fr","26":"first","27":"instock","28":"product-type-simple"},"acf":[],"yoast_head":"<!-- This site is optimized with the Yoast SEO Premium plugin v24.1 (Yoast SEO v27.0) - https:\/\/yoast.com\/product\/yoast-seo-premium-wordpress\/ -->\n<title>AC74 Carpet Tape - IPG<\/title>\n<meta name=\"robots\" content=\"index, follow, max-snippet:-1, max-image-preview:large, max-video-preview:-1\" \/>\n<link rel=\"canonical\" href=\"https:\/\/www.itape.com\/product\/ac74-carpet-tape-2\/\" \/>\n<meta property=\"og:locale\" content=\"fr_FR\" \/>\n<meta property=\"og:type\" content=\"article\" \/>\n<meta property=\"og:title\" content=\"AC74 Carpet Tape\" \/>\n<meta property=\"og:description\" content=\"Ruban de tissu double face\u00a0: ruban tiss\u00e9 enduit sur les deux faces de colle en caoutchouc auto-adh\u00e9sive qui fournit une adh\u00e9rence mod\u00e9r\u00e9e et une bonne accroche initiale \u00e0 un grand nombre de surfaces (y compris les surfaces irr\u00e9guli\u00e8res et poreuses). La colle est formul\u00e9e pour un retrait propre avec peu de r\u00e9sidus de la plupart des surfaces. Comporte un liner en film PE facile \u00e0 retirer (blanc). Pour le montage temporaire, le raccordement, le maintien et le positionnement, la fabrication et la gravure (maintien temporaire) et toute application n\u00e9cessitant l&#039;assemblage de deux surfaces.\" \/>\n<meta property=\"og:url\" content=\"https:\/\/www.itape.com\/product\/ac74-carpet-tape-2\/\" \/>\n<meta property=\"og:site_name\" content=\"IPG\" \/>\n<meta property=\"article:publisher\" content=\"https:\/\/www.facebook.com\/intertape\" \/>\n<meta property=\"article:modified_time\" content=\"2023-06-27T19:14:14+00:00\" \/>\n<meta property=\"og:image\" content=\"https:\/\/www.itape.com\/wp-content\/uploads\/product-image\/ac74-nat-48mmx32.9m-shadow.jpg\" \/>\n\t<meta property=\"og:image:width\" content=\"2400\" \/>\n\t<meta property=\"og:image:height\" content=\"2400\" \/>\n\t<meta property=\"og:image:type\" content=\"image\/jpeg\" \/>\n<meta name=\"twitter:card\" content=\"summary_large_image\" \/>\n<meta name=\"twitter:site\" content=\"@IPGtape\" \/>\n<meta name=\"twitter:label1\" content=\"Price\" \/>\n\t<meta name=\"twitter:data1\" content=\"\" \/>\n\t<meta name=\"twitter:label2\" content=\"Availability\" \/>\n\t<meta name=\"twitter:data2\" content=\"In stock\" \/>\n<script type=\"application\/ld+json\" class=\"yoast-schema-graph\">{\"@context\":\"https:\/\/schema.org\",\"@graph\":[{\"@type\":\"WebPage\",\"@id\":\"https:\/\/www.itape.com\/product\/ac74-carpet-tape-2\/\",\"url\":\"https:\/\/www.itape.com\/product\/ac74-carpet-tape-2\/\",\"name\":\"AC74 Carpet Tape - IPG\",\"isPartOf\":{\"@id\":\"https:\/\/www.itape.com\/#website\"},\"primaryImageOfPage\":{\"@id\":\"https:\/\/www.itape.com\/product\/ac74-carpet-tape-2\/#primaryimage\"},\"image\":{\"@id\":\"https:\/\/www.itape.com\/product\/ac74-carpet-tape-2\/#primaryimage\"},\"thumbnailUrl\":\"https:\/\/www.itape.com\/wp-content\/uploads\/product-image\/ac74-nat-48mmx32.9m-shadow.jpg\",\"datePublished\":\"2023-01-12T14:31:28+00:00\",\"dateModified\":\"2023-06-27T19:14:14+00:00\",\"breadcrumb\":{\"@id\":\"https:\/\/www.itape.com\/product\/ac74-carpet-tape-2\/#breadcrumb\"},\"inLanguage\":\"fr-FR\",\"potentialAction\":[{\"@type\":\"ReadAction\",\"target\":[\"https:\/\/www.itape.com\/product\/ac74-carpet-tape-2\/\"]}]},{\"@type\":\"ImageObject\",\"inLanguage\":\"fr-FR\",\"@id\":\"https:\/\/www.itape.com\/product\/ac74-carpet-tape-2\/#primaryimage\",\"url\":\"https:\/\/www.itape.com\/wp-content\/uploads\/product-image\/ac74-nat-48mmx32.9m-shadow.jpg\",\"contentUrl\":\"https:\/\/www.itape.com\/wp-content\/uploads\/product-image\/ac74-nat-48mmx32.9m-shadow.jpg\",\"width\":2400,\"height\":2400,\"caption\":\"AC75_Duct\"},{\"@type\":\"BreadcrumbList\",\"@id\":\"https:\/\/www.itape.com\/product\/ac74-carpet-tape-2\/#breadcrumb\",\"itemListElement\":[{\"@type\":\"ListItem\",\"position\":1,\"name\":\"Home\",\"item\":\"https:\/\/www.itape.com\/fr\/\"},{\"@type\":\"ListItem\",\"position\":2,\"name\":\"Products\",\"item\":\"https:\/\/www.itape.com\/products\/\"},{\"@type\":\"ListItem\",\"position\":3,\"name\":\"AC74 Carpet Tape\"}]},{\"@type\":\"WebSite\",\"@id\":\"https:\/\/www.itape.com\/#website\",\"url\":\"https:\/\/www.itape.com\/\",\"name\":\"IPG\",\"description\":\"Global Leader in Packaging and Protective Solutions\",\"publisher\":{\"@id\":\"https:\/\/www.itape.com\/#organization\"},\"potentialAction\":[{\"@type\":\"SearchAction\",\"target\":{\"@type\":\"EntryPoint\",\"urlTemplate\":\"https:\/\/www.itape.com\/?s={search_term_string}\"},\"query-input\":{\"@type\":\"PropertyValueSpecification\",\"valueRequired\":true,\"valueName\":\"search_term_string\"}}],\"inLanguage\":\"fr-FR\"},{\"@type\":\"Organization\",\"@id\":\"https:\/\/www.itape.com\/#organization\",\"name\":\"IPG\",\"url\":\"https:\/\/www.itape.com\/\",\"logo\":{\"@type\":\"ImageObject\",\"inLanguage\":\"fr-FR\",\"@id\":\"https:\/\/www.itape.com\/#\/schema\/logo\/image\/\",\"url\":\"https:\/\/www.itape.com\/wp-content\/uploads\/2024\/06\/IPG-logo-2.png\",\"contentUrl\":\"https:\/\/www.itape.com\/wp-content\/uploads\/2024\/06\/IPG-logo-2.png\",\"width\":60,\"height\":60,\"caption\":\"IPG\"},\"image\":{\"@id\":\"https:\/\/www.itape.com\/#\/schema\/logo\/image\/\"},\"sameAs\":[\"https:\/\/www.facebook.com\/intertape\",\"https:\/\/x.com\/IPGtape\",\"https:\/\/www.linkedin.com\/company\/intertape-polymer-group\",\"https:\/\/www.instagram.com\/ipgtape\",\"https:\/\/www.youtube.com\/user\/IPGtape\"]}]}<\/script>\n<meta property=\"product:price:currency\" content=\"USD\" \/>\n<meta property=\"og:availability\" content=\"instock\" \/>\n<meta property=\"product:availability\" content=\"instock\" \/>\n<meta property=\"product:retailer_item_id\" content=\"cb50ef9f5a83\" \/>\n<meta property=\"product:condition\" content=\"new\" \/>\n<!-- \/ Yoast SEO Premium plugin. -->","yoast_head_json":{"title":"AC74 Carpet Tape - IPG","robots":{"index":"index","follow":"follow","max-snippet":"max-snippet:-1","max-image-preview":"max-image-preview:large","max-video-preview":"max-video-preview:-1"},"canonical":"https:\/\/www.itape.com\/product\/ac74-carpet-tape-2\/","og_locale":"fr_FR","og_type":"article","og_title":"AC74 Carpet Tape","og_description":"Ruban de tissu double face\u00a0: ruban tiss\u00e9 enduit sur les deux faces de colle en caoutchouc auto-adh\u00e9sive qui fournit une adh\u00e9rence mod\u00e9r\u00e9e et une bonne accroche initiale \u00e0 un grand nombre de surfaces (y compris les surfaces irr\u00e9guli\u00e8res et poreuses). La colle est formul\u00e9e pour un retrait propre avec peu de r\u00e9sidus de la plupart des surfaces. Comporte un liner en film PE facile \u00e0 retirer (blanc). Pour le montage temporaire, le raccordement, le maintien et le positionnement, la fabrication et la gravure (maintien temporaire) et toute application n\u00e9cessitant l'assemblage de deux surfaces.","og_url":"https:\/\/www.itape.com\/product\/ac74-carpet-tape-2\/","og_site_name":"IPG","article_publisher":"https:\/\/www.facebook.com\/intertape","article_modified_time":"2023-06-27T19:14:14+00:00","og_image":[{"width":2400,"height":2400,"url":"https:\/\/www.itape.com\/wp-content\/uploads\/product-image\/ac74-nat-48mmx32.9m-shadow.jpg","type":"image\/jpeg"}],"twitter_card":"summary_large_image","twitter_site":"@IPGtape","twitter_misc":{"Price":"","Availability":"In stock"},"schema":{"@context":"https:\/\/schema.org","@graph":[{"@type":"WebPage","@id":"https:\/\/www.itape.com\/product\/ac74-carpet-tape-2\/","url":"https:\/\/www.itape.com\/product\/ac74-carpet-tape-2\/","name":"AC74 Carpet Tape - IPG","isPartOf":{"@id":"https:\/\/www.itape.com\/#website"},"primaryImageOfPage":{"@id":"https:\/\/www.itape.com\/product\/ac74-carpet-tape-2\/#primaryimage"},"image":{"@id":"https:\/\/www.itape.com\/product\/ac74-carpet-tape-2\/#primaryimage"},"thumbnailUrl":"https:\/\/www.itape.com\/wp-content\/uploads\/product-image\/ac74-nat-48mmx32.9m-shadow.jpg","datePublished":"2023-01-12T14:31:28+00:00","dateModified":"2023-06-27T19:14:14+00:00","breadcrumb":{"@id":"https:\/\/www.itape.com\/product\/ac74-carpet-tape-2\/#breadcrumb"},"inLanguage":"fr-FR","potentialAction":[{"@type":"ReadAction","target":["https:\/\/www.itape.com\/product\/ac74-carpet-tape-2\/"]}]},{"@type":"ImageObject","inLanguage":"fr-FR","@id":"https:\/\/www.itape.com\/product\/ac74-carpet-tape-2\/#primaryimage","url":"https:\/\/www.itape.com\/wp-content\/uploads\/product-image\/ac74-nat-48mmx32.9m-shadow.jpg","contentUrl":"https:\/\/www.itape.com\/wp-content\/uploads\/product-image\/ac74-nat-48mmx32.9m-shadow.jpg","width":2400,"height":2400,"caption":"AC75_Duct"},{"@type":"BreadcrumbList","@id":"https:\/\/www.itape.com\/product\/ac74-carpet-tape-2\/#breadcrumb","itemListElement":[{"@type":"ListItem","position":1,"name":"Home","item":"https:\/\/www.itape.com\/fr\/"},{"@type":"ListItem","position":2,"name":"Products","item":"https:\/\/www.itape.com\/products\/"},{"@type":"ListItem","position":3,"name":"AC74 Carpet Tape"}]},{"@type":"WebSite","@id":"https:\/\/www.itape.com\/#website","url":"https:\/\/www.itape.com\/","name":"IPG","description":"Global Leader in Packaging and Protective Solutions","publisher":{"@id":"https:\/\/www.itape.com\/#organization"},"potentialAction":[{"@type":"SearchAction","target":{"@type":"EntryPoint","urlTemplate":"https:\/\/www.itape.com\/?s={search_term_string}"},"query-input":{"@type":"PropertyValueSpecification","valueRequired":true,"valueName":"search_term_string"}}],"inLanguage":"fr-FR"},{"@type":"Organization","@id":"https:\/\/www.itape.com\/#organization","name":"IPG","url":"https:\/\/www.itape.com\/","logo":{"@type":"ImageObject","inLanguage":"fr-FR","@id":"https:\/\/www.itape.com\/#\/schema\/logo\/image\/","url":"https:\/\/www.itape.com\/wp-content\/uploads\/2024\/06\/IPG-logo-2.png","contentUrl":"https:\/\/www.itape.com\/wp-content\/uploads\/2024\/06\/IPG-logo-2.png","width":60,"height":60,"caption":"IPG"},"image":{"@id":"https:\/\/www.itape.com\/#\/schema\/logo\/image\/"},"sameAs":["https:\/\/www.facebook.com\/intertape","https:\/\/x.com\/IPGtape","https:\/\/www.linkedin.com\/company\/intertape-polymer-group","https:\/\/www.instagram.com\/ipgtape","https:\/\/www.youtube.com\/user\/IPGtape"]}]},"product_price_currency":"USD","og_availability":"instock","product_availability":"instock","product_retailer_item_id":"cb50ef9f5a83","product_condition":"new"},"parsely":{"version":"1.1.0","canonical_url":"https:\/\/itape.com\/fr\/product\/ac74-carpet-tape-fr-2\/","smart_links":{"inbound":0,"outbound":0},"traffic_boost_suggestions_count":0,"meta":{"@context":"https:\/\/schema.org","@type":"WebPage","headline":"AC74 Carpet Tape","url":"https:\/\/www.itape.com\/fr\/product\/ac74-carpet-tape-fr-2\/","mainEntityOfPage":{"@type":"WebPage","@id":"https:\/\/www.itape.com\/fr\/product\/ac74-carpet-tape-fr-2\/"},"thumbnailUrl":"https:\/\/www.itape.com\/wp-content\/uploads\/product-image\/ac74-nat-48mmx32.9m-shadow.jpg?w=150&h=150&crop=1","image":{"@type":"ImageObject","url":"https:\/\/www.itape.com\/wp-content\/uploads\/product-image\/ac74-nat-48mmx32.9m-shadow.jpg"},"articleSection":"Non classifi\u00e9(e)","author":[{"@type":"Person","name":"IPG"}],"creator":["IPG"],"publisher":{"@type":"Organization","name":"IPG","logo":"https:\/\/www.itape.com\/wp-content\/uploads\/2023\/03\/IPG-logo-2.png"},"keywords":[],"dateCreated":"2023-01-12T14:31:28Z","datePublished":"2023-01-12T14:31:28Z","dateModified":"2023-06-27T19:14:14Z"},"rendered":"<meta name=\"parsely-title\" content=\"AC74 Carpet Tape\" \/>\n<meta name=\"parsely-link\" content=\"https:\/\/www.itape.com\/fr\/product\/ac74-carpet-tape-fr-2\/\" \/>\n<meta name=\"parsely-type\" content=\"index\" \/>\n<meta name=\"parsely-image-url\" content=\"https:\/\/www.itape.com\/wp-content\/uploads\/product-image\/ac74-nat-48mmx32.9m-shadow.jpg?w=150&amp;h=150&amp;crop=1\" \/>\n<meta name=\"parsely-pub-date\" content=\"2023-01-12T14:31:28Z\" \/>\n<meta name=\"parsely-section\" content=\"Non classifi\u00e9(e)\" \/>\n<meta name=\"parsely-author\" content=\"IPG\" \/>","tracker_url":"https:\/\/cdn.parsely.com\/keys\/itape.com\/p.js"},"jetpack_sharing_enabled":true,"_links":{"self":[{"href":"https:\/\/www.itape.com\/fr\/wp-json\/wp\/v2\/product\/47016","targetHints":{"allow":["GET"]}}],"collection":[{"href":"https:\/\/www.itape.com\/fr\/wp-json\/wp\/v2\/product"}],"about":[{"href":"https:\/\/www.itape.com\/fr\/wp-json\/wp\/v2\/types\/product"}],"replies":[{"embeddable":true,"href":"https:\/\/www.itape.com\/fr\/wp-json\/wp\/v2\/comments?post=47016"}],"wp:featuredmedia":[{"embeddable":true,"href":"https:\/\/www.itape.com\/fr\/wp-json\/wp\/v2\/media\/53129"}],"wp:attachment":[{"href":"https:\/\/www.itape.com\/fr\/wp-json\/wp\/v2\/media?parent=47016"}],"wp:term":[{"taxonomy":"product_brand","embeddable":true,"href":"https:\/\/www.itape.com\/fr\/wp-json\/wp\/v2\/product_brand?post=47016"},{"taxonomy":"product_cat","embeddable":true,"href":"https:\/\/www.itape.com\/fr\/wp-json\/wp\/v2\/product_cat?post=47016"},{"taxonomy":"product_tag","embeddable":true,"href":"https:\/\/www.itape.com\/fr\/wp-json\/wp\/v2\/product_tag?post=47016"},{"taxonomy":"associated_application","embeddable":true,"href":"https:\/\/www.itape.com\/fr\/wp-json\/wp\/v2\/associated_application?post=47016"}],"curies":[{"name":"wp","href":"https:\/\/api.w.org\/{rel}","templated":true}]}}