{"id":47055,"date":"2023-01-12T14:31:52","date_gmt":"2023-01-12T14:31:52","guid":{"rendered":"https:\/\/www.itape.com\/product\/rg47-fr\/"},"modified":"2023-01-12T15:15:02","modified_gmt":"2023-01-12T15:15:02","slug":"rg47-fr","status":"publish","type":"product","link":"https:\/\/www.itape.com\/fr\/product\/rg47-fr\/","title":{"rendered":"RG47"},"content":{"rendered":"<div class=\"prose\">RG47<\/p>\n<p>Haute temp\u00e9rature\u00a0: r\u00e9sistance \u00e0 la traction, stabilit\u00e9 dimensionnelle et \u00e9paisseur r\u00e9guli\u00e8re associ\u00e9s \u00e0 des propri\u00e9t\u00e9s \u00e9lev\u00e9es de maintien font du RG47 un excellent choix pour le raccordement, principalement de mat\u00e9riaux pr\u00e9sentant des surfaces rugueuses et\/ou une faible r\u00e9sistance interne (p. ex. textiles, mat\u00e9riaux de toiture).<\/p><\/div>\n","protected":false},"excerpt":{"rendered":"<p>Haute temp\u00e9rature\u00a0: r\u00e9sistance \u00e0 la traction, stabilit\u00e9 dimensionnelle et \u00e9paisseur r\u00e9guli\u00e8re associ\u00e9s \u00e0 des propri\u00e9t\u00e9s \u00e9lev\u00e9es de maintien font du RG47 un excellent choix pour le raccordement, principalement de mat\u00e9riaux pr\u00e9sentant des surfaces rugueuses et\/ou une faible r\u00e9sistance interne (p. ex. textiles, mat\u00e9riaux de toiture).<\/p>\n","protected":false},"featured_media":63921,"comment_status":"closed","ping_status":"closed","template":"","meta":{"_acf_changed":false},"product_brand":[],"product_cat":[7699,6155,7715,7734,7702],"product_tag":[6219],"associated_application":[6144,6015,6069,5992,6001,6007,6011,6092],"class_list":{"0":"post-47055","1":"product","2":"type-product","3":"status-publish","4":"has-post-thumbnail","6":"product_cat-building-and-construction-products-fr","7":"product_cat-electrical-tape-fr","8":"product_cat-building-and-construction-products-ruban-disolation-electrique-fr","9":"product_cat-industrial-tapes-ruban-disolation-electrique-fr","10":"product_cat-industrial-tapes-fr","11":"product_tag-specialty-non-ul-fr","12":"associated_application-applications-generales-fr-secteur-du-transport-fr","13":"associated_application-applications-specialisees-fr","14":"associated_application-assemblage-de-harnais-et-de-cables-fr","15":"associated_application-industrie-aerospatiale-fr","16":"associated_application-processus-general-de-fabrication-fr","17":"associated_application-secteur-du-transport-fr","18":"associated_application-secteur-electrique-et-electronique-fr-industrie-aerospatiale-fr","19":"associated_application-secteur-de-lentretien-de-la-reparation-et-de-lexploitationmro-fr","21":"first","22":"instock","23":"product-type-simple"},"acf":[],"yoast_head":"<!-- This site is optimized with the Yoast SEO Premium plugin v24.1 (Yoast SEO v27.0) - https:\/\/yoast.com\/product\/yoast-seo-premium-wordpress\/ -->\n<title>RG47 - IPG<\/title>\n<meta name=\"robots\" content=\"index, follow, max-snippet:-1, max-image-preview:large, max-video-preview:-1\" \/>\n<link rel=\"canonical\" href=\"https:\/\/www.itape.com\/fr\/product\/rg47-fr\/\" \/>\n<meta property=\"og:locale\" content=\"fr_FR\" \/>\n<meta property=\"og:type\" content=\"article\" \/>\n<meta property=\"og:title\" content=\"RG47\" \/>\n<meta property=\"og:description\" content=\"Haute temp\u00e9rature\u00a0: r\u00e9sistance \u00e0 la traction, stabilit\u00e9 dimensionnelle et \u00e9paisseur r\u00e9guli\u00e8re associ\u00e9s \u00e0 des propri\u00e9t\u00e9s \u00e9lev\u00e9es de maintien font du RG47 un excellent choix pour le raccordement, principalement de mat\u00e9riaux pr\u00e9sentant des surfaces rugueuses et\/ou une faible r\u00e9sistance interne (p. ex. textiles, mat\u00e9riaux de toiture).\" \/>\n<meta property=\"og:url\" content=\"https:\/\/www.itape.com\/fr\/product\/rg47-fr\/\" \/>\n<meta property=\"og:site_name\" content=\"IPG\" \/>\n<meta property=\"article:publisher\" content=\"https:\/\/www.facebook.com\/intertape\" \/>\n<meta property=\"article:modified_time\" content=\"2023-01-12T15:15:02+00:00\" \/>\n<meta property=\"og:image\" content=\"https:\/\/www.itape.com\/wp-content\/uploads\/2023\/01\/RG47_high.webp\" \/>\n\t<meta property=\"og:image:width\" content=\"2400\" \/>\n\t<meta property=\"og:image:height\" content=\"2400\" \/>\n\t<meta property=\"og:image:type\" content=\"image\/webp\" \/>\n<meta name=\"twitter:card\" content=\"summary_large_image\" \/>\n<meta name=\"twitter:site\" content=\"@IPGtape\" \/>\n<meta name=\"twitter:label1\" content=\"Price\" \/>\n\t<meta name=\"twitter:data1\" content=\"\" \/>\n\t<meta name=\"twitter:label2\" content=\"Availability\" \/>\n\t<meta name=\"twitter:data2\" content=\"In stock\" \/>\n<script type=\"application\/ld+json\" class=\"yoast-schema-graph\">{\"@context\":\"https:\/\/schema.org\",\"@graph\":[{\"@type\":\"WebPage\",\"@id\":\"https:\/\/www.itape.com\/fr\/product\/rg47-fr\/\",\"url\":\"https:\/\/www.itape.com\/fr\/product\/rg47-fr\/\",\"name\":\"RG47 - IPG\",\"isPartOf\":{\"@id\":\"https:\/\/www.itape.com\/#website\"},\"primaryImageOfPage\":{\"@id\":\"https:\/\/www.itape.com\/fr\/product\/rg47-fr\/#primaryimage\"},\"image\":{\"@id\":\"https:\/\/www.itape.com\/fr\/product\/rg47-fr\/#primaryimage\"},\"thumbnailUrl\":\"https:\/\/www.itape.com\/wp-content\/uploads\/2023\/01\/RG47_high.webp\",\"datePublished\":\"2023-01-12T14:31:52+00:00\",\"dateModified\":\"2023-01-12T15:15:02+00:00\",\"breadcrumb\":{\"@id\":\"https:\/\/www.itape.com\/fr\/product\/rg47-fr\/#breadcrumb\"},\"inLanguage\":\"fr-FR\",\"potentialAction\":[{\"@type\":\"ReadAction\",\"target\":[\"https:\/\/www.itape.com\/fr\/product\/rg47-fr\/\"]}]},{\"@type\":\"ImageObject\",\"inLanguage\":\"fr-FR\",\"@id\":\"https:\/\/www.itape.com\/fr\/product\/rg47-fr\/#primaryimage\",\"url\":\"https:\/\/www.itape.com\/wp-content\/uploads\/2023\/01\/RG47_high.webp\",\"contentUrl\":\"https:\/\/www.itape.com\/wp-content\/uploads\/2023\/01\/RG47_high.webp\",\"width\":2400,\"height\":2400,\"caption\":\"IPG RG47\"},{\"@type\":\"BreadcrumbList\",\"@id\":\"https:\/\/www.itape.com\/fr\/product\/rg47-fr\/#breadcrumb\",\"itemListElement\":[{\"@type\":\"ListItem\",\"position\":1,\"name\":\"Home\",\"item\":\"https:\/\/www.itape.com\/fr\/\"},{\"@type\":\"ListItem\",\"position\":2,\"name\":\"Products\",\"item\":\"https:\/\/www.itape.com\/products\/\"},{\"@type\":\"ListItem\",\"position\":3,\"name\":\"RG47\"}]},{\"@type\":\"WebSite\",\"@id\":\"https:\/\/www.itape.com\/#website\",\"url\":\"https:\/\/www.itape.com\/\",\"name\":\"IPG\",\"description\":\"Global Leader in Packaging and Protective Solutions\",\"publisher\":{\"@id\":\"https:\/\/www.itape.com\/#organization\"},\"potentialAction\":[{\"@type\":\"SearchAction\",\"target\":{\"@type\":\"EntryPoint\",\"urlTemplate\":\"https:\/\/www.itape.com\/?s={search_term_string}\"},\"query-input\":{\"@type\":\"PropertyValueSpecification\",\"valueRequired\":true,\"valueName\":\"search_term_string\"}}],\"inLanguage\":\"fr-FR\"},{\"@type\":\"Organization\",\"@id\":\"https:\/\/www.itape.com\/#organization\",\"name\":\"IPG\",\"url\":\"https:\/\/www.itape.com\/\",\"logo\":{\"@type\":\"ImageObject\",\"inLanguage\":\"fr-FR\",\"@id\":\"https:\/\/www.itape.com\/#\/schema\/logo\/image\/\",\"url\":\"https:\/\/www.itape.com\/wp-content\/uploads\/2024\/06\/IPG-logo-2.png\",\"contentUrl\":\"https:\/\/www.itape.com\/wp-content\/uploads\/2024\/06\/IPG-logo-2.png\",\"width\":60,\"height\":60,\"caption\":\"IPG\"},\"image\":{\"@id\":\"https:\/\/www.itape.com\/#\/schema\/logo\/image\/\"},\"sameAs\":[\"https:\/\/www.facebook.com\/intertape\",\"https:\/\/x.com\/IPGtape\",\"https:\/\/www.linkedin.com\/company\/intertape-polymer-group\",\"https:\/\/www.instagram.com\/ipgtape\",\"https:\/\/www.youtube.com\/user\/IPGtape\"]}]}<\/script>\n<meta property=\"product:price:currency\" content=\"USD\" \/>\n<meta property=\"og:availability\" content=\"instock\" \/>\n<meta property=\"product:availability\" content=\"instock\" \/>\n<meta property=\"product:retailer_item_id\" content=\"3d55a08df063\" \/>\n<meta property=\"product:condition\" content=\"new\" \/>\n<!-- \/ Yoast SEO Premium plugin. -->","yoast_head_json":{"title":"RG47 - IPG","robots":{"index":"index","follow":"follow","max-snippet":"max-snippet:-1","max-image-preview":"max-image-preview:large","max-video-preview":"max-video-preview:-1"},"canonical":"https:\/\/www.itape.com\/fr\/product\/rg47-fr\/","og_locale":"fr_FR","og_type":"article","og_title":"RG47","og_description":"Haute temp\u00e9rature\u00a0: r\u00e9sistance \u00e0 la traction, stabilit\u00e9 dimensionnelle et \u00e9paisseur r\u00e9guli\u00e8re associ\u00e9s \u00e0 des propri\u00e9t\u00e9s \u00e9lev\u00e9es de maintien font du RG47 un excellent choix pour le raccordement, principalement de mat\u00e9riaux pr\u00e9sentant des surfaces rugueuses et\/ou une faible r\u00e9sistance interne (p. ex. textiles, mat\u00e9riaux de toiture).","og_url":"https:\/\/www.itape.com\/fr\/product\/rg47-fr\/","og_site_name":"IPG","article_publisher":"https:\/\/www.facebook.com\/intertape","article_modified_time":"2023-01-12T15:15:02+00:00","og_image":[{"width":2400,"height":2400,"url":"https:\/\/www.itape.com\/wp-content\/uploads\/2023\/01\/RG47_high.webp","type":"image\/webp"}],"twitter_card":"summary_large_image","twitter_site":"@IPGtape","twitter_misc":{"Price":"","Availability":"In stock"},"schema":{"@context":"https:\/\/schema.org","@graph":[{"@type":"WebPage","@id":"https:\/\/www.itape.com\/fr\/product\/rg47-fr\/","url":"https:\/\/www.itape.com\/fr\/product\/rg47-fr\/","name":"RG47 - IPG","isPartOf":{"@id":"https:\/\/www.itape.com\/#website"},"primaryImageOfPage":{"@id":"https:\/\/www.itape.com\/fr\/product\/rg47-fr\/#primaryimage"},"image":{"@id":"https:\/\/www.itape.com\/fr\/product\/rg47-fr\/#primaryimage"},"thumbnailUrl":"https:\/\/www.itape.com\/wp-content\/uploads\/2023\/01\/RG47_high.webp","datePublished":"2023-01-12T14:31:52+00:00","dateModified":"2023-01-12T15:15:02+00:00","breadcrumb":{"@id":"https:\/\/www.itape.com\/fr\/product\/rg47-fr\/#breadcrumb"},"inLanguage":"fr-FR","potentialAction":[{"@type":"ReadAction","target":["https:\/\/www.itape.com\/fr\/product\/rg47-fr\/"]}]},{"@type":"ImageObject","inLanguage":"fr-FR","@id":"https:\/\/www.itape.com\/fr\/product\/rg47-fr\/#primaryimage","url":"https:\/\/www.itape.com\/wp-content\/uploads\/2023\/01\/RG47_high.webp","contentUrl":"https:\/\/www.itape.com\/wp-content\/uploads\/2023\/01\/RG47_high.webp","width":2400,"height":2400,"caption":"IPG RG47"},{"@type":"BreadcrumbList","@id":"https:\/\/www.itape.com\/fr\/product\/rg47-fr\/#breadcrumb","itemListElement":[{"@type":"ListItem","position":1,"name":"Home","item":"https:\/\/www.itape.com\/fr\/"},{"@type":"ListItem","position":2,"name":"Products","item":"https:\/\/www.itape.com\/products\/"},{"@type":"ListItem","position":3,"name":"RG47"}]},{"@type":"WebSite","@id":"https:\/\/www.itape.com\/#website","url":"https:\/\/www.itape.com\/","name":"IPG","description":"Global Leader in Packaging and Protective Solutions","publisher":{"@id":"https:\/\/www.itape.com\/#organization"},"potentialAction":[{"@type":"SearchAction","target":{"@type":"EntryPoint","urlTemplate":"https:\/\/www.itape.com\/?s={search_term_string}"},"query-input":{"@type":"PropertyValueSpecification","valueRequired":true,"valueName":"search_term_string"}}],"inLanguage":"fr-FR"},{"@type":"Organization","@id":"https:\/\/www.itape.com\/#organization","name":"IPG","url":"https:\/\/www.itape.com\/","logo":{"@type":"ImageObject","inLanguage":"fr-FR","@id":"https:\/\/www.itape.com\/#\/schema\/logo\/image\/","url":"https:\/\/www.itape.com\/wp-content\/uploads\/2024\/06\/IPG-logo-2.png","contentUrl":"https:\/\/www.itape.com\/wp-content\/uploads\/2024\/06\/IPG-logo-2.png","width":60,"height":60,"caption":"IPG"},"image":{"@id":"https:\/\/www.itape.com\/#\/schema\/logo\/image\/"},"sameAs":["https:\/\/www.facebook.com\/intertape","https:\/\/x.com\/IPGtape","https:\/\/www.linkedin.com\/company\/intertape-polymer-group","https:\/\/www.instagram.com\/ipgtape","https:\/\/www.youtube.com\/user\/IPGtape"]}]},"product_price_currency":"USD","og_availability":"instock","product_availability":"instock","product_retailer_item_id":"3d55a08df063","product_condition":"new"},"parsely":{"version":"1.1.0","canonical_url":"https:\/\/itape.com\/fr\/product\/rg47-fr\/","smart_links":{"inbound":0,"outbound":0},"traffic_boost_suggestions_count":0,"meta":{"@context":"https:\/\/schema.org","@type":"WebPage","headline":"RG47","url":"https:\/\/www.itape.com\/fr\/product\/rg47-fr\/","mainEntityOfPage":{"@type":"WebPage","@id":"https:\/\/www.itape.com\/fr\/product\/rg47-fr\/"},"thumbnailUrl":"https:\/\/www.itape.com\/wp-content\/uploads\/2023\/01\/RG47_high.webp?w=150&h=150&crop=1","image":{"@type":"ImageObject","url":"https:\/\/www.itape.com\/wp-content\/uploads\/2023\/01\/RG47_high.webp"},"articleSection":"Non classifi\u00e9(e)","author":[{"@type":"Person","name":"IPG"}],"creator":["IPG"],"publisher":{"@type":"Organization","name":"IPG","logo":"https:\/\/www.itape.com\/wp-content\/uploads\/2023\/03\/IPG-logo-2.png"},"keywords":[],"dateCreated":"2023-01-12T14:31:52Z","datePublished":"2023-01-12T14:31:52Z","dateModified":"2023-01-12T15:15:02Z"},"rendered":"<meta name=\"parsely-title\" content=\"RG47\" \/>\n<meta name=\"parsely-link\" content=\"https:\/\/www.itape.com\/fr\/product\/rg47-fr\/\" \/>\n<meta name=\"parsely-type\" content=\"index\" \/>\n<meta name=\"parsely-image-url\" content=\"https:\/\/www.itape.com\/wp-content\/uploads\/2023\/01\/RG47_high.webp?w=150&amp;h=150&amp;crop=1\" \/>\n<meta name=\"parsely-pub-date\" content=\"2023-01-12T14:31:52Z\" \/>\n<meta name=\"parsely-section\" content=\"Non classifi\u00e9(e)\" \/>\n<meta name=\"parsely-author\" content=\"IPG\" \/>","tracker_url":"https:\/\/cdn.parsely.com\/keys\/itape.com\/p.js"},"jetpack_sharing_enabled":true,"_links":{"self":[{"href":"https:\/\/www.itape.com\/fr\/wp-json\/wp\/v2\/product\/47055","targetHints":{"allow":["GET"]}}],"collection":[{"href":"https:\/\/www.itape.com\/fr\/wp-json\/wp\/v2\/product"}],"about":[{"href":"https:\/\/www.itape.com\/fr\/wp-json\/wp\/v2\/types\/product"}],"replies":[{"embeddable":true,"href":"https:\/\/www.itape.com\/fr\/wp-json\/wp\/v2\/comments?post=47055"}],"wp:featuredmedia":[{"embeddable":true,"href":"https:\/\/www.itape.com\/fr\/wp-json\/wp\/v2\/media\/63921"}],"wp:attachment":[{"href":"https:\/\/www.itape.com\/fr\/wp-json\/wp\/v2\/media?parent=47055"}],"wp:term":[{"taxonomy":"product_brand","embeddable":true,"href":"https:\/\/www.itape.com\/fr\/wp-json\/wp\/v2\/product_brand?post=47055"},{"taxonomy":"product_cat","embeddable":true,"href":"https:\/\/www.itape.com\/fr\/wp-json\/wp\/v2\/product_cat?post=47055"},{"taxonomy":"product_tag","embeddable":true,"href":"https:\/\/www.itape.com\/fr\/wp-json\/wp\/v2\/product_tag?post=47055"},{"taxonomy":"associated_application","embeddable":true,"href":"https:\/\/www.itape.com\/fr\/wp-json\/wp\/v2\/associated_application?post=47055"}],"curies":[{"name":"wp","href":"https:\/\/api.w.org\/{rel}","templated":true}]}}