{"id":47101,"date":"2023-01-12T14:32:20","date_gmt":"2023-01-12T14:32:20","guid":{"rendered":"https:\/\/www.itape.com\/product\/alf300-fr\/"},"modified":"2023-03-06T16:05:17","modified_gmt":"2023-03-06T16:05:17","slug":"alf300-fr","status":"publish","type":"product","link":"https:\/\/www.itape.com\/fr\/product\/alf300-fr\/","title":{"rendered":"ALF300"},"content":{"rendered":"","protected":false},"excerpt":{"rendered":"<p>BAC D6-1816, BAC D6-34501, rev. H, SAE-AMS-T-23397B, UL-723, ASTM E84 Le ruban m\u00e9tallique en aluminium extra mou permet une adh\u00e9sion instantan\u00e9e r\u00e9sistant \u00e0 l&rsquo;eau sur des surfaces propres\/s\u00e8ches. Adh\u00e8re sur lui-m\u00eame (si superpos\u00e9) mais se distribue du rouleau pour une application ais\u00e9e. S&rsquo;adapte \u00e0 des surfaces irr\u00e9guli\u00e8res\/courb\u00e9es car il est flexible et r\u00e9siste aux fissures et soul\u00e8vements. Masquage pour le d\u00e9capage chimique de peinture des avions et utilisation comme protection pour le ruban de sablage PMB (proc\u00e9d\u00e9 de d\u00e9capage \u00e0 sec). \u00c9galement utilis\u00e9 pour la galvanoplastie, la r\u00e9flexion\/dissipation de chaleur et pour sceller et \u00e9tancher les panneaux de conduits en fibre de verre, les travaux sur tuyaux m\u00e9talliques et le bandage des tuyaux flexibles afin d&rsquo;am\u00e9liorer l&rsquo;aspect et de conserver l&rsquo;int\u00e9grit\u00e9 de la barri\u00e8re de vapeur. Enroulage automatique.<\/p>\n","protected":false},"featured_media":52793,"comment_status":"closed","ping_status":"closed","template":"","meta":{"_acf_changed":false},"product_brand":[],"product_cat":[7699,7716,7737,7702],"product_tag":[6187],"associated_application":[6017,5993,6144,5999,7675,5995,6016,6018,6009,5992,6004,6005,6115,6001,6008,6007],"class_list":{"0":"post-47101","1":"product","2":"type-product","3":"status-publish","4":"has-post-thumbnail","6":"product_cat-building-and-construction-products-fr","7":"product_cat-building-and-construction-products-ruban-metallique-fr","8":"product_cat-industrial-tapes-ruban-metallique-fr","9":"product_cat-industrial-tapes-fr","10":"product_tag-premium-fr","11":"associated_application-airbus-fr","12":"associated_application-appareil-fr","13":"associated_application-applications-generales-fr-secteur-du-transport-fr","14":"associated_application-assainissement-et-restauration-fr","15":"associated_application-assemblage-montage-congelateur","16":"associated_application-batiment-et-construction-fr","17":"associated_application-boeing-fr","18":"associated_application-certification-du-gouvernement-et-de-larmee-fr","19":"associated_application-decapage-chimique-fr","20":"associated_application-industrie-aerospatiale-fr","21":"associated_application-industrie-du-cvc-fr","22":"associated_application-industrie-maritime-et-des-composites-fr","23":"associated_application-oem-fabrication-fr","24":"associated_application-processus-general-de-fabrication-fr","25":"associated_application-secteur-de-lentreposage-daeronefs-fr","26":"associated_application-secteur-du-transport-fr","28":"first","29":"instock","30":"product-type-simple"},"acf":[],"yoast_head":"<!-- This site is optimized with the Yoast SEO Premium plugin v24.1 (Yoast SEO v27.0) - https:\/\/yoast.com\/product\/yoast-seo-premium-wordpress\/ -->\n<title>ALF300 - IPG<\/title>\n<meta name=\"robots\" content=\"index, follow, max-snippet:-1, max-image-preview:large, max-video-preview:-1\" \/>\n<link rel=\"canonical\" href=\"https:\/\/www.itape.com\/fr\/product\/alf300-fr\/\" \/>\n<meta property=\"og:locale\" content=\"fr_FR\" \/>\n<meta property=\"og:type\" content=\"article\" \/>\n<meta property=\"og:title\" content=\"ALF300\" \/>\n<meta property=\"og:description\" content=\"BAC D6-1816, BAC D6-34501, rev. H, SAE-AMS-T-23397B, UL-723, ASTM E84 Le ruban m\u00e9tallique en aluminium extra mou permet une adh\u00e9sion instantan\u00e9e r\u00e9sistant \u00e0 l&#039;eau sur des surfaces propres\/s\u00e8ches. Adh\u00e8re sur lui-m\u00eame (si superpos\u00e9) mais se distribue du rouleau pour une application ais\u00e9e. S&#039;adapte \u00e0 des surfaces irr\u00e9guli\u00e8res\/courb\u00e9es car il est flexible et r\u00e9siste aux fissures et soul\u00e8vements. Masquage pour le d\u00e9capage chimique de peinture des avions et utilisation comme protection pour le ruban de sablage PMB (proc\u00e9d\u00e9 de d\u00e9capage \u00e0 sec). \u00c9galement utilis\u00e9 pour la galvanoplastie, la r\u00e9flexion\/dissipation de chaleur et pour sceller et \u00e9tancher les panneaux de conduits en fibre de verre, les travaux sur tuyaux m\u00e9talliques et le bandage des tuyaux flexibles afin d&#039;am\u00e9liorer l&#039;aspect et de conserver l&#039;int\u00e9grit\u00e9 de la barri\u00e8re de vapeur. Enroulage automatique.\" \/>\n<meta property=\"og:url\" content=\"https:\/\/www.itape.com\/fr\/product\/alf300-fr\/\" \/>\n<meta property=\"og:site_name\" content=\"IPG\" \/>\n<meta property=\"article:publisher\" content=\"https:\/\/www.facebook.com\/intertape\" \/>\n<meta property=\"article:modified_time\" content=\"2023-03-06T16:05:17+00:00\" \/>\n<meta property=\"og:image\" content=\"https:\/\/www.itape.com\/wp-content\/uploads\/2023\/01\/ALF300_high.jpg\" \/>\n\t<meta property=\"og:image:width\" content=\"2400\" \/>\n\t<meta property=\"og:image:height\" content=\"2400\" \/>\n\t<meta property=\"og:image:type\" content=\"image\/jpeg\" \/>\n<meta name=\"twitter:card\" content=\"summary_large_image\" \/>\n<meta name=\"twitter:site\" content=\"@IPGtape\" \/>\n<meta name=\"twitter:label1\" content=\"Price\" \/>\n\t<meta name=\"twitter:data1\" content=\"\" \/>\n\t<meta name=\"twitter:label2\" content=\"Availability\" \/>\n\t<meta name=\"twitter:data2\" content=\"In stock\" \/>\n<script type=\"application\/ld+json\" class=\"yoast-schema-graph\">{\"@context\":\"https:\/\/schema.org\",\"@graph\":[{\"@type\":\"WebPage\",\"@id\":\"https:\/\/www.itape.com\/fr\/product\/alf300-fr\/\",\"url\":\"https:\/\/www.itape.com\/fr\/product\/alf300-fr\/\",\"name\":\"ALF300 - IPG\",\"isPartOf\":{\"@id\":\"https:\/\/www.itape.com\/#website\"},\"primaryImageOfPage\":{\"@id\":\"https:\/\/www.itape.com\/fr\/product\/alf300-fr\/#primaryimage\"},\"image\":{\"@id\":\"https:\/\/www.itape.com\/fr\/product\/alf300-fr\/#primaryimage\"},\"thumbnailUrl\":\"https:\/\/www.itape.com\/wp-content\/uploads\/2023\/01\/ALF300_high.jpg\",\"datePublished\":\"2023-01-12T14:32:20+00:00\",\"dateModified\":\"2023-03-06T16:05:17+00:00\",\"breadcrumb\":{\"@id\":\"https:\/\/www.itape.com\/fr\/product\/alf300-fr\/#breadcrumb\"},\"inLanguage\":\"fr-FR\",\"potentialAction\":[{\"@type\":\"ReadAction\",\"target\":[\"https:\/\/www.itape.com\/fr\/product\/alf300-fr\/\"]}]},{\"@type\":\"ImageObject\",\"inLanguage\":\"fr-FR\",\"@id\":\"https:\/\/www.itape.com\/fr\/product\/alf300-fr\/#primaryimage\",\"url\":\"https:\/\/www.itape.com\/wp-content\/uploads\/2023\/01\/ALF300_high.jpg\",\"contentUrl\":\"https:\/\/www.itape.com\/wp-content\/uploads\/2023\/01\/ALF300_high.jpg\",\"width\":2400,\"height\":2400,\"caption\":\"ALF300__Foil\"},{\"@type\":\"BreadcrumbList\",\"@id\":\"https:\/\/www.itape.com\/fr\/product\/alf300-fr\/#breadcrumb\",\"itemListElement\":[{\"@type\":\"ListItem\",\"position\":1,\"name\":\"Home\",\"item\":\"https:\/\/www.itape.com\/fr\/\"},{\"@type\":\"ListItem\",\"position\":2,\"name\":\"Products\",\"item\":\"https:\/\/www.itape.com\/products\/\"},{\"@type\":\"ListItem\",\"position\":3,\"name\":\"ALF300\"}]},{\"@type\":\"WebSite\",\"@id\":\"https:\/\/www.itape.com\/#website\",\"url\":\"https:\/\/www.itape.com\/\",\"name\":\"IPG\",\"description\":\"Global Leader in Packaging and Protective Solutions\",\"publisher\":{\"@id\":\"https:\/\/www.itape.com\/#organization\"},\"potentialAction\":[{\"@type\":\"SearchAction\",\"target\":{\"@type\":\"EntryPoint\",\"urlTemplate\":\"https:\/\/www.itape.com\/?s={search_term_string}\"},\"query-input\":{\"@type\":\"PropertyValueSpecification\",\"valueRequired\":true,\"valueName\":\"search_term_string\"}}],\"inLanguage\":\"fr-FR\"},{\"@type\":\"Organization\",\"@id\":\"https:\/\/www.itape.com\/#organization\",\"name\":\"IPG\",\"url\":\"https:\/\/www.itape.com\/\",\"logo\":{\"@type\":\"ImageObject\",\"inLanguage\":\"fr-FR\",\"@id\":\"https:\/\/www.itape.com\/#\/schema\/logo\/image\/\",\"url\":\"https:\/\/www.itape.com\/wp-content\/uploads\/2024\/06\/IPG-logo-2.png\",\"contentUrl\":\"https:\/\/www.itape.com\/wp-content\/uploads\/2024\/06\/IPG-logo-2.png\",\"width\":60,\"height\":60,\"caption\":\"IPG\"},\"image\":{\"@id\":\"https:\/\/www.itape.com\/#\/schema\/logo\/image\/\"},\"sameAs\":[\"https:\/\/www.facebook.com\/intertape\",\"https:\/\/x.com\/IPGtape\",\"https:\/\/www.linkedin.com\/company\/intertape-polymer-group\",\"https:\/\/www.instagram.com\/ipgtape\",\"https:\/\/www.youtube.com\/user\/IPGtape\"]}]}<\/script>\n<meta property=\"product:price:currency\" content=\"USD\" \/>\n<meta property=\"og:availability\" content=\"instock\" \/>\n<meta property=\"product:availability\" content=\"instock\" \/>\n<meta property=\"product:retailer_item_id\" content=\"4bfff699d55d\" \/>\n<meta property=\"product:condition\" content=\"new\" \/>\n<!-- \/ Yoast SEO Premium plugin. -->","yoast_head_json":{"title":"ALF300 - IPG","robots":{"index":"index","follow":"follow","max-snippet":"max-snippet:-1","max-image-preview":"max-image-preview:large","max-video-preview":"max-video-preview:-1"},"canonical":"https:\/\/www.itape.com\/fr\/product\/alf300-fr\/","og_locale":"fr_FR","og_type":"article","og_title":"ALF300","og_description":"BAC D6-1816, BAC D6-34501, rev. H, SAE-AMS-T-23397B, UL-723, ASTM E84 Le ruban m\u00e9tallique en aluminium extra mou permet une adh\u00e9sion instantan\u00e9e r\u00e9sistant \u00e0 l'eau sur des surfaces propres\/s\u00e8ches. Adh\u00e8re sur lui-m\u00eame (si superpos\u00e9) mais se distribue du rouleau pour une application ais\u00e9e. S'adapte \u00e0 des surfaces irr\u00e9guli\u00e8res\/courb\u00e9es car il est flexible et r\u00e9siste aux fissures et soul\u00e8vements. Masquage pour le d\u00e9capage chimique de peinture des avions et utilisation comme protection pour le ruban de sablage PMB (proc\u00e9d\u00e9 de d\u00e9capage \u00e0 sec). \u00c9galement utilis\u00e9 pour la galvanoplastie, la r\u00e9flexion\/dissipation de chaleur et pour sceller et \u00e9tancher les panneaux de conduits en fibre de verre, les travaux sur tuyaux m\u00e9talliques et le bandage des tuyaux flexibles afin d'am\u00e9liorer l'aspect et de conserver l'int\u00e9grit\u00e9 de la barri\u00e8re de vapeur. Enroulage automatique.","og_url":"https:\/\/www.itape.com\/fr\/product\/alf300-fr\/","og_site_name":"IPG","article_publisher":"https:\/\/www.facebook.com\/intertape","article_modified_time":"2023-03-06T16:05:17+00:00","og_image":[{"width":2400,"height":2400,"url":"https:\/\/www.itape.com\/wp-content\/uploads\/2023\/01\/ALF300_high.jpg","type":"image\/jpeg"}],"twitter_card":"summary_large_image","twitter_site":"@IPGtape","twitter_misc":{"Price":"","Availability":"In stock"},"schema":{"@context":"https:\/\/schema.org","@graph":[{"@type":"WebPage","@id":"https:\/\/www.itape.com\/fr\/product\/alf300-fr\/","url":"https:\/\/www.itape.com\/fr\/product\/alf300-fr\/","name":"ALF300 - IPG","isPartOf":{"@id":"https:\/\/www.itape.com\/#website"},"primaryImageOfPage":{"@id":"https:\/\/www.itape.com\/fr\/product\/alf300-fr\/#primaryimage"},"image":{"@id":"https:\/\/www.itape.com\/fr\/product\/alf300-fr\/#primaryimage"},"thumbnailUrl":"https:\/\/www.itape.com\/wp-content\/uploads\/2023\/01\/ALF300_high.jpg","datePublished":"2023-01-12T14:32:20+00:00","dateModified":"2023-03-06T16:05:17+00:00","breadcrumb":{"@id":"https:\/\/www.itape.com\/fr\/product\/alf300-fr\/#breadcrumb"},"inLanguage":"fr-FR","potentialAction":[{"@type":"ReadAction","target":["https:\/\/www.itape.com\/fr\/product\/alf300-fr\/"]}]},{"@type":"ImageObject","inLanguage":"fr-FR","@id":"https:\/\/www.itape.com\/fr\/product\/alf300-fr\/#primaryimage","url":"https:\/\/www.itape.com\/wp-content\/uploads\/2023\/01\/ALF300_high.jpg","contentUrl":"https:\/\/www.itape.com\/wp-content\/uploads\/2023\/01\/ALF300_high.jpg","width":2400,"height":2400,"caption":"ALF300__Foil"},{"@type":"BreadcrumbList","@id":"https:\/\/www.itape.com\/fr\/product\/alf300-fr\/#breadcrumb","itemListElement":[{"@type":"ListItem","position":1,"name":"Home","item":"https:\/\/www.itape.com\/fr\/"},{"@type":"ListItem","position":2,"name":"Products","item":"https:\/\/www.itape.com\/products\/"},{"@type":"ListItem","position":3,"name":"ALF300"}]},{"@type":"WebSite","@id":"https:\/\/www.itape.com\/#website","url":"https:\/\/www.itape.com\/","name":"IPG","description":"Global Leader in Packaging and Protective Solutions","publisher":{"@id":"https:\/\/www.itape.com\/#organization"},"potentialAction":[{"@type":"SearchAction","target":{"@type":"EntryPoint","urlTemplate":"https:\/\/www.itape.com\/?s={search_term_string}"},"query-input":{"@type":"PropertyValueSpecification","valueRequired":true,"valueName":"search_term_string"}}],"inLanguage":"fr-FR"},{"@type":"Organization","@id":"https:\/\/www.itape.com\/#organization","name":"IPG","url":"https:\/\/www.itape.com\/","logo":{"@type":"ImageObject","inLanguage":"fr-FR","@id":"https:\/\/www.itape.com\/#\/schema\/logo\/image\/","url":"https:\/\/www.itape.com\/wp-content\/uploads\/2024\/06\/IPG-logo-2.png","contentUrl":"https:\/\/www.itape.com\/wp-content\/uploads\/2024\/06\/IPG-logo-2.png","width":60,"height":60,"caption":"IPG"},"image":{"@id":"https:\/\/www.itape.com\/#\/schema\/logo\/image\/"},"sameAs":["https:\/\/www.facebook.com\/intertape","https:\/\/x.com\/IPGtape","https:\/\/www.linkedin.com\/company\/intertape-polymer-group","https:\/\/www.instagram.com\/ipgtape","https:\/\/www.youtube.com\/user\/IPGtape"]}]},"product_price_currency":"USD","og_availability":"instock","product_availability":"instock","product_retailer_item_id":"4bfff699d55d","product_condition":"new"},"parsely":{"version":"1.1.0","canonical_url":"https:\/\/itape.com\/fr\/product\/alf300-fr\/","smart_links":{"inbound":0,"outbound":0},"traffic_boost_suggestions_count":0,"meta":{"@context":"https:\/\/schema.org","@type":"WebPage","headline":"ALF300","url":"https:\/\/www.itape.com\/fr\/product\/alf300-fr\/","mainEntityOfPage":{"@type":"WebPage","@id":"https:\/\/www.itape.com\/fr\/product\/alf300-fr\/"},"thumbnailUrl":"https:\/\/www.itape.com\/wp-content\/uploads\/2023\/01\/ALF300_high.jpg?w=150&h=150&crop=1","image":{"@type":"ImageObject","url":"https:\/\/www.itape.com\/wp-content\/uploads\/2023\/01\/ALF300_high.jpg"},"articleSection":"Non classifi\u00e9(e)","author":[{"@type":"Person","name":"IPG"}],"creator":["IPG"],"publisher":{"@type":"Organization","name":"IPG","logo":"https:\/\/www.itape.com\/wp-content\/uploads\/2023\/03\/IPG-logo-2.png"},"keywords":[],"dateCreated":"2023-01-12T14:32:20Z","datePublished":"2023-01-12T14:32:20Z","dateModified":"2023-03-06T16:05:17Z"},"rendered":"<meta name=\"parsely-title\" content=\"ALF300\" \/>\n<meta name=\"parsely-link\" content=\"https:\/\/www.itape.com\/fr\/product\/alf300-fr\/\" \/>\n<meta name=\"parsely-type\" content=\"index\" \/>\n<meta name=\"parsely-image-url\" content=\"https:\/\/www.itape.com\/wp-content\/uploads\/2023\/01\/ALF300_high.jpg?w=150&amp;h=150&amp;crop=1\" \/>\n<meta name=\"parsely-pub-date\" content=\"2023-01-12T14:32:20Z\" \/>\n<meta name=\"parsely-section\" content=\"Non classifi\u00e9(e)\" \/>\n<meta name=\"parsely-author\" content=\"IPG\" \/>","tracker_url":"https:\/\/cdn.parsely.com\/keys\/itape.com\/p.js"},"jetpack_sharing_enabled":true,"_links":{"self":[{"href":"https:\/\/www.itape.com\/fr\/wp-json\/wp\/v2\/product\/47101","targetHints":{"allow":["GET"]}}],"collection":[{"href":"https:\/\/www.itape.com\/fr\/wp-json\/wp\/v2\/product"}],"about":[{"href":"https:\/\/www.itape.com\/fr\/wp-json\/wp\/v2\/types\/product"}],"replies":[{"embeddable":true,"href":"https:\/\/www.itape.com\/fr\/wp-json\/wp\/v2\/comments?post=47101"}],"wp:featuredmedia":[{"embeddable":true,"href":"https:\/\/www.itape.com\/fr\/wp-json\/wp\/v2\/media\/52793"}],"wp:attachment":[{"href":"https:\/\/www.itape.com\/fr\/wp-json\/wp\/v2\/media?parent=47101"}],"wp:term":[{"taxonomy":"product_brand","embeddable":true,"href":"https:\/\/www.itape.com\/fr\/wp-json\/wp\/v2\/product_brand?post=47101"},{"taxonomy":"product_cat","embeddable":true,"href":"https:\/\/www.itape.com\/fr\/wp-json\/wp\/v2\/product_cat?post=47101"},{"taxonomy":"product_tag","embeddable":true,"href":"https:\/\/www.itape.com\/fr\/wp-json\/wp\/v2\/product_tag?post=47101"},{"taxonomy":"associated_application","embeddable":true,"href":"https:\/\/www.itape.com\/fr\/wp-json\/wp\/v2\/associated_application?post=47101"}],"curies":[{"name":"wp","href":"https:\/\/api.w.org\/{rel}","templated":true}]}}