{"id":47121,"date":"2023-01-12T14:32:32","date_gmt":"2023-01-12T14:32:32","guid":{"rendered":"https:\/\/www.itape.com\/product\/novaliner-40-fr\/"},"modified":"2023-01-12T15:15:58","modified_gmt":"2023-01-12T15:15:58","slug":"novaliner-40-fr","status":"publish","type":"product","link":"https:\/\/www.itape.com\/fr\/product\/novaliner-40-fr\/","title":{"rendered":"Novaliner  40"},"content":{"rendered":"<div class=\"prose\">Novaliner\u2122 40<\/p>\n<p>Un mat\u00e9riau lourd en poly\u00e9thyl\u00e8ne renforc\u00e9 dont le poids est la \u00bd de celui du PEHD non renforc\u00e9 standard de 40 mil, mais avec des propri\u00e9t\u00e9s physiques de r\u00e9sistance doubl\u00e9es. La formule du rev\u00eatement est con\u00e7ue afin d&rsquo;am\u00e9liorer la solidit\u00e9 et la r\u00e9sistance \u00e0 l&rsquo;abrasion. Ce produit est destin\u00e9 aux aux applications avec une exposition \u00e0 court terme.<\/p><\/div>\n","protected":false},"excerpt":{"rendered":"<p>Un mat\u00e9riau lourd en poly\u00e9thyl\u00e8ne renforc\u00e9 dont le poids est la \u00bd de celui du PEHD non renforc\u00e9 standard de 40 mil, mais avec des propri\u00e9t\u00e9s physiques de r\u00e9sistance doubl\u00e9es. La formule du rev\u00eatement est con\u00e7ue afin d&rsquo;am\u00e9liorer la solidit\u00e9 et la r\u00e9sistance \u00e0 l&rsquo;abrasion. Ce produit est destin\u00e9 aux aux applications avec une exposition \u00e0 court terme.<\/p>\n","protected":false},"featured_media":61312,"comment_status":"closed","ping_status":"closed","template":"","meta":{"_acf_changed":false},"product_brand":[],"product_cat":[6160,7728,7701],"product_tag":[6235],"associated_application":[6002],"class_list":{"0":"post-47121","1":"product","2":"type-product","3":"status-publish","4":"has-post-thumbnail","6":"product_cat-geomembrane-fr","7":"product_cat-engineered-coated-products-geomembrane-fr","8":"product_cat-engineered-coated-products-fr","9":"product_tag-long-term-fr","10":"associated_application-solutions-de-geomembranes-fr","12":"first","13":"instock","14":"product-type-simple"},"acf":[],"yoast_head":"<!-- This site is optimized with the Yoast SEO Premium plugin v24.1 (Yoast SEO v27.0) - https:\/\/yoast.com\/product\/yoast-seo-premium-wordpress\/ -->\n<title>Novaliner 40 - IPG<\/title>\n<meta name=\"robots\" content=\"index, follow, max-snippet:-1, max-image-preview:large, max-video-preview:-1\" \/>\n<link rel=\"canonical\" href=\"https:\/\/www.itape.com\/fr\/product\/novaliner-40-fr\/\" \/>\n<meta property=\"og:locale\" content=\"fr_FR\" \/>\n<meta property=\"og:type\" content=\"article\" \/>\n<meta property=\"og:title\" content=\"Novaliner 40\" \/>\n<meta property=\"og:description\" content=\"Un mat\u00e9riau lourd en poly\u00e9thyl\u00e8ne renforc\u00e9 dont le poids est la \u00bd de celui du PEHD non renforc\u00e9 standard de 40 mil, mais avec des propri\u00e9t\u00e9s physiques de r\u00e9sistance doubl\u00e9es. La formule du rev\u00eatement est con\u00e7ue afin d&#039;am\u00e9liorer la solidit\u00e9 et la r\u00e9sistance \u00e0 l&#039;abrasion. Ce produit est destin\u00e9 aux aux applications avec une exposition \u00e0 court terme.\" \/>\n<meta property=\"og:url\" content=\"https:\/\/www.itape.com\/fr\/product\/novaliner-40-fr\/\" \/>\n<meta property=\"og:site_name\" content=\"IPG\" \/>\n<meta property=\"article:publisher\" content=\"https:\/\/www.facebook.com\/intertape\" \/>\n<meta property=\"article:modified_time\" content=\"2023-01-12T15:15:58+00:00\" \/>\n<meta property=\"og:image\" content=\"https:\/\/www.itape.com\/wp-content\/uploads\/2023\/01\/Aquamaster-NovaLiner-40.jpg\" \/>\n\t<meta property=\"og:image:width\" content=\"1000\" \/>\n\t<meta property=\"og:image:height\" content=\"1000\" \/>\n\t<meta property=\"og:image:type\" content=\"image\/jpeg\" \/>\n<meta name=\"twitter:card\" content=\"summary_large_image\" \/>\n<meta name=\"twitter:site\" content=\"@IPGtape\" \/>\n<meta name=\"twitter:label1\" content=\"Price\" \/>\n\t<meta name=\"twitter:data1\" content=\"\" \/>\n\t<meta name=\"twitter:label2\" content=\"Availability\" \/>\n\t<meta name=\"twitter:data2\" content=\"In stock\" \/>\n<script type=\"application\/ld+json\" class=\"yoast-schema-graph\">{\"@context\":\"https:\/\/schema.org\",\"@graph\":[{\"@type\":\"WebPage\",\"@id\":\"https:\/\/www.itape.com\/fr\/product\/novaliner-40-fr\/\",\"url\":\"https:\/\/www.itape.com\/fr\/product\/novaliner-40-fr\/\",\"name\":\"Novaliner 40 - IPG\",\"isPartOf\":{\"@id\":\"https:\/\/www.itape.com\/#website\"},\"primaryImageOfPage\":{\"@id\":\"https:\/\/www.itape.com\/fr\/product\/novaliner-40-fr\/#primaryimage\"},\"image\":{\"@id\":\"https:\/\/www.itape.com\/fr\/product\/novaliner-40-fr\/#primaryimage\"},\"thumbnailUrl\":\"https:\/\/www.itape.com\/wp-content\/uploads\/2023\/01\/Aquamaster-NovaLiner-40.jpg\",\"datePublished\":\"2023-01-12T14:32:32+00:00\",\"dateModified\":\"2023-01-12T15:15:58+00:00\",\"breadcrumb\":{\"@id\":\"https:\/\/www.itape.com\/fr\/product\/novaliner-40-fr\/#breadcrumb\"},\"inLanguage\":\"fr-FR\",\"potentialAction\":[{\"@type\":\"ReadAction\",\"target\":[\"https:\/\/www.itape.com\/fr\/product\/novaliner-40-fr\/\"]}]},{\"@type\":\"ImageObject\",\"inLanguage\":\"fr-FR\",\"@id\":\"https:\/\/www.itape.com\/fr\/product\/novaliner-40-fr\/#primaryimage\",\"url\":\"https:\/\/www.itape.com\/wp-content\/uploads\/2023\/01\/Aquamaster-NovaLiner-40.jpg\",\"contentUrl\":\"https:\/\/www.itape.com\/wp-content\/uploads\/2023\/01\/Aquamaster-NovaLiner-40.jpg\",\"width\":1000,\"height\":1000,\"caption\":\"Aquamaster NovaLiner 40 - Geomembrane Liner\"},{\"@type\":\"BreadcrumbList\",\"@id\":\"https:\/\/www.itape.com\/fr\/product\/novaliner-40-fr\/#breadcrumb\",\"itemListElement\":[{\"@type\":\"ListItem\",\"position\":1,\"name\":\"Home\",\"item\":\"https:\/\/www.itape.com\/fr\/\"},{\"@type\":\"ListItem\",\"position\":2,\"name\":\"Products\",\"item\":\"https:\/\/www.itape.com\/products\/\"},{\"@type\":\"ListItem\",\"position\":3,\"name\":\"Novaliner 40\"}]},{\"@type\":\"WebSite\",\"@id\":\"https:\/\/www.itape.com\/#website\",\"url\":\"https:\/\/www.itape.com\/\",\"name\":\"IPG\",\"description\":\"Global Leader in Packaging and Protective Solutions\",\"publisher\":{\"@id\":\"https:\/\/www.itape.com\/#organization\"},\"potentialAction\":[{\"@type\":\"SearchAction\",\"target\":{\"@type\":\"EntryPoint\",\"urlTemplate\":\"https:\/\/www.itape.com\/?s={search_term_string}\"},\"query-input\":{\"@type\":\"PropertyValueSpecification\",\"valueRequired\":true,\"valueName\":\"search_term_string\"}}],\"inLanguage\":\"fr-FR\"},{\"@type\":\"Organization\",\"@id\":\"https:\/\/www.itape.com\/#organization\",\"name\":\"IPG\",\"url\":\"https:\/\/www.itape.com\/\",\"logo\":{\"@type\":\"ImageObject\",\"inLanguage\":\"fr-FR\",\"@id\":\"https:\/\/www.itape.com\/#\/schema\/logo\/image\/\",\"url\":\"https:\/\/www.itape.com\/wp-content\/uploads\/2024\/06\/IPG-logo-2.png\",\"contentUrl\":\"https:\/\/www.itape.com\/wp-content\/uploads\/2024\/06\/IPG-logo-2.png\",\"width\":60,\"height\":60,\"caption\":\"IPG\"},\"image\":{\"@id\":\"https:\/\/www.itape.com\/#\/schema\/logo\/image\/\"},\"sameAs\":[\"https:\/\/www.facebook.com\/intertape\",\"https:\/\/x.com\/IPGtape\",\"https:\/\/www.linkedin.com\/company\/intertape-polymer-group\",\"https:\/\/www.instagram.com\/ipgtape\",\"https:\/\/www.youtube.com\/user\/IPGtape\"]}]}<\/script>\n<meta property=\"product:price:currency\" content=\"USD\" \/>\n<meta property=\"og:availability\" content=\"instock\" \/>\n<meta property=\"product:availability\" content=\"instock\" \/>\n<meta property=\"product:retailer_item_id\" content=\"e02a5c8a8553\" \/>\n<meta property=\"product:condition\" content=\"new\" \/>\n<!-- \/ Yoast SEO Premium plugin. -->","yoast_head_json":{"title":"Novaliner 40 - IPG","robots":{"index":"index","follow":"follow","max-snippet":"max-snippet:-1","max-image-preview":"max-image-preview:large","max-video-preview":"max-video-preview:-1"},"canonical":"https:\/\/www.itape.com\/fr\/product\/novaliner-40-fr\/","og_locale":"fr_FR","og_type":"article","og_title":"Novaliner 40","og_description":"Un mat\u00e9riau lourd en poly\u00e9thyl\u00e8ne renforc\u00e9 dont le poids est la \u00bd de celui du PEHD non renforc\u00e9 standard de 40 mil, mais avec des propri\u00e9t\u00e9s physiques de r\u00e9sistance doubl\u00e9es. La formule du rev\u00eatement est con\u00e7ue afin d'am\u00e9liorer la solidit\u00e9 et la r\u00e9sistance \u00e0 l'abrasion. Ce produit est destin\u00e9 aux aux applications avec une exposition \u00e0 court terme.","og_url":"https:\/\/www.itape.com\/fr\/product\/novaliner-40-fr\/","og_site_name":"IPG","article_publisher":"https:\/\/www.facebook.com\/intertape","article_modified_time":"2023-01-12T15:15:58+00:00","og_image":[{"width":1000,"height":1000,"url":"https:\/\/www.itape.com\/wp-content\/uploads\/2023\/01\/Aquamaster-NovaLiner-40.jpg","type":"image\/jpeg"}],"twitter_card":"summary_large_image","twitter_site":"@IPGtape","twitter_misc":{"Price":"","Availability":"In stock"},"schema":{"@context":"https:\/\/schema.org","@graph":[{"@type":"WebPage","@id":"https:\/\/www.itape.com\/fr\/product\/novaliner-40-fr\/","url":"https:\/\/www.itape.com\/fr\/product\/novaliner-40-fr\/","name":"Novaliner 40 - IPG","isPartOf":{"@id":"https:\/\/www.itape.com\/#website"},"primaryImageOfPage":{"@id":"https:\/\/www.itape.com\/fr\/product\/novaliner-40-fr\/#primaryimage"},"image":{"@id":"https:\/\/www.itape.com\/fr\/product\/novaliner-40-fr\/#primaryimage"},"thumbnailUrl":"https:\/\/www.itape.com\/wp-content\/uploads\/2023\/01\/Aquamaster-NovaLiner-40.jpg","datePublished":"2023-01-12T14:32:32+00:00","dateModified":"2023-01-12T15:15:58+00:00","breadcrumb":{"@id":"https:\/\/www.itape.com\/fr\/product\/novaliner-40-fr\/#breadcrumb"},"inLanguage":"fr-FR","potentialAction":[{"@type":"ReadAction","target":["https:\/\/www.itape.com\/fr\/product\/novaliner-40-fr\/"]}]},{"@type":"ImageObject","inLanguage":"fr-FR","@id":"https:\/\/www.itape.com\/fr\/product\/novaliner-40-fr\/#primaryimage","url":"https:\/\/www.itape.com\/wp-content\/uploads\/2023\/01\/Aquamaster-NovaLiner-40.jpg","contentUrl":"https:\/\/www.itape.com\/wp-content\/uploads\/2023\/01\/Aquamaster-NovaLiner-40.jpg","width":1000,"height":1000,"caption":"Aquamaster NovaLiner 40 - Geomembrane Liner"},{"@type":"BreadcrumbList","@id":"https:\/\/www.itape.com\/fr\/product\/novaliner-40-fr\/#breadcrumb","itemListElement":[{"@type":"ListItem","position":1,"name":"Home","item":"https:\/\/www.itape.com\/fr\/"},{"@type":"ListItem","position":2,"name":"Products","item":"https:\/\/www.itape.com\/products\/"},{"@type":"ListItem","position":3,"name":"Novaliner 40"}]},{"@type":"WebSite","@id":"https:\/\/www.itape.com\/#website","url":"https:\/\/www.itape.com\/","name":"IPG","description":"Global Leader in Packaging and Protective Solutions","publisher":{"@id":"https:\/\/www.itape.com\/#organization"},"potentialAction":[{"@type":"SearchAction","target":{"@type":"EntryPoint","urlTemplate":"https:\/\/www.itape.com\/?s={search_term_string}"},"query-input":{"@type":"PropertyValueSpecification","valueRequired":true,"valueName":"search_term_string"}}],"inLanguage":"fr-FR"},{"@type":"Organization","@id":"https:\/\/www.itape.com\/#organization","name":"IPG","url":"https:\/\/www.itape.com\/","logo":{"@type":"ImageObject","inLanguage":"fr-FR","@id":"https:\/\/www.itape.com\/#\/schema\/logo\/image\/","url":"https:\/\/www.itape.com\/wp-content\/uploads\/2024\/06\/IPG-logo-2.png","contentUrl":"https:\/\/www.itape.com\/wp-content\/uploads\/2024\/06\/IPG-logo-2.png","width":60,"height":60,"caption":"IPG"},"image":{"@id":"https:\/\/www.itape.com\/#\/schema\/logo\/image\/"},"sameAs":["https:\/\/www.facebook.com\/intertape","https:\/\/x.com\/IPGtape","https:\/\/www.linkedin.com\/company\/intertape-polymer-group","https:\/\/www.instagram.com\/ipgtape","https:\/\/www.youtube.com\/user\/IPGtape"]}]},"product_price_currency":"USD","og_availability":"instock","product_availability":"instock","product_retailer_item_id":"e02a5c8a8553","product_condition":"new"},"parsely":{"version":"1.1.0","canonical_url":"https:\/\/itape.com\/fr\/product\/novaliner-40-fr\/","smart_links":{"inbound":0,"outbound":0},"traffic_boost_suggestions_count":0,"meta":{"@context":"https:\/\/schema.org","@type":"WebPage","headline":"Novaliner  40","url":"https:\/\/www.itape.com\/fr\/product\/novaliner-40-fr\/","mainEntityOfPage":{"@type":"WebPage","@id":"https:\/\/www.itape.com\/fr\/product\/novaliner-40-fr\/"},"thumbnailUrl":"https:\/\/www.itape.com\/wp-content\/uploads\/2023\/01\/Aquamaster-NovaLiner-40.jpg?w=150&h=150&crop=1","image":{"@type":"ImageObject","url":"https:\/\/www.itape.com\/wp-content\/uploads\/2023\/01\/Aquamaster-NovaLiner-40.jpg"},"articleSection":"Non classifi\u00e9(e)","author":[{"@type":"Person","name":"IPG"}],"creator":["IPG"],"publisher":{"@type":"Organization","name":"IPG","logo":"https:\/\/www.itape.com\/wp-content\/uploads\/2023\/03\/IPG-logo-2.png"},"keywords":[],"dateCreated":"2023-01-12T14:32:32Z","datePublished":"2023-01-12T14:32:32Z","dateModified":"2023-01-12T15:15:58Z"},"rendered":"<meta name=\"parsely-title\" content=\"Novaliner  40\" \/>\n<meta name=\"parsely-link\" content=\"https:\/\/www.itape.com\/fr\/product\/novaliner-40-fr\/\" \/>\n<meta name=\"parsely-type\" content=\"index\" \/>\n<meta name=\"parsely-image-url\" content=\"https:\/\/www.itape.com\/wp-content\/uploads\/2023\/01\/Aquamaster-NovaLiner-40.jpg?w=150&amp;h=150&amp;crop=1\" \/>\n<meta name=\"parsely-pub-date\" content=\"2023-01-12T14:32:32Z\" \/>\n<meta name=\"parsely-section\" content=\"Non classifi\u00e9(e)\" \/>\n<meta name=\"parsely-author\" content=\"IPG\" \/>","tracker_url":"https:\/\/cdn.parsely.com\/keys\/itape.com\/p.js"},"jetpack_sharing_enabled":true,"_links":{"self":[{"href":"https:\/\/www.itape.com\/fr\/wp-json\/wp\/v2\/product\/47121","targetHints":{"allow":["GET"]}}],"collection":[{"href":"https:\/\/www.itape.com\/fr\/wp-json\/wp\/v2\/product"}],"about":[{"href":"https:\/\/www.itape.com\/fr\/wp-json\/wp\/v2\/types\/product"}],"replies":[{"embeddable":true,"href":"https:\/\/www.itape.com\/fr\/wp-json\/wp\/v2\/comments?post=47121"}],"wp:featuredmedia":[{"embeddable":true,"href":"https:\/\/www.itape.com\/fr\/wp-json\/wp\/v2\/media\/61312"}],"wp:attachment":[{"href":"https:\/\/www.itape.com\/fr\/wp-json\/wp\/v2\/media?parent=47121"}],"wp:term":[{"taxonomy":"product_brand","embeddable":true,"href":"https:\/\/www.itape.com\/fr\/wp-json\/wp\/v2\/product_brand?post=47121"},{"taxonomy":"product_cat","embeddable":true,"href":"https:\/\/www.itape.com\/fr\/wp-json\/wp\/v2\/product_cat?post=47121"},{"taxonomy":"product_tag","embeddable":true,"href":"https:\/\/www.itape.com\/fr\/wp-json\/wp\/v2\/product_tag?post=47121"},{"taxonomy":"associated_application","embeddable":true,"href":"https:\/\/www.itape.com\/fr\/wp-json\/wp\/v2\/associated_application?post=47121"}],"curies":[{"name":"wp","href":"https:\/\/api.w.org\/{rel}","templated":true}]}}