{"id":47146,"date":"2023-01-12T14:32:50","date_gmt":"2023-01-12T14:32:50","guid":{"rendered":"https:\/\/www.itape.com\/product\/om-fr\/"},"modified":"2023-10-03T12:23:32","modified_gmt":"2023-10-03T12:23:32","slug":"om-fr","status":"publish","type":"product","link":"https:\/\/www.itape.com\/fr\/product\/om-fr\/","title":{"rendered":"OM"},"content":{"rendered":"","protected":false},"excerpt":{"rendered":"<p>ASTM D6123-D6123M, CID AA-883B L&rsquo;OM (Orange Mask\u2122) est un ruban de masquage haute performance d\u00e9velopp\u00e9 pour les applications de peinture li\u00e9es au transport telles que la marine, les bus, les camions, les v\u00e9hicules r\u00e9cr\u00e9atifs, les voitures et diverses autres applications o\u00f9 la conformabilit\u00e9 et le retrait propre sont n\u00e9cessaires. Lignes de peinture impeccables. R\u00e9sistant aux UV jusqu&rsquo;\u00e0 72\u00a0heures. R\u00e9sistant \u00e0 la d\u00e9chirure, \u00e0 l&rsquo;humidit\u00e9 et aux solvants.<\/p>\n","protected":false},"featured_media":52532,"comment_status":"closed","ping_status":"closed","template":"","meta":{"_acf_changed":false},"product_brand":[],"product_cat":[8268,7699,7706,6163,7718,7738,7702],"product_tag":[6244,6241,6244,8262,8262],"associated_application":[5993,6141,5999,5995,5997,6003,5992,6004,6005,5994,6013,6031,6142,6123,6122,6093,6001,6007,6092,6000],"class_list":{"0":"post-47146","1":"product","2":"type-product","3":"status-publish","4":"has-post-thumbnail","6":"product_cat-cradle-to-cradle-products-fr","7":"product_cat-building-and-construction-products-fr","8":"product_cat-sustainable-packaging-fr","9":"product_cat-masking-tape-fr","10":"product_cat-building-and-construction-products-ruban-de-masquage-fr","11":"product_cat-industrial-tapes-ruban-de-masquage-fr","12":"product_cat-industrial-tapes-fr","13":"product_tag-american-performance-series-fr","14":"product_tag-export-grade-fr","16":"product_tag-cradle-to-cradle-certified-fr","18":"associated_application-appareil-fr","19":"associated_application-applications-generales-pour-la-peinture-fr","20":"associated_application-assainissement-et-restauration-fr","21":"associated_application-batiment-et-construction-fr","22":"associated_application-commerce-en-ligne-fr","23":"associated_application-demenagement-et-stockage-fr","24":"associated_application-industrie-aerospatiale-fr","25":"associated_application-industrie-du-cvc-fr","26":"associated_application-industrie-maritime-et-des-composites-fr","27":"associated_application-marche-des-pieces-automobiles-fr","28":"associated_application-masquage-fr","29":"associated_application-masquage-fr-marche-des-pieces-automobiles-fr","30":"associated_application-masquage-fr-secteur-du-transport-fr","31":"associated_application-masquage-de-moulure-fr","32":"associated_application-composites-de-masquage-polyvalents-fr","33":"associated_application-peinture-fr","34":"associated_application-processus-general-de-fabrication-fr","35":"associated_application-secteur-du-transport-fr","36":"associated_application-secteur-de-lentretien-de-la-reparation-et-de-lexploitationmro-fr","37":"associated_application-transformation-alimentaire-fr","39":"first","40":"instock","41":"product-type-simple"},"acf":[],"yoast_head":"<!-- This site is optimized with the Yoast SEO Premium plugin v24.1 (Yoast SEO v27.0) - https:\/\/yoast.com\/product\/yoast-seo-premium-wordpress\/ -->\n<title>OM - IPG<\/title>\n<meta name=\"robots\" content=\"index, follow, max-snippet:-1, max-image-preview:large, max-video-preview:-1\" \/>\n<link rel=\"canonical\" href=\"https:\/\/www.itape.com\/product\/om\/\" \/>\n<meta property=\"og:locale\" content=\"fr_FR\" \/>\n<meta property=\"og:type\" content=\"article\" \/>\n<meta property=\"og:title\" content=\"OM\" \/>\n<meta property=\"og:description\" content=\"ASTM D6123-D6123M, CID AA-883B L&#039;OM (Orange Mask\u2122) est un ruban de masquage haute performance d\u00e9velopp\u00e9 pour les applications de peinture li\u00e9es au transport telles que la marine, les bus, les camions, les v\u00e9hicules r\u00e9cr\u00e9atifs, les voitures et diverses autres applications o\u00f9 la conformabilit\u00e9 et le retrait propre sont n\u00e9cessaires. Lignes de peinture impeccables. R\u00e9sistant aux UV jusqu&#039;\u00e0 72\u00a0heures. R\u00e9sistant \u00e0 la d\u00e9chirure, \u00e0 l&#039;humidit\u00e9 et aux solvants.\" \/>\n<meta property=\"og:url\" content=\"https:\/\/www.itape.com\/product\/om\/\" \/>\n<meta property=\"og:site_name\" content=\"IPG\" \/>\n<meta property=\"article:publisher\" content=\"https:\/\/www.facebook.com\/intertape\" \/>\n<meta property=\"article:modified_time\" content=\"2023-10-03T12:23:32+00:00\" \/>\n<meta property=\"og:image\" content=\"https:\/\/www.itape.com\/wp-content\/uploads\/product-image\/om-org-36mmx54.8m-shadow.jpg\" \/>\n\t<meta property=\"og:image:width\" content=\"2400\" \/>\n\t<meta property=\"og:image:height\" content=\"2400\" \/>\n\t<meta property=\"og:image:type\" content=\"image\/jpeg\" \/>\n<meta name=\"twitter:card\" content=\"summary_large_image\" \/>\n<meta name=\"twitter:site\" content=\"@IPGtape\" \/>\n<meta name=\"twitter:label1\" content=\"Price\" \/>\n\t<meta name=\"twitter:data1\" content=\"\" \/>\n\t<meta name=\"twitter:label2\" content=\"Availability\" \/>\n\t<meta name=\"twitter:data2\" content=\"In stock\" \/>\n<script type=\"application\/ld+json\" class=\"yoast-schema-graph\">{\"@context\":\"https:\/\/schema.org\",\"@graph\":[{\"@type\":\"WebPage\",\"@id\":\"https:\/\/www.itape.com\/product\/om\/\",\"url\":\"https:\/\/www.itape.com\/product\/om\/\",\"name\":\"OM - IPG\",\"isPartOf\":{\"@id\":\"https:\/\/www.itape.com\/#website\"},\"primaryImageOfPage\":{\"@id\":\"https:\/\/www.itape.com\/product\/om\/#primaryimage\"},\"image\":{\"@id\":\"https:\/\/www.itape.com\/product\/om\/#primaryimage\"},\"thumbnailUrl\":\"https:\/\/www.itape.com\/wp-content\/uploads\/product-image\/om-org-36mmx54.8m-shadow.jpg\",\"datePublished\":\"2023-01-12T14:32:50+00:00\",\"dateModified\":\"2023-10-03T12:23:32+00:00\",\"breadcrumb\":{\"@id\":\"https:\/\/www.itape.com\/product\/om\/#breadcrumb\"},\"inLanguage\":\"fr-FR\",\"potentialAction\":[{\"@type\":\"ReadAction\",\"target\":[\"https:\/\/www.itape.com\/product\/om\/\"]}]},{\"@type\":\"ImageObject\",\"inLanguage\":\"fr-FR\",\"@id\":\"https:\/\/www.itape.com\/product\/om\/#primaryimage\",\"url\":\"https:\/\/www.itape.com\/wp-content\/uploads\/product-image\/om-org-36mmx54.8m-shadow.jpg\",\"contentUrl\":\"https:\/\/www.itape.com\/wp-content\/uploads\/product-image\/om-org-36mmx54.8m-shadow.jpg\",\"width\":2400,\"height\":2400,\"caption\":\"ORANGE MASK_Masking\"},{\"@type\":\"BreadcrumbList\",\"@id\":\"https:\/\/www.itape.com\/product\/om\/#breadcrumb\",\"itemListElement\":[{\"@type\":\"ListItem\",\"position\":1,\"name\":\"Home\",\"item\":\"https:\/\/www.itape.com\/fr\/\"},{\"@type\":\"ListItem\",\"position\":2,\"name\":\"Products\",\"item\":\"https:\/\/www.itape.com\/products\/\"},{\"@type\":\"ListItem\",\"position\":3,\"name\":\"OM\"}]},{\"@type\":\"WebSite\",\"@id\":\"https:\/\/www.itape.com\/#website\",\"url\":\"https:\/\/www.itape.com\/\",\"name\":\"IPG\",\"description\":\"Global Leader in Packaging and Protective Solutions\",\"publisher\":{\"@id\":\"https:\/\/www.itape.com\/#organization\"},\"potentialAction\":[{\"@type\":\"SearchAction\",\"target\":{\"@type\":\"EntryPoint\",\"urlTemplate\":\"https:\/\/www.itape.com\/?s={search_term_string}\"},\"query-input\":{\"@type\":\"PropertyValueSpecification\",\"valueRequired\":true,\"valueName\":\"search_term_string\"}}],\"inLanguage\":\"fr-FR\"},{\"@type\":\"Organization\",\"@id\":\"https:\/\/www.itape.com\/#organization\",\"name\":\"IPG\",\"url\":\"https:\/\/www.itape.com\/\",\"logo\":{\"@type\":\"ImageObject\",\"inLanguage\":\"fr-FR\",\"@id\":\"https:\/\/www.itape.com\/#\/schema\/logo\/image\/\",\"url\":\"https:\/\/www.itape.com\/wp-content\/uploads\/2024\/06\/IPG-logo-2.png\",\"contentUrl\":\"https:\/\/www.itape.com\/wp-content\/uploads\/2024\/06\/IPG-logo-2.png\",\"width\":60,\"height\":60,\"caption\":\"IPG\"},\"image\":{\"@id\":\"https:\/\/www.itape.com\/#\/schema\/logo\/image\/\"},\"sameAs\":[\"https:\/\/www.facebook.com\/intertape\",\"https:\/\/x.com\/IPGtape\",\"https:\/\/www.linkedin.com\/company\/intertape-polymer-group\",\"https:\/\/www.instagram.com\/ipgtape\",\"https:\/\/www.youtube.com\/user\/IPGtape\"]}]}<\/script>\n<meta property=\"product:price:currency\" content=\"USD\" \/>\n<meta property=\"og:availability\" content=\"instock\" \/>\n<meta property=\"product:availability\" content=\"instock\" \/>\n<meta property=\"product:retailer_item_id\" content=\"7778c07b27fa\" \/>\n<meta property=\"product:condition\" content=\"new\" \/>\n<!-- \/ Yoast SEO Premium plugin. -->","yoast_head_json":{"title":"OM - IPG","robots":{"index":"index","follow":"follow","max-snippet":"max-snippet:-1","max-image-preview":"max-image-preview:large","max-video-preview":"max-video-preview:-1"},"canonical":"https:\/\/www.itape.com\/product\/om\/","og_locale":"fr_FR","og_type":"article","og_title":"OM","og_description":"ASTM D6123-D6123M, CID AA-883B L'OM (Orange Mask\u2122) est un ruban de masquage haute performance d\u00e9velopp\u00e9 pour les applications de peinture li\u00e9es au transport telles que la marine, les bus, les camions, les v\u00e9hicules r\u00e9cr\u00e9atifs, les voitures et diverses autres applications o\u00f9 la conformabilit\u00e9 et le retrait propre sont n\u00e9cessaires. Lignes de peinture impeccables. R\u00e9sistant aux UV jusqu'\u00e0 72\u00a0heures. R\u00e9sistant \u00e0 la d\u00e9chirure, \u00e0 l'humidit\u00e9 et aux solvants.","og_url":"https:\/\/www.itape.com\/product\/om\/","og_site_name":"IPG","article_publisher":"https:\/\/www.facebook.com\/intertape","article_modified_time":"2023-10-03T12:23:32+00:00","og_image":[{"width":2400,"height":2400,"url":"https:\/\/www.itape.com\/wp-content\/uploads\/product-image\/om-org-36mmx54.8m-shadow.jpg","type":"image\/jpeg"}],"twitter_card":"summary_large_image","twitter_site":"@IPGtape","twitter_misc":{"Price":"","Availability":"In stock"},"schema":{"@context":"https:\/\/schema.org","@graph":[{"@type":"WebPage","@id":"https:\/\/www.itape.com\/product\/om\/","url":"https:\/\/www.itape.com\/product\/om\/","name":"OM - IPG","isPartOf":{"@id":"https:\/\/www.itape.com\/#website"},"primaryImageOfPage":{"@id":"https:\/\/www.itape.com\/product\/om\/#primaryimage"},"image":{"@id":"https:\/\/www.itape.com\/product\/om\/#primaryimage"},"thumbnailUrl":"https:\/\/www.itape.com\/wp-content\/uploads\/product-image\/om-org-36mmx54.8m-shadow.jpg","datePublished":"2023-01-12T14:32:50+00:00","dateModified":"2023-10-03T12:23:32+00:00","breadcrumb":{"@id":"https:\/\/www.itape.com\/product\/om\/#breadcrumb"},"inLanguage":"fr-FR","potentialAction":[{"@type":"ReadAction","target":["https:\/\/www.itape.com\/product\/om\/"]}]},{"@type":"ImageObject","inLanguage":"fr-FR","@id":"https:\/\/www.itape.com\/product\/om\/#primaryimage","url":"https:\/\/www.itape.com\/wp-content\/uploads\/product-image\/om-org-36mmx54.8m-shadow.jpg","contentUrl":"https:\/\/www.itape.com\/wp-content\/uploads\/product-image\/om-org-36mmx54.8m-shadow.jpg","width":2400,"height":2400,"caption":"ORANGE MASK_Masking"},{"@type":"BreadcrumbList","@id":"https:\/\/www.itape.com\/product\/om\/#breadcrumb","itemListElement":[{"@type":"ListItem","position":1,"name":"Home","item":"https:\/\/www.itape.com\/fr\/"},{"@type":"ListItem","position":2,"name":"Products","item":"https:\/\/www.itape.com\/products\/"},{"@type":"ListItem","position":3,"name":"OM"}]},{"@type":"WebSite","@id":"https:\/\/www.itape.com\/#website","url":"https:\/\/www.itape.com\/","name":"IPG","description":"Global Leader in Packaging and Protective Solutions","publisher":{"@id":"https:\/\/www.itape.com\/#organization"},"potentialAction":[{"@type":"SearchAction","target":{"@type":"EntryPoint","urlTemplate":"https:\/\/www.itape.com\/?s={search_term_string}"},"query-input":{"@type":"PropertyValueSpecification","valueRequired":true,"valueName":"search_term_string"}}],"inLanguage":"fr-FR"},{"@type":"Organization","@id":"https:\/\/www.itape.com\/#organization","name":"IPG","url":"https:\/\/www.itape.com\/","logo":{"@type":"ImageObject","inLanguage":"fr-FR","@id":"https:\/\/www.itape.com\/#\/schema\/logo\/image\/","url":"https:\/\/www.itape.com\/wp-content\/uploads\/2024\/06\/IPG-logo-2.png","contentUrl":"https:\/\/www.itape.com\/wp-content\/uploads\/2024\/06\/IPG-logo-2.png","width":60,"height":60,"caption":"IPG"},"image":{"@id":"https:\/\/www.itape.com\/#\/schema\/logo\/image\/"},"sameAs":["https:\/\/www.facebook.com\/intertape","https:\/\/x.com\/IPGtape","https:\/\/www.linkedin.com\/company\/intertape-polymer-group","https:\/\/www.instagram.com\/ipgtape","https:\/\/www.youtube.com\/user\/IPGtape"]}]},"product_price_currency":"USD","og_availability":"instock","product_availability":"instock","product_retailer_item_id":"7778c07b27fa","product_condition":"new"},"parsely":{"version":"1.1.0","canonical_url":"https:\/\/itape.com\/fr\/product\/om-fr\/","smart_links":{"inbound":0,"outbound":0},"traffic_boost_suggestions_count":0,"meta":{"@context":"https:\/\/schema.org","@type":"WebPage","headline":"OM","url":"https:\/\/www.itape.com\/fr\/product\/om-fr\/","mainEntityOfPage":{"@type":"WebPage","@id":"https:\/\/www.itape.com\/fr\/product\/om-fr\/"},"thumbnailUrl":"https:\/\/www.itape.com\/wp-content\/uploads\/product-image\/om-org-36mmx54.8m-shadow.jpg?w=150&h=150&crop=1","image":{"@type":"ImageObject","url":"https:\/\/www.itape.com\/wp-content\/uploads\/product-image\/om-org-36mmx54.8m-shadow.jpg"},"articleSection":"Non classifi\u00e9(e)","author":[{"@type":"Person","name":"IPG"}],"creator":["IPG"],"publisher":{"@type":"Organization","name":"IPG","logo":"https:\/\/www.itape.com\/wp-content\/uploads\/2023\/03\/IPG-logo-2.png"},"keywords":[],"dateCreated":"2023-01-12T14:32:50Z","datePublished":"2023-01-12T14:32:50Z","dateModified":"2023-10-03T12:23:32Z"},"rendered":"<meta name=\"parsely-title\" content=\"OM\" \/>\n<meta name=\"parsely-link\" content=\"https:\/\/www.itape.com\/fr\/product\/om-fr\/\" \/>\n<meta name=\"parsely-type\" content=\"index\" \/>\n<meta name=\"parsely-image-url\" content=\"https:\/\/www.itape.com\/wp-content\/uploads\/product-image\/om-org-36mmx54.8m-shadow.jpg?w=150&amp;h=150&amp;crop=1\" \/>\n<meta name=\"parsely-pub-date\" content=\"2023-01-12T14:32:50Z\" \/>\n<meta name=\"parsely-section\" content=\"Non classifi\u00e9(e)\" \/>\n<meta name=\"parsely-author\" content=\"IPG\" \/>","tracker_url":"https:\/\/cdn.parsely.com\/keys\/itape.com\/p.js"},"jetpack_sharing_enabled":true,"_links":{"self":[{"href":"https:\/\/www.itape.com\/fr\/wp-json\/wp\/v2\/product\/47146","targetHints":{"allow":["GET"]}}],"collection":[{"href":"https:\/\/www.itape.com\/fr\/wp-json\/wp\/v2\/product"}],"about":[{"href":"https:\/\/www.itape.com\/fr\/wp-json\/wp\/v2\/types\/product"}],"replies":[{"embeddable":true,"href":"https:\/\/www.itape.com\/fr\/wp-json\/wp\/v2\/comments?post=47146"}],"wp:featuredmedia":[{"embeddable":true,"href":"https:\/\/www.itape.com\/fr\/wp-json\/wp\/v2\/media\/52532"}],"wp:attachment":[{"href":"https:\/\/www.itape.com\/fr\/wp-json\/wp\/v2\/media?parent=47146"}],"wp:term":[{"taxonomy":"product_brand","embeddable":true,"href":"https:\/\/www.itape.com\/fr\/wp-json\/wp\/v2\/product_brand?post=47146"},{"taxonomy":"product_cat","embeddable":true,"href":"https:\/\/www.itape.com\/fr\/wp-json\/wp\/v2\/product_cat?post=47146"},{"taxonomy":"product_tag","embeddable":true,"href":"https:\/\/www.itape.com\/fr\/wp-json\/wp\/v2\/product_tag?post=47146"},{"taxonomy":"associated_application","embeddable":true,"href":"https:\/\/www.itape.com\/fr\/wp-json\/wp\/v2\/associated_application?post=47146"}],"curies":[{"name":"wp","href":"https:\/\/api.w.org\/{rel}","templated":true}]}}