{"id":47163,"date":"2023-01-12T14:32:55","date_gmt":"2023-01-12T14:32:55","guid":{"rendered":"https:\/\/www.itape.com\/product\/tm27-fr\/"},"modified":"2023-03-02T21:18:05","modified_gmt":"2023-03-02T21:18:05","slug":"tm27-fr","status":"publish","type":"product","link":"https:\/\/www.itape.com\/fr\/product\/tm27-fr\/","title":{"rendered":"TM27"},"content":{"rendered":"","protected":false},"excerpt":{"rendered":"<p>Le TM27 TrimFastTM de la marque American\u00ae est sp\u00e9cifiquement con\u00e7u pour l&rsquo;encastrement et les moulages ins\u00e9r\u00e9s autour des pare-brises et d&rsquo;autres vitres automobiles. Perfor\u00e9 pour une pose en angle plus facile et \u00e9liminant l&rsquo;utilisation de couteaux ou de lames de rasoir dangereux. Le TM27 assure un retrait propre des travaux de peinture finis sans effilochage, \u00e9conomisant du temps et de l&rsquo;argent\u00a0!<\/p>\n","protected":false},"featured_media":52123,"comment_status":"closed","ping_status":"closed","template":"","meta":{"_acf_changed":false},"product_brand":[],"product_cat":[7699,7718,7738,7702],"product_tag":[6188,8047],"associated_application":[5993,5993,6144,5999,5995,5997,6003,5992,6004,6005,5994,6031,6001,6007,6092,6000],"class_list":{"0":"post-47163","1":"product","2":"type-product","3":"status-publish","4":"has-post-thumbnail","6":"product_cat-building-and-construction-products-fr","7":"product_cat-building-and-construction-products-ruban-de-masquage-fr","8":"product_cat-industrial-tapes-ruban-de-masquage-fr","9":"product_cat-industrial-tapes-fr","10":"product_tag-specialty-fr","11":"product_tag-specialty-fr-2","12":"associated_application-appareil-fr","14":"associated_application-applications-generales-fr-secteur-du-transport-fr","15":"associated_application-assainissement-et-restauration-fr","16":"associated_application-batiment-et-construction-fr","17":"associated_application-commerce-en-ligne-fr","18":"associated_application-demenagement-et-stockage-fr","19":"associated_application-industrie-aerospatiale-fr","20":"associated_application-industrie-du-cvc-fr","21":"associated_application-industrie-maritime-et-des-composites-fr","22":"associated_application-marche-des-pieces-automobiles-fr","23":"associated_application-masquage-fr-marche-des-pieces-automobiles-fr","24":"associated_application-processus-general-de-fabrication-fr","25":"associated_application-secteur-du-transport-fr","26":"associated_application-secteur-de-lentretien-de-la-reparation-et-de-lexploitationmro-fr","27":"associated_application-transformation-alimentaire-fr","29":"first","30":"instock","31":"product-type-simple"},"acf":[],"yoast_head":"<!-- This site is optimized with the Yoast SEO Premium plugin v24.1 (Yoast SEO v27.0) - https:\/\/yoast.com\/product\/yoast-seo-premium-wordpress\/ -->\n<title>TM27 - IPG<\/title>\n<meta name=\"robots\" content=\"index, follow, max-snippet:-1, max-image-preview:large, max-video-preview:-1\" \/>\n<link rel=\"canonical\" href=\"https:\/\/www.itape.com\/product\/tm27\/\" \/>\n<meta property=\"og:locale\" content=\"fr_FR\" \/>\n<meta property=\"og:type\" content=\"article\" \/>\n<meta property=\"og:title\" content=\"TM27\" \/>\n<meta property=\"og:description\" content=\"Le TM27 TrimFastTM de la marque American\u00ae est sp\u00e9cifiquement con\u00e7u pour l&#039;encastrement et les moulages ins\u00e9r\u00e9s autour des pare-brises et d&#039;autres vitres automobiles. Perfor\u00e9 pour une pose en angle plus facile et \u00e9liminant l&#039;utilisation de couteaux ou de lames de rasoir dangereux. Le TM27 assure un retrait propre des travaux de peinture finis sans effilochage, \u00e9conomisant du temps et de l&#039;argent\u00a0!\" \/>\n<meta property=\"og:url\" content=\"https:\/\/www.itape.com\/product\/tm27\/\" \/>\n<meta property=\"og:site_name\" content=\"IPG\" \/>\n<meta property=\"article:publisher\" content=\"https:\/\/www.facebook.com\/intertape\" \/>\n<meta property=\"article:modified_time\" content=\"2023-03-02T21:18:05+00:00\" \/>\n<meta name=\"twitter:card\" content=\"summary_large_image\" \/>\n<meta name=\"twitter:image\" content=\"https:\/\/www.itape.com\/wp-content\/uploads\/tm27-nat-50mmx10m-shadow.jpg\" \/>\n<meta name=\"twitter:site\" content=\"@IPGtape\" \/>\n<meta name=\"twitter:label1\" content=\"Price\" \/>\n\t<meta name=\"twitter:data1\" content=\"\" \/>\n\t<meta name=\"twitter:label2\" content=\"Availability\" \/>\n\t<meta name=\"twitter:data2\" content=\"In stock\" \/>\n<script type=\"application\/ld+json\" class=\"yoast-schema-graph\">{\"@context\":\"https:\/\/schema.org\",\"@graph\":[{\"@type\":\"WebPage\",\"@id\":\"https:\/\/www.itape.com\/product\/tm27\/\",\"url\":\"https:\/\/www.itape.com\/product\/tm27\/\",\"name\":\"TM27 - IPG\",\"isPartOf\":{\"@id\":\"https:\/\/www.itape.com\/#website\"},\"primaryImageOfPage\":{\"@id\":\"https:\/\/www.itape.com\/product\/tm27\/#primaryimage\"},\"image\":{\"@id\":\"https:\/\/www.itape.com\/product\/tm27\/#primaryimage\"},\"thumbnailUrl\":\"https:\/\/www.itape.com\/wp-content\/uploads\/tm27-nat-50mmx10m-shadow.jpg\",\"datePublished\":\"2023-01-12T14:32:55+00:00\",\"dateModified\":\"2023-03-02T21:18:05+00:00\",\"breadcrumb\":{\"@id\":\"https:\/\/www.itape.com\/product\/tm27\/#breadcrumb\"},\"inLanguage\":\"fr-FR\",\"potentialAction\":[{\"@type\":\"ReadAction\",\"target\":[\"https:\/\/www.itape.com\/product\/tm27\/\"]}]},{\"@type\":\"ImageObject\",\"inLanguage\":\"fr-FR\",\"@id\":\"https:\/\/www.itape.com\/product\/tm27\/#primaryimage\",\"url\":\"https:\/\/www.itape.com\/wp-content\/uploads\/tm27-nat-50mmx10m-shadow.jpg\",\"contentUrl\":\"https:\/\/www.itape.com\/wp-content\/uploads\/tm27-nat-50mmx10m-shadow.jpg\",\"width\":2400,\"height\":2400,\"caption\":\"TM27__Masking\"},{\"@type\":\"BreadcrumbList\",\"@id\":\"https:\/\/www.itape.com\/product\/tm27\/#breadcrumb\",\"itemListElement\":[{\"@type\":\"ListItem\",\"position\":1,\"name\":\"Home\",\"item\":\"https:\/\/www.itape.com\/fr\/\"},{\"@type\":\"ListItem\",\"position\":2,\"name\":\"Products\",\"item\":\"https:\/\/www.itape.com\/products\/\"},{\"@type\":\"ListItem\",\"position\":3,\"name\":\"TM27\"}]},{\"@type\":\"WebSite\",\"@id\":\"https:\/\/www.itape.com\/#website\",\"url\":\"https:\/\/www.itape.com\/\",\"name\":\"IPG\",\"description\":\"Global Leader in Packaging and Protective Solutions\",\"publisher\":{\"@id\":\"https:\/\/www.itape.com\/#organization\"},\"potentialAction\":[{\"@type\":\"SearchAction\",\"target\":{\"@type\":\"EntryPoint\",\"urlTemplate\":\"https:\/\/www.itape.com\/?s={search_term_string}\"},\"query-input\":{\"@type\":\"PropertyValueSpecification\",\"valueRequired\":true,\"valueName\":\"search_term_string\"}}],\"inLanguage\":\"fr-FR\"},{\"@type\":\"Organization\",\"@id\":\"https:\/\/www.itape.com\/#organization\",\"name\":\"IPG\",\"url\":\"https:\/\/www.itape.com\/\",\"logo\":{\"@type\":\"ImageObject\",\"inLanguage\":\"fr-FR\",\"@id\":\"https:\/\/www.itape.com\/#\/schema\/logo\/image\/\",\"url\":\"https:\/\/www.itape.com\/wp-content\/uploads\/2024\/06\/IPG-logo-2.png\",\"contentUrl\":\"https:\/\/www.itape.com\/wp-content\/uploads\/2024\/06\/IPG-logo-2.png\",\"width\":60,\"height\":60,\"caption\":\"IPG\"},\"image\":{\"@id\":\"https:\/\/www.itape.com\/#\/schema\/logo\/image\/\"},\"sameAs\":[\"https:\/\/www.facebook.com\/intertape\",\"https:\/\/x.com\/IPGtape\",\"https:\/\/www.linkedin.com\/company\/intertape-polymer-group\",\"https:\/\/www.instagram.com\/ipgtape\",\"https:\/\/www.youtube.com\/user\/IPGtape\"]}]}<\/script>\n<meta property=\"product:price:currency\" content=\"USD\" \/>\n<meta property=\"og:availability\" content=\"instock\" \/>\n<meta property=\"product:availability\" content=\"instock\" \/>\n<meta property=\"product:retailer_item_id\" content=\"0190998d937a\" \/>\n<meta property=\"product:condition\" content=\"new\" \/>\n<!-- \/ Yoast SEO Premium plugin. -->","yoast_head_json":{"title":"TM27 - IPG","robots":{"index":"index","follow":"follow","max-snippet":"max-snippet:-1","max-image-preview":"max-image-preview:large","max-video-preview":"max-video-preview:-1"},"canonical":"https:\/\/www.itape.com\/product\/tm27\/","og_locale":"fr_FR","og_type":"article","og_title":"TM27","og_description":"Le TM27 TrimFastTM de la marque American\u00ae est sp\u00e9cifiquement con\u00e7u pour l'encastrement et les moulages ins\u00e9r\u00e9s autour des pare-brises et d'autres vitres automobiles. Perfor\u00e9 pour une pose en angle plus facile et \u00e9liminant l'utilisation de couteaux ou de lames de rasoir dangereux. Le TM27 assure un retrait propre des travaux de peinture finis sans effilochage, \u00e9conomisant du temps et de l'argent\u00a0!","og_url":"https:\/\/www.itape.com\/product\/tm27\/","og_site_name":"IPG","article_publisher":"https:\/\/www.facebook.com\/intertape","article_modified_time":"2023-03-02T21:18:05+00:00","twitter_card":"summary_large_image","twitter_image":"https:\/\/www.itape.com\/wp-content\/uploads\/tm27-nat-50mmx10m-shadow.jpg","twitter_site":"@IPGtape","twitter_misc":{"Price":"","Availability":"In stock"},"schema":{"@context":"https:\/\/schema.org","@graph":[{"@type":"WebPage","@id":"https:\/\/www.itape.com\/product\/tm27\/","url":"https:\/\/www.itape.com\/product\/tm27\/","name":"TM27 - IPG","isPartOf":{"@id":"https:\/\/www.itape.com\/#website"},"primaryImageOfPage":{"@id":"https:\/\/www.itape.com\/product\/tm27\/#primaryimage"},"image":{"@id":"https:\/\/www.itape.com\/product\/tm27\/#primaryimage"},"thumbnailUrl":"https:\/\/www.itape.com\/wp-content\/uploads\/tm27-nat-50mmx10m-shadow.jpg","datePublished":"2023-01-12T14:32:55+00:00","dateModified":"2023-03-02T21:18:05+00:00","breadcrumb":{"@id":"https:\/\/www.itape.com\/product\/tm27\/#breadcrumb"},"inLanguage":"fr-FR","potentialAction":[{"@type":"ReadAction","target":["https:\/\/www.itape.com\/product\/tm27\/"]}]},{"@type":"ImageObject","inLanguage":"fr-FR","@id":"https:\/\/www.itape.com\/product\/tm27\/#primaryimage","url":"https:\/\/www.itape.com\/wp-content\/uploads\/tm27-nat-50mmx10m-shadow.jpg","contentUrl":"https:\/\/www.itape.com\/wp-content\/uploads\/tm27-nat-50mmx10m-shadow.jpg","width":2400,"height":2400,"caption":"TM27__Masking"},{"@type":"BreadcrumbList","@id":"https:\/\/www.itape.com\/product\/tm27\/#breadcrumb","itemListElement":[{"@type":"ListItem","position":1,"name":"Home","item":"https:\/\/www.itape.com\/fr\/"},{"@type":"ListItem","position":2,"name":"Products","item":"https:\/\/www.itape.com\/products\/"},{"@type":"ListItem","position":3,"name":"TM27"}]},{"@type":"WebSite","@id":"https:\/\/www.itape.com\/#website","url":"https:\/\/www.itape.com\/","name":"IPG","description":"Global Leader in Packaging and Protective Solutions","publisher":{"@id":"https:\/\/www.itape.com\/#organization"},"potentialAction":[{"@type":"SearchAction","target":{"@type":"EntryPoint","urlTemplate":"https:\/\/www.itape.com\/?s={search_term_string}"},"query-input":{"@type":"PropertyValueSpecification","valueRequired":true,"valueName":"search_term_string"}}],"inLanguage":"fr-FR"},{"@type":"Organization","@id":"https:\/\/www.itape.com\/#organization","name":"IPG","url":"https:\/\/www.itape.com\/","logo":{"@type":"ImageObject","inLanguage":"fr-FR","@id":"https:\/\/www.itape.com\/#\/schema\/logo\/image\/","url":"https:\/\/www.itape.com\/wp-content\/uploads\/2024\/06\/IPG-logo-2.png","contentUrl":"https:\/\/www.itape.com\/wp-content\/uploads\/2024\/06\/IPG-logo-2.png","width":60,"height":60,"caption":"IPG"},"image":{"@id":"https:\/\/www.itape.com\/#\/schema\/logo\/image\/"},"sameAs":["https:\/\/www.facebook.com\/intertape","https:\/\/x.com\/IPGtape","https:\/\/www.linkedin.com\/company\/intertape-polymer-group","https:\/\/www.instagram.com\/ipgtape","https:\/\/www.youtube.com\/user\/IPGtape"]}]},"product_price_currency":"USD","og_availability":"instock","product_availability":"instock","product_retailer_item_id":"0190998d937a","product_condition":"new"},"parsely":{"version":"1.1.0","canonical_url":"https:\/\/itape.com\/fr\/product\/tm27-fr\/","smart_links":{"inbound":0,"outbound":0},"traffic_boost_suggestions_count":0,"meta":{"@context":"https:\/\/schema.org","@type":"WebPage","headline":"TM27","url":"https:\/\/www.itape.com\/fr\/product\/tm27-fr\/","mainEntityOfPage":{"@type":"WebPage","@id":"https:\/\/www.itape.com\/fr\/product\/tm27-fr\/"},"thumbnailUrl":"https:\/\/www.itape.com\/wp-content\/uploads\/tm27-nat-50mmx10m-shadow.jpg?w=150&h=150&crop=1","image":{"@type":"ImageObject","url":"https:\/\/www.itape.com\/wp-content\/uploads\/tm27-nat-50mmx10m-shadow.jpg"},"articleSection":"Non classifi\u00e9(e)","author":[{"@type":"Person","name":"IPG"}],"creator":["IPG"],"publisher":{"@type":"Organization","name":"IPG","logo":"https:\/\/www.itape.com\/wp-content\/uploads\/2023\/03\/IPG-logo-2.png"},"keywords":[],"dateCreated":"2023-01-12T14:32:55Z","datePublished":"2023-01-12T14:32:55Z","dateModified":"2023-03-02T21:18:05Z"},"rendered":"<meta name=\"parsely-title\" content=\"TM27\" \/>\n<meta name=\"parsely-link\" content=\"https:\/\/www.itape.com\/fr\/product\/tm27-fr\/\" \/>\n<meta name=\"parsely-type\" content=\"index\" \/>\n<meta name=\"parsely-image-url\" content=\"https:\/\/www.itape.com\/wp-content\/uploads\/tm27-nat-50mmx10m-shadow.jpg?w=150&amp;h=150&amp;crop=1\" \/>\n<meta name=\"parsely-pub-date\" content=\"2023-01-12T14:32:55Z\" \/>\n<meta name=\"parsely-section\" content=\"Non classifi\u00e9(e)\" \/>\n<meta name=\"parsely-author\" content=\"IPG\" \/>","tracker_url":"https:\/\/cdn.parsely.com\/keys\/itape.com\/p.js"},"jetpack_sharing_enabled":true,"_links":{"self":[{"href":"https:\/\/www.itape.com\/fr\/wp-json\/wp\/v2\/product\/47163","targetHints":{"allow":["GET"]}}],"collection":[{"href":"https:\/\/www.itape.com\/fr\/wp-json\/wp\/v2\/product"}],"about":[{"href":"https:\/\/www.itape.com\/fr\/wp-json\/wp\/v2\/types\/product"}],"replies":[{"embeddable":true,"href":"https:\/\/www.itape.com\/fr\/wp-json\/wp\/v2\/comments?post=47163"}],"wp:featuredmedia":[{"embeddable":true,"href":"https:\/\/www.itape.com\/fr\/wp-json\/wp\/v2\/media\/52123"}],"wp:attachment":[{"href":"https:\/\/www.itape.com\/fr\/wp-json\/wp\/v2\/media?parent=47163"}],"wp:term":[{"taxonomy":"product_brand","embeddable":true,"href":"https:\/\/www.itape.com\/fr\/wp-json\/wp\/v2\/product_brand?post=47163"},{"taxonomy":"product_cat","embeddable":true,"href":"https:\/\/www.itape.com\/fr\/wp-json\/wp\/v2\/product_cat?post=47163"},{"taxonomy":"product_tag","embeddable":true,"href":"https:\/\/www.itape.com\/fr\/wp-json\/wp\/v2\/product_tag?post=47163"},{"taxonomy":"associated_application","embeddable":true,"href":"https:\/\/www.itape.com\/fr\/wp-json\/wp\/v2\/associated_application?post=47163"}],"curies":[{"name":"wp","href":"https:\/\/api.w.org\/{rel}","templated":true}]}}