{"id":47165,"date":"2023-01-12T14:33:02","date_gmt":"2023-01-12T14:33:02","guid":{"rendered":"https:\/\/www.itape.com\/product\/fm35-fr\/"},"modified":"2023-03-02T03:18:33","modified_gmt":"2023-03-02T03:18:33","slug":"fm35-fr","status":"publish","type":"product","link":"https:\/\/www.itape.com\/fr\/product\/fm35-fr\/","title":{"rendered":"FM35"},"content":{"rendered":"","protected":false},"excerpt":{"rendered":"<p>Ruban de masquage Fineline\u00a0: privil\u00e9gi\u00e9 pour les applications \u00e0 temp\u00e9rature moyenne \u00e0 \u00e9lev\u00e9e o\u00f9 une ligne fine et pr\u00e9cise est n\u00e9cessaire, y compris fabrication composite et fibre de verre (rev\u00eatement gel). Con\u00e7u pour offrir une degr\u00e9 \u00e9lev\u00e9 de conformabilit\u00e9, est \u00e9tanche et r\u00e9sistant aux solvants. Plage de temp\u00e9rature de service de 4,4\u00a0\u00b0C \u00e0 138\u00a0\u00b0C.<\/p>\n","protected":false},"featured_media":51560,"comment_status":"closed","ping_status":"closed","template":"","meta":{"_acf_changed":false},"product_brand":[],"product_cat":[8268,7706,6163,7738],"product_tag":[6188,8262,8262,8047],"associated_application":[6015,6013,6031,6122,6033,6092,6032],"class_list":{"0":"post-47165","1":"product","2":"type-product","3":"status-publish","4":"has-post-thumbnail","6":"product_cat-cradle-to-cradle-products-fr","7":"product_cat-sustainable-packaging-fr","8":"product_cat-masking-tape-fr","9":"product_cat-industrial-tapes-ruban-de-masquage-fr","10":"product_tag-specialty-fr","11":"product_tag-cradle-to-cradle-certified-fr","13":"product_tag-specialty-fr-2","14":"associated_application-applications-specialisees-fr","15":"associated_application-masquage-fr","16":"associated_application-masquage-fr-marche-des-pieces-automobiles-fr","17":"associated_application-composites-de-masquage-polyvalents-fr","18":"associated_application-masquage-resistant-aux-u-v-fr","19":"associated_application-secteur-de-lentretien-de-la-reparation-et-de-lexploitationmro-fr","20":"associated_application-solutions-polyvalentes-fr","22":"first","23":"instock","24":"product-type-simple"},"acf":[],"yoast_head":"<!-- This site is optimized with the Yoast SEO Premium plugin v24.1 (Yoast SEO v27.0) - https:\/\/yoast.com\/product\/yoast-seo-premium-wordpress\/ -->\n<title>FM35 - IPG<\/title>\n<meta name=\"robots\" content=\"index, follow, max-snippet:-1, max-image-preview:large, max-video-preview:-1\" \/>\n<link rel=\"canonical\" href=\"https:\/\/www.itape.com\/product\/fm35\/\" \/>\n<meta property=\"og:locale\" content=\"fr_FR\" \/>\n<meta property=\"og:type\" content=\"article\" \/>\n<meta property=\"og:title\" content=\"FM35\" \/>\n<meta property=\"og:description\" content=\"Ruban de masquage Fineline\u00a0: privil\u00e9gi\u00e9 pour les applications \u00e0 temp\u00e9rature moyenne \u00e0 \u00e9lev\u00e9e o\u00f9 une ligne fine et pr\u00e9cise est n\u00e9cessaire, y compris fabrication composite et fibre de verre (rev\u00eatement gel). Con\u00e7u pour offrir une degr\u00e9 \u00e9lev\u00e9 de conformabilit\u00e9, est \u00e9tanche et r\u00e9sistant aux solvants. Plage de temp\u00e9rature de service de 4,4\u00a0\u00b0C \u00e0 138\u00a0\u00b0C.\" \/>\n<meta property=\"og:url\" content=\"https:\/\/www.itape.com\/product\/fm35\/\" \/>\n<meta property=\"og:site_name\" content=\"IPG\" \/>\n<meta property=\"article:publisher\" content=\"https:\/\/www.facebook.com\/intertape\" \/>\n<meta property=\"article:modified_time\" content=\"2023-03-02T03:18:33+00:00\" \/>\n<meta property=\"og:image\" content=\"https:\/\/www.itape.com\/wp-content\/uploads\/fm35-org-19mmx33m-shadow.jpg\" \/>\n\t<meta property=\"og:image:width\" content=\"2400\" \/>\n\t<meta property=\"og:image:height\" content=\"2400\" \/>\n\t<meta property=\"og:image:type\" content=\"image\/jpeg\" \/>\n<meta name=\"twitter:card\" content=\"summary_large_image\" \/>\n<meta name=\"twitter:site\" content=\"@IPGtape\" \/>\n<meta name=\"twitter:label1\" content=\"Price\" \/>\n\t<meta name=\"twitter:data1\" content=\"\" \/>\n\t<meta name=\"twitter:label2\" content=\"Availability\" \/>\n\t<meta name=\"twitter:data2\" content=\"In stock\" \/>\n<script type=\"application\/ld+json\" class=\"yoast-schema-graph\">{\"@context\":\"https:\/\/schema.org\",\"@graph\":[{\"@type\":\"WebPage\",\"@id\":\"https:\/\/www.itape.com\/product\/fm35\/\",\"url\":\"https:\/\/www.itape.com\/product\/fm35\/\",\"name\":\"FM35 - IPG\",\"isPartOf\":{\"@id\":\"https:\/\/www.itape.com\/#website\"},\"primaryImageOfPage\":{\"@id\":\"https:\/\/www.itape.com\/product\/fm35\/#primaryimage\"},\"image\":{\"@id\":\"https:\/\/www.itape.com\/product\/fm35\/#primaryimage\"},\"thumbnailUrl\":\"https:\/\/www.itape.com\/wp-content\/uploads\/fm35-org-19mmx33m-shadow.jpg\",\"datePublished\":\"2023-01-12T14:33:02+00:00\",\"dateModified\":\"2023-03-02T03:18:33+00:00\",\"breadcrumb\":{\"@id\":\"https:\/\/www.itape.com\/product\/fm35\/#breadcrumb\"},\"inLanguage\":\"fr-FR\",\"potentialAction\":[{\"@type\":\"ReadAction\",\"target\":[\"https:\/\/www.itape.com\/product\/fm35\/\"]}]},{\"@type\":\"ImageObject\",\"inLanguage\":\"fr-FR\",\"@id\":\"https:\/\/www.itape.com\/product\/fm35\/#primaryimage\",\"url\":\"https:\/\/www.itape.com\/wp-content\/uploads\/fm35-org-19mmx33m-shadow.jpg\",\"contentUrl\":\"https:\/\/www.itape.com\/wp-content\/uploads\/fm35-org-19mmx33m-shadow.jpg\",\"width\":2400,\"height\":2400,\"caption\":\"FM35__Masking\"},{\"@type\":\"BreadcrumbList\",\"@id\":\"https:\/\/www.itape.com\/product\/fm35\/#breadcrumb\",\"itemListElement\":[{\"@type\":\"ListItem\",\"position\":1,\"name\":\"Home\",\"item\":\"https:\/\/www.itape.com\/fr\/\"},{\"@type\":\"ListItem\",\"position\":2,\"name\":\"Products\",\"item\":\"https:\/\/www.itape.com\/products\/\"},{\"@type\":\"ListItem\",\"position\":3,\"name\":\"FM35\"}]},{\"@type\":\"WebSite\",\"@id\":\"https:\/\/www.itape.com\/#website\",\"url\":\"https:\/\/www.itape.com\/\",\"name\":\"IPG\",\"description\":\"Global Leader in Packaging and Protective Solutions\",\"publisher\":{\"@id\":\"https:\/\/www.itape.com\/#organization\"},\"potentialAction\":[{\"@type\":\"SearchAction\",\"target\":{\"@type\":\"EntryPoint\",\"urlTemplate\":\"https:\/\/www.itape.com\/?s={search_term_string}\"},\"query-input\":{\"@type\":\"PropertyValueSpecification\",\"valueRequired\":true,\"valueName\":\"search_term_string\"}}],\"inLanguage\":\"fr-FR\"},{\"@type\":\"Organization\",\"@id\":\"https:\/\/www.itape.com\/#organization\",\"name\":\"IPG\",\"url\":\"https:\/\/www.itape.com\/\",\"logo\":{\"@type\":\"ImageObject\",\"inLanguage\":\"fr-FR\",\"@id\":\"https:\/\/www.itape.com\/#\/schema\/logo\/image\/\",\"url\":\"https:\/\/www.itape.com\/wp-content\/uploads\/2024\/06\/IPG-logo-2.png\",\"contentUrl\":\"https:\/\/www.itape.com\/wp-content\/uploads\/2024\/06\/IPG-logo-2.png\",\"width\":60,\"height\":60,\"caption\":\"IPG\"},\"image\":{\"@id\":\"https:\/\/www.itape.com\/#\/schema\/logo\/image\/\"},\"sameAs\":[\"https:\/\/www.facebook.com\/intertape\",\"https:\/\/x.com\/IPGtape\",\"https:\/\/www.linkedin.com\/company\/intertape-polymer-group\",\"https:\/\/www.instagram.com\/ipgtape\",\"https:\/\/www.youtube.com\/user\/IPGtape\"]}]}<\/script>\n<meta property=\"product:price:currency\" content=\"USD\" \/>\n<meta property=\"og:availability\" content=\"instock\" \/>\n<meta property=\"product:availability\" content=\"instock\" \/>\n<meta property=\"product:retailer_item_id\" content=\"3dffbb32b22b\" \/>\n<meta property=\"product:condition\" content=\"new\" \/>\n<!-- \/ Yoast SEO Premium plugin. -->","yoast_head_json":{"title":"FM35 - IPG","robots":{"index":"index","follow":"follow","max-snippet":"max-snippet:-1","max-image-preview":"max-image-preview:large","max-video-preview":"max-video-preview:-1"},"canonical":"https:\/\/www.itape.com\/product\/fm35\/","og_locale":"fr_FR","og_type":"article","og_title":"FM35","og_description":"Ruban de masquage Fineline\u00a0: privil\u00e9gi\u00e9 pour les applications \u00e0 temp\u00e9rature moyenne \u00e0 \u00e9lev\u00e9e o\u00f9 une ligne fine et pr\u00e9cise est n\u00e9cessaire, y compris fabrication composite et fibre de verre (rev\u00eatement gel). Con\u00e7u pour offrir une degr\u00e9 \u00e9lev\u00e9 de conformabilit\u00e9, est \u00e9tanche et r\u00e9sistant aux solvants. Plage de temp\u00e9rature de service de 4,4\u00a0\u00b0C \u00e0 138\u00a0\u00b0C.","og_url":"https:\/\/www.itape.com\/product\/fm35\/","og_site_name":"IPG","article_publisher":"https:\/\/www.facebook.com\/intertape","article_modified_time":"2023-03-02T03:18:33+00:00","og_image":[{"width":2400,"height":2400,"url":"https:\/\/www.itape.com\/wp-content\/uploads\/fm35-org-19mmx33m-shadow.jpg","type":"image\/jpeg"}],"twitter_card":"summary_large_image","twitter_site":"@IPGtape","twitter_misc":{"Price":"","Availability":"In stock"},"schema":{"@context":"https:\/\/schema.org","@graph":[{"@type":"WebPage","@id":"https:\/\/www.itape.com\/product\/fm35\/","url":"https:\/\/www.itape.com\/product\/fm35\/","name":"FM35 - IPG","isPartOf":{"@id":"https:\/\/www.itape.com\/#website"},"primaryImageOfPage":{"@id":"https:\/\/www.itape.com\/product\/fm35\/#primaryimage"},"image":{"@id":"https:\/\/www.itape.com\/product\/fm35\/#primaryimage"},"thumbnailUrl":"https:\/\/www.itape.com\/wp-content\/uploads\/fm35-org-19mmx33m-shadow.jpg","datePublished":"2023-01-12T14:33:02+00:00","dateModified":"2023-03-02T03:18:33+00:00","breadcrumb":{"@id":"https:\/\/www.itape.com\/product\/fm35\/#breadcrumb"},"inLanguage":"fr-FR","potentialAction":[{"@type":"ReadAction","target":["https:\/\/www.itape.com\/product\/fm35\/"]}]},{"@type":"ImageObject","inLanguage":"fr-FR","@id":"https:\/\/www.itape.com\/product\/fm35\/#primaryimage","url":"https:\/\/www.itape.com\/wp-content\/uploads\/fm35-org-19mmx33m-shadow.jpg","contentUrl":"https:\/\/www.itape.com\/wp-content\/uploads\/fm35-org-19mmx33m-shadow.jpg","width":2400,"height":2400,"caption":"FM35__Masking"},{"@type":"BreadcrumbList","@id":"https:\/\/www.itape.com\/product\/fm35\/#breadcrumb","itemListElement":[{"@type":"ListItem","position":1,"name":"Home","item":"https:\/\/www.itape.com\/fr\/"},{"@type":"ListItem","position":2,"name":"Products","item":"https:\/\/www.itape.com\/products\/"},{"@type":"ListItem","position":3,"name":"FM35"}]},{"@type":"WebSite","@id":"https:\/\/www.itape.com\/#website","url":"https:\/\/www.itape.com\/","name":"IPG","description":"Global Leader in Packaging and Protective Solutions","publisher":{"@id":"https:\/\/www.itape.com\/#organization"},"potentialAction":[{"@type":"SearchAction","target":{"@type":"EntryPoint","urlTemplate":"https:\/\/www.itape.com\/?s={search_term_string}"},"query-input":{"@type":"PropertyValueSpecification","valueRequired":true,"valueName":"search_term_string"}}],"inLanguage":"fr-FR"},{"@type":"Organization","@id":"https:\/\/www.itape.com\/#organization","name":"IPG","url":"https:\/\/www.itape.com\/","logo":{"@type":"ImageObject","inLanguage":"fr-FR","@id":"https:\/\/www.itape.com\/#\/schema\/logo\/image\/","url":"https:\/\/www.itape.com\/wp-content\/uploads\/2024\/06\/IPG-logo-2.png","contentUrl":"https:\/\/www.itape.com\/wp-content\/uploads\/2024\/06\/IPG-logo-2.png","width":60,"height":60,"caption":"IPG"},"image":{"@id":"https:\/\/www.itape.com\/#\/schema\/logo\/image\/"},"sameAs":["https:\/\/www.facebook.com\/intertape","https:\/\/x.com\/IPGtape","https:\/\/www.linkedin.com\/company\/intertape-polymer-group","https:\/\/www.instagram.com\/ipgtape","https:\/\/www.youtube.com\/user\/IPGtape"]}]},"product_price_currency":"USD","og_availability":"instock","product_availability":"instock","product_retailer_item_id":"3dffbb32b22b","product_condition":"new"},"parsely":{"version":"1.1.0","canonical_url":"https:\/\/itape.com\/fr\/product\/fm35-fr\/","smart_links":{"inbound":0,"outbound":0},"traffic_boost_suggestions_count":0,"meta":{"@context":"https:\/\/schema.org","@type":"WebPage","headline":"FM35","url":"https:\/\/www.itape.com\/fr\/product\/fm35-fr\/","mainEntityOfPage":{"@type":"WebPage","@id":"https:\/\/www.itape.com\/fr\/product\/fm35-fr\/"},"thumbnailUrl":"https:\/\/www.itape.com\/wp-content\/uploads\/fm35-org-19mmx33m-shadow.jpg?w=150&h=150&crop=1","image":{"@type":"ImageObject","url":"https:\/\/www.itape.com\/wp-content\/uploads\/fm35-org-19mmx33m-shadow.jpg"},"articleSection":"Non classifi\u00e9(e)","author":[{"@type":"Person","name":"IPG"}],"creator":["IPG"],"publisher":{"@type":"Organization","name":"IPG","logo":"https:\/\/www.itape.com\/wp-content\/uploads\/2023\/03\/IPG-logo-2.png"},"keywords":[],"dateCreated":"2023-01-12T14:33:02Z","datePublished":"2023-01-12T14:33:02Z","dateModified":"2023-03-02T03:18:33Z"},"rendered":"<meta name=\"parsely-title\" content=\"FM35\" \/>\n<meta name=\"parsely-link\" content=\"https:\/\/www.itape.com\/fr\/product\/fm35-fr\/\" \/>\n<meta name=\"parsely-type\" content=\"index\" \/>\n<meta name=\"parsely-image-url\" content=\"https:\/\/www.itape.com\/wp-content\/uploads\/fm35-org-19mmx33m-shadow.jpg?w=150&amp;h=150&amp;crop=1\" \/>\n<meta name=\"parsely-pub-date\" content=\"2023-01-12T14:33:02Z\" \/>\n<meta name=\"parsely-section\" content=\"Non classifi\u00e9(e)\" \/>\n<meta name=\"parsely-author\" content=\"IPG\" \/>","tracker_url":"https:\/\/cdn.parsely.com\/keys\/itape.com\/p.js"},"jetpack_sharing_enabled":true,"_links":{"self":[{"href":"https:\/\/www.itape.com\/fr\/wp-json\/wp\/v2\/product\/47165","targetHints":{"allow":["GET"]}}],"collection":[{"href":"https:\/\/www.itape.com\/fr\/wp-json\/wp\/v2\/product"}],"about":[{"href":"https:\/\/www.itape.com\/fr\/wp-json\/wp\/v2\/types\/product"}],"replies":[{"embeddable":true,"href":"https:\/\/www.itape.com\/fr\/wp-json\/wp\/v2\/comments?post=47165"}],"wp:featuredmedia":[{"embeddable":true,"href":"https:\/\/www.itape.com\/fr\/wp-json\/wp\/v2\/media\/51560"}],"wp:attachment":[{"href":"https:\/\/www.itape.com\/fr\/wp-json\/wp\/v2\/media?parent=47165"}],"wp:term":[{"taxonomy":"product_brand","embeddable":true,"href":"https:\/\/www.itape.com\/fr\/wp-json\/wp\/v2\/product_brand?post=47165"},{"taxonomy":"product_cat","embeddable":true,"href":"https:\/\/www.itape.com\/fr\/wp-json\/wp\/v2\/product_cat?post=47165"},{"taxonomy":"product_tag","embeddable":true,"href":"https:\/\/www.itape.com\/fr\/wp-json\/wp\/v2\/product_tag?post=47165"},{"taxonomy":"associated_application","embeddable":true,"href":"https:\/\/www.itape.com\/fr\/wp-json\/wp\/v2\/associated_application?post=47165"}],"curies":[{"name":"wp","href":"https:\/\/api.w.org\/{rel}","templated":true}]}}