{"id":47171,"date":"2023-01-12T14:33:02","date_gmt":"2023-01-12T14:33:02","guid":{"rendered":"https:\/\/www.itape.com\/product\/pt14-fr\/"},"modified":"2023-10-20T20:05:06","modified_gmt":"2023-10-20T20:05:06","slug":"pt14-fr","status":"publish","type":"product","link":"https:\/\/www.itape.com\/fr\/product\/pt14-fr\/","title":{"rendered":"PT14"},"content":{"rendered":"","protected":false},"excerpt":{"rendered":"<p>Ruban de masquage auto-adh\u00e9sif bleu con\u00e7u pour les peintres professionnels les plus exigeants. Avec sa doublure en papier cr\u00eape fin, il fournit des lignes de peinture excellentes, une bonne pose en angle et une conformabilit\u00e9 sans \u00e9quivalent. Le ruban de peinture se retire proprement pendant 14 jours, m\u00eame en cas d&rsquo;exposition directe au soleil et d&rsquo;humidit\u00e9 importante. Les applications classiques comprennent le masquage ext\u00e9rieur de bois, verre et surfaces m\u00e9talliques et les applications en peinture maritime. Comporte la technologie brevet\u00e9e Bloc-it\u00ae Clean Line d&rsquo;IPG pour les tailles suivantes\u00a0: 18\u00a0mm, 24\u00a0mm, 36\u00a0mm, 48\u00a0mm.<\/p>\n","protected":false},"featured_media":52340,"comment_status":"closed","ping_status":"closed","template":"","meta":{"_acf_changed":false},"product_brand":[],"product_cat":[8268,7699,7706,6163,7718,7738,7702],"product_tag":[6241,6249,8262],"associated_application":[5993,6141,5999,6129,5995,5997,6003,5992,6004,6005,5994,6142,6031,6122,6033,6093,6001,6146,6109,6147,6008,6112,6007,6092,6000,6127],"class_list":{"0":"post-47171","1":"product","2":"type-product","3":"status-publish","4":"has-post-thumbnail","6":"product_cat-cradle-to-cradle-products-fr","7":"product_cat-building-and-construction-products-fr","8":"product_cat-sustainable-packaging-fr","9":"product_cat-masking-tape-fr","10":"product_cat-building-and-construction-products-ruban-de-masquage-fr","11":"product_cat-industrial-tapes-ruban-de-masquage-fr","12":"product_cat-industrial-tapes-fr","13":"product_tag-export-grade-fr","14":"product_tag-residential-masking-fr","15":"product_tag-cradle-to-cradle-certified-fr","16":"associated_application-appareil-fr","17":"associated_application-applications-generales-pour-la-peinture-fr","18":"associated_application-assainissement-et-restauration-fr","19":"associated_application-batiment-et-construction-fr-assainissement-et-restauration-fr","20":"associated_application-batiment-et-construction-fr","21":"associated_application-commerce-en-ligne-fr","22":"associated_application-demenagement-et-stockage-fr","23":"associated_application-industrie-aerospatiale-fr","24":"associated_application-industrie-du-cvc-fr","25":"associated_application-industrie-maritime-et-des-composites-fr","26":"associated_application-marche-des-pieces-automobiles-fr","27":"associated_application-masquage-fr-secteur-du-transport-fr","28":"associated_application-masquage-fr-marche-des-pieces-automobiles-fr","29":"associated_application-composites-de-masquage-polyvalents-fr","30":"associated_application-masquage-resistant-aux-u-v-fr","31":"associated_application-peinture-fr","32":"associated_application-processus-general-de-fabrication-fr","33":"associated_application-protection-contre-les-uv-fr","34":"associated_application-protection-des-surfaces-fr-demenagement-et-stockage-fr-2","35":"associated_application-protection-et-maintien-fr","36":"associated_application-secteur-de-lentreposage-daeronefs-fr","37":"associated_application-secteur-de-la-construction-fr","38":"associated_application-secteur-du-transport-fr","39":"associated_application-secteur-de-lentretien-de-la-reparation-et-de-lexploitationmro-fr","40":"associated_application-transformation-alimentaire-fr","41":"associated_application-uv-masquage-exterieur-fr","43":"first","44":"instock","45":"product-type-simple"},"acf":[],"yoast_head":"<!-- This site is optimized with the Yoast SEO Premium plugin v24.1 (Yoast SEO v27.0) - https:\/\/yoast.com\/product\/yoast-seo-premium-wordpress\/ -->\n<title>PT14 - IPG<\/title>\n<meta name=\"robots\" content=\"index, follow, max-snippet:-1, max-image-preview:large, max-video-preview:-1\" \/>\n<link rel=\"canonical\" href=\"https:\/\/www.itape.com\/product\/pt14\/\" \/>\n<meta property=\"og:locale\" content=\"fr_FR\" \/>\n<meta property=\"og:type\" content=\"article\" \/>\n<meta property=\"og:title\" content=\"PT14\" \/>\n<meta property=\"og:description\" content=\"Ruban de masquage auto-adh\u00e9sif bleu con\u00e7u pour les peintres professionnels les plus exigeants. Avec sa doublure en papier cr\u00eape fin, il fournit des lignes de peinture excellentes, une bonne pose en angle et une conformabilit\u00e9 sans \u00e9quivalent. Le ruban de peinture se retire proprement pendant 14 jours, m\u00eame en cas d&#039;exposition directe au soleil et d&#039;humidit\u00e9 importante. Les applications classiques comprennent le masquage ext\u00e9rieur de bois, verre et surfaces m\u00e9talliques et les applications en peinture maritime. Comporte la technologie brevet\u00e9e Bloc-it\u00ae Clean Line d&#039;IPG pour les tailles suivantes\u00a0: 18\u00a0mm, 24\u00a0mm, 36\u00a0mm, 48\u00a0mm.\" \/>\n<meta property=\"og:url\" content=\"https:\/\/www.itape.com\/product\/pt14\/\" \/>\n<meta property=\"og:site_name\" content=\"IPG\" \/>\n<meta property=\"article:publisher\" content=\"https:\/\/www.facebook.com\/intertape\" \/>\n<meta property=\"article:modified_time\" content=\"2023-10-20T20:05:06+00:00\" \/>\n<meta name=\"twitter:card\" content=\"summary_large_image\" \/>\n<meta name=\"twitter:image\" content=\"https:\/\/www.itape.com\/wp-content\/uploads\/pt14-blu-48mmx54.8m-shadow.jpg\" \/>\n<meta name=\"twitter:site\" content=\"@IPGtape\" \/>\n<meta name=\"twitter:label1\" content=\"Price\" \/>\n\t<meta name=\"twitter:data1\" content=\"\" \/>\n\t<meta name=\"twitter:label2\" content=\"Availability\" \/>\n\t<meta name=\"twitter:data2\" content=\"In stock\" \/>\n<script type=\"application\/ld+json\" class=\"yoast-schema-graph\">{\"@context\":\"https:\/\/schema.org\",\"@graph\":[{\"@type\":\"WebPage\",\"@id\":\"https:\/\/www.itape.com\/product\/pt14\/\",\"url\":\"https:\/\/www.itape.com\/product\/pt14\/\",\"name\":\"PT14 - IPG\",\"isPartOf\":{\"@id\":\"https:\/\/www.itape.com\/#website\"},\"primaryImageOfPage\":{\"@id\":\"https:\/\/www.itape.com\/product\/pt14\/#primaryimage\"},\"image\":{\"@id\":\"https:\/\/www.itape.com\/product\/pt14\/#primaryimage\"},\"thumbnailUrl\":\"https:\/\/www.itape.com\/wp-content\/uploads\/pt14-blu-48mmx54.8m-shadow.jpg\",\"datePublished\":\"2023-01-12T14:33:02+00:00\",\"dateModified\":\"2023-10-20T20:05:06+00:00\",\"breadcrumb\":{\"@id\":\"https:\/\/www.itape.com\/product\/pt14\/#breadcrumb\"},\"inLanguage\":\"fr-FR\",\"potentialAction\":[{\"@type\":\"ReadAction\",\"target\":[\"https:\/\/www.itape.com\/product\/pt14\/\"]}]},{\"@type\":\"ImageObject\",\"inLanguage\":\"fr-FR\",\"@id\":\"https:\/\/www.itape.com\/product\/pt14\/#primaryimage\",\"url\":\"https:\/\/www.itape.com\/wp-content\/uploads\/pt14-blu-48mmx54.8m-shadow.jpg\",\"contentUrl\":\"https:\/\/www.itape.com\/wp-content\/uploads\/pt14-blu-48mmx54.8m-shadow.jpg\",\"width\":2400,\"height\":2400,\"caption\":\"PT14__Masking\"},{\"@type\":\"BreadcrumbList\",\"@id\":\"https:\/\/www.itape.com\/product\/pt14\/#breadcrumb\",\"itemListElement\":[{\"@type\":\"ListItem\",\"position\":1,\"name\":\"Home\",\"item\":\"https:\/\/www.itape.com\/fr\/\"},{\"@type\":\"ListItem\",\"position\":2,\"name\":\"Products\",\"item\":\"https:\/\/www.itape.com\/products\/\"},{\"@type\":\"ListItem\",\"position\":3,\"name\":\"PT14\"}]},{\"@type\":\"WebSite\",\"@id\":\"https:\/\/www.itape.com\/#website\",\"url\":\"https:\/\/www.itape.com\/\",\"name\":\"IPG\",\"description\":\"Global Leader in Packaging and Protective Solutions\",\"publisher\":{\"@id\":\"https:\/\/www.itape.com\/#organization\"},\"potentialAction\":[{\"@type\":\"SearchAction\",\"target\":{\"@type\":\"EntryPoint\",\"urlTemplate\":\"https:\/\/www.itape.com\/?s={search_term_string}\"},\"query-input\":{\"@type\":\"PropertyValueSpecification\",\"valueRequired\":true,\"valueName\":\"search_term_string\"}}],\"inLanguage\":\"fr-FR\"},{\"@type\":\"Organization\",\"@id\":\"https:\/\/www.itape.com\/#organization\",\"name\":\"IPG\",\"url\":\"https:\/\/www.itape.com\/\",\"logo\":{\"@type\":\"ImageObject\",\"inLanguage\":\"fr-FR\",\"@id\":\"https:\/\/www.itape.com\/#\/schema\/logo\/image\/\",\"url\":\"https:\/\/www.itape.com\/wp-content\/uploads\/2024\/06\/IPG-logo-2.png\",\"contentUrl\":\"https:\/\/www.itape.com\/wp-content\/uploads\/2024\/06\/IPG-logo-2.png\",\"width\":60,\"height\":60,\"caption\":\"IPG\"},\"image\":{\"@id\":\"https:\/\/www.itape.com\/#\/schema\/logo\/image\/\"},\"sameAs\":[\"https:\/\/www.facebook.com\/intertape\",\"https:\/\/x.com\/IPGtape\",\"https:\/\/www.linkedin.com\/company\/intertape-polymer-group\",\"https:\/\/www.instagram.com\/ipgtape\",\"https:\/\/www.youtube.com\/user\/IPGtape\"]}]}<\/script>\n<meta property=\"product:price:currency\" content=\"USD\" \/>\n<meta property=\"og:availability\" content=\"instock\" \/>\n<meta property=\"product:availability\" content=\"instock\" \/>\n<meta property=\"product:retailer_item_id\" content=\"f56f876c0eea\" \/>\n<meta property=\"product:condition\" content=\"new\" \/>\n<!-- \/ Yoast SEO Premium plugin. -->","yoast_head_json":{"title":"PT14 - IPG","robots":{"index":"index","follow":"follow","max-snippet":"max-snippet:-1","max-image-preview":"max-image-preview:large","max-video-preview":"max-video-preview:-1"},"canonical":"https:\/\/www.itape.com\/product\/pt14\/","og_locale":"fr_FR","og_type":"article","og_title":"PT14","og_description":"Ruban de masquage auto-adh\u00e9sif bleu con\u00e7u pour les peintres professionnels les plus exigeants. Avec sa doublure en papier cr\u00eape fin, il fournit des lignes de peinture excellentes, une bonne pose en angle et une conformabilit\u00e9 sans \u00e9quivalent. Le ruban de peinture se retire proprement pendant 14 jours, m\u00eame en cas d'exposition directe au soleil et d'humidit\u00e9 importante. Les applications classiques comprennent le masquage ext\u00e9rieur de bois, verre et surfaces m\u00e9talliques et les applications en peinture maritime. Comporte la technologie brevet\u00e9e Bloc-it\u00ae Clean Line d'IPG pour les tailles suivantes\u00a0: 18\u00a0mm, 24\u00a0mm, 36\u00a0mm, 48\u00a0mm.","og_url":"https:\/\/www.itape.com\/product\/pt14\/","og_site_name":"IPG","article_publisher":"https:\/\/www.facebook.com\/intertape","article_modified_time":"2023-10-20T20:05:06+00:00","twitter_card":"summary_large_image","twitter_image":"https:\/\/www.itape.com\/wp-content\/uploads\/pt14-blu-48mmx54.8m-shadow.jpg","twitter_site":"@IPGtape","twitter_misc":{"Price":"","Availability":"In stock"},"schema":{"@context":"https:\/\/schema.org","@graph":[{"@type":"WebPage","@id":"https:\/\/www.itape.com\/product\/pt14\/","url":"https:\/\/www.itape.com\/product\/pt14\/","name":"PT14 - IPG","isPartOf":{"@id":"https:\/\/www.itape.com\/#website"},"primaryImageOfPage":{"@id":"https:\/\/www.itape.com\/product\/pt14\/#primaryimage"},"image":{"@id":"https:\/\/www.itape.com\/product\/pt14\/#primaryimage"},"thumbnailUrl":"https:\/\/www.itape.com\/wp-content\/uploads\/pt14-blu-48mmx54.8m-shadow.jpg","datePublished":"2023-01-12T14:33:02+00:00","dateModified":"2023-10-20T20:05:06+00:00","breadcrumb":{"@id":"https:\/\/www.itape.com\/product\/pt14\/#breadcrumb"},"inLanguage":"fr-FR","potentialAction":[{"@type":"ReadAction","target":["https:\/\/www.itape.com\/product\/pt14\/"]}]},{"@type":"ImageObject","inLanguage":"fr-FR","@id":"https:\/\/www.itape.com\/product\/pt14\/#primaryimage","url":"https:\/\/www.itape.com\/wp-content\/uploads\/pt14-blu-48mmx54.8m-shadow.jpg","contentUrl":"https:\/\/www.itape.com\/wp-content\/uploads\/pt14-blu-48mmx54.8m-shadow.jpg","width":2400,"height":2400,"caption":"PT14__Masking"},{"@type":"BreadcrumbList","@id":"https:\/\/www.itape.com\/product\/pt14\/#breadcrumb","itemListElement":[{"@type":"ListItem","position":1,"name":"Home","item":"https:\/\/www.itape.com\/fr\/"},{"@type":"ListItem","position":2,"name":"Products","item":"https:\/\/www.itape.com\/products\/"},{"@type":"ListItem","position":3,"name":"PT14"}]},{"@type":"WebSite","@id":"https:\/\/www.itape.com\/#website","url":"https:\/\/www.itape.com\/","name":"IPG","description":"Global Leader in Packaging and Protective Solutions","publisher":{"@id":"https:\/\/www.itape.com\/#organization"},"potentialAction":[{"@type":"SearchAction","target":{"@type":"EntryPoint","urlTemplate":"https:\/\/www.itape.com\/?s={search_term_string}"},"query-input":{"@type":"PropertyValueSpecification","valueRequired":true,"valueName":"search_term_string"}}],"inLanguage":"fr-FR"},{"@type":"Organization","@id":"https:\/\/www.itape.com\/#organization","name":"IPG","url":"https:\/\/www.itape.com\/","logo":{"@type":"ImageObject","inLanguage":"fr-FR","@id":"https:\/\/www.itape.com\/#\/schema\/logo\/image\/","url":"https:\/\/www.itape.com\/wp-content\/uploads\/2024\/06\/IPG-logo-2.png","contentUrl":"https:\/\/www.itape.com\/wp-content\/uploads\/2024\/06\/IPG-logo-2.png","width":60,"height":60,"caption":"IPG"},"image":{"@id":"https:\/\/www.itape.com\/#\/schema\/logo\/image\/"},"sameAs":["https:\/\/www.facebook.com\/intertape","https:\/\/x.com\/IPGtape","https:\/\/www.linkedin.com\/company\/intertape-polymer-group","https:\/\/www.instagram.com\/ipgtape","https:\/\/www.youtube.com\/user\/IPGtape"]}]},"product_price_currency":"USD","og_availability":"instock","product_availability":"instock","product_retailer_item_id":"f56f876c0eea","product_condition":"new"},"parsely":{"version":"1.1.0","canonical_url":"https:\/\/itape.com\/fr\/product\/pt14-fr\/","smart_links":{"inbound":0,"outbound":0},"traffic_boost_suggestions_count":0,"meta":{"@context":"https:\/\/schema.org","@type":"WebPage","headline":"PT14","url":"https:\/\/www.itape.com\/fr\/product\/pt14-fr\/","mainEntityOfPage":{"@type":"WebPage","@id":"https:\/\/www.itape.com\/fr\/product\/pt14-fr\/"},"thumbnailUrl":"https:\/\/www.itape.com\/wp-content\/uploads\/pt14-blu-48mmx54.8m-shadow.jpg?w=150&h=150&crop=1","image":{"@type":"ImageObject","url":"https:\/\/www.itape.com\/wp-content\/uploads\/pt14-blu-48mmx54.8m-shadow.jpg"},"articleSection":"Non classifi\u00e9(e)","author":[{"@type":"Person","name":"IPG"}],"creator":["IPG"],"publisher":{"@type":"Organization","name":"IPG","logo":"https:\/\/www.itape.com\/wp-content\/uploads\/2023\/03\/IPG-logo-2.png"},"keywords":[],"dateCreated":"2023-01-12T14:33:02Z","datePublished":"2023-01-12T14:33:02Z","dateModified":"2023-10-20T20:05:06Z"},"rendered":"<meta name=\"parsely-title\" content=\"PT14\" \/>\n<meta name=\"parsely-link\" content=\"https:\/\/www.itape.com\/fr\/product\/pt14-fr\/\" \/>\n<meta name=\"parsely-type\" content=\"index\" \/>\n<meta name=\"parsely-image-url\" content=\"https:\/\/www.itape.com\/wp-content\/uploads\/pt14-blu-48mmx54.8m-shadow.jpg?w=150&amp;h=150&amp;crop=1\" \/>\n<meta name=\"parsely-pub-date\" content=\"2023-01-12T14:33:02Z\" \/>\n<meta name=\"parsely-section\" content=\"Non classifi\u00e9(e)\" \/>\n<meta name=\"parsely-author\" content=\"IPG\" \/>","tracker_url":"https:\/\/cdn.parsely.com\/keys\/itape.com\/p.js"},"jetpack_sharing_enabled":true,"_links":{"self":[{"href":"https:\/\/www.itape.com\/fr\/wp-json\/wp\/v2\/product\/47171","targetHints":{"allow":["GET"]}}],"collection":[{"href":"https:\/\/www.itape.com\/fr\/wp-json\/wp\/v2\/product"}],"about":[{"href":"https:\/\/www.itape.com\/fr\/wp-json\/wp\/v2\/types\/product"}],"replies":[{"embeddable":true,"href":"https:\/\/www.itape.com\/fr\/wp-json\/wp\/v2\/comments?post=47171"}],"wp:featuredmedia":[{"embeddable":true,"href":"https:\/\/www.itape.com\/fr\/wp-json\/wp\/v2\/media\/52340"}],"wp:attachment":[{"href":"https:\/\/www.itape.com\/fr\/wp-json\/wp\/v2\/media?parent=47171"}],"wp:term":[{"taxonomy":"product_brand","embeddable":true,"href":"https:\/\/www.itape.com\/fr\/wp-json\/wp\/v2\/product_brand?post=47171"},{"taxonomy":"product_cat","embeddable":true,"href":"https:\/\/www.itape.com\/fr\/wp-json\/wp\/v2\/product_cat?post=47171"},{"taxonomy":"product_tag","embeddable":true,"href":"https:\/\/www.itape.com\/fr\/wp-json\/wp\/v2\/product_tag?post=47171"},{"taxonomy":"associated_application","embeddable":true,"href":"https:\/\/www.itape.com\/fr\/wp-json\/wp\/v2\/associated_application?post=47171"}],"curies":[{"name":"wp","href":"https:\/\/api.w.org\/{rel}","templated":true}]}}