{"id":47183,"date":"2023-01-12T14:33:08","date_gmt":"2023-01-12T14:33:08","guid":{"rendered":"https:\/\/www.itape.com\/product\/novashield-elite-fr\/"},"modified":"2023-07-24T13:41:27","modified_gmt":"2023-07-24T13:41:27","slug":"novashield-elite-fr","status":"publish","type":"product","link":"https:\/\/www.itape.com\/fr\/product\/novashield-elite-fr\/","title":{"rendered":"NovaShield ELITE"},"content":{"rendered":"","protected":false},"excerpt":{"rendered":"<p>Textile lourd pour les applications n\u00e9cessitant des propri\u00e9t\u00e9s ignifugeantes et une stabilit\u00e9 aux UV, telles que les structures en membranes. Le textile NovaShield\u2122 ELITE est dot\u00e9 d&rsquo;un film stratifi\u00e9 sur une face et un rev\u00eatement exclusif est utilis\u00e9 pour renforcer la r\u00e9sistance \u00e0 l&rsquo;abrasion, \u00e0 la flexibilit\u00e9 et aux UV, ainsi que la r\u00e9sistance du joint et la long\u00e9vit\u00e9. Le film est fabriqu\u00e9 selon un mod\u00e8le de tissage sp\u00e9cial pour am\u00e9liorer la plan\u00e9it\u00e9 et la r\u00e9sistance \u00e0 l&rsquo;abrasion et aux d\u00e9chirures.<\/p>\n","protected":false},"featured_media":53174,"comment_status":"closed","ping_status":"closed","template":"","meta":{"_acf_changed":false},"product_brand":[],"product_cat":[8268,7706,7701,7730],"product_tag":[8262,7764,6254],"associated_application":[5999,6003,5994,6006],"class_list":{"0":"post-47183","1":"product","2":"type-product","3":"status-publish","4":"has-post-thumbnail","6":"product_cat-cradle-to-cradle-products-fr","7":"product_cat-sustainable-packaging-fr","8":"product_cat-engineered-coated-products-fr","9":"product_cat-engineered-coated-products-textile-pour-structures-tendues-fr","10":"product_tag-cradle-to-cradle-certified-fr","11":"product_tag-flame-retardant-fr","12":"product_tag-agente-ignifugo-fr","13":"associated_application-assainissement-et-restauration-fr","14":"associated_application-demenagement-et-stockage-fr","15":"associated_application-marche-des-pieces-automobiles-fr","16":"associated_application-solutions-de-textiles-pour-structures-fr","18":"first","19":"instock","20":"product-type-simple"},"acf":[],"yoast_head":"<!-- This site is optimized with the Yoast SEO Premium plugin v24.1 (Yoast SEO v27.3) - https:\/\/yoast.com\/product\/yoast-seo-premium-wordpress\/ -->\n<title>NovaShield ELITE - IPG<\/title>\n<meta name=\"robots\" content=\"index, follow, max-snippet:-1, max-image-preview:large, max-video-preview:-1\" \/>\n<link rel=\"canonical\" href=\"https:\/\/www.itape.com\/fr\/product\/novashield-elite-fr\/\" \/>\n<meta property=\"og:locale\" content=\"fr_FR\" \/>\n<meta property=\"og:type\" content=\"article\" \/>\n<meta property=\"og:title\" content=\"NovaShield ELITE\" \/>\n<meta property=\"og:description\" content=\"Textile lourd pour les applications n\u00e9cessitant des propri\u00e9t\u00e9s ignifugeantes et une stabilit\u00e9 aux UV, telles que les structures en membranes. Le textile NovaShield\u2122 ELITE est dot\u00e9 d&#039;un film stratifi\u00e9 sur une face et un rev\u00eatement exclusif est utilis\u00e9 pour renforcer la r\u00e9sistance \u00e0 l&#039;abrasion, \u00e0 la flexibilit\u00e9 et aux UV, ainsi que la r\u00e9sistance du joint et la long\u00e9vit\u00e9. Le film est fabriqu\u00e9 selon un mod\u00e8le de tissage sp\u00e9cial pour am\u00e9liorer la plan\u00e9it\u00e9 et la r\u00e9sistance \u00e0 l&#039;abrasion et aux d\u00e9chirures.\" \/>\n<meta property=\"og:url\" content=\"https:\/\/www.itape.com\/fr\/product\/novashield-elite-fr\/\" \/>\n<meta property=\"og:site_name\" content=\"IPG\" \/>\n<meta property=\"article:publisher\" content=\"https:\/\/www.facebook.com\/intertape\" \/>\n<meta property=\"article:modified_time\" content=\"2023-07-24T13:41:27+00:00\" \/>\n<meta property=\"og:image\" content=\"https:\/\/www.itape.com\/wp-content\/uploads\/2023\/01\/NS_ELITE_FRU_high.jpg\" \/>\n\t<meta property=\"og:image:width\" content=\"2400\" \/>\n\t<meta property=\"og:image:height\" content=\"2400\" \/>\n\t<meta property=\"og:image:type\" content=\"image\/jpeg\" \/>\n<meta name=\"twitter:card\" content=\"summary_large_image\" \/>\n<meta name=\"twitter:site\" content=\"@IPGtape\" \/>\n<meta name=\"twitter:label1\" content=\"Price\" \/>\n\t<meta name=\"twitter:data1\" content=\"\" \/>\n\t<meta name=\"twitter:label2\" content=\"Availability\" \/>\n\t<meta name=\"twitter:data2\" content=\"In stock\" \/>\n<script type=\"application\/ld+json\" class=\"yoast-schema-graph\">{\"@context\":\"https:\\\/\\\/schema.org\",\"@graph\":[{\"@type\":\"WebPage\",\"@id\":\"https:\\\/\\\/www.itape.com\\\/fr\\\/product\\\/novashield-elite-fr\\\/\",\"url\":\"https:\\\/\\\/www.itape.com\\\/fr\\\/product\\\/novashield-elite-fr\\\/\",\"name\":\"NovaShield ELITE - IPG\",\"isPartOf\":{\"@id\":\"https:\\\/\\\/www.itape.com\\\/#website\"},\"primaryImageOfPage\":{\"@id\":\"https:\\\/\\\/www.itape.com\\\/fr\\\/product\\\/novashield-elite-fr\\\/#primaryimage\"},\"image\":{\"@id\":\"https:\\\/\\\/www.itape.com\\\/fr\\\/product\\\/novashield-elite-fr\\\/#primaryimage\"},\"thumbnailUrl\":\"https:\\\/\\\/www.itape.com\\\/wp-content\\\/uploads\\\/2023\\\/01\\\/NS_ELITE_FRU_high.jpg\",\"datePublished\":\"2023-01-12T14:33:08+00:00\",\"dateModified\":\"2023-07-24T13:41:27+00:00\",\"breadcrumb\":{\"@id\":\"https:\\\/\\\/www.itape.com\\\/fr\\\/product\\\/novashield-elite-fr\\\/#breadcrumb\"},\"inLanguage\":\"fr-FR\",\"potentialAction\":[{\"@type\":\"ReadAction\",\"target\":[\"https:\\\/\\\/www.itape.com\\\/fr\\\/product\\\/novashield-elite-fr\\\/\"]}]},{\"@type\":\"ImageObject\",\"inLanguage\":\"fr-FR\",\"@id\":\"https:\\\/\\\/www.itape.com\\\/fr\\\/product\\\/novashield-elite-fr\\\/#primaryimage\",\"url\":\"https:\\\/\\\/www.itape.com\\\/wp-content\\\/uploads\\\/2023\\\/01\\\/NS_ELITE_FRU_high.jpg\",\"contentUrl\":\"https:\\\/\\\/www.itape.com\\\/wp-content\\\/uploads\\\/2023\\\/01\\\/NS_ELITE_FRU_high.jpg\",\"width\":2400,\"height\":2400,\"caption\":\"NOVASHIELD_ELITE_FRU\"},{\"@type\":\"BreadcrumbList\",\"@id\":\"https:\\\/\\\/www.itape.com\\\/fr\\\/product\\\/novashield-elite-fr\\\/#breadcrumb\",\"itemListElement\":[{\"@type\":\"ListItem\",\"position\":1,\"name\":\"Home\",\"item\":\"https:\\\/\\\/www.itape.com\\\/fr\\\/\"},{\"@type\":\"ListItem\",\"position\":2,\"name\":\"Products\",\"item\":\"https:\\\/\\\/www.itape.com\\\/products\\\/\"},{\"@type\":\"ListItem\",\"position\":3,\"name\":\"NovaShield ELITE\"}]},{\"@type\":\"WebSite\",\"@id\":\"https:\\\/\\\/www.itape.com\\\/#website\",\"url\":\"https:\\\/\\\/www.itape.com\\\/\",\"name\":\"IPG\",\"description\":\"Global Leader in Packaging and Protective Solutions\",\"publisher\":{\"@id\":\"https:\\\/\\\/www.itape.com\\\/#organization\"},\"potentialAction\":[{\"@type\":\"SearchAction\",\"target\":{\"@type\":\"EntryPoint\",\"urlTemplate\":\"https:\\\/\\\/www.itape.com\\\/?s={search_term_string}\"},\"query-input\":{\"@type\":\"PropertyValueSpecification\",\"valueRequired\":true,\"valueName\":\"search_term_string\"}}],\"inLanguage\":\"fr-FR\"},{\"@type\":\"Organization\",\"@id\":\"https:\\\/\\\/www.itape.com\\\/#organization\",\"name\":\"IPG\",\"url\":\"https:\\\/\\\/www.itape.com\\\/\",\"logo\":{\"@type\":\"ImageObject\",\"inLanguage\":\"fr-FR\",\"@id\":\"https:\\\/\\\/www.itape.com\\\/#\\\/schema\\\/logo\\\/image\\\/\",\"url\":\"https:\\\/\\\/www.itape.com\\\/wp-content\\\/uploads\\\/2024\\\/06\\\/IPG-logo-2.png\",\"contentUrl\":\"https:\\\/\\\/www.itape.com\\\/wp-content\\\/uploads\\\/2024\\\/06\\\/IPG-logo-2.png\",\"width\":60,\"height\":60,\"caption\":\"IPG\"},\"image\":{\"@id\":\"https:\\\/\\\/www.itape.com\\\/#\\\/schema\\\/logo\\\/image\\\/\"},\"sameAs\":[\"https:\\\/\\\/www.facebook.com\\\/intertape\",\"https:\\\/\\\/x.com\\\/IPGtape\",\"https:\\\/\\\/www.linkedin.com\\\/company\\\/intertape-polymer-group\",\"https:\\\/\\\/www.instagram.com\\\/ipgtape\",\"https:\\\/\\\/www.youtube.com\\\/user\\\/IPGtape\"]}]}<\/script>\n<meta property=\"product:price:currency\" content=\"USD\" \/>\n<meta property=\"og:availability\" content=\"instock\" \/>\n<meta property=\"product:availability\" content=\"instock\" \/>\n<meta property=\"product:retailer_item_id\" content=\"05307967e20c\" \/>\n<meta property=\"product:condition\" content=\"new\" \/>\n<!-- \/ Yoast SEO Premium plugin. -->","yoast_head_json":{"title":"NovaShield ELITE - IPG","robots":{"index":"index","follow":"follow","max-snippet":"max-snippet:-1","max-image-preview":"max-image-preview:large","max-video-preview":"max-video-preview:-1"},"canonical":"https:\/\/www.itape.com\/fr\/product\/novashield-elite-fr\/","og_locale":"fr_FR","og_type":"article","og_title":"NovaShield ELITE","og_description":"Textile lourd pour les applications n\u00e9cessitant des propri\u00e9t\u00e9s ignifugeantes et une stabilit\u00e9 aux UV, telles que les structures en membranes. Le textile NovaShield\u2122 ELITE est dot\u00e9 d'un film stratifi\u00e9 sur une face et un rev\u00eatement exclusif est utilis\u00e9 pour renforcer la r\u00e9sistance \u00e0 l'abrasion, \u00e0 la flexibilit\u00e9 et aux UV, ainsi que la r\u00e9sistance du joint et la long\u00e9vit\u00e9. Le film est fabriqu\u00e9 selon un mod\u00e8le de tissage sp\u00e9cial pour am\u00e9liorer la plan\u00e9it\u00e9 et la r\u00e9sistance \u00e0 l'abrasion et aux d\u00e9chirures.","og_url":"https:\/\/www.itape.com\/fr\/product\/novashield-elite-fr\/","og_site_name":"IPG","article_publisher":"https:\/\/www.facebook.com\/intertape","article_modified_time":"2023-07-24T13:41:27+00:00","og_image":[{"width":2400,"height":2400,"url":"https:\/\/www.itape.com\/wp-content\/uploads\/2023\/01\/NS_ELITE_FRU_high.jpg","type":"image\/jpeg"}],"twitter_card":"summary_large_image","twitter_site":"@IPGtape","twitter_misc":{"Price":"","Availability":"In stock"},"schema":{"@context":"https:\/\/schema.org","@graph":[{"@type":"WebPage","@id":"https:\/\/www.itape.com\/fr\/product\/novashield-elite-fr\/","url":"https:\/\/www.itape.com\/fr\/product\/novashield-elite-fr\/","name":"NovaShield ELITE - IPG","isPartOf":{"@id":"https:\/\/www.itape.com\/#website"},"primaryImageOfPage":{"@id":"https:\/\/www.itape.com\/fr\/product\/novashield-elite-fr\/#primaryimage"},"image":{"@id":"https:\/\/www.itape.com\/fr\/product\/novashield-elite-fr\/#primaryimage"},"thumbnailUrl":"https:\/\/www.itape.com\/wp-content\/uploads\/2023\/01\/NS_ELITE_FRU_high.jpg","datePublished":"2023-01-12T14:33:08+00:00","dateModified":"2023-07-24T13:41:27+00:00","breadcrumb":{"@id":"https:\/\/www.itape.com\/fr\/product\/novashield-elite-fr\/#breadcrumb"},"inLanguage":"fr-FR","potentialAction":[{"@type":"ReadAction","target":["https:\/\/www.itape.com\/fr\/product\/novashield-elite-fr\/"]}]},{"@type":"ImageObject","inLanguage":"fr-FR","@id":"https:\/\/www.itape.com\/fr\/product\/novashield-elite-fr\/#primaryimage","url":"https:\/\/www.itape.com\/wp-content\/uploads\/2023\/01\/NS_ELITE_FRU_high.jpg","contentUrl":"https:\/\/www.itape.com\/wp-content\/uploads\/2023\/01\/NS_ELITE_FRU_high.jpg","width":2400,"height":2400,"caption":"NOVASHIELD_ELITE_FRU"},{"@type":"BreadcrumbList","@id":"https:\/\/www.itape.com\/fr\/product\/novashield-elite-fr\/#breadcrumb","itemListElement":[{"@type":"ListItem","position":1,"name":"Home","item":"https:\/\/www.itape.com\/fr\/"},{"@type":"ListItem","position":2,"name":"Products","item":"https:\/\/www.itape.com\/products\/"},{"@type":"ListItem","position":3,"name":"NovaShield ELITE"}]},{"@type":"WebSite","@id":"https:\/\/www.itape.com\/#website","url":"https:\/\/www.itape.com\/","name":"IPG","description":"Global Leader in Packaging and Protective Solutions","publisher":{"@id":"https:\/\/www.itape.com\/#organization"},"potentialAction":[{"@type":"SearchAction","target":{"@type":"EntryPoint","urlTemplate":"https:\/\/www.itape.com\/?s={search_term_string}"},"query-input":{"@type":"PropertyValueSpecification","valueRequired":true,"valueName":"search_term_string"}}],"inLanguage":"fr-FR"},{"@type":"Organization","@id":"https:\/\/www.itape.com\/#organization","name":"IPG","url":"https:\/\/www.itape.com\/","logo":{"@type":"ImageObject","inLanguage":"fr-FR","@id":"https:\/\/www.itape.com\/#\/schema\/logo\/image\/","url":"https:\/\/www.itape.com\/wp-content\/uploads\/2024\/06\/IPG-logo-2.png","contentUrl":"https:\/\/www.itape.com\/wp-content\/uploads\/2024\/06\/IPG-logo-2.png","width":60,"height":60,"caption":"IPG"},"image":{"@id":"https:\/\/www.itape.com\/#\/schema\/logo\/image\/"},"sameAs":["https:\/\/www.facebook.com\/intertape","https:\/\/x.com\/IPGtape","https:\/\/www.linkedin.com\/company\/intertape-polymer-group","https:\/\/www.instagram.com\/ipgtape","https:\/\/www.youtube.com\/user\/IPGtape"]}]},"product_price_currency":"USD","og_availability":"instock","product_availability":"instock","product_retailer_item_id":"05307967e20c","product_condition":"new"},"parsely":{"version":"1.1.0","canonical_url":"https:\/\/itape.com\/fr\/product\/novashield-elite-fr\/","smart_links":{"inbound":0,"outbound":0},"traffic_boost_suggestions_count":0,"meta":{"@context":"https:\/\/schema.org","@type":"WebPage","headline":"NovaShield ELITE","url":"https:\/\/www.itape.com\/fr\/product\/novashield-elite-fr\/","mainEntityOfPage":{"@type":"WebPage","@id":"https:\/\/www.itape.com\/fr\/product\/novashield-elite-fr\/"},"thumbnailUrl":"https:\/\/www.itape.com\/wp-content\/uploads\/2023\/01\/NS_ELITE_FRU_high.jpg?w=150&h=150&crop=1","image":{"@type":"ImageObject","url":"https:\/\/www.itape.com\/wp-content\/uploads\/2023\/01\/NS_ELITE_FRU_high.jpg"},"articleSection":"Non classifi\u00e9(e)","author":[{"@type":"Person","name":"IPG"}],"creator":["IPG"],"publisher":{"@type":"Organization","name":"IPG","logo":"https:\/\/www.itape.com\/wp-content\/uploads\/2023\/03\/IPG-logo-2.png"},"keywords":[],"dateCreated":"2023-01-12T14:33:08Z","datePublished":"2023-01-12T14:33:08Z","dateModified":"2023-07-24T13:41:27Z"},"rendered":"<meta name=\"parsely-title\" content=\"NovaShield ELITE\" \/>\n<meta name=\"parsely-link\" content=\"https:\/\/www.itape.com\/fr\/product\/novashield-elite-fr\/\" \/>\n<meta name=\"parsely-type\" content=\"index\" \/>\n<meta name=\"parsely-image-url\" content=\"https:\/\/www.itape.com\/wp-content\/uploads\/2023\/01\/NS_ELITE_FRU_high.jpg?w=150&amp;h=150&amp;crop=1\" \/>\n<meta name=\"parsely-pub-date\" content=\"2023-01-12T14:33:08Z\" \/>\n<meta name=\"parsely-section\" content=\"Non classifi\u00e9(e)\" \/>\n<meta name=\"parsely-author\" content=\"IPG\" \/>","tracker_url":"https:\/\/cdn.parsely.com\/keys\/itape.com\/p.js"},"jetpack_sharing_enabled":true,"_links":{"self":[{"href":"https:\/\/www.itape.com\/fr\/wp-json\/wp\/v2\/product\/47183","targetHints":{"allow":["GET"]}}],"collection":[{"href":"https:\/\/www.itape.com\/fr\/wp-json\/wp\/v2\/product"}],"about":[{"href":"https:\/\/www.itape.com\/fr\/wp-json\/wp\/v2\/types\/product"}],"replies":[{"embeddable":true,"href":"https:\/\/www.itape.com\/fr\/wp-json\/wp\/v2\/comments?post=47183"}],"wp:featuredmedia":[{"embeddable":true,"href":"https:\/\/www.itape.com\/fr\/wp-json\/wp\/v2\/media\/53174"}],"wp:attachment":[{"href":"https:\/\/www.itape.com\/fr\/wp-json\/wp\/v2\/media?parent=47183"}],"wp:term":[{"taxonomy":"product_brand","embeddable":true,"href":"https:\/\/www.itape.com\/fr\/wp-json\/wp\/v2\/product_brand?post=47183"},{"taxonomy":"product_cat","embeddable":true,"href":"https:\/\/www.itape.com\/fr\/wp-json\/wp\/v2\/product_cat?post=47183"},{"taxonomy":"product_tag","embeddable":true,"href":"https:\/\/www.itape.com\/fr\/wp-json\/wp\/v2\/product_tag?post=47183"},{"taxonomy":"associated_application","embeddable":true,"href":"https:\/\/www.itape.com\/fr\/wp-json\/wp\/v2\/associated_application?post=47183"}],"curies":[{"name":"wp","href":"https:\/\/api.w.org\/{rel}","templated":true}]}}