{"id":47186,"date":"2023-01-12T14:33:13","date_gmt":"2023-01-12T14:33:13","guid":{"rendered":"https:\/\/www.itape.com\/product\/novashield-ru88x-6-fr-400-series-fr\/"},"modified":"2023-07-24T13:36:36","modified_gmt":"2023-07-24T13:36:36","slug":"novashield-ru88x-6-fr-400-series-fr","status":"publish","type":"product","link":"https:\/\/www.itape.com\/fr\/product\/novashield-ru88x-6-fr-400-series-fr\/","title":{"rendered":"NovaShield RU88X-6 FR 400 Series"},"content":{"rendered":"<div class=\"prose\">Rev\u00eatement ignifugeant\u00a0: textile pour structures tendues NovaShield\u2122 avec rev\u00eatement ignifugeant et ArmorKote\u2122 pour une r\u00e9sistance optimale \u00e0 l&rsquo;abrasion. Con\u00e7u pour une exposition \u00e0 long terme aux UV. Parfait pour les entrep\u00f4ts et les installations de fabrication, le stockage maritime et l&rsquo;industrie mini\u00e8re. Disponible en blanc et dans un grand nombre de couleurs. Garantie limit\u00e9e de 10 ans.<\/div>\n","protected":false},"excerpt":{"rendered":"<p>Rev\u00eatement ignifugeant\u00a0: textile pour structures tendues NovaShield\u2122 avec rev\u00eatement ignifugeant et ArmorKote\u2122 pour une r\u00e9sistance optimale \u00e0 l&rsquo;abrasion. Con\u00e7u pour une exposition \u00e0 long terme aux UV. Parfait pour les entrep\u00f4ts et les installations de fabrication, le stockage maritime et l&rsquo;industrie mini\u00e8re. Disponible en blanc et dans un grand nombre de couleurs. Garantie limit\u00e9e de 10 ans.<\/p>\n","protected":false},"featured_media":78390,"comment_status":"closed","ping_status":"closed","template":"","meta":{"_acf_changed":false},"product_brand":[],"product_cat":[8268,7706,7701,7730],"product_tag":[8262,7764,6254],"associated_application":[5999,6003,6138,6137,5994,6134,6135,6132,6136,6006,6111],"class_list":{"0":"post-47186","1":"product","2":"type-product","3":"status-publish","4":"has-post-thumbnail","6":"product_cat-cradle-to-cradle-products-fr","7":"product_cat-sustainable-packaging-fr","8":"product_cat-engineered-coated-products-fr","9":"product_cat-engineered-coated-products-textile-pour-structures-tendues-fr","10":"product_tag-cradle-to-cradle-certified-fr","11":"product_tag-flame-retardant-fr","12":"product_tag-agente-ignifugo-fr","13":"associated_application-assainissement-et-restauration-fr","14":"associated_application-demenagement-et-stockage-fr","15":"associated_application-entreposage-fr","16":"associated_application-gestion-de-lombre-fr","17":"associated_application-marche-des-pieces-automobiles-fr","18":"associated_application-municipalites-fr","19":"associated_application-petrole-et-gaz-exploitation-miniere-fr","20":"associated_application-secteur-agricole-fr","21":"associated_application-secteur-des-loisirs-fr","22":"associated_application-solutions-de-textiles-pour-structures-fr","23":"associated_application-structures-de-stockage-temporaire-fr","25":"first","26":"instock","27":"product-type-simple"},"acf":[],"yoast_head":"<!-- This site is optimized with the Yoast SEO Premium plugin v24.1 (Yoast SEO v27.0) - https:\/\/yoast.com\/product\/yoast-seo-premium-wordpress\/ -->\n<title>NovaShield RU88X-6 FR 400 Series - IPG<\/title>\n<meta name=\"robots\" content=\"index, follow, max-snippet:-1, max-image-preview:large, max-video-preview:-1\" \/>\n<link rel=\"canonical\" href=\"https:\/\/www.itape.com\/fr\/product\/novashield-ru88x-6-fr-400-series-fr\/\" \/>\n<meta property=\"og:locale\" content=\"fr_FR\" \/>\n<meta property=\"og:type\" content=\"article\" \/>\n<meta property=\"og:title\" content=\"NovaShield RU88X-6 FR 400 Series\" \/>\n<meta property=\"og:description\" content=\"Rev\u00eatement ignifugeant\u00a0: textile pour structures tendues NovaShield\u2122 avec rev\u00eatement ignifugeant et ArmorKote\u2122 pour une r\u00e9sistance optimale \u00e0 l&#039;abrasion. Con\u00e7u pour une exposition \u00e0 long terme aux UV. Parfait pour les entrep\u00f4ts et les installations de fabrication, le stockage maritime et l&#039;industrie mini\u00e8re. Disponible en blanc et dans un grand nombre de couleurs. Garantie limit\u00e9e de 10 ans.\" \/>\n<meta property=\"og:url\" content=\"https:\/\/www.itape.com\/fr\/product\/novashield-ru88x-6-fr-400-series-fr\/\" \/>\n<meta property=\"og:site_name\" content=\"IPG\" \/>\n<meta property=\"article:publisher\" content=\"https:\/\/www.facebook.com\/intertape\" \/>\n<meta property=\"article:modified_time\" content=\"2023-07-24T13:36:36+00:00\" \/>\n<meta property=\"og:image\" content=\"https:\/\/www.itape.com\/wp-content\/uploads\/2023\/01\/RU88X-6_FR_400_SERIES.jpg\" \/>\n\t<meta property=\"og:image:width\" content=\"240\" \/>\n\t<meta property=\"og:image:height\" content=\"240\" \/>\n\t<meta property=\"og:image:type\" content=\"image\/jpeg\" \/>\n<meta name=\"twitter:card\" content=\"summary_large_image\" \/>\n<meta name=\"twitter:site\" content=\"@IPGtape\" \/>\n<meta name=\"twitter:label1\" content=\"Price\" \/>\n\t<meta name=\"twitter:data1\" content=\"\" \/>\n\t<meta name=\"twitter:label2\" content=\"Availability\" \/>\n\t<meta name=\"twitter:data2\" content=\"In stock\" \/>\n<script type=\"application\/ld+json\" class=\"yoast-schema-graph\">{\"@context\":\"https:\/\/schema.org\",\"@graph\":[{\"@type\":\"WebPage\",\"@id\":\"https:\/\/www.itape.com\/fr\/product\/novashield-ru88x-6-fr-400-series-fr\/\",\"url\":\"https:\/\/www.itape.com\/fr\/product\/novashield-ru88x-6-fr-400-series-fr\/\",\"name\":\"NovaShield RU88X-6 FR 400 Series - IPG\",\"isPartOf\":{\"@id\":\"https:\/\/www.itape.com\/#website\"},\"primaryImageOfPage\":{\"@id\":\"https:\/\/www.itape.com\/fr\/product\/novashield-ru88x-6-fr-400-series-fr\/#primaryimage\"},\"image\":{\"@id\":\"https:\/\/www.itape.com\/fr\/product\/novashield-ru88x-6-fr-400-series-fr\/#primaryimage\"},\"thumbnailUrl\":\"https:\/\/www.itape.com\/wp-content\/uploads\/2023\/01\/ecp-products\/fru88x-6-product-colors.jpg\",\"datePublished\":\"2023-01-12T14:33:13+00:00\",\"dateModified\":\"2023-07-24T13:36:36+00:00\",\"breadcrumb\":{\"@id\":\"https:\/\/www.itape.com\/fr\/product\/novashield-ru88x-6-fr-400-series-fr\/#breadcrumb\"},\"inLanguage\":\"fr-FR\",\"potentialAction\":[{\"@type\":\"ReadAction\",\"target\":[\"https:\/\/www.itape.com\/fr\/product\/novashield-ru88x-6-fr-400-series-fr\/\"]}]},{\"@type\":\"ImageObject\",\"inLanguage\":\"fr-FR\",\"@id\":\"https:\/\/www.itape.com\/fr\/product\/novashield-ru88x-6-fr-400-series-fr\/#primaryimage\",\"url\":\"https:\/\/www.itape.com\/wp-content\/uploads\/2023\/01\/ecp-products\/fru88x-6-product-colors.jpg\",\"contentUrl\":\"https:\/\/www.itape.com\/wp-content\/uploads\/2023\/01\/ecp-products\/fru88x-6-product-colors.jpg\",\"width\":2400,\"height\":2400,\"caption\":\"NovaShield 400 FRU \u2013 RU88X-6(FR)\"},{\"@type\":\"BreadcrumbList\",\"@id\":\"https:\/\/www.itape.com\/fr\/product\/novashield-ru88x-6-fr-400-series-fr\/#breadcrumb\",\"itemListElement\":[{\"@type\":\"ListItem\",\"position\":1,\"name\":\"Home\",\"item\":\"https:\/\/www.itape.com\/fr\/\"},{\"@type\":\"ListItem\",\"position\":2,\"name\":\"Products\",\"item\":\"https:\/\/www.itape.com\/products\/\"},{\"@type\":\"ListItem\",\"position\":3,\"name\":\"NovaShield RU88X-6 FR 400 Series\"}]},{\"@type\":\"WebSite\",\"@id\":\"https:\/\/www.itape.com\/#website\",\"url\":\"https:\/\/www.itape.com\/\",\"name\":\"IPG\",\"description\":\"Global Leader in Packaging and Protective Solutions\",\"publisher\":{\"@id\":\"https:\/\/www.itape.com\/#organization\"},\"potentialAction\":[{\"@type\":\"SearchAction\",\"target\":{\"@type\":\"EntryPoint\",\"urlTemplate\":\"https:\/\/www.itape.com\/?s={search_term_string}\"},\"query-input\":{\"@type\":\"PropertyValueSpecification\",\"valueRequired\":true,\"valueName\":\"search_term_string\"}}],\"inLanguage\":\"fr-FR\"},{\"@type\":\"Organization\",\"@id\":\"https:\/\/www.itape.com\/#organization\",\"name\":\"IPG\",\"url\":\"https:\/\/www.itape.com\/\",\"logo\":{\"@type\":\"ImageObject\",\"inLanguage\":\"fr-FR\",\"@id\":\"https:\/\/www.itape.com\/#\/schema\/logo\/image\/\",\"url\":\"https:\/\/www.itape.com\/wp-content\/uploads\/2024\/06\/IPG-logo-2.png\",\"contentUrl\":\"https:\/\/www.itape.com\/wp-content\/uploads\/2024\/06\/IPG-logo-2.png\",\"width\":60,\"height\":60,\"caption\":\"IPG\"},\"image\":{\"@id\":\"https:\/\/www.itape.com\/#\/schema\/logo\/image\/\"},\"sameAs\":[\"https:\/\/www.facebook.com\/intertape\",\"https:\/\/x.com\/IPGtape\",\"https:\/\/www.linkedin.com\/company\/intertape-polymer-group\",\"https:\/\/www.instagram.com\/ipgtape\",\"https:\/\/www.youtube.com\/user\/IPGtape\"]}]}<\/script>\n<meta property=\"product:price:currency\" content=\"USD\" \/>\n<meta property=\"og:availability\" content=\"instock\" \/>\n<meta property=\"product:availability\" content=\"instock\" \/>\n<meta property=\"product:retailer_item_id\" content=\"b1934ac49b02\" \/>\n<meta property=\"product:condition\" content=\"new\" \/>\n<!-- \/ Yoast SEO Premium plugin. -->","yoast_head_json":{"title":"NovaShield RU88X-6 FR 400 Series - IPG","robots":{"index":"index","follow":"follow","max-snippet":"max-snippet:-1","max-image-preview":"max-image-preview:large","max-video-preview":"max-video-preview:-1"},"canonical":"https:\/\/www.itape.com\/fr\/product\/novashield-ru88x-6-fr-400-series-fr\/","og_locale":"fr_FR","og_type":"article","og_title":"NovaShield RU88X-6 FR 400 Series","og_description":"Rev\u00eatement ignifugeant\u00a0: textile pour structures tendues NovaShield\u2122 avec rev\u00eatement ignifugeant et ArmorKote\u2122 pour une r\u00e9sistance optimale \u00e0 l'abrasion. Con\u00e7u pour une exposition \u00e0 long terme aux UV. Parfait pour les entrep\u00f4ts et les installations de fabrication, le stockage maritime et l'industrie mini\u00e8re. Disponible en blanc et dans un grand nombre de couleurs. Garantie limit\u00e9e de 10 ans.","og_url":"https:\/\/www.itape.com\/fr\/product\/novashield-ru88x-6-fr-400-series-fr\/","og_site_name":"IPG","article_publisher":"https:\/\/www.facebook.com\/intertape","article_modified_time":"2023-07-24T13:36:36+00:00","og_image":[{"width":240,"height":240,"url":"https:\/\/www.itape.com\/wp-content\/uploads\/2023\/01\/RU88X-6_FR_400_SERIES.jpg","type":"image\/jpeg"}],"twitter_card":"summary_large_image","twitter_site":"@IPGtape","twitter_misc":{"Price":"","Availability":"In stock"},"schema":{"@context":"https:\/\/schema.org","@graph":[{"@type":"WebPage","@id":"https:\/\/www.itape.com\/fr\/product\/novashield-ru88x-6-fr-400-series-fr\/","url":"https:\/\/www.itape.com\/fr\/product\/novashield-ru88x-6-fr-400-series-fr\/","name":"NovaShield RU88X-6 FR 400 Series - IPG","isPartOf":{"@id":"https:\/\/www.itape.com\/#website"},"primaryImageOfPage":{"@id":"https:\/\/www.itape.com\/fr\/product\/novashield-ru88x-6-fr-400-series-fr\/#primaryimage"},"image":{"@id":"https:\/\/www.itape.com\/fr\/product\/novashield-ru88x-6-fr-400-series-fr\/#primaryimage"},"thumbnailUrl":"https:\/\/www.itape.com\/wp-content\/uploads\/2023\/01\/ecp-products\/fru88x-6-product-colors.jpg","datePublished":"2023-01-12T14:33:13+00:00","dateModified":"2023-07-24T13:36:36+00:00","breadcrumb":{"@id":"https:\/\/www.itape.com\/fr\/product\/novashield-ru88x-6-fr-400-series-fr\/#breadcrumb"},"inLanguage":"fr-FR","potentialAction":[{"@type":"ReadAction","target":["https:\/\/www.itape.com\/fr\/product\/novashield-ru88x-6-fr-400-series-fr\/"]}]},{"@type":"ImageObject","inLanguage":"fr-FR","@id":"https:\/\/www.itape.com\/fr\/product\/novashield-ru88x-6-fr-400-series-fr\/#primaryimage","url":"https:\/\/www.itape.com\/wp-content\/uploads\/2023\/01\/ecp-products\/fru88x-6-product-colors.jpg","contentUrl":"https:\/\/www.itape.com\/wp-content\/uploads\/2023\/01\/ecp-products\/fru88x-6-product-colors.jpg","width":2400,"height":2400,"caption":"NovaShield 400 FRU \u2013 RU88X-6(FR)"},{"@type":"BreadcrumbList","@id":"https:\/\/www.itape.com\/fr\/product\/novashield-ru88x-6-fr-400-series-fr\/#breadcrumb","itemListElement":[{"@type":"ListItem","position":1,"name":"Home","item":"https:\/\/www.itape.com\/fr\/"},{"@type":"ListItem","position":2,"name":"Products","item":"https:\/\/www.itape.com\/products\/"},{"@type":"ListItem","position":3,"name":"NovaShield RU88X-6 FR 400 Series"}]},{"@type":"WebSite","@id":"https:\/\/www.itape.com\/#website","url":"https:\/\/www.itape.com\/","name":"IPG","description":"Global Leader in Packaging and Protective Solutions","publisher":{"@id":"https:\/\/www.itape.com\/#organization"},"potentialAction":[{"@type":"SearchAction","target":{"@type":"EntryPoint","urlTemplate":"https:\/\/www.itape.com\/?s={search_term_string}"},"query-input":{"@type":"PropertyValueSpecification","valueRequired":true,"valueName":"search_term_string"}}],"inLanguage":"fr-FR"},{"@type":"Organization","@id":"https:\/\/www.itape.com\/#organization","name":"IPG","url":"https:\/\/www.itape.com\/","logo":{"@type":"ImageObject","inLanguage":"fr-FR","@id":"https:\/\/www.itape.com\/#\/schema\/logo\/image\/","url":"https:\/\/www.itape.com\/wp-content\/uploads\/2024\/06\/IPG-logo-2.png","contentUrl":"https:\/\/www.itape.com\/wp-content\/uploads\/2024\/06\/IPG-logo-2.png","width":60,"height":60,"caption":"IPG"},"image":{"@id":"https:\/\/www.itape.com\/#\/schema\/logo\/image\/"},"sameAs":["https:\/\/www.facebook.com\/intertape","https:\/\/x.com\/IPGtape","https:\/\/www.linkedin.com\/company\/intertape-polymer-group","https:\/\/www.instagram.com\/ipgtape","https:\/\/www.youtube.com\/user\/IPGtape"]}]},"product_price_currency":"USD","og_availability":"instock","product_availability":"instock","product_retailer_item_id":"b1934ac49b02","product_condition":"new"},"parsely":{"version":"1.1.0","canonical_url":"https:\/\/itape.com\/fr\/product\/novashield-ru88x-6-fr-400-series-fr\/","smart_links":{"inbound":0,"outbound":0},"traffic_boost_suggestions_count":0,"meta":{"@context":"https:\/\/schema.org","@type":"WebPage","headline":"NovaShield RU88X-6 FR 400 Series","url":"https:\/\/www.itape.com\/fr\/product\/novashield-ru88x-6-fr-400-series-fr\/","mainEntityOfPage":{"@type":"WebPage","@id":"https:\/\/www.itape.com\/fr\/product\/novashield-ru88x-6-fr-400-series-fr\/"},"thumbnailUrl":"https:\/\/www.itape.com\/wp-content\/uploads\/2023\/01\/ecp-products\/fru88x-6-product-colors.jpg?w=150&h=150&crop=1","image":{"@type":"ImageObject","url":"https:\/\/www.itape.com\/wp-content\/uploads\/2023\/01\/ecp-products\/fru88x-6-product-colors.jpg"},"articleSection":"Non classifi\u00e9(e)","author":[{"@type":"Person","name":"IPG"}],"creator":["IPG"],"publisher":{"@type":"Organization","name":"IPG","logo":"https:\/\/www.itape.com\/wp-content\/uploads\/2023\/03\/IPG-logo-2.png"},"keywords":[],"dateCreated":"2023-01-12T14:33:13Z","datePublished":"2023-01-12T14:33:13Z","dateModified":"2023-07-24T13:36:36Z"},"rendered":"<meta name=\"parsely-title\" content=\"NovaShield RU88X-6 FR 400 Series\" \/>\n<meta name=\"parsely-link\" content=\"https:\/\/www.itape.com\/fr\/product\/novashield-ru88x-6-fr-400-series-fr\/\" \/>\n<meta name=\"parsely-type\" content=\"index\" \/>\n<meta name=\"parsely-image-url\" content=\"https:\/\/www.itape.com\/wp-content\/uploads\/2023\/01\/ecp-products\/fru88x-6-product-colors.jpg?w=150&amp;h=150&amp;crop=1\" \/>\n<meta name=\"parsely-pub-date\" content=\"2023-01-12T14:33:13Z\" \/>\n<meta name=\"parsely-section\" content=\"Non classifi\u00e9(e)\" \/>\n<meta name=\"parsely-author\" content=\"IPG\" \/>","tracker_url":"https:\/\/cdn.parsely.com\/keys\/itape.com\/p.js"},"jetpack_sharing_enabled":true,"_links":{"self":[{"href":"https:\/\/www.itape.com\/fr\/wp-json\/wp\/v2\/product\/47186","targetHints":{"allow":["GET"]}}],"collection":[{"href":"https:\/\/www.itape.com\/fr\/wp-json\/wp\/v2\/product"}],"about":[{"href":"https:\/\/www.itape.com\/fr\/wp-json\/wp\/v2\/types\/product"}],"replies":[{"embeddable":true,"href":"https:\/\/www.itape.com\/fr\/wp-json\/wp\/v2\/comments?post=47186"}],"wp:featuredmedia":[{"embeddable":true,"href":"https:\/\/www.itape.com\/fr\/wp-json\/wp\/v2\/media\/78390"}],"wp:attachment":[{"href":"https:\/\/www.itape.com\/fr\/wp-json\/wp\/v2\/media?parent=47186"}],"wp:term":[{"taxonomy":"product_brand","embeddable":true,"href":"https:\/\/www.itape.com\/fr\/wp-json\/wp\/v2\/product_brand?post=47186"},{"taxonomy":"product_cat","embeddable":true,"href":"https:\/\/www.itape.com\/fr\/wp-json\/wp\/v2\/product_cat?post=47186"},{"taxonomy":"product_tag","embeddable":true,"href":"https:\/\/www.itape.com\/fr\/wp-json\/wp\/v2\/product_tag?post=47186"},{"taxonomy":"associated_application","embeddable":true,"href":"https:\/\/www.itape.com\/fr\/wp-json\/wp\/v2\/associated_application?post=47186"}],"curies":[{"name":"wp","href":"https:\/\/api.w.org\/{rel}","templated":true}]}}