{"id":47187,"date":"2023-01-12T14:33:13","date_gmt":"2023-01-12T14:33:13","guid":{"rendered":"https:\/\/www.itape.com\/product\/novashield-ru88x-6-400-series-fr\/"},"modified":"2023-07-24T13:49:40","modified_gmt":"2023-07-24T13:49:40","slug":"novashield-ru88x-6-400-series-fr","status":"publish","type":"product","link":"https:\/\/www.itape.com\/fr\/product\/novashield-ru88x-6-400-series-fr\/","title":{"rendered":"NovaShield RU88X-6 400 Series"},"content":{"rendered":"<div class=\"prose\">NovaShield RU88X-6 400 Series<\/p>\n<p>Le textile pour structures tendues NovaShield\u2122 est con\u00e7u pour r\u00e9sister aux \u00e9l\u00e9ments avec une r\u00e9sistance aux UV longue dur\u00e9e et ArmorKote\u2122 pour une protection optimale contre l&rsquo;abrasion. Parfait pour une large gamme d&rsquo;applications de construction dans l&rsquo;agriculture, le p\u00e9trole et le gaz, l&rsquo;exploitation mini\u00e8re, les secteurs des divertissements et municipaux. Disponible en blanc, transparent, bleu, vert, sable, rouge, brun, gris et d&rsquo;autres couleurs sur demande. Garantie limit\u00e9e de 10 ans.<\/p><\/div>\n","protected":false},"excerpt":{"rendered":"<p>Le textile pour structures tendues NovaShield\u2122 est con\u00e7u pour r\u00e9sister aux \u00e9l\u00e9ments avec une r\u00e9sistance aux UV longue dur\u00e9e et ArmorKote\u2122 pour une protection optimale contre l&rsquo;abrasion. Parfait pour une large gamme d&rsquo;applications de construction dans l&rsquo;agriculture, le p\u00e9trole et le gaz, l&rsquo;exploitation mini\u00e8re, les secteurs des divertissements et municipaux. Disponible en blanc, transparent, bleu, vert, sable, rouge, brun, gris et d&rsquo;autres couleurs sur demande. Garantie limit\u00e9e de 10 ans.<\/p>\n","protected":false},"featured_media":78335,"comment_status":"closed","ping_status":"closed","template":"","meta":{"_acf_changed":false},"product_brand":[],"product_cat":[8268,7706,7701,7730],"product_tag":[8262,6243],"associated_application":[5999,6003,6138,6137,5994,6134,6135,6132,6136,6006,6111],"class_list":{"0":"post-47187","1":"product","2":"type-product","3":"status-publish","4":"has-post-thumbnail","6":"product_cat-cradle-to-cradle-products-fr","7":"product_cat-sustainable-packaging-fr","8":"product_cat-engineered-coated-products-fr","9":"product_cat-engineered-coated-products-textile-pour-structures-tendues-fr","10":"product_tag-cradle-to-cradle-certified-fr","11":"product_tag-standard-fr","12":"associated_application-assainissement-et-restauration-fr","13":"associated_application-demenagement-et-stockage-fr","14":"associated_application-entreposage-fr","15":"associated_application-gestion-de-lombre-fr","16":"associated_application-marche-des-pieces-automobiles-fr","17":"associated_application-municipalites-fr","18":"associated_application-petrole-et-gaz-exploitation-miniere-fr","19":"associated_application-secteur-agricole-fr","20":"associated_application-secteur-des-loisirs-fr","21":"associated_application-solutions-de-textiles-pour-structures-fr","22":"associated_application-structures-de-stockage-temporaire-fr","24":"first","25":"instock","26":"product-type-simple"},"acf":[],"yoast_head":"<!-- This site is optimized with the Yoast SEO Premium plugin v24.1 (Yoast SEO v27.0) - https:\/\/yoast.com\/product\/yoast-seo-premium-wordpress\/ -->\n<title>NovaShield RU88X-6 400 Series - IPG<\/title>\n<meta name=\"robots\" content=\"index, follow, max-snippet:-1, max-image-preview:large, max-video-preview:-1\" \/>\n<link rel=\"canonical\" href=\"https:\/\/www.itape.com\/fr\/product\/novashield-ru88x-6-400-series-fr\/\" \/>\n<meta property=\"og:locale\" content=\"fr_FR\" \/>\n<meta property=\"og:type\" content=\"article\" \/>\n<meta property=\"og:title\" content=\"NovaShield RU88X-6 400 Series\" \/>\n<meta property=\"og:description\" content=\"Le textile pour structures tendues NovaShield\u2122 est con\u00e7u pour r\u00e9sister aux \u00e9l\u00e9ments avec une r\u00e9sistance aux UV longue dur\u00e9e et ArmorKote\u2122 pour une protection optimale contre l&#039;abrasion. Parfait pour une large gamme d&#039;applications de construction dans l&#039;agriculture, le p\u00e9trole et le gaz, l&#039;exploitation mini\u00e8re, les secteurs des divertissements et municipaux. Disponible en blanc, transparent, bleu, vert, sable, rouge, brun, gris et d&#039;autres couleurs sur demande. Garantie limit\u00e9e de 10 ans.\" \/>\n<meta property=\"og:url\" content=\"https:\/\/www.itape.com\/fr\/product\/novashield-ru88x-6-400-series-fr\/\" \/>\n<meta property=\"og:site_name\" content=\"IPG\" \/>\n<meta property=\"article:publisher\" content=\"https:\/\/www.facebook.com\/intertape\" \/>\n<meta property=\"article:modified_time\" content=\"2023-07-24T13:49:40+00:00\" \/>\n<meta property=\"og:image\" content=\"https:\/\/www.itape.com\/wp-content\/uploads\/2023\/01\/RU88X-6_350_SERIES.jpg\" \/>\n\t<meta property=\"og:image:width\" content=\"240\" \/>\n\t<meta property=\"og:image:height\" content=\"240\" \/>\n\t<meta property=\"og:image:type\" content=\"image\/jpeg\" \/>\n<meta name=\"twitter:card\" content=\"summary_large_image\" \/>\n<meta name=\"twitter:site\" content=\"@IPGtape\" \/>\n<meta name=\"twitter:label1\" content=\"Price\" \/>\n\t<meta name=\"twitter:data1\" content=\"\" \/>\n\t<meta name=\"twitter:label2\" content=\"Availability\" \/>\n\t<meta name=\"twitter:data2\" content=\"In stock\" \/>\n<script type=\"application\/ld+json\" class=\"yoast-schema-graph\">{\"@context\":\"https:\/\/schema.org\",\"@graph\":[{\"@type\":\"WebPage\",\"@id\":\"https:\/\/www.itape.com\/fr\/product\/novashield-ru88x-6-400-series-fr\/\",\"url\":\"https:\/\/www.itape.com\/fr\/product\/novashield-ru88x-6-400-series-fr\/\",\"name\":\"NovaShield RU88X-6 400 Series - IPG\",\"isPartOf\":{\"@id\":\"https:\/\/www.itape.com\/#website\"},\"primaryImageOfPage\":{\"@id\":\"https:\/\/www.itape.com\/fr\/product\/novashield-ru88x-6-400-series-fr\/#primaryimage\"},\"image\":{\"@id\":\"https:\/\/www.itape.com\/fr\/product\/novashield-ru88x-6-400-series-fr\/#primaryimage\"},\"thumbnailUrl\":\"https:\/\/www.itape.com\/wp-content\/uploads\/2023\/01\/ecp-products\/ru88x-6-product-color.jpg\",\"datePublished\":\"2023-01-12T14:33:13+00:00\",\"dateModified\":\"2023-07-24T13:49:40+00:00\",\"breadcrumb\":{\"@id\":\"https:\/\/www.itape.com\/fr\/product\/novashield-ru88x-6-400-series-fr\/#breadcrumb\"},\"inLanguage\":\"fr-FR\",\"potentialAction\":[{\"@type\":\"ReadAction\",\"target\":[\"https:\/\/www.itape.com\/fr\/product\/novashield-ru88x-6-400-series-fr\/\"]}]},{\"@type\":\"ImageObject\",\"inLanguage\":\"fr-FR\",\"@id\":\"https:\/\/www.itape.com\/fr\/product\/novashield-ru88x-6-400-series-fr\/#primaryimage\",\"url\":\"https:\/\/www.itape.com\/wp-content\/uploads\/2023\/01\/ecp-products\/ru88x-6-product-color.jpg\",\"contentUrl\":\"https:\/\/www.itape.com\/wp-content\/uploads\/2023\/01\/ecp-products\/ru88x-6-product-color.jpg\",\"width\":2400,\"height\":2400,\"caption\":\"NovaShield 200 Series RU8-6 Colors\"},{\"@type\":\"BreadcrumbList\",\"@id\":\"https:\/\/www.itape.com\/fr\/product\/novashield-ru88x-6-400-series-fr\/#breadcrumb\",\"itemListElement\":[{\"@type\":\"ListItem\",\"position\":1,\"name\":\"Home\",\"item\":\"https:\/\/www.itape.com\/fr\/\"},{\"@type\":\"ListItem\",\"position\":2,\"name\":\"Products\",\"item\":\"https:\/\/www.itape.com\/products\/\"},{\"@type\":\"ListItem\",\"position\":3,\"name\":\"NovaShield RU88X-6 400 Series\"}]},{\"@type\":\"WebSite\",\"@id\":\"https:\/\/www.itape.com\/#website\",\"url\":\"https:\/\/www.itape.com\/\",\"name\":\"IPG\",\"description\":\"Global Leader in Packaging and Protective Solutions\",\"publisher\":{\"@id\":\"https:\/\/www.itape.com\/#organization\"},\"potentialAction\":[{\"@type\":\"SearchAction\",\"target\":{\"@type\":\"EntryPoint\",\"urlTemplate\":\"https:\/\/www.itape.com\/?s={search_term_string}\"},\"query-input\":{\"@type\":\"PropertyValueSpecification\",\"valueRequired\":true,\"valueName\":\"search_term_string\"}}],\"inLanguage\":\"fr-FR\"},{\"@type\":\"Organization\",\"@id\":\"https:\/\/www.itape.com\/#organization\",\"name\":\"IPG\",\"url\":\"https:\/\/www.itape.com\/\",\"logo\":{\"@type\":\"ImageObject\",\"inLanguage\":\"fr-FR\",\"@id\":\"https:\/\/www.itape.com\/#\/schema\/logo\/image\/\",\"url\":\"https:\/\/www.itape.com\/wp-content\/uploads\/2024\/06\/IPG-logo-2.png\",\"contentUrl\":\"https:\/\/www.itape.com\/wp-content\/uploads\/2024\/06\/IPG-logo-2.png\",\"width\":60,\"height\":60,\"caption\":\"IPG\"},\"image\":{\"@id\":\"https:\/\/www.itape.com\/#\/schema\/logo\/image\/\"},\"sameAs\":[\"https:\/\/www.facebook.com\/intertape\",\"https:\/\/x.com\/IPGtape\",\"https:\/\/www.linkedin.com\/company\/intertape-polymer-group\",\"https:\/\/www.instagram.com\/ipgtape\",\"https:\/\/www.youtube.com\/user\/IPGtape\"]}]}<\/script>\n<meta property=\"product:price:currency\" content=\"USD\" \/>\n<meta property=\"og:availability\" content=\"instock\" \/>\n<meta property=\"product:availability\" content=\"instock\" \/>\n<meta property=\"product:retailer_item_id\" content=\"bc174424a8bc\" \/>\n<meta property=\"product:condition\" content=\"new\" \/>\n<!-- \/ Yoast SEO Premium plugin. -->","yoast_head_json":{"title":"NovaShield RU88X-6 400 Series - IPG","robots":{"index":"index","follow":"follow","max-snippet":"max-snippet:-1","max-image-preview":"max-image-preview:large","max-video-preview":"max-video-preview:-1"},"canonical":"https:\/\/www.itape.com\/fr\/product\/novashield-ru88x-6-400-series-fr\/","og_locale":"fr_FR","og_type":"article","og_title":"NovaShield RU88X-6 400 Series","og_description":"Le textile pour structures tendues NovaShield\u2122 est con\u00e7u pour r\u00e9sister aux \u00e9l\u00e9ments avec une r\u00e9sistance aux UV longue dur\u00e9e et ArmorKote\u2122 pour une protection optimale contre l'abrasion. Parfait pour une large gamme d'applications de construction dans l'agriculture, le p\u00e9trole et le gaz, l'exploitation mini\u00e8re, les secteurs des divertissements et municipaux. Disponible en blanc, transparent, bleu, vert, sable, rouge, brun, gris et d'autres couleurs sur demande. Garantie limit\u00e9e de 10 ans.","og_url":"https:\/\/www.itape.com\/fr\/product\/novashield-ru88x-6-400-series-fr\/","og_site_name":"IPG","article_publisher":"https:\/\/www.facebook.com\/intertape","article_modified_time":"2023-07-24T13:49:40+00:00","og_image":[{"width":240,"height":240,"url":"https:\/\/www.itape.com\/wp-content\/uploads\/2023\/01\/RU88X-6_350_SERIES.jpg","type":"image\/jpeg"}],"twitter_card":"summary_large_image","twitter_site":"@IPGtape","twitter_misc":{"Price":"","Availability":"In stock"},"schema":{"@context":"https:\/\/schema.org","@graph":[{"@type":"WebPage","@id":"https:\/\/www.itape.com\/fr\/product\/novashield-ru88x-6-400-series-fr\/","url":"https:\/\/www.itape.com\/fr\/product\/novashield-ru88x-6-400-series-fr\/","name":"NovaShield RU88X-6 400 Series - IPG","isPartOf":{"@id":"https:\/\/www.itape.com\/#website"},"primaryImageOfPage":{"@id":"https:\/\/www.itape.com\/fr\/product\/novashield-ru88x-6-400-series-fr\/#primaryimage"},"image":{"@id":"https:\/\/www.itape.com\/fr\/product\/novashield-ru88x-6-400-series-fr\/#primaryimage"},"thumbnailUrl":"https:\/\/www.itape.com\/wp-content\/uploads\/2023\/01\/ecp-products\/ru88x-6-product-color.jpg","datePublished":"2023-01-12T14:33:13+00:00","dateModified":"2023-07-24T13:49:40+00:00","breadcrumb":{"@id":"https:\/\/www.itape.com\/fr\/product\/novashield-ru88x-6-400-series-fr\/#breadcrumb"},"inLanguage":"fr-FR","potentialAction":[{"@type":"ReadAction","target":["https:\/\/www.itape.com\/fr\/product\/novashield-ru88x-6-400-series-fr\/"]}]},{"@type":"ImageObject","inLanguage":"fr-FR","@id":"https:\/\/www.itape.com\/fr\/product\/novashield-ru88x-6-400-series-fr\/#primaryimage","url":"https:\/\/www.itape.com\/wp-content\/uploads\/2023\/01\/ecp-products\/ru88x-6-product-color.jpg","contentUrl":"https:\/\/www.itape.com\/wp-content\/uploads\/2023\/01\/ecp-products\/ru88x-6-product-color.jpg","width":2400,"height":2400,"caption":"NovaShield 200 Series RU8-6 Colors"},{"@type":"BreadcrumbList","@id":"https:\/\/www.itape.com\/fr\/product\/novashield-ru88x-6-400-series-fr\/#breadcrumb","itemListElement":[{"@type":"ListItem","position":1,"name":"Home","item":"https:\/\/www.itape.com\/fr\/"},{"@type":"ListItem","position":2,"name":"Products","item":"https:\/\/www.itape.com\/products\/"},{"@type":"ListItem","position":3,"name":"NovaShield RU88X-6 400 Series"}]},{"@type":"WebSite","@id":"https:\/\/www.itape.com\/#website","url":"https:\/\/www.itape.com\/","name":"IPG","description":"Global Leader in Packaging and Protective Solutions","publisher":{"@id":"https:\/\/www.itape.com\/#organization"},"potentialAction":[{"@type":"SearchAction","target":{"@type":"EntryPoint","urlTemplate":"https:\/\/www.itape.com\/?s={search_term_string}"},"query-input":{"@type":"PropertyValueSpecification","valueRequired":true,"valueName":"search_term_string"}}],"inLanguage":"fr-FR"},{"@type":"Organization","@id":"https:\/\/www.itape.com\/#organization","name":"IPG","url":"https:\/\/www.itape.com\/","logo":{"@type":"ImageObject","inLanguage":"fr-FR","@id":"https:\/\/www.itape.com\/#\/schema\/logo\/image\/","url":"https:\/\/www.itape.com\/wp-content\/uploads\/2024\/06\/IPG-logo-2.png","contentUrl":"https:\/\/www.itape.com\/wp-content\/uploads\/2024\/06\/IPG-logo-2.png","width":60,"height":60,"caption":"IPG"},"image":{"@id":"https:\/\/www.itape.com\/#\/schema\/logo\/image\/"},"sameAs":["https:\/\/www.facebook.com\/intertape","https:\/\/x.com\/IPGtape","https:\/\/www.linkedin.com\/company\/intertape-polymer-group","https:\/\/www.instagram.com\/ipgtape","https:\/\/www.youtube.com\/user\/IPGtape"]}]},"product_price_currency":"USD","og_availability":"instock","product_availability":"instock","product_retailer_item_id":"bc174424a8bc","product_condition":"new"},"parsely":{"version":"1.1.0","canonical_url":"https:\/\/itape.com\/fr\/product\/novashield-ru88x-6-400-series-fr\/","smart_links":{"inbound":0,"outbound":0},"traffic_boost_suggestions_count":0,"meta":{"@context":"https:\/\/schema.org","@type":"WebPage","headline":"NovaShield RU88X-6 400 Series","url":"https:\/\/www.itape.com\/fr\/product\/novashield-ru88x-6-400-series-fr\/","mainEntityOfPage":{"@type":"WebPage","@id":"https:\/\/www.itape.com\/fr\/product\/novashield-ru88x-6-400-series-fr\/"},"thumbnailUrl":"https:\/\/www.itape.com\/wp-content\/uploads\/2023\/01\/ecp-products\/ru88x-6-product-color.jpg?w=150&h=150&crop=1","image":{"@type":"ImageObject","url":"https:\/\/www.itape.com\/wp-content\/uploads\/2023\/01\/ecp-products\/ru88x-6-product-color.jpg"},"articleSection":"Non classifi\u00e9(e)","author":[{"@type":"Person","name":"IPG"}],"creator":["IPG"],"publisher":{"@type":"Organization","name":"IPG","logo":"https:\/\/www.itape.com\/wp-content\/uploads\/2023\/03\/IPG-logo-2.png"},"keywords":[],"dateCreated":"2023-01-12T14:33:13Z","datePublished":"2023-01-12T14:33:13Z","dateModified":"2023-07-24T13:49:40Z"},"rendered":"<meta name=\"parsely-title\" content=\"NovaShield RU88X-6 400 Series\" \/>\n<meta name=\"parsely-link\" content=\"https:\/\/www.itape.com\/fr\/product\/novashield-ru88x-6-400-series-fr\/\" \/>\n<meta name=\"parsely-type\" content=\"index\" \/>\n<meta name=\"parsely-image-url\" content=\"https:\/\/www.itape.com\/wp-content\/uploads\/2023\/01\/ecp-products\/ru88x-6-product-color.jpg?w=150&amp;h=150&amp;crop=1\" \/>\n<meta name=\"parsely-pub-date\" content=\"2023-01-12T14:33:13Z\" \/>\n<meta name=\"parsely-section\" content=\"Non classifi\u00e9(e)\" \/>\n<meta name=\"parsely-author\" content=\"IPG\" \/>","tracker_url":"https:\/\/cdn.parsely.com\/keys\/itape.com\/p.js"},"jetpack_sharing_enabled":true,"_links":{"self":[{"href":"https:\/\/www.itape.com\/fr\/wp-json\/wp\/v2\/product\/47187","targetHints":{"allow":["GET"]}}],"collection":[{"href":"https:\/\/www.itape.com\/fr\/wp-json\/wp\/v2\/product"}],"about":[{"href":"https:\/\/www.itape.com\/fr\/wp-json\/wp\/v2\/types\/product"}],"replies":[{"embeddable":true,"href":"https:\/\/www.itape.com\/fr\/wp-json\/wp\/v2\/comments?post=47187"}],"wp:featuredmedia":[{"embeddable":true,"href":"https:\/\/www.itape.com\/fr\/wp-json\/wp\/v2\/media\/78335"}],"wp:attachment":[{"href":"https:\/\/www.itape.com\/fr\/wp-json\/wp\/v2\/media?parent=47187"}],"wp:term":[{"taxonomy":"product_brand","embeddable":true,"href":"https:\/\/www.itape.com\/fr\/wp-json\/wp\/v2\/product_brand?post=47187"},{"taxonomy":"product_cat","embeddable":true,"href":"https:\/\/www.itape.com\/fr\/wp-json\/wp\/v2\/product_cat?post=47187"},{"taxonomy":"product_tag","embeddable":true,"href":"https:\/\/www.itape.com\/fr\/wp-json\/wp\/v2\/product_tag?post=47187"},{"taxonomy":"associated_application","embeddable":true,"href":"https:\/\/www.itape.com\/fr\/wp-json\/wp\/v2\/associated_application?post=47187"}],"curies":[{"name":"wp","href":"https:\/\/api.w.org\/{rel}","templated":true}]}}