{"id":47190,"date":"2023-01-12T14:33:13","date_gmt":"2023-01-12T14:33:13","guid":{"rendered":"https:\/\/www.itape.com\/product\/novashield-ru10-6-250-series-fr\/"},"modified":"2023-01-12T15:16:58","modified_gmt":"2023-01-12T15:16:58","slug":"novashield-ru10-6-250-series-fr","status":"publish","type":"product","link":"https:\/\/www.itape.com\/fr\/product\/novashield-ru10-6-250-series-fr\/","title":{"rendered":"NovaShield RU10-6 250 Series"},"content":{"rendered":"<div class=\"prose\">NovaShield RU10-6 250 Series<\/p>\n<p>NovaShield\u2122 RU10-6 est un tissu enduit de poids moyen avec une protection optimis\u00e9e contre les UV pour une utilisation dans les garages portatifs, les abris \u00e0 voiture, les abris de bateau et les couvertures sp\u00e9cialis\u00e9es. Disponible en blanc, transparent et dans d&rsquo;autres couleurs sur demande. Garantie limit\u00e9e de 3 ans.<\/p><\/div>\n","protected":false},"excerpt":{"rendered":"<p>NovaShield\u2122 RU10-6 est un tissu enduit de poids moyen avec une protection optimis\u00e9e contre les UV pour une utilisation dans les garages portatifs, les abris \u00e0 voiture, les abris de bateau et les couvertures sp\u00e9cialis\u00e9es. Disponible en blanc, transparent et dans d&rsquo;autres couleurs sur demande. Garantie limit\u00e9e de 3 ans.<\/p>\n","protected":false},"featured_media":78369,"comment_status":"closed","ping_status":"closed","template":"","meta":{"_acf_changed":false},"product_brand":[],"product_cat":[8268,7706,7701,7730],"product_tag":[8262,6256],"associated_application":[7525,5999,6003,5994,7547,6006,6029,6133],"class_list":{"0":"post-47190","1":"product","2":"type-product","3":"status-publish","4":"has-post-thumbnail","6":"product_cat-cradle-to-cradle-products-fr","7":"product_cat-sustainable-packaging-fr","8":"product_cat-engineered-coated-products-fr","9":"product_cat-engineered-coated-products-textile-pour-structures-tendues-fr","10":"product_tag-cradle-to-cradle-certified-fr","11":"product_tag-small-scale-structures-fr","12":"associated_application-almacenamiento-es-3","13":"associated_application-assainissement-et-restauration-fr","14":"associated_application-demenagement-et-stockage-fr","15":"associated_application-marche-des-pieces-automobiles-fr","16":"associated_application-storage-fr","17":"associated_application-solutions-de-textiles-pour-structures-fr","18":"associated_application-solutions-pour-garage-fr","19":"associated_application-textiles-pour-garage-fr","21":"first","22":"instock","23":"product-type-simple"},"acf":[],"yoast_head":"<!-- This site is optimized with the Yoast SEO Premium plugin v24.1 (Yoast SEO v27.0) - https:\/\/yoast.com\/product\/yoast-seo-premium-wordpress\/ -->\n<title>NovaShield RU10-6 250 Series - IPG<\/title>\n<meta name=\"robots\" content=\"index, follow, max-snippet:-1, max-image-preview:large, max-video-preview:-1\" \/>\n<link rel=\"canonical\" href=\"https:\/\/www.itape.com\/fr\/product\/novashield-ru10-6-250-series-fr\/\" \/>\n<meta property=\"og:locale\" content=\"fr_FR\" \/>\n<meta property=\"og:type\" content=\"article\" \/>\n<meta property=\"og:title\" content=\"NovaShield RU10-6 250 Series\" \/>\n<meta property=\"og:description\" content=\"NovaShield\u2122 RU10-6 est un tissu enduit de poids moyen avec une protection optimis\u00e9e contre les UV pour une utilisation dans les garages portatifs, les abris \u00e0 voiture, les abris de bateau et les couvertures sp\u00e9cialis\u00e9es. Disponible en blanc, transparent et dans d&#039;autres couleurs sur demande. Garantie limit\u00e9e de 3 ans.\" \/>\n<meta property=\"og:url\" content=\"https:\/\/www.itape.com\/fr\/product\/novashield-ru10-6-250-series-fr\/\" \/>\n<meta property=\"og:site_name\" content=\"IPG\" \/>\n<meta property=\"article:publisher\" content=\"https:\/\/www.facebook.com\/intertape\" \/>\n<meta property=\"article:modified_time\" content=\"2023-01-12T15:16:58+00:00\" \/>\n<meta property=\"og:image\" content=\"https:\/\/www.itape.com\/wp-content\/uploads\/2023\/01\/RU10-6_250_SERIES.jpg\" \/>\n\t<meta property=\"og:image:width\" content=\"240\" \/>\n\t<meta property=\"og:image:height\" content=\"240\" \/>\n\t<meta property=\"og:image:type\" content=\"image\/jpeg\" \/>\n<meta name=\"twitter:card\" content=\"summary_large_image\" \/>\n<meta name=\"twitter:site\" content=\"@IPGtape\" \/>\n<meta name=\"twitter:label1\" content=\"Price\" \/>\n\t<meta name=\"twitter:data1\" content=\"\" \/>\n\t<meta name=\"twitter:label2\" content=\"Availability\" \/>\n\t<meta name=\"twitter:data2\" content=\"In stock\" \/>\n<script type=\"application\/ld+json\" class=\"yoast-schema-graph\">{\"@context\":\"https:\/\/schema.org\",\"@graph\":[{\"@type\":\"WebPage\",\"@id\":\"https:\/\/www.itape.com\/fr\/product\/novashield-ru10-6-250-series-fr\/\",\"url\":\"https:\/\/www.itape.com\/fr\/product\/novashield-ru10-6-250-series-fr\/\",\"name\":\"NovaShield RU10-6 250 Series - IPG\",\"isPartOf\":{\"@id\":\"https:\/\/www.itape.com\/#website\"},\"primaryImageOfPage\":{\"@id\":\"https:\/\/www.itape.com\/fr\/product\/novashield-ru10-6-250-series-fr\/#primaryimage\"},\"image\":{\"@id\":\"https:\/\/www.itape.com\/fr\/product\/novashield-ru10-6-250-series-fr\/#primaryimage\"},\"thumbnailUrl\":\"https:\/\/www.itape.com\/wp-content\/uploads\/2023\/01\/ecp-products\/ru10-6-product-colors.jpg\",\"datePublished\":\"2023-01-12T14:33:13+00:00\",\"dateModified\":\"2023-01-12T15:16:58+00:00\",\"breadcrumb\":{\"@id\":\"https:\/\/www.itape.com\/fr\/product\/novashield-ru10-6-250-series-fr\/#breadcrumb\"},\"inLanguage\":\"fr-FR\",\"potentialAction\":[{\"@type\":\"ReadAction\",\"target\":[\"https:\/\/www.itape.com\/fr\/product\/novashield-ru10-6-250-series-fr\/\"]}]},{\"@type\":\"ImageObject\",\"inLanguage\":\"fr-FR\",\"@id\":\"https:\/\/www.itape.com\/fr\/product\/novashield-ru10-6-250-series-fr\/#primaryimage\",\"url\":\"https:\/\/www.itape.com\/wp-content\/uploads\/2023\/01\/ecp-products\/ru10-6-product-colors.jpg\",\"contentUrl\":\"https:\/\/www.itape.com\/wp-content\/uploads\/2023\/01\/ecp-products\/ru10-6-product-colors.jpg\",\"width\":2400,\"height\":2400,\"caption\":\"NovaShield\u2122 RU10-6 is a medium weight premium coated woven fabric with enhanced UV protection for use in portable garages, car ports, boat shelters, and specialized covers. Available in white, clear and other colors upon request. Warranty: 5 year limited warranty\"},{\"@type\":\"BreadcrumbList\",\"@id\":\"https:\/\/www.itape.com\/fr\/product\/novashield-ru10-6-250-series-fr\/#breadcrumb\",\"itemListElement\":[{\"@type\":\"ListItem\",\"position\":1,\"name\":\"Home\",\"item\":\"https:\/\/www.itape.com\/fr\/\"},{\"@type\":\"ListItem\",\"position\":2,\"name\":\"Products\",\"item\":\"https:\/\/www.itape.com\/products\/\"},{\"@type\":\"ListItem\",\"position\":3,\"name\":\"NovaShield RU10-6 250 Series\"}]},{\"@type\":\"WebSite\",\"@id\":\"https:\/\/www.itape.com\/#website\",\"url\":\"https:\/\/www.itape.com\/\",\"name\":\"IPG\",\"description\":\"Global Leader in Packaging and Protective Solutions\",\"publisher\":{\"@id\":\"https:\/\/www.itape.com\/#organization\"},\"potentialAction\":[{\"@type\":\"SearchAction\",\"target\":{\"@type\":\"EntryPoint\",\"urlTemplate\":\"https:\/\/www.itape.com\/?s={search_term_string}\"},\"query-input\":{\"@type\":\"PropertyValueSpecification\",\"valueRequired\":true,\"valueName\":\"search_term_string\"}}],\"inLanguage\":\"fr-FR\"},{\"@type\":\"Organization\",\"@id\":\"https:\/\/www.itape.com\/#organization\",\"name\":\"IPG\",\"url\":\"https:\/\/www.itape.com\/\",\"logo\":{\"@type\":\"ImageObject\",\"inLanguage\":\"fr-FR\",\"@id\":\"https:\/\/www.itape.com\/#\/schema\/logo\/image\/\",\"url\":\"https:\/\/www.itape.com\/wp-content\/uploads\/2024\/06\/IPG-logo-2.png\",\"contentUrl\":\"https:\/\/www.itape.com\/wp-content\/uploads\/2024\/06\/IPG-logo-2.png\",\"width\":60,\"height\":60,\"caption\":\"IPG\"},\"image\":{\"@id\":\"https:\/\/www.itape.com\/#\/schema\/logo\/image\/\"},\"sameAs\":[\"https:\/\/www.facebook.com\/intertape\",\"https:\/\/x.com\/IPGtape\",\"https:\/\/www.linkedin.com\/company\/intertape-polymer-group\",\"https:\/\/www.instagram.com\/ipgtape\",\"https:\/\/www.youtube.com\/user\/IPGtape\"]}]}<\/script>\n<meta property=\"product:price:currency\" content=\"USD\" \/>\n<meta property=\"og:availability\" content=\"instock\" \/>\n<meta property=\"product:availability\" content=\"instock\" \/>\n<meta property=\"product:retailer_item_id\" content=\"7c914d1bbcd3\" \/>\n<meta property=\"product:condition\" content=\"new\" \/>\n<!-- \/ Yoast SEO Premium plugin. -->","yoast_head_json":{"title":"NovaShield RU10-6 250 Series - IPG","robots":{"index":"index","follow":"follow","max-snippet":"max-snippet:-1","max-image-preview":"max-image-preview:large","max-video-preview":"max-video-preview:-1"},"canonical":"https:\/\/www.itape.com\/fr\/product\/novashield-ru10-6-250-series-fr\/","og_locale":"fr_FR","og_type":"article","og_title":"NovaShield RU10-6 250 Series","og_description":"NovaShield\u2122 RU10-6 est un tissu enduit de poids moyen avec une protection optimis\u00e9e contre les UV pour une utilisation dans les garages portatifs, les abris \u00e0 voiture, les abris de bateau et les couvertures sp\u00e9cialis\u00e9es. Disponible en blanc, transparent et dans d'autres couleurs sur demande. Garantie limit\u00e9e de 3 ans.","og_url":"https:\/\/www.itape.com\/fr\/product\/novashield-ru10-6-250-series-fr\/","og_site_name":"IPG","article_publisher":"https:\/\/www.facebook.com\/intertape","article_modified_time":"2023-01-12T15:16:58+00:00","og_image":[{"width":240,"height":240,"url":"https:\/\/www.itape.com\/wp-content\/uploads\/2023\/01\/RU10-6_250_SERIES.jpg","type":"image\/jpeg"}],"twitter_card":"summary_large_image","twitter_site":"@IPGtape","twitter_misc":{"Price":"","Availability":"In stock"},"schema":{"@context":"https:\/\/schema.org","@graph":[{"@type":"WebPage","@id":"https:\/\/www.itape.com\/fr\/product\/novashield-ru10-6-250-series-fr\/","url":"https:\/\/www.itape.com\/fr\/product\/novashield-ru10-6-250-series-fr\/","name":"NovaShield RU10-6 250 Series - IPG","isPartOf":{"@id":"https:\/\/www.itape.com\/#website"},"primaryImageOfPage":{"@id":"https:\/\/www.itape.com\/fr\/product\/novashield-ru10-6-250-series-fr\/#primaryimage"},"image":{"@id":"https:\/\/www.itape.com\/fr\/product\/novashield-ru10-6-250-series-fr\/#primaryimage"},"thumbnailUrl":"https:\/\/www.itape.com\/wp-content\/uploads\/2023\/01\/ecp-products\/ru10-6-product-colors.jpg","datePublished":"2023-01-12T14:33:13+00:00","dateModified":"2023-01-12T15:16:58+00:00","breadcrumb":{"@id":"https:\/\/www.itape.com\/fr\/product\/novashield-ru10-6-250-series-fr\/#breadcrumb"},"inLanguage":"fr-FR","potentialAction":[{"@type":"ReadAction","target":["https:\/\/www.itape.com\/fr\/product\/novashield-ru10-6-250-series-fr\/"]}]},{"@type":"ImageObject","inLanguage":"fr-FR","@id":"https:\/\/www.itape.com\/fr\/product\/novashield-ru10-6-250-series-fr\/#primaryimage","url":"https:\/\/www.itape.com\/wp-content\/uploads\/2023\/01\/ecp-products\/ru10-6-product-colors.jpg","contentUrl":"https:\/\/www.itape.com\/wp-content\/uploads\/2023\/01\/ecp-products\/ru10-6-product-colors.jpg","width":2400,"height":2400,"caption":"NovaShield\u2122 RU10-6 is a medium weight premium coated woven fabric with enhanced UV protection for use in portable garages, car ports, boat shelters, and specialized covers. Available in white, clear and other colors upon request. Warranty: 5 year limited warranty"},{"@type":"BreadcrumbList","@id":"https:\/\/www.itape.com\/fr\/product\/novashield-ru10-6-250-series-fr\/#breadcrumb","itemListElement":[{"@type":"ListItem","position":1,"name":"Home","item":"https:\/\/www.itape.com\/fr\/"},{"@type":"ListItem","position":2,"name":"Products","item":"https:\/\/www.itape.com\/products\/"},{"@type":"ListItem","position":3,"name":"NovaShield RU10-6 250 Series"}]},{"@type":"WebSite","@id":"https:\/\/www.itape.com\/#website","url":"https:\/\/www.itape.com\/","name":"IPG","description":"Global Leader in Packaging and Protective Solutions","publisher":{"@id":"https:\/\/www.itape.com\/#organization"},"potentialAction":[{"@type":"SearchAction","target":{"@type":"EntryPoint","urlTemplate":"https:\/\/www.itape.com\/?s={search_term_string}"},"query-input":{"@type":"PropertyValueSpecification","valueRequired":true,"valueName":"search_term_string"}}],"inLanguage":"fr-FR"},{"@type":"Organization","@id":"https:\/\/www.itape.com\/#organization","name":"IPG","url":"https:\/\/www.itape.com\/","logo":{"@type":"ImageObject","inLanguage":"fr-FR","@id":"https:\/\/www.itape.com\/#\/schema\/logo\/image\/","url":"https:\/\/www.itape.com\/wp-content\/uploads\/2024\/06\/IPG-logo-2.png","contentUrl":"https:\/\/www.itape.com\/wp-content\/uploads\/2024\/06\/IPG-logo-2.png","width":60,"height":60,"caption":"IPG"},"image":{"@id":"https:\/\/www.itape.com\/#\/schema\/logo\/image\/"},"sameAs":["https:\/\/www.facebook.com\/intertape","https:\/\/x.com\/IPGtape","https:\/\/www.linkedin.com\/company\/intertape-polymer-group","https:\/\/www.instagram.com\/ipgtape","https:\/\/www.youtube.com\/user\/IPGtape"]}]},"product_price_currency":"USD","og_availability":"instock","product_availability":"instock","product_retailer_item_id":"7c914d1bbcd3","product_condition":"new"},"parsely":{"version":"1.1.0","canonical_url":"https:\/\/itape.com\/fr\/product\/novashield-ru10-6-250-series-fr\/","smart_links":{"inbound":0,"outbound":0},"traffic_boost_suggestions_count":0,"meta":{"@context":"https:\/\/schema.org","@type":"WebPage","headline":"NovaShield RU10-6 250 Series","url":"https:\/\/www.itape.com\/fr\/product\/novashield-ru10-6-250-series-fr\/","mainEntityOfPage":{"@type":"WebPage","@id":"https:\/\/www.itape.com\/fr\/product\/novashield-ru10-6-250-series-fr\/"},"thumbnailUrl":"https:\/\/www.itape.com\/wp-content\/uploads\/2023\/01\/ecp-products\/ru10-6-product-colors.jpg?w=150&h=150&crop=1","image":{"@type":"ImageObject","url":"https:\/\/www.itape.com\/wp-content\/uploads\/2023\/01\/ecp-products\/ru10-6-product-colors.jpg"},"articleSection":"Non classifi\u00e9(e)","author":[{"@type":"Person","name":"IPG"}],"creator":["IPG"],"publisher":{"@type":"Organization","name":"IPG","logo":"https:\/\/www.itape.com\/wp-content\/uploads\/2023\/03\/IPG-logo-2.png"},"keywords":[],"dateCreated":"2023-01-12T14:33:13Z","datePublished":"2023-01-12T14:33:13Z","dateModified":"2023-01-12T15:16:58Z"},"rendered":"<meta name=\"parsely-title\" content=\"NovaShield RU10-6 250 Series\" \/>\n<meta name=\"parsely-link\" content=\"https:\/\/www.itape.com\/fr\/product\/novashield-ru10-6-250-series-fr\/\" \/>\n<meta name=\"parsely-type\" content=\"index\" \/>\n<meta name=\"parsely-image-url\" content=\"https:\/\/www.itape.com\/wp-content\/uploads\/2023\/01\/ecp-products\/ru10-6-product-colors.jpg?w=150&amp;h=150&amp;crop=1\" \/>\n<meta name=\"parsely-pub-date\" content=\"2023-01-12T14:33:13Z\" \/>\n<meta name=\"parsely-section\" content=\"Non classifi\u00e9(e)\" \/>\n<meta name=\"parsely-author\" content=\"IPG\" \/>","tracker_url":"https:\/\/cdn.parsely.com\/keys\/itape.com\/p.js"},"jetpack_sharing_enabled":true,"_links":{"self":[{"href":"https:\/\/www.itape.com\/fr\/wp-json\/wp\/v2\/product\/47190","targetHints":{"allow":["GET"]}}],"collection":[{"href":"https:\/\/www.itape.com\/fr\/wp-json\/wp\/v2\/product"}],"about":[{"href":"https:\/\/www.itape.com\/fr\/wp-json\/wp\/v2\/types\/product"}],"replies":[{"embeddable":true,"href":"https:\/\/www.itape.com\/fr\/wp-json\/wp\/v2\/comments?post=47190"}],"wp:featuredmedia":[{"embeddable":true,"href":"https:\/\/www.itape.com\/fr\/wp-json\/wp\/v2\/media\/78369"}],"wp:attachment":[{"href":"https:\/\/www.itape.com\/fr\/wp-json\/wp\/v2\/media?parent=47190"}],"wp:term":[{"taxonomy":"product_brand","embeddable":true,"href":"https:\/\/www.itape.com\/fr\/wp-json\/wp\/v2\/product_brand?post=47190"},{"taxonomy":"product_cat","embeddable":true,"href":"https:\/\/www.itape.com\/fr\/wp-json\/wp\/v2\/product_cat?post=47190"},{"taxonomy":"product_tag","embeddable":true,"href":"https:\/\/www.itape.com\/fr\/wp-json\/wp\/v2\/product_tag?post=47190"},{"taxonomy":"associated_application","embeddable":true,"href":"https:\/\/www.itape.com\/fr\/wp-json\/wp\/v2\/associated_application?post=47190"}],"curies":[{"name":"wp","href":"https:\/\/api.w.org\/{rel}","templated":true}]}}