{"id":47198,"date":"2023-01-12T14:33:19","date_gmt":"2023-01-12T14:33:19","guid":{"rendered":"https:\/\/www.itape.com\/product\/pefr-fr\/"},"modified":"2023-03-06T14:18:51","modified_gmt":"2023-03-06T14:18:51","slug":"pefr-fr","status":"publish","type":"product","link":"https:\/\/www.itape.com\/fr\/product\/pefr-fr\/","title":{"rendered":"PEFR"},"content":{"rendered":"","protected":false},"excerpt":{"rendered":"<p>Le Ruban en poly\u00e9thyl\u00e8ne ignifug\u00e9 (PEFR) est dot\u00e9 d&rsquo;un support en poly\u00e9thyl\u00e8ne durable et r\u00e9sistant \u00e0 l&rsquo;humidit\u00e9 avec un adh\u00e9sif \u00e0 base de caoutchouc sensible \u00e0 la pression. Adh\u00e8re bien \u00e0 une vari\u00e9t\u00e9 de surfaces et s&rsquo;enl\u00e8ve proprement et est facile \u00e0 d\u00e9rouler. Con\u00e7u pour offrir une barri\u00e8re ignifug\u00e9e \/ r\u00e9sistante au feu dans les environnements critiques pour la s\u00e9curit\u00e9. Offre un haut degr\u00e9 de conformabilit\u00e9 sans \u00e9tirement excessif. La doublure plus rigide facilite la manipulation dans certaines applications.<\/p>\n","protected":false},"featured_media":61179,"comment_status":"closed","ping_status":"closed","template":"","meta":{"_acf_changed":false},"product_brand":[],"product_cat":[7699,6166,7719,7739,7702],"product_tag":[6258],"associated_application":[6121,6144,5999,5995,5996,5996,6003,5992,6005,6001,6126,6147,6007,7545],"class_list":{"0":"post-47198","1":"product","2":"type-product","3":"status-publish","4":"has-post-thumbnail","6":"product_cat-building-and-construction-products-fr","7":"product_cat-polyethylene-tape-fr","8":"product_cat-building-and-construction-products-ruban-en-polyethylene-fr","9":"product_cat-industrial-tapes-ruban-en-polyethylene-fr","10":"product_cat-industrial-tapes-fr","11":"product_tag-pe-film-tape-fr","12":"associated_application-applications-generales-fr","13":"associated_application-applications-generales-fr-secteur-du-transport-fr","14":"associated_application-assainissement-et-restauration-fr","15":"associated_application-batiment-et-construction-fr","16":"associated_application-de-consommation-fr","18":"associated_application-demenagement-et-stockage-fr","19":"associated_application-industrie-aerospatiale-fr","20":"associated_application-industrie-maritime-et-des-composites-fr","21":"associated_application-processus-general-de-fabrication-fr","22":"associated_application-protection-des-surfaces-fr-industrie-maritime-et-des-composites-fr","23":"associated_application-protection-et-maintien-fr","24":"associated_application-secteur-du-transport-fr","25":"associated_application-containment-solutions-fr-assainissement-et-restauration-fr","27":"first","28":"instock","29":"product-type-simple"},"acf":[],"yoast_head":"<!-- This site is optimized with the Yoast SEO Premium plugin v24.1 (Yoast SEO v27.0) - https:\/\/yoast.com\/product\/yoast-seo-premium-wordpress\/ -->\n<title>PEFR - IPG<\/title>\n<meta name=\"robots\" content=\"index, follow, max-snippet:-1, max-image-preview:large, max-video-preview:-1\" \/>\n<link rel=\"canonical\" href=\"https:\/\/www.itape.com\/fr\/product\/pefr-fr\/\" \/>\n<meta property=\"og:locale\" content=\"fr_FR\" \/>\n<meta property=\"og:type\" content=\"article\" \/>\n<meta property=\"og:title\" content=\"PEFR\" \/>\n<meta property=\"og:description\" content=\"Le Ruban en poly\u00e9thyl\u00e8ne ignifug\u00e9 (PEFR) est dot\u00e9 d&#039;un support en poly\u00e9thyl\u00e8ne durable et r\u00e9sistant \u00e0 l&#039;humidit\u00e9 avec un adh\u00e9sif \u00e0 base de caoutchouc sensible \u00e0 la pression. Adh\u00e8re bien \u00e0 une vari\u00e9t\u00e9 de surfaces et s&#039;enl\u00e8ve proprement et est facile \u00e0 d\u00e9rouler. Con\u00e7u pour offrir une barri\u00e8re ignifug\u00e9e \/ r\u00e9sistante au feu dans les environnements critiques pour la s\u00e9curit\u00e9. Offre un haut degr\u00e9 de conformabilit\u00e9 sans \u00e9tirement excessif. La doublure plus rigide facilite la manipulation dans certaines applications.\" \/>\n<meta property=\"og:url\" content=\"https:\/\/www.itape.com\/fr\/product\/pefr-fr\/\" \/>\n<meta property=\"og:site_name\" content=\"IPG\" \/>\n<meta property=\"article:publisher\" content=\"https:\/\/www.facebook.com\/intertape\" \/>\n<meta property=\"article:modified_time\" content=\"2023-03-06T14:18:51+00:00\" \/>\n<meta property=\"og:image\" content=\"https:\/\/www.itape.com\/wp-content\/uploads\/2023\/01\/PEFR_high.jpg\" \/>\n\t<meta property=\"og:image:width\" content=\"2400\" \/>\n\t<meta property=\"og:image:height\" content=\"2400\" \/>\n\t<meta property=\"og:image:type\" content=\"image\/jpeg\" \/>\n<meta name=\"twitter:card\" content=\"summary_large_image\" \/>\n<meta name=\"twitter:site\" content=\"@IPGtape\" \/>\n<meta name=\"twitter:label1\" content=\"Price\" \/>\n\t<meta name=\"twitter:data1\" content=\"\" \/>\n\t<meta name=\"twitter:label2\" content=\"Availability\" \/>\n\t<meta name=\"twitter:data2\" content=\"In stock\" \/>\n<script type=\"application\/ld+json\" class=\"yoast-schema-graph\">{\"@context\":\"https:\/\/schema.org\",\"@graph\":[{\"@type\":\"WebPage\",\"@id\":\"https:\/\/www.itape.com\/fr\/product\/pefr-fr\/\",\"url\":\"https:\/\/www.itape.com\/fr\/product\/pefr-fr\/\",\"name\":\"PEFR - IPG\",\"isPartOf\":{\"@id\":\"https:\/\/www.itape.com\/#website\"},\"primaryImageOfPage\":{\"@id\":\"https:\/\/www.itape.com\/fr\/product\/pefr-fr\/#primaryimage\"},\"image\":{\"@id\":\"https:\/\/www.itape.com\/fr\/product\/pefr-fr\/#primaryimage\"},\"thumbnailUrl\":\"https:\/\/www.itape.com\/wp-content\/uploads\/2023\/01\/PEFR_High-1.jpg\",\"datePublished\":\"2023-01-12T14:33:19+00:00\",\"dateModified\":\"2023-03-06T14:18:51+00:00\",\"breadcrumb\":{\"@id\":\"https:\/\/www.itape.com\/fr\/product\/pefr-fr\/#breadcrumb\"},\"inLanguage\":\"fr-FR\",\"potentialAction\":[{\"@type\":\"ReadAction\",\"target\":[\"https:\/\/www.itape.com\/fr\/product\/pefr-fr\/\"]}]},{\"@type\":\"ImageObject\",\"inLanguage\":\"fr-FR\",\"@id\":\"https:\/\/www.itape.com\/fr\/product\/pefr-fr\/#primaryimage\",\"url\":\"https:\/\/www.itape.com\/wp-content\/uploads\/2023\/01\/PEFR_High-1.jpg\",\"contentUrl\":\"https:\/\/www.itape.com\/wp-content\/uploads\/2023\/01\/PEFR_High-1.jpg\",\"width\":2400,\"height\":2400,\"caption\":\"IPG PEFR Polyethylene Tape\"},{\"@type\":\"BreadcrumbList\",\"@id\":\"https:\/\/www.itape.com\/fr\/product\/pefr-fr\/#breadcrumb\",\"itemListElement\":[{\"@type\":\"ListItem\",\"position\":1,\"name\":\"Home\",\"item\":\"https:\/\/www.itape.com\/fr\/\"},{\"@type\":\"ListItem\",\"position\":2,\"name\":\"Products\",\"item\":\"https:\/\/www.itape.com\/products\/\"},{\"@type\":\"ListItem\",\"position\":3,\"name\":\"PEFR\"}]},{\"@type\":\"WebSite\",\"@id\":\"https:\/\/www.itape.com\/#website\",\"url\":\"https:\/\/www.itape.com\/\",\"name\":\"IPG\",\"description\":\"Global Leader in Packaging and Protective Solutions\",\"publisher\":{\"@id\":\"https:\/\/www.itape.com\/#organization\"},\"potentialAction\":[{\"@type\":\"SearchAction\",\"target\":{\"@type\":\"EntryPoint\",\"urlTemplate\":\"https:\/\/www.itape.com\/?s={search_term_string}\"},\"query-input\":{\"@type\":\"PropertyValueSpecification\",\"valueRequired\":true,\"valueName\":\"search_term_string\"}}],\"inLanguage\":\"fr-FR\"},{\"@type\":\"Organization\",\"@id\":\"https:\/\/www.itape.com\/#organization\",\"name\":\"IPG\",\"url\":\"https:\/\/www.itape.com\/\",\"logo\":{\"@type\":\"ImageObject\",\"inLanguage\":\"fr-FR\",\"@id\":\"https:\/\/www.itape.com\/#\/schema\/logo\/image\/\",\"url\":\"https:\/\/www.itape.com\/wp-content\/uploads\/2024\/06\/IPG-logo-2.png\",\"contentUrl\":\"https:\/\/www.itape.com\/wp-content\/uploads\/2024\/06\/IPG-logo-2.png\",\"width\":60,\"height\":60,\"caption\":\"IPG\"},\"image\":{\"@id\":\"https:\/\/www.itape.com\/#\/schema\/logo\/image\/\"},\"sameAs\":[\"https:\/\/www.facebook.com\/intertape\",\"https:\/\/x.com\/IPGtape\",\"https:\/\/www.linkedin.com\/company\/intertape-polymer-group\",\"https:\/\/www.instagram.com\/ipgtape\",\"https:\/\/www.youtube.com\/user\/IPGtape\"]}]}<\/script>\n<meta property=\"product:price:currency\" content=\"USD\" \/>\n<meta property=\"og:availability\" content=\"instock\" \/>\n<meta property=\"product:availability\" content=\"instock\" \/>\n<meta property=\"product:retailer_item_id\" content=\"2906e46a3383\" \/>\n<meta property=\"product:condition\" content=\"new\" \/>\n<!-- \/ Yoast SEO Premium plugin. -->","yoast_head_json":{"title":"PEFR - IPG","robots":{"index":"index","follow":"follow","max-snippet":"max-snippet:-1","max-image-preview":"max-image-preview:large","max-video-preview":"max-video-preview:-1"},"canonical":"https:\/\/www.itape.com\/fr\/product\/pefr-fr\/","og_locale":"fr_FR","og_type":"article","og_title":"PEFR","og_description":"Le Ruban en poly\u00e9thyl\u00e8ne ignifug\u00e9 (PEFR) est dot\u00e9 d'un support en poly\u00e9thyl\u00e8ne durable et r\u00e9sistant \u00e0 l'humidit\u00e9 avec un adh\u00e9sif \u00e0 base de caoutchouc sensible \u00e0 la pression. Adh\u00e8re bien \u00e0 une vari\u00e9t\u00e9 de surfaces et s'enl\u00e8ve proprement et est facile \u00e0 d\u00e9rouler. Con\u00e7u pour offrir une barri\u00e8re ignifug\u00e9e \/ r\u00e9sistante au feu dans les environnements critiques pour la s\u00e9curit\u00e9. Offre un haut degr\u00e9 de conformabilit\u00e9 sans \u00e9tirement excessif. La doublure plus rigide facilite la manipulation dans certaines applications.","og_url":"https:\/\/www.itape.com\/fr\/product\/pefr-fr\/","og_site_name":"IPG","article_publisher":"https:\/\/www.facebook.com\/intertape","article_modified_time":"2023-03-06T14:18:51+00:00","og_image":[{"width":2400,"height":2400,"url":"https:\/\/www.itape.com\/wp-content\/uploads\/2023\/01\/PEFR_high.jpg","type":"image\/jpeg"}],"twitter_card":"summary_large_image","twitter_site":"@IPGtape","twitter_misc":{"Price":"","Availability":"In stock"},"schema":{"@context":"https:\/\/schema.org","@graph":[{"@type":"WebPage","@id":"https:\/\/www.itape.com\/fr\/product\/pefr-fr\/","url":"https:\/\/www.itape.com\/fr\/product\/pefr-fr\/","name":"PEFR - IPG","isPartOf":{"@id":"https:\/\/www.itape.com\/#website"},"primaryImageOfPage":{"@id":"https:\/\/www.itape.com\/fr\/product\/pefr-fr\/#primaryimage"},"image":{"@id":"https:\/\/www.itape.com\/fr\/product\/pefr-fr\/#primaryimage"},"thumbnailUrl":"https:\/\/www.itape.com\/wp-content\/uploads\/2023\/01\/PEFR_High-1.jpg","datePublished":"2023-01-12T14:33:19+00:00","dateModified":"2023-03-06T14:18:51+00:00","breadcrumb":{"@id":"https:\/\/www.itape.com\/fr\/product\/pefr-fr\/#breadcrumb"},"inLanguage":"fr-FR","potentialAction":[{"@type":"ReadAction","target":["https:\/\/www.itape.com\/fr\/product\/pefr-fr\/"]}]},{"@type":"ImageObject","inLanguage":"fr-FR","@id":"https:\/\/www.itape.com\/fr\/product\/pefr-fr\/#primaryimage","url":"https:\/\/www.itape.com\/wp-content\/uploads\/2023\/01\/PEFR_High-1.jpg","contentUrl":"https:\/\/www.itape.com\/wp-content\/uploads\/2023\/01\/PEFR_High-1.jpg","width":2400,"height":2400,"caption":"IPG PEFR Polyethylene Tape"},{"@type":"BreadcrumbList","@id":"https:\/\/www.itape.com\/fr\/product\/pefr-fr\/#breadcrumb","itemListElement":[{"@type":"ListItem","position":1,"name":"Home","item":"https:\/\/www.itape.com\/fr\/"},{"@type":"ListItem","position":2,"name":"Products","item":"https:\/\/www.itape.com\/products\/"},{"@type":"ListItem","position":3,"name":"PEFR"}]},{"@type":"WebSite","@id":"https:\/\/www.itape.com\/#website","url":"https:\/\/www.itape.com\/","name":"IPG","description":"Global Leader in Packaging and Protective Solutions","publisher":{"@id":"https:\/\/www.itape.com\/#organization"},"potentialAction":[{"@type":"SearchAction","target":{"@type":"EntryPoint","urlTemplate":"https:\/\/www.itape.com\/?s={search_term_string}"},"query-input":{"@type":"PropertyValueSpecification","valueRequired":true,"valueName":"search_term_string"}}],"inLanguage":"fr-FR"},{"@type":"Organization","@id":"https:\/\/www.itape.com\/#organization","name":"IPG","url":"https:\/\/www.itape.com\/","logo":{"@type":"ImageObject","inLanguage":"fr-FR","@id":"https:\/\/www.itape.com\/#\/schema\/logo\/image\/","url":"https:\/\/www.itape.com\/wp-content\/uploads\/2024\/06\/IPG-logo-2.png","contentUrl":"https:\/\/www.itape.com\/wp-content\/uploads\/2024\/06\/IPG-logo-2.png","width":60,"height":60,"caption":"IPG"},"image":{"@id":"https:\/\/www.itape.com\/#\/schema\/logo\/image\/"},"sameAs":["https:\/\/www.facebook.com\/intertape","https:\/\/x.com\/IPGtape","https:\/\/www.linkedin.com\/company\/intertape-polymer-group","https:\/\/www.instagram.com\/ipgtape","https:\/\/www.youtube.com\/user\/IPGtape"]}]},"product_price_currency":"USD","og_availability":"instock","product_availability":"instock","product_retailer_item_id":"2906e46a3383","product_condition":"new"},"parsely":{"version":"1.1.0","canonical_url":"https:\/\/itape.com\/fr\/product\/pefr-fr\/","smart_links":{"inbound":0,"outbound":0},"traffic_boost_suggestions_count":0,"meta":{"@context":"https:\/\/schema.org","@type":"WebPage","headline":"PEFR","url":"https:\/\/www.itape.com\/fr\/product\/pefr-fr\/","mainEntityOfPage":{"@type":"WebPage","@id":"https:\/\/www.itape.com\/fr\/product\/pefr-fr\/"},"thumbnailUrl":"https:\/\/www.itape.com\/wp-content\/uploads\/2023\/01\/PEFR_High-1.jpg?w=150&h=150&crop=1","image":{"@type":"ImageObject","url":"https:\/\/www.itape.com\/wp-content\/uploads\/2023\/01\/PEFR_High-1.jpg"},"articleSection":"Non classifi\u00e9(e)","author":[{"@type":"Person","name":"IPG"}],"creator":["IPG"],"publisher":{"@type":"Organization","name":"IPG","logo":"https:\/\/www.itape.com\/wp-content\/uploads\/2023\/03\/IPG-logo-2.png"},"keywords":[],"dateCreated":"2023-01-12T14:33:19Z","datePublished":"2023-01-12T14:33:19Z","dateModified":"2023-03-06T14:18:51Z"},"rendered":"<meta name=\"parsely-title\" content=\"PEFR\" \/>\n<meta name=\"parsely-link\" content=\"https:\/\/www.itape.com\/fr\/product\/pefr-fr\/\" \/>\n<meta name=\"parsely-type\" content=\"index\" \/>\n<meta name=\"parsely-image-url\" content=\"https:\/\/www.itape.com\/wp-content\/uploads\/2023\/01\/PEFR_High-1.jpg?w=150&amp;h=150&amp;crop=1\" \/>\n<meta name=\"parsely-pub-date\" content=\"2023-01-12T14:33:19Z\" \/>\n<meta name=\"parsely-section\" content=\"Non classifi\u00e9(e)\" \/>\n<meta name=\"parsely-author\" content=\"IPG\" \/>","tracker_url":"https:\/\/cdn.parsely.com\/keys\/itape.com\/p.js"},"jetpack_sharing_enabled":true,"_links":{"self":[{"href":"https:\/\/www.itape.com\/fr\/wp-json\/wp\/v2\/product\/47198","targetHints":{"allow":["GET"]}}],"collection":[{"href":"https:\/\/www.itape.com\/fr\/wp-json\/wp\/v2\/product"}],"about":[{"href":"https:\/\/www.itape.com\/fr\/wp-json\/wp\/v2\/types\/product"}],"replies":[{"embeddable":true,"href":"https:\/\/www.itape.com\/fr\/wp-json\/wp\/v2\/comments?post=47198"}],"wp:featuredmedia":[{"embeddable":true,"href":"https:\/\/www.itape.com\/fr\/wp-json\/wp\/v2\/media\/61179"}],"wp:attachment":[{"href":"https:\/\/www.itape.com\/fr\/wp-json\/wp\/v2\/media?parent=47198"}],"wp:term":[{"taxonomy":"product_brand","embeddable":true,"href":"https:\/\/www.itape.com\/fr\/wp-json\/wp\/v2\/product_brand?post=47198"},{"taxonomy":"product_cat","embeddable":true,"href":"https:\/\/www.itape.com\/fr\/wp-json\/wp\/v2\/product_cat?post=47198"},{"taxonomy":"product_tag","embeddable":true,"href":"https:\/\/www.itape.com\/fr\/wp-json\/wp\/v2\/product_tag?post=47198"},{"taxonomy":"associated_application","embeddable":true,"href":"https:\/\/www.itape.com\/fr\/wp-json\/wp\/v2\/associated_application?post=47198"}],"curies":[{"name":"wp","href":"https:\/\/api.w.org\/{rel}","templated":true}]}}