{"id":47199,"date":"2023-01-12T14:33:19","date_gmt":"2023-01-12T14:33:19","guid":{"rendered":"https:\/\/www.itape.com\/product\/pe9-fr\/"},"modified":"2023-03-06T14:15:36","modified_gmt":"2023-03-06T14:15:36","slug":"pe9-fr","status":"publish","type":"product","link":"https:\/\/www.itape.com\/fr\/product\/pe9-fr\/","title":{"rendered":"PE9"},"content":{"rendered":"","protected":false},"excerpt":{"rendered":"<p>Ruban d&#8217;emballage en film de poly\u00e9thyl\u00e8ne\u00a0: renfort en film de PE (poly\u00e9thyl\u00e8ne) durable r\u00e9sistant \u00e0 l&rsquo;humidit\u00e9 avec une colle auto-adh\u00e9sive \u00e0 base de caoutchouc synth\u00e9tique con\u00e7u pour offrir une conformabilit\u00e9 \u00e9lev\u00e9e sans \u00e9tirement excessif. Colle correctement \u00e0 un grand nombre de surfaces. Pour le rapi\u00e9\u00e7age et les r\u00e9parations, les applications de fixation et d&#8217;emballage, le scellement et la s\u00e9paration de m\u00e9taux diff\u00e9rents, le codage de couleur et l&rsquo;identification. Peut \u00eatre utilis\u00e9 pour le scellement\/le raccordement de films en PE utilis\u00e9s pour l&#8217;emballage par r\u00e9tr\u00e9cissement.<\/p>\n","protected":false},"featured_media":61171,"comment_status":"closed","ping_status":"closed","template":"","meta":{"_acf_changed":false},"product_brand":[],"product_cat":[8268,7699,7706,6166,7719,7739,7702],"product_tag":[8262,6258],"associated_application":[7544,6144,6141,5999,5995,6129,5996,6003,6039,6034,5992,6005,6142,6001,6147,7544,7544,6095,6007,6092,7545,6039,6127],"class_list":{"0":"post-47199","1":"product","2":"type-product","3":"status-publish","4":"has-post-thumbnail","6":"product_cat-cradle-to-cradle-products-fr","7":"product_cat-building-and-construction-products-fr","8":"product_cat-sustainable-packaging-fr","9":"product_cat-polyethylene-tape-fr","10":"product_cat-building-and-construction-products-ruban-en-polyethylene-fr","11":"product_cat-industrial-tapes-ruban-en-polyethylene-fr","12":"product_cat-industrial-tapes-fr","13":"product_tag-cradle-to-cradle-certified-fr","14":"product_tag-pe-film-tape-fr","15":"associated_application-abatement-fr-assainissement-et-restauration-fr","16":"associated_application-applications-generales-fr-secteur-du-transport-fr","17":"associated_application-applications-generales-pour-la-peinture-fr","18":"associated_application-assainissement-et-restauration-fr","19":"associated_application-batiment-et-construction-fr","20":"associated_application-batiment-et-construction-fr-assainissement-et-restauration-fr","21":"associated_application-de-consommation-fr","22":"associated_application-demenagement-et-stockage-fr","23":"associated_application-solutions-generales-pour-le-site-de-construction-fr","24":"associated_application-gestion-de-lair-et-de-la-vapeur-dhumidite-fr","25":"associated_application-industrie-aerospatiale-fr","26":"associated_application-industrie-maritime-et-des-composites-fr","27":"associated_application-masquage-fr-secteur-du-transport-fr","28":"associated_application-processus-general-de-fabrication-fr","29":"associated_application-protection-et-maintien-fr","32":"associated_application-reparation-fr","33":"associated_application-secteur-du-transport-fr","34":"associated_application-secteur-de-lentretien-de-la-reparation-et-de-lexploitationmro-fr","35":"associated_application-containment-solutions-fr-assainissement-et-restauration-fr","37":"associated_application-uv-masquage-exterieur-fr","39":"first","40":"instock","41":"product-type-simple"},"acf":[],"yoast_head":"<!-- This site is optimized with the Yoast SEO Premium plugin v24.1 (Yoast SEO v27.0) - https:\/\/yoast.com\/product\/yoast-seo-premium-wordpress\/ -->\n<title>PE9 - IPG<\/title>\n<meta name=\"robots\" content=\"index, follow, max-snippet:-1, max-image-preview:large, max-video-preview:-1\" \/>\n<link rel=\"canonical\" href=\"https:\/\/www.itape.com\/fr\/product\/pe9-fr\/\" \/>\n<meta property=\"og:locale\" content=\"fr_FR\" \/>\n<meta property=\"og:type\" content=\"article\" \/>\n<meta property=\"og:title\" content=\"PE9\" \/>\n<meta property=\"og:description\" content=\"Ruban d&#039;emballage en film de poly\u00e9thyl\u00e8ne\u00a0: renfort en film de PE (poly\u00e9thyl\u00e8ne) durable r\u00e9sistant \u00e0 l&#039;humidit\u00e9 avec une colle auto-adh\u00e9sive \u00e0 base de caoutchouc synth\u00e9tique con\u00e7u pour offrir une conformabilit\u00e9 \u00e9lev\u00e9e sans \u00e9tirement excessif. Colle correctement \u00e0 un grand nombre de surfaces. Pour le rapi\u00e9\u00e7age et les r\u00e9parations, les applications de fixation et d&#039;emballage, le scellement et la s\u00e9paration de m\u00e9taux diff\u00e9rents, le codage de couleur et l&#039;identification. Peut \u00eatre utilis\u00e9 pour le scellement\/le raccordement de films en PE utilis\u00e9s pour l&#039;emballage par r\u00e9tr\u00e9cissement.\" \/>\n<meta property=\"og:url\" content=\"https:\/\/www.itape.com\/fr\/product\/pe9-fr\/\" \/>\n<meta property=\"og:site_name\" content=\"IPG\" \/>\n<meta property=\"article:publisher\" content=\"https:\/\/www.facebook.com\/intertape\" \/>\n<meta property=\"article:modified_time\" content=\"2023-03-06T14:15:36+00:00\" \/>\n<meta property=\"og:image\" content=\"https:\/\/www.itape.com\/wp-content\/uploads\/2023\/01\/PE9_high.jpg\" \/>\n\t<meta property=\"og:image:width\" content=\"2400\" \/>\n\t<meta property=\"og:image:height\" content=\"2400\" \/>\n\t<meta property=\"og:image:type\" content=\"image\/jpeg\" \/>\n<meta name=\"twitter:card\" content=\"summary_large_image\" \/>\n<meta name=\"twitter:site\" content=\"@IPGtape\" \/>\n<meta name=\"twitter:label1\" content=\"Price\" \/>\n\t<meta name=\"twitter:data1\" content=\"\" \/>\n\t<meta name=\"twitter:label2\" content=\"Availability\" \/>\n\t<meta name=\"twitter:data2\" content=\"In stock\" \/>\n<script type=\"application\/ld+json\" class=\"yoast-schema-graph\">{\"@context\":\"https:\/\/schema.org\",\"@graph\":[{\"@type\":\"WebPage\",\"@id\":\"https:\/\/www.itape.com\/fr\/product\/pe9-fr\/\",\"url\":\"https:\/\/www.itape.com\/fr\/product\/pe9-fr\/\",\"name\":\"PE9 - IPG\",\"isPartOf\":{\"@id\":\"https:\/\/www.itape.com\/#website\"},\"primaryImageOfPage\":{\"@id\":\"https:\/\/www.itape.com\/fr\/product\/pe9-fr\/#primaryimage\"},\"image\":{\"@id\":\"https:\/\/www.itape.com\/fr\/product\/pe9-fr\/#primaryimage\"},\"thumbnailUrl\":\"https:\/\/www.itape.com\/wp-content\/uploads\/2023\/01\/PE8_High-1.jpg\",\"datePublished\":\"2023-01-12T14:33:19+00:00\",\"dateModified\":\"2023-03-06T14:15:36+00:00\",\"breadcrumb\":{\"@id\":\"https:\/\/www.itape.com\/fr\/product\/pe9-fr\/#breadcrumb\"},\"inLanguage\":\"fr-FR\",\"potentialAction\":[{\"@type\":\"ReadAction\",\"target\":[\"https:\/\/www.itape.com\/fr\/product\/pe9-fr\/\"]}]},{\"@type\":\"ImageObject\",\"inLanguage\":\"fr-FR\",\"@id\":\"https:\/\/www.itape.com\/fr\/product\/pe9-fr\/#primaryimage\",\"url\":\"https:\/\/www.itape.com\/wp-content\/uploads\/2023\/01\/PE8_High-1.jpg\",\"contentUrl\":\"https:\/\/www.itape.com\/wp-content\/uploads\/2023\/01\/PE8_High-1.jpg\",\"width\":2400,\"height\":2400,\"caption\":\"IPG PE8 Polyethylene Tape\"},{\"@type\":\"BreadcrumbList\",\"@id\":\"https:\/\/www.itape.com\/fr\/product\/pe9-fr\/#breadcrumb\",\"itemListElement\":[{\"@type\":\"ListItem\",\"position\":1,\"name\":\"Home\",\"item\":\"https:\/\/www.itape.com\/fr\/\"},{\"@type\":\"ListItem\",\"position\":2,\"name\":\"Products\",\"item\":\"https:\/\/www.itape.com\/products\/\"},{\"@type\":\"ListItem\",\"position\":3,\"name\":\"PE9\"}]},{\"@type\":\"WebSite\",\"@id\":\"https:\/\/www.itape.com\/#website\",\"url\":\"https:\/\/www.itape.com\/\",\"name\":\"IPG\",\"description\":\"Global Leader in Packaging and Protective Solutions\",\"publisher\":{\"@id\":\"https:\/\/www.itape.com\/#organization\"},\"potentialAction\":[{\"@type\":\"SearchAction\",\"target\":{\"@type\":\"EntryPoint\",\"urlTemplate\":\"https:\/\/www.itape.com\/?s={search_term_string}\"},\"query-input\":{\"@type\":\"PropertyValueSpecification\",\"valueRequired\":true,\"valueName\":\"search_term_string\"}}],\"inLanguage\":\"fr-FR\"},{\"@type\":\"Organization\",\"@id\":\"https:\/\/www.itape.com\/#organization\",\"name\":\"IPG\",\"url\":\"https:\/\/www.itape.com\/\",\"logo\":{\"@type\":\"ImageObject\",\"inLanguage\":\"fr-FR\",\"@id\":\"https:\/\/www.itape.com\/#\/schema\/logo\/image\/\",\"url\":\"https:\/\/www.itape.com\/wp-content\/uploads\/2024\/06\/IPG-logo-2.png\",\"contentUrl\":\"https:\/\/www.itape.com\/wp-content\/uploads\/2024\/06\/IPG-logo-2.png\",\"width\":60,\"height\":60,\"caption\":\"IPG\"},\"image\":{\"@id\":\"https:\/\/www.itape.com\/#\/schema\/logo\/image\/\"},\"sameAs\":[\"https:\/\/www.facebook.com\/intertape\",\"https:\/\/x.com\/IPGtape\",\"https:\/\/www.linkedin.com\/company\/intertape-polymer-group\",\"https:\/\/www.instagram.com\/ipgtape\",\"https:\/\/www.youtube.com\/user\/IPGtape\"]}]}<\/script>\n<meta property=\"product:price:currency\" content=\"USD\" \/>\n<meta property=\"og:availability\" content=\"instock\" \/>\n<meta property=\"product:availability\" content=\"instock\" \/>\n<meta property=\"product:retailer_item_id\" content=\"44730071a5aa\" \/>\n<meta property=\"product:condition\" content=\"new\" \/>\n<!-- \/ Yoast SEO Premium plugin. -->","yoast_head_json":{"title":"PE9 - IPG","robots":{"index":"index","follow":"follow","max-snippet":"max-snippet:-1","max-image-preview":"max-image-preview:large","max-video-preview":"max-video-preview:-1"},"canonical":"https:\/\/www.itape.com\/fr\/product\/pe9-fr\/","og_locale":"fr_FR","og_type":"article","og_title":"PE9","og_description":"Ruban d'emballage en film de poly\u00e9thyl\u00e8ne\u00a0: renfort en film de PE (poly\u00e9thyl\u00e8ne) durable r\u00e9sistant \u00e0 l'humidit\u00e9 avec une colle auto-adh\u00e9sive \u00e0 base de caoutchouc synth\u00e9tique con\u00e7u pour offrir une conformabilit\u00e9 \u00e9lev\u00e9e sans \u00e9tirement excessif. Colle correctement \u00e0 un grand nombre de surfaces. Pour le rapi\u00e9\u00e7age et les r\u00e9parations, les applications de fixation et d'emballage, le scellement et la s\u00e9paration de m\u00e9taux diff\u00e9rents, le codage de couleur et l'identification. Peut \u00eatre utilis\u00e9 pour le scellement\/le raccordement de films en PE utilis\u00e9s pour l'emballage par r\u00e9tr\u00e9cissement.","og_url":"https:\/\/www.itape.com\/fr\/product\/pe9-fr\/","og_site_name":"IPG","article_publisher":"https:\/\/www.facebook.com\/intertape","article_modified_time":"2023-03-06T14:15:36+00:00","og_image":[{"width":2400,"height":2400,"url":"https:\/\/www.itape.com\/wp-content\/uploads\/2023\/01\/PE9_high.jpg","type":"image\/jpeg"}],"twitter_card":"summary_large_image","twitter_site":"@IPGtape","twitter_misc":{"Price":"","Availability":"In stock"},"schema":{"@context":"https:\/\/schema.org","@graph":[{"@type":"WebPage","@id":"https:\/\/www.itape.com\/fr\/product\/pe9-fr\/","url":"https:\/\/www.itape.com\/fr\/product\/pe9-fr\/","name":"PE9 - IPG","isPartOf":{"@id":"https:\/\/www.itape.com\/#website"},"primaryImageOfPage":{"@id":"https:\/\/www.itape.com\/fr\/product\/pe9-fr\/#primaryimage"},"image":{"@id":"https:\/\/www.itape.com\/fr\/product\/pe9-fr\/#primaryimage"},"thumbnailUrl":"https:\/\/www.itape.com\/wp-content\/uploads\/2023\/01\/PE8_High-1.jpg","datePublished":"2023-01-12T14:33:19+00:00","dateModified":"2023-03-06T14:15:36+00:00","breadcrumb":{"@id":"https:\/\/www.itape.com\/fr\/product\/pe9-fr\/#breadcrumb"},"inLanguage":"fr-FR","potentialAction":[{"@type":"ReadAction","target":["https:\/\/www.itape.com\/fr\/product\/pe9-fr\/"]}]},{"@type":"ImageObject","inLanguage":"fr-FR","@id":"https:\/\/www.itape.com\/fr\/product\/pe9-fr\/#primaryimage","url":"https:\/\/www.itape.com\/wp-content\/uploads\/2023\/01\/PE8_High-1.jpg","contentUrl":"https:\/\/www.itape.com\/wp-content\/uploads\/2023\/01\/PE8_High-1.jpg","width":2400,"height":2400,"caption":"IPG PE8 Polyethylene Tape"},{"@type":"BreadcrumbList","@id":"https:\/\/www.itape.com\/fr\/product\/pe9-fr\/#breadcrumb","itemListElement":[{"@type":"ListItem","position":1,"name":"Home","item":"https:\/\/www.itape.com\/fr\/"},{"@type":"ListItem","position":2,"name":"Products","item":"https:\/\/www.itape.com\/products\/"},{"@type":"ListItem","position":3,"name":"PE9"}]},{"@type":"WebSite","@id":"https:\/\/www.itape.com\/#website","url":"https:\/\/www.itape.com\/","name":"IPG","description":"Global Leader in Packaging and Protective Solutions","publisher":{"@id":"https:\/\/www.itape.com\/#organization"},"potentialAction":[{"@type":"SearchAction","target":{"@type":"EntryPoint","urlTemplate":"https:\/\/www.itape.com\/?s={search_term_string}"},"query-input":{"@type":"PropertyValueSpecification","valueRequired":true,"valueName":"search_term_string"}}],"inLanguage":"fr-FR"},{"@type":"Organization","@id":"https:\/\/www.itape.com\/#organization","name":"IPG","url":"https:\/\/www.itape.com\/","logo":{"@type":"ImageObject","inLanguage":"fr-FR","@id":"https:\/\/www.itape.com\/#\/schema\/logo\/image\/","url":"https:\/\/www.itape.com\/wp-content\/uploads\/2024\/06\/IPG-logo-2.png","contentUrl":"https:\/\/www.itape.com\/wp-content\/uploads\/2024\/06\/IPG-logo-2.png","width":60,"height":60,"caption":"IPG"},"image":{"@id":"https:\/\/www.itape.com\/#\/schema\/logo\/image\/"},"sameAs":["https:\/\/www.facebook.com\/intertape","https:\/\/x.com\/IPGtape","https:\/\/www.linkedin.com\/company\/intertape-polymer-group","https:\/\/www.instagram.com\/ipgtape","https:\/\/www.youtube.com\/user\/IPGtape"]}]},"product_price_currency":"USD","og_availability":"instock","product_availability":"instock","product_retailer_item_id":"44730071a5aa","product_condition":"new"},"parsely":{"version":"1.1.0","canonical_url":"https:\/\/itape.com\/fr\/product\/pe9-fr\/","smart_links":{"inbound":0,"outbound":0},"traffic_boost_suggestions_count":0,"meta":{"@context":"https:\/\/schema.org","@type":"WebPage","headline":"PE9","url":"https:\/\/www.itape.com\/fr\/product\/pe9-fr\/","mainEntityOfPage":{"@type":"WebPage","@id":"https:\/\/www.itape.com\/fr\/product\/pe9-fr\/"},"thumbnailUrl":"https:\/\/www.itape.com\/wp-content\/uploads\/2023\/01\/PE8_High-1.jpg?w=150&h=150&crop=1","image":{"@type":"ImageObject","url":"https:\/\/www.itape.com\/wp-content\/uploads\/2023\/01\/PE8_High-1.jpg"},"articleSection":"Non classifi\u00e9(e)","author":[{"@type":"Person","name":"IPG"}],"creator":["IPG"],"publisher":{"@type":"Organization","name":"IPG","logo":"https:\/\/www.itape.com\/wp-content\/uploads\/2023\/03\/IPG-logo-2.png"},"keywords":[],"dateCreated":"2023-01-12T14:33:19Z","datePublished":"2023-01-12T14:33:19Z","dateModified":"2023-03-06T14:15:36Z"},"rendered":"<meta name=\"parsely-title\" content=\"PE9\" \/>\n<meta name=\"parsely-link\" content=\"https:\/\/www.itape.com\/fr\/product\/pe9-fr\/\" \/>\n<meta name=\"parsely-type\" content=\"index\" \/>\n<meta name=\"parsely-image-url\" content=\"https:\/\/www.itape.com\/wp-content\/uploads\/2023\/01\/PE8_High-1.jpg?w=150&amp;h=150&amp;crop=1\" \/>\n<meta name=\"parsely-pub-date\" content=\"2023-01-12T14:33:19Z\" \/>\n<meta name=\"parsely-section\" content=\"Non classifi\u00e9(e)\" \/>\n<meta name=\"parsely-author\" content=\"IPG\" \/>","tracker_url":"https:\/\/cdn.parsely.com\/keys\/itape.com\/p.js"},"jetpack_sharing_enabled":true,"_links":{"self":[{"href":"https:\/\/www.itape.com\/fr\/wp-json\/wp\/v2\/product\/47199","targetHints":{"allow":["GET"]}}],"collection":[{"href":"https:\/\/www.itape.com\/fr\/wp-json\/wp\/v2\/product"}],"about":[{"href":"https:\/\/www.itape.com\/fr\/wp-json\/wp\/v2\/types\/product"}],"replies":[{"embeddable":true,"href":"https:\/\/www.itape.com\/fr\/wp-json\/wp\/v2\/comments?post=47199"}],"wp:featuredmedia":[{"embeddable":true,"href":"https:\/\/www.itape.com\/fr\/wp-json\/wp\/v2\/media\/61171"}],"wp:attachment":[{"href":"https:\/\/www.itape.com\/fr\/wp-json\/wp\/v2\/media?parent=47199"}],"wp:term":[{"taxonomy":"product_brand","embeddable":true,"href":"https:\/\/www.itape.com\/fr\/wp-json\/wp\/v2\/product_brand?post=47199"},{"taxonomy":"product_cat","embeddable":true,"href":"https:\/\/www.itape.com\/fr\/wp-json\/wp\/v2\/product_cat?post=47199"},{"taxonomy":"product_tag","embeddable":true,"href":"https:\/\/www.itape.com\/fr\/wp-json\/wp\/v2\/product_tag?post=47199"},{"taxonomy":"associated_application","embeddable":true,"href":"https:\/\/www.itape.com\/fr\/wp-json\/wp\/v2\/associated_application?post=47199"}],"curies":[{"name":"wp","href":"https:\/\/api.w.org\/{rel}","templated":true}]}}