{"id":47205,"date":"2023-01-12T14:33:25","date_gmt":"2023-01-12T14:33:25","guid":{"rendered":"https:\/\/www.itape.com\/product\/airspace-film-fr\/"},"modified":"2023-03-06T16:57:28","modified_gmt":"2023-03-06T16:57:28","slug":"airspace-film-fr","status":"publish","type":"product","link":"https:\/\/www.itape.com\/fr\/product\/airspace-film-fr\/","title":{"rendered":"AirSpace Film"},"content":{"rendered":"","protected":false},"excerpt":{"rendered":"<p>Film coussin d&rsquo;air haute qualit\u00e9 \u00e0 utiliser avec n&rsquo;importe quel syst\u00e8me gonflable Polyair. Disponible dans une vari\u00e9t\u00e9 de tailles et d&rsquo;\u00e9paisseurs. Disponible dans un film teint\u00e9 personnalis\u00e9 et une impression une couleur (impression \u00e9crite sur chaque coussin d&rsquo;air).<\/p>\n","protected":false},"featured_media":52976,"comment_status":"closed","ping_status":"closed","template":"","meta":{"_acf_changed":false},"product_brand":[],"product_cat":[7704,6167,8268,8268,7706,7748],"product_tag":[8189,8262,8262,6261],"associated_application":[5993,5997,5996,6003,5992,5994,6003,6001,6055,6059,6007,6000],"class_list":{"0":"post-47205","1":"product","2":"type-product","3":"status-publish","4":"has-post-thumbnail","6":"product_cat-conditionnement-protecteur-fr","7":"product_cat-protective-packaging-fr","8":"product_cat-cradle-to-cradle-products-fr","10":"product_cat-sustainable-packaging-fr","11":"product_cat-conditionnement-protecteur-systemes-gonflables-fr","12":"product_tag-airspace-fr","13":"product_tag-cradle-to-cradle-certified-fr","15":"product_tag-inflatable-systems-fr","16":"associated_application-appareil-fr","17":"associated_application-commerce-en-ligne-fr","18":"associated_application-de-consommation-fr","19":"associated_application-demenagement-et-stockage-fr","20":"associated_application-industrie-aerospatiale-fr","21":"associated_application-marche-des-pieces-automobiles-fr","23":"associated_application-processus-general-de-fabrication-fr","24":"associated_application-remplissage-de-vide-gonflable-fr","25":"associated_application-remplissage-de-vide-imprimable-fr","26":"associated_application-secteur-du-transport-fr","27":"associated_application-transformation-alimentaire-fr","29":"first","30":"instock","31":"product-type-simple"},"acf":[],"yoast_head":"<!-- This site is optimized with the Yoast SEO Premium plugin v24.1 (Yoast SEO v27.3) - https:\/\/yoast.com\/product\/yoast-seo-premium-wordpress\/ -->\n<title>AirSpace Film - IPG<\/title>\n<meta name=\"robots\" content=\"index, follow, max-snippet:-1, max-image-preview:large, max-video-preview:-1\" \/>\n<link rel=\"canonical\" href=\"https:\/\/www.itape.com\/fr\/product\/airspace-film-fr\/\" \/>\n<meta property=\"og:locale\" content=\"fr_FR\" \/>\n<meta property=\"og:type\" content=\"article\" \/>\n<meta property=\"og:title\" content=\"AirSpace Film\" \/>\n<meta property=\"og:description\" content=\"Film coussin d&#039;air haute qualit\u00e9 \u00e0 utiliser avec n&#039;importe quel syst\u00e8me gonflable Polyair. Disponible dans une vari\u00e9t\u00e9 de tailles et d&#039;\u00e9paisseurs. Disponible dans un film teint\u00e9 personnalis\u00e9 et une impression une couleur (impression \u00e9crite sur chaque coussin d&#039;air).\" \/>\n<meta property=\"og:url\" content=\"https:\/\/www.itape.com\/fr\/product\/airspace-film-fr\/\" \/>\n<meta property=\"og:site_name\" content=\"IPG\" \/>\n<meta property=\"article:publisher\" content=\"https:\/\/www.facebook.com\/intertape\" \/>\n<meta property=\"article:modified_time\" content=\"2023-03-06T16:57:28+00:00\" \/>\n<meta property=\"og:image\" content=\"https:\/\/www.itape.com\/wp-content\/uploads\/2023\/01\/AirSpace-Film_High.jpg\" \/>\n\t<meta property=\"og:image:width\" content=\"2400\" \/>\n\t<meta property=\"og:image:height\" content=\"2400\" \/>\n\t<meta property=\"og:image:type\" content=\"image\/jpeg\" \/>\n<meta name=\"twitter:card\" content=\"summary_large_image\" \/>\n<meta name=\"twitter:site\" content=\"@IPGtape\" \/>\n<meta name=\"twitter:label1\" content=\"Price\" \/>\n\t<meta name=\"twitter:data1\" content=\"\" \/>\n\t<meta name=\"twitter:label2\" content=\"Availability\" \/>\n\t<meta name=\"twitter:data2\" content=\"In stock\" \/>\n<script type=\"application\/ld+json\" class=\"yoast-schema-graph\">{\"@context\":\"https:\\\/\\\/schema.org\",\"@graph\":[{\"@type\":\"WebPage\",\"@id\":\"https:\\\/\\\/www.itape.com\\\/fr\\\/product\\\/airspace-film-fr\\\/\",\"url\":\"https:\\\/\\\/www.itape.com\\\/fr\\\/product\\\/airspace-film-fr\\\/\",\"name\":\"AirSpace Film - IPG\",\"isPartOf\":{\"@id\":\"https:\\\/\\\/www.itape.com\\\/#website\"},\"primaryImageOfPage\":{\"@id\":\"https:\\\/\\\/www.itape.com\\\/fr\\\/product\\\/airspace-film-fr\\\/#primaryimage\"},\"image\":{\"@id\":\"https:\\\/\\\/www.itape.com\\\/fr\\\/product\\\/airspace-film-fr\\\/#primaryimage\"},\"thumbnailUrl\":\"https:\\\/\\\/www.itape.com\\\/wp-content\\\/uploads\\\/2023\\\/01\\\/AirSpace-Film_High.jpg\",\"datePublished\":\"2023-01-12T14:33:25+00:00\",\"dateModified\":\"2023-03-06T16:57:28+00:00\",\"breadcrumb\":{\"@id\":\"https:\\\/\\\/www.itape.com\\\/fr\\\/product\\\/airspace-film-fr\\\/#breadcrumb\"},\"inLanguage\":\"fr-FR\",\"potentialAction\":[{\"@type\":\"ReadAction\",\"target\":[\"https:\\\/\\\/www.itape.com\\\/fr\\\/product\\\/airspace-film-fr\\\/\"]}]},{\"@type\":\"ImageObject\",\"inLanguage\":\"fr-FR\",\"@id\":\"https:\\\/\\\/www.itape.com\\\/fr\\\/product\\\/airspace-film-fr\\\/#primaryimage\",\"url\":\"https:\\\/\\\/www.itape.com\\\/wp-content\\\/uploads\\\/2023\\\/01\\\/AirSpace-Film_High.jpg\",\"contentUrl\":\"https:\\\/\\\/www.itape.com\\\/wp-content\\\/uploads\\\/2023\\\/01\\\/AirSpace-Film_High.jpg\",\"width\":2400,\"height\":2400,\"caption\":\"AirSpaceFilm_Machines\"},{\"@type\":\"BreadcrumbList\",\"@id\":\"https:\\\/\\\/www.itape.com\\\/fr\\\/product\\\/airspace-film-fr\\\/#breadcrumb\",\"itemListElement\":[{\"@type\":\"ListItem\",\"position\":1,\"name\":\"Home\",\"item\":\"https:\\\/\\\/www.itape.com\\\/fr\\\/\"},{\"@type\":\"ListItem\",\"position\":2,\"name\":\"Products\",\"item\":\"https:\\\/\\\/www.itape.com\\\/products\\\/\"},{\"@type\":\"ListItem\",\"position\":3,\"name\":\"AirSpace Film\"}]},{\"@type\":\"WebSite\",\"@id\":\"https:\\\/\\\/www.itape.com\\\/#website\",\"url\":\"https:\\\/\\\/www.itape.com\\\/\",\"name\":\"IPG\",\"description\":\"Global Leader in Packaging and Protective Solutions\",\"publisher\":{\"@id\":\"https:\\\/\\\/www.itape.com\\\/#organization\"},\"potentialAction\":[{\"@type\":\"SearchAction\",\"target\":{\"@type\":\"EntryPoint\",\"urlTemplate\":\"https:\\\/\\\/www.itape.com\\\/?s={search_term_string}\"},\"query-input\":{\"@type\":\"PropertyValueSpecification\",\"valueRequired\":true,\"valueName\":\"search_term_string\"}}],\"inLanguage\":\"fr-FR\"},{\"@type\":\"Organization\",\"@id\":\"https:\\\/\\\/www.itape.com\\\/#organization\",\"name\":\"IPG\",\"url\":\"https:\\\/\\\/www.itape.com\\\/\",\"logo\":{\"@type\":\"ImageObject\",\"inLanguage\":\"fr-FR\",\"@id\":\"https:\\\/\\\/www.itape.com\\\/#\\\/schema\\\/logo\\\/image\\\/\",\"url\":\"https:\\\/\\\/www.itape.com\\\/wp-content\\\/uploads\\\/2024\\\/06\\\/IPG-logo-2.png\",\"contentUrl\":\"https:\\\/\\\/www.itape.com\\\/wp-content\\\/uploads\\\/2024\\\/06\\\/IPG-logo-2.png\",\"width\":60,\"height\":60,\"caption\":\"IPG\"},\"image\":{\"@id\":\"https:\\\/\\\/www.itape.com\\\/#\\\/schema\\\/logo\\\/image\\\/\"},\"sameAs\":[\"https:\\\/\\\/www.facebook.com\\\/intertape\",\"https:\\\/\\\/x.com\\\/IPGtape\",\"https:\\\/\\\/www.linkedin.com\\\/company\\\/intertape-polymer-group\",\"https:\\\/\\\/www.instagram.com\\\/ipgtape\",\"https:\\\/\\\/www.youtube.com\\\/user\\\/IPGtape\"]}]}<\/script>\n<meta property=\"product:price:currency\" content=\"USD\" \/>\n<meta property=\"og:availability\" content=\"instock\" \/>\n<meta property=\"product:availability\" content=\"instock\" \/>\n<meta property=\"product:retailer_item_id\" content=\"2a849b2febaa\" \/>\n<meta property=\"product:condition\" content=\"new\" \/>\n<!-- \/ Yoast SEO Premium plugin. -->","yoast_head_json":{"title":"AirSpace Film - IPG","robots":{"index":"index","follow":"follow","max-snippet":"max-snippet:-1","max-image-preview":"max-image-preview:large","max-video-preview":"max-video-preview:-1"},"canonical":"https:\/\/www.itape.com\/fr\/product\/airspace-film-fr\/","og_locale":"fr_FR","og_type":"article","og_title":"AirSpace Film","og_description":"Film coussin d'air haute qualit\u00e9 \u00e0 utiliser avec n'importe quel syst\u00e8me gonflable Polyair. Disponible dans une vari\u00e9t\u00e9 de tailles et d'\u00e9paisseurs. Disponible dans un film teint\u00e9 personnalis\u00e9 et une impression une couleur (impression \u00e9crite sur chaque coussin d'air).","og_url":"https:\/\/www.itape.com\/fr\/product\/airspace-film-fr\/","og_site_name":"IPG","article_publisher":"https:\/\/www.facebook.com\/intertape","article_modified_time":"2023-03-06T16:57:28+00:00","og_image":[{"width":2400,"height":2400,"url":"https:\/\/www.itape.com\/wp-content\/uploads\/2023\/01\/AirSpace-Film_High.jpg","type":"image\/jpeg"}],"twitter_card":"summary_large_image","twitter_site":"@IPGtape","twitter_misc":{"Price":"","Availability":"In stock"},"schema":{"@context":"https:\/\/schema.org","@graph":[{"@type":"WebPage","@id":"https:\/\/www.itape.com\/fr\/product\/airspace-film-fr\/","url":"https:\/\/www.itape.com\/fr\/product\/airspace-film-fr\/","name":"AirSpace Film - IPG","isPartOf":{"@id":"https:\/\/www.itape.com\/#website"},"primaryImageOfPage":{"@id":"https:\/\/www.itape.com\/fr\/product\/airspace-film-fr\/#primaryimage"},"image":{"@id":"https:\/\/www.itape.com\/fr\/product\/airspace-film-fr\/#primaryimage"},"thumbnailUrl":"https:\/\/www.itape.com\/wp-content\/uploads\/2023\/01\/AirSpace-Film_High.jpg","datePublished":"2023-01-12T14:33:25+00:00","dateModified":"2023-03-06T16:57:28+00:00","breadcrumb":{"@id":"https:\/\/www.itape.com\/fr\/product\/airspace-film-fr\/#breadcrumb"},"inLanguage":"fr-FR","potentialAction":[{"@type":"ReadAction","target":["https:\/\/www.itape.com\/fr\/product\/airspace-film-fr\/"]}]},{"@type":"ImageObject","inLanguage":"fr-FR","@id":"https:\/\/www.itape.com\/fr\/product\/airspace-film-fr\/#primaryimage","url":"https:\/\/www.itape.com\/wp-content\/uploads\/2023\/01\/AirSpace-Film_High.jpg","contentUrl":"https:\/\/www.itape.com\/wp-content\/uploads\/2023\/01\/AirSpace-Film_High.jpg","width":2400,"height":2400,"caption":"AirSpaceFilm_Machines"},{"@type":"BreadcrumbList","@id":"https:\/\/www.itape.com\/fr\/product\/airspace-film-fr\/#breadcrumb","itemListElement":[{"@type":"ListItem","position":1,"name":"Home","item":"https:\/\/www.itape.com\/fr\/"},{"@type":"ListItem","position":2,"name":"Products","item":"https:\/\/www.itape.com\/products\/"},{"@type":"ListItem","position":3,"name":"AirSpace Film"}]},{"@type":"WebSite","@id":"https:\/\/www.itape.com\/#website","url":"https:\/\/www.itape.com\/","name":"IPG","description":"Global Leader in Packaging and Protective Solutions","publisher":{"@id":"https:\/\/www.itape.com\/#organization"},"potentialAction":[{"@type":"SearchAction","target":{"@type":"EntryPoint","urlTemplate":"https:\/\/www.itape.com\/?s={search_term_string}"},"query-input":{"@type":"PropertyValueSpecification","valueRequired":true,"valueName":"search_term_string"}}],"inLanguage":"fr-FR"},{"@type":"Organization","@id":"https:\/\/www.itape.com\/#organization","name":"IPG","url":"https:\/\/www.itape.com\/","logo":{"@type":"ImageObject","inLanguage":"fr-FR","@id":"https:\/\/www.itape.com\/#\/schema\/logo\/image\/","url":"https:\/\/www.itape.com\/wp-content\/uploads\/2024\/06\/IPG-logo-2.png","contentUrl":"https:\/\/www.itape.com\/wp-content\/uploads\/2024\/06\/IPG-logo-2.png","width":60,"height":60,"caption":"IPG"},"image":{"@id":"https:\/\/www.itape.com\/#\/schema\/logo\/image\/"},"sameAs":["https:\/\/www.facebook.com\/intertape","https:\/\/x.com\/IPGtape","https:\/\/www.linkedin.com\/company\/intertape-polymer-group","https:\/\/www.instagram.com\/ipgtape","https:\/\/www.youtube.com\/user\/IPGtape"]}]},"product_price_currency":"USD","og_availability":"instock","product_availability":"instock","product_retailer_item_id":"2a849b2febaa","product_condition":"new"},"parsely":{"version":"1.1.0","canonical_url":"https:\/\/itape.com\/fr\/product\/airspace-film-fr\/","smart_links":{"inbound":0,"outbound":0},"traffic_boost_suggestions_count":0,"meta":{"@context":"https:\/\/schema.org","@type":"WebPage","headline":"AirSpace Film","url":"https:\/\/www.itape.com\/fr\/product\/airspace-film-fr\/","mainEntityOfPage":{"@type":"WebPage","@id":"https:\/\/www.itape.com\/fr\/product\/airspace-film-fr\/"},"thumbnailUrl":"https:\/\/www.itape.com\/wp-content\/uploads\/2023\/01\/AirSpace-Film_High.jpg?w=150&h=150&crop=1","image":{"@type":"ImageObject","url":"https:\/\/www.itape.com\/wp-content\/uploads\/2023\/01\/AirSpace-Film_High.jpg"},"articleSection":"Non classifi\u00e9(e)","author":[{"@type":"Person","name":"IPG"}],"creator":["IPG"],"publisher":{"@type":"Organization","name":"IPG","logo":"https:\/\/www.itape.com\/wp-content\/uploads\/2023\/03\/IPG-logo-2.png"},"keywords":[],"dateCreated":"2023-01-12T14:33:25Z","datePublished":"2023-01-12T14:33:25Z","dateModified":"2023-03-06T16:57:28Z"},"rendered":"<meta name=\"parsely-title\" content=\"AirSpace Film\" \/>\n<meta name=\"parsely-link\" content=\"https:\/\/www.itape.com\/fr\/product\/airspace-film-fr\/\" \/>\n<meta name=\"parsely-type\" content=\"index\" \/>\n<meta name=\"parsely-image-url\" content=\"https:\/\/www.itape.com\/wp-content\/uploads\/2023\/01\/AirSpace-Film_High.jpg?w=150&amp;h=150&amp;crop=1\" \/>\n<meta name=\"parsely-pub-date\" content=\"2023-01-12T14:33:25Z\" \/>\n<meta name=\"parsely-section\" content=\"Non classifi\u00e9(e)\" \/>\n<meta name=\"parsely-author\" content=\"IPG\" \/>","tracker_url":"https:\/\/cdn.parsely.com\/keys\/itape.com\/p.js"},"jetpack_sharing_enabled":true,"_links":{"self":[{"href":"https:\/\/www.itape.com\/fr\/wp-json\/wp\/v2\/product\/47205","targetHints":{"allow":["GET"]}}],"collection":[{"href":"https:\/\/www.itape.com\/fr\/wp-json\/wp\/v2\/product"}],"about":[{"href":"https:\/\/www.itape.com\/fr\/wp-json\/wp\/v2\/types\/product"}],"replies":[{"embeddable":true,"href":"https:\/\/www.itape.com\/fr\/wp-json\/wp\/v2\/comments?post=47205"}],"wp:featuredmedia":[{"embeddable":true,"href":"https:\/\/www.itape.com\/fr\/wp-json\/wp\/v2\/media\/52976"}],"wp:attachment":[{"href":"https:\/\/www.itape.com\/fr\/wp-json\/wp\/v2\/media?parent=47205"}],"wp:term":[{"taxonomy":"product_brand","embeddable":true,"href":"https:\/\/www.itape.com\/fr\/wp-json\/wp\/v2\/product_brand?post=47205"},{"taxonomy":"product_cat","embeddable":true,"href":"https:\/\/www.itape.com\/fr\/wp-json\/wp\/v2\/product_cat?post=47205"},{"taxonomy":"product_tag","embeddable":true,"href":"https:\/\/www.itape.com\/fr\/wp-json\/wp\/v2\/product_tag?post=47205"},{"taxonomy":"associated_application","embeddable":true,"href":"https:\/\/www.itape.com\/fr\/wp-json\/wp\/v2\/associated_application?post=47205"}],"curies":[{"name":"wp","href":"https:\/\/api.w.org\/{rel}","templated":true}]}}