{"id":47208,"date":"2023-01-12T14:33:25","date_gmt":"2023-01-12T14:33:25","guid":{"rendered":"https:\/\/www.itape.com\/product\/paperspace-x-fill-fr-2\/"},"modified":"2023-05-03T13:41:11","modified_gmt":"2023-05-03T13:41:11","slug":"paperspace-x-fill-2","status":"publish","type":"product","link":"https:\/\/www.itape.com\/fr\/product\/paperspace-x-fill-2\/","title":{"rendered":"PaperSpace X-Fill"},"content":{"rendered":"<div class=\"prose\">Id\u00e9al pour le blocage et le calage, le coussinage, l&#8217;emballage et le remplissage des vides.<\/div>\n","protected":false},"excerpt":{"rendered":"<p>Anim\u00e9 par Nuevopak, le syst\u00e8me PaperSpace X-Fill\u2122 est le meilleur moyen de proc\u00e9der \u00e0 un remplissage de vide papier. Il s&rsquo;agit de l&rsquo;un des syst\u00e8me de remplissage de vide papier les plus efficaces et conviviaux sur le march\u00e9. X-Fill offre des vitesses de d\u00e9bit \u00e9lev\u00e9es, avec peu de maintenance et de temps d&rsquo;arr\u00eat. X-Fill est disponible dans deux configurations\u00a0: un mod\u00e8le sur sol et un mod\u00e8le sur table. Les deux mod\u00e8les s&rsquo;ajustent \u00e0 une plage de hauteurs et d&rsquo;angles personnalis\u00e9s pour g\u00e9rer m\u00eame les environnements d&#8217;emballage les plus difficiles.<\/p>\n","protected":false},"featured_media":52662,"comment_status":"closed","ping_status":"closed","template":"","meta":{"_acf_changed":false},"product_brand":[],"product_cat":[6167,8268,6152,7706,7750,7756],"product_tag":[8262,8262,6262],"associated_application":[5993,5997,5996,6003,5992,5994,6001,6057,6007,6000],"class_list":{"0":"post-47208","1":"product","2":"type-product","3":"status-publish","4":"has-post-thumbnail","6":"product_cat-protective-packaging-fr","7":"product_cat-cradle-to-cradle-products-fr","8":"product_cat-curby-curbside-recyclable-fr","9":"product_cat-sustainable-packaging-fr","10":"product_cat-conditionnement-protecteur-systemes-de-papier-fr","11":"product_cat-sustainable-packaging-systemes-de-papier-fr","12":"product_tag-cradle-to-cradle-certified-fr","14":"product_tag-paper-systems-fr","15":"associated_application-appareil-fr","16":"associated_application-commerce-en-ligne-fr","17":"associated_application-de-consommation-fr","18":"associated_application-demenagement-et-stockage-fr","19":"associated_application-industrie-aerospatiale-fr","20":"associated_application-marche-des-pieces-automobiles-fr","21":"associated_application-processus-general-de-fabrication-fr","22":"associated_application-remplissage-de-vide-papier-fr","23":"associated_application-secteur-du-transport-fr","24":"associated_application-transformation-alimentaire-fr","26":"first","27":"instock","28":"product-type-simple"},"acf":[],"yoast_head":"<!-- This site is optimized with the Yoast SEO Premium plugin v24.1 (Yoast SEO v27.0) - https:\/\/yoast.com\/product\/yoast-seo-premium-wordpress\/ -->\n<title>PaperSpace X-Fill - IPG<\/title>\n<meta name=\"robots\" content=\"index, follow, max-snippet:-1, max-image-preview:large, max-video-preview:-1\" \/>\n<link rel=\"canonical\" href=\"https:\/\/www.itape.com\/fr\/product\/paperspace-x-fill-2\/\" \/>\n<meta property=\"og:locale\" content=\"fr_FR\" \/>\n<meta property=\"og:type\" content=\"article\" \/>\n<meta property=\"og:title\" content=\"PaperSpace X-Fill\" \/>\n<meta property=\"og:description\" content=\"Anim\u00e9 par Nuevopak, le syst\u00e8me PaperSpace X-Fill\u2122 est le meilleur moyen de proc\u00e9der \u00e0 un remplissage de vide papier. Il s&#039;agit de l&#039;un des syst\u00e8me de remplissage de vide papier les plus efficaces et conviviaux sur le march\u00e9. X-Fill offre des vitesses de d\u00e9bit \u00e9lev\u00e9es, avec peu de maintenance et de temps d&#039;arr\u00eat. X-Fill est disponible dans deux configurations\u00a0: un mod\u00e8le sur sol et un mod\u00e8le sur table. Les deux mod\u00e8les s&#039;ajustent \u00e0 une plage de hauteurs et d&#039;angles personnalis\u00e9s pour g\u00e9rer m\u00eame les environnements d&#039;emballage les plus difficiles.\" \/>\n<meta property=\"og:url\" content=\"https:\/\/www.itape.com\/fr\/product\/paperspace-x-fill-2\/\" \/>\n<meta property=\"og:site_name\" content=\"IPG\" \/>\n<meta property=\"article:publisher\" content=\"https:\/\/www.facebook.com\/intertape\" \/>\n<meta property=\"article:modified_time\" content=\"2023-05-03T13:41:11+00:00\" \/>\n<meta property=\"og:image\" content=\"https:\/\/www.itape.com\/wp-content\/uploads\/2023\/01\/XFill_High.jpg\" \/>\n\t<meta property=\"og:image:width\" content=\"2400\" \/>\n\t<meta property=\"og:image:height\" content=\"2400\" \/>\n\t<meta property=\"og:image:type\" content=\"image\/jpeg\" \/>\n<meta name=\"twitter:card\" content=\"summary_large_image\" \/>\n<meta name=\"twitter:site\" content=\"@IPGtape\" \/>\n<meta name=\"twitter:label1\" content=\"Price\" \/>\n\t<meta name=\"twitter:data1\" content=\"\" \/>\n\t<meta name=\"twitter:label2\" content=\"Availability\" \/>\n\t<meta name=\"twitter:data2\" content=\"In stock\" \/>\n<script type=\"application\/ld+json\" class=\"yoast-schema-graph\">{\"@context\":\"https:\/\/schema.org\",\"@graph\":[{\"@type\":\"WebPage\",\"@id\":\"https:\/\/www.itape.com\/fr\/product\/paperspace-x-fill-2\/\",\"url\":\"https:\/\/www.itape.com\/fr\/product\/paperspace-x-fill-2\/\",\"name\":\"PaperSpace X-Fill - IPG\",\"isPartOf\":{\"@id\":\"https:\/\/www.itape.com\/#website\"},\"primaryImageOfPage\":{\"@id\":\"https:\/\/www.itape.com\/fr\/product\/paperspace-x-fill-2\/#primaryimage\"},\"image\":{\"@id\":\"https:\/\/www.itape.com\/fr\/product\/paperspace-x-fill-2\/#primaryimage\"},\"thumbnailUrl\":\"https:\/\/www.itape.com\/wp-content\/uploads\/2023\/01\/XFill_High.jpg\",\"datePublished\":\"2023-01-12T14:33:25+00:00\",\"dateModified\":\"2023-05-03T13:41:11+00:00\",\"breadcrumb\":{\"@id\":\"https:\/\/www.itape.com\/fr\/product\/paperspace-x-fill-2\/#breadcrumb\"},\"inLanguage\":\"fr-FR\",\"potentialAction\":[{\"@type\":\"ReadAction\",\"target\":[\"https:\/\/www.itape.com\/fr\/product\/paperspace-x-fill-2\/\"]}]},{\"@type\":\"ImageObject\",\"inLanguage\":\"fr-FR\",\"@id\":\"https:\/\/www.itape.com\/fr\/product\/paperspace-x-fill-2\/#primaryimage\",\"url\":\"https:\/\/www.itape.com\/wp-content\/uploads\/2023\/01\/XFill_High.jpg\",\"contentUrl\":\"https:\/\/www.itape.com\/wp-content\/uploads\/2023\/01\/XFill_High.jpg\",\"width\":2400,\"height\":2400,\"caption\":\"X-Fill_PaperSystem\"},{\"@type\":\"BreadcrumbList\",\"@id\":\"https:\/\/www.itape.com\/fr\/product\/paperspace-x-fill-2\/#breadcrumb\",\"itemListElement\":[{\"@type\":\"ListItem\",\"position\":1,\"name\":\"Home\",\"item\":\"https:\/\/www.itape.com\/fr\/\"},{\"@type\":\"ListItem\",\"position\":2,\"name\":\"Products\",\"item\":\"https:\/\/www.itape.com\/products\/\"},{\"@type\":\"ListItem\",\"position\":3,\"name\":\"PaperSpace X-Fill\"}]},{\"@type\":\"WebSite\",\"@id\":\"https:\/\/www.itape.com\/#website\",\"url\":\"https:\/\/www.itape.com\/\",\"name\":\"IPG\",\"description\":\"Global Leader in Packaging and Protective Solutions\",\"publisher\":{\"@id\":\"https:\/\/www.itape.com\/#organization\"},\"potentialAction\":[{\"@type\":\"SearchAction\",\"target\":{\"@type\":\"EntryPoint\",\"urlTemplate\":\"https:\/\/www.itape.com\/?s={search_term_string}\"},\"query-input\":{\"@type\":\"PropertyValueSpecification\",\"valueRequired\":true,\"valueName\":\"search_term_string\"}}],\"inLanguage\":\"fr-FR\"},{\"@type\":\"Organization\",\"@id\":\"https:\/\/www.itape.com\/#organization\",\"name\":\"IPG\",\"url\":\"https:\/\/www.itape.com\/\",\"logo\":{\"@type\":\"ImageObject\",\"inLanguage\":\"fr-FR\",\"@id\":\"https:\/\/www.itape.com\/#\/schema\/logo\/image\/\",\"url\":\"https:\/\/www.itape.com\/wp-content\/uploads\/2024\/06\/IPG-logo-2.png\",\"contentUrl\":\"https:\/\/www.itape.com\/wp-content\/uploads\/2024\/06\/IPG-logo-2.png\",\"width\":60,\"height\":60,\"caption\":\"IPG\"},\"image\":{\"@id\":\"https:\/\/www.itape.com\/#\/schema\/logo\/image\/\"},\"sameAs\":[\"https:\/\/www.facebook.com\/intertape\",\"https:\/\/x.com\/IPGtape\",\"https:\/\/www.linkedin.com\/company\/intertape-polymer-group\",\"https:\/\/www.instagram.com\/ipgtape\",\"https:\/\/www.youtube.com\/user\/IPGtape\"]}]}<\/script>\n<meta property=\"product:price:currency\" content=\"USD\" \/>\n<meta property=\"og:availability\" content=\"instock\" \/>\n<meta property=\"product:availability\" content=\"instock\" \/>\n<meta property=\"product:retailer_item_id\" content=\"9b7949e71eb1\" \/>\n<meta property=\"product:condition\" content=\"new\" \/>\n<!-- \/ Yoast SEO Premium plugin. -->","yoast_head_json":{"title":"PaperSpace X-Fill - IPG","robots":{"index":"index","follow":"follow","max-snippet":"max-snippet:-1","max-image-preview":"max-image-preview:large","max-video-preview":"max-video-preview:-1"},"canonical":"https:\/\/www.itape.com\/fr\/product\/paperspace-x-fill-2\/","og_locale":"fr_FR","og_type":"article","og_title":"PaperSpace X-Fill","og_description":"Anim\u00e9 par Nuevopak, le syst\u00e8me PaperSpace X-Fill\u2122 est le meilleur moyen de proc\u00e9der \u00e0 un remplissage de vide papier. Il s'agit de l'un des syst\u00e8me de remplissage de vide papier les plus efficaces et conviviaux sur le march\u00e9. X-Fill offre des vitesses de d\u00e9bit \u00e9lev\u00e9es, avec peu de maintenance et de temps d'arr\u00eat. X-Fill est disponible dans deux configurations\u00a0: un mod\u00e8le sur sol et un mod\u00e8le sur table. Les deux mod\u00e8les s'ajustent \u00e0 une plage de hauteurs et d'angles personnalis\u00e9s pour g\u00e9rer m\u00eame les environnements d'emballage les plus difficiles.","og_url":"https:\/\/www.itape.com\/fr\/product\/paperspace-x-fill-2\/","og_site_name":"IPG","article_publisher":"https:\/\/www.facebook.com\/intertape","article_modified_time":"2023-05-03T13:41:11+00:00","og_image":[{"width":2400,"height":2400,"url":"https:\/\/www.itape.com\/wp-content\/uploads\/2023\/01\/XFill_High.jpg","type":"image\/jpeg"}],"twitter_card":"summary_large_image","twitter_site":"@IPGtape","twitter_misc":{"Price":"","Availability":"In stock"},"schema":{"@context":"https:\/\/schema.org","@graph":[{"@type":"WebPage","@id":"https:\/\/www.itape.com\/fr\/product\/paperspace-x-fill-2\/","url":"https:\/\/www.itape.com\/fr\/product\/paperspace-x-fill-2\/","name":"PaperSpace X-Fill - IPG","isPartOf":{"@id":"https:\/\/www.itape.com\/#website"},"primaryImageOfPage":{"@id":"https:\/\/www.itape.com\/fr\/product\/paperspace-x-fill-2\/#primaryimage"},"image":{"@id":"https:\/\/www.itape.com\/fr\/product\/paperspace-x-fill-2\/#primaryimage"},"thumbnailUrl":"https:\/\/www.itape.com\/wp-content\/uploads\/2023\/01\/XFill_High.jpg","datePublished":"2023-01-12T14:33:25+00:00","dateModified":"2023-05-03T13:41:11+00:00","breadcrumb":{"@id":"https:\/\/www.itape.com\/fr\/product\/paperspace-x-fill-2\/#breadcrumb"},"inLanguage":"fr-FR","potentialAction":[{"@type":"ReadAction","target":["https:\/\/www.itape.com\/fr\/product\/paperspace-x-fill-2\/"]}]},{"@type":"ImageObject","inLanguage":"fr-FR","@id":"https:\/\/www.itape.com\/fr\/product\/paperspace-x-fill-2\/#primaryimage","url":"https:\/\/www.itape.com\/wp-content\/uploads\/2023\/01\/XFill_High.jpg","contentUrl":"https:\/\/www.itape.com\/wp-content\/uploads\/2023\/01\/XFill_High.jpg","width":2400,"height":2400,"caption":"X-Fill_PaperSystem"},{"@type":"BreadcrumbList","@id":"https:\/\/www.itape.com\/fr\/product\/paperspace-x-fill-2\/#breadcrumb","itemListElement":[{"@type":"ListItem","position":1,"name":"Home","item":"https:\/\/www.itape.com\/fr\/"},{"@type":"ListItem","position":2,"name":"Products","item":"https:\/\/www.itape.com\/products\/"},{"@type":"ListItem","position":3,"name":"PaperSpace X-Fill"}]},{"@type":"WebSite","@id":"https:\/\/www.itape.com\/#website","url":"https:\/\/www.itape.com\/","name":"IPG","description":"Global Leader in Packaging and Protective Solutions","publisher":{"@id":"https:\/\/www.itape.com\/#organization"},"potentialAction":[{"@type":"SearchAction","target":{"@type":"EntryPoint","urlTemplate":"https:\/\/www.itape.com\/?s={search_term_string}"},"query-input":{"@type":"PropertyValueSpecification","valueRequired":true,"valueName":"search_term_string"}}],"inLanguage":"fr-FR"},{"@type":"Organization","@id":"https:\/\/www.itape.com\/#organization","name":"IPG","url":"https:\/\/www.itape.com\/","logo":{"@type":"ImageObject","inLanguage":"fr-FR","@id":"https:\/\/www.itape.com\/#\/schema\/logo\/image\/","url":"https:\/\/www.itape.com\/wp-content\/uploads\/2024\/06\/IPG-logo-2.png","contentUrl":"https:\/\/www.itape.com\/wp-content\/uploads\/2024\/06\/IPG-logo-2.png","width":60,"height":60,"caption":"IPG"},"image":{"@id":"https:\/\/www.itape.com\/#\/schema\/logo\/image\/"},"sameAs":["https:\/\/www.facebook.com\/intertape","https:\/\/x.com\/IPGtape","https:\/\/www.linkedin.com\/company\/intertape-polymer-group","https:\/\/www.instagram.com\/ipgtape","https:\/\/www.youtube.com\/user\/IPGtape"]}]},"product_price_currency":"USD","og_availability":"instock","product_availability":"instock","product_retailer_item_id":"9b7949e71eb1","product_condition":"new"},"parsely":{"version":"1.1.0","canonical_url":"https:\/\/itape.com\/fr\/product\/paperspace-x-fill-2\/","smart_links":{"inbound":0,"outbound":0},"traffic_boost_suggestions_count":0,"meta":{"@context":"https:\/\/schema.org","@type":"WebPage","headline":"PaperSpace X-Fill","url":"https:\/\/www.itape.com\/fr\/product\/paperspace-x-fill-2\/","mainEntityOfPage":{"@type":"WebPage","@id":"https:\/\/www.itape.com\/fr\/product\/paperspace-x-fill-2\/"},"thumbnailUrl":"https:\/\/www.itape.com\/wp-content\/uploads\/2023\/01\/XFill_High.jpg?w=150&h=150&crop=1","image":{"@type":"ImageObject","url":"https:\/\/www.itape.com\/wp-content\/uploads\/2023\/01\/XFill_High.jpg"},"articleSection":"Non classifi\u00e9(e)","author":[{"@type":"Person","name":"IPG"}],"creator":["IPG"],"publisher":{"@type":"Organization","name":"IPG","logo":"https:\/\/www.itape.com\/wp-content\/uploads\/2023\/03\/IPG-logo-2.png"},"keywords":[],"dateCreated":"2023-01-12T14:33:25Z","datePublished":"2023-01-12T14:33:25Z","dateModified":"2023-05-03T13:41:11Z"},"rendered":"<meta name=\"parsely-title\" content=\"PaperSpace X-Fill\" \/>\n<meta name=\"parsely-link\" content=\"https:\/\/www.itape.com\/fr\/product\/paperspace-x-fill-2\/\" \/>\n<meta name=\"parsely-type\" content=\"index\" \/>\n<meta name=\"parsely-image-url\" content=\"https:\/\/www.itape.com\/wp-content\/uploads\/2023\/01\/XFill_High.jpg?w=150&amp;h=150&amp;crop=1\" \/>\n<meta name=\"parsely-pub-date\" content=\"2023-01-12T14:33:25Z\" \/>\n<meta name=\"parsely-section\" content=\"Non classifi\u00e9(e)\" \/>\n<meta name=\"parsely-author\" content=\"IPG\" \/>","tracker_url":"https:\/\/cdn.parsely.com\/keys\/itape.com\/p.js"},"jetpack_sharing_enabled":true,"_links":{"self":[{"href":"https:\/\/www.itape.com\/fr\/wp-json\/wp\/v2\/product\/47208","targetHints":{"allow":["GET"]}}],"collection":[{"href":"https:\/\/www.itape.com\/fr\/wp-json\/wp\/v2\/product"}],"about":[{"href":"https:\/\/www.itape.com\/fr\/wp-json\/wp\/v2\/types\/product"}],"replies":[{"embeddable":true,"href":"https:\/\/www.itape.com\/fr\/wp-json\/wp\/v2\/comments?post=47208"}],"wp:featuredmedia":[{"embeddable":true,"href":"https:\/\/www.itape.com\/fr\/wp-json\/wp\/v2\/media\/52662"}],"wp:attachment":[{"href":"https:\/\/www.itape.com\/fr\/wp-json\/wp\/v2\/media?parent=47208"}],"wp:term":[{"taxonomy":"product_brand","embeddable":true,"href":"https:\/\/www.itape.com\/fr\/wp-json\/wp\/v2\/product_brand?post=47208"},{"taxonomy":"product_cat","embeddable":true,"href":"https:\/\/www.itape.com\/fr\/wp-json\/wp\/v2\/product_cat?post=47208"},{"taxonomy":"product_tag","embeddable":true,"href":"https:\/\/www.itape.com\/fr\/wp-json\/wp\/v2\/product_tag?post=47208"},{"taxonomy":"associated_application","embeddable":true,"href":"https:\/\/www.itape.com\/fr\/wp-json\/wp\/v2\/associated_application?post=47208"}],"curies":[{"name":"wp","href":"https:\/\/api.w.org\/{rel}","templated":true}]}}