{"id":47209,"date":"2023-01-12T14:33:25","date_gmt":"2023-01-12T14:33:25","guid":{"rendered":"https:\/\/www.itape.com\/product\/paperspace-x-fill-pro-fr-2\/"},"modified":"2023-10-19T16:13:59","modified_gmt":"2023-10-19T16:13:59","slug":"paperspace-x-fill-pro-2","status":"publish","type":"product","link":"https:\/\/www.itape.com\/fr\/product\/paperspace-x-fill-pro-2\/","title":{"rendered":"PaperSpace X-Fill Pro"},"content":{"rendered":"<div class=\"prose\">Id\u00e9al pour le blocage et le calage, le coussinage, l&#8217;emballage et le remplissage des vides.<\/div>\n","protected":false},"excerpt":{"rendered":"<p>Anim\u00e9 par Nuevopak, le syst\u00e8me PaperSpace X-Fill\u2122 Pro est con\u00e7u pour les applications de remplissage de vide \u00e0 gros volume. Sa vitesse de 12\u00a0649\u00a0cm\/minute combin\u00e9e \u00e0 des groupes de 76\u00a0cm de large r\u00e9pond aux besoins de remplissage de vide les plus exigeants. X-Fill Pro est l\u2019un des syst\u00e8mes de remplissage de vide les plus fiables et efficaces sur le march\u00e9 et s\u2019accompagne d\u2019un \u00e9ventail de hauteurs et d\u2019angles personnalis\u00e9s pour g\u00e9rer m\u00eame les environnements d\u2019emballage les plus difficiles.<\/p>\n","protected":false},"featured_media":53199,"comment_status":"closed","ping_status":"closed","template":"","meta":{"_acf_changed":false},"product_brand":[],"product_cat":[6167,8268,6152,7706,7750,7756],"product_tag":[8262,8262,6262],"associated_application":[5993,5997,5996,6003,5992,5994,6001,6057,6007,6000],"class_list":{"0":"post-47209","1":"product","2":"type-product","3":"status-publish","4":"has-post-thumbnail","6":"product_cat-protective-packaging-fr","7":"product_cat-cradle-to-cradle-products-fr","8":"product_cat-curby-curbside-recyclable-fr","9":"product_cat-sustainable-packaging-fr","10":"product_cat-conditionnement-protecteur-systemes-de-papier-fr","11":"product_cat-sustainable-packaging-systemes-de-papier-fr","12":"product_tag-cradle-to-cradle-certified-fr","14":"product_tag-paper-systems-fr","15":"associated_application-appareil-fr","16":"associated_application-commerce-en-ligne-fr","17":"associated_application-de-consommation-fr","18":"associated_application-demenagement-et-stockage-fr","19":"associated_application-industrie-aerospatiale-fr","20":"associated_application-marche-des-pieces-automobiles-fr","21":"associated_application-processus-general-de-fabrication-fr","22":"associated_application-remplissage-de-vide-papier-fr","23":"associated_application-secteur-du-transport-fr","24":"associated_application-transformation-alimentaire-fr","26":"first","27":"instock","28":"product-type-simple"},"acf":[],"yoast_head":"<!-- This site is optimized with the Yoast SEO Premium plugin v24.1 (Yoast SEO v27.0) - https:\/\/yoast.com\/product\/yoast-seo-premium-wordpress\/ -->\n<title>PaperSpace X-Fill Pro - IPG<\/title>\n<meta name=\"description\" content=\"PaperSpace X-Fill Pro void fill systems comes with a range of customized heights and angles to handle even the most challenging packaging environments.\" \/>\n<meta name=\"robots\" content=\"index, follow, max-snippet:-1, max-image-preview:large, max-video-preview:-1\" \/>\n<link rel=\"canonical\" href=\"https:\/\/www.itape.com\/fr\/product\/paperspace-x-fill-pro-2\/\" \/>\n<meta property=\"og:locale\" content=\"fr_FR\" \/>\n<meta property=\"og:type\" content=\"article\" \/>\n<meta property=\"og:title\" content=\"PaperSpace X-Fill Pro\" \/>\n<meta property=\"og:description\" content=\"PaperSpace X-Fill Pro void fill systems comes with a range of customized heights and angles to handle even the most challenging packaging environments.\" \/>\n<meta property=\"og:url\" content=\"https:\/\/www.itape.com\/fr\/product\/paperspace-x-fill-pro-2\/\" \/>\n<meta property=\"og:site_name\" content=\"IPG\" \/>\n<meta property=\"article:publisher\" content=\"https:\/\/www.facebook.com\/intertape\" \/>\n<meta property=\"article:modified_time\" content=\"2023-10-19T16:13:59+00:00\" \/>\n<meta property=\"og:image\" content=\"https:\/\/www.itape.com\/wp-content\/uploads\/2023\/01\/PaperSpace-X-FillPro_high-1.jpg\" \/>\n\t<meta property=\"og:image:width\" content=\"2400\" \/>\n\t<meta property=\"og:image:height\" content=\"2400\" \/>\n\t<meta property=\"og:image:type\" content=\"image\/jpeg\" \/>\n<meta name=\"twitter:card\" content=\"summary_large_image\" \/>\n<meta name=\"twitter:site\" content=\"@IPGtape\" \/>\n<meta name=\"twitter:label1\" content=\"Price\" \/>\n\t<meta name=\"twitter:data1\" content=\"\" \/>\n\t<meta name=\"twitter:label2\" content=\"Availability\" \/>\n\t<meta name=\"twitter:data2\" content=\"In stock\" \/>\n<script type=\"application\/ld+json\" class=\"yoast-schema-graph\">{\"@context\":\"https:\/\/schema.org\",\"@graph\":[{\"@type\":\"WebPage\",\"@id\":\"https:\/\/www.itape.com\/fr\/product\/paperspace-x-fill-pro-2\/\",\"url\":\"https:\/\/www.itape.com\/fr\/product\/paperspace-x-fill-pro-2\/\",\"name\":\"PaperSpace X-Fill Pro - IPG\",\"isPartOf\":{\"@id\":\"https:\/\/www.itape.com\/#website\"},\"primaryImageOfPage\":{\"@id\":\"https:\/\/www.itape.com\/fr\/product\/paperspace-x-fill-pro-2\/#primaryimage\"},\"image\":{\"@id\":\"https:\/\/www.itape.com\/fr\/product\/paperspace-x-fill-pro-2\/#primaryimage\"},\"thumbnailUrl\":\"https:\/\/www.itape.com\/wp-content\/uploads\/2023\/01\/PaperSpace-X-FillPro_high-1.jpg\",\"datePublished\":\"2023-01-12T14:33:25+00:00\",\"dateModified\":\"2023-10-19T16:13:59+00:00\",\"description\":\"PaperSpace X-Fill Pro void fill systems comes with a range of customized heights and angles to handle even the most challenging packaging environments.\",\"breadcrumb\":{\"@id\":\"https:\/\/www.itape.com\/fr\/product\/paperspace-x-fill-pro-2\/#breadcrumb\"},\"inLanguage\":\"fr-FR\",\"potentialAction\":[{\"@type\":\"ReadAction\",\"target\":[\"https:\/\/www.itape.com\/fr\/product\/paperspace-x-fill-pro-2\/\"]}]},{\"@type\":\"ImageObject\",\"inLanguage\":\"fr-FR\",\"@id\":\"https:\/\/www.itape.com\/fr\/product\/paperspace-x-fill-pro-2\/#primaryimage\",\"url\":\"https:\/\/www.itape.com\/wp-content\/uploads\/2023\/01\/PaperSpace-X-FillPro_high-1.jpg\",\"contentUrl\":\"https:\/\/www.itape.com\/wp-content\/uploads\/2023\/01\/PaperSpace-X-FillPro_high-1.jpg\",\"width\":2400,\"height\":2400,\"caption\":\"PaperSpace-X-FillPro_systems\"},{\"@type\":\"BreadcrumbList\",\"@id\":\"https:\/\/www.itape.com\/fr\/product\/paperspace-x-fill-pro-2\/#breadcrumb\",\"itemListElement\":[{\"@type\":\"ListItem\",\"position\":1,\"name\":\"Home\",\"item\":\"https:\/\/www.itape.com\/fr\/\"},{\"@type\":\"ListItem\",\"position\":2,\"name\":\"Products\",\"item\":\"https:\/\/www.itape.com\/products\/\"},{\"@type\":\"ListItem\",\"position\":3,\"name\":\"PaperSpace X-Fill Pro\"}]},{\"@type\":\"WebSite\",\"@id\":\"https:\/\/www.itape.com\/#website\",\"url\":\"https:\/\/www.itape.com\/\",\"name\":\"IPG\",\"description\":\"Global Leader in Packaging and Protective Solutions\",\"publisher\":{\"@id\":\"https:\/\/www.itape.com\/#organization\"},\"potentialAction\":[{\"@type\":\"SearchAction\",\"target\":{\"@type\":\"EntryPoint\",\"urlTemplate\":\"https:\/\/www.itape.com\/?s={search_term_string}\"},\"query-input\":{\"@type\":\"PropertyValueSpecification\",\"valueRequired\":true,\"valueName\":\"search_term_string\"}}],\"inLanguage\":\"fr-FR\"},{\"@type\":\"Organization\",\"@id\":\"https:\/\/www.itape.com\/#organization\",\"name\":\"IPG\",\"url\":\"https:\/\/www.itape.com\/\",\"logo\":{\"@type\":\"ImageObject\",\"inLanguage\":\"fr-FR\",\"@id\":\"https:\/\/www.itape.com\/#\/schema\/logo\/image\/\",\"url\":\"https:\/\/www.itape.com\/wp-content\/uploads\/2024\/06\/IPG-logo-2.png\",\"contentUrl\":\"https:\/\/www.itape.com\/wp-content\/uploads\/2024\/06\/IPG-logo-2.png\",\"width\":60,\"height\":60,\"caption\":\"IPG\"},\"image\":{\"@id\":\"https:\/\/www.itape.com\/#\/schema\/logo\/image\/\"},\"sameAs\":[\"https:\/\/www.facebook.com\/intertape\",\"https:\/\/x.com\/IPGtape\",\"https:\/\/www.linkedin.com\/company\/intertape-polymer-group\",\"https:\/\/www.instagram.com\/ipgtape\",\"https:\/\/www.youtube.com\/user\/IPGtape\"]}]}<\/script>\n<meta property=\"product:price:currency\" content=\"USD\" \/>\n<meta property=\"og:availability\" content=\"instock\" \/>\n<meta property=\"product:availability\" content=\"instock\" \/>\n<meta property=\"product:retailer_item_id\" content=\"16c122e1b9bb\" \/>\n<meta property=\"product:condition\" content=\"new\" \/>\n<!-- \/ Yoast SEO Premium plugin. -->","yoast_head_json":{"title":"PaperSpace X-Fill Pro - IPG","description":"PaperSpace X-Fill Pro void fill systems comes with a range of customized heights and angles to handle even the most challenging packaging environments.","robots":{"index":"index","follow":"follow","max-snippet":"max-snippet:-1","max-image-preview":"max-image-preview:large","max-video-preview":"max-video-preview:-1"},"canonical":"https:\/\/www.itape.com\/fr\/product\/paperspace-x-fill-pro-2\/","og_locale":"fr_FR","og_type":"article","og_title":"PaperSpace X-Fill Pro","og_description":"PaperSpace X-Fill Pro void fill systems comes with a range of customized heights and angles to handle even the most challenging packaging environments.","og_url":"https:\/\/www.itape.com\/fr\/product\/paperspace-x-fill-pro-2\/","og_site_name":"IPG","article_publisher":"https:\/\/www.facebook.com\/intertape","article_modified_time":"2023-10-19T16:13:59+00:00","og_image":[{"width":2400,"height":2400,"url":"https:\/\/www.itape.com\/wp-content\/uploads\/2023\/01\/PaperSpace-X-FillPro_high-1.jpg","type":"image\/jpeg"}],"twitter_card":"summary_large_image","twitter_site":"@IPGtape","twitter_misc":{"Price":"","Availability":"In stock"},"schema":{"@context":"https:\/\/schema.org","@graph":[{"@type":"WebPage","@id":"https:\/\/www.itape.com\/fr\/product\/paperspace-x-fill-pro-2\/","url":"https:\/\/www.itape.com\/fr\/product\/paperspace-x-fill-pro-2\/","name":"PaperSpace X-Fill Pro - IPG","isPartOf":{"@id":"https:\/\/www.itape.com\/#website"},"primaryImageOfPage":{"@id":"https:\/\/www.itape.com\/fr\/product\/paperspace-x-fill-pro-2\/#primaryimage"},"image":{"@id":"https:\/\/www.itape.com\/fr\/product\/paperspace-x-fill-pro-2\/#primaryimage"},"thumbnailUrl":"https:\/\/www.itape.com\/wp-content\/uploads\/2023\/01\/PaperSpace-X-FillPro_high-1.jpg","datePublished":"2023-01-12T14:33:25+00:00","dateModified":"2023-10-19T16:13:59+00:00","description":"PaperSpace X-Fill Pro void fill systems comes with a range of customized heights and angles to handle even the most challenging packaging environments.","breadcrumb":{"@id":"https:\/\/www.itape.com\/fr\/product\/paperspace-x-fill-pro-2\/#breadcrumb"},"inLanguage":"fr-FR","potentialAction":[{"@type":"ReadAction","target":["https:\/\/www.itape.com\/fr\/product\/paperspace-x-fill-pro-2\/"]}]},{"@type":"ImageObject","inLanguage":"fr-FR","@id":"https:\/\/www.itape.com\/fr\/product\/paperspace-x-fill-pro-2\/#primaryimage","url":"https:\/\/www.itape.com\/wp-content\/uploads\/2023\/01\/PaperSpace-X-FillPro_high-1.jpg","contentUrl":"https:\/\/www.itape.com\/wp-content\/uploads\/2023\/01\/PaperSpace-X-FillPro_high-1.jpg","width":2400,"height":2400,"caption":"PaperSpace-X-FillPro_systems"},{"@type":"BreadcrumbList","@id":"https:\/\/www.itape.com\/fr\/product\/paperspace-x-fill-pro-2\/#breadcrumb","itemListElement":[{"@type":"ListItem","position":1,"name":"Home","item":"https:\/\/www.itape.com\/fr\/"},{"@type":"ListItem","position":2,"name":"Products","item":"https:\/\/www.itape.com\/products\/"},{"@type":"ListItem","position":3,"name":"PaperSpace X-Fill Pro"}]},{"@type":"WebSite","@id":"https:\/\/www.itape.com\/#website","url":"https:\/\/www.itape.com\/","name":"IPG","description":"Global Leader in Packaging and Protective Solutions","publisher":{"@id":"https:\/\/www.itape.com\/#organization"},"potentialAction":[{"@type":"SearchAction","target":{"@type":"EntryPoint","urlTemplate":"https:\/\/www.itape.com\/?s={search_term_string}"},"query-input":{"@type":"PropertyValueSpecification","valueRequired":true,"valueName":"search_term_string"}}],"inLanguage":"fr-FR"},{"@type":"Organization","@id":"https:\/\/www.itape.com\/#organization","name":"IPG","url":"https:\/\/www.itape.com\/","logo":{"@type":"ImageObject","inLanguage":"fr-FR","@id":"https:\/\/www.itape.com\/#\/schema\/logo\/image\/","url":"https:\/\/www.itape.com\/wp-content\/uploads\/2024\/06\/IPG-logo-2.png","contentUrl":"https:\/\/www.itape.com\/wp-content\/uploads\/2024\/06\/IPG-logo-2.png","width":60,"height":60,"caption":"IPG"},"image":{"@id":"https:\/\/www.itape.com\/#\/schema\/logo\/image\/"},"sameAs":["https:\/\/www.facebook.com\/intertape","https:\/\/x.com\/IPGtape","https:\/\/www.linkedin.com\/company\/intertape-polymer-group","https:\/\/www.instagram.com\/ipgtape","https:\/\/www.youtube.com\/user\/IPGtape"]}]},"product_price_currency":"USD","og_availability":"instock","product_availability":"instock","product_retailer_item_id":"16c122e1b9bb","product_condition":"new"},"parsely":{"version":"1.1.0","canonical_url":"https:\/\/itape.com\/fr\/product\/paperspace-x-fill-pro-2\/","smart_links":{"inbound":0,"outbound":0},"traffic_boost_suggestions_count":0,"meta":{"@context":"https:\/\/schema.org","@type":"WebPage","headline":"PaperSpace X-Fill Pro","url":"https:\/\/www.itape.com\/fr\/product\/paperspace-x-fill-pro-2\/","mainEntityOfPage":{"@type":"WebPage","@id":"https:\/\/www.itape.com\/fr\/product\/paperspace-x-fill-pro-2\/"},"thumbnailUrl":"https:\/\/www.itape.com\/wp-content\/uploads\/2023\/01\/PaperSpace-X-FillPro_high-1.jpg?w=150&h=150&crop=1","image":{"@type":"ImageObject","url":"https:\/\/www.itape.com\/wp-content\/uploads\/2023\/01\/PaperSpace-X-FillPro_high-1.jpg"},"articleSection":"Non classifi\u00e9(e)","author":[{"@type":"Person","name":"IPG"}],"creator":["IPG"],"publisher":{"@type":"Organization","name":"IPG","logo":"https:\/\/www.itape.com\/wp-content\/uploads\/2023\/03\/IPG-logo-2.png"},"keywords":[],"dateCreated":"2023-01-12T14:33:25Z","datePublished":"2023-01-12T14:33:25Z","dateModified":"2023-10-19T16:13:59Z"},"rendered":"<meta name=\"parsely-title\" content=\"PaperSpace X-Fill Pro\" \/>\n<meta name=\"parsely-link\" content=\"https:\/\/www.itape.com\/fr\/product\/paperspace-x-fill-pro-2\/\" \/>\n<meta name=\"parsely-type\" content=\"index\" \/>\n<meta name=\"parsely-image-url\" content=\"https:\/\/www.itape.com\/wp-content\/uploads\/2023\/01\/PaperSpace-X-FillPro_high-1.jpg?w=150&amp;h=150&amp;crop=1\" \/>\n<meta name=\"parsely-pub-date\" content=\"2023-01-12T14:33:25Z\" \/>\n<meta name=\"parsely-section\" content=\"Non classifi\u00e9(e)\" \/>\n<meta name=\"parsely-author\" content=\"IPG\" \/>","tracker_url":"https:\/\/cdn.parsely.com\/keys\/itape.com\/p.js"},"jetpack_sharing_enabled":true,"_links":{"self":[{"href":"https:\/\/www.itape.com\/fr\/wp-json\/wp\/v2\/product\/47209","targetHints":{"allow":["GET"]}}],"collection":[{"href":"https:\/\/www.itape.com\/fr\/wp-json\/wp\/v2\/product"}],"about":[{"href":"https:\/\/www.itape.com\/fr\/wp-json\/wp\/v2\/types\/product"}],"replies":[{"embeddable":true,"href":"https:\/\/www.itape.com\/fr\/wp-json\/wp\/v2\/comments?post=47209"}],"wp:featuredmedia":[{"embeddable":true,"href":"https:\/\/www.itape.com\/fr\/wp-json\/wp\/v2\/media\/53199"}],"wp:attachment":[{"href":"https:\/\/www.itape.com\/fr\/wp-json\/wp\/v2\/media?parent=47209"}],"wp:term":[{"taxonomy":"product_brand","embeddable":true,"href":"https:\/\/www.itape.com\/fr\/wp-json\/wp\/v2\/product_brand?post=47209"},{"taxonomy":"product_cat","embeddable":true,"href":"https:\/\/www.itape.com\/fr\/wp-json\/wp\/v2\/product_cat?post=47209"},{"taxonomy":"product_tag","embeddable":true,"href":"https:\/\/www.itape.com\/fr\/wp-json\/wp\/v2\/product_tag?post=47209"},{"taxonomy":"associated_application","embeddable":true,"href":"https:\/\/www.itape.com\/fr\/wp-json\/wp\/v2\/associated_application?post=47209"}],"curies":[{"name":"wp","href":"https:\/\/api.w.org\/{rel}","templated":true}]}}