{"id":47217,"date":"2023-01-12T14:33:31","date_gmt":"2023-01-12T14:33:31","guid":{"rendered":"https:\/\/www.itape.com\/product\/e-z-seal-pouches-fr\/"},"modified":"2023-01-12T15:17:23","modified_gmt":"2023-01-12T15:17:23","slug":"e-z-seal-pouches-fr","status":"publish","type":"product","link":"https:\/\/www.itape.com\/fr\/product\/e-z-seal-pouches-fr\/","title":{"rendered":"E-Z SEAL POUCHES"},"content":{"rendered":"<div class=\"prose\">Pochettes EZ Seal<\/p>\n<p>Les pochettes EZ Seal ont une r\u00e9sistance \u00e0 l&rsquo;\u00e9clatement sup\u00e9rieure pour garantir qu&rsquo;elles r\u00e9sistent \u00e0 la pression et aux mauvais traitements tout en offrant une protection maximale du produit. Les pochettes EZ Seal ont une excellente r\u00e9tention d&rsquo;air, de sorte que les bulles restent gonfl\u00e9es pour fournir une protection durable. Les pochettes EZ Seal sont id\u00e9ales pour la protection des aliments car elles sont sans danger pour le contact alimentaire.<\/p><\/div>\n","protected":false},"excerpt":{"rendered":"<p>Les pochettes EZ Seal ont une r\u00e9sistance \u00e0 l&rsquo;\u00e9clatement sup\u00e9rieure pour garantir qu&rsquo;elles r\u00e9sistent \u00e0 la pression et aux mauvais traitements tout en offrant une protection maximale du produit. Les pochettes EZ Seal ont une excellente r\u00e9tention d&rsquo;air, de sorte que les bulles restent gonfl\u00e9es pour fournir une protection durable. Les pochettes EZ Seal sont id\u00e9ales pour la protection des aliments car elles sont sans danger pour le contact alimentaire.<\/p>\n","protected":false},"featured_media":62449,"comment_status":"closed","ping_status":"closed","template":"","meta":{"_acf_changed":false},"product_brand":[],"product_cat":[7744,6167,7704],"product_tag":[6264],"associated_application":[5993,5997,5996,6003,6082,5992,5994,6083,6001,6007,6000],"class_list":{"0":"post-47217","1":"product","2":"type-product","3":"status-publish","4":"has-post-thumbnail","6":"product_cat-conditionnement-protecteur-bulle-fr","7":"product_cat-protective-packaging-fr","8":"product_cat-conditionnement-protecteur-fr","9":"product_tag-bubble-fr","10":"associated_application-appareil-fr","11":"associated_application-commerce-en-ligne-fr","12":"associated_application-de-consommation-fr","13":"associated_application-demenagement-et-stockage-fr","14":"associated_application-emballage-de-service-alimentaire-fr","15":"associated_application-industrie-aerospatiale-fr","16":"associated_application-marche-des-pieces-automobiles-fr","17":"associated_application-processus-general-demballage-fr-transformation-alimentaire-fr","18":"associated_application-processus-general-de-fabrication-fr","19":"associated_application-secteur-du-transport-fr","20":"associated_application-transformation-alimentaire-fr","22":"first","23":"instock","24":"product-type-simple"},"acf":[],"yoast_head":"<!-- This site is optimized with the Yoast SEO Premium plugin v24.1 (Yoast SEO v27.0) - https:\/\/yoast.com\/product\/yoast-seo-premium-wordpress\/ -->\n<title>E-Z SEAL POUCHES - IPG<\/title>\n<meta name=\"robots\" content=\"index, follow, max-snippet:-1, max-image-preview:large, max-video-preview:-1\" \/>\n<link rel=\"canonical\" href=\"https:\/\/www.itape.com\/fr\/product\/e-z-seal-pouches-fr\/\" \/>\n<meta property=\"og:locale\" content=\"fr_FR\" \/>\n<meta property=\"og:type\" content=\"article\" \/>\n<meta property=\"og:title\" content=\"E-Z SEAL POUCHES\" \/>\n<meta property=\"og:description\" content=\"Les pochettes EZ Seal ont une r\u00e9sistance \u00e0 l&#039;\u00e9clatement sup\u00e9rieure pour garantir qu&#039;elles r\u00e9sistent \u00e0 la pression et aux mauvais traitements tout en offrant une protection maximale du produit. Les pochettes EZ Seal ont une excellente r\u00e9tention d&#039;air, de sorte que les bulles restent gonfl\u00e9es pour fournir une protection durable. Les pochettes EZ Seal sont id\u00e9ales pour la protection des aliments car elles sont sans danger pour le contact alimentaire.\" \/>\n<meta property=\"og:url\" content=\"https:\/\/www.itape.com\/fr\/product\/e-z-seal-pouches-fr\/\" \/>\n<meta property=\"og:site_name\" content=\"IPG\" \/>\n<meta property=\"article:publisher\" content=\"https:\/\/www.facebook.com\/intertape\" \/>\n<meta property=\"article:modified_time\" content=\"2023-01-12T15:17:23+00:00\" \/>\n<meta property=\"og:image\" content=\"https:\/\/www.itape.com\/wp-content\/uploads\/2023\/01\/EZ-Seal-bubble-pouch_Med.jpg\" \/>\n\t<meta property=\"og:image:width\" content=\"1200\" \/>\n\t<meta property=\"og:image:height\" content=\"1200\" \/>\n\t<meta property=\"og:image:type\" content=\"image\/jpeg\" \/>\n<meta name=\"twitter:card\" content=\"summary_large_image\" \/>\n<meta name=\"twitter:site\" content=\"@IPGtape\" \/>\n<meta name=\"twitter:label1\" content=\"Price\" \/>\n\t<meta name=\"twitter:data1\" content=\"\" \/>\n\t<meta name=\"twitter:label2\" content=\"Availability\" \/>\n\t<meta name=\"twitter:data2\" content=\"In stock\" \/>\n<script type=\"application\/ld+json\" class=\"yoast-schema-graph\">{\"@context\":\"https:\/\/schema.org\",\"@graph\":[{\"@type\":\"WebPage\",\"@id\":\"https:\/\/www.itape.com\/fr\/product\/e-z-seal-pouches-fr\/\",\"url\":\"https:\/\/www.itape.com\/fr\/product\/e-z-seal-pouches-fr\/\",\"name\":\"E-Z SEAL POUCHES - IPG\",\"isPartOf\":{\"@id\":\"https:\/\/www.itape.com\/#website\"},\"primaryImageOfPage\":{\"@id\":\"https:\/\/www.itape.com\/fr\/product\/e-z-seal-pouches-fr\/#primaryimage\"},\"image\":{\"@id\":\"https:\/\/www.itape.com\/fr\/product\/e-z-seal-pouches-fr\/#primaryimage\"},\"thumbnailUrl\":\"https:\/\/www.itape.com\/wp-content\/uploads\/2023\/01\/EZ-Seal-bubble-pouch_Med.jpg\",\"datePublished\":\"2023-01-12T14:33:31+00:00\",\"dateModified\":\"2023-01-12T15:17:23+00:00\",\"breadcrumb\":{\"@id\":\"https:\/\/www.itape.com\/fr\/product\/e-z-seal-pouches-fr\/#breadcrumb\"},\"inLanguage\":\"fr-FR\",\"potentialAction\":[{\"@type\":\"ReadAction\",\"target\":[\"https:\/\/www.itape.com\/fr\/product\/e-z-seal-pouches-fr\/\"]}]},{\"@type\":\"ImageObject\",\"inLanguage\":\"fr-FR\",\"@id\":\"https:\/\/www.itape.com\/fr\/product\/e-z-seal-pouches-fr\/#primaryimage\",\"url\":\"https:\/\/www.itape.com\/wp-content\/uploads\/2023\/01\/EZ-Seal-bubble-pouch_Med.jpg\",\"contentUrl\":\"https:\/\/www.itape.com\/wp-content\/uploads\/2023\/01\/EZ-Seal-bubble-pouch_Med.jpg\",\"width\":1200,\"height\":1200,\"caption\":\"IPG EZ Seal Bubble Pouch\"},{\"@type\":\"BreadcrumbList\",\"@id\":\"https:\/\/www.itape.com\/fr\/product\/e-z-seal-pouches-fr\/#breadcrumb\",\"itemListElement\":[{\"@type\":\"ListItem\",\"position\":1,\"name\":\"Home\",\"item\":\"https:\/\/www.itape.com\/fr\/\"},{\"@type\":\"ListItem\",\"position\":2,\"name\":\"Products\",\"item\":\"https:\/\/www.itape.com\/products\/\"},{\"@type\":\"ListItem\",\"position\":3,\"name\":\"E-Z SEAL POUCHES\"}]},{\"@type\":\"WebSite\",\"@id\":\"https:\/\/www.itape.com\/#website\",\"url\":\"https:\/\/www.itape.com\/\",\"name\":\"IPG\",\"description\":\"Global Leader in Packaging and Protective Solutions\",\"publisher\":{\"@id\":\"https:\/\/www.itape.com\/#organization\"},\"potentialAction\":[{\"@type\":\"SearchAction\",\"target\":{\"@type\":\"EntryPoint\",\"urlTemplate\":\"https:\/\/www.itape.com\/?s={search_term_string}\"},\"query-input\":{\"@type\":\"PropertyValueSpecification\",\"valueRequired\":true,\"valueName\":\"search_term_string\"}}],\"inLanguage\":\"fr-FR\"},{\"@type\":\"Organization\",\"@id\":\"https:\/\/www.itape.com\/#organization\",\"name\":\"IPG\",\"url\":\"https:\/\/www.itape.com\/\",\"logo\":{\"@type\":\"ImageObject\",\"inLanguage\":\"fr-FR\",\"@id\":\"https:\/\/www.itape.com\/#\/schema\/logo\/image\/\",\"url\":\"https:\/\/www.itape.com\/wp-content\/uploads\/2024\/06\/IPG-logo-2.png\",\"contentUrl\":\"https:\/\/www.itape.com\/wp-content\/uploads\/2024\/06\/IPG-logo-2.png\",\"width\":60,\"height\":60,\"caption\":\"IPG\"},\"image\":{\"@id\":\"https:\/\/www.itape.com\/#\/schema\/logo\/image\/\"},\"sameAs\":[\"https:\/\/www.facebook.com\/intertape\",\"https:\/\/x.com\/IPGtape\",\"https:\/\/www.linkedin.com\/company\/intertape-polymer-group\",\"https:\/\/www.instagram.com\/ipgtape\",\"https:\/\/www.youtube.com\/user\/IPGtape\"]}]}<\/script>\n<meta property=\"product:price:currency\" content=\"USD\" \/>\n<meta property=\"og:availability\" content=\"instock\" \/>\n<meta property=\"product:availability\" content=\"instock\" \/>\n<meta property=\"product:retailer_item_id\" content=\"07f88635fb5f\" \/>\n<meta property=\"product:condition\" content=\"new\" \/>\n<!-- \/ Yoast SEO Premium plugin. -->","yoast_head_json":{"title":"E-Z SEAL POUCHES - IPG","robots":{"index":"index","follow":"follow","max-snippet":"max-snippet:-1","max-image-preview":"max-image-preview:large","max-video-preview":"max-video-preview:-1"},"canonical":"https:\/\/www.itape.com\/fr\/product\/e-z-seal-pouches-fr\/","og_locale":"fr_FR","og_type":"article","og_title":"E-Z SEAL POUCHES","og_description":"Les pochettes EZ Seal ont une r\u00e9sistance \u00e0 l'\u00e9clatement sup\u00e9rieure pour garantir qu'elles r\u00e9sistent \u00e0 la pression et aux mauvais traitements tout en offrant une protection maximale du produit. Les pochettes EZ Seal ont une excellente r\u00e9tention d'air, de sorte que les bulles restent gonfl\u00e9es pour fournir une protection durable. Les pochettes EZ Seal sont id\u00e9ales pour la protection des aliments car elles sont sans danger pour le contact alimentaire.","og_url":"https:\/\/www.itape.com\/fr\/product\/e-z-seal-pouches-fr\/","og_site_name":"IPG","article_publisher":"https:\/\/www.facebook.com\/intertape","article_modified_time":"2023-01-12T15:17:23+00:00","og_image":[{"width":1200,"height":1200,"url":"https:\/\/www.itape.com\/wp-content\/uploads\/2023\/01\/EZ-Seal-bubble-pouch_Med.jpg","type":"image\/jpeg"}],"twitter_card":"summary_large_image","twitter_site":"@IPGtape","twitter_misc":{"Price":"","Availability":"In stock"},"schema":{"@context":"https:\/\/schema.org","@graph":[{"@type":"WebPage","@id":"https:\/\/www.itape.com\/fr\/product\/e-z-seal-pouches-fr\/","url":"https:\/\/www.itape.com\/fr\/product\/e-z-seal-pouches-fr\/","name":"E-Z SEAL POUCHES - IPG","isPartOf":{"@id":"https:\/\/www.itape.com\/#website"},"primaryImageOfPage":{"@id":"https:\/\/www.itape.com\/fr\/product\/e-z-seal-pouches-fr\/#primaryimage"},"image":{"@id":"https:\/\/www.itape.com\/fr\/product\/e-z-seal-pouches-fr\/#primaryimage"},"thumbnailUrl":"https:\/\/www.itape.com\/wp-content\/uploads\/2023\/01\/EZ-Seal-bubble-pouch_Med.jpg","datePublished":"2023-01-12T14:33:31+00:00","dateModified":"2023-01-12T15:17:23+00:00","breadcrumb":{"@id":"https:\/\/www.itape.com\/fr\/product\/e-z-seal-pouches-fr\/#breadcrumb"},"inLanguage":"fr-FR","potentialAction":[{"@type":"ReadAction","target":["https:\/\/www.itape.com\/fr\/product\/e-z-seal-pouches-fr\/"]}]},{"@type":"ImageObject","inLanguage":"fr-FR","@id":"https:\/\/www.itape.com\/fr\/product\/e-z-seal-pouches-fr\/#primaryimage","url":"https:\/\/www.itape.com\/wp-content\/uploads\/2023\/01\/EZ-Seal-bubble-pouch_Med.jpg","contentUrl":"https:\/\/www.itape.com\/wp-content\/uploads\/2023\/01\/EZ-Seal-bubble-pouch_Med.jpg","width":1200,"height":1200,"caption":"IPG EZ Seal Bubble Pouch"},{"@type":"BreadcrumbList","@id":"https:\/\/www.itape.com\/fr\/product\/e-z-seal-pouches-fr\/#breadcrumb","itemListElement":[{"@type":"ListItem","position":1,"name":"Home","item":"https:\/\/www.itape.com\/fr\/"},{"@type":"ListItem","position":2,"name":"Products","item":"https:\/\/www.itape.com\/products\/"},{"@type":"ListItem","position":3,"name":"E-Z SEAL POUCHES"}]},{"@type":"WebSite","@id":"https:\/\/www.itape.com\/#website","url":"https:\/\/www.itape.com\/","name":"IPG","description":"Global Leader in Packaging and Protective Solutions","publisher":{"@id":"https:\/\/www.itape.com\/#organization"},"potentialAction":[{"@type":"SearchAction","target":{"@type":"EntryPoint","urlTemplate":"https:\/\/www.itape.com\/?s={search_term_string}"},"query-input":{"@type":"PropertyValueSpecification","valueRequired":true,"valueName":"search_term_string"}}],"inLanguage":"fr-FR"},{"@type":"Organization","@id":"https:\/\/www.itape.com\/#organization","name":"IPG","url":"https:\/\/www.itape.com\/","logo":{"@type":"ImageObject","inLanguage":"fr-FR","@id":"https:\/\/www.itape.com\/#\/schema\/logo\/image\/","url":"https:\/\/www.itape.com\/wp-content\/uploads\/2024\/06\/IPG-logo-2.png","contentUrl":"https:\/\/www.itape.com\/wp-content\/uploads\/2024\/06\/IPG-logo-2.png","width":60,"height":60,"caption":"IPG"},"image":{"@id":"https:\/\/www.itape.com\/#\/schema\/logo\/image\/"},"sameAs":["https:\/\/www.facebook.com\/intertape","https:\/\/x.com\/IPGtape","https:\/\/www.linkedin.com\/company\/intertape-polymer-group","https:\/\/www.instagram.com\/ipgtape","https:\/\/www.youtube.com\/user\/IPGtape"]}]},"product_price_currency":"USD","og_availability":"instock","product_availability":"instock","product_retailer_item_id":"07f88635fb5f","product_condition":"new"},"parsely":{"version":"1.1.0","canonical_url":"https:\/\/itape.com\/fr\/product\/e-z-seal-pouches-fr\/","smart_links":{"inbound":0,"outbound":0},"traffic_boost_suggestions_count":0,"meta":{"@context":"https:\/\/schema.org","@type":"WebPage","headline":"E-Z SEAL POUCHES","url":"https:\/\/www.itape.com\/fr\/product\/e-z-seal-pouches-fr\/","mainEntityOfPage":{"@type":"WebPage","@id":"https:\/\/www.itape.com\/fr\/product\/e-z-seal-pouches-fr\/"},"thumbnailUrl":"https:\/\/www.itape.com\/wp-content\/uploads\/2023\/01\/EZ-Seal-bubble-pouch_Med.jpg?w=150&h=150&crop=1","image":{"@type":"ImageObject","url":"https:\/\/www.itape.com\/wp-content\/uploads\/2023\/01\/EZ-Seal-bubble-pouch_Med.jpg"},"articleSection":"Non classifi\u00e9(e)","author":[{"@type":"Person","name":"IPG"}],"creator":["IPG"],"publisher":{"@type":"Organization","name":"IPG","logo":"https:\/\/www.itape.com\/wp-content\/uploads\/2023\/03\/IPG-logo-2.png"},"keywords":[],"dateCreated":"2023-01-12T14:33:31Z","datePublished":"2023-01-12T14:33:31Z","dateModified":"2023-01-12T15:17:23Z"},"rendered":"<meta name=\"parsely-title\" content=\"E-Z SEAL POUCHES\" \/>\n<meta name=\"parsely-link\" content=\"https:\/\/www.itape.com\/fr\/product\/e-z-seal-pouches-fr\/\" \/>\n<meta name=\"parsely-type\" content=\"index\" \/>\n<meta name=\"parsely-image-url\" content=\"https:\/\/www.itape.com\/wp-content\/uploads\/2023\/01\/EZ-Seal-bubble-pouch_Med.jpg?w=150&amp;h=150&amp;crop=1\" \/>\n<meta name=\"parsely-pub-date\" content=\"2023-01-12T14:33:31Z\" \/>\n<meta name=\"parsely-section\" content=\"Non classifi\u00e9(e)\" \/>\n<meta name=\"parsely-author\" content=\"IPG\" \/>","tracker_url":"https:\/\/cdn.parsely.com\/keys\/itape.com\/p.js"},"jetpack_sharing_enabled":true,"_links":{"self":[{"href":"https:\/\/www.itape.com\/fr\/wp-json\/wp\/v2\/product\/47217","targetHints":{"allow":["GET"]}}],"collection":[{"href":"https:\/\/www.itape.com\/fr\/wp-json\/wp\/v2\/product"}],"about":[{"href":"https:\/\/www.itape.com\/fr\/wp-json\/wp\/v2\/types\/product"}],"replies":[{"embeddable":true,"href":"https:\/\/www.itape.com\/fr\/wp-json\/wp\/v2\/comments?post=47217"}],"wp:featuredmedia":[{"embeddable":true,"href":"https:\/\/www.itape.com\/fr\/wp-json\/wp\/v2\/media\/62449"}],"wp:attachment":[{"href":"https:\/\/www.itape.com\/fr\/wp-json\/wp\/v2\/media?parent=47217"}],"wp:term":[{"taxonomy":"product_brand","embeddable":true,"href":"https:\/\/www.itape.com\/fr\/wp-json\/wp\/v2\/product_brand?post=47217"},{"taxonomy":"product_cat","embeddable":true,"href":"https:\/\/www.itape.com\/fr\/wp-json\/wp\/v2\/product_cat?post=47217"},{"taxonomy":"product_tag","embeddable":true,"href":"https:\/\/www.itape.com\/fr\/wp-json\/wp\/v2\/product_tag?post=47217"},{"taxonomy":"associated_application","embeddable":true,"href":"https:\/\/www.itape.com\/fr\/wp-json\/wp\/v2\/associated_application?post=47217"}],"curies":[{"name":"wp","href":"https:\/\/api.w.org\/{rel}","templated":true}]}}