{"id":47230,"date":"2023-01-12T14:33:37","date_gmt":"2023-01-12T14:33:37","guid":{"rendered":"https:\/\/www.itape.com\/product\/fan-and-vent-tape-fr\/"},"modified":"2023-05-10T13:12:16","modified_gmt":"2023-05-10T13:12:16","slug":"fan-and-vent-tape-fr","status":"publish","type":"product","link":"https:\/\/www.itape.com\/fr\/product\/fan-and-vent-tape-fr\/","title":{"rendered":"Fan and Vent Tape"},"content":{"rendered":"<div class=\"prose\">Ruban pour ventilateurs et \u00e9vents<\/p>\n<p>\u00c9labor\u00e9 et con\u00e7u dans le respect des normes UL181A-P et UL181B-FX (imprim\u00e9 pour une identification\u00a0\/ inspection ais\u00e9es). La colle autoadh\u00e9sive puissante fournit une adh\u00e9rence \u00e0 long terme sur les surfaces propres et s\u00e8ches. Ignifugeant, r\u00e9sistant au cisaillement, aux UV et \u00e0 la moisissure. Excellentes propri\u00e9t\u00e9s r\u00e9fl\u00e9chissantes (p. ex. chaleur, lumi\u00e8re). Collage optimal si expos\u00e9 \u00e0 des temp\u00e9ratures inf\u00e9rieures \u00e0 z\u00e9ro ou \u00e9lev\u00e9es. Doublure kraft enduite.<\/p><\/div>\n","protected":false},"excerpt":{"rendered":"<p>\u00c9labor\u00e9 et con\u00e7u dans le respect des normes UL181A-P et UL181B-FX (imprim\u00e9 pour une identification\u00a0\/ inspection ais\u00e9es). La colle autoadh\u00e9sive puissante fournit une adh\u00e9rence \u00e0 long terme sur les surfaces propres et s\u00e8ches. Ignifugeant, r\u00e9sistant au cisaillement, aux UV et \u00e0 la moisissure. Excellentes propri\u00e9t\u00e9s r\u00e9fl\u00e9chissantes (p. ex. chaleur, lumi\u00e8re). Collage optimal si expos\u00e9 \u00e0 des temp\u00e9ratures inf\u00e9rieures \u00e0 z\u00e9ro ou \u00e9lev\u00e9es. Doublure kraft enduite.<\/p>\n","protected":false},"featured_media":61977,"comment_status":"closed","ping_status":"closed","template":"","meta":{"_acf_changed":false},"product_brand":[],"product_cat":[8028],"product_tag":[6268,8047],"associated_application":[5995,6043,5996,6040],"class_list":{"0":"post-47230","1":"product","2":"type-product","3":"status-publish","4":"has-post-thumbnail","6":"product_cat-retail-specialty-construction-hvac-fr","7":"product_tag-building-construction-fr","8":"product_tag-specialty-fr-2","9":"associated_application-batiment-et-construction-fr","10":"associated_application-batiment-et-construction-fr-de-consommation-fr","11":"associated_application-de-consommation-fr","12":"associated_application-etancheite-du-conduit-du-cvc-fr","14":"first","15":"instock","16":"product-type-simple"},"acf":[],"yoast_head":"<!-- This site is optimized with the Yoast SEO Premium plugin v24.1 (Yoast SEO v27.0) - https:\/\/yoast.com\/product\/yoast-seo-premium-wordpress\/ -->\n<title>Fan and Vent Tape - IPG<\/title>\n<meta name=\"robots\" content=\"index, follow, max-snippet:-1, max-image-preview:large, max-video-preview:-1\" \/>\n<link rel=\"canonical\" href=\"https:\/\/www.itape.com\/fr\/product\/fan-and-vent-tape-fr\/\" \/>\n<meta property=\"og:locale\" content=\"fr_FR\" \/>\n<meta property=\"og:type\" content=\"article\" \/>\n<meta property=\"og:title\" content=\"Fan and Vent Tape\" \/>\n<meta property=\"og:description\" content=\"\u00c9labor\u00e9 et con\u00e7u dans le respect des normes UL181A-P et UL181B-FX (imprim\u00e9 pour une identification\u00a0\/ inspection ais\u00e9es). La colle autoadh\u00e9sive puissante fournit une adh\u00e9rence \u00e0 long terme sur les surfaces propres et s\u00e8ches. Ignifugeant, r\u00e9sistant au cisaillement, aux UV et \u00e0 la moisissure. Excellentes propri\u00e9t\u00e9s r\u00e9fl\u00e9chissantes (p. ex. chaleur, lumi\u00e8re). Collage optimal si expos\u00e9 \u00e0 des temp\u00e9ratures inf\u00e9rieures \u00e0 z\u00e9ro ou \u00e9lev\u00e9es. Doublure kraft enduite.\" \/>\n<meta property=\"og:url\" content=\"https:\/\/www.itape.com\/fr\/product\/fan-and-vent-tape-fr\/\" \/>\n<meta property=\"og:site_name\" content=\"IPG\" \/>\n<meta property=\"article:publisher\" content=\"https:\/\/www.facebook.com\/intertape\" \/>\n<meta property=\"article:modified_time\" content=\"2023-05-10T13:12:16+00:00\" \/>\n<meta property=\"og:image\" content=\"https:\/\/www.itape.com\/wp-content\/uploads\/2023\/01\/VF210UL_High.jpg\" \/>\n\t<meta property=\"og:image:width\" content=\"2400\" \/>\n\t<meta property=\"og:image:height\" content=\"2400\" \/>\n\t<meta property=\"og:image:type\" content=\"image\/jpeg\" \/>\n<meta name=\"twitter:card\" content=\"summary_large_image\" \/>\n<meta name=\"twitter:site\" content=\"@IPGtape\" \/>\n<meta name=\"twitter:label1\" content=\"Price\" \/>\n\t<meta name=\"twitter:data1\" content=\"\" \/>\n\t<meta name=\"twitter:label2\" content=\"Availability\" \/>\n\t<meta name=\"twitter:data2\" content=\"In stock\" \/>\n<script type=\"application\/ld+json\" class=\"yoast-schema-graph\">{\"@context\":\"https:\/\/schema.org\",\"@graph\":[{\"@type\":\"WebPage\",\"@id\":\"https:\/\/www.itape.com\/fr\/product\/fan-and-vent-tape-fr\/\",\"url\":\"https:\/\/www.itape.com\/fr\/product\/fan-and-vent-tape-fr\/\",\"name\":\"Fan and Vent Tape - IPG\",\"isPartOf\":{\"@id\":\"https:\/\/www.itape.com\/#website\"},\"primaryImageOfPage\":{\"@id\":\"https:\/\/www.itape.com\/fr\/product\/fan-and-vent-tape-fr\/#primaryimage\"},\"image\":{\"@id\":\"https:\/\/www.itape.com\/fr\/product\/fan-and-vent-tape-fr\/#primaryimage\"},\"thumbnailUrl\":\"https:\/\/www.itape.com\/wp-content\/uploads\/2023\/01\/VF210UL_High.jpg\",\"datePublished\":\"2023-01-12T14:33:37+00:00\",\"dateModified\":\"2023-05-10T13:12:16+00:00\",\"breadcrumb\":{\"@id\":\"https:\/\/www.itape.com\/fr\/product\/fan-and-vent-tape-fr\/#breadcrumb\"},\"inLanguage\":\"fr-FR\",\"potentialAction\":[{\"@type\":\"ReadAction\",\"target\":[\"https:\/\/www.itape.com\/fr\/product\/fan-and-vent-tape-fr\/\"]}]},{\"@type\":\"ImageObject\",\"inLanguage\":\"fr-FR\",\"@id\":\"https:\/\/www.itape.com\/fr\/product\/fan-and-vent-tape-fr\/#primaryimage\",\"url\":\"https:\/\/www.itape.com\/wp-content\/uploads\/2023\/01\/VF210UL_High.jpg\",\"contentUrl\":\"https:\/\/www.itape.com\/wp-content\/uploads\/2023\/01\/VF210UL_High.jpg\",\"width\":2400,\"height\":2400,\"caption\":\"FAN_VENT_HVAC_TAPE\"},{\"@type\":\"BreadcrumbList\",\"@id\":\"https:\/\/www.itape.com\/fr\/product\/fan-and-vent-tape-fr\/#breadcrumb\",\"itemListElement\":[{\"@type\":\"ListItem\",\"position\":1,\"name\":\"Home\",\"item\":\"https:\/\/www.itape.com\/fr\/\"},{\"@type\":\"ListItem\",\"position\":2,\"name\":\"Products\",\"item\":\"https:\/\/www.itape.com\/products\/\"},{\"@type\":\"ListItem\",\"position\":3,\"name\":\"Fan and Vent Tape\"}]},{\"@type\":\"WebSite\",\"@id\":\"https:\/\/www.itape.com\/#website\",\"url\":\"https:\/\/www.itape.com\/\",\"name\":\"IPG\",\"description\":\"Global Leader in Packaging and Protective Solutions\",\"publisher\":{\"@id\":\"https:\/\/www.itape.com\/#organization\"},\"potentialAction\":[{\"@type\":\"SearchAction\",\"target\":{\"@type\":\"EntryPoint\",\"urlTemplate\":\"https:\/\/www.itape.com\/?s={search_term_string}\"},\"query-input\":{\"@type\":\"PropertyValueSpecification\",\"valueRequired\":true,\"valueName\":\"search_term_string\"}}],\"inLanguage\":\"fr-FR\"},{\"@type\":\"Organization\",\"@id\":\"https:\/\/www.itape.com\/#organization\",\"name\":\"IPG\",\"url\":\"https:\/\/www.itape.com\/\",\"logo\":{\"@type\":\"ImageObject\",\"inLanguage\":\"fr-FR\",\"@id\":\"https:\/\/www.itape.com\/#\/schema\/logo\/image\/\",\"url\":\"https:\/\/www.itape.com\/wp-content\/uploads\/2024\/06\/IPG-logo-2.png\",\"contentUrl\":\"https:\/\/www.itape.com\/wp-content\/uploads\/2024\/06\/IPG-logo-2.png\",\"width\":60,\"height\":60,\"caption\":\"IPG\"},\"image\":{\"@id\":\"https:\/\/www.itape.com\/#\/schema\/logo\/image\/\"},\"sameAs\":[\"https:\/\/www.facebook.com\/intertape\",\"https:\/\/x.com\/IPGtape\",\"https:\/\/www.linkedin.com\/company\/intertape-polymer-group\",\"https:\/\/www.instagram.com\/ipgtape\",\"https:\/\/www.youtube.com\/user\/IPGtape\"]}]}<\/script>\n<meta property=\"product:price:currency\" content=\"USD\" \/>\n<meta property=\"og:availability\" content=\"instock\" \/>\n<meta property=\"product:availability\" content=\"instock\" \/>\n<meta property=\"product:retailer_item_id\" content=\"5033b66b6161\" \/>\n<meta property=\"product:condition\" content=\"new\" \/>\n<!-- \/ Yoast SEO Premium plugin. -->","yoast_head_json":{"title":"Fan and Vent Tape - IPG","robots":{"index":"index","follow":"follow","max-snippet":"max-snippet:-1","max-image-preview":"max-image-preview:large","max-video-preview":"max-video-preview:-1"},"canonical":"https:\/\/www.itape.com\/fr\/product\/fan-and-vent-tape-fr\/","og_locale":"fr_FR","og_type":"article","og_title":"Fan and Vent Tape","og_description":"\u00c9labor\u00e9 et con\u00e7u dans le respect des normes UL181A-P et UL181B-FX (imprim\u00e9 pour une identification\u00a0\/ inspection ais\u00e9es). La colle autoadh\u00e9sive puissante fournit une adh\u00e9rence \u00e0 long terme sur les surfaces propres et s\u00e8ches. Ignifugeant, r\u00e9sistant au cisaillement, aux UV et \u00e0 la moisissure. Excellentes propri\u00e9t\u00e9s r\u00e9fl\u00e9chissantes (p. ex. chaleur, lumi\u00e8re). Collage optimal si expos\u00e9 \u00e0 des temp\u00e9ratures inf\u00e9rieures \u00e0 z\u00e9ro ou \u00e9lev\u00e9es. Doublure kraft enduite.","og_url":"https:\/\/www.itape.com\/fr\/product\/fan-and-vent-tape-fr\/","og_site_name":"IPG","article_publisher":"https:\/\/www.facebook.com\/intertape","article_modified_time":"2023-05-10T13:12:16+00:00","og_image":[{"width":2400,"height":2400,"url":"https:\/\/www.itape.com\/wp-content\/uploads\/2023\/01\/VF210UL_High.jpg","type":"image\/jpeg"}],"twitter_card":"summary_large_image","twitter_site":"@IPGtape","twitter_misc":{"Price":"","Availability":"In stock"},"schema":{"@context":"https:\/\/schema.org","@graph":[{"@type":"WebPage","@id":"https:\/\/www.itape.com\/fr\/product\/fan-and-vent-tape-fr\/","url":"https:\/\/www.itape.com\/fr\/product\/fan-and-vent-tape-fr\/","name":"Fan and Vent Tape - IPG","isPartOf":{"@id":"https:\/\/www.itape.com\/#website"},"primaryImageOfPage":{"@id":"https:\/\/www.itape.com\/fr\/product\/fan-and-vent-tape-fr\/#primaryimage"},"image":{"@id":"https:\/\/www.itape.com\/fr\/product\/fan-and-vent-tape-fr\/#primaryimage"},"thumbnailUrl":"https:\/\/www.itape.com\/wp-content\/uploads\/2023\/01\/VF210UL_High.jpg","datePublished":"2023-01-12T14:33:37+00:00","dateModified":"2023-05-10T13:12:16+00:00","breadcrumb":{"@id":"https:\/\/www.itape.com\/fr\/product\/fan-and-vent-tape-fr\/#breadcrumb"},"inLanguage":"fr-FR","potentialAction":[{"@type":"ReadAction","target":["https:\/\/www.itape.com\/fr\/product\/fan-and-vent-tape-fr\/"]}]},{"@type":"ImageObject","inLanguage":"fr-FR","@id":"https:\/\/www.itape.com\/fr\/product\/fan-and-vent-tape-fr\/#primaryimage","url":"https:\/\/www.itape.com\/wp-content\/uploads\/2023\/01\/VF210UL_High.jpg","contentUrl":"https:\/\/www.itape.com\/wp-content\/uploads\/2023\/01\/VF210UL_High.jpg","width":2400,"height":2400,"caption":"FAN_VENT_HVAC_TAPE"},{"@type":"BreadcrumbList","@id":"https:\/\/www.itape.com\/fr\/product\/fan-and-vent-tape-fr\/#breadcrumb","itemListElement":[{"@type":"ListItem","position":1,"name":"Home","item":"https:\/\/www.itape.com\/fr\/"},{"@type":"ListItem","position":2,"name":"Products","item":"https:\/\/www.itape.com\/products\/"},{"@type":"ListItem","position":3,"name":"Fan and Vent Tape"}]},{"@type":"WebSite","@id":"https:\/\/www.itape.com\/#website","url":"https:\/\/www.itape.com\/","name":"IPG","description":"Global Leader in Packaging and Protective Solutions","publisher":{"@id":"https:\/\/www.itape.com\/#organization"},"potentialAction":[{"@type":"SearchAction","target":{"@type":"EntryPoint","urlTemplate":"https:\/\/www.itape.com\/?s={search_term_string}"},"query-input":{"@type":"PropertyValueSpecification","valueRequired":true,"valueName":"search_term_string"}}],"inLanguage":"fr-FR"},{"@type":"Organization","@id":"https:\/\/www.itape.com\/#organization","name":"IPG","url":"https:\/\/www.itape.com\/","logo":{"@type":"ImageObject","inLanguage":"fr-FR","@id":"https:\/\/www.itape.com\/#\/schema\/logo\/image\/","url":"https:\/\/www.itape.com\/wp-content\/uploads\/2024\/06\/IPG-logo-2.png","contentUrl":"https:\/\/www.itape.com\/wp-content\/uploads\/2024\/06\/IPG-logo-2.png","width":60,"height":60,"caption":"IPG"},"image":{"@id":"https:\/\/www.itape.com\/#\/schema\/logo\/image\/"},"sameAs":["https:\/\/www.facebook.com\/intertape","https:\/\/x.com\/IPGtape","https:\/\/www.linkedin.com\/company\/intertape-polymer-group","https:\/\/www.instagram.com\/ipgtape","https:\/\/www.youtube.com\/user\/IPGtape"]}]},"product_price_currency":"USD","og_availability":"instock","product_availability":"instock","product_retailer_item_id":"5033b66b6161","product_condition":"new"},"parsely":{"version":"1.1.0","canonical_url":"https:\/\/itape.com\/fr\/product\/fan-and-vent-tape-fr\/","smart_links":{"inbound":0,"outbound":0},"traffic_boost_suggestions_count":0,"meta":{"@context":"https:\/\/schema.org","@type":"WebPage","headline":"Fan and Vent Tape","url":"https:\/\/www.itape.com\/fr\/product\/fan-and-vent-tape-fr\/","mainEntityOfPage":{"@type":"WebPage","@id":"https:\/\/www.itape.com\/fr\/product\/fan-and-vent-tape-fr\/"},"thumbnailUrl":"https:\/\/www.itape.com\/wp-content\/uploads\/2023\/01\/VF210UL_High.jpg?w=150&h=150&crop=1","image":{"@type":"ImageObject","url":"https:\/\/www.itape.com\/wp-content\/uploads\/2023\/01\/VF210UL_High.jpg"},"articleSection":"Non classifi\u00e9(e)","author":[{"@type":"Person","name":"IPG"}],"creator":["IPG"],"publisher":{"@type":"Organization","name":"IPG","logo":"https:\/\/www.itape.com\/wp-content\/uploads\/2023\/03\/IPG-logo-2.png"},"keywords":[],"dateCreated":"2023-01-12T14:33:37Z","datePublished":"2023-01-12T14:33:37Z","dateModified":"2023-05-10T13:12:16Z"},"rendered":"<meta name=\"parsely-title\" content=\"Fan and Vent Tape\" \/>\n<meta name=\"parsely-link\" content=\"https:\/\/www.itape.com\/fr\/product\/fan-and-vent-tape-fr\/\" \/>\n<meta name=\"parsely-type\" content=\"index\" \/>\n<meta name=\"parsely-image-url\" content=\"https:\/\/www.itape.com\/wp-content\/uploads\/2023\/01\/VF210UL_High.jpg?w=150&amp;h=150&amp;crop=1\" \/>\n<meta name=\"parsely-pub-date\" content=\"2023-01-12T14:33:37Z\" \/>\n<meta name=\"parsely-section\" content=\"Non classifi\u00e9(e)\" \/>\n<meta name=\"parsely-author\" content=\"IPG\" \/>","tracker_url":"https:\/\/cdn.parsely.com\/keys\/itape.com\/p.js"},"jetpack_sharing_enabled":true,"_links":{"self":[{"href":"https:\/\/www.itape.com\/fr\/wp-json\/wp\/v2\/product\/47230","targetHints":{"allow":["GET"]}}],"collection":[{"href":"https:\/\/www.itape.com\/fr\/wp-json\/wp\/v2\/product"}],"about":[{"href":"https:\/\/www.itape.com\/fr\/wp-json\/wp\/v2\/types\/product"}],"replies":[{"embeddable":true,"href":"https:\/\/www.itape.com\/fr\/wp-json\/wp\/v2\/comments?post=47230"}],"wp:featuredmedia":[{"embeddable":true,"href":"https:\/\/www.itape.com\/fr\/wp-json\/wp\/v2\/media\/61977"}],"wp:attachment":[{"href":"https:\/\/www.itape.com\/fr\/wp-json\/wp\/v2\/media?parent=47230"}],"wp:term":[{"taxonomy":"product_brand","embeddable":true,"href":"https:\/\/www.itape.com\/fr\/wp-json\/wp\/v2\/product_brand?post=47230"},{"taxonomy":"product_cat","embeddable":true,"href":"https:\/\/www.itape.com\/fr\/wp-json\/wp\/v2\/product_cat?post=47230"},{"taxonomy":"product_tag","embeddable":true,"href":"https:\/\/www.itape.com\/fr\/wp-json\/wp\/v2\/product_tag?post=47230"},{"taxonomy":"associated_application","embeddable":true,"href":"https:\/\/www.itape.com\/fr\/wp-json\/wp\/v2\/associated_application?post=47230"}],"curies":[{"name":"wp","href":"https:\/\/api.w.org\/{rel}","templated":true}]}}