{"id":47239,"date":"2023-01-12T14:33:43","date_gmt":"2023-01-12T14:33:43","guid":{"rendered":"https:\/\/www.itape.com\/product\/mastic-foil-tape-fr\/"},"modified":"2023-04-27T16:47:11","modified_gmt":"2023-04-27T16:47:11","slug":"mastic-foil-tape-fr","status":"publish","type":"product","link":"https:\/\/www.itape.com\/fr\/product\/mastic-foil-tape-fr\/","title":{"rendered":"Mastic Foil Tape"},"content":{"rendered":"","protected":false},"excerpt":{"rendered":"<p>Ruban m\u00e9tallique mastic en butyle sp\u00e9cial, haute accroche, ruban m\u00e9tallique \u00ab\u00a0mastic\u00a0\u00bb en aluminium 17\u00a0mils faible COV enduit d&rsquo;une colle en caoutchouc modifi\u00e9e auto-adh\u00e9sive. Fournit une adh\u00e9rence instantan\u00e9e r\u00e9sistant \u00e0 l&rsquo;eau sur un grand nombre de surfaces et un collage total en 24 heures. Comporte une doublure amovible pour en faciliter l&rsquo;utilisation et pr\u00e9sente une excellente flexibilit\u00e9 sans fissure. ALF Mastic est un contributeur aux points LEED. Hautement r\u00e9sistant aux effets des intemp\u00e9ries, aux UV, aux temp\u00e9ratures, aux moisissures et au mildiou. Peignable.<\/p>\n","protected":false},"featured_media":52707,"comment_status":"closed","ping_status":"closed","template":"","meta":{"_acf_changed":false},"product_brand":[],"product_cat":[8028,8028,7699,7716,7737,7702],"product_tag":[6268,8047],"associated_application":[6121,5995,6129,6043,6129,5996,6005],"class_list":{"0":"post-47239","1":"product","2":"type-product","3":"status-publish","4":"has-post-thumbnail","6":"product_cat-retail-specialty-construction-hvac-fr","8":"product_cat-building-and-construction-products-fr","9":"product_cat-building-and-construction-products-ruban-metallique-fr","10":"product_cat-industrial-tapes-ruban-metallique-fr","11":"product_cat-industrial-tapes-fr","12":"product_tag-building-construction-fr","13":"product_tag-specialty-fr-2","14":"associated_application-applications-generales-fr","15":"associated_application-batiment-et-construction-fr","16":"associated_application-batiment-et-construction-fr-assainissement-et-restauration-fr","17":"associated_application-batiment-et-construction-fr-de-consommation-fr","19":"associated_application-de-consommation-fr","20":"associated_application-industrie-maritime-et-des-composites-fr","22":"first","23":"instock","24":"product-type-simple"},"acf":[],"yoast_head":"<!-- This site is optimized with the Yoast SEO Premium plugin v24.1 (Yoast SEO v27.0) - https:\/\/yoast.com\/product\/yoast-seo-premium-wordpress\/ -->\n<title>Mastic Foil Tape - IPG<\/title>\n<meta name=\"robots\" content=\"index, follow, max-snippet:-1, max-image-preview:large, max-video-preview:-1\" \/>\n<link rel=\"canonical\" href=\"https:\/\/www.itape.com\/fr\/product\/mastic-foil-tape-fr\/\" \/>\n<meta property=\"og:locale\" content=\"fr_FR\" \/>\n<meta property=\"og:type\" content=\"article\" \/>\n<meta property=\"og:title\" content=\"Mastic Foil Tape\" \/>\n<meta property=\"og:description\" content=\"Ruban m\u00e9tallique mastic en butyle sp\u00e9cial, haute accroche, ruban m\u00e9tallique \u00ab\u00a0mastic\u00a0\u00bb en aluminium 17\u00a0mils faible COV enduit d&#039;une colle en caoutchouc modifi\u00e9e auto-adh\u00e9sive. Fournit une adh\u00e9rence instantan\u00e9e r\u00e9sistant \u00e0 l&#039;eau sur un grand nombre de surfaces et un collage total en 24 heures. Comporte une doublure amovible pour en faciliter l&#039;utilisation et pr\u00e9sente une excellente flexibilit\u00e9 sans fissure. ALF Mastic est un contributeur aux points LEED. Hautement r\u00e9sistant aux effets des intemp\u00e9ries, aux UV, aux temp\u00e9ratures, aux moisissures et au mildiou. Peignable.\" \/>\n<meta property=\"og:url\" content=\"https:\/\/www.itape.com\/fr\/product\/mastic-foil-tape-fr\/\" \/>\n<meta property=\"og:site_name\" content=\"IPG\" \/>\n<meta property=\"article:publisher\" content=\"https:\/\/www.facebook.com\/intertape\" \/>\n<meta property=\"article:modified_time\" content=\"2023-04-27T16:47:11+00:00\" \/>\n<meta property=\"og:image\" content=\"https:\/\/www.itape.com\/wp-content\/uploads\/2023\/01\/ALF_MASTIC_high.jpg\" \/>\n\t<meta property=\"og:image:width\" content=\"2400\" \/>\n\t<meta property=\"og:image:height\" content=\"2400\" \/>\n\t<meta property=\"og:image:type\" content=\"image\/jpeg\" \/>\n<meta name=\"twitter:card\" content=\"summary_large_image\" \/>\n<meta name=\"twitter:site\" content=\"@IPGtape\" \/>\n<meta name=\"twitter:label1\" content=\"Price\" \/>\n\t<meta name=\"twitter:data1\" content=\"\" \/>\n\t<meta name=\"twitter:label2\" content=\"Availability\" \/>\n\t<meta name=\"twitter:data2\" content=\"In stock\" \/>\n<script type=\"application\/ld+json\" class=\"yoast-schema-graph\">{\"@context\":\"https:\/\/schema.org\",\"@graph\":[{\"@type\":\"WebPage\",\"@id\":\"https:\/\/www.itape.com\/fr\/product\/mastic-foil-tape-fr\/\",\"url\":\"https:\/\/www.itape.com\/fr\/product\/mastic-foil-tape-fr\/\",\"name\":\"Mastic Foil Tape - IPG\",\"isPartOf\":{\"@id\":\"https:\/\/www.itape.com\/#website\"},\"primaryImageOfPage\":{\"@id\":\"https:\/\/www.itape.com\/fr\/product\/mastic-foil-tape-fr\/#primaryimage\"},\"image\":{\"@id\":\"https:\/\/www.itape.com\/fr\/product\/mastic-foil-tape-fr\/#primaryimage\"},\"thumbnailUrl\":\"https:\/\/www.itape.com\/wp-content\/uploads\/2023\/01\/ALF_MASTIC_high.jpg\",\"datePublished\":\"2023-01-12T14:33:43+00:00\",\"dateModified\":\"2023-04-27T16:47:11+00:00\",\"breadcrumb\":{\"@id\":\"https:\/\/www.itape.com\/fr\/product\/mastic-foil-tape-fr\/#breadcrumb\"},\"inLanguage\":\"fr-FR\",\"potentialAction\":[{\"@type\":\"ReadAction\",\"target\":[\"https:\/\/www.itape.com\/fr\/product\/mastic-foil-tape-fr\/\"]}]},{\"@type\":\"ImageObject\",\"inLanguage\":\"fr-FR\",\"@id\":\"https:\/\/www.itape.com\/fr\/product\/mastic-foil-tape-fr\/#primaryimage\",\"url\":\"https:\/\/www.itape.com\/wp-content\/uploads\/2023\/01\/ALF_MASTIC_high.jpg\",\"contentUrl\":\"https:\/\/www.itape.com\/wp-content\/uploads\/2023\/01\/ALF_MASTIC_high.jpg\",\"width\":2400,\"height\":2400,\"caption\":\"ALF_MASTIC_Foil\"},{\"@type\":\"BreadcrumbList\",\"@id\":\"https:\/\/www.itape.com\/fr\/product\/mastic-foil-tape-fr\/#breadcrumb\",\"itemListElement\":[{\"@type\":\"ListItem\",\"position\":1,\"name\":\"Home\",\"item\":\"https:\/\/www.itape.com\/fr\/\"},{\"@type\":\"ListItem\",\"position\":2,\"name\":\"Products\",\"item\":\"https:\/\/www.itape.com\/products\/\"},{\"@type\":\"ListItem\",\"position\":3,\"name\":\"Mastic Foil Tape\"}]},{\"@type\":\"WebSite\",\"@id\":\"https:\/\/www.itape.com\/#website\",\"url\":\"https:\/\/www.itape.com\/\",\"name\":\"IPG\",\"description\":\"Global Leader in Packaging and Protective Solutions\",\"publisher\":{\"@id\":\"https:\/\/www.itape.com\/#organization\"},\"potentialAction\":[{\"@type\":\"SearchAction\",\"target\":{\"@type\":\"EntryPoint\",\"urlTemplate\":\"https:\/\/www.itape.com\/?s={search_term_string}\"},\"query-input\":{\"@type\":\"PropertyValueSpecification\",\"valueRequired\":true,\"valueName\":\"search_term_string\"}}],\"inLanguage\":\"fr-FR\"},{\"@type\":\"Organization\",\"@id\":\"https:\/\/www.itape.com\/#organization\",\"name\":\"IPG\",\"url\":\"https:\/\/www.itape.com\/\",\"logo\":{\"@type\":\"ImageObject\",\"inLanguage\":\"fr-FR\",\"@id\":\"https:\/\/www.itape.com\/#\/schema\/logo\/image\/\",\"url\":\"https:\/\/www.itape.com\/wp-content\/uploads\/2024\/06\/IPG-logo-2.png\",\"contentUrl\":\"https:\/\/www.itape.com\/wp-content\/uploads\/2024\/06\/IPG-logo-2.png\",\"width\":60,\"height\":60,\"caption\":\"IPG\"},\"image\":{\"@id\":\"https:\/\/www.itape.com\/#\/schema\/logo\/image\/\"},\"sameAs\":[\"https:\/\/www.facebook.com\/intertape\",\"https:\/\/x.com\/IPGtape\",\"https:\/\/www.linkedin.com\/company\/intertape-polymer-group\",\"https:\/\/www.instagram.com\/ipgtape\",\"https:\/\/www.youtube.com\/user\/IPGtape\"]}]}<\/script>\n<meta property=\"product:price:currency\" content=\"USD\" \/>\n<meta property=\"og:availability\" content=\"instock\" \/>\n<meta property=\"product:availability\" content=\"instock\" \/>\n<meta property=\"product:retailer_item_id\" content=\"e1fc7a3edf88\" \/>\n<meta property=\"product:condition\" content=\"new\" \/>\n<!-- \/ Yoast SEO Premium plugin. -->","yoast_head_json":{"title":"Mastic Foil Tape - IPG","robots":{"index":"index","follow":"follow","max-snippet":"max-snippet:-1","max-image-preview":"max-image-preview:large","max-video-preview":"max-video-preview:-1"},"canonical":"https:\/\/www.itape.com\/fr\/product\/mastic-foil-tape-fr\/","og_locale":"fr_FR","og_type":"article","og_title":"Mastic Foil Tape","og_description":"Ruban m\u00e9tallique mastic en butyle sp\u00e9cial, haute accroche, ruban m\u00e9tallique \u00ab\u00a0mastic\u00a0\u00bb en aluminium 17\u00a0mils faible COV enduit d'une colle en caoutchouc modifi\u00e9e auto-adh\u00e9sive. Fournit une adh\u00e9rence instantan\u00e9e r\u00e9sistant \u00e0 l'eau sur un grand nombre de surfaces et un collage total en 24 heures. Comporte une doublure amovible pour en faciliter l'utilisation et pr\u00e9sente une excellente flexibilit\u00e9 sans fissure. ALF Mastic est un contributeur aux points LEED. Hautement r\u00e9sistant aux effets des intemp\u00e9ries, aux UV, aux temp\u00e9ratures, aux moisissures et au mildiou. Peignable.","og_url":"https:\/\/www.itape.com\/fr\/product\/mastic-foil-tape-fr\/","og_site_name":"IPG","article_publisher":"https:\/\/www.facebook.com\/intertape","article_modified_time":"2023-04-27T16:47:11+00:00","og_image":[{"width":2400,"height":2400,"url":"https:\/\/www.itape.com\/wp-content\/uploads\/2023\/01\/ALF_MASTIC_high.jpg","type":"image\/jpeg"}],"twitter_card":"summary_large_image","twitter_site":"@IPGtape","twitter_misc":{"Price":"","Availability":"In stock"},"schema":{"@context":"https:\/\/schema.org","@graph":[{"@type":"WebPage","@id":"https:\/\/www.itape.com\/fr\/product\/mastic-foil-tape-fr\/","url":"https:\/\/www.itape.com\/fr\/product\/mastic-foil-tape-fr\/","name":"Mastic Foil Tape - IPG","isPartOf":{"@id":"https:\/\/www.itape.com\/#website"},"primaryImageOfPage":{"@id":"https:\/\/www.itape.com\/fr\/product\/mastic-foil-tape-fr\/#primaryimage"},"image":{"@id":"https:\/\/www.itape.com\/fr\/product\/mastic-foil-tape-fr\/#primaryimage"},"thumbnailUrl":"https:\/\/www.itape.com\/wp-content\/uploads\/2023\/01\/ALF_MASTIC_high.jpg","datePublished":"2023-01-12T14:33:43+00:00","dateModified":"2023-04-27T16:47:11+00:00","breadcrumb":{"@id":"https:\/\/www.itape.com\/fr\/product\/mastic-foil-tape-fr\/#breadcrumb"},"inLanguage":"fr-FR","potentialAction":[{"@type":"ReadAction","target":["https:\/\/www.itape.com\/fr\/product\/mastic-foil-tape-fr\/"]}]},{"@type":"ImageObject","inLanguage":"fr-FR","@id":"https:\/\/www.itape.com\/fr\/product\/mastic-foil-tape-fr\/#primaryimage","url":"https:\/\/www.itape.com\/wp-content\/uploads\/2023\/01\/ALF_MASTIC_high.jpg","contentUrl":"https:\/\/www.itape.com\/wp-content\/uploads\/2023\/01\/ALF_MASTIC_high.jpg","width":2400,"height":2400,"caption":"ALF_MASTIC_Foil"},{"@type":"BreadcrumbList","@id":"https:\/\/www.itape.com\/fr\/product\/mastic-foil-tape-fr\/#breadcrumb","itemListElement":[{"@type":"ListItem","position":1,"name":"Home","item":"https:\/\/www.itape.com\/fr\/"},{"@type":"ListItem","position":2,"name":"Products","item":"https:\/\/www.itape.com\/products\/"},{"@type":"ListItem","position":3,"name":"Mastic Foil Tape"}]},{"@type":"WebSite","@id":"https:\/\/www.itape.com\/#website","url":"https:\/\/www.itape.com\/","name":"IPG","description":"Global Leader in Packaging and Protective Solutions","publisher":{"@id":"https:\/\/www.itape.com\/#organization"},"potentialAction":[{"@type":"SearchAction","target":{"@type":"EntryPoint","urlTemplate":"https:\/\/www.itape.com\/?s={search_term_string}"},"query-input":{"@type":"PropertyValueSpecification","valueRequired":true,"valueName":"search_term_string"}}],"inLanguage":"fr-FR"},{"@type":"Organization","@id":"https:\/\/www.itape.com\/#organization","name":"IPG","url":"https:\/\/www.itape.com\/","logo":{"@type":"ImageObject","inLanguage":"fr-FR","@id":"https:\/\/www.itape.com\/#\/schema\/logo\/image\/","url":"https:\/\/www.itape.com\/wp-content\/uploads\/2024\/06\/IPG-logo-2.png","contentUrl":"https:\/\/www.itape.com\/wp-content\/uploads\/2024\/06\/IPG-logo-2.png","width":60,"height":60,"caption":"IPG"},"image":{"@id":"https:\/\/www.itape.com\/#\/schema\/logo\/image\/"},"sameAs":["https:\/\/www.facebook.com\/intertape","https:\/\/x.com\/IPGtape","https:\/\/www.linkedin.com\/company\/intertape-polymer-group","https:\/\/www.instagram.com\/ipgtape","https:\/\/www.youtube.com\/user\/IPGtape"]}]},"product_price_currency":"USD","og_availability":"instock","product_availability":"instock","product_retailer_item_id":"e1fc7a3edf88","product_condition":"new"},"parsely":{"version":"1.1.0","canonical_url":"https:\/\/itape.com\/fr\/product\/mastic-foil-tape-fr\/","smart_links":{"inbound":0,"outbound":0},"traffic_boost_suggestions_count":0,"meta":{"@context":"https:\/\/schema.org","@type":"WebPage","headline":"Mastic Foil Tape","url":"https:\/\/www.itape.com\/fr\/product\/mastic-foil-tape-fr\/","mainEntityOfPage":{"@type":"WebPage","@id":"https:\/\/www.itape.com\/fr\/product\/mastic-foil-tape-fr\/"},"thumbnailUrl":"https:\/\/www.itape.com\/wp-content\/uploads\/2023\/01\/ALF_MASTIC_high.jpg?w=150&h=150&crop=1","image":{"@type":"ImageObject","url":"https:\/\/www.itape.com\/wp-content\/uploads\/2023\/01\/ALF_MASTIC_high.jpg"},"articleSection":"Non classifi\u00e9(e)","author":[{"@type":"Person","name":"IPG"}],"creator":["IPG"],"publisher":{"@type":"Organization","name":"IPG","logo":"https:\/\/www.itape.com\/wp-content\/uploads\/2023\/03\/IPG-logo-2.png"},"keywords":[],"dateCreated":"2023-01-12T14:33:43Z","datePublished":"2023-01-12T14:33:43Z","dateModified":"2023-04-27T16:47:11Z"},"rendered":"<meta name=\"parsely-title\" content=\"Mastic Foil Tape\" \/>\n<meta name=\"parsely-link\" content=\"https:\/\/www.itape.com\/fr\/product\/mastic-foil-tape-fr\/\" \/>\n<meta name=\"parsely-type\" content=\"index\" \/>\n<meta name=\"parsely-image-url\" content=\"https:\/\/www.itape.com\/wp-content\/uploads\/2023\/01\/ALF_MASTIC_high.jpg?w=150&amp;h=150&amp;crop=1\" \/>\n<meta name=\"parsely-pub-date\" content=\"2023-01-12T14:33:43Z\" \/>\n<meta name=\"parsely-section\" content=\"Non classifi\u00e9(e)\" \/>\n<meta name=\"parsely-author\" content=\"IPG\" \/>","tracker_url":"https:\/\/cdn.parsely.com\/keys\/itape.com\/p.js"},"jetpack_sharing_enabled":true,"_links":{"self":[{"href":"https:\/\/www.itape.com\/fr\/wp-json\/wp\/v2\/product\/47239","targetHints":{"allow":["GET"]}}],"collection":[{"href":"https:\/\/www.itape.com\/fr\/wp-json\/wp\/v2\/product"}],"about":[{"href":"https:\/\/www.itape.com\/fr\/wp-json\/wp\/v2\/types\/product"}],"replies":[{"embeddable":true,"href":"https:\/\/www.itape.com\/fr\/wp-json\/wp\/v2\/comments?post=47239"}],"wp:featuredmedia":[{"embeddable":true,"href":"https:\/\/www.itape.com\/fr\/wp-json\/wp\/v2\/media\/52707"}],"wp:attachment":[{"href":"https:\/\/www.itape.com\/fr\/wp-json\/wp\/v2\/media?parent=47239"}],"wp:term":[{"taxonomy":"product_brand","embeddable":true,"href":"https:\/\/www.itape.com\/fr\/wp-json\/wp\/v2\/product_brand?post=47239"},{"taxonomy":"product_cat","embeddable":true,"href":"https:\/\/www.itape.com\/fr\/wp-json\/wp\/v2\/product_cat?post=47239"},{"taxonomy":"product_tag","embeddable":true,"href":"https:\/\/www.itape.com\/fr\/wp-json\/wp\/v2\/product_tag?post=47239"},{"taxonomy":"associated_application","embeddable":true,"href":"https:\/\/www.itape.com\/fr\/wp-json\/wp\/v2\/associated_application?post=47239"}],"curies":[{"name":"wp","href":"https:\/\/api.w.org\/{rel}","templated":true}]}}