{"id":47240,"date":"2023-01-12T14:33:43","date_gmt":"2023-01-12T14:33:43","guid":{"rendered":"https:\/\/www.itape.com\/product\/ul181-aluminum-foil-tape-fr\/"},"modified":"2023-04-27T16:51:15","modified_gmt":"2023-04-27T16:51:15","slug":"ul181-aluminum-foil-tape-fr","status":"publish","type":"product","link":"https:\/\/www.itape.com\/fr\/product\/ul181-aluminum-foil-tape-fr\/","title":{"rendered":"UL181 Aluminum Foil Tape"},"content":{"rendered":"<div class=\"prose\">Ruban m\u00e9tallique en aluminium UL181<\/p>\n<p>\u00c9labor\u00e9 et con\u00e7u afin de respecter UL181A-P et UL181B-FX (imprim\u00e9 pour une identification \/ inspection ais\u00e9e). Utilis\u00e9 pour le scellage g\u00e9n\u00e9ral, la r\u00e9paration et l&rsquo;\u00e9tanch\u00e9ification de conduit d&rsquo;air en fibres rigides et de syst\u00e8mes de fermeture de connecteur afin d&rsquo;am\u00e9liorer l&rsquo;aspect et de conserver l&rsquo;int\u00e9grit\u00e9 de la barri\u00e8re de vapeur. La colle auto-adh\u00e9sive puissante fournit une adh\u00e9rence \u00e0 long terme sur les surfaces propres\/s\u00e8ches. Ignifugeant, r\u00e9sistant au cisaillement, aux UV et \u00e0 la moisissure.  Excellentes propri\u00e9t\u00e9s r\u00e9fl\u00e9chissantes (p. ex. chaleur, lumi\u00e8re). collage optimal si expos\u00e9 \u00e0 des temp\u00e9ratures inf\u00e9rieures \u00e0 z\u00e9ro ou \u00e9lev\u00e9es.  Doublure kraft facile \u00e0 retirer. 2,0\u00a0mils avec doublure.<\/p><\/div>\n","protected":false},"excerpt":{"rendered":"<p>\u00c9labor\u00e9 et con\u00e7u afin de respecter UL181A-P et UL181B-FX (imprim\u00e9 pour une identification \/ inspection ais\u00e9e). Utilis\u00e9 pour le scellage g\u00e9n\u00e9ral, la r\u00e9paration et l&rsquo;\u00e9tanch\u00e9ification de conduit d&rsquo;air en fibres rigides et de syst\u00e8mes de fermeture de connecteur afin d&rsquo;am\u00e9liorer l&rsquo;aspect et de conserver l&rsquo;int\u00e9grit\u00e9 de la barri\u00e8re de vapeur. La colle auto-adh\u00e9sive puissante fournit une adh\u00e9rence \u00e0 long terme sur les surfaces propres\/s\u00e8ches. Ignifugeant, r\u00e9sistant au cisaillement, aux UV et \u00e0 la moisissure.  Excellentes propri\u00e9t\u00e9s r\u00e9fl\u00e9chissantes (p. ex. chaleur, lumi\u00e8re). collage optimal si expos\u00e9 \u00e0 des temp\u00e9ratures inf\u00e9rieures \u00e0 z\u00e9ro ou \u00e9lev\u00e9es.  Doublure kraft facile \u00e0 retirer. 2,0\u00a0mils avec doublure.<\/p>\n","protected":false},"featured_media":62156,"comment_status":"closed","ping_status":"closed","template":"","meta":{"_acf_changed":false},"product_brand":[],"product_cat":[8028],"product_tag":[6268],"associated_application":[6043],"class_list":{"0":"post-47240","1":"product","2":"type-product","3":"status-publish","4":"has-post-thumbnail","6":"product_cat-retail-specialty-construction-hvac-fr","7":"product_tag-building-construction-fr","8":"associated_application-batiment-et-construction-fr-de-consommation-fr","10":"first","11":"instock","12":"product-type-simple"},"acf":[],"yoast_head":"<!-- This site is optimized with the Yoast SEO Premium plugin v24.1 (Yoast SEO v27.0) - https:\/\/yoast.com\/product\/yoast-seo-premium-wordpress\/ -->\n<title>UL181 Aluminum Foil Tape - IPG<\/title>\n<meta name=\"robots\" content=\"index, follow, max-snippet:-1, max-image-preview:large, max-video-preview:-1\" \/>\n<link rel=\"canonical\" href=\"https:\/\/www.itape.com\/fr\/product\/ul181-aluminum-foil-tape-fr\/\" \/>\n<meta property=\"og:locale\" content=\"fr_FR\" \/>\n<meta property=\"og:type\" content=\"article\" \/>\n<meta property=\"og:title\" content=\"UL181 Aluminum Foil Tape\" \/>\n<meta property=\"og:description\" content=\"\u00c9labor\u00e9 et con\u00e7u afin de respecter UL181A-P et UL181B-FX (imprim\u00e9 pour une identification \/ inspection ais\u00e9e). Utilis\u00e9 pour le scellage g\u00e9n\u00e9ral, la r\u00e9paration et l&#039;\u00e9tanch\u00e9ification de conduit d&#039;air en fibres rigides et de syst\u00e8mes de fermeture de connecteur afin d&#039;am\u00e9liorer l&#039;aspect et de conserver l&#039;int\u00e9grit\u00e9 de la barri\u00e8re de vapeur. La colle auto-adh\u00e9sive puissante fournit une adh\u00e9rence \u00e0 long terme sur les surfaces propres\/s\u00e8ches. Ignifugeant, r\u00e9sistant au cisaillement, aux UV et \u00e0 la moisissure. Excellentes propri\u00e9t\u00e9s r\u00e9fl\u00e9chissantes (p. ex. chaleur, lumi\u00e8re). collage optimal si expos\u00e9 \u00e0 des temp\u00e9ratures inf\u00e9rieures \u00e0 z\u00e9ro ou \u00e9lev\u00e9es. Doublure kraft facile \u00e0 retirer. 2,0\u00a0mils avec doublure.\" \/>\n<meta property=\"og:url\" content=\"https:\/\/www.itape.com\/fr\/product\/ul181-aluminum-foil-tape-fr\/\" \/>\n<meta property=\"og:site_name\" content=\"IPG\" \/>\n<meta property=\"article:publisher\" content=\"https:\/\/www.facebook.com\/intertape\" \/>\n<meta property=\"article:modified_time\" content=\"2023-04-27T16:51:15+00:00\" \/>\n<meta property=\"og:image\" content=\"https:\/\/www.itape.com\/wp-content\/uploads\/2023\/01\/UL181AluminimTape-5010-B_High.jpg\" \/>\n\t<meta property=\"og:image:width\" content=\"2400\" \/>\n\t<meta property=\"og:image:height\" content=\"2400\" \/>\n\t<meta property=\"og:image:type\" content=\"image\/jpeg\" \/>\n<meta name=\"twitter:card\" content=\"summary_large_image\" \/>\n<meta name=\"twitter:site\" content=\"@IPGtape\" \/>\n<meta name=\"twitter:label1\" content=\"Price\" \/>\n\t<meta name=\"twitter:data1\" content=\"\" \/>\n\t<meta name=\"twitter:label2\" content=\"Availability\" \/>\n\t<meta name=\"twitter:data2\" content=\"In stock\" \/>\n<script type=\"application\/ld+json\" class=\"yoast-schema-graph\">{\"@context\":\"https:\/\/schema.org\",\"@graph\":[{\"@type\":\"WebPage\",\"@id\":\"https:\/\/www.itape.com\/fr\/product\/ul181-aluminum-foil-tape-fr\/\",\"url\":\"https:\/\/www.itape.com\/fr\/product\/ul181-aluminum-foil-tape-fr\/\",\"name\":\"UL181 Aluminum Foil Tape - IPG\",\"isPartOf\":{\"@id\":\"https:\/\/www.itape.com\/#website\"},\"primaryImageOfPage\":{\"@id\":\"https:\/\/www.itape.com\/fr\/product\/ul181-aluminum-foil-tape-fr\/#primaryimage\"},\"image\":{\"@id\":\"https:\/\/www.itape.com\/fr\/product\/ul181-aluminum-foil-tape-fr\/#primaryimage\"},\"thumbnailUrl\":\"https:\/\/www.itape.com\/wp-content\/uploads\/2023\/01\/UL181AluminimTape-5010-B_High.jpg\",\"datePublished\":\"2023-01-12T14:33:43+00:00\",\"dateModified\":\"2023-04-27T16:51:15+00:00\",\"breadcrumb\":{\"@id\":\"https:\/\/www.itape.com\/fr\/product\/ul181-aluminum-foil-tape-fr\/#breadcrumb\"},\"inLanguage\":\"fr-FR\",\"potentialAction\":[{\"@type\":\"ReadAction\",\"target\":[\"https:\/\/www.itape.com\/fr\/product\/ul181-aluminum-foil-tape-fr\/\"]}]},{\"@type\":\"ImageObject\",\"inLanguage\":\"fr-FR\",\"@id\":\"https:\/\/www.itape.com\/fr\/product\/ul181-aluminum-foil-tape-fr\/#primaryimage\",\"url\":\"https:\/\/www.itape.com\/wp-content\/uploads\/2023\/01\/UL181AluminimTape-5010-B_High.jpg\",\"contentUrl\":\"https:\/\/www.itape.com\/wp-content\/uploads\/2023\/01\/UL181AluminimTape-5010-B_High.jpg\",\"width\":2400,\"height\":2400,\"caption\":\"UL181 Aluminim Tape-5010-B_\"},{\"@type\":\"BreadcrumbList\",\"@id\":\"https:\/\/www.itape.com\/fr\/product\/ul181-aluminum-foil-tape-fr\/#breadcrumb\",\"itemListElement\":[{\"@type\":\"ListItem\",\"position\":1,\"name\":\"Home\",\"item\":\"https:\/\/www.itape.com\/fr\/\"},{\"@type\":\"ListItem\",\"position\":2,\"name\":\"Products\",\"item\":\"https:\/\/www.itape.com\/products\/\"},{\"@type\":\"ListItem\",\"position\":3,\"name\":\"UL181 Aluminum Foil Tape\"}]},{\"@type\":\"WebSite\",\"@id\":\"https:\/\/www.itape.com\/#website\",\"url\":\"https:\/\/www.itape.com\/\",\"name\":\"IPG\",\"description\":\"Global Leader in Packaging and Protective Solutions\",\"publisher\":{\"@id\":\"https:\/\/www.itape.com\/#organization\"},\"potentialAction\":[{\"@type\":\"SearchAction\",\"target\":{\"@type\":\"EntryPoint\",\"urlTemplate\":\"https:\/\/www.itape.com\/?s={search_term_string}\"},\"query-input\":{\"@type\":\"PropertyValueSpecification\",\"valueRequired\":true,\"valueName\":\"search_term_string\"}}],\"inLanguage\":\"fr-FR\"},{\"@type\":\"Organization\",\"@id\":\"https:\/\/www.itape.com\/#organization\",\"name\":\"IPG\",\"url\":\"https:\/\/www.itape.com\/\",\"logo\":{\"@type\":\"ImageObject\",\"inLanguage\":\"fr-FR\",\"@id\":\"https:\/\/www.itape.com\/#\/schema\/logo\/image\/\",\"url\":\"https:\/\/www.itape.com\/wp-content\/uploads\/2024\/06\/IPG-logo-2.png\",\"contentUrl\":\"https:\/\/www.itape.com\/wp-content\/uploads\/2024\/06\/IPG-logo-2.png\",\"width\":60,\"height\":60,\"caption\":\"IPG\"},\"image\":{\"@id\":\"https:\/\/www.itape.com\/#\/schema\/logo\/image\/\"},\"sameAs\":[\"https:\/\/www.facebook.com\/intertape\",\"https:\/\/x.com\/IPGtape\",\"https:\/\/www.linkedin.com\/company\/intertape-polymer-group\",\"https:\/\/www.instagram.com\/ipgtape\",\"https:\/\/www.youtube.com\/user\/IPGtape\"]}]}<\/script>\n<meta property=\"product:price:currency\" content=\"USD\" \/>\n<meta property=\"og:availability\" content=\"instock\" \/>\n<meta property=\"product:availability\" content=\"instock\" \/>\n<meta property=\"product:retailer_item_id\" content=\"221fc0c982b1\" \/>\n<meta property=\"product:condition\" content=\"new\" \/>\n<!-- \/ Yoast SEO Premium plugin. -->","yoast_head_json":{"title":"UL181 Aluminum Foil Tape - IPG","robots":{"index":"index","follow":"follow","max-snippet":"max-snippet:-1","max-image-preview":"max-image-preview:large","max-video-preview":"max-video-preview:-1"},"canonical":"https:\/\/www.itape.com\/fr\/product\/ul181-aluminum-foil-tape-fr\/","og_locale":"fr_FR","og_type":"article","og_title":"UL181 Aluminum Foil Tape","og_description":"\u00c9labor\u00e9 et con\u00e7u afin de respecter UL181A-P et UL181B-FX (imprim\u00e9 pour une identification \/ inspection ais\u00e9e). Utilis\u00e9 pour le scellage g\u00e9n\u00e9ral, la r\u00e9paration et l'\u00e9tanch\u00e9ification de conduit d'air en fibres rigides et de syst\u00e8mes de fermeture de connecteur afin d'am\u00e9liorer l'aspect et de conserver l'int\u00e9grit\u00e9 de la barri\u00e8re de vapeur. La colle auto-adh\u00e9sive puissante fournit une adh\u00e9rence \u00e0 long terme sur les surfaces propres\/s\u00e8ches. Ignifugeant, r\u00e9sistant au cisaillement, aux UV et \u00e0 la moisissure. Excellentes propri\u00e9t\u00e9s r\u00e9fl\u00e9chissantes (p. ex. chaleur, lumi\u00e8re). collage optimal si expos\u00e9 \u00e0 des temp\u00e9ratures inf\u00e9rieures \u00e0 z\u00e9ro ou \u00e9lev\u00e9es. Doublure kraft facile \u00e0 retirer. 2,0\u00a0mils avec doublure.","og_url":"https:\/\/www.itape.com\/fr\/product\/ul181-aluminum-foil-tape-fr\/","og_site_name":"IPG","article_publisher":"https:\/\/www.facebook.com\/intertape","article_modified_time":"2023-04-27T16:51:15+00:00","og_image":[{"width":2400,"height":2400,"url":"https:\/\/www.itape.com\/wp-content\/uploads\/2023\/01\/UL181AluminimTape-5010-B_High.jpg","type":"image\/jpeg"}],"twitter_card":"summary_large_image","twitter_site":"@IPGtape","twitter_misc":{"Price":"","Availability":"In stock"},"schema":{"@context":"https:\/\/schema.org","@graph":[{"@type":"WebPage","@id":"https:\/\/www.itape.com\/fr\/product\/ul181-aluminum-foil-tape-fr\/","url":"https:\/\/www.itape.com\/fr\/product\/ul181-aluminum-foil-tape-fr\/","name":"UL181 Aluminum Foil Tape - IPG","isPartOf":{"@id":"https:\/\/www.itape.com\/#website"},"primaryImageOfPage":{"@id":"https:\/\/www.itape.com\/fr\/product\/ul181-aluminum-foil-tape-fr\/#primaryimage"},"image":{"@id":"https:\/\/www.itape.com\/fr\/product\/ul181-aluminum-foil-tape-fr\/#primaryimage"},"thumbnailUrl":"https:\/\/www.itape.com\/wp-content\/uploads\/2023\/01\/UL181AluminimTape-5010-B_High.jpg","datePublished":"2023-01-12T14:33:43+00:00","dateModified":"2023-04-27T16:51:15+00:00","breadcrumb":{"@id":"https:\/\/www.itape.com\/fr\/product\/ul181-aluminum-foil-tape-fr\/#breadcrumb"},"inLanguage":"fr-FR","potentialAction":[{"@type":"ReadAction","target":["https:\/\/www.itape.com\/fr\/product\/ul181-aluminum-foil-tape-fr\/"]}]},{"@type":"ImageObject","inLanguage":"fr-FR","@id":"https:\/\/www.itape.com\/fr\/product\/ul181-aluminum-foil-tape-fr\/#primaryimage","url":"https:\/\/www.itape.com\/wp-content\/uploads\/2023\/01\/UL181AluminimTape-5010-B_High.jpg","contentUrl":"https:\/\/www.itape.com\/wp-content\/uploads\/2023\/01\/UL181AluminimTape-5010-B_High.jpg","width":2400,"height":2400,"caption":"UL181 Aluminim Tape-5010-B_"},{"@type":"BreadcrumbList","@id":"https:\/\/www.itape.com\/fr\/product\/ul181-aluminum-foil-tape-fr\/#breadcrumb","itemListElement":[{"@type":"ListItem","position":1,"name":"Home","item":"https:\/\/www.itape.com\/fr\/"},{"@type":"ListItem","position":2,"name":"Products","item":"https:\/\/www.itape.com\/products\/"},{"@type":"ListItem","position":3,"name":"UL181 Aluminum Foil Tape"}]},{"@type":"WebSite","@id":"https:\/\/www.itape.com\/#website","url":"https:\/\/www.itape.com\/","name":"IPG","description":"Global Leader in Packaging and Protective Solutions","publisher":{"@id":"https:\/\/www.itape.com\/#organization"},"potentialAction":[{"@type":"SearchAction","target":{"@type":"EntryPoint","urlTemplate":"https:\/\/www.itape.com\/?s={search_term_string}"},"query-input":{"@type":"PropertyValueSpecification","valueRequired":true,"valueName":"search_term_string"}}],"inLanguage":"fr-FR"},{"@type":"Organization","@id":"https:\/\/www.itape.com\/#organization","name":"IPG","url":"https:\/\/www.itape.com\/","logo":{"@type":"ImageObject","inLanguage":"fr-FR","@id":"https:\/\/www.itape.com\/#\/schema\/logo\/image\/","url":"https:\/\/www.itape.com\/wp-content\/uploads\/2024\/06\/IPG-logo-2.png","contentUrl":"https:\/\/www.itape.com\/wp-content\/uploads\/2024\/06\/IPG-logo-2.png","width":60,"height":60,"caption":"IPG"},"image":{"@id":"https:\/\/www.itape.com\/#\/schema\/logo\/image\/"},"sameAs":["https:\/\/www.facebook.com\/intertape","https:\/\/x.com\/IPGtape","https:\/\/www.linkedin.com\/company\/intertape-polymer-group","https:\/\/www.instagram.com\/ipgtape","https:\/\/www.youtube.com\/user\/IPGtape"]}]},"product_price_currency":"USD","og_availability":"instock","product_availability":"instock","product_retailer_item_id":"221fc0c982b1","product_condition":"new"},"parsely":{"version":"1.1.0","canonical_url":"https:\/\/itape.com\/fr\/product\/ul181-aluminum-foil-tape-fr\/","smart_links":{"inbound":0,"outbound":0},"traffic_boost_suggestions_count":0,"meta":{"@context":"https:\/\/schema.org","@type":"WebPage","headline":"UL181 Aluminum Foil Tape","url":"https:\/\/www.itape.com\/fr\/product\/ul181-aluminum-foil-tape-fr\/","mainEntityOfPage":{"@type":"WebPage","@id":"https:\/\/www.itape.com\/fr\/product\/ul181-aluminum-foil-tape-fr\/"},"thumbnailUrl":"https:\/\/www.itape.com\/wp-content\/uploads\/2023\/01\/UL181AluminimTape-5010-B_High.jpg?w=150&h=150&crop=1","image":{"@type":"ImageObject","url":"https:\/\/www.itape.com\/wp-content\/uploads\/2023\/01\/UL181AluminimTape-5010-B_High.jpg"},"articleSection":"Non classifi\u00e9(e)","author":[{"@type":"Person","name":"IPG"}],"creator":["IPG"],"publisher":{"@type":"Organization","name":"IPG","logo":"https:\/\/www.itape.com\/wp-content\/uploads\/2023\/03\/IPG-logo-2.png"},"keywords":[],"dateCreated":"2023-01-12T14:33:43Z","datePublished":"2023-01-12T14:33:43Z","dateModified":"2023-04-27T16:51:15Z"},"rendered":"<meta name=\"parsely-title\" content=\"UL181 Aluminum Foil Tape\" \/>\n<meta name=\"parsely-link\" content=\"https:\/\/www.itape.com\/fr\/product\/ul181-aluminum-foil-tape-fr\/\" \/>\n<meta name=\"parsely-type\" content=\"index\" \/>\n<meta name=\"parsely-image-url\" content=\"https:\/\/www.itape.com\/wp-content\/uploads\/2023\/01\/UL181AluminimTape-5010-B_High.jpg?w=150&amp;h=150&amp;crop=1\" \/>\n<meta name=\"parsely-pub-date\" content=\"2023-01-12T14:33:43Z\" \/>\n<meta name=\"parsely-section\" content=\"Non classifi\u00e9(e)\" \/>\n<meta name=\"parsely-author\" content=\"IPG\" \/>","tracker_url":"https:\/\/cdn.parsely.com\/keys\/itape.com\/p.js"},"jetpack_sharing_enabled":true,"_links":{"self":[{"href":"https:\/\/www.itape.com\/fr\/wp-json\/wp\/v2\/product\/47240","targetHints":{"allow":["GET"]}}],"collection":[{"href":"https:\/\/www.itape.com\/fr\/wp-json\/wp\/v2\/product"}],"about":[{"href":"https:\/\/www.itape.com\/fr\/wp-json\/wp\/v2\/types\/product"}],"replies":[{"embeddable":true,"href":"https:\/\/www.itape.com\/fr\/wp-json\/wp\/v2\/comments?post=47240"}],"wp:featuredmedia":[{"embeddable":true,"href":"https:\/\/www.itape.com\/fr\/wp-json\/wp\/v2\/media\/62156"}],"wp:attachment":[{"href":"https:\/\/www.itape.com\/fr\/wp-json\/wp\/v2\/media?parent=47240"}],"wp:term":[{"taxonomy":"product_brand","embeddable":true,"href":"https:\/\/www.itape.com\/fr\/wp-json\/wp\/v2\/product_brand?post=47240"},{"taxonomy":"product_cat","embeddable":true,"href":"https:\/\/www.itape.com\/fr\/wp-json\/wp\/v2\/product_cat?post=47240"},{"taxonomy":"product_tag","embeddable":true,"href":"https:\/\/www.itape.com\/fr\/wp-json\/wp\/v2\/product_tag?post=47240"},{"taxonomy":"associated_application","embeddable":true,"href":"https:\/\/www.itape.com\/fr\/wp-json\/wp\/v2\/associated_application?post=47240"}],"curies":[{"name":"wp","href":"https:\/\/api.w.org\/{rel}","templated":true}]}}