{"id":47244,"date":"2023-01-12T14:33:49","date_gmt":"2023-01-12T14:33:49","guid":{"rendered":"https:\/\/www.itape.com\/product\/aluminum-foil-tape-general-purpose-fr\/"},"modified":"2023-04-27T16:51:14","modified_gmt":"2023-04-27T16:51:14","slug":"aluminum-foil-tape-general-purpose-fr","status":"publish","type":"product","link":"https:\/\/www.itape.com\/fr\/product\/aluminum-foil-tape-general-purpose-fr\/","title":{"rendered":"Aluminum Foil Tape &#8211; General Purpose"},"content":{"rendered":"<div class=\"prose\">Ruban m\u00e9tallique en aluminium<\/p>\n<p>Ruban m\u00e9tallique en aluminium multi-usage 1,5\u00a0mil avec colle \u00e0 base de caoutchouc auto-adh\u00e9sive puissante.  Pour le scellement et l&rsquo;\u00e9tanch\u00e9ification de panneau de conduits en fibre de verre et l&rsquo;enroulage de conduits afin d&rsquo;am\u00e9liorer l&rsquo;aspect et de conserver l&rsquo;int\u00e9grit\u00e9 de la barri\u00e8re de vapeur.  Temp\u00e9rature d&rsquo;application minimale recommand\u00e9e 4\u00a0\u00b0C. Le renfort en aluminium brillant offre des propri\u00e9t\u00e9s r\u00e9fl\u00e9chissantes excellentes (p. ex. chaleur, lumi\u00e8re).  Doublure kraft facile \u00e0 retirer.<\/p><\/div>\n","protected":false},"excerpt":{"rendered":"<p>Ruban m\u00e9tallique en aluminium multi-usage 1,5\u00a0mil avec colle \u00e0 base de caoutchouc auto-adh\u00e9sive puissante.  Pour le scellement et l&rsquo;\u00e9tanch\u00e9ification de panneau de conduits en fibre de verre et l&rsquo;enroulage de conduits afin d&rsquo;am\u00e9liorer l&rsquo;aspect et de conserver l&rsquo;int\u00e9grit\u00e9 de la barri\u00e8re de vapeur.  Temp\u00e9rature d&rsquo;application minimale recommand\u00e9e 4\u00a0\u00b0C. Le renfort en aluminium brillant offre des propri\u00e9t\u00e9s r\u00e9fl\u00e9chissantes excellentes (p. ex. chaleur, lumi\u00e8re).  Doublure kraft facile \u00e0 retirer.<\/p>\n","protected":false},"featured_media":61754,"comment_status":"closed","ping_status":"closed","template":"","meta":{"_acf_changed":false},"product_brand":[],"product_cat":[8028],"product_tag":[6268],"associated_application":[6043,6040,6044],"class_list":{"0":"post-47244","1":"product","2":"type-product","3":"status-publish","4":"has-post-thumbnail","6":"product_cat-retail-specialty-construction-hvac-fr","7":"product_tag-building-construction-fr","8":"associated_application-batiment-et-construction-fr-de-consommation-fr","9":"associated_application-etancheite-du-conduit-du-cvc-fr","10":"associated_application-fournitures-scolaires-arts-fr","12":"first","13":"instock","14":"product-type-simple"},"acf":[],"yoast_head":"<!-- This site is optimized with the Yoast SEO Premium plugin v24.1 (Yoast SEO v27.0) - https:\/\/yoast.com\/product\/yoast-seo-premium-wordpress\/ -->\n<title>Aluminum Foil Tape - General Purpose - IPG<\/title>\n<meta name=\"robots\" content=\"index, follow, max-snippet:-1, max-image-preview:large, max-video-preview:-1\" \/>\n<link rel=\"canonical\" href=\"https:\/\/www.itape.com\/fr\/product\/aluminum-foil-tape-general-purpose-fr\/\" \/>\n<meta property=\"og:locale\" content=\"fr_FR\" \/>\n<meta property=\"og:type\" content=\"article\" \/>\n<meta property=\"og:title\" content=\"Aluminum Foil Tape - General Purpose\" \/>\n<meta property=\"og:description\" content=\"Ruban m\u00e9tallique en aluminium multi-usage 1,5\u00a0mil avec colle \u00e0 base de caoutchouc auto-adh\u00e9sive puissante. Pour le scellement et l&#039;\u00e9tanch\u00e9ification de panneau de conduits en fibre de verre et l&#039;enroulage de conduits afin d&#039;am\u00e9liorer l&#039;aspect et de conserver l&#039;int\u00e9grit\u00e9 de la barri\u00e8re de vapeur. Temp\u00e9rature d&#039;application minimale recommand\u00e9e 4\u00a0\u00b0C. Le renfort en aluminium brillant offre des propri\u00e9t\u00e9s r\u00e9fl\u00e9chissantes excellentes (p. ex. chaleur, lumi\u00e8re). Doublure kraft facile \u00e0 retirer.\" \/>\n<meta property=\"og:url\" content=\"https:\/\/www.itape.com\/fr\/product\/aluminum-foil-tape-general-purpose-fr\/\" \/>\n<meta property=\"og:site_name\" content=\"IPG\" \/>\n<meta property=\"article:publisher\" content=\"https:\/\/www.facebook.com\/intertape\" \/>\n<meta property=\"article:modified_time\" content=\"2023-04-27T16:51:14+00:00\" \/>\n<meta property=\"og:image\" content=\"https:\/\/www.itape.com\/wp-content\/uploads\/2023\/01\/9200_High.jpg\" \/>\n\t<meta property=\"og:image:width\" content=\"2400\" \/>\n\t<meta property=\"og:image:height\" content=\"2400\" \/>\n\t<meta property=\"og:image:type\" content=\"image\/jpeg\" \/>\n<meta name=\"twitter:card\" content=\"summary_large_image\" \/>\n<meta name=\"twitter:site\" content=\"@IPGtape\" \/>\n<meta name=\"twitter:label1\" content=\"Price\" \/>\n\t<meta name=\"twitter:data1\" content=\"\" \/>\n\t<meta name=\"twitter:label2\" content=\"Availability\" \/>\n\t<meta name=\"twitter:data2\" content=\"In stock\" \/>\n<script type=\"application\/ld+json\" class=\"yoast-schema-graph\">{\"@context\":\"https:\/\/schema.org\",\"@graph\":[{\"@type\":\"WebPage\",\"@id\":\"https:\/\/www.itape.com\/fr\/product\/aluminum-foil-tape-general-purpose-fr\/\",\"url\":\"https:\/\/www.itape.com\/fr\/product\/aluminum-foil-tape-general-purpose-fr\/\",\"name\":\"Aluminum Foil Tape - General Purpose - IPG\",\"isPartOf\":{\"@id\":\"https:\/\/www.itape.com\/#website\"},\"primaryImageOfPage\":{\"@id\":\"https:\/\/www.itape.com\/fr\/product\/aluminum-foil-tape-general-purpose-fr\/#primaryimage\"},\"image\":{\"@id\":\"https:\/\/www.itape.com\/fr\/product\/aluminum-foil-tape-general-purpose-fr\/#primaryimage\"},\"thumbnailUrl\":\"https:\/\/www.itape.com\/wp-content\/uploads\/2023\/01\/9200_High.jpg\",\"datePublished\":\"2023-01-12T14:33:49+00:00\",\"dateModified\":\"2023-04-27T16:51:14+00:00\",\"breadcrumb\":{\"@id\":\"https:\/\/www.itape.com\/fr\/product\/aluminum-foil-tape-general-purpose-fr\/#breadcrumb\"},\"inLanguage\":\"fr-FR\",\"potentialAction\":[{\"@type\":\"ReadAction\",\"target\":[\"https:\/\/www.itape.com\/fr\/product\/aluminum-foil-tape-general-purpose-fr\/\"]}]},{\"@type\":\"ImageObject\",\"inLanguage\":\"fr-FR\",\"@id\":\"https:\/\/www.itape.com\/fr\/product\/aluminum-foil-tape-general-purpose-fr\/#primaryimage\",\"url\":\"https:\/\/www.itape.com\/wp-content\/uploads\/2023\/01\/9200_High.jpg\",\"contentUrl\":\"https:\/\/www.itape.com\/wp-content\/uploads\/2023\/01\/9200_High.jpg\",\"width\":2400,\"height\":2400,\"caption\":\"9200 Aluminum Foil Tape\"},{\"@type\":\"BreadcrumbList\",\"@id\":\"https:\/\/www.itape.com\/fr\/product\/aluminum-foil-tape-general-purpose-fr\/#breadcrumb\",\"itemListElement\":[{\"@type\":\"ListItem\",\"position\":1,\"name\":\"Home\",\"item\":\"https:\/\/www.itape.com\/fr\/\"},{\"@type\":\"ListItem\",\"position\":2,\"name\":\"Products\",\"item\":\"https:\/\/www.itape.com\/products\/\"},{\"@type\":\"ListItem\",\"position\":3,\"name\":\"Aluminum Foil Tape &#8211; General Purpose\"}]},{\"@type\":\"WebSite\",\"@id\":\"https:\/\/www.itape.com\/#website\",\"url\":\"https:\/\/www.itape.com\/\",\"name\":\"IPG\",\"description\":\"Global Leader in Packaging and Protective Solutions\",\"publisher\":{\"@id\":\"https:\/\/www.itape.com\/#organization\"},\"potentialAction\":[{\"@type\":\"SearchAction\",\"target\":{\"@type\":\"EntryPoint\",\"urlTemplate\":\"https:\/\/www.itape.com\/?s={search_term_string}\"},\"query-input\":{\"@type\":\"PropertyValueSpecification\",\"valueRequired\":true,\"valueName\":\"search_term_string\"}}],\"inLanguage\":\"fr-FR\"},{\"@type\":\"Organization\",\"@id\":\"https:\/\/www.itape.com\/#organization\",\"name\":\"IPG\",\"url\":\"https:\/\/www.itape.com\/\",\"logo\":{\"@type\":\"ImageObject\",\"inLanguage\":\"fr-FR\",\"@id\":\"https:\/\/www.itape.com\/#\/schema\/logo\/image\/\",\"url\":\"https:\/\/www.itape.com\/wp-content\/uploads\/2024\/06\/IPG-logo-2.png\",\"contentUrl\":\"https:\/\/www.itape.com\/wp-content\/uploads\/2024\/06\/IPG-logo-2.png\",\"width\":60,\"height\":60,\"caption\":\"IPG\"},\"image\":{\"@id\":\"https:\/\/www.itape.com\/#\/schema\/logo\/image\/\"},\"sameAs\":[\"https:\/\/www.facebook.com\/intertape\",\"https:\/\/x.com\/IPGtape\",\"https:\/\/www.linkedin.com\/company\/intertape-polymer-group\",\"https:\/\/www.instagram.com\/ipgtape\",\"https:\/\/www.youtube.com\/user\/IPGtape\"]}]}<\/script>\n<meta property=\"product:price:currency\" content=\"USD\" \/>\n<meta property=\"og:availability\" content=\"instock\" \/>\n<meta property=\"product:availability\" content=\"instock\" \/>\n<meta property=\"product:retailer_item_id\" content=\"86abc4c7e224\" \/>\n<meta property=\"product:condition\" content=\"new\" \/>\n<!-- \/ Yoast SEO Premium plugin. -->","yoast_head_json":{"title":"Aluminum Foil Tape - General Purpose - IPG","robots":{"index":"index","follow":"follow","max-snippet":"max-snippet:-1","max-image-preview":"max-image-preview:large","max-video-preview":"max-video-preview:-1"},"canonical":"https:\/\/www.itape.com\/fr\/product\/aluminum-foil-tape-general-purpose-fr\/","og_locale":"fr_FR","og_type":"article","og_title":"Aluminum Foil Tape - General Purpose","og_description":"Ruban m\u00e9tallique en aluminium multi-usage 1,5\u00a0mil avec colle \u00e0 base de caoutchouc auto-adh\u00e9sive puissante. Pour le scellement et l'\u00e9tanch\u00e9ification de panneau de conduits en fibre de verre et l'enroulage de conduits afin d'am\u00e9liorer l'aspect et de conserver l'int\u00e9grit\u00e9 de la barri\u00e8re de vapeur. Temp\u00e9rature d'application minimale recommand\u00e9e 4\u00a0\u00b0C. Le renfort en aluminium brillant offre des propri\u00e9t\u00e9s r\u00e9fl\u00e9chissantes excellentes (p. ex. chaleur, lumi\u00e8re). Doublure kraft facile \u00e0 retirer.","og_url":"https:\/\/www.itape.com\/fr\/product\/aluminum-foil-tape-general-purpose-fr\/","og_site_name":"IPG","article_publisher":"https:\/\/www.facebook.com\/intertape","article_modified_time":"2023-04-27T16:51:14+00:00","og_image":[{"width":2400,"height":2400,"url":"https:\/\/www.itape.com\/wp-content\/uploads\/2023\/01\/9200_High.jpg","type":"image\/jpeg"}],"twitter_card":"summary_large_image","twitter_site":"@IPGtape","twitter_misc":{"Price":"","Availability":"In stock"},"schema":{"@context":"https:\/\/schema.org","@graph":[{"@type":"WebPage","@id":"https:\/\/www.itape.com\/fr\/product\/aluminum-foil-tape-general-purpose-fr\/","url":"https:\/\/www.itape.com\/fr\/product\/aluminum-foil-tape-general-purpose-fr\/","name":"Aluminum Foil Tape - General Purpose - IPG","isPartOf":{"@id":"https:\/\/www.itape.com\/#website"},"primaryImageOfPage":{"@id":"https:\/\/www.itape.com\/fr\/product\/aluminum-foil-tape-general-purpose-fr\/#primaryimage"},"image":{"@id":"https:\/\/www.itape.com\/fr\/product\/aluminum-foil-tape-general-purpose-fr\/#primaryimage"},"thumbnailUrl":"https:\/\/www.itape.com\/wp-content\/uploads\/2023\/01\/9200_High.jpg","datePublished":"2023-01-12T14:33:49+00:00","dateModified":"2023-04-27T16:51:14+00:00","breadcrumb":{"@id":"https:\/\/www.itape.com\/fr\/product\/aluminum-foil-tape-general-purpose-fr\/#breadcrumb"},"inLanguage":"fr-FR","potentialAction":[{"@type":"ReadAction","target":["https:\/\/www.itape.com\/fr\/product\/aluminum-foil-tape-general-purpose-fr\/"]}]},{"@type":"ImageObject","inLanguage":"fr-FR","@id":"https:\/\/www.itape.com\/fr\/product\/aluminum-foil-tape-general-purpose-fr\/#primaryimage","url":"https:\/\/www.itape.com\/wp-content\/uploads\/2023\/01\/9200_High.jpg","contentUrl":"https:\/\/www.itape.com\/wp-content\/uploads\/2023\/01\/9200_High.jpg","width":2400,"height":2400,"caption":"9200 Aluminum Foil Tape"},{"@type":"BreadcrumbList","@id":"https:\/\/www.itape.com\/fr\/product\/aluminum-foil-tape-general-purpose-fr\/#breadcrumb","itemListElement":[{"@type":"ListItem","position":1,"name":"Home","item":"https:\/\/www.itape.com\/fr\/"},{"@type":"ListItem","position":2,"name":"Products","item":"https:\/\/www.itape.com\/products\/"},{"@type":"ListItem","position":3,"name":"Aluminum Foil Tape &#8211; General Purpose"}]},{"@type":"WebSite","@id":"https:\/\/www.itape.com\/#website","url":"https:\/\/www.itape.com\/","name":"IPG","description":"Global Leader in Packaging and Protective Solutions","publisher":{"@id":"https:\/\/www.itape.com\/#organization"},"potentialAction":[{"@type":"SearchAction","target":{"@type":"EntryPoint","urlTemplate":"https:\/\/www.itape.com\/?s={search_term_string}"},"query-input":{"@type":"PropertyValueSpecification","valueRequired":true,"valueName":"search_term_string"}}],"inLanguage":"fr-FR"},{"@type":"Organization","@id":"https:\/\/www.itape.com\/#organization","name":"IPG","url":"https:\/\/www.itape.com\/","logo":{"@type":"ImageObject","inLanguage":"fr-FR","@id":"https:\/\/www.itape.com\/#\/schema\/logo\/image\/","url":"https:\/\/www.itape.com\/wp-content\/uploads\/2024\/06\/IPG-logo-2.png","contentUrl":"https:\/\/www.itape.com\/wp-content\/uploads\/2024\/06\/IPG-logo-2.png","width":60,"height":60,"caption":"IPG"},"image":{"@id":"https:\/\/www.itape.com\/#\/schema\/logo\/image\/"},"sameAs":["https:\/\/www.facebook.com\/intertape","https:\/\/x.com\/IPGtape","https:\/\/www.linkedin.com\/company\/intertape-polymer-group","https:\/\/www.instagram.com\/ipgtape","https:\/\/www.youtube.com\/user\/IPGtape"]}]},"product_price_currency":"USD","og_availability":"instock","product_availability":"instock","product_retailer_item_id":"86abc4c7e224","product_condition":"new"},"parsely":{"version":"1.1.0","canonical_url":"https:\/\/itape.com\/fr\/product\/aluminum-foil-tape-general-purpose-fr\/","smart_links":{"inbound":0,"outbound":0},"traffic_boost_suggestions_count":0,"meta":{"@context":"https:\/\/schema.org","@type":"WebPage","headline":"Aluminum Foil Tape &#8211; General Purpose","url":"https:\/\/www.itape.com\/fr\/product\/aluminum-foil-tape-general-purpose-fr\/","mainEntityOfPage":{"@type":"WebPage","@id":"https:\/\/www.itape.com\/fr\/product\/aluminum-foil-tape-general-purpose-fr\/"},"thumbnailUrl":"https:\/\/www.itape.com\/wp-content\/uploads\/2023\/01\/9200_High.jpg?w=150&h=150&crop=1","image":{"@type":"ImageObject","url":"https:\/\/www.itape.com\/wp-content\/uploads\/2023\/01\/9200_High.jpg"},"articleSection":"Non classifi\u00e9(e)","author":[{"@type":"Person","name":"IPG"}],"creator":["IPG"],"publisher":{"@type":"Organization","name":"IPG","logo":"https:\/\/www.itape.com\/wp-content\/uploads\/2023\/03\/IPG-logo-2.png"},"keywords":[],"dateCreated":"2023-01-12T14:33:49Z","datePublished":"2023-01-12T14:33:49Z","dateModified":"2023-04-27T16:51:14Z"},"rendered":"<meta name=\"parsely-title\" content=\"Aluminum Foil Tape &#8211; General Purpose\" \/>\n<meta name=\"parsely-link\" content=\"https:\/\/www.itape.com\/fr\/product\/aluminum-foil-tape-general-purpose-fr\/\" \/>\n<meta name=\"parsely-type\" content=\"index\" \/>\n<meta name=\"parsely-image-url\" content=\"https:\/\/www.itape.com\/wp-content\/uploads\/2023\/01\/9200_High.jpg?w=150&amp;h=150&amp;crop=1\" \/>\n<meta name=\"parsely-pub-date\" content=\"2023-01-12T14:33:49Z\" \/>\n<meta name=\"parsely-section\" content=\"Non classifi\u00e9(e)\" \/>\n<meta name=\"parsely-author\" content=\"IPG\" \/>","tracker_url":"https:\/\/cdn.parsely.com\/keys\/itape.com\/p.js"},"jetpack_sharing_enabled":true,"_links":{"self":[{"href":"https:\/\/www.itape.com\/fr\/wp-json\/wp\/v2\/product\/47244","targetHints":{"allow":["GET"]}}],"collection":[{"href":"https:\/\/www.itape.com\/fr\/wp-json\/wp\/v2\/product"}],"about":[{"href":"https:\/\/www.itape.com\/fr\/wp-json\/wp\/v2\/types\/product"}],"replies":[{"embeddable":true,"href":"https:\/\/www.itape.com\/fr\/wp-json\/wp\/v2\/comments?post=47244"}],"wp:featuredmedia":[{"embeddable":true,"href":"https:\/\/www.itape.com\/fr\/wp-json\/wp\/v2\/media\/61754"}],"wp:attachment":[{"href":"https:\/\/www.itape.com\/fr\/wp-json\/wp\/v2\/media?parent=47244"}],"wp:term":[{"taxonomy":"product_brand","embeddable":true,"href":"https:\/\/www.itape.com\/fr\/wp-json\/wp\/v2\/product_brand?post=47244"},{"taxonomy":"product_cat","embeddable":true,"href":"https:\/\/www.itape.com\/fr\/wp-json\/wp\/v2\/product_cat?post=47244"},{"taxonomy":"product_tag","embeddable":true,"href":"https:\/\/www.itape.com\/fr\/wp-json\/wp\/v2\/product_tag?post=47244"},{"taxonomy":"associated_application","embeddable":true,"href":"https:\/\/www.itape.com\/fr\/wp-json\/wp\/v2\/associated_application?post=47244"}],"curies":[{"name":"wp","href":"https:\/\/api.w.org\/{rel}","templated":true}]}}