{"id":47246,"date":"2023-01-12T14:33:49","date_gmt":"2023-01-12T14:33:49","guid":{"rendered":"https:\/\/www.itape.com\/product\/ac49-metalized-ductape-fr\/"},"modified":"2023-04-27T16:54:33","modified_gmt":"2023-04-27T16:54:33","slug":"ac49-metalized-ductape-fr","status":"publish","type":"product","link":"https:\/\/www.itape.com\/fr\/product\/ac49-metalized-ductape-fr\/","title":{"rendered":"AC49 Metalized DUCTape"},"content":{"rendered":"<div class=\"prose\">AC49 Metalized DUCTape<\/p>\n<p>Film en poly\u00e9thyl\u00e8ne (PE) m\u00e9tallis\u00e9 11\u00a0mils appliqu\u00e9 sur un tissu tr\u00e8s r\u00e9sistant \u00e0 la traction pourvu d&rsquo;une colle en caoutchouc naturel auto-adh\u00e9sive d&rsquo;une adh\u00e9rence extr\u00eame.  Con\u00e7u pour les applications dans lesquelles un haut niveau de qualit\u00e9 du ruban de tissu est n\u00e9cessaire et o\u00f9 l&rsquo;aspect du renfort m\u00e9tallis\u00e9 est privil\u00e9gi\u00e9. Respecte les codes HUD, BOCA et L.A. Codes de comt\u00e9.  Test\u00e9 en conformit\u00e9 avec l&rsquo;UL-723.<\/p><\/div>\n","protected":false},"excerpt":{"rendered":"<p>Film en poly\u00e9thyl\u00e8ne (PE) m\u00e9tallis\u00e9 11\u00a0mils appliqu\u00e9 sur un tissu tr\u00e8s r\u00e9sistant \u00e0 la traction pourvu d&rsquo;une colle en caoutchouc naturel auto-adh\u00e9sive d&rsquo;une adh\u00e9rence extr\u00eame.  Con\u00e7u pour les applications dans lesquelles un haut niveau de qualit\u00e9 du ruban de tissu est n\u00e9cessaire et o\u00f9 l&rsquo;aspect du renfort m\u00e9tallis\u00e9 est privil\u00e9gi\u00e9. Respecte les codes HUD, BOCA et L.A. Codes de comt\u00e9.  Test\u00e9 en conformit\u00e9 avec l&rsquo;UL-723.<\/p>\n","protected":false},"featured_media":61689,"comment_status":"closed","ping_status":"closed","template":"","meta":{"_acf_changed":false},"product_brand":[],"product_cat":[8028],"product_tag":[6268],"associated_application":[6043,5996],"class_list":{"0":"post-47246","1":"product","2":"type-product","3":"status-publish","4":"has-post-thumbnail","6":"product_cat-retail-specialty-construction-hvac-fr","7":"product_tag-building-construction-fr","8":"associated_application-batiment-et-construction-fr-de-consommation-fr","9":"associated_application-de-consommation-fr","11":"first","12":"instock","13":"product-type-simple"},"acf":[],"yoast_head":"<!-- This site is optimized with the Yoast SEO Premium plugin v24.1 (Yoast SEO v27.3) - https:\/\/yoast.com\/product\/yoast-seo-premium-wordpress\/ -->\n<title>AC49 Metalized DUCTape - IPG<\/title>\n<meta name=\"robots\" content=\"index, follow, max-snippet:-1, max-image-preview:large, max-video-preview:-1\" \/>\n<link rel=\"canonical\" href=\"https:\/\/www.itape.com\/fr\/product\/ac49-metalized-ductape-fr\/\" \/>\n<meta property=\"og:locale\" content=\"fr_FR\" \/>\n<meta property=\"og:type\" content=\"article\" \/>\n<meta property=\"og:title\" content=\"AC49 Metalized DUCTape\" \/>\n<meta property=\"og:description\" content=\"Film en poly\u00e9thyl\u00e8ne (PE) m\u00e9tallis\u00e9 11\u00a0mils appliqu\u00e9 sur un tissu tr\u00e8s r\u00e9sistant \u00e0 la traction pourvu d&#039;une colle en caoutchouc naturel auto-adh\u00e9sive d&#039;une adh\u00e9rence extr\u00eame. Con\u00e7u pour les applications dans lesquelles un haut niveau de qualit\u00e9 du ruban de tissu est n\u00e9cessaire et o\u00f9 l&#039;aspect du renfort m\u00e9tallis\u00e9 est privil\u00e9gi\u00e9. Respecte les codes HUD, BOCA et L.A. Codes de comt\u00e9. Test\u00e9 en conformit\u00e9 avec l&#039;UL-723.\" \/>\n<meta property=\"og:url\" content=\"https:\/\/www.itape.com\/fr\/product\/ac49-metalized-ductape-fr\/\" \/>\n<meta property=\"og:site_name\" content=\"IPG\" \/>\n<meta property=\"article:publisher\" content=\"https:\/\/www.facebook.com\/intertape\" \/>\n<meta property=\"article:modified_time\" content=\"2023-04-27T16:54:33+00:00\" \/>\n<meta property=\"og:image\" content=\"https:\/\/www.itape.com\/wp-content\/uploads\/2023\/01\/AC4948-Metalized-DuctTape_high.jpg\" \/>\n\t<meta property=\"og:image:width\" content=\"2400\" \/>\n\t<meta property=\"og:image:height\" content=\"2400\" \/>\n\t<meta property=\"og:image:type\" content=\"image\/jpeg\" \/>\n<meta name=\"twitter:card\" content=\"summary_large_image\" \/>\n<meta name=\"twitter:site\" content=\"@IPGtape\" \/>\n<meta name=\"twitter:label1\" content=\"Price\" \/>\n\t<meta name=\"twitter:data1\" content=\"\" \/>\n\t<meta name=\"twitter:label2\" content=\"Availability\" \/>\n\t<meta name=\"twitter:data2\" content=\"In stock\" \/>\n<script type=\"application\/ld+json\" class=\"yoast-schema-graph\">{\"@context\":\"https:\\\/\\\/schema.org\",\"@graph\":[{\"@type\":\"WebPage\",\"@id\":\"https:\\\/\\\/www.itape.com\\\/fr\\\/product\\\/ac49-metalized-ductape-fr\\\/\",\"url\":\"https:\\\/\\\/www.itape.com\\\/fr\\\/product\\\/ac49-metalized-ductape-fr\\\/\",\"name\":\"AC49 Metalized DUCTape - IPG\",\"isPartOf\":{\"@id\":\"https:\\\/\\\/www.itape.com\\\/#website\"},\"primaryImageOfPage\":{\"@id\":\"https:\\\/\\\/www.itape.com\\\/fr\\\/product\\\/ac49-metalized-ductape-fr\\\/#primaryimage\"},\"image\":{\"@id\":\"https:\\\/\\\/www.itape.com\\\/fr\\\/product\\\/ac49-metalized-ductape-fr\\\/#primaryimage\"},\"thumbnailUrl\":\"https:\\\/\\\/www.itape.com\\\/wp-content\\\/uploads\\\/2023\\\/01\\\/AC4948-Metalized-DuctTape_high.jpg\",\"datePublished\":\"2023-01-12T14:33:49+00:00\",\"dateModified\":\"2023-04-27T16:54:33+00:00\",\"breadcrumb\":{\"@id\":\"https:\\\/\\\/www.itape.com\\\/fr\\\/product\\\/ac49-metalized-ductape-fr\\\/#breadcrumb\"},\"inLanguage\":\"fr-FR\",\"potentialAction\":[{\"@type\":\"ReadAction\",\"target\":[\"https:\\\/\\\/www.itape.com\\\/fr\\\/product\\\/ac49-metalized-ductape-fr\\\/\"]}]},{\"@type\":\"ImageObject\",\"inLanguage\":\"fr-FR\",\"@id\":\"https:\\\/\\\/www.itape.com\\\/fr\\\/product\\\/ac49-metalized-ductape-fr\\\/#primaryimage\",\"url\":\"https:\\\/\\\/www.itape.com\\\/wp-content\\\/uploads\\\/2023\\\/01\\\/AC4948-Metalized-DuctTape_high.jpg\",\"contentUrl\":\"https:\\\/\\\/www.itape.com\\\/wp-content\\\/uploads\\\/2023\\\/01\\\/AC4948-Metalized-DuctTape_high.jpg\",\"width\":2400,\"height\":2400,\"caption\":\"AC4948-Metalized-DuctTape Consumer\"},{\"@type\":\"BreadcrumbList\",\"@id\":\"https:\\\/\\\/www.itape.com\\\/fr\\\/product\\\/ac49-metalized-ductape-fr\\\/#breadcrumb\",\"itemListElement\":[{\"@type\":\"ListItem\",\"position\":1,\"name\":\"Home\",\"item\":\"https:\\\/\\\/www.itape.com\\\/fr\\\/\"},{\"@type\":\"ListItem\",\"position\":2,\"name\":\"Products\",\"item\":\"https:\\\/\\\/www.itape.com\\\/products\\\/\"},{\"@type\":\"ListItem\",\"position\":3,\"name\":\"AC49 Metalized DUCTape\"}]},{\"@type\":\"WebSite\",\"@id\":\"https:\\\/\\\/www.itape.com\\\/#website\",\"url\":\"https:\\\/\\\/www.itape.com\\\/\",\"name\":\"IPG\",\"description\":\"Global Leader in Packaging and Protective Solutions\",\"publisher\":{\"@id\":\"https:\\\/\\\/www.itape.com\\\/#organization\"},\"potentialAction\":[{\"@type\":\"SearchAction\",\"target\":{\"@type\":\"EntryPoint\",\"urlTemplate\":\"https:\\\/\\\/www.itape.com\\\/?s={search_term_string}\"},\"query-input\":{\"@type\":\"PropertyValueSpecification\",\"valueRequired\":true,\"valueName\":\"search_term_string\"}}],\"inLanguage\":\"fr-FR\"},{\"@type\":\"Organization\",\"@id\":\"https:\\\/\\\/www.itape.com\\\/#organization\",\"name\":\"IPG\",\"url\":\"https:\\\/\\\/www.itape.com\\\/\",\"logo\":{\"@type\":\"ImageObject\",\"inLanguage\":\"fr-FR\",\"@id\":\"https:\\\/\\\/www.itape.com\\\/#\\\/schema\\\/logo\\\/image\\\/\",\"url\":\"https:\\\/\\\/www.itape.com\\\/wp-content\\\/uploads\\\/2024\\\/06\\\/IPG-logo-2.png\",\"contentUrl\":\"https:\\\/\\\/www.itape.com\\\/wp-content\\\/uploads\\\/2024\\\/06\\\/IPG-logo-2.png\",\"width\":60,\"height\":60,\"caption\":\"IPG\"},\"image\":{\"@id\":\"https:\\\/\\\/www.itape.com\\\/#\\\/schema\\\/logo\\\/image\\\/\"},\"sameAs\":[\"https:\\\/\\\/www.facebook.com\\\/intertape\",\"https:\\\/\\\/x.com\\\/IPGtape\",\"https:\\\/\\\/www.linkedin.com\\\/company\\\/intertape-polymer-group\",\"https:\\\/\\\/www.instagram.com\\\/ipgtape\",\"https:\\\/\\\/www.youtube.com\\\/user\\\/IPGtape\"]}]}<\/script>\n<meta property=\"product:price:currency\" content=\"USD\" \/>\n<meta property=\"og:availability\" content=\"instock\" \/>\n<meta property=\"product:availability\" content=\"instock\" \/>\n<meta property=\"product:retailer_item_id\" content=\"d61dc6f85322\" \/>\n<meta property=\"product:condition\" content=\"new\" \/>\n<!-- \/ Yoast SEO Premium plugin. -->","yoast_head_json":{"title":"AC49 Metalized DUCTape - IPG","robots":{"index":"index","follow":"follow","max-snippet":"max-snippet:-1","max-image-preview":"max-image-preview:large","max-video-preview":"max-video-preview:-1"},"canonical":"https:\/\/www.itape.com\/fr\/product\/ac49-metalized-ductape-fr\/","og_locale":"fr_FR","og_type":"article","og_title":"AC49 Metalized DUCTape","og_description":"Film en poly\u00e9thyl\u00e8ne (PE) m\u00e9tallis\u00e9 11\u00a0mils appliqu\u00e9 sur un tissu tr\u00e8s r\u00e9sistant \u00e0 la traction pourvu d'une colle en caoutchouc naturel auto-adh\u00e9sive d'une adh\u00e9rence extr\u00eame. Con\u00e7u pour les applications dans lesquelles un haut niveau de qualit\u00e9 du ruban de tissu est n\u00e9cessaire et o\u00f9 l'aspect du renfort m\u00e9tallis\u00e9 est privil\u00e9gi\u00e9. Respecte les codes HUD, BOCA et L.A. Codes de comt\u00e9. Test\u00e9 en conformit\u00e9 avec l'UL-723.","og_url":"https:\/\/www.itape.com\/fr\/product\/ac49-metalized-ductape-fr\/","og_site_name":"IPG","article_publisher":"https:\/\/www.facebook.com\/intertape","article_modified_time":"2023-04-27T16:54:33+00:00","og_image":[{"width":2400,"height":2400,"url":"https:\/\/www.itape.com\/wp-content\/uploads\/2023\/01\/AC4948-Metalized-DuctTape_high.jpg","type":"image\/jpeg"}],"twitter_card":"summary_large_image","twitter_site":"@IPGtape","twitter_misc":{"Price":"","Availability":"In stock"},"schema":{"@context":"https:\/\/schema.org","@graph":[{"@type":"WebPage","@id":"https:\/\/www.itape.com\/fr\/product\/ac49-metalized-ductape-fr\/","url":"https:\/\/www.itape.com\/fr\/product\/ac49-metalized-ductape-fr\/","name":"AC49 Metalized DUCTape - IPG","isPartOf":{"@id":"https:\/\/www.itape.com\/#website"},"primaryImageOfPage":{"@id":"https:\/\/www.itape.com\/fr\/product\/ac49-metalized-ductape-fr\/#primaryimage"},"image":{"@id":"https:\/\/www.itape.com\/fr\/product\/ac49-metalized-ductape-fr\/#primaryimage"},"thumbnailUrl":"https:\/\/www.itape.com\/wp-content\/uploads\/2023\/01\/AC4948-Metalized-DuctTape_high.jpg","datePublished":"2023-01-12T14:33:49+00:00","dateModified":"2023-04-27T16:54:33+00:00","breadcrumb":{"@id":"https:\/\/www.itape.com\/fr\/product\/ac49-metalized-ductape-fr\/#breadcrumb"},"inLanguage":"fr-FR","potentialAction":[{"@type":"ReadAction","target":["https:\/\/www.itape.com\/fr\/product\/ac49-metalized-ductape-fr\/"]}]},{"@type":"ImageObject","inLanguage":"fr-FR","@id":"https:\/\/www.itape.com\/fr\/product\/ac49-metalized-ductape-fr\/#primaryimage","url":"https:\/\/www.itape.com\/wp-content\/uploads\/2023\/01\/AC4948-Metalized-DuctTape_high.jpg","contentUrl":"https:\/\/www.itape.com\/wp-content\/uploads\/2023\/01\/AC4948-Metalized-DuctTape_high.jpg","width":2400,"height":2400,"caption":"AC4948-Metalized-DuctTape Consumer"},{"@type":"BreadcrumbList","@id":"https:\/\/www.itape.com\/fr\/product\/ac49-metalized-ductape-fr\/#breadcrumb","itemListElement":[{"@type":"ListItem","position":1,"name":"Home","item":"https:\/\/www.itape.com\/fr\/"},{"@type":"ListItem","position":2,"name":"Products","item":"https:\/\/www.itape.com\/products\/"},{"@type":"ListItem","position":3,"name":"AC49 Metalized DUCTape"}]},{"@type":"WebSite","@id":"https:\/\/www.itape.com\/#website","url":"https:\/\/www.itape.com\/","name":"IPG","description":"Global Leader in Packaging and Protective Solutions","publisher":{"@id":"https:\/\/www.itape.com\/#organization"},"potentialAction":[{"@type":"SearchAction","target":{"@type":"EntryPoint","urlTemplate":"https:\/\/www.itape.com\/?s={search_term_string}"},"query-input":{"@type":"PropertyValueSpecification","valueRequired":true,"valueName":"search_term_string"}}],"inLanguage":"fr-FR"},{"@type":"Organization","@id":"https:\/\/www.itape.com\/#organization","name":"IPG","url":"https:\/\/www.itape.com\/","logo":{"@type":"ImageObject","inLanguage":"fr-FR","@id":"https:\/\/www.itape.com\/#\/schema\/logo\/image\/","url":"https:\/\/www.itape.com\/wp-content\/uploads\/2024\/06\/IPG-logo-2.png","contentUrl":"https:\/\/www.itape.com\/wp-content\/uploads\/2024\/06\/IPG-logo-2.png","width":60,"height":60,"caption":"IPG"},"image":{"@id":"https:\/\/www.itape.com\/#\/schema\/logo\/image\/"},"sameAs":["https:\/\/www.facebook.com\/intertape","https:\/\/x.com\/IPGtape","https:\/\/www.linkedin.com\/company\/intertape-polymer-group","https:\/\/www.instagram.com\/ipgtape","https:\/\/www.youtube.com\/user\/IPGtape"]}]},"product_price_currency":"USD","og_availability":"instock","product_availability":"instock","product_retailer_item_id":"d61dc6f85322","product_condition":"new"},"parsely":{"version":"1.1.0","canonical_url":"https:\/\/itape.com\/fr\/product\/ac49-metalized-ductape-fr\/","smart_links":{"inbound":0,"outbound":0},"traffic_boost_suggestions_count":0,"meta":{"@context":"https:\/\/schema.org","@type":"WebPage","headline":"AC49 Metalized DUCTape","url":"https:\/\/www.itape.com\/fr\/product\/ac49-metalized-ductape-fr\/","mainEntityOfPage":{"@type":"WebPage","@id":"https:\/\/www.itape.com\/fr\/product\/ac49-metalized-ductape-fr\/"},"thumbnailUrl":"https:\/\/www.itape.com\/wp-content\/uploads\/2023\/01\/AC4948-Metalized-DuctTape_high.jpg?w=150&h=150&crop=1","image":{"@type":"ImageObject","url":"https:\/\/www.itape.com\/wp-content\/uploads\/2023\/01\/AC4948-Metalized-DuctTape_high.jpg"},"articleSection":"Non classifi\u00e9(e)","author":[{"@type":"Person","name":"IPG"}],"creator":["IPG"],"publisher":{"@type":"Organization","name":"IPG","logo":"https:\/\/www.itape.com\/wp-content\/uploads\/2023\/03\/IPG-logo-2.png"},"keywords":[],"dateCreated":"2023-01-12T14:33:49Z","datePublished":"2023-01-12T14:33:49Z","dateModified":"2023-04-27T16:54:33Z"},"rendered":"<meta name=\"parsely-title\" content=\"AC49 Metalized DUCTape\" \/>\n<meta name=\"parsely-link\" content=\"https:\/\/www.itape.com\/fr\/product\/ac49-metalized-ductape-fr\/\" \/>\n<meta name=\"parsely-type\" content=\"index\" \/>\n<meta name=\"parsely-image-url\" content=\"https:\/\/www.itape.com\/wp-content\/uploads\/2023\/01\/AC4948-Metalized-DuctTape_high.jpg?w=150&amp;h=150&amp;crop=1\" \/>\n<meta name=\"parsely-pub-date\" content=\"2023-01-12T14:33:49Z\" \/>\n<meta name=\"parsely-section\" content=\"Non classifi\u00e9(e)\" \/>\n<meta name=\"parsely-author\" content=\"IPG\" \/>","tracker_url":"https:\/\/cdn.parsely.com\/keys\/itape.com\/p.js"},"jetpack_sharing_enabled":true,"_links":{"self":[{"href":"https:\/\/www.itape.com\/fr\/wp-json\/wp\/v2\/product\/47246","targetHints":{"allow":["GET"]}}],"collection":[{"href":"https:\/\/www.itape.com\/fr\/wp-json\/wp\/v2\/product"}],"about":[{"href":"https:\/\/www.itape.com\/fr\/wp-json\/wp\/v2\/types\/product"}],"replies":[{"embeddable":true,"href":"https:\/\/www.itape.com\/fr\/wp-json\/wp\/v2\/comments?post=47246"}],"wp:featuredmedia":[{"embeddable":true,"href":"https:\/\/www.itape.com\/fr\/wp-json\/wp\/v2\/media\/61689"}],"wp:attachment":[{"href":"https:\/\/www.itape.com\/fr\/wp-json\/wp\/v2\/media?parent=47246"}],"wp:term":[{"taxonomy":"product_brand","embeddable":true,"href":"https:\/\/www.itape.com\/fr\/wp-json\/wp\/v2\/product_brand?post=47246"},{"taxonomy":"product_cat","embeddable":true,"href":"https:\/\/www.itape.com\/fr\/wp-json\/wp\/v2\/product_cat?post=47246"},{"taxonomy":"product_tag","embeddable":true,"href":"https:\/\/www.itape.com\/fr\/wp-json\/wp\/v2\/product_tag?post=47246"},{"taxonomy":"associated_application","embeddable":true,"href":"https:\/\/www.itape.com\/fr\/wp-json\/wp\/v2\/associated_application?post=47246"}],"curies":[{"name":"wp","href":"https:\/\/api.w.org\/{rel}","templated":true}]}}